{"id":8120,"date":"2023-06-20T15:02:53","date_gmt":"2023-06-20T13:02:55","guid":{"rendered":"https:\/\/staging.passione500.it\/?post_type=product&#038;p=8120"},"modified":"2023-06-20T15:12:40","modified_gmt":"2023-06-20T13:12:40","slug":"sellerie-complete-en-similicuir-color-marron-fiat-et-autobianchi-500-giardiniera-jusquau-juin-1968","status":"publish","type":"product","link":"https:\/\/staging.passione500.it\/fr\/fiat-500-fr\/fiat-autobianchi-500-giardiniera-fr\/sellerie-siege-et-particulier-giardiniera-fr\/sellerie-complete-en-similicuir-color-marron-fiat-et-autobianchi-500-giardiniera-jusquau-juin-1968\/","title":{"rendered":"Sellerie Compl\u00e8te en Similicuir \u2013 Color Marron \u2013 Fiat et Autobianchi 500 Giardiniera (jusqu&rsquo;\u00e0u Juin 1968)"},"content":{"rendered":"<h4>Pour une voiture compl\u00e8te il est n\u00e9cessaire d&rsquo;acheter 1 pi\u00e8ce<\/h4>\n<h4>Sont incluses les housses pour les deux si\u00e8ges avant et le si\u00e8ge arri\u00e8re complet<\/h4>\n<p>&nbsp;<\/p>\n","protected":false},"excerpt":{"rendered":"<p>Prodotto in offerta fino a maggio.<\/p>\n","protected":false},"featured_media":8103,"template":"","meta":{"_et_pb_use_builder":"","_et_pb_old_content":"","_et_gb_content_width":""},"product_brand":[],"product_cat":[1278,2456],"product_tag":[],"class_list":{"0":"post-8120","1":"product","2":"type-product","3":"status-publish","4":"has-post-thumbnail","6":"product_cat-sellerie-siege-et-particulier-giardiniera-fr","7":"product_cat-sellerie-siege-et-particulier-tt-fr","8":"product_shipping_class-shipping-1-fr","10":"first","11":"instock","12":"taxable","13":"shipping-taxable","14":"purchasable","15":"product-type-simple"},"yoast_head":"<!-- This site is optimized with the Yoast SEO plugin v27.3 - https:\/\/yoast.com\/product\/yoast-seo-wordpress\/ -->\n<title>Sellerie Compl\u00e8te Marron Fiat 500 Giardiniera | Passione 500<\/title>\n<meta name=\"description\" content=\"Retrouvez sur notre site Sellerie Compl\u00e8te Marron pour Fiat 500 Giardiniera. Plus de 3000 pi\u00e8ces d\u00e9tach\u00e9es disponibles en stock. Plus de 3000 pi\u00e8ces d\u00e9tach\u00e9es disponibles en stock. PROFITEZ DE NOS OFFRES!\" \/>\n<meta name=\"robots\" content=\"noindex, follow, max-snippet:-1, max-image-preview:large, max-video-preview:-1\" \/>\n<meta property=\"og:locale\" content=\"fr_FR\" \/>\n<meta property=\"og:type\" content=\"article\" \/>\n<meta property=\"og:title\" content=\"Sellerie Compl\u00e8te Marron Fiat 500 Giardiniera | Passione 500\" \/>\n<meta property=\"og:description\" content=\"Retrouvez sur notre site Sellerie Compl\u00e8te Marron pour Fiat 500 Giardiniera. Plus de 3000 pi\u00e8ces d\u00e9tach\u00e9es disponibles en stock. Plus de 3000 pi\u00e8ces d\u00e9tach\u00e9es disponibles en stock. PROFITEZ DE NOS OFFRES!\" \/>\n<meta property=\"og:url\" content=\"https:\/\/staging.passione500.it\/fr\/fiat-500-fr\/fiat-autobianchi-500-giardiniera-fr\/sellerie-siege-et-particulier-giardiniera-fr\/sellerie-complete-en-similicuir-color-marron-fiat-et-autobianchi-500-giardiniera-jusquau-juin-1968\/\" \/>\n<meta property=\"og:site_name\" content=\"Passione 500\" \/>\n<meta property=\"article:modified_time\" content=\"2023-06-20T13:12:40+00:00\" \/>\n<meta property=\"og:image\" content=\"https:\/\/passione500.it\/wp-content\/uploads\/2023\/06\/vipla_nocc_3_tinta-1.jpg\" \/>\n\t<meta property=\"og:image:width\" content=\"2048\" \/>\n\t<meta property=\"og:image:height\" content=\"1536\" \/>\n\t<meta property=\"og:image:type\" content=\"image\/jpeg\" \/>\n<meta name=\"twitter:card\" content=\"summary_large_image\" \/>\n<meta name=\"twitter:label1\" content=\"Dur\u00e9e de lecture estim\u00e9e\" \/>\n\t<meta name=\"twitter:data1\" content=\"1 minute\" \/>\n<script type=\"application\/ld+json\" class=\"yoast-schema-graph\">{\"@context\":\"https:\\\/\\\/schema.org\",\"@graph\":[{\"@type\":\"WebPage\",\"@id\":\"https:\\\/\\\/staging.passione500.it\\\/fr\\\/fiat-500-fr\\\/fiat-autobianchi-500-giardiniera-fr\\\/sellerie-siege-et-particulier-giardiniera-fr\\\/sellerie-complete-en-similicuir-color-marron-fiat-et-autobianchi-500-giardiniera-jusquau-juin-1968\\\/\",\"url\":\"https:\\\/\\\/staging.passione500.it\\\/fr\\\/fiat-500-fr\\\/fiat-autobianchi-500-giardiniera-fr\\\/sellerie-siege-et-particulier-giardiniera-fr\\\/sellerie-complete-en-similicuir-color-marron-fiat-et-autobianchi-500-giardiniera-jusquau-juin-1968\\\/\",\"name\":\"Sellerie Compl\u00e8te Marron Fiat 500 Giardiniera | Passione 500\",\"isPartOf\":{\"@id\":\"https:\\\/\\\/staging.passione500.it\\\/fr\\\/#website\"},\"primaryImageOfPage\":{\"@id\":\"https:\\\/\\\/staging.passione500.it\\\/fr\\\/fiat-500-fr\\\/fiat-autobianchi-500-giardiniera-fr\\\/sellerie-siege-et-particulier-giardiniera-fr\\\/sellerie-complete-en-similicuir-color-marron-fiat-et-autobianchi-500-giardiniera-jusquau-juin-1968\\\/#primaryimage\"},\"image\":{\"@id\":\"https:\\\/\\\/staging.passione500.it\\\/fr\\\/fiat-500-fr\\\/fiat-autobianchi-500-giardiniera-fr\\\/sellerie-siege-et-particulier-giardiniera-fr\\\/sellerie-complete-en-similicuir-color-marron-fiat-et-autobianchi-500-giardiniera-jusquau-juin-1968\\\/#primaryimage\"},\"thumbnailUrl\":\"https:\\\/\\\/staging.passione500.it\\\/wp-content\\\/uploads\\\/2023\\\/06\\\/vipla_nocc_3_tinta-1.jpg\",\"datePublished\":\"2023-06-20T13:02:55+00:00\",\"dateModified\":\"2023-06-20T13:12:40+00:00\",\"description\":\"Retrouvez sur notre site Sellerie Compl\u00e8te Marron pour Fiat 500 Giardiniera. Plus de 3000 pi\u00e8ces d\u00e9tach\u00e9es disponibles en stock. Plus de 3000 pi\u00e8ces d\u00e9tach\u00e9es disponibles en stock. PROFITEZ DE NOS OFFRES!\",\"breadcrumb\":{\"@id\":\"https:\\\/\\\/staging.passione500.it\\\/fr\\\/fiat-500-fr\\\/fiat-autobianchi-500-giardiniera-fr\\\/sellerie-siege-et-particulier-giardiniera-fr\\\/sellerie-complete-en-similicuir-color-marron-fiat-et-autobianchi-500-giardiniera-jusquau-juin-1968\\\/#breadcrumb\"},\"inLanguage\":\"fr-FR\",\"potentialAction\":[{\"@type\":\"ReadAction\",\"target\":[\"https:\\\/\\\/staging.passione500.it\\\/fr\\\/fiat-500-fr\\\/fiat-autobianchi-500-giardiniera-fr\\\/sellerie-siege-et-particulier-giardiniera-fr\\\/sellerie-complete-en-similicuir-color-marron-fiat-et-autobianchi-500-giardiniera-jusquau-juin-1968\\\/\"]}]},{\"@type\":\"ImageObject\",\"inLanguage\":\"fr-FR\",\"@id\":\"https:\\\/\\\/staging.passione500.it\\\/fr\\\/fiat-500-fr\\\/fiat-autobianchi-500-giardiniera-fr\\\/sellerie-siege-et-particulier-giardiniera-fr\\\/sellerie-complete-en-similicuir-color-marron-fiat-et-autobianchi-500-giardiniera-jusquau-juin-1968\\\/#primaryimage\",\"url\":\"https:\\\/\\\/staging.passione500.it\\\/wp-content\\\/uploads\\\/2023\\\/06\\\/vipla_nocc_3_tinta-1.jpg\",\"contentUrl\":\"https:\\\/\\\/staging.passione500.it\\\/wp-content\\\/uploads\\\/2023\\\/06\\\/vipla_nocc_3_tinta-1.jpg\",\"width\":2048,\"height\":1536,\"caption\":\"selleria vipla marrone Fiat 500 Giardiniera\"},{\"@type\":\"BreadcrumbList\",\"@id\":\"https:\\\/\\\/staging.passione500.it\\\/fr\\\/fiat-500-fr\\\/fiat-autobianchi-500-giardiniera-fr\\\/sellerie-siege-et-particulier-giardiniera-fr\\\/sellerie-complete-en-similicuir-color-marron-fiat-et-autobianchi-500-giardiniera-jusquau-juin-1968\\\/#breadcrumb\",\"itemListElement\":[{\"@type\":\"ListItem\",\"position\":1,\"name\":\"Home\",\"item\":\"https:\\\/\\\/passione500.it\\\/fr\\\/\"},{\"@type\":\"ListItem\",\"position\":2,\"name\":\"Fiat 500\",\"item\":\"https:\\\/\\\/staging.passione500.it\\\/fr\\\/fiat-500-fr\\\/\"},{\"@type\":\"ListItem\",\"position\":3,\"name\":\"Fiat et Autobianchi 500 Giardiniera\",\"item\":\"https:\\\/\\\/staging.passione500.it\\\/fr\\\/fiat-500-fr\\\/fiat-autobianchi-500-giardiniera-fr\\\/\"},{\"@type\":\"ListItem\",\"position\":4,\"name\":\"Sellerie Si\u00e8ge et Particulier\",\"item\":\"https:\\\/\\\/staging.passione500.it\\\/fr\\\/fiat-500-fr\\\/fiat-autobianchi-500-giardiniera-fr\\\/sellerie-siege-et-particulier-giardiniera-fr\\\/\"},{\"@type\":\"ListItem\",\"position\":5,\"name\":\"Sellerie Compl\u00e8te en Similicuir \u2013 Color Marron \u2013 Fiat et Autobianchi 500 Giardiniera (jusqu&rsquo;\u00e0u Juin 1968)\"}]},{\"@type\":\"WebSite\",\"@id\":\"https:\\\/\\\/staging.passione500.it\\\/fr\\\/#website\",\"url\":\"https:\\\/\\\/staging.passione500.it\\\/fr\\\/\",\"name\":\"Passione 500\",\"description\":\"Ricambi Fiat 500 d&#039;Epoca\",\"publisher\":{\"@id\":\"https:\\\/\\\/staging.passione500.it\\\/fr\\\/#organization\"},\"potentialAction\":[{\"@type\":\"SearchAction\",\"target\":{\"@type\":\"EntryPoint\",\"urlTemplate\":\"https:\\\/\\\/staging.passione500.it\\\/fr\\\/?s={search_term_string}\"},\"query-input\":{\"@type\":\"PropertyValueSpecification\",\"valueRequired\":true,\"valueName\":\"search_term_string\"}}],\"inLanguage\":\"fr-FR\"},{\"@type\":\"Organization\",\"@id\":\"https:\\\/\\\/staging.passione500.it\\\/fr\\\/#organization\",\"name\":\"Passione 500\",\"url\":\"https:\\\/\\\/staging.passione500.it\\\/fr\\\/\",\"logo\":{\"@type\":\"ImageObject\",\"inLanguage\":\"fr-FR\",\"@id\":\"https:\\\/\\\/staging.passione500.it\\\/fr\\\/#\\\/schema\\\/logo\\\/image\\\/\",\"url\":\"https:\\\/\\\/staging.passione500.it\\\/wp-content\\\/uploads\\\/2025\\\/12\\\/PASSIONE-LOGO-APPROVATO.png\",\"contentUrl\":\"https:\\\/\\\/staging.passione500.it\\\/wp-content\\\/uploads\\\/2025\\\/12\\\/PASSIONE-LOGO-APPROVATO.png\",\"width\":348,\"height\":125,\"caption\":\"Passione 500\"},\"image\":{\"@id\":\"https:\\\/\\\/staging.passione500.it\\\/fr\\\/#\\\/schema\\\/logo\\\/image\\\/\"}}]}<\/script>\n<!-- \/ Yoast SEO plugin. -->","yoast_head_json":{"title":"Sellerie Compl\u00e8te Marron Fiat 500 Giardiniera | Passione 500","description":"Retrouvez sur notre site Sellerie Compl\u00e8te Marron pour Fiat 500 Giardiniera. Plus de 3000 pi\u00e8ces d\u00e9tach\u00e9es disponibles en stock. Plus de 3000 pi\u00e8ces d\u00e9tach\u00e9es disponibles en stock. PROFITEZ DE NOS OFFRES!","robots":{"index":"noindex","follow":"follow","max-snippet":"max-snippet:-1","max-image-preview":"max-image-preview:large","max-video-preview":"max-video-preview:-1"},"og_locale":"fr_FR","og_type":"article","og_title":"Sellerie Compl\u00e8te Marron Fiat 500 Giardiniera | Passione 500","og_description":"Retrouvez sur notre site Sellerie Compl\u00e8te Marron pour Fiat 500 Giardiniera. Plus de 3000 pi\u00e8ces d\u00e9tach\u00e9es disponibles en stock. Plus de 3000 pi\u00e8ces d\u00e9tach\u00e9es disponibles en stock. PROFITEZ DE NOS OFFRES!","og_url":"https:\/\/staging.passione500.it\/fr\/fiat-500-fr\/fiat-autobianchi-500-giardiniera-fr\/sellerie-siege-et-particulier-giardiniera-fr\/sellerie-complete-en-similicuir-color-marron-fiat-et-autobianchi-500-giardiniera-jusquau-juin-1968\/","og_site_name":"Passione 500","article_modified_time":"2023-06-20T13:12:40+00:00","og_image":[{"width":2048,"height":1536,"url":"https:\/\/passione500.it\/wp-content\/uploads\/2023\/06\/vipla_nocc_3_tinta-1.jpg","type":"image\/jpeg"}],"twitter_card":"summary_large_image","twitter_misc":{"Dur\u00e9e de lecture estim\u00e9e":"1 minute"},"schema":{"@context":"https:\/\/schema.org","@graph":[{"@type":"WebPage","@id":"https:\/\/staging.passione500.it\/fr\/fiat-500-fr\/fiat-autobianchi-500-giardiniera-fr\/sellerie-siege-et-particulier-giardiniera-fr\/sellerie-complete-en-similicuir-color-marron-fiat-et-autobianchi-500-giardiniera-jusquau-juin-1968\/","url":"https:\/\/staging.passione500.it\/fr\/fiat-500-fr\/fiat-autobianchi-500-giardiniera-fr\/sellerie-siege-et-particulier-giardiniera-fr\/sellerie-complete-en-similicuir-color-marron-fiat-et-autobianchi-500-giardiniera-jusquau-juin-1968\/","name":"Sellerie Compl\u00e8te Marron Fiat 500 Giardiniera | Passione 500","isPartOf":{"@id":"https:\/\/staging.passione500.it\/fr\/#website"},"primaryImageOfPage":{"@id":"https:\/\/staging.passione500.it\/fr\/fiat-500-fr\/fiat-autobianchi-500-giardiniera-fr\/sellerie-siege-et-particulier-giardiniera-fr\/sellerie-complete-en-similicuir-color-marron-fiat-et-autobianchi-500-giardiniera-jusquau-juin-1968\/#primaryimage"},"image":{"@id":"https:\/\/staging.passione500.it\/fr\/fiat-500-fr\/fiat-autobianchi-500-giardiniera-fr\/sellerie-siege-et-particulier-giardiniera-fr\/sellerie-complete-en-similicuir-color-marron-fiat-et-autobianchi-500-giardiniera-jusquau-juin-1968\/#primaryimage"},"thumbnailUrl":"https:\/\/staging.passione500.it\/wp-content\/uploads\/2023\/06\/vipla_nocc_3_tinta-1.jpg","datePublished":"2023-06-20T13:02:55+00:00","dateModified":"2023-06-20T13:12:40+00:00","description":"Retrouvez sur notre site Sellerie Compl\u00e8te Marron pour Fiat 500 Giardiniera. Plus de 3000 pi\u00e8ces d\u00e9tach\u00e9es disponibles en stock. Plus de 3000 pi\u00e8ces d\u00e9tach\u00e9es disponibles en stock. PROFITEZ DE NOS OFFRES!","breadcrumb":{"@id":"https:\/\/staging.passione500.it\/fr\/fiat-500-fr\/fiat-autobianchi-500-giardiniera-fr\/sellerie-siege-et-particulier-giardiniera-fr\/sellerie-complete-en-similicuir-color-marron-fiat-et-autobianchi-500-giardiniera-jusquau-juin-1968\/#breadcrumb"},"inLanguage":"fr-FR","potentialAction":[{"@type":"ReadAction","target":["https:\/\/staging.passione500.it\/fr\/fiat-500-fr\/fiat-autobianchi-500-giardiniera-fr\/sellerie-siege-et-particulier-giardiniera-fr\/sellerie-complete-en-similicuir-color-marron-fiat-et-autobianchi-500-giardiniera-jusquau-juin-1968\/"]}]},{"@type":"ImageObject","inLanguage":"fr-FR","@id":"https:\/\/staging.passione500.it\/fr\/fiat-500-fr\/fiat-autobianchi-500-giardiniera-fr\/sellerie-siege-et-particulier-giardiniera-fr\/sellerie-complete-en-similicuir-color-marron-fiat-et-autobianchi-500-giardiniera-jusquau-juin-1968\/#primaryimage","url":"https:\/\/staging.passione500.it\/wp-content\/uploads\/2023\/06\/vipla_nocc_3_tinta-1.jpg","contentUrl":"https:\/\/staging.passione500.it\/wp-content\/uploads\/2023\/06\/vipla_nocc_3_tinta-1.jpg","width":2048,"height":1536,"caption":"selleria vipla marrone Fiat 500 Giardiniera"},{"@type":"BreadcrumbList","@id":"https:\/\/staging.passione500.it\/fr\/fiat-500-fr\/fiat-autobianchi-500-giardiniera-fr\/sellerie-siege-et-particulier-giardiniera-fr\/sellerie-complete-en-similicuir-color-marron-fiat-et-autobianchi-500-giardiniera-jusquau-juin-1968\/#breadcrumb","itemListElement":[{"@type":"ListItem","position":1,"name":"Home","item":"https:\/\/passione500.it\/fr\/"},{"@type":"ListItem","position":2,"name":"Fiat 500","item":"https:\/\/staging.passione500.it\/fr\/fiat-500-fr\/"},{"@type":"ListItem","position":3,"name":"Fiat et Autobianchi 500 Giardiniera","item":"https:\/\/staging.passione500.it\/fr\/fiat-500-fr\/fiat-autobianchi-500-giardiniera-fr\/"},{"@type":"ListItem","position":4,"name":"Sellerie Si\u00e8ge et Particulier","item":"https:\/\/staging.passione500.it\/fr\/fiat-500-fr\/fiat-autobianchi-500-giardiniera-fr\/sellerie-siege-et-particulier-giardiniera-fr\/"},{"@type":"ListItem","position":5,"name":"Sellerie Compl\u00e8te en Similicuir \u2013 Color Marron \u2013 Fiat et Autobianchi 500 Giardiniera (jusqu&rsquo;\u00e0u Juin 1968)"}]},{"@type":"WebSite","@id":"https:\/\/staging.passione500.it\/fr\/#website","url":"https:\/\/staging.passione500.it\/fr\/","name":"Passione 500","description":"Ricambi Fiat 500 d&#039;Epoca","publisher":{"@id":"https:\/\/staging.passione500.it\/fr\/#organization"},"potentialAction":[{"@type":"SearchAction","target":{"@type":"EntryPoint","urlTemplate":"https:\/\/staging.passione500.it\/fr\/?s={search_term_string}"},"query-input":{"@type":"PropertyValueSpecification","valueRequired":true,"valueName":"search_term_string"}}],"inLanguage":"fr-FR"},{"@type":"Organization","@id":"https:\/\/staging.passione500.it\/fr\/#organization","name":"Passione 500","url":"https:\/\/staging.passione500.it\/fr\/","logo":{"@type":"ImageObject","inLanguage":"fr-FR","@id":"https:\/\/staging.passione500.it\/fr\/#\/schema\/logo\/image\/","url":"https:\/\/staging.passione500.it\/wp-content\/uploads\/2025\/12\/PASSIONE-LOGO-APPROVATO.png","contentUrl":"https:\/\/staging.passione500.it\/wp-content\/uploads\/2025\/12\/PASSIONE-LOGO-APPROVATO.png","width":348,"height":125,"caption":"Passione 500"},"image":{"@id":"https:\/\/staging.passione500.it\/fr\/#\/schema\/logo\/image\/"}}]}},"_links":{"self":[{"href":"https:\/\/staging.passione500.it\/fr\/wp-json\/wp\/v2\/product\/8120","targetHints":{"allow":["GET"]}}],"collection":[{"href":"https:\/\/staging.passione500.it\/fr\/wp-json\/wp\/v2\/product"}],"about":[{"href":"https:\/\/staging.passione500.it\/fr\/wp-json\/wp\/v2\/types\/product"}],"wp:featuredmedia":[{"embeddable":true,"href":"https:\/\/staging.passione500.it\/fr\/wp-json\/wp\/v2\/media\/8103"}],"wp:attachment":[{"href":"https:\/\/staging.passione500.it\/fr\/wp-json\/wp\/v2\/media?parent=8120"}],"wp:term":[{"taxonomy":"product_brand","embeddable":true,"href":"https:\/\/staging.passione500.it\/fr\/wp-json\/wp\/v2\/product_brand?post=8120"},{"taxonomy":"product_cat","embeddable":true,"href":"https:\/\/staging.passione500.it\/fr\/wp-json\/wp\/v2\/product_cat?post=8120"},{"taxonomy":"product_tag","embeddable":true,"href":"https:\/\/staging.passione500.it\/fr\/wp-json\/wp\/v2\/product_tag?post=8120"}],"curies":[{"name":"wp","href":"https:\/\/api.w.org\/{rel}","templated":true}]}}