{"id":5506,"date":"2023-03-02T11:40:07","date_gmt":"2023-03-02T10:40:08","guid":{"rendered":"https:\/\/staging.passione500.it\/?post_type=product&#038;p=5506"},"modified":"2025-07-25T11:02:40","modified_gmt":"2025-07-25T09:02:40","slug":"kit-complet-de-pare-chocs-fiat-500-l","status":"publish","type":"product","link":"https:\/\/staging.passione500.it\/fr\/fiat-500-fr\/fiat-500-l-fr\/pare-chocs-et-particulier-l-fr\/kit-complet-de-pare-chocs-fiat-500-l\/","title":{"rendered":"Kit Complet de Pare-Chocs Fiat 500 L"},"content":{"rendered":"<h4>Pour une voiture compl\u00e8te il est n\u00e9cessaire d&rsquo;acheter 1 pi\u00e8ce<\/h4>\n<h4>Le kit se compose de:<\/h4>\n<ul>\n<li>\n<h4>nr.1 pare-chocs avant chrom\u00e9 &#8211; code PAR1<\/h4>\n<\/li>\n<li>\n<h4>nr.1 pare-chocs arri\u00e8re chrom\u00e9 &#8211; code PAR2<\/h4>\n<\/li>\n<li>\n<h4>nr.1 barre chrom\u00e9e pare-chocs avant &#8211; code PAR4<\/h4>\n<\/li>\n<li>\n<h4>nr.1 barre chrom\u00e9e pare-chocs arri\u00e8re gauche &#8211; code PAR5<\/h4>\n<\/li>\n<li>\n<h4>nr.1 barre chrom\u00e9e pare-chocs arri\u00e8re droite &#8211; code PAR6<\/h4>\n<\/li>\n<\/ul>\n<ul>\n<li>\n<h4>nr.4 support de pare-chocs chrom\u00e9 &#8211; code PAR15<\/h4>\n<\/li>\n<li>\n<h4>nr.4 entretoise chrom\u00e9 pour barre du pare-chocs &#8211; code PAR17<\/h4>\n<\/li>\n<li>\n<h4>nr.4 caoutchouc pour support de pare-choc &#8211; code PAR16<\/h4>\n<\/li>\n<li>\n<h4>nr.4 vis de fixation chrom\u00e9e pour pare-chocs- code PAR19<\/h4>\n<\/li>\n<\/ul>\n","protected":false},"excerpt":{"rendered":"<p>Prodotto in offerta fino a maggio.<\/p>\n","protected":false},"featured_media":5509,"template":"","meta":{"_et_pb_use_builder":"","_et_pb_old_content":"","_et_gb_content_width":""},"product_brand":[],"product_cat":[1049,2429],"product_tag":[],"class_list":{"0":"post-5506","1":"product","2":"type-product","3":"status-publish","4":"has-post-thumbnail","6":"product_cat-pare-chocs-et-particulier-l-fr","7":"product_cat-pare-chocs-et-particulier-tt-fr","8":"product_shipping_class-shipping-1-fr","10":"first","11":"instock","12":"taxable","13":"shipping-taxable","14":"purchasable","15":"product-type-simple"},"yoast_head":"<!-- This site is optimized with the Yoast SEO plugin v27.3 - https:\/\/yoast.com\/product\/yoast-seo-wordpress\/ -->\n<title>Kit Complet de Pare-Chocs Fiat 500 L - Passione 500<\/title>\n<meta name=\"description\" content=\"Retrouvez sur notre site Kit Complet de Pare-Chocs pour Fiat 500 L . Plus de 3000 pi\u00e8ces d\u00e9tach\u00e9es disponibles en stock. PROFITEZ DE NOS OFFRES!\" \/>\n<meta name=\"robots\" content=\"noindex, follow, max-snippet:-1, max-image-preview:large, max-video-preview:-1\" \/>\n<meta property=\"og:locale\" content=\"fr_FR\" \/>\n<meta property=\"og:type\" content=\"article\" \/>\n<meta property=\"og:title\" content=\"Kit Complet de Pare-Chocs Fiat 500 L - Passione 500\" \/>\n<meta property=\"og:description\" content=\"Retrouvez sur notre site Kit Complet de Pare-Chocs pour Fiat 500 L . Plus de 3000 pi\u00e8ces d\u00e9tach\u00e9es disponibles en stock. PROFITEZ DE NOS OFFRES!\" \/>\n<meta property=\"og:url\" content=\"https:\/\/staging.passione500.it\/fr\/fiat-500-fr\/fiat-500-l-fr\/pare-chocs-et-particulier-l-fr\/kit-complet-de-pare-chocs-fiat-500-l\/\" \/>\n<meta property=\"og:site_name\" content=\"Passione 500\" \/>\n<meta property=\"article:modified_time\" content=\"2025-07-25T09:02:40+00:00\" \/>\n<meta property=\"og:image\" content=\"https:\/\/passione500.it\/wp-content\/uploads\/2023\/03\/kit-paraurtu-L.jpg\" \/>\n\t<meta property=\"og:image:width\" content=\"2048\" \/>\n\t<meta property=\"og:image:height\" content=\"1536\" \/>\n\t<meta property=\"og:image:type\" content=\"image\/jpeg\" \/>\n<meta name=\"twitter:card\" content=\"summary_large_image\" \/>\n<meta name=\"twitter:label1\" content=\"Dur\u00e9e de lecture estim\u00e9e\" \/>\n\t<meta name=\"twitter:data1\" content=\"1 minute\" \/>\n<script type=\"application\/ld+json\" class=\"yoast-schema-graph\">{\"@context\":\"https:\\\/\\\/schema.org\",\"@graph\":[{\"@type\":\"WebPage\",\"@id\":\"https:\\\/\\\/staging.passione500.it\\\/fr\\\/fiat-500-fr\\\/fiat-500-l-fr\\\/pare-chocs-et-particulier-l-fr\\\/kit-complet-de-pare-chocs-fiat-500-l\\\/\",\"url\":\"https:\\\/\\\/staging.passione500.it\\\/fr\\\/fiat-500-fr\\\/fiat-500-l-fr\\\/pare-chocs-et-particulier-l-fr\\\/kit-complet-de-pare-chocs-fiat-500-l\\\/\",\"name\":\"Kit Complet de Pare-Chocs Fiat 500 L - Passione 500\",\"isPartOf\":{\"@id\":\"https:\\\/\\\/staging.passione500.it\\\/fr\\\/#website\"},\"primaryImageOfPage\":{\"@id\":\"https:\\\/\\\/staging.passione500.it\\\/fr\\\/fiat-500-fr\\\/fiat-500-l-fr\\\/pare-chocs-et-particulier-l-fr\\\/kit-complet-de-pare-chocs-fiat-500-l\\\/#primaryimage\"},\"image\":{\"@id\":\"https:\\\/\\\/staging.passione500.it\\\/fr\\\/fiat-500-fr\\\/fiat-500-l-fr\\\/pare-chocs-et-particulier-l-fr\\\/kit-complet-de-pare-chocs-fiat-500-l\\\/#primaryimage\"},\"thumbnailUrl\":\"https:\\\/\\\/staging.passione500.it\\\/wp-content\\\/uploads\\\/2023\\\/03\\\/kit-paraurtu-L.jpg\",\"datePublished\":\"2023-03-02T10:40:08+00:00\",\"dateModified\":\"2025-07-25T09:02:40+00:00\",\"description\":\"Retrouvez sur notre site Kit Complet de Pare-Chocs pour Fiat 500 L . Plus de 3000 pi\u00e8ces d\u00e9tach\u00e9es disponibles en stock. PROFITEZ DE NOS OFFRES!\",\"breadcrumb\":{\"@id\":\"https:\\\/\\\/staging.passione500.it\\\/fr\\\/fiat-500-fr\\\/fiat-500-l-fr\\\/pare-chocs-et-particulier-l-fr\\\/kit-complet-de-pare-chocs-fiat-500-l\\\/#breadcrumb\"},\"inLanguage\":\"fr-FR\",\"potentialAction\":[{\"@type\":\"ReadAction\",\"target\":[\"https:\\\/\\\/staging.passione500.it\\\/fr\\\/fiat-500-fr\\\/fiat-500-l-fr\\\/pare-chocs-et-particulier-l-fr\\\/kit-complet-de-pare-chocs-fiat-500-l\\\/\"]}]},{\"@type\":\"ImageObject\",\"inLanguage\":\"fr-FR\",\"@id\":\"https:\\\/\\\/staging.passione500.it\\\/fr\\\/fiat-500-fr\\\/fiat-500-l-fr\\\/pare-chocs-et-particulier-l-fr\\\/kit-complet-de-pare-chocs-fiat-500-l\\\/#primaryimage\",\"url\":\"https:\\\/\\\/staging.passione500.it\\\/wp-content\\\/uploads\\\/2023\\\/03\\\/kit-paraurtu-L.jpg\",\"contentUrl\":\"https:\\\/\\\/staging.passione500.it\\\/wp-content\\\/uploads\\\/2023\\\/03\\\/kit-paraurtu-L.jpg\",\"width\":2048,\"height\":1536,\"caption\":\"kit paraurti fiat 500 L\"},{\"@type\":\"BreadcrumbList\",\"@id\":\"https:\\\/\\\/staging.passione500.it\\\/fr\\\/fiat-500-fr\\\/fiat-500-l-fr\\\/pare-chocs-et-particulier-l-fr\\\/kit-complet-de-pare-chocs-fiat-500-l\\\/#breadcrumb\",\"itemListElement\":[{\"@type\":\"ListItem\",\"position\":1,\"name\":\"Home\",\"item\":\"https:\\\/\\\/passione500.it\\\/fr\\\/\"},{\"@type\":\"ListItem\",\"position\":2,\"name\":\"Fiat 500\",\"item\":\"https:\\\/\\\/staging.passione500.it\\\/fr\\\/fiat-500-fr\\\/\"},{\"@type\":\"ListItem\",\"position\":3,\"name\":\"Fiat 500 L\",\"item\":\"https:\\\/\\\/staging.passione500.it\\\/fr\\\/fiat-500-fr\\\/fiat-500-l-fr\\\/\"},{\"@type\":\"ListItem\",\"position\":4,\"name\":\"Pare-chocs et Particulier\",\"item\":\"https:\\\/\\\/staging.passione500.it\\\/fr\\\/fiat-500-fr\\\/fiat-500-l-fr\\\/pare-chocs-et-particulier-l-fr\\\/\"},{\"@type\":\"ListItem\",\"position\":5,\"name\":\"Kit Complet de Pare-Chocs Fiat 500 L\"}]},{\"@type\":\"WebSite\",\"@id\":\"https:\\\/\\\/staging.passione500.it\\\/fr\\\/#website\",\"url\":\"https:\\\/\\\/staging.passione500.it\\\/fr\\\/\",\"name\":\"Passione 500\",\"description\":\"Ricambi Fiat 500 d&#039;Epoca\",\"publisher\":{\"@id\":\"https:\\\/\\\/staging.passione500.it\\\/fr\\\/#organization\"},\"potentialAction\":[{\"@type\":\"SearchAction\",\"target\":{\"@type\":\"EntryPoint\",\"urlTemplate\":\"https:\\\/\\\/staging.passione500.it\\\/fr\\\/?s={search_term_string}\"},\"query-input\":{\"@type\":\"PropertyValueSpecification\",\"valueRequired\":true,\"valueName\":\"search_term_string\"}}],\"inLanguage\":\"fr-FR\"},{\"@type\":\"Organization\",\"@id\":\"https:\\\/\\\/staging.passione500.it\\\/fr\\\/#organization\",\"name\":\"Passione 500\",\"url\":\"https:\\\/\\\/staging.passione500.it\\\/fr\\\/\",\"logo\":{\"@type\":\"ImageObject\",\"inLanguage\":\"fr-FR\",\"@id\":\"https:\\\/\\\/staging.passione500.it\\\/fr\\\/#\\\/schema\\\/logo\\\/image\\\/\",\"url\":\"https:\\\/\\\/staging.passione500.it\\\/wp-content\\\/uploads\\\/2025\\\/12\\\/PASSIONE-LOGO-APPROVATO.png\",\"contentUrl\":\"https:\\\/\\\/staging.passione500.it\\\/wp-content\\\/uploads\\\/2025\\\/12\\\/PASSIONE-LOGO-APPROVATO.png\",\"width\":348,\"height\":125,\"caption\":\"Passione 500\"},\"image\":{\"@id\":\"https:\\\/\\\/staging.passione500.it\\\/fr\\\/#\\\/schema\\\/logo\\\/image\\\/\"}}]}<\/script>\n<!-- \/ Yoast SEO plugin. -->","yoast_head_json":{"title":"Kit Complet de Pare-Chocs Fiat 500 L - Passione 500","description":"Retrouvez sur notre site Kit Complet de Pare-Chocs pour Fiat 500 L . Plus de 3000 pi\u00e8ces d\u00e9tach\u00e9es disponibles en stock. PROFITEZ DE NOS OFFRES!","robots":{"index":"noindex","follow":"follow","max-snippet":"max-snippet:-1","max-image-preview":"max-image-preview:large","max-video-preview":"max-video-preview:-1"},"og_locale":"fr_FR","og_type":"article","og_title":"Kit Complet de Pare-Chocs Fiat 500 L - Passione 500","og_description":"Retrouvez sur notre site Kit Complet de Pare-Chocs pour Fiat 500 L . Plus de 3000 pi\u00e8ces d\u00e9tach\u00e9es disponibles en stock. PROFITEZ DE NOS OFFRES!","og_url":"https:\/\/staging.passione500.it\/fr\/fiat-500-fr\/fiat-500-l-fr\/pare-chocs-et-particulier-l-fr\/kit-complet-de-pare-chocs-fiat-500-l\/","og_site_name":"Passione 500","article_modified_time":"2025-07-25T09:02:40+00:00","og_image":[{"width":2048,"height":1536,"url":"https:\/\/passione500.it\/wp-content\/uploads\/2023\/03\/kit-paraurtu-L.jpg","type":"image\/jpeg"}],"twitter_card":"summary_large_image","twitter_misc":{"Dur\u00e9e de lecture estim\u00e9e":"1 minute"},"schema":{"@context":"https:\/\/schema.org","@graph":[{"@type":"WebPage","@id":"https:\/\/staging.passione500.it\/fr\/fiat-500-fr\/fiat-500-l-fr\/pare-chocs-et-particulier-l-fr\/kit-complet-de-pare-chocs-fiat-500-l\/","url":"https:\/\/staging.passione500.it\/fr\/fiat-500-fr\/fiat-500-l-fr\/pare-chocs-et-particulier-l-fr\/kit-complet-de-pare-chocs-fiat-500-l\/","name":"Kit Complet de Pare-Chocs Fiat 500 L - Passione 500","isPartOf":{"@id":"https:\/\/staging.passione500.it\/fr\/#website"},"primaryImageOfPage":{"@id":"https:\/\/staging.passione500.it\/fr\/fiat-500-fr\/fiat-500-l-fr\/pare-chocs-et-particulier-l-fr\/kit-complet-de-pare-chocs-fiat-500-l\/#primaryimage"},"image":{"@id":"https:\/\/staging.passione500.it\/fr\/fiat-500-fr\/fiat-500-l-fr\/pare-chocs-et-particulier-l-fr\/kit-complet-de-pare-chocs-fiat-500-l\/#primaryimage"},"thumbnailUrl":"https:\/\/staging.passione500.it\/wp-content\/uploads\/2023\/03\/kit-paraurtu-L.jpg","datePublished":"2023-03-02T10:40:08+00:00","dateModified":"2025-07-25T09:02:40+00:00","description":"Retrouvez sur notre site Kit Complet de Pare-Chocs pour Fiat 500 L . Plus de 3000 pi\u00e8ces d\u00e9tach\u00e9es disponibles en stock. PROFITEZ DE NOS OFFRES!","breadcrumb":{"@id":"https:\/\/staging.passione500.it\/fr\/fiat-500-fr\/fiat-500-l-fr\/pare-chocs-et-particulier-l-fr\/kit-complet-de-pare-chocs-fiat-500-l\/#breadcrumb"},"inLanguage":"fr-FR","potentialAction":[{"@type":"ReadAction","target":["https:\/\/staging.passione500.it\/fr\/fiat-500-fr\/fiat-500-l-fr\/pare-chocs-et-particulier-l-fr\/kit-complet-de-pare-chocs-fiat-500-l\/"]}]},{"@type":"ImageObject","inLanguage":"fr-FR","@id":"https:\/\/staging.passione500.it\/fr\/fiat-500-fr\/fiat-500-l-fr\/pare-chocs-et-particulier-l-fr\/kit-complet-de-pare-chocs-fiat-500-l\/#primaryimage","url":"https:\/\/staging.passione500.it\/wp-content\/uploads\/2023\/03\/kit-paraurtu-L.jpg","contentUrl":"https:\/\/staging.passione500.it\/wp-content\/uploads\/2023\/03\/kit-paraurtu-L.jpg","width":2048,"height":1536,"caption":"kit paraurti fiat 500 L"},{"@type":"BreadcrumbList","@id":"https:\/\/staging.passione500.it\/fr\/fiat-500-fr\/fiat-500-l-fr\/pare-chocs-et-particulier-l-fr\/kit-complet-de-pare-chocs-fiat-500-l\/#breadcrumb","itemListElement":[{"@type":"ListItem","position":1,"name":"Home","item":"https:\/\/passione500.it\/fr\/"},{"@type":"ListItem","position":2,"name":"Fiat 500","item":"https:\/\/staging.passione500.it\/fr\/fiat-500-fr\/"},{"@type":"ListItem","position":3,"name":"Fiat 500 L","item":"https:\/\/staging.passione500.it\/fr\/fiat-500-fr\/fiat-500-l-fr\/"},{"@type":"ListItem","position":4,"name":"Pare-chocs et Particulier","item":"https:\/\/staging.passione500.it\/fr\/fiat-500-fr\/fiat-500-l-fr\/pare-chocs-et-particulier-l-fr\/"},{"@type":"ListItem","position":5,"name":"Kit Complet de Pare-Chocs Fiat 500 L"}]},{"@type":"WebSite","@id":"https:\/\/staging.passione500.it\/fr\/#website","url":"https:\/\/staging.passione500.it\/fr\/","name":"Passione 500","description":"Ricambi Fiat 500 d&#039;Epoca","publisher":{"@id":"https:\/\/staging.passione500.it\/fr\/#organization"},"potentialAction":[{"@type":"SearchAction","target":{"@type":"EntryPoint","urlTemplate":"https:\/\/staging.passione500.it\/fr\/?s={search_term_string}"},"query-input":{"@type":"PropertyValueSpecification","valueRequired":true,"valueName":"search_term_string"}}],"inLanguage":"fr-FR"},{"@type":"Organization","@id":"https:\/\/staging.passione500.it\/fr\/#organization","name":"Passione 500","url":"https:\/\/staging.passione500.it\/fr\/","logo":{"@type":"ImageObject","inLanguage":"fr-FR","@id":"https:\/\/staging.passione500.it\/fr\/#\/schema\/logo\/image\/","url":"https:\/\/staging.passione500.it\/wp-content\/uploads\/2025\/12\/PASSIONE-LOGO-APPROVATO.png","contentUrl":"https:\/\/staging.passione500.it\/wp-content\/uploads\/2025\/12\/PASSIONE-LOGO-APPROVATO.png","width":348,"height":125,"caption":"Passione 500"},"image":{"@id":"https:\/\/staging.passione500.it\/fr\/#\/schema\/logo\/image\/"}}]}},"_links":{"self":[{"href":"https:\/\/staging.passione500.it\/fr\/wp-json\/wp\/v2\/product\/5506","targetHints":{"allow":["GET"]}}],"collection":[{"href":"https:\/\/staging.passione500.it\/fr\/wp-json\/wp\/v2\/product"}],"about":[{"href":"https:\/\/staging.passione500.it\/fr\/wp-json\/wp\/v2\/types\/product"}],"wp:featuredmedia":[{"embeddable":true,"href":"https:\/\/staging.passione500.it\/fr\/wp-json\/wp\/v2\/media\/5509"}],"wp:attachment":[{"href":"https:\/\/staging.passione500.it\/fr\/wp-json\/wp\/v2\/media?parent=5506"}],"wp:term":[{"taxonomy":"product_brand","embeddable":true,"href":"https:\/\/staging.passione500.it\/fr\/wp-json\/wp\/v2\/product_brand?post=5506"},{"taxonomy":"product_cat","embeddable":true,"href":"https:\/\/staging.passione500.it\/fr\/wp-json\/wp\/v2\/product_cat?post=5506"},{"taxonomy":"product_tag","embeddable":true,"href":"https:\/\/staging.passione500.it\/fr\/wp-json\/wp\/v2\/product_tag?post=5506"}],"curies":[{"name":"wp","href":"https:\/\/api.w.org\/{rel}","templated":true}]}}