{"id":49500,"date":"2026-01-14T18:01:26","date_gmt":"2026-01-14T17:01:26","guid":{"rendered":"https:\/\/staging.passione500.it\/?post_type=product&#038;p=49500"},"modified":"2026-01-14T18:28:51","modified_gmt":"2026-01-14T17:28:51","slug":"element-de-connexion-lateral-arriere-inferieure-droite-fiat-126-126-personal","status":"publish","type":"product","link":"https:\/\/staging.passione500.it\/fr\/fiat-126-fr\/carrosserie-126-fr\/element-de-connexion-lateral-arriere-inferieure-droite-fiat-126-126-personal\/","title":{"rendered":"\u00c9l\u00e9ment de Connexion Lat\u00e9ral Arri\u00e8re \/ Inf\u00e9rieure Droite \/ Fiat 126 &#8211; 126 Personal -126 FSM"},"content":{"rendered":"<h4>Pour une voiture compl\u00e8te il est n\u00e9cessaire d&rsquo;acheter 1 pi\u00e8ce<\/h4>\n","protected":false},"excerpt":{"rendered":"<p>Prodotto in offerta fino a maggio.<\/p>\n","protected":false},"featured_media":49483,"template":"","meta":{"_et_pb_use_builder":"","_et_pb_old_content":"","_et_gb_content_width":""},"product_brand":[],"product_cat":[799],"product_tag":[],"class_list":{"0":"post-49500","1":"product","2":"type-product","3":"status-publish","4":"has-post-thumbnail","6":"product_cat-carrosserie-126-fr","7":"product_shipping_class-shipping-1-fr","9":"first","10":"instock","11":"taxable","12":"shipping-taxable","13":"purchasable","14":"product-type-simple"},"yoast_head":"<!-- This site is optimized with the Yoast SEO plugin v27.3 - https:\/\/yoast.com\/product\/yoast-seo-wordpress\/ -->\n<title>\u00c9l\u00e9ment de Connexion Lat\u00e9ral Arri\u00e8re Fiat 126 | Passione 500<\/title>\n<meta name=\"description\" content=\"Retrouvez sur notre site \u00c9l\u00e9ment de Connexion Lat\u00e9ral Arri\u00e8re pour Fiat 126. Plus de 3000 pi\u00e8ces d\u00e9tach\u00e9es disponibles en stock. PROFITEZ DE NOS OFFRES!\" \/>\n<meta name=\"robots\" content=\"noindex, follow, max-snippet:-1, max-image-preview:large, max-video-preview:-1\" \/>\n<meta property=\"og:locale\" content=\"fr_FR\" \/>\n<meta property=\"og:type\" content=\"article\" \/>\n<meta property=\"og:title\" content=\"\u00c9l\u00e9ment de Connexion Lat\u00e9ral Arri\u00e8re Fiat 126 | Passione 500\" \/>\n<meta property=\"og:description\" content=\"Retrouvez sur notre site \u00c9l\u00e9ment de Connexion Lat\u00e9ral Arri\u00e8re pour Fiat 126. Plus de 3000 pi\u00e8ces d\u00e9tach\u00e9es disponibles en stock. PROFITEZ DE NOS OFFRES!\" \/>\n<meta property=\"og:url\" content=\"https:\/\/staging.passione500.it\/fr\/fiat-126-fr\/carrosserie-126-fr\/element-de-connexion-lateral-arriere-inferieure-droite-fiat-126-126-personal\/\" \/>\n<meta property=\"og:site_name\" content=\"Passione 500\" \/>\n<meta property=\"article:modified_time\" content=\"2026-01-14T17:28:51+00:00\" \/>\n<meta property=\"og:image\" content=\"https:\/\/passione500.it\/wp-content\/uploads\/2026\/01\/IMG_5615.jpg\" \/>\n\t<meta property=\"og:image:width\" content=\"2048\" \/>\n\t<meta property=\"og:image:height\" content=\"1536\" \/>\n\t<meta property=\"og:image:type\" content=\"image\/jpeg\" \/>\n<meta name=\"twitter:card\" content=\"summary_large_image\" \/>\n<meta name=\"twitter:label1\" content=\"Dur\u00e9e de lecture estim\u00e9e\" \/>\n\t<meta name=\"twitter:data1\" content=\"1 minute\" \/>\n<script type=\"application\/ld+json\" class=\"yoast-schema-graph\">{\"@context\":\"https:\\\/\\\/schema.org\",\"@graph\":[{\"@type\":\"WebPage\",\"@id\":\"https:\\\/\\\/staging.passione500.it\\\/fr\\\/fiat-126-fr\\\/carrosserie-126-fr\\\/element-de-connexion-lateral-arriere-inferieure-droite-fiat-126-126-personal\\\/\",\"url\":\"https:\\\/\\\/staging.passione500.it\\\/fr\\\/fiat-126-fr\\\/carrosserie-126-fr\\\/element-de-connexion-lateral-arriere-inferieure-droite-fiat-126-126-personal\\\/\",\"name\":\"\u00c9l\u00e9ment de Connexion Lat\u00e9ral Arri\u00e8re Fiat 126 | Passione 500\",\"isPartOf\":{\"@id\":\"https:\\\/\\\/staging.passione500.it\\\/fr\\\/#website\"},\"primaryImageOfPage\":{\"@id\":\"https:\\\/\\\/staging.passione500.it\\\/fr\\\/fiat-126-fr\\\/carrosserie-126-fr\\\/element-de-connexion-lateral-arriere-inferieure-droite-fiat-126-126-personal\\\/#primaryimage\"},\"image\":{\"@id\":\"https:\\\/\\\/staging.passione500.it\\\/fr\\\/fiat-126-fr\\\/carrosserie-126-fr\\\/element-de-connexion-lateral-arriere-inferieure-droite-fiat-126-126-personal\\\/#primaryimage\"},\"thumbnailUrl\":\"https:\\\/\\\/staging.passione500.it\\\/wp-content\\\/uploads\\\/2026\\\/01\\\/IMG_5615.jpg\",\"datePublished\":\"2026-01-14T17:01:26+00:00\",\"dateModified\":\"2026-01-14T17:28:51+00:00\",\"description\":\"Retrouvez sur notre site \u00c9l\u00e9ment de Connexion Lat\u00e9ral Arri\u00e8re pour Fiat 126. Plus de 3000 pi\u00e8ces d\u00e9tach\u00e9es disponibles en stock. PROFITEZ DE NOS OFFRES!\",\"breadcrumb\":{\"@id\":\"https:\\\/\\\/staging.passione500.it\\\/fr\\\/fiat-126-fr\\\/carrosserie-126-fr\\\/element-de-connexion-lateral-arriere-inferieure-droite-fiat-126-126-personal\\\/#breadcrumb\"},\"inLanguage\":\"fr-FR\",\"potentialAction\":[{\"@type\":\"ReadAction\",\"target\":[\"https:\\\/\\\/staging.passione500.it\\\/fr\\\/fiat-126-fr\\\/carrosserie-126-fr\\\/element-de-connexion-lateral-arriere-inferieure-droite-fiat-126-126-personal\\\/\"]}]},{\"@type\":\"ImageObject\",\"inLanguage\":\"fr-FR\",\"@id\":\"https:\\\/\\\/staging.passione500.it\\\/fr\\\/fiat-126-fr\\\/carrosserie-126-fr\\\/element-de-connexion-lateral-arriere-inferieure-droite-fiat-126-126-personal\\\/#primaryimage\",\"url\":\"https:\\\/\\\/staging.passione500.it\\\/wp-content\\\/uploads\\\/2026\\\/01\\\/IMG_5615.jpg\",\"contentUrl\":\"https:\\\/\\\/staging.passione500.it\\\/wp-content\\\/uploads\\\/2026\\\/01\\\/IMG_5615.jpg\",\"width\":2048,\"height\":1536,\"caption\":\"elemento laterale inferiore superiore destro Fiat 126\"},{\"@type\":\"BreadcrumbList\",\"@id\":\"https:\\\/\\\/staging.passione500.it\\\/fr\\\/fiat-126-fr\\\/carrosserie-126-fr\\\/element-de-connexion-lateral-arriere-inferieure-droite-fiat-126-126-personal\\\/#breadcrumb\",\"itemListElement\":[{\"@type\":\"ListItem\",\"position\":1,\"name\":\"Home\",\"item\":\"https:\\\/\\\/passione500.it\\\/fr\\\/\"},{\"@type\":\"ListItem\",\"position\":2,\"name\":\"Fiat 126\",\"item\":\"https:\\\/\\\/staging.passione500.it\\\/fr\\\/fiat-126-fr\\\/\"},{\"@type\":\"ListItem\",\"position\":3,\"name\":\"Carrosserie\",\"item\":\"https:\\\/\\\/staging.passione500.it\\\/fr\\\/fiat-126-fr\\\/carrosserie-126-fr\\\/\"},{\"@type\":\"ListItem\",\"position\":4,\"name\":\"\u00c9l\u00e9ment de Connexion Lat\u00e9ral Arri\u00e8re \\\/ Inf\u00e9rieure Droite \\\/ Fiat 126 &#8211; 126 Personal -126 FSM\"}]},{\"@type\":\"WebSite\",\"@id\":\"https:\\\/\\\/staging.passione500.it\\\/fr\\\/#website\",\"url\":\"https:\\\/\\\/staging.passione500.it\\\/fr\\\/\",\"name\":\"Passione 500\",\"description\":\"Ricambi Fiat 500 d&#039;Epoca\",\"publisher\":{\"@id\":\"https:\\\/\\\/staging.passione500.it\\\/fr\\\/#organization\"},\"potentialAction\":[{\"@type\":\"SearchAction\",\"target\":{\"@type\":\"EntryPoint\",\"urlTemplate\":\"https:\\\/\\\/staging.passione500.it\\\/fr\\\/?s={search_term_string}\"},\"query-input\":{\"@type\":\"PropertyValueSpecification\",\"valueRequired\":true,\"valueName\":\"search_term_string\"}}],\"inLanguage\":\"fr-FR\"},{\"@type\":\"Organization\",\"@id\":\"https:\\\/\\\/staging.passione500.it\\\/fr\\\/#organization\",\"name\":\"Passione 500\",\"url\":\"https:\\\/\\\/staging.passione500.it\\\/fr\\\/\",\"logo\":{\"@type\":\"ImageObject\",\"inLanguage\":\"fr-FR\",\"@id\":\"https:\\\/\\\/staging.passione500.it\\\/fr\\\/#\\\/schema\\\/logo\\\/image\\\/\",\"url\":\"https:\\\/\\\/staging.passione500.it\\\/wp-content\\\/uploads\\\/2025\\\/12\\\/PASSIONE-LOGO-APPROVATO.png\",\"contentUrl\":\"https:\\\/\\\/staging.passione500.it\\\/wp-content\\\/uploads\\\/2025\\\/12\\\/PASSIONE-LOGO-APPROVATO.png\",\"width\":348,\"height\":125,\"caption\":\"Passione 500\"},\"image\":{\"@id\":\"https:\\\/\\\/staging.passione500.it\\\/fr\\\/#\\\/schema\\\/logo\\\/image\\\/\"}}]}<\/script>\n<!-- \/ Yoast SEO plugin. -->","yoast_head_json":{"title":"\u00c9l\u00e9ment de Connexion Lat\u00e9ral Arri\u00e8re Fiat 126 | Passione 500","description":"Retrouvez sur notre site \u00c9l\u00e9ment de Connexion Lat\u00e9ral Arri\u00e8re pour Fiat 126. Plus de 3000 pi\u00e8ces d\u00e9tach\u00e9es disponibles en stock. PROFITEZ DE NOS OFFRES!","robots":{"index":"noindex","follow":"follow","max-snippet":"max-snippet:-1","max-image-preview":"max-image-preview:large","max-video-preview":"max-video-preview:-1"},"og_locale":"fr_FR","og_type":"article","og_title":"\u00c9l\u00e9ment de Connexion Lat\u00e9ral Arri\u00e8re Fiat 126 | Passione 500","og_description":"Retrouvez sur notre site \u00c9l\u00e9ment de Connexion Lat\u00e9ral Arri\u00e8re pour Fiat 126. Plus de 3000 pi\u00e8ces d\u00e9tach\u00e9es disponibles en stock. PROFITEZ DE NOS OFFRES!","og_url":"https:\/\/staging.passione500.it\/fr\/fiat-126-fr\/carrosserie-126-fr\/element-de-connexion-lateral-arriere-inferieure-droite-fiat-126-126-personal\/","og_site_name":"Passione 500","article_modified_time":"2026-01-14T17:28:51+00:00","og_image":[{"width":2048,"height":1536,"url":"https:\/\/passione500.it\/wp-content\/uploads\/2026\/01\/IMG_5615.jpg","type":"image\/jpeg"}],"twitter_card":"summary_large_image","twitter_misc":{"Dur\u00e9e de lecture estim\u00e9e":"1 minute"},"schema":{"@context":"https:\/\/schema.org","@graph":[{"@type":"WebPage","@id":"https:\/\/staging.passione500.it\/fr\/fiat-126-fr\/carrosserie-126-fr\/element-de-connexion-lateral-arriere-inferieure-droite-fiat-126-126-personal\/","url":"https:\/\/staging.passione500.it\/fr\/fiat-126-fr\/carrosserie-126-fr\/element-de-connexion-lateral-arriere-inferieure-droite-fiat-126-126-personal\/","name":"\u00c9l\u00e9ment de Connexion Lat\u00e9ral Arri\u00e8re Fiat 126 | Passione 500","isPartOf":{"@id":"https:\/\/staging.passione500.it\/fr\/#website"},"primaryImageOfPage":{"@id":"https:\/\/staging.passione500.it\/fr\/fiat-126-fr\/carrosserie-126-fr\/element-de-connexion-lateral-arriere-inferieure-droite-fiat-126-126-personal\/#primaryimage"},"image":{"@id":"https:\/\/staging.passione500.it\/fr\/fiat-126-fr\/carrosserie-126-fr\/element-de-connexion-lateral-arriere-inferieure-droite-fiat-126-126-personal\/#primaryimage"},"thumbnailUrl":"https:\/\/staging.passione500.it\/wp-content\/uploads\/2026\/01\/IMG_5615.jpg","datePublished":"2026-01-14T17:01:26+00:00","dateModified":"2026-01-14T17:28:51+00:00","description":"Retrouvez sur notre site \u00c9l\u00e9ment de Connexion Lat\u00e9ral Arri\u00e8re pour Fiat 126. Plus de 3000 pi\u00e8ces d\u00e9tach\u00e9es disponibles en stock. PROFITEZ DE NOS OFFRES!","breadcrumb":{"@id":"https:\/\/staging.passione500.it\/fr\/fiat-126-fr\/carrosserie-126-fr\/element-de-connexion-lateral-arriere-inferieure-droite-fiat-126-126-personal\/#breadcrumb"},"inLanguage":"fr-FR","potentialAction":[{"@type":"ReadAction","target":["https:\/\/staging.passione500.it\/fr\/fiat-126-fr\/carrosserie-126-fr\/element-de-connexion-lateral-arriere-inferieure-droite-fiat-126-126-personal\/"]}]},{"@type":"ImageObject","inLanguage":"fr-FR","@id":"https:\/\/staging.passione500.it\/fr\/fiat-126-fr\/carrosserie-126-fr\/element-de-connexion-lateral-arriere-inferieure-droite-fiat-126-126-personal\/#primaryimage","url":"https:\/\/staging.passione500.it\/wp-content\/uploads\/2026\/01\/IMG_5615.jpg","contentUrl":"https:\/\/staging.passione500.it\/wp-content\/uploads\/2026\/01\/IMG_5615.jpg","width":2048,"height":1536,"caption":"elemento laterale inferiore superiore destro Fiat 126"},{"@type":"BreadcrumbList","@id":"https:\/\/staging.passione500.it\/fr\/fiat-126-fr\/carrosserie-126-fr\/element-de-connexion-lateral-arriere-inferieure-droite-fiat-126-126-personal\/#breadcrumb","itemListElement":[{"@type":"ListItem","position":1,"name":"Home","item":"https:\/\/passione500.it\/fr\/"},{"@type":"ListItem","position":2,"name":"Fiat 126","item":"https:\/\/staging.passione500.it\/fr\/fiat-126-fr\/"},{"@type":"ListItem","position":3,"name":"Carrosserie","item":"https:\/\/staging.passione500.it\/fr\/fiat-126-fr\/carrosserie-126-fr\/"},{"@type":"ListItem","position":4,"name":"\u00c9l\u00e9ment de Connexion Lat\u00e9ral Arri\u00e8re \/ Inf\u00e9rieure Droite \/ Fiat 126 &#8211; 126 Personal -126 FSM"}]},{"@type":"WebSite","@id":"https:\/\/staging.passione500.it\/fr\/#website","url":"https:\/\/staging.passione500.it\/fr\/","name":"Passione 500","description":"Ricambi Fiat 500 d&#039;Epoca","publisher":{"@id":"https:\/\/staging.passione500.it\/fr\/#organization"},"potentialAction":[{"@type":"SearchAction","target":{"@type":"EntryPoint","urlTemplate":"https:\/\/staging.passione500.it\/fr\/?s={search_term_string}"},"query-input":{"@type":"PropertyValueSpecification","valueRequired":true,"valueName":"search_term_string"}}],"inLanguage":"fr-FR"},{"@type":"Organization","@id":"https:\/\/staging.passione500.it\/fr\/#organization","name":"Passione 500","url":"https:\/\/staging.passione500.it\/fr\/","logo":{"@type":"ImageObject","inLanguage":"fr-FR","@id":"https:\/\/staging.passione500.it\/fr\/#\/schema\/logo\/image\/","url":"https:\/\/staging.passione500.it\/wp-content\/uploads\/2025\/12\/PASSIONE-LOGO-APPROVATO.png","contentUrl":"https:\/\/staging.passione500.it\/wp-content\/uploads\/2025\/12\/PASSIONE-LOGO-APPROVATO.png","width":348,"height":125,"caption":"Passione 500"},"image":{"@id":"https:\/\/staging.passione500.it\/fr\/#\/schema\/logo\/image\/"}}]}},"_links":{"self":[{"href":"https:\/\/staging.passione500.it\/fr\/wp-json\/wp\/v2\/product\/49500","targetHints":{"allow":["GET"]}}],"collection":[{"href":"https:\/\/staging.passione500.it\/fr\/wp-json\/wp\/v2\/product"}],"about":[{"href":"https:\/\/staging.passione500.it\/fr\/wp-json\/wp\/v2\/types\/product"}],"wp:featuredmedia":[{"embeddable":true,"href":"https:\/\/staging.passione500.it\/fr\/wp-json\/wp\/v2\/media\/49483"}],"wp:attachment":[{"href":"https:\/\/staging.passione500.it\/fr\/wp-json\/wp\/v2\/media?parent=49500"}],"wp:term":[{"taxonomy":"product_brand","embeddable":true,"href":"https:\/\/staging.passione500.it\/fr\/wp-json\/wp\/v2\/product_brand?post=49500"},{"taxonomy":"product_cat","embeddable":true,"href":"https:\/\/staging.passione500.it\/fr\/wp-json\/wp\/v2\/product_cat?post=49500"},{"taxonomy":"product_tag","embeddable":true,"href":"https:\/\/staging.passione500.it\/fr\/wp-json\/wp\/v2\/product_tag?post=49500"}],"curies":[{"name":"wp","href":"https:\/\/api.w.org\/{rel}","templated":true}]}}