{"id":4851,"date":"2023-02-10T12:08:47","date_gmt":"2023-02-10T11:08:48","guid":{"rendered":"https:\/\/staging.passione500.it\/?post_type=product&#038;p=4851"},"modified":"2024-09-24T14:08:16","modified_gmt":"2024-09-24T12:08:16","slug":"rondelle-elastique-pour-poignee-deflecteur-fiat-500","status":"publish","type":"product","link":"https:\/\/staging.passione500.it\/fr\/fiat-500-fr\/fiat-500-n-fr\/vitres-et-particulier-n-fr\/vitres-particulier-vitres-et-particulier-n-fr\/rondelle-elastique-pour-poignee-deflecteur-fiat-500\/","title":{"rendered":"Rondelle \u00c9lastique pour Poign\u00e9e D\u00e9flecteur Fiat 500"},"content":{"rendered":"<h4>Pour une voiture compl\u00e8te il est n\u00e9cessaire d&rsquo;acheter 2 pi\u00e8ces<\/h4>\n","protected":false},"excerpt":{"rendered":"<p>Prodotto in offerta fino a maggio.<\/p>\n","protected":false},"featured_media":4855,"template":"","meta":{"_et_pb_use_builder":"","_et_pb_old_content":"","_et_gb_content_width":""},"product_brand":[],"product_cat":[1022,1025,2602,1028,1031,661,1019,1264,1991,1993,2591,1504,1505,1992],"product_tag":[],"class_list":{"0":"post-4851","1":"product","2":"type-product","3":"status-publish","4":"has-post-thumbnail","6":"product_cat-vitres-particulier-vitres-et-particulier-f-fr","7":"product_cat-vitres-particulier-vitres-et-particulier-l-fr","8":"product_cat-vitres-particulier-vitres-et-particulier-tt-fr","9":"product_cat-vitres-particulier-vitres-et-particulier-r-fr","10":"product_cat-vitres-particulier-vitres-et-particulier-giardiniera-fr","11":"product_cat-vitres-particulier-vitres-et-particulier-n-fr","12":"product_cat-vitres-particulier-vitres-et-particulier-d-fr","13":"product_cat-vis-et-pieces-de-fixation-n-fr","14":"product_cat-vis-et-pieces-de-fixation-d-fr","15":"product_cat-vis-et-pieces-de-fixation-giard-fr","16":"product_cat-vis-et-pieces-de-fixation-tt-fr","17":"product_cat-vis-et-pieces-de-fixation-f-fr","18":"product_cat-vis-et-pieces-de-fixation-l-fr","19":"product_cat-vis-et-pieces-de-fixation-r-fr","20":"product_shipping_class-shipping-1-fr","22":"first","23":"instock","24":"taxable","25":"shipping-taxable","26":"purchasable","27":"product-type-simple"},"yoast_head":"<!-- This site is optimized with the Yoast SEO plugin v27.3 - https:\/\/yoast.com\/product\/yoast-seo-wordpress\/ -->\n<title>Rondelle \u00c9lastique pour Poign\u00e9e D\u00e9flecteur Fiat 500 - Passione 500<\/title>\n<meta name=\"description\" content=\"Retrouvez sur notre site Rondelle \u00c9lastique pour Poign\u00e9e D\u00e9flecteur Fiat 500. Plus de 3000 pi\u00e8ces d\u00e9tach\u00e9es disponibles en stock. PROFITEZ DE NOS OFFRES!\" \/>\n<meta name=\"robots\" content=\"noindex, follow, max-snippet:-1, max-image-preview:large, max-video-preview:-1\" \/>\n<meta property=\"og:locale\" content=\"fr_FR\" \/>\n<meta property=\"og:type\" content=\"article\" \/>\n<meta property=\"og:title\" content=\"Rondelle \u00c9lastique pour Poign\u00e9e D\u00e9flecteur Fiat 500 - Passione 500\" \/>\n<meta property=\"og:description\" content=\"Retrouvez sur notre site Rondelle \u00c9lastique pour Poign\u00e9e D\u00e9flecteur Fiat 500. Plus de 3000 pi\u00e8ces d\u00e9tach\u00e9es disponibles en stock. PROFITEZ DE NOS OFFRES!\" \/>\n<meta property=\"og:url\" content=\"https:\/\/staging.passione500.it\/fr\/fiat-500-fr\/fiat-500-n-fr\/vitres-et-particulier-n-fr\/vitres-particulier-vitres-et-particulier-n-fr\/rondelle-elastique-pour-poignee-deflecteur-fiat-500\/\" \/>\n<meta property=\"og:site_name\" content=\"Passione 500\" \/>\n<meta property=\"article:modified_time\" content=\"2024-09-24T12:08:16+00:00\" \/>\n<meta property=\"og:image\" content=\"https:\/\/passione500.it\/wp-content\/uploads\/2023\/02\/IMG_1010.jpg\" \/>\n\t<meta property=\"og:image:width\" content=\"2048\" \/>\n\t<meta property=\"og:image:height\" content=\"1536\" \/>\n\t<meta property=\"og:image:type\" content=\"image\/jpeg\" \/>\n<meta name=\"twitter:card\" content=\"summary_large_image\" \/>\n<meta name=\"twitter:label1\" content=\"Dur\u00e9e de lecture estim\u00e9e\" \/>\n\t<meta name=\"twitter:data1\" content=\"1 minute\" \/>\n<script type=\"application\/ld+json\" class=\"yoast-schema-graph\">{\"@context\":\"https:\\\/\\\/schema.org\",\"@graph\":[{\"@type\":\"WebPage\",\"@id\":\"https:\\\/\\\/staging.passione500.it\\\/fr\\\/fiat-500-fr\\\/fiat-500-n-fr\\\/vitres-et-particulier-n-fr\\\/vitres-particulier-vitres-et-particulier-n-fr\\\/rondelle-elastique-pour-poignee-deflecteur-fiat-500\\\/\",\"url\":\"https:\\\/\\\/staging.passione500.it\\\/fr\\\/fiat-500-fr\\\/fiat-500-n-fr\\\/vitres-et-particulier-n-fr\\\/vitres-particulier-vitres-et-particulier-n-fr\\\/rondelle-elastique-pour-poignee-deflecteur-fiat-500\\\/\",\"name\":\"Rondelle \u00c9lastique pour Poign\u00e9e D\u00e9flecteur Fiat 500 - Passione 500\",\"isPartOf\":{\"@id\":\"https:\\\/\\\/staging.passione500.it\\\/fr\\\/#website\"},\"primaryImageOfPage\":{\"@id\":\"https:\\\/\\\/staging.passione500.it\\\/fr\\\/fiat-500-fr\\\/fiat-500-n-fr\\\/vitres-et-particulier-n-fr\\\/vitres-particulier-vitres-et-particulier-n-fr\\\/rondelle-elastique-pour-poignee-deflecteur-fiat-500\\\/#primaryimage\"},\"image\":{\"@id\":\"https:\\\/\\\/staging.passione500.it\\\/fr\\\/fiat-500-fr\\\/fiat-500-n-fr\\\/vitres-et-particulier-n-fr\\\/vitres-particulier-vitres-et-particulier-n-fr\\\/rondelle-elastique-pour-poignee-deflecteur-fiat-500\\\/#primaryimage\"},\"thumbnailUrl\":\"https:\\\/\\\/staging.passione500.it\\\/wp-content\\\/uploads\\\/2023\\\/02\\\/IMG_1010.jpg\",\"datePublished\":\"2023-02-10T11:08:48+00:00\",\"dateModified\":\"2024-09-24T12:08:16+00:00\",\"description\":\"Retrouvez sur notre site Rondelle \u00c9lastique pour Poign\u00e9e D\u00e9flecteur Fiat 500. Plus de 3000 pi\u00e8ces d\u00e9tach\u00e9es disponibles en stock. PROFITEZ DE NOS OFFRES!\",\"breadcrumb\":{\"@id\":\"https:\\\/\\\/staging.passione500.it\\\/fr\\\/fiat-500-fr\\\/fiat-500-n-fr\\\/vitres-et-particulier-n-fr\\\/vitres-particulier-vitres-et-particulier-n-fr\\\/rondelle-elastique-pour-poignee-deflecteur-fiat-500\\\/#breadcrumb\"},\"inLanguage\":\"fr-FR\",\"potentialAction\":[{\"@type\":\"ReadAction\",\"target\":[\"https:\\\/\\\/staging.passione500.it\\\/fr\\\/fiat-500-fr\\\/fiat-500-n-fr\\\/vitres-et-particulier-n-fr\\\/vitres-particulier-vitres-et-particulier-n-fr\\\/rondelle-elastique-pour-poignee-deflecteur-fiat-500\\\/\"]}]},{\"@type\":\"ImageObject\",\"inLanguage\":\"fr-FR\",\"@id\":\"https:\\\/\\\/staging.passione500.it\\\/fr\\\/fiat-500-fr\\\/fiat-500-n-fr\\\/vitres-et-particulier-n-fr\\\/vitres-particulier-vitres-et-particulier-n-fr\\\/rondelle-elastique-pour-poignee-deflecteur-fiat-500\\\/#primaryimage\",\"url\":\"https:\\\/\\\/staging.passione500.it\\\/wp-content\\\/uploads\\\/2023\\\/02\\\/IMG_1010.jpg\",\"contentUrl\":\"https:\\\/\\\/staging.passione500.it\\\/wp-content\\\/uploads\\\/2023\\\/02\\\/IMG_1010.jpg\",\"width\":2048,\"height\":1536,\"caption\":\"rondella deflettore fiat 500\"},{\"@type\":\"BreadcrumbList\",\"@id\":\"https:\\\/\\\/staging.passione500.it\\\/fr\\\/fiat-500-fr\\\/fiat-500-n-fr\\\/vitres-et-particulier-n-fr\\\/vitres-particulier-vitres-et-particulier-n-fr\\\/rondelle-elastique-pour-poignee-deflecteur-fiat-500\\\/#breadcrumb\",\"itemListElement\":[{\"@type\":\"ListItem\",\"position\":1,\"name\":\"Home\",\"item\":\"https:\\\/\\\/passione500.it\\\/fr\\\/\"},{\"@type\":\"ListItem\",\"position\":2,\"name\":\"Fiat 500\",\"item\":\"https:\\\/\\\/staging.passione500.it\\\/fr\\\/fiat-500-fr\\\/\"},{\"@type\":\"ListItem\",\"position\":3,\"name\":\"Fiat 500 N\",\"item\":\"https:\\\/\\\/staging.passione500.it\\\/fr\\\/fiat-500-fr\\\/fiat-500-n-fr\\\/\"},{\"@type\":\"ListItem\",\"position\":4,\"name\":\"Vitres et Particulier\",\"item\":\"https:\\\/\\\/staging.passione500.it\\\/fr\\\/fiat-500-fr\\\/fiat-500-n-fr\\\/vitres-et-particulier-n-fr\\\/\"},{\"@type\":\"ListItem\",\"position\":5,\"name\":\"Vitres Particulier\",\"item\":\"https:\\\/\\\/staging.passione500.it\\\/fr\\\/fiat-500-fr\\\/fiat-500-n-fr\\\/vitres-et-particulier-n-fr\\\/vitres-particulier-vitres-et-particulier-n-fr\\\/\"},{\"@type\":\"ListItem\",\"position\":6,\"name\":\"Rondelle \u00c9lastique pour Poign\u00e9e D\u00e9flecteur Fiat 500\"}]},{\"@type\":\"WebSite\",\"@id\":\"https:\\\/\\\/staging.passione500.it\\\/fr\\\/#website\",\"url\":\"https:\\\/\\\/staging.passione500.it\\\/fr\\\/\",\"name\":\"Passione 500\",\"description\":\"Ricambi Fiat 500 d&#039;Epoca\",\"publisher\":{\"@id\":\"https:\\\/\\\/staging.passione500.it\\\/fr\\\/#organization\"},\"potentialAction\":[{\"@type\":\"SearchAction\",\"target\":{\"@type\":\"EntryPoint\",\"urlTemplate\":\"https:\\\/\\\/staging.passione500.it\\\/fr\\\/?s={search_term_string}\"},\"query-input\":{\"@type\":\"PropertyValueSpecification\",\"valueRequired\":true,\"valueName\":\"search_term_string\"}}],\"inLanguage\":\"fr-FR\"},{\"@type\":\"Organization\",\"@id\":\"https:\\\/\\\/staging.passione500.it\\\/fr\\\/#organization\",\"name\":\"Passione 500\",\"url\":\"https:\\\/\\\/staging.passione500.it\\\/fr\\\/\",\"logo\":{\"@type\":\"ImageObject\",\"inLanguage\":\"fr-FR\",\"@id\":\"https:\\\/\\\/staging.passione500.it\\\/fr\\\/#\\\/schema\\\/logo\\\/image\\\/\",\"url\":\"https:\\\/\\\/staging.passione500.it\\\/wp-content\\\/uploads\\\/2025\\\/12\\\/PASSIONE-LOGO-APPROVATO.png\",\"contentUrl\":\"https:\\\/\\\/staging.passione500.it\\\/wp-content\\\/uploads\\\/2025\\\/12\\\/PASSIONE-LOGO-APPROVATO.png\",\"width\":348,\"height\":125,\"caption\":\"Passione 500\"},\"image\":{\"@id\":\"https:\\\/\\\/staging.passione500.it\\\/fr\\\/#\\\/schema\\\/logo\\\/image\\\/\"}}]}<\/script>\n<!-- \/ Yoast SEO plugin. -->","yoast_head_json":{"title":"Rondelle \u00c9lastique pour Poign\u00e9e D\u00e9flecteur Fiat 500 - Passione 500","description":"Retrouvez sur notre site Rondelle \u00c9lastique pour Poign\u00e9e D\u00e9flecteur Fiat 500. Plus de 3000 pi\u00e8ces d\u00e9tach\u00e9es disponibles en stock. PROFITEZ DE NOS OFFRES!","robots":{"index":"noindex","follow":"follow","max-snippet":"max-snippet:-1","max-image-preview":"max-image-preview:large","max-video-preview":"max-video-preview:-1"},"og_locale":"fr_FR","og_type":"article","og_title":"Rondelle \u00c9lastique pour Poign\u00e9e D\u00e9flecteur Fiat 500 - Passione 500","og_description":"Retrouvez sur notre site Rondelle \u00c9lastique pour Poign\u00e9e D\u00e9flecteur Fiat 500. Plus de 3000 pi\u00e8ces d\u00e9tach\u00e9es disponibles en stock. PROFITEZ DE NOS OFFRES!","og_url":"https:\/\/staging.passione500.it\/fr\/fiat-500-fr\/fiat-500-n-fr\/vitres-et-particulier-n-fr\/vitres-particulier-vitres-et-particulier-n-fr\/rondelle-elastique-pour-poignee-deflecteur-fiat-500\/","og_site_name":"Passione 500","article_modified_time":"2024-09-24T12:08:16+00:00","og_image":[{"width":2048,"height":1536,"url":"https:\/\/passione500.it\/wp-content\/uploads\/2023\/02\/IMG_1010.jpg","type":"image\/jpeg"}],"twitter_card":"summary_large_image","twitter_misc":{"Dur\u00e9e de lecture estim\u00e9e":"1 minute"},"schema":{"@context":"https:\/\/schema.org","@graph":[{"@type":"WebPage","@id":"https:\/\/staging.passione500.it\/fr\/fiat-500-fr\/fiat-500-n-fr\/vitres-et-particulier-n-fr\/vitres-particulier-vitres-et-particulier-n-fr\/rondelle-elastique-pour-poignee-deflecteur-fiat-500\/","url":"https:\/\/staging.passione500.it\/fr\/fiat-500-fr\/fiat-500-n-fr\/vitres-et-particulier-n-fr\/vitres-particulier-vitres-et-particulier-n-fr\/rondelle-elastique-pour-poignee-deflecteur-fiat-500\/","name":"Rondelle \u00c9lastique pour Poign\u00e9e D\u00e9flecteur Fiat 500 - Passione 500","isPartOf":{"@id":"https:\/\/staging.passione500.it\/fr\/#website"},"primaryImageOfPage":{"@id":"https:\/\/staging.passione500.it\/fr\/fiat-500-fr\/fiat-500-n-fr\/vitres-et-particulier-n-fr\/vitres-particulier-vitres-et-particulier-n-fr\/rondelle-elastique-pour-poignee-deflecteur-fiat-500\/#primaryimage"},"image":{"@id":"https:\/\/staging.passione500.it\/fr\/fiat-500-fr\/fiat-500-n-fr\/vitres-et-particulier-n-fr\/vitres-particulier-vitres-et-particulier-n-fr\/rondelle-elastique-pour-poignee-deflecteur-fiat-500\/#primaryimage"},"thumbnailUrl":"https:\/\/staging.passione500.it\/wp-content\/uploads\/2023\/02\/IMG_1010.jpg","datePublished":"2023-02-10T11:08:48+00:00","dateModified":"2024-09-24T12:08:16+00:00","description":"Retrouvez sur notre site Rondelle \u00c9lastique pour Poign\u00e9e D\u00e9flecteur Fiat 500. Plus de 3000 pi\u00e8ces d\u00e9tach\u00e9es disponibles en stock. PROFITEZ DE NOS OFFRES!","breadcrumb":{"@id":"https:\/\/staging.passione500.it\/fr\/fiat-500-fr\/fiat-500-n-fr\/vitres-et-particulier-n-fr\/vitres-particulier-vitres-et-particulier-n-fr\/rondelle-elastique-pour-poignee-deflecteur-fiat-500\/#breadcrumb"},"inLanguage":"fr-FR","potentialAction":[{"@type":"ReadAction","target":["https:\/\/staging.passione500.it\/fr\/fiat-500-fr\/fiat-500-n-fr\/vitres-et-particulier-n-fr\/vitres-particulier-vitres-et-particulier-n-fr\/rondelle-elastique-pour-poignee-deflecteur-fiat-500\/"]}]},{"@type":"ImageObject","inLanguage":"fr-FR","@id":"https:\/\/staging.passione500.it\/fr\/fiat-500-fr\/fiat-500-n-fr\/vitres-et-particulier-n-fr\/vitres-particulier-vitres-et-particulier-n-fr\/rondelle-elastique-pour-poignee-deflecteur-fiat-500\/#primaryimage","url":"https:\/\/staging.passione500.it\/wp-content\/uploads\/2023\/02\/IMG_1010.jpg","contentUrl":"https:\/\/staging.passione500.it\/wp-content\/uploads\/2023\/02\/IMG_1010.jpg","width":2048,"height":1536,"caption":"rondella deflettore fiat 500"},{"@type":"BreadcrumbList","@id":"https:\/\/staging.passione500.it\/fr\/fiat-500-fr\/fiat-500-n-fr\/vitres-et-particulier-n-fr\/vitres-particulier-vitres-et-particulier-n-fr\/rondelle-elastique-pour-poignee-deflecteur-fiat-500\/#breadcrumb","itemListElement":[{"@type":"ListItem","position":1,"name":"Home","item":"https:\/\/passione500.it\/fr\/"},{"@type":"ListItem","position":2,"name":"Fiat 500","item":"https:\/\/staging.passione500.it\/fr\/fiat-500-fr\/"},{"@type":"ListItem","position":3,"name":"Fiat 500 N","item":"https:\/\/staging.passione500.it\/fr\/fiat-500-fr\/fiat-500-n-fr\/"},{"@type":"ListItem","position":4,"name":"Vitres et Particulier","item":"https:\/\/staging.passione500.it\/fr\/fiat-500-fr\/fiat-500-n-fr\/vitres-et-particulier-n-fr\/"},{"@type":"ListItem","position":5,"name":"Vitres Particulier","item":"https:\/\/staging.passione500.it\/fr\/fiat-500-fr\/fiat-500-n-fr\/vitres-et-particulier-n-fr\/vitres-particulier-vitres-et-particulier-n-fr\/"},{"@type":"ListItem","position":6,"name":"Rondelle \u00c9lastique pour Poign\u00e9e D\u00e9flecteur Fiat 500"}]},{"@type":"WebSite","@id":"https:\/\/staging.passione500.it\/fr\/#website","url":"https:\/\/staging.passione500.it\/fr\/","name":"Passione 500","description":"Ricambi Fiat 500 d&#039;Epoca","publisher":{"@id":"https:\/\/staging.passione500.it\/fr\/#organization"},"potentialAction":[{"@type":"SearchAction","target":{"@type":"EntryPoint","urlTemplate":"https:\/\/staging.passione500.it\/fr\/?s={search_term_string}"},"query-input":{"@type":"PropertyValueSpecification","valueRequired":true,"valueName":"search_term_string"}}],"inLanguage":"fr-FR"},{"@type":"Organization","@id":"https:\/\/staging.passione500.it\/fr\/#organization","name":"Passione 500","url":"https:\/\/staging.passione500.it\/fr\/","logo":{"@type":"ImageObject","inLanguage":"fr-FR","@id":"https:\/\/staging.passione500.it\/fr\/#\/schema\/logo\/image\/","url":"https:\/\/staging.passione500.it\/wp-content\/uploads\/2025\/12\/PASSIONE-LOGO-APPROVATO.png","contentUrl":"https:\/\/staging.passione500.it\/wp-content\/uploads\/2025\/12\/PASSIONE-LOGO-APPROVATO.png","width":348,"height":125,"caption":"Passione 500"},"image":{"@id":"https:\/\/staging.passione500.it\/fr\/#\/schema\/logo\/image\/"}}]}},"_links":{"self":[{"href":"https:\/\/staging.passione500.it\/fr\/wp-json\/wp\/v2\/product\/4851","targetHints":{"allow":["GET"]}}],"collection":[{"href":"https:\/\/staging.passione500.it\/fr\/wp-json\/wp\/v2\/product"}],"about":[{"href":"https:\/\/staging.passione500.it\/fr\/wp-json\/wp\/v2\/types\/product"}],"wp:featuredmedia":[{"embeddable":true,"href":"https:\/\/staging.passione500.it\/fr\/wp-json\/wp\/v2\/media\/4855"}],"wp:attachment":[{"href":"https:\/\/staging.passione500.it\/fr\/wp-json\/wp\/v2\/media?parent=4851"}],"wp:term":[{"taxonomy":"product_brand","embeddable":true,"href":"https:\/\/staging.passione500.it\/fr\/wp-json\/wp\/v2\/product_brand?post=4851"},{"taxonomy":"product_cat","embeddable":true,"href":"https:\/\/staging.passione500.it\/fr\/wp-json\/wp\/v2\/product_cat?post=4851"},{"taxonomy":"product_tag","embeddable":true,"href":"https:\/\/staging.passione500.it\/fr\/wp-json\/wp\/v2\/product_tag?post=4851"}],"curies":[{"name":"wp","href":"https:\/\/api.w.org\/{rel}","templated":true}]}}