{"id":4404,"date":"2023-01-26T15:52:29","date_gmt":"2023-01-26T14:52:30","guid":{"rendered":"https:\/\/staging.passione500.it\/?post_type=product&#038;p=4404"},"modified":"2024-09-23T11:06:54","modified_gmt":"2024-09-23T09:06:54","slug":"peinture-de-retouche-pour-la-carrosserie-fiat-500-couleur-fiat-nr-276-giallo-tahiti","status":"publish","type":"product","link":"https:\/\/staging.passione500.it\/fr\/fiat-500-fr\/fiat-500-n-fr\/carrosserie-n-fr\/retouche-de-peinture-carrosserie-n-fr\/peinture-de-retouche-pour-la-carrosserie-fiat-500-couleur-fiat-nr-276-giallo-tahiti\/","title":{"rendered":"Peinture de Retouche pour la Carrosserie Fiat 500 &#8211; Couleur Fiat nr.276 \u00ab\u00a0Giallo Tahiti\u00a0\u00bb"},"content":{"rendered":"<h4>Peinture pour carrosserie en r\u00e9cipient en verre d&rsquo;une contenance de 30 ml. \u00e9quip\u00e9 d&rsquo;un pinceau pour l&rsquo;application.<\/h4>\n<h4>Convient pour \u00e9liminer ou am\u00e9liorer les d\u00e9fauts ou les petites imperfections de peinture sur la carrosserie caus\u00e9s par des rayures ou un d\u00e9collement de la peinture.<\/h4>\n","protected":false},"excerpt":{"rendered":"<p>Prodotto in offerta fino a maggio.<\/p>\n","protected":false},"featured_media":4407,"template":"","meta":{"_et_pb_use_builder":"","_et_pb_old_content":"","_et_gb_content_width":""},"product_brand":[],"product_cat":[950,953,956,959,2414,652,947],"product_tag":[],"class_list":{"0":"post-4404","1":"product","2":"type-product","3":"status-publish","4":"has-post-thumbnail","6":"product_cat-retouche-de-peinture-carrosserie-f-fr","7":"product_cat-retouche-de-peinture-carrosserie-l-fr","8":"product_cat-retouche-de-peinture-carrosserie-r-fr","9":"product_cat-retouche-de-peinture-carrosserie-giardiniera-fr","10":"product_cat-retouche-de-peinture-tt-fr","11":"product_cat-retouche-de-peinture-carrosserie-n-fr","12":"product_cat-retouche-de-peinture-carrosserie-d-fr","14":"first","15":"instock","16":"taxable","17":"shipping-taxable","18":"purchasable","19":"product-type-simple"},"yoast_head":"<!-- This site is optimized with the Yoast SEO plugin v27.3 - https:\/\/yoast.com\/product\/yoast-seo-wordpress\/ -->\n<title>Peinture de Retouche pour la Carrosserie Fiat 500 | Passione 500<\/title>\n<meta name=\"description\" content=\"Retrouvez sur notre site Peinture de Retouche pour la Carrosserie Fiat 500. Plus de 3000 pi\u00e8ces d\u00e9tach\u00e9es disponibles en stock. PROFITEZ DE NOS OFFRES!\" \/>\n<meta name=\"robots\" content=\"noindex, follow, max-snippet:-1, max-image-preview:large, max-video-preview:-1\" \/>\n<meta property=\"og:locale\" content=\"fr_FR\" \/>\n<meta property=\"og:type\" content=\"article\" \/>\n<meta property=\"og:title\" content=\"Peinture de Retouche pour la Carrosserie Fiat 500 | Passione 500\" \/>\n<meta property=\"og:description\" content=\"Retrouvez sur notre site Peinture de Retouche pour la Carrosserie Fiat 500. Plus de 3000 pi\u00e8ces d\u00e9tach\u00e9es disponibles en stock. PROFITEZ DE NOS OFFRES!\" \/>\n<meta property=\"og:url\" content=\"https:\/\/staging.passione500.it\/fr\/fiat-500-fr\/fiat-500-n-fr\/carrosserie-n-fr\/retouche-de-peinture-carrosserie-n-fr\/peinture-de-retouche-pour-la-carrosserie-fiat-500-couleur-fiat-nr-276-giallo-tahiti\/\" \/>\n<meta property=\"og:site_name\" content=\"Passione 500\" \/>\n<meta property=\"article:modified_time\" content=\"2024-09-23T09:06:54+00:00\" \/>\n<meta property=\"og:image\" content=\"https:\/\/passione500.it\/wp-content\/uploads\/2023\/01\/276.jpg\" \/>\n\t<meta property=\"og:image:width\" content=\"2048\" \/>\n\t<meta property=\"og:image:height\" content=\"1536\" \/>\n\t<meta property=\"og:image:type\" content=\"image\/jpeg\" \/>\n<meta name=\"twitter:card\" content=\"summary_large_image\" \/>\n<meta name=\"twitter:label1\" content=\"Dur\u00e9e de lecture estim\u00e9e\" \/>\n\t<meta name=\"twitter:data1\" content=\"1 minute\" \/>\n<script type=\"application\/ld+json\" class=\"yoast-schema-graph\">{\"@context\":\"https:\\\/\\\/schema.org\",\"@graph\":[{\"@type\":\"WebPage\",\"@id\":\"https:\\\/\\\/staging.passione500.it\\\/fr\\\/fiat-500-fr\\\/fiat-500-n-fr\\\/carrosserie-n-fr\\\/retouche-de-peinture-carrosserie-n-fr\\\/peinture-de-retouche-pour-la-carrosserie-fiat-500-couleur-fiat-nr-276-giallo-tahiti\\\/\",\"url\":\"https:\\\/\\\/staging.passione500.it\\\/fr\\\/fiat-500-fr\\\/fiat-500-n-fr\\\/carrosserie-n-fr\\\/retouche-de-peinture-carrosserie-n-fr\\\/peinture-de-retouche-pour-la-carrosserie-fiat-500-couleur-fiat-nr-276-giallo-tahiti\\\/\",\"name\":\"Peinture de Retouche pour la Carrosserie Fiat 500 | Passione 500\",\"isPartOf\":{\"@id\":\"https:\\\/\\\/staging.passione500.it\\\/fr\\\/#website\"},\"primaryImageOfPage\":{\"@id\":\"https:\\\/\\\/staging.passione500.it\\\/fr\\\/fiat-500-fr\\\/fiat-500-n-fr\\\/carrosserie-n-fr\\\/retouche-de-peinture-carrosserie-n-fr\\\/peinture-de-retouche-pour-la-carrosserie-fiat-500-couleur-fiat-nr-276-giallo-tahiti\\\/#primaryimage\"},\"image\":{\"@id\":\"https:\\\/\\\/staging.passione500.it\\\/fr\\\/fiat-500-fr\\\/fiat-500-n-fr\\\/carrosserie-n-fr\\\/retouche-de-peinture-carrosserie-n-fr\\\/peinture-de-retouche-pour-la-carrosserie-fiat-500-couleur-fiat-nr-276-giallo-tahiti\\\/#primaryimage\"},\"thumbnailUrl\":\"https:\\\/\\\/staging.passione500.it\\\/wp-content\\\/uploads\\\/2023\\\/01\\\/276.jpg\",\"datePublished\":\"2023-01-26T14:52:30+00:00\",\"dateModified\":\"2024-09-23T09:06:54+00:00\",\"description\":\"Retrouvez sur notre site Peinture de Retouche pour la Carrosserie Fiat 500. Plus de 3000 pi\u00e8ces d\u00e9tach\u00e9es disponibles en stock. PROFITEZ DE NOS OFFRES!\",\"breadcrumb\":{\"@id\":\"https:\\\/\\\/staging.passione500.it\\\/fr\\\/fiat-500-fr\\\/fiat-500-n-fr\\\/carrosserie-n-fr\\\/retouche-de-peinture-carrosserie-n-fr\\\/peinture-de-retouche-pour-la-carrosserie-fiat-500-couleur-fiat-nr-276-giallo-tahiti\\\/#breadcrumb\"},\"inLanguage\":\"fr-FR\",\"potentialAction\":[{\"@type\":\"ReadAction\",\"target\":[\"https:\\\/\\\/staging.passione500.it\\\/fr\\\/fiat-500-fr\\\/fiat-500-n-fr\\\/carrosserie-n-fr\\\/retouche-de-peinture-carrosserie-n-fr\\\/peinture-de-retouche-pour-la-carrosserie-fiat-500-couleur-fiat-nr-276-giallo-tahiti\\\/\"]}]},{\"@type\":\"ImageObject\",\"inLanguage\":\"fr-FR\",\"@id\":\"https:\\\/\\\/staging.passione500.it\\\/fr\\\/fiat-500-fr\\\/fiat-500-n-fr\\\/carrosserie-n-fr\\\/retouche-de-peinture-carrosserie-n-fr\\\/peinture-de-retouche-pour-la-carrosserie-fiat-500-couleur-fiat-nr-276-giallo-tahiti\\\/#primaryimage\",\"url\":\"https:\\\/\\\/staging.passione500.it\\\/wp-content\\\/uploads\\\/2023\\\/01\\\/276.jpg\",\"contentUrl\":\"https:\\\/\\\/staging.passione500.it\\\/wp-content\\\/uploads\\\/2023\\\/01\\\/276.jpg\",\"width\":2048,\"height\":1536,\"caption\":\"vernice ritocco Fiat 276\"},{\"@type\":\"BreadcrumbList\",\"@id\":\"https:\\\/\\\/staging.passione500.it\\\/fr\\\/fiat-500-fr\\\/fiat-500-n-fr\\\/carrosserie-n-fr\\\/retouche-de-peinture-carrosserie-n-fr\\\/peinture-de-retouche-pour-la-carrosserie-fiat-500-couleur-fiat-nr-276-giallo-tahiti\\\/#breadcrumb\",\"itemListElement\":[{\"@type\":\"ListItem\",\"position\":1,\"name\":\"Home\",\"item\":\"https:\\\/\\\/passione500.it\\\/fr\\\/\"},{\"@type\":\"ListItem\",\"position\":2,\"name\":\"Fiat 500\",\"item\":\"https:\\\/\\\/staging.passione500.it\\\/fr\\\/fiat-500-fr\\\/\"},{\"@type\":\"ListItem\",\"position\":3,\"name\":\"Fiat 500 N\",\"item\":\"https:\\\/\\\/staging.passione500.it\\\/fr\\\/fiat-500-fr\\\/fiat-500-n-fr\\\/\"},{\"@type\":\"ListItem\",\"position\":4,\"name\":\"Carrosserie\",\"item\":\"https:\\\/\\\/staging.passione500.it\\\/fr\\\/fiat-500-fr\\\/fiat-500-n-fr\\\/carrosserie-n-fr\\\/\"},{\"@type\":\"ListItem\",\"position\":5,\"name\":\"Retouche de Peinture\",\"item\":\"https:\\\/\\\/staging.passione500.it\\\/fr\\\/fiat-500-fr\\\/fiat-500-n-fr\\\/carrosserie-n-fr\\\/retouche-de-peinture-carrosserie-n-fr\\\/\"},{\"@type\":\"ListItem\",\"position\":6,\"name\":\"Peinture de Retouche pour la Carrosserie Fiat 500 &#8211; Couleur Fiat nr.276 \u00ab\u00a0Giallo Tahiti\u00a0\u00bb\"}]},{\"@type\":\"WebSite\",\"@id\":\"https:\\\/\\\/staging.passione500.it\\\/fr\\\/#website\",\"url\":\"https:\\\/\\\/staging.passione500.it\\\/fr\\\/\",\"name\":\"Passione 500\",\"description\":\"Ricambi Fiat 500 d&#039;Epoca\",\"publisher\":{\"@id\":\"https:\\\/\\\/staging.passione500.it\\\/fr\\\/#organization\"},\"potentialAction\":[{\"@type\":\"SearchAction\",\"target\":{\"@type\":\"EntryPoint\",\"urlTemplate\":\"https:\\\/\\\/staging.passione500.it\\\/fr\\\/?s={search_term_string}\"},\"query-input\":{\"@type\":\"PropertyValueSpecification\",\"valueRequired\":true,\"valueName\":\"search_term_string\"}}],\"inLanguage\":\"fr-FR\"},{\"@type\":\"Organization\",\"@id\":\"https:\\\/\\\/staging.passione500.it\\\/fr\\\/#organization\",\"name\":\"Passione 500\",\"url\":\"https:\\\/\\\/staging.passione500.it\\\/fr\\\/\",\"logo\":{\"@type\":\"ImageObject\",\"inLanguage\":\"fr-FR\",\"@id\":\"https:\\\/\\\/staging.passione500.it\\\/fr\\\/#\\\/schema\\\/logo\\\/image\\\/\",\"url\":\"https:\\\/\\\/staging.passione500.it\\\/wp-content\\\/uploads\\\/2025\\\/12\\\/PASSIONE-LOGO-APPROVATO.png\",\"contentUrl\":\"https:\\\/\\\/staging.passione500.it\\\/wp-content\\\/uploads\\\/2025\\\/12\\\/PASSIONE-LOGO-APPROVATO.png\",\"width\":348,\"height\":125,\"caption\":\"Passione 500\"},\"image\":{\"@id\":\"https:\\\/\\\/staging.passione500.it\\\/fr\\\/#\\\/schema\\\/logo\\\/image\\\/\"}}]}<\/script>\n<!-- \/ Yoast SEO plugin. -->","yoast_head_json":{"title":"Peinture de Retouche pour la Carrosserie Fiat 500 | Passione 500","description":"Retrouvez sur notre site Peinture de Retouche pour la Carrosserie Fiat 500. Plus de 3000 pi\u00e8ces d\u00e9tach\u00e9es disponibles en stock. PROFITEZ DE NOS OFFRES!","robots":{"index":"noindex","follow":"follow","max-snippet":"max-snippet:-1","max-image-preview":"max-image-preview:large","max-video-preview":"max-video-preview:-1"},"og_locale":"fr_FR","og_type":"article","og_title":"Peinture de Retouche pour la Carrosserie Fiat 500 | Passione 500","og_description":"Retrouvez sur notre site Peinture de Retouche pour la Carrosserie Fiat 500. Plus de 3000 pi\u00e8ces d\u00e9tach\u00e9es disponibles en stock. PROFITEZ DE NOS OFFRES!","og_url":"https:\/\/staging.passione500.it\/fr\/fiat-500-fr\/fiat-500-n-fr\/carrosserie-n-fr\/retouche-de-peinture-carrosserie-n-fr\/peinture-de-retouche-pour-la-carrosserie-fiat-500-couleur-fiat-nr-276-giallo-tahiti\/","og_site_name":"Passione 500","article_modified_time":"2024-09-23T09:06:54+00:00","og_image":[{"width":2048,"height":1536,"url":"https:\/\/passione500.it\/wp-content\/uploads\/2023\/01\/276.jpg","type":"image\/jpeg"}],"twitter_card":"summary_large_image","twitter_misc":{"Dur\u00e9e de lecture estim\u00e9e":"1 minute"},"schema":{"@context":"https:\/\/schema.org","@graph":[{"@type":"WebPage","@id":"https:\/\/staging.passione500.it\/fr\/fiat-500-fr\/fiat-500-n-fr\/carrosserie-n-fr\/retouche-de-peinture-carrosserie-n-fr\/peinture-de-retouche-pour-la-carrosserie-fiat-500-couleur-fiat-nr-276-giallo-tahiti\/","url":"https:\/\/staging.passione500.it\/fr\/fiat-500-fr\/fiat-500-n-fr\/carrosserie-n-fr\/retouche-de-peinture-carrosserie-n-fr\/peinture-de-retouche-pour-la-carrosserie-fiat-500-couleur-fiat-nr-276-giallo-tahiti\/","name":"Peinture de Retouche pour la Carrosserie Fiat 500 | Passione 500","isPartOf":{"@id":"https:\/\/staging.passione500.it\/fr\/#website"},"primaryImageOfPage":{"@id":"https:\/\/staging.passione500.it\/fr\/fiat-500-fr\/fiat-500-n-fr\/carrosserie-n-fr\/retouche-de-peinture-carrosserie-n-fr\/peinture-de-retouche-pour-la-carrosserie-fiat-500-couleur-fiat-nr-276-giallo-tahiti\/#primaryimage"},"image":{"@id":"https:\/\/staging.passione500.it\/fr\/fiat-500-fr\/fiat-500-n-fr\/carrosserie-n-fr\/retouche-de-peinture-carrosserie-n-fr\/peinture-de-retouche-pour-la-carrosserie-fiat-500-couleur-fiat-nr-276-giallo-tahiti\/#primaryimage"},"thumbnailUrl":"https:\/\/staging.passione500.it\/wp-content\/uploads\/2023\/01\/276.jpg","datePublished":"2023-01-26T14:52:30+00:00","dateModified":"2024-09-23T09:06:54+00:00","description":"Retrouvez sur notre site Peinture de Retouche pour la Carrosserie Fiat 500. Plus de 3000 pi\u00e8ces d\u00e9tach\u00e9es disponibles en stock. PROFITEZ DE NOS OFFRES!","breadcrumb":{"@id":"https:\/\/staging.passione500.it\/fr\/fiat-500-fr\/fiat-500-n-fr\/carrosserie-n-fr\/retouche-de-peinture-carrosserie-n-fr\/peinture-de-retouche-pour-la-carrosserie-fiat-500-couleur-fiat-nr-276-giallo-tahiti\/#breadcrumb"},"inLanguage":"fr-FR","potentialAction":[{"@type":"ReadAction","target":["https:\/\/staging.passione500.it\/fr\/fiat-500-fr\/fiat-500-n-fr\/carrosserie-n-fr\/retouche-de-peinture-carrosserie-n-fr\/peinture-de-retouche-pour-la-carrosserie-fiat-500-couleur-fiat-nr-276-giallo-tahiti\/"]}]},{"@type":"ImageObject","inLanguage":"fr-FR","@id":"https:\/\/staging.passione500.it\/fr\/fiat-500-fr\/fiat-500-n-fr\/carrosserie-n-fr\/retouche-de-peinture-carrosserie-n-fr\/peinture-de-retouche-pour-la-carrosserie-fiat-500-couleur-fiat-nr-276-giallo-tahiti\/#primaryimage","url":"https:\/\/staging.passione500.it\/wp-content\/uploads\/2023\/01\/276.jpg","contentUrl":"https:\/\/staging.passione500.it\/wp-content\/uploads\/2023\/01\/276.jpg","width":2048,"height":1536,"caption":"vernice ritocco Fiat 276"},{"@type":"BreadcrumbList","@id":"https:\/\/staging.passione500.it\/fr\/fiat-500-fr\/fiat-500-n-fr\/carrosserie-n-fr\/retouche-de-peinture-carrosserie-n-fr\/peinture-de-retouche-pour-la-carrosserie-fiat-500-couleur-fiat-nr-276-giallo-tahiti\/#breadcrumb","itemListElement":[{"@type":"ListItem","position":1,"name":"Home","item":"https:\/\/passione500.it\/fr\/"},{"@type":"ListItem","position":2,"name":"Fiat 500","item":"https:\/\/staging.passione500.it\/fr\/fiat-500-fr\/"},{"@type":"ListItem","position":3,"name":"Fiat 500 N","item":"https:\/\/staging.passione500.it\/fr\/fiat-500-fr\/fiat-500-n-fr\/"},{"@type":"ListItem","position":4,"name":"Carrosserie","item":"https:\/\/staging.passione500.it\/fr\/fiat-500-fr\/fiat-500-n-fr\/carrosserie-n-fr\/"},{"@type":"ListItem","position":5,"name":"Retouche de Peinture","item":"https:\/\/staging.passione500.it\/fr\/fiat-500-fr\/fiat-500-n-fr\/carrosserie-n-fr\/retouche-de-peinture-carrosserie-n-fr\/"},{"@type":"ListItem","position":6,"name":"Peinture de Retouche pour la Carrosserie Fiat 500 &#8211; Couleur Fiat nr.276 \u00ab\u00a0Giallo Tahiti\u00a0\u00bb"}]},{"@type":"WebSite","@id":"https:\/\/staging.passione500.it\/fr\/#website","url":"https:\/\/staging.passione500.it\/fr\/","name":"Passione 500","description":"Ricambi Fiat 500 d&#039;Epoca","publisher":{"@id":"https:\/\/staging.passione500.it\/fr\/#organization"},"potentialAction":[{"@type":"SearchAction","target":{"@type":"EntryPoint","urlTemplate":"https:\/\/staging.passione500.it\/fr\/?s={search_term_string}"},"query-input":{"@type":"PropertyValueSpecification","valueRequired":true,"valueName":"search_term_string"}}],"inLanguage":"fr-FR"},{"@type":"Organization","@id":"https:\/\/staging.passione500.it\/fr\/#organization","name":"Passione 500","url":"https:\/\/staging.passione500.it\/fr\/","logo":{"@type":"ImageObject","inLanguage":"fr-FR","@id":"https:\/\/staging.passione500.it\/fr\/#\/schema\/logo\/image\/","url":"https:\/\/staging.passione500.it\/wp-content\/uploads\/2025\/12\/PASSIONE-LOGO-APPROVATO.png","contentUrl":"https:\/\/staging.passione500.it\/wp-content\/uploads\/2025\/12\/PASSIONE-LOGO-APPROVATO.png","width":348,"height":125,"caption":"Passione 500"},"image":{"@id":"https:\/\/staging.passione500.it\/fr\/#\/schema\/logo\/image\/"}}]}},"_links":{"self":[{"href":"https:\/\/staging.passione500.it\/fr\/wp-json\/wp\/v2\/product\/4404","targetHints":{"allow":["GET"]}}],"collection":[{"href":"https:\/\/staging.passione500.it\/fr\/wp-json\/wp\/v2\/product"}],"about":[{"href":"https:\/\/staging.passione500.it\/fr\/wp-json\/wp\/v2\/types\/product"}],"wp:featuredmedia":[{"embeddable":true,"href":"https:\/\/staging.passione500.it\/fr\/wp-json\/wp\/v2\/media\/4407"}],"wp:attachment":[{"href":"https:\/\/staging.passione500.it\/fr\/wp-json\/wp\/v2\/media?parent=4404"}],"wp:term":[{"taxonomy":"product_brand","embeddable":true,"href":"https:\/\/staging.passione500.it\/fr\/wp-json\/wp\/v2\/product_brand?post=4404"},{"taxonomy":"product_cat","embeddable":true,"href":"https:\/\/staging.passione500.it\/fr\/wp-json\/wp\/v2\/product_cat?post=4404"},{"taxonomy":"product_tag","embeddable":true,"href":"https:\/\/staging.passione500.it\/fr\/wp-json\/wp\/v2\/product_tag?post=4404"}],"curies":[{"name":"wp","href":"https:\/\/api.w.org\/{rel}","templated":true}]}}