{"id":40968,"date":"2025-06-27T11:06:02","date_gmt":"2025-06-27T09:06:02","guid":{"rendered":"https:\/\/staging.passione500.it\/?post_type=product&#038;p=40968"},"modified":"2025-07-29T16:54:09","modified_gmt":"2025-07-29T14:54:09","slug":"monogramme-avant-en-metal-fiat-500-francis-lombardi","status":"publish","type":"product","link":"https:\/\/staging.passione500.it\/fr\/fiat-500-fr\/fiat-500-tt-fr\/accessoires-francis-lombardi-tt-fr\/monogramme-avant-en-metal-fiat-500-francis-lombardi\/","title":{"rendered":"Monogramme Avant en M\u00e9tal Fiat 500 Francis Lombardi"},"content":{"rendered":"<h4>Pour une voiture compl\u00e8te il est n\u00e9cessaire d&rsquo;acheter 1 pi\u00e8ce<\/h4>\n<h4><\/h4>\n","protected":false},"excerpt":{"rendered":"<p>Prodotto in offerta fino a maggio.<\/p>\n","protected":false},"featured_media":40971,"template":"","meta":{"_et_pb_use_builder":"","_et_pb_old_content":"","_et_gb_content_width":""},"product_brand":[],"product_cat":[1101,2438,1095,1098,1988,1989,1990,2588],"product_tag":[],"class_list":{"0":"post-40968","1":"product","2":"type-product","3":"status-publish","4":"has-post-thumbnail","6":"product_cat-monogramme-r-fr","7":"product_cat-monogramme-tt-fr","8":"product_cat-monogramme-f-fr","9":"product_cat-monogramme-l-fr","10":"product_cat-accessoires-francis-lombardi-r-fr","11":"product_cat-accessoires-francis-lombardi-l-fr","12":"product_cat-accessoires-francis-lombardi-f-fr","13":"product_cat-accessoires-francis-lombardi-tt-fr","14":"product_shipping_class-shipping-1-fr","16":"first","17":"instock","18":"taxable","19":"shipping-taxable","20":"purchasable","21":"product-type-simple"},"yoast_head":"<!-- This site is optimized with the Yoast SEO plugin v27.3 - https:\/\/yoast.com\/product\/yoast-seo-wordpress\/ -->\n<title>Fiat 500 Francis Lombardi | Passione 500<\/title>\n<meta name=\"description\" content=\"Retrouvez sur notre site Fiat 500 Francis Lombardi.Plus de 3000 pi\u00e8ces d\u00e9tach\u00e9es disponibles en stock.PROFITEZ DE NOS OFFRES ! %\" \/>\n<meta name=\"robots\" content=\"noindex, follow, max-snippet:-1, max-image-preview:large, max-video-preview:-1\" \/>\n<meta property=\"og:locale\" content=\"fr_FR\" \/>\n<meta property=\"og:type\" content=\"article\" \/>\n<meta property=\"og:title\" content=\"Fiat 500 Francis Lombardi | Passione 500\" \/>\n<meta property=\"og:description\" content=\"Retrouvez sur notre site Fiat 500 Francis Lombardi.Plus de 3000 pi\u00e8ces d\u00e9tach\u00e9es disponibles en stock.PROFITEZ DE NOS OFFRES ! %\" \/>\n<meta property=\"og:url\" content=\"https:\/\/staging.passione500.it\/fr\/fiat-500-fr\/fiat-500-tt-fr\/accessoires-francis-lombardi-tt-fr\/monogramme-avant-en-metal-fiat-500-francis-lombardi\/\" \/>\n<meta property=\"og:site_name\" content=\"Passione 500\" \/>\n<meta property=\"article:modified_time\" content=\"2025-07-29T14:54:09+00:00\" \/>\n<meta property=\"og:image\" content=\"https:\/\/passione500.it\/wp-content\/uploads\/2025\/06\/griglia-anteriore-in-metallo.jpg\" \/>\n\t<meta property=\"og:image:width\" content=\"2048\" \/>\n\t<meta property=\"og:image:height\" content=\"1536\" \/>\n\t<meta property=\"og:image:type\" content=\"image\/jpeg\" \/>\n<meta name=\"twitter:card\" content=\"summary_large_image\" \/>\n<meta name=\"twitter:label1\" content=\"Dur\u00e9e de lecture estim\u00e9e\" \/>\n\t<meta name=\"twitter:data1\" content=\"1 minute\" \/>\n<script type=\"application\/ld+json\" class=\"yoast-schema-graph\">{\"@context\":\"https:\\\/\\\/schema.org\",\"@graph\":[{\"@type\":\"WebPage\",\"@id\":\"https:\\\/\\\/staging.passione500.it\\\/fr\\\/fiat-500-fr\\\/fiat-500-tt-fr\\\/accessoires-francis-lombardi-tt-fr\\\/monogramme-avant-en-metal-fiat-500-francis-lombardi\\\/\",\"url\":\"https:\\\/\\\/staging.passione500.it\\\/fr\\\/fiat-500-fr\\\/fiat-500-tt-fr\\\/accessoires-francis-lombardi-tt-fr\\\/monogramme-avant-en-metal-fiat-500-francis-lombardi\\\/\",\"name\":\"Fiat 500 Francis Lombardi | Passione 500\",\"isPartOf\":{\"@id\":\"https:\\\/\\\/staging.passione500.it\\\/fr\\\/#website\"},\"primaryImageOfPage\":{\"@id\":\"https:\\\/\\\/staging.passione500.it\\\/fr\\\/fiat-500-fr\\\/fiat-500-tt-fr\\\/accessoires-francis-lombardi-tt-fr\\\/monogramme-avant-en-metal-fiat-500-francis-lombardi\\\/#primaryimage\"},\"image\":{\"@id\":\"https:\\\/\\\/staging.passione500.it\\\/fr\\\/fiat-500-fr\\\/fiat-500-tt-fr\\\/accessoires-francis-lombardi-tt-fr\\\/monogramme-avant-en-metal-fiat-500-francis-lombardi\\\/#primaryimage\"},\"thumbnailUrl\":\"https:\\\/\\\/staging.passione500.it\\\/wp-content\\\/uploads\\\/2025\\\/06\\\/griglia-anteriore-in-metallo.jpg\",\"datePublished\":\"2025-06-27T09:06:02+00:00\",\"dateModified\":\"2025-07-29T14:54:09+00:00\",\"description\":\"Retrouvez sur notre site Fiat 500 Francis Lombardi.Plus de 3000 pi\u00e8ces d\u00e9tach\u00e9es disponibles en stock.PROFITEZ DE NOS OFFRES ! %\",\"breadcrumb\":{\"@id\":\"https:\\\/\\\/staging.passione500.it\\\/fr\\\/fiat-500-fr\\\/fiat-500-tt-fr\\\/accessoires-francis-lombardi-tt-fr\\\/monogramme-avant-en-metal-fiat-500-francis-lombardi\\\/#breadcrumb\"},\"inLanguage\":\"fr-FR\",\"potentialAction\":[{\"@type\":\"ReadAction\",\"target\":[\"https:\\\/\\\/staging.passione500.it\\\/fr\\\/fiat-500-fr\\\/fiat-500-tt-fr\\\/accessoires-francis-lombardi-tt-fr\\\/monogramme-avant-en-metal-fiat-500-francis-lombardi\\\/\"]}]},{\"@type\":\"ImageObject\",\"inLanguage\":\"fr-FR\",\"@id\":\"https:\\\/\\\/staging.passione500.it\\\/fr\\\/fiat-500-fr\\\/fiat-500-tt-fr\\\/accessoires-francis-lombardi-tt-fr\\\/monogramme-avant-en-metal-fiat-500-francis-lombardi\\\/#primaryimage\",\"url\":\"https:\\\/\\\/staging.passione500.it\\\/wp-content\\\/uploads\\\/2025\\\/06\\\/griglia-anteriore-in-metallo.jpg\",\"contentUrl\":\"https:\\\/\\\/staging.passione500.it\\\/wp-content\\\/uploads\\\/2025\\\/06\\\/griglia-anteriore-in-metallo.jpg\",\"width\":2048,\"height\":1536,\"caption\":\"griglia anteriore Fiat 500 Francis Lombardi\"},{\"@type\":\"BreadcrumbList\",\"@id\":\"https:\\\/\\\/staging.passione500.it\\\/fr\\\/fiat-500-fr\\\/fiat-500-tt-fr\\\/accessoires-francis-lombardi-tt-fr\\\/monogramme-avant-en-metal-fiat-500-francis-lombardi\\\/#breadcrumb\",\"itemListElement\":[{\"@type\":\"ListItem\",\"position\":1,\"name\":\"Home\",\"item\":\"https:\\\/\\\/passione500.it\\\/fr\\\/\"},{\"@type\":\"ListItem\",\"position\":2,\"name\":\"Fiat 500\",\"item\":\"https:\\\/\\\/staging.passione500.it\\\/fr\\\/fiat-500-fr\\\/\"},{\"@type\":\"ListItem\",\"position\":3,\"name\":\"Fiat 500 Tous les Mod\u00e8les\",\"item\":\"https:\\\/\\\/staging.passione500.it\\\/fr\\\/fiat-500-fr\\\/fiat-500-tt-fr\\\/\"},{\"@type\":\"ListItem\",\"position\":4,\"name\":\"Accessoires Francis Lombardi\",\"item\":\"https:\\\/\\\/staging.passione500.it\\\/fr\\\/fiat-500-fr\\\/fiat-500-tt-fr\\\/accessoires-francis-lombardi-tt-fr\\\/\"},{\"@type\":\"ListItem\",\"position\":5,\"name\":\"Monogramme Avant en M\u00e9tal Fiat 500 Francis Lombardi\"}]},{\"@type\":\"WebSite\",\"@id\":\"https:\\\/\\\/staging.passione500.it\\\/fr\\\/#website\",\"url\":\"https:\\\/\\\/staging.passione500.it\\\/fr\\\/\",\"name\":\"Passione 500\",\"description\":\"Ricambi Fiat 500 d&#039;Epoca\",\"publisher\":{\"@id\":\"https:\\\/\\\/staging.passione500.it\\\/fr\\\/#organization\"},\"potentialAction\":[{\"@type\":\"SearchAction\",\"target\":{\"@type\":\"EntryPoint\",\"urlTemplate\":\"https:\\\/\\\/staging.passione500.it\\\/fr\\\/?s={search_term_string}\"},\"query-input\":{\"@type\":\"PropertyValueSpecification\",\"valueRequired\":true,\"valueName\":\"search_term_string\"}}],\"inLanguage\":\"fr-FR\"},{\"@type\":\"Organization\",\"@id\":\"https:\\\/\\\/staging.passione500.it\\\/fr\\\/#organization\",\"name\":\"Passione 500\",\"url\":\"https:\\\/\\\/staging.passione500.it\\\/fr\\\/\",\"logo\":{\"@type\":\"ImageObject\",\"inLanguage\":\"fr-FR\",\"@id\":\"https:\\\/\\\/staging.passione500.it\\\/fr\\\/#\\\/schema\\\/logo\\\/image\\\/\",\"url\":\"https:\\\/\\\/staging.passione500.it\\\/wp-content\\\/uploads\\\/2025\\\/12\\\/PASSIONE-LOGO-APPROVATO.png\",\"contentUrl\":\"https:\\\/\\\/staging.passione500.it\\\/wp-content\\\/uploads\\\/2025\\\/12\\\/PASSIONE-LOGO-APPROVATO.png\",\"width\":348,\"height\":125,\"caption\":\"Passione 500\"},\"image\":{\"@id\":\"https:\\\/\\\/staging.passione500.it\\\/fr\\\/#\\\/schema\\\/logo\\\/image\\\/\"}}]}<\/script>\n<!-- \/ Yoast SEO plugin. -->","yoast_head_json":{"title":"Fiat 500 Francis Lombardi | Passione 500","description":"Retrouvez sur notre site Fiat 500 Francis Lombardi.Plus de 3000 pi\u00e8ces d\u00e9tach\u00e9es disponibles en stock.PROFITEZ DE NOS OFFRES ! %","robots":{"index":"noindex","follow":"follow","max-snippet":"max-snippet:-1","max-image-preview":"max-image-preview:large","max-video-preview":"max-video-preview:-1"},"og_locale":"fr_FR","og_type":"article","og_title":"Fiat 500 Francis Lombardi | Passione 500","og_description":"Retrouvez sur notre site Fiat 500 Francis Lombardi.Plus de 3000 pi\u00e8ces d\u00e9tach\u00e9es disponibles en stock.PROFITEZ DE NOS OFFRES ! %","og_url":"https:\/\/staging.passione500.it\/fr\/fiat-500-fr\/fiat-500-tt-fr\/accessoires-francis-lombardi-tt-fr\/monogramme-avant-en-metal-fiat-500-francis-lombardi\/","og_site_name":"Passione 500","article_modified_time":"2025-07-29T14:54:09+00:00","og_image":[{"width":2048,"height":1536,"url":"https:\/\/passione500.it\/wp-content\/uploads\/2025\/06\/griglia-anteriore-in-metallo.jpg","type":"image\/jpeg"}],"twitter_card":"summary_large_image","twitter_misc":{"Dur\u00e9e de lecture estim\u00e9e":"1 minute"},"schema":{"@context":"https:\/\/schema.org","@graph":[{"@type":"WebPage","@id":"https:\/\/staging.passione500.it\/fr\/fiat-500-fr\/fiat-500-tt-fr\/accessoires-francis-lombardi-tt-fr\/monogramme-avant-en-metal-fiat-500-francis-lombardi\/","url":"https:\/\/staging.passione500.it\/fr\/fiat-500-fr\/fiat-500-tt-fr\/accessoires-francis-lombardi-tt-fr\/monogramme-avant-en-metal-fiat-500-francis-lombardi\/","name":"Fiat 500 Francis Lombardi | Passione 500","isPartOf":{"@id":"https:\/\/staging.passione500.it\/fr\/#website"},"primaryImageOfPage":{"@id":"https:\/\/staging.passione500.it\/fr\/fiat-500-fr\/fiat-500-tt-fr\/accessoires-francis-lombardi-tt-fr\/monogramme-avant-en-metal-fiat-500-francis-lombardi\/#primaryimage"},"image":{"@id":"https:\/\/staging.passione500.it\/fr\/fiat-500-fr\/fiat-500-tt-fr\/accessoires-francis-lombardi-tt-fr\/monogramme-avant-en-metal-fiat-500-francis-lombardi\/#primaryimage"},"thumbnailUrl":"https:\/\/staging.passione500.it\/wp-content\/uploads\/2025\/06\/griglia-anteriore-in-metallo.jpg","datePublished":"2025-06-27T09:06:02+00:00","dateModified":"2025-07-29T14:54:09+00:00","description":"Retrouvez sur notre site Fiat 500 Francis Lombardi.Plus de 3000 pi\u00e8ces d\u00e9tach\u00e9es disponibles en stock.PROFITEZ DE NOS OFFRES ! %","breadcrumb":{"@id":"https:\/\/staging.passione500.it\/fr\/fiat-500-fr\/fiat-500-tt-fr\/accessoires-francis-lombardi-tt-fr\/monogramme-avant-en-metal-fiat-500-francis-lombardi\/#breadcrumb"},"inLanguage":"fr-FR","potentialAction":[{"@type":"ReadAction","target":["https:\/\/staging.passione500.it\/fr\/fiat-500-fr\/fiat-500-tt-fr\/accessoires-francis-lombardi-tt-fr\/monogramme-avant-en-metal-fiat-500-francis-lombardi\/"]}]},{"@type":"ImageObject","inLanguage":"fr-FR","@id":"https:\/\/staging.passione500.it\/fr\/fiat-500-fr\/fiat-500-tt-fr\/accessoires-francis-lombardi-tt-fr\/monogramme-avant-en-metal-fiat-500-francis-lombardi\/#primaryimage","url":"https:\/\/staging.passione500.it\/wp-content\/uploads\/2025\/06\/griglia-anteriore-in-metallo.jpg","contentUrl":"https:\/\/staging.passione500.it\/wp-content\/uploads\/2025\/06\/griglia-anteriore-in-metallo.jpg","width":2048,"height":1536,"caption":"griglia anteriore Fiat 500 Francis Lombardi"},{"@type":"BreadcrumbList","@id":"https:\/\/staging.passione500.it\/fr\/fiat-500-fr\/fiat-500-tt-fr\/accessoires-francis-lombardi-tt-fr\/monogramme-avant-en-metal-fiat-500-francis-lombardi\/#breadcrumb","itemListElement":[{"@type":"ListItem","position":1,"name":"Home","item":"https:\/\/passione500.it\/fr\/"},{"@type":"ListItem","position":2,"name":"Fiat 500","item":"https:\/\/staging.passione500.it\/fr\/fiat-500-fr\/"},{"@type":"ListItem","position":3,"name":"Fiat 500 Tous les Mod\u00e8les","item":"https:\/\/staging.passione500.it\/fr\/fiat-500-fr\/fiat-500-tt-fr\/"},{"@type":"ListItem","position":4,"name":"Accessoires Francis Lombardi","item":"https:\/\/staging.passione500.it\/fr\/fiat-500-fr\/fiat-500-tt-fr\/accessoires-francis-lombardi-tt-fr\/"},{"@type":"ListItem","position":5,"name":"Monogramme Avant en M\u00e9tal Fiat 500 Francis Lombardi"}]},{"@type":"WebSite","@id":"https:\/\/staging.passione500.it\/fr\/#website","url":"https:\/\/staging.passione500.it\/fr\/","name":"Passione 500","description":"Ricambi Fiat 500 d&#039;Epoca","publisher":{"@id":"https:\/\/staging.passione500.it\/fr\/#organization"},"potentialAction":[{"@type":"SearchAction","target":{"@type":"EntryPoint","urlTemplate":"https:\/\/staging.passione500.it\/fr\/?s={search_term_string}"},"query-input":{"@type":"PropertyValueSpecification","valueRequired":true,"valueName":"search_term_string"}}],"inLanguage":"fr-FR"},{"@type":"Organization","@id":"https:\/\/staging.passione500.it\/fr\/#organization","name":"Passione 500","url":"https:\/\/staging.passione500.it\/fr\/","logo":{"@type":"ImageObject","inLanguage":"fr-FR","@id":"https:\/\/staging.passione500.it\/fr\/#\/schema\/logo\/image\/","url":"https:\/\/staging.passione500.it\/wp-content\/uploads\/2025\/12\/PASSIONE-LOGO-APPROVATO.png","contentUrl":"https:\/\/staging.passione500.it\/wp-content\/uploads\/2025\/12\/PASSIONE-LOGO-APPROVATO.png","width":348,"height":125,"caption":"Passione 500"},"image":{"@id":"https:\/\/staging.passione500.it\/fr\/#\/schema\/logo\/image\/"}}]}},"_links":{"self":[{"href":"https:\/\/staging.passione500.it\/fr\/wp-json\/wp\/v2\/product\/40968","targetHints":{"allow":["GET"]}}],"collection":[{"href":"https:\/\/staging.passione500.it\/fr\/wp-json\/wp\/v2\/product"}],"about":[{"href":"https:\/\/staging.passione500.it\/fr\/wp-json\/wp\/v2\/types\/product"}],"wp:featuredmedia":[{"embeddable":true,"href":"https:\/\/staging.passione500.it\/fr\/wp-json\/wp\/v2\/media\/40971"}],"wp:attachment":[{"href":"https:\/\/staging.passione500.it\/fr\/wp-json\/wp\/v2\/media?parent=40968"}],"wp:term":[{"taxonomy":"product_brand","embeddable":true,"href":"https:\/\/staging.passione500.it\/fr\/wp-json\/wp\/v2\/product_brand?post=40968"},{"taxonomy":"product_cat","embeddable":true,"href":"https:\/\/staging.passione500.it\/fr\/wp-json\/wp\/v2\/product_cat?post=40968"},{"taxonomy":"product_tag","embeddable":true,"href":"https:\/\/staging.passione500.it\/fr\/wp-json\/wp\/v2\/product_tag?post=40968"}],"curies":[{"name":"wp","href":"https:\/\/api.w.org\/{rel}","templated":true}]}}