{"id":40963,"date":"2025-06-26T17:27:00","date_gmt":"2025-06-26T15:27:12","guid":{"rendered":"https:\/\/staging.passione500.it\/?post_type=product&#038;p=40963"},"modified":"2025-06-26T17:35:53","modified_gmt":"2025-06-26T15:35:53","slug":"vitre-avec-echelle-augmente-0-150-km-h-pour-compteur-fiat-500-d-du-n-de-pieces-detachees-648849-f-l-r-giardiniera-du-juin-1964","status":"publish","type":"product","link":"https:\/\/staging.passione500.it\/fr\/fiat-500-fr\/fiat-500-d-fr\/details-interieur-d-fr\/vitre-avec-echelle-augmente-0-150-km-h-pour-compteur-fiat-500-d-du-n-de-pieces-detachees-648849-f-l-r-giardiniera-du-juin-1964\/","title":{"rendered":"Vitre avec Echelle Augment\u00e9 0-150 Km\/h pour Compteur Fiat 500 D (du n.\u00b0 de pi\u00e8ces d\u00e9tach\u00e9es 648849) &#8211; F &#8211; L &#8211; R &#8211; Giardiniera (du Juin 1964)"},"content":{"rendered":"<h4>Pour une voiture compl\u00e8te il est n\u00e9cessaire d&rsquo;acheter 1 pi\u00e8ce<\/h4>\n<h4>&#8211; Pi\u00e8ce d\u00e9tach\u00e9e compatible mais non utilis\u00e9e dans la configuration d&rsquo;origine de la voiture (accessoire)<\/h4>\n<h4>V\u00e9rifiez le \u00ab\u00a0n.\u00b0 de pi\u00e8ces d\u00e9tach\u00e9es\u00a0\u00bb sur la plaque d\u2019identification du chassis en aluminium de votre voiture<\/h4>\n<h4><img decoding=\"async\" class=\"alignnone wp-image-5690\" src=\"https:\/\/staging.passione500.it\/wp-content\/uploads\/2022\/10\/nr_per-_ricambi-1-300x225.jpg\" alt=\"\" width=\"349\" height=\"262\" \/><\/h4>\n","protected":false},"excerpt":{"rendered":"<p>Prodotto in offerta fino a maggio.<\/p>\n","protected":false},"featured_media":40958,"template":"","meta":{"_et_pb_use_builder":"","_et_pb_old_content":"","_et_gb_content_width":""},"product_brand":[],"product_cat":[1862,2513,1858,1859,1860,1861,1848,1849,1850,1851,2483,1852,1973,1974,1975,1976,1977,2579,1978,1979,1980,2582,1981,1982,1983,1984,1985,1986,1987,2585],"product_tag":[],"class_list":{"0":"post-40963","1":"product","2":"type-product","3":"status-publish","4":"has-post-thumbnail","6":"product_cat-systeme-electrique-diverses-giard-fr","7":"product_cat-systemes-electrique-diverses-tt-fr","8":"product_cat-systeme-electrique-diverses-d-fr","9":"product_cat-systeme-electrique-diverses-f-fr","10":"product_cat-systeme-electrique-diverses-l-fr","11":"product_cat-systeme-electrique-diverses-r-fr","12":"product_cat-details-interieur-d-fr","13":"product_cat-details-interieur-f-fr","14":"product_cat-details-interieur-l-fr","15":"product_cat-details-interieur-r-fr","16":"product_cat-details-interieur-tt-fr","17":"product_cat-details-interieur-giard-fr","18":"product_cat-sport-pieces-d-fr","19":"product_cat-sport-pieces-f-fr","20":"product_cat-sport-pieces-l-fr","21":"product_cat-sport-pieces-r-fr","22":"product_cat-sport-pieces-giard-fr","23":"product_cat-sport-pieces-tt-fr","24":"product_cat-accessoires-abarth-d-fr","25":"product_cat-accessoires-abarth-f-fr","26":"product_cat-accessoires-abarth-l-fr","27":"product_cat-accessoires-abarth-tt-fr","28":"product_cat-accessoires-abarth-r-fr","29":"product_cat-accessoires-abarth-giard-fr","30":"product_cat-accessoires-giannini-d-fr","31":"product_cat-accessoires-giannini-f-fr","32":"product_cat-accessoires-giannini-l-fr","33":"product_cat-accessoires-giannini-r-fr","34":"product_cat-accessoires-giannini-giard-fr","35":"product_cat-accessoires-giannini-tt-fr","36":"product_shipping_class-shipping-1-fr","38":"first","39":"instock","40":"taxable","41":"shipping-taxable","42":"purchasable","43":"product-type-simple"},"yoast_head":"<!-- This site is optimized with the Yoast SEO plugin v27.3 - https:\/\/yoast.com\/product\/yoast-seo-wordpress\/ -->\n<title>Vitre Compteur Fiat 500 | Passione 500<\/title>\n<meta name=\"description\" content=\"Retrouvez sur notre site Vitre Compteur pour Fiat 500. Plus de 3000 pi\u00e8ces d\u00e9tach\u00e9es disponibles en stock.PROFITEZ DE NOS OFFRES ! %\" \/>\n<meta name=\"robots\" content=\"noindex, follow, max-snippet:-1, max-image-preview:large, max-video-preview:-1\" \/>\n<meta property=\"og:locale\" content=\"fr_FR\" \/>\n<meta property=\"og:type\" content=\"article\" \/>\n<meta property=\"og:title\" content=\"Vitre Compteur Fiat 500 | Passione 500\" \/>\n<meta property=\"og:description\" content=\"Retrouvez sur notre site Vitre Compteur pour Fiat 500. Plus de 3000 pi\u00e8ces d\u00e9tach\u00e9es disponibles en stock.PROFITEZ DE NOS OFFRES ! %\" \/>\n<meta property=\"og:url\" content=\"https:\/\/staging.passione500.it\/fr\/fiat-500-fr\/fiat-500-d-fr\/details-interieur-d-fr\/vitre-avec-echelle-augmente-0-150-km-h-pour-compteur-fiat-500-d-du-n-de-pieces-detachees-648849-f-l-r-giardiniera-du-juin-1964\/\" \/>\n<meta property=\"og:site_name\" content=\"Passione 500\" \/>\n<meta property=\"article:modified_time\" content=\"2025-06-26T15:35:53+00:00\" \/>\n<meta property=\"og:image\" content=\"https:\/\/passione500.it\/wp-content\/uploads\/2025\/06\/IMG_2720.jpg\" \/>\n\t<meta property=\"og:image:width\" content=\"2048\" \/>\n\t<meta property=\"og:image:height\" content=\"1536\" \/>\n\t<meta property=\"og:image:type\" content=\"image\/jpeg\" \/>\n<meta name=\"twitter:card\" content=\"summary_large_image\" \/>\n<meta name=\"twitter:label1\" content=\"Dur\u00e9e de lecture estim\u00e9e\" \/>\n\t<meta name=\"twitter:data1\" content=\"1 minute\" \/>\n<script type=\"application\/ld+json\" class=\"yoast-schema-graph\">{\"@context\":\"https:\\\/\\\/schema.org\",\"@graph\":[{\"@type\":\"WebPage\",\"@id\":\"https:\\\/\\\/staging.passione500.it\\\/fr\\\/fiat-500-fr\\\/fiat-500-d-fr\\\/details-interieur-d-fr\\\/vitre-avec-echelle-augmente-0-150-km-h-pour-compteur-fiat-500-d-du-n-de-pieces-detachees-648849-f-l-r-giardiniera-du-juin-1964\\\/\",\"url\":\"https:\\\/\\\/staging.passione500.it\\\/fr\\\/fiat-500-fr\\\/fiat-500-d-fr\\\/details-interieur-d-fr\\\/vitre-avec-echelle-augmente-0-150-km-h-pour-compteur-fiat-500-d-du-n-de-pieces-detachees-648849-f-l-r-giardiniera-du-juin-1964\\\/\",\"name\":\"Vitre Compteur Fiat 500 | Passione 500\",\"isPartOf\":{\"@id\":\"https:\\\/\\\/staging.passione500.it\\\/fr\\\/#website\"},\"primaryImageOfPage\":{\"@id\":\"https:\\\/\\\/staging.passione500.it\\\/fr\\\/fiat-500-fr\\\/fiat-500-d-fr\\\/details-interieur-d-fr\\\/vitre-avec-echelle-augmente-0-150-km-h-pour-compteur-fiat-500-d-du-n-de-pieces-detachees-648849-f-l-r-giardiniera-du-juin-1964\\\/#primaryimage\"},\"image\":{\"@id\":\"https:\\\/\\\/staging.passione500.it\\\/fr\\\/fiat-500-fr\\\/fiat-500-d-fr\\\/details-interieur-d-fr\\\/vitre-avec-echelle-augmente-0-150-km-h-pour-compteur-fiat-500-d-du-n-de-pieces-detachees-648849-f-l-r-giardiniera-du-juin-1964\\\/#primaryimage\"},\"thumbnailUrl\":\"https:\\\/\\\/staging.passione500.it\\\/wp-content\\\/uploads\\\/2025\\\/06\\\/IMG_2720.jpg\",\"datePublished\":\"2025-06-26T15:27:12+00:00\",\"dateModified\":\"2025-06-26T15:35:53+00:00\",\"description\":\"Retrouvez sur notre site Vitre Compteur pour Fiat 500. Plus de 3000 pi\u00e8ces d\u00e9tach\u00e9es disponibles en stock.PROFITEZ DE NOS OFFRES ! %\",\"breadcrumb\":{\"@id\":\"https:\\\/\\\/staging.passione500.it\\\/fr\\\/fiat-500-fr\\\/fiat-500-d-fr\\\/details-interieur-d-fr\\\/vitre-avec-echelle-augmente-0-150-km-h-pour-compteur-fiat-500-d-du-n-de-pieces-detachees-648849-f-l-r-giardiniera-du-juin-1964\\\/#breadcrumb\"},\"inLanguage\":\"fr-FR\",\"potentialAction\":[{\"@type\":\"ReadAction\",\"target\":[\"https:\\\/\\\/staging.passione500.it\\\/fr\\\/fiat-500-fr\\\/fiat-500-d-fr\\\/details-interieur-d-fr\\\/vitre-avec-echelle-augmente-0-150-km-h-pour-compteur-fiat-500-d-du-n-de-pieces-detachees-648849-f-l-r-giardiniera-du-juin-1964\\\/\"]}]},{\"@type\":\"ImageObject\",\"inLanguage\":\"fr-FR\",\"@id\":\"https:\\\/\\\/staging.passione500.it\\\/fr\\\/fiat-500-fr\\\/fiat-500-d-fr\\\/details-interieur-d-fr\\\/vitre-avec-echelle-augmente-0-150-km-h-pour-compteur-fiat-500-d-du-n-de-pieces-detachees-648849-f-l-r-giardiniera-du-juin-1964\\\/#primaryimage\",\"url\":\"https:\\\/\\\/staging.passione500.it\\\/wp-content\\\/uploads\\\/2025\\\/06\\\/IMG_2720.jpg\",\"contentUrl\":\"https:\\\/\\\/staging.passione500.it\\\/wp-content\\\/uploads\\\/2025\\\/06\\\/IMG_2720.jpg\",\"width\":2048,\"height\":1536,\"caption\":\"vetrino contachilometri scala maggiorata 150 km\\\/h fiat 500\"},{\"@type\":\"BreadcrumbList\",\"@id\":\"https:\\\/\\\/staging.passione500.it\\\/fr\\\/fiat-500-fr\\\/fiat-500-d-fr\\\/details-interieur-d-fr\\\/vitre-avec-echelle-augmente-0-150-km-h-pour-compteur-fiat-500-d-du-n-de-pieces-detachees-648849-f-l-r-giardiniera-du-juin-1964\\\/#breadcrumb\",\"itemListElement\":[{\"@type\":\"ListItem\",\"position\":1,\"name\":\"Home\",\"item\":\"https:\\\/\\\/passione500.it\\\/fr\\\/\"},{\"@type\":\"ListItem\",\"position\":2,\"name\":\"Fiat 500\",\"item\":\"https:\\\/\\\/staging.passione500.it\\\/fr\\\/fiat-500-fr\\\/\"},{\"@type\":\"ListItem\",\"position\":3,\"name\":\"Fiat 500 D\",\"item\":\"https:\\\/\\\/staging.passione500.it\\\/fr\\\/fiat-500-fr\\\/fiat-500-d-fr\\\/\"},{\"@type\":\"ListItem\",\"position\":4,\"name\":\"D\u00e9tails Int\u00e9rieur\",\"item\":\"https:\\\/\\\/staging.passione500.it\\\/fr\\\/fiat-500-fr\\\/fiat-500-d-fr\\\/details-interieur-d-fr\\\/\"},{\"@type\":\"ListItem\",\"position\":5,\"name\":\"Vitre avec Echelle Augment\u00e9 0-150 Km\\\/h pour Compteur Fiat 500 D (du n.\u00b0 de pi\u00e8ces d\u00e9tach\u00e9es 648849) &#8211; F &#8211; L &#8211; R &#8211; Giardiniera (du Juin 1964)\"}]},{\"@type\":\"WebSite\",\"@id\":\"https:\\\/\\\/staging.passione500.it\\\/fr\\\/#website\",\"url\":\"https:\\\/\\\/staging.passione500.it\\\/fr\\\/\",\"name\":\"Passione 500\",\"description\":\"Ricambi Fiat 500 d&#039;Epoca\",\"publisher\":{\"@id\":\"https:\\\/\\\/staging.passione500.it\\\/fr\\\/#organization\"},\"potentialAction\":[{\"@type\":\"SearchAction\",\"target\":{\"@type\":\"EntryPoint\",\"urlTemplate\":\"https:\\\/\\\/staging.passione500.it\\\/fr\\\/?s={search_term_string}\"},\"query-input\":{\"@type\":\"PropertyValueSpecification\",\"valueRequired\":true,\"valueName\":\"search_term_string\"}}],\"inLanguage\":\"fr-FR\"},{\"@type\":\"Organization\",\"@id\":\"https:\\\/\\\/staging.passione500.it\\\/fr\\\/#organization\",\"name\":\"Passione 500\",\"url\":\"https:\\\/\\\/staging.passione500.it\\\/fr\\\/\",\"logo\":{\"@type\":\"ImageObject\",\"inLanguage\":\"fr-FR\",\"@id\":\"https:\\\/\\\/staging.passione500.it\\\/fr\\\/#\\\/schema\\\/logo\\\/image\\\/\",\"url\":\"https:\\\/\\\/staging.passione500.it\\\/wp-content\\\/uploads\\\/2025\\\/12\\\/PASSIONE-LOGO-APPROVATO.png\",\"contentUrl\":\"https:\\\/\\\/staging.passione500.it\\\/wp-content\\\/uploads\\\/2025\\\/12\\\/PASSIONE-LOGO-APPROVATO.png\",\"width\":348,\"height\":125,\"caption\":\"Passione 500\"},\"image\":{\"@id\":\"https:\\\/\\\/staging.passione500.it\\\/fr\\\/#\\\/schema\\\/logo\\\/image\\\/\"}}]}<\/script>\n<!-- \/ Yoast SEO plugin. -->","yoast_head_json":{"title":"Vitre Compteur Fiat 500 | Passione 500","description":"Retrouvez sur notre site Vitre Compteur pour Fiat 500. Plus de 3000 pi\u00e8ces d\u00e9tach\u00e9es disponibles en stock.PROFITEZ DE NOS OFFRES ! %","robots":{"index":"noindex","follow":"follow","max-snippet":"max-snippet:-1","max-image-preview":"max-image-preview:large","max-video-preview":"max-video-preview:-1"},"og_locale":"fr_FR","og_type":"article","og_title":"Vitre Compteur Fiat 500 | Passione 500","og_description":"Retrouvez sur notre site Vitre Compteur pour Fiat 500. Plus de 3000 pi\u00e8ces d\u00e9tach\u00e9es disponibles en stock.PROFITEZ DE NOS OFFRES ! %","og_url":"https:\/\/staging.passione500.it\/fr\/fiat-500-fr\/fiat-500-d-fr\/details-interieur-d-fr\/vitre-avec-echelle-augmente-0-150-km-h-pour-compteur-fiat-500-d-du-n-de-pieces-detachees-648849-f-l-r-giardiniera-du-juin-1964\/","og_site_name":"Passione 500","article_modified_time":"2025-06-26T15:35:53+00:00","og_image":[{"width":2048,"height":1536,"url":"https:\/\/passione500.it\/wp-content\/uploads\/2025\/06\/IMG_2720.jpg","type":"image\/jpeg"}],"twitter_card":"summary_large_image","twitter_misc":{"Dur\u00e9e de lecture estim\u00e9e":"1 minute"},"schema":{"@context":"https:\/\/schema.org","@graph":[{"@type":"WebPage","@id":"https:\/\/staging.passione500.it\/fr\/fiat-500-fr\/fiat-500-d-fr\/details-interieur-d-fr\/vitre-avec-echelle-augmente-0-150-km-h-pour-compteur-fiat-500-d-du-n-de-pieces-detachees-648849-f-l-r-giardiniera-du-juin-1964\/","url":"https:\/\/staging.passione500.it\/fr\/fiat-500-fr\/fiat-500-d-fr\/details-interieur-d-fr\/vitre-avec-echelle-augmente-0-150-km-h-pour-compteur-fiat-500-d-du-n-de-pieces-detachees-648849-f-l-r-giardiniera-du-juin-1964\/","name":"Vitre Compteur Fiat 500 | Passione 500","isPartOf":{"@id":"https:\/\/staging.passione500.it\/fr\/#website"},"primaryImageOfPage":{"@id":"https:\/\/staging.passione500.it\/fr\/fiat-500-fr\/fiat-500-d-fr\/details-interieur-d-fr\/vitre-avec-echelle-augmente-0-150-km-h-pour-compteur-fiat-500-d-du-n-de-pieces-detachees-648849-f-l-r-giardiniera-du-juin-1964\/#primaryimage"},"image":{"@id":"https:\/\/staging.passione500.it\/fr\/fiat-500-fr\/fiat-500-d-fr\/details-interieur-d-fr\/vitre-avec-echelle-augmente-0-150-km-h-pour-compteur-fiat-500-d-du-n-de-pieces-detachees-648849-f-l-r-giardiniera-du-juin-1964\/#primaryimage"},"thumbnailUrl":"https:\/\/staging.passione500.it\/wp-content\/uploads\/2025\/06\/IMG_2720.jpg","datePublished":"2025-06-26T15:27:12+00:00","dateModified":"2025-06-26T15:35:53+00:00","description":"Retrouvez sur notre site Vitre Compteur pour Fiat 500. Plus de 3000 pi\u00e8ces d\u00e9tach\u00e9es disponibles en stock.PROFITEZ DE NOS OFFRES ! %","breadcrumb":{"@id":"https:\/\/staging.passione500.it\/fr\/fiat-500-fr\/fiat-500-d-fr\/details-interieur-d-fr\/vitre-avec-echelle-augmente-0-150-km-h-pour-compteur-fiat-500-d-du-n-de-pieces-detachees-648849-f-l-r-giardiniera-du-juin-1964\/#breadcrumb"},"inLanguage":"fr-FR","potentialAction":[{"@type":"ReadAction","target":["https:\/\/staging.passione500.it\/fr\/fiat-500-fr\/fiat-500-d-fr\/details-interieur-d-fr\/vitre-avec-echelle-augmente-0-150-km-h-pour-compteur-fiat-500-d-du-n-de-pieces-detachees-648849-f-l-r-giardiniera-du-juin-1964\/"]}]},{"@type":"ImageObject","inLanguage":"fr-FR","@id":"https:\/\/staging.passione500.it\/fr\/fiat-500-fr\/fiat-500-d-fr\/details-interieur-d-fr\/vitre-avec-echelle-augmente-0-150-km-h-pour-compteur-fiat-500-d-du-n-de-pieces-detachees-648849-f-l-r-giardiniera-du-juin-1964\/#primaryimage","url":"https:\/\/staging.passione500.it\/wp-content\/uploads\/2025\/06\/IMG_2720.jpg","contentUrl":"https:\/\/staging.passione500.it\/wp-content\/uploads\/2025\/06\/IMG_2720.jpg","width":2048,"height":1536,"caption":"vetrino contachilometri scala maggiorata 150 km\/h fiat 500"},{"@type":"BreadcrumbList","@id":"https:\/\/staging.passione500.it\/fr\/fiat-500-fr\/fiat-500-d-fr\/details-interieur-d-fr\/vitre-avec-echelle-augmente-0-150-km-h-pour-compteur-fiat-500-d-du-n-de-pieces-detachees-648849-f-l-r-giardiniera-du-juin-1964\/#breadcrumb","itemListElement":[{"@type":"ListItem","position":1,"name":"Home","item":"https:\/\/passione500.it\/fr\/"},{"@type":"ListItem","position":2,"name":"Fiat 500","item":"https:\/\/staging.passione500.it\/fr\/fiat-500-fr\/"},{"@type":"ListItem","position":3,"name":"Fiat 500 D","item":"https:\/\/staging.passione500.it\/fr\/fiat-500-fr\/fiat-500-d-fr\/"},{"@type":"ListItem","position":4,"name":"D\u00e9tails Int\u00e9rieur","item":"https:\/\/staging.passione500.it\/fr\/fiat-500-fr\/fiat-500-d-fr\/details-interieur-d-fr\/"},{"@type":"ListItem","position":5,"name":"Vitre avec Echelle Augment\u00e9 0-150 Km\/h pour Compteur Fiat 500 D (du n.\u00b0 de pi\u00e8ces d\u00e9tach\u00e9es 648849) &#8211; F &#8211; L &#8211; R &#8211; Giardiniera (du Juin 1964)"}]},{"@type":"WebSite","@id":"https:\/\/staging.passione500.it\/fr\/#website","url":"https:\/\/staging.passione500.it\/fr\/","name":"Passione 500","description":"Ricambi Fiat 500 d&#039;Epoca","publisher":{"@id":"https:\/\/staging.passione500.it\/fr\/#organization"},"potentialAction":[{"@type":"SearchAction","target":{"@type":"EntryPoint","urlTemplate":"https:\/\/staging.passione500.it\/fr\/?s={search_term_string}"},"query-input":{"@type":"PropertyValueSpecification","valueRequired":true,"valueName":"search_term_string"}}],"inLanguage":"fr-FR"},{"@type":"Organization","@id":"https:\/\/staging.passione500.it\/fr\/#organization","name":"Passione 500","url":"https:\/\/staging.passione500.it\/fr\/","logo":{"@type":"ImageObject","inLanguage":"fr-FR","@id":"https:\/\/staging.passione500.it\/fr\/#\/schema\/logo\/image\/","url":"https:\/\/staging.passione500.it\/wp-content\/uploads\/2025\/12\/PASSIONE-LOGO-APPROVATO.png","contentUrl":"https:\/\/staging.passione500.it\/wp-content\/uploads\/2025\/12\/PASSIONE-LOGO-APPROVATO.png","width":348,"height":125,"caption":"Passione 500"},"image":{"@id":"https:\/\/staging.passione500.it\/fr\/#\/schema\/logo\/image\/"}}]}},"_links":{"self":[{"href":"https:\/\/staging.passione500.it\/fr\/wp-json\/wp\/v2\/product\/40963","targetHints":{"allow":["GET"]}}],"collection":[{"href":"https:\/\/staging.passione500.it\/fr\/wp-json\/wp\/v2\/product"}],"about":[{"href":"https:\/\/staging.passione500.it\/fr\/wp-json\/wp\/v2\/types\/product"}],"wp:featuredmedia":[{"embeddable":true,"href":"https:\/\/staging.passione500.it\/fr\/wp-json\/wp\/v2\/media\/40958"}],"wp:attachment":[{"href":"https:\/\/staging.passione500.it\/fr\/wp-json\/wp\/v2\/media?parent=40963"}],"wp:term":[{"taxonomy":"product_brand","embeddable":true,"href":"https:\/\/staging.passione500.it\/fr\/wp-json\/wp\/v2\/product_brand?post=40963"},{"taxonomy":"product_cat","embeddable":true,"href":"https:\/\/staging.passione500.it\/fr\/wp-json\/wp\/v2\/product_cat?post=40963"},{"taxonomy":"product_tag","embeddable":true,"href":"https:\/\/staging.passione500.it\/fr\/wp-json\/wp\/v2\/product_tag?post=40963"}],"curies":[{"name":"wp","href":"https:\/\/api.w.org\/{rel}","templated":true}]}}