{"id":3944,"date":"2022-11-29T18:06:06","date_gmt":"2022-11-29T17:06:07","guid":{"rendered":"https:\/\/staging.passione500.it\/?post_type=product&#038;p=3944"},"modified":"2024-09-20T16:32:45","modified_gmt":"2024-09-20T14:32:45","slug":"vis-et-rondelle-pour-la-fixation-de-la-charniere-de-la-porte-fiat-500-f-du-n-de-pieces-detachees-1032976-l-r","status":"publish","type":"product","link":"https:\/\/staging.passione500.it\/fr\/fiat-500-fr\/fiat-500-r-fr\/carrosserie-r-fr\/partie-avant-carrosserie-r-fr\/vis-et-rondelle-pour-la-fixation-de-la-charniere-de-la-porte-fiat-500-f-du-n-de-pieces-detachees-1032976-l-r\/","title":{"rendered":"Vis et Rondelle pour la Fixation de la Charni\u00e8re de la Porte Fiat 500 F (du n.\u00b0 de pi\u00e8ces d\u00e9tach\u00e9es 1032976) &#8211; L &#8211; R"},"content":{"rendered":"<h4>Pour une voiture compl\u00e8te il est n\u00e9cessaire d&rsquo;acheter 8 pi\u00e8ces<\/h4>\n<h4>V\u00e9rifiez le \u00ab\u00a0n.\u00b0 de pi\u00e8ces d\u00e9tach\u00e9es\u00a0\u00bb sur la plaque d\u2019identification du chassis en aluminium de votre voiture<\/h4>\n<p><img decoding=\"async\" class=\"alignnone wp-image-5690\" src=\"https:\/\/staging.passione500.it\/wp-content\/uploads\/2022\/10\/nr_per-_ricambi-1-300x225.jpg\" alt=\"\" width=\"349\" height=\"262\"><\/p>\n","protected":false},"excerpt":{"rendered":"<p>Prodotto in offerta fino a maggio.<\/p>\n","protected":false},"featured_media":3947,"template":"","meta":{"_et_pb_use_builder":"","_et_pb_old_content":"","_et_gb_content_width":""},"product_brand":[],"product_cat":[834,836,839,2402,1504,1505,1992,2591],"product_tag":[],"class_list":{"0":"post-3944","1":"product","2":"type-product","3":"status-publish","4":"has-post-thumbnail","6":"product_cat-partie-avant-carrosserie-f-fr","7":"product_cat-partie-avant-carrosserie-l-fr","8":"product_cat-partie-avant-carrosserie-r-fr","9":"product_cat-partie-avant-tt-fr","10":"product_cat-vis-et-pieces-de-fixation-f-fr","11":"product_cat-vis-et-pieces-de-fixation-l-fr","12":"product_cat-vis-et-pieces-de-fixation-r-fr","13":"product_cat-vis-et-pieces-de-fixation-tt-fr","14":"product_shipping_class-shipping-1-fr","16":"first","17":"instock","18":"taxable","19":"shipping-taxable","20":"purchasable","21":"product-type-simple"},"yoast_head":"<!-- This site is optimized with the Yoast SEO plugin v27.3 - https:\/\/yoast.com\/product\/yoast-seo-wordpress\/ -->\n<title>Vis et rondelle pour la fixation de la charni\u00e8re de la porte Fiat 500 | Passione 500<\/title>\n<meta name=\"description\" content=\"Retrouvez sur notre site Vis et rondelle pour la fixation de la charni\u00e8re de la porte pour Fiat 500. Plus de 3000 pi\u00e8ces d\u00e9tach\u00e9es disponibles en stock. PROFITEZ DE NOS OFFRES!\" \/>\n<meta name=\"robots\" content=\"noindex, follow, max-snippet:-1, max-image-preview:large, max-video-preview:-1\" \/>\n<meta property=\"og:locale\" content=\"fr_FR\" \/>\n<meta property=\"og:type\" content=\"article\" \/>\n<meta property=\"og:title\" content=\"Vis et rondelle pour la fixation de la charni\u00e8re de la porte Fiat 500 | Passione 500\" \/>\n<meta property=\"og:description\" content=\"Retrouvez sur notre site Vis et rondelle pour la fixation de la charni\u00e8re de la porte pour Fiat 500. Plus de 3000 pi\u00e8ces d\u00e9tach\u00e9es disponibles en stock. PROFITEZ DE NOS OFFRES!\" \/>\n<meta property=\"og:url\" content=\"https:\/\/staging.passione500.it\/fr\/fiat-500-fr\/fiat-500-r-fr\/carrosserie-r-fr\/partie-avant-carrosserie-r-fr\/vis-et-rondelle-pour-la-fixation-de-la-charniere-de-la-porte-fiat-500-f-du-n-de-pieces-detachees-1032976-l-r\/\" \/>\n<meta property=\"og:site_name\" content=\"Passione 500\" \/>\n<meta property=\"article:modified_time\" content=\"2024-09-20T14:32:45+00:00\" \/>\n<meta property=\"og:image\" content=\"https:\/\/passione500.it\/wp-content\/uploads\/2022\/11\/16043221.jpg\" \/>\n\t<meta property=\"og:image:width\" content=\"2048\" \/>\n\t<meta property=\"og:image:height\" content=\"1536\" \/>\n\t<meta property=\"og:image:type\" content=\"image\/jpeg\" \/>\n<meta name=\"twitter:card\" content=\"summary_large_image\" \/>\n<meta name=\"twitter:label1\" content=\"Dur\u00e9e de lecture estim\u00e9e\" \/>\n\t<meta name=\"twitter:data1\" content=\"1 minute\" \/>\n<script type=\"application\/ld+json\" class=\"yoast-schema-graph\">{\"@context\":\"https:\\\/\\\/schema.org\",\"@graph\":[{\"@type\":\"WebPage\",\"@id\":\"https:\\\/\\\/staging.passione500.it\\\/fr\\\/fiat-500-fr\\\/fiat-500-r-fr\\\/carrosserie-r-fr\\\/partie-avant-carrosserie-r-fr\\\/vis-et-rondelle-pour-la-fixation-de-la-charniere-de-la-porte-fiat-500-f-du-n-de-pieces-detachees-1032976-l-r\\\/\",\"url\":\"https:\\\/\\\/staging.passione500.it\\\/fr\\\/fiat-500-fr\\\/fiat-500-r-fr\\\/carrosserie-r-fr\\\/partie-avant-carrosserie-r-fr\\\/vis-et-rondelle-pour-la-fixation-de-la-charniere-de-la-porte-fiat-500-f-du-n-de-pieces-detachees-1032976-l-r\\\/\",\"name\":\"Vis et rondelle pour la fixation de la charni\u00e8re de la porte Fiat 500 | Passione 500\",\"isPartOf\":{\"@id\":\"https:\\\/\\\/staging.passione500.it\\\/fr\\\/#website\"},\"primaryImageOfPage\":{\"@id\":\"https:\\\/\\\/staging.passione500.it\\\/fr\\\/fiat-500-fr\\\/fiat-500-r-fr\\\/carrosserie-r-fr\\\/partie-avant-carrosserie-r-fr\\\/vis-et-rondelle-pour-la-fixation-de-la-charniere-de-la-porte-fiat-500-f-du-n-de-pieces-detachees-1032976-l-r\\\/#primaryimage\"},\"image\":{\"@id\":\"https:\\\/\\\/staging.passione500.it\\\/fr\\\/fiat-500-fr\\\/fiat-500-r-fr\\\/carrosserie-r-fr\\\/partie-avant-carrosserie-r-fr\\\/vis-et-rondelle-pour-la-fixation-de-la-charniere-de-la-porte-fiat-500-f-du-n-de-pieces-detachees-1032976-l-r\\\/#primaryimage\"},\"thumbnailUrl\":\"https:\\\/\\\/staging.passione500.it\\\/wp-content\\\/uploads\\\/2022\\\/11\\\/16043221.jpg\",\"datePublished\":\"2022-11-29T17:06:07+00:00\",\"dateModified\":\"2024-09-20T14:32:45+00:00\",\"description\":\"Retrouvez sur notre site Vis et rondelle pour la fixation de la charni\u00e8re de la porte pour Fiat 500. Plus de 3000 pi\u00e8ces d\u00e9tach\u00e9es disponibles en stock. PROFITEZ DE NOS OFFRES!\",\"breadcrumb\":{\"@id\":\"https:\\\/\\\/staging.passione500.it\\\/fr\\\/fiat-500-fr\\\/fiat-500-r-fr\\\/carrosserie-r-fr\\\/partie-avant-carrosserie-r-fr\\\/vis-et-rondelle-pour-la-fixation-de-la-charniere-de-la-porte-fiat-500-f-du-n-de-pieces-detachees-1032976-l-r\\\/#breadcrumb\"},\"inLanguage\":\"fr-FR\",\"potentialAction\":[{\"@type\":\"ReadAction\",\"target\":[\"https:\\\/\\\/staging.passione500.it\\\/fr\\\/fiat-500-fr\\\/fiat-500-r-fr\\\/carrosserie-r-fr\\\/partie-avant-carrosserie-r-fr\\\/vis-et-rondelle-pour-la-fixation-de-la-charniere-de-la-porte-fiat-500-f-du-n-de-pieces-detachees-1032976-l-r\\\/\"]}]},{\"@type\":\"ImageObject\",\"inLanguage\":\"fr-FR\",\"@id\":\"https:\\\/\\\/staging.passione500.it\\\/fr\\\/fiat-500-fr\\\/fiat-500-r-fr\\\/carrosserie-r-fr\\\/partie-avant-carrosserie-r-fr\\\/vis-et-rondelle-pour-la-fixation-de-la-charniere-de-la-porte-fiat-500-f-du-n-de-pieces-detachees-1032976-l-r\\\/#primaryimage\",\"url\":\"https:\\\/\\\/staging.passione500.it\\\/wp-content\\\/uploads\\\/2022\\\/11\\\/16043221.jpg\",\"contentUrl\":\"https:\\\/\\\/staging.passione500.it\\\/wp-content\\\/uploads\\\/2022\\\/11\\\/16043221.jpg\",\"width\":2048,\"height\":1536,\"caption\":\"vite rondella fissaggio porta fiat 500\"},{\"@type\":\"BreadcrumbList\",\"@id\":\"https:\\\/\\\/staging.passione500.it\\\/fr\\\/fiat-500-fr\\\/fiat-500-r-fr\\\/carrosserie-r-fr\\\/partie-avant-carrosserie-r-fr\\\/vis-et-rondelle-pour-la-fixation-de-la-charniere-de-la-porte-fiat-500-f-du-n-de-pieces-detachees-1032976-l-r\\\/#breadcrumb\",\"itemListElement\":[{\"@type\":\"ListItem\",\"position\":1,\"name\":\"Home\",\"item\":\"https:\\\/\\\/passione500.it\\\/fr\\\/\"},{\"@type\":\"ListItem\",\"position\":2,\"name\":\"Fiat 500\",\"item\":\"https:\\\/\\\/staging.passione500.it\\\/fr\\\/fiat-500-fr\\\/\"},{\"@type\":\"ListItem\",\"position\":3,\"name\":\"Fiat 500 R\",\"item\":\"https:\\\/\\\/staging.passione500.it\\\/fr\\\/fiat-500-fr\\\/fiat-500-r-fr\\\/\"},{\"@type\":\"ListItem\",\"position\":4,\"name\":\"Carrosserie\",\"item\":\"https:\\\/\\\/staging.passione500.it\\\/fr\\\/fiat-500-fr\\\/fiat-500-r-fr\\\/carrosserie-r-fr\\\/\"},{\"@type\":\"ListItem\",\"position\":5,\"name\":\"Partie avant\",\"item\":\"https:\\\/\\\/staging.passione500.it\\\/fr\\\/fiat-500-fr\\\/fiat-500-r-fr\\\/carrosserie-r-fr\\\/partie-avant-carrosserie-r-fr\\\/\"},{\"@type\":\"ListItem\",\"position\":6,\"name\":\"Vis et Rondelle pour la Fixation de la Charni\u00e8re de la Porte Fiat 500 F (du n.\u00b0 de pi\u00e8ces d\u00e9tach\u00e9es 1032976) &#8211; L &#8211; R\"}]},{\"@type\":\"WebSite\",\"@id\":\"https:\\\/\\\/staging.passione500.it\\\/fr\\\/#website\",\"url\":\"https:\\\/\\\/staging.passione500.it\\\/fr\\\/\",\"name\":\"Passione 500\",\"description\":\"Ricambi Fiat 500 d&#039;Epoca\",\"publisher\":{\"@id\":\"https:\\\/\\\/staging.passione500.it\\\/fr\\\/#organization\"},\"potentialAction\":[{\"@type\":\"SearchAction\",\"target\":{\"@type\":\"EntryPoint\",\"urlTemplate\":\"https:\\\/\\\/staging.passione500.it\\\/fr\\\/?s={search_term_string}\"},\"query-input\":{\"@type\":\"PropertyValueSpecification\",\"valueRequired\":true,\"valueName\":\"search_term_string\"}}],\"inLanguage\":\"fr-FR\"},{\"@type\":\"Organization\",\"@id\":\"https:\\\/\\\/staging.passione500.it\\\/fr\\\/#organization\",\"name\":\"Passione 500\",\"url\":\"https:\\\/\\\/staging.passione500.it\\\/fr\\\/\",\"logo\":{\"@type\":\"ImageObject\",\"inLanguage\":\"fr-FR\",\"@id\":\"https:\\\/\\\/staging.passione500.it\\\/fr\\\/#\\\/schema\\\/logo\\\/image\\\/\",\"url\":\"https:\\\/\\\/staging.passione500.it\\\/wp-content\\\/uploads\\\/2025\\\/12\\\/PASSIONE-LOGO-APPROVATO.png\",\"contentUrl\":\"https:\\\/\\\/staging.passione500.it\\\/wp-content\\\/uploads\\\/2025\\\/12\\\/PASSIONE-LOGO-APPROVATO.png\",\"width\":348,\"height\":125,\"caption\":\"Passione 500\"},\"image\":{\"@id\":\"https:\\\/\\\/staging.passione500.it\\\/fr\\\/#\\\/schema\\\/logo\\\/image\\\/\"}}]}<\/script>\n<!-- \/ Yoast SEO plugin. -->","yoast_head_json":{"title":"Vis et rondelle pour la fixation de la charni\u00e8re de la porte Fiat 500 | Passione 500","description":"Retrouvez sur notre site Vis et rondelle pour la fixation de la charni\u00e8re de la porte pour Fiat 500. Plus de 3000 pi\u00e8ces d\u00e9tach\u00e9es disponibles en stock. PROFITEZ DE NOS OFFRES!","robots":{"index":"noindex","follow":"follow","max-snippet":"max-snippet:-1","max-image-preview":"max-image-preview:large","max-video-preview":"max-video-preview:-1"},"og_locale":"fr_FR","og_type":"article","og_title":"Vis et rondelle pour la fixation de la charni\u00e8re de la porte Fiat 500 | Passione 500","og_description":"Retrouvez sur notre site Vis et rondelle pour la fixation de la charni\u00e8re de la porte pour Fiat 500. Plus de 3000 pi\u00e8ces d\u00e9tach\u00e9es disponibles en stock. PROFITEZ DE NOS OFFRES!","og_url":"https:\/\/staging.passione500.it\/fr\/fiat-500-fr\/fiat-500-r-fr\/carrosserie-r-fr\/partie-avant-carrosserie-r-fr\/vis-et-rondelle-pour-la-fixation-de-la-charniere-de-la-porte-fiat-500-f-du-n-de-pieces-detachees-1032976-l-r\/","og_site_name":"Passione 500","article_modified_time":"2024-09-20T14:32:45+00:00","og_image":[{"width":2048,"height":1536,"url":"https:\/\/passione500.it\/wp-content\/uploads\/2022\/11\/16043221.jpg","type":"image\/jpeg"}],"twitter_card":"summary_large_image","twitter_misc":{"Dur\u00e9e de lecture estim\u00e9e":"1 minute"},"schema":{"@context":"https:\/\/schema.org","@graph":[{"@type":"WebPage","@id":"https:\/\/staging.passione500.it\/fr\/fiat-500-fr\/fiat-500-r-fr\/carrosserie-r-fr\/partie-avant-carrosserie-r-fr\/vis-et-rondelle-pour-la-fixation-de-la-charniere-de-la-porte-fiat-500-f-du-n-de-pieces-detachees-1032976-l-r\/","url":"https:\/\/staging.passione500.it\/fr\/fiat-500-fr\/fiat-500-r-fr\/carrosserie-r-fr\/partie-avant-carrosserie-r-fr\/vis-et-rondelle-pour-la-fixation-de-la-charniere-de-la-porte-fiat-500-f-du-n-de-pieces-detachees-1032976-l-r\/","name":"Vis et rondelle pour la fixation de la charni\u00e8re de la porte Fiat 500 | Passione 500","isPartOf":{"@id":"https:\/\/staging.passione500.it\/fr\/#website"},"primaryImageOfPage":{"@id":"https:\/\/staging.passione500.it\/fr\/fiat-500-fr\/fiat-500-r-fr\/carrosserie-r-fr\/partie-avant-carrosserie-r-fr\/vis-et-rondelle-pour-la-fixation-de-la-charniere-de-la-porte-fiat-500-f-du-n-de-pieces-detachees-1032976-l-r\/#primaryimage"},"image":{"@id":"https:\/\/staging.passione500.it\/fr\/fiat-500-fr\/fiat-500-r-fr\/carrosserie-r-fr\/partie-avant-carrosserie-r-fr\/vis-et-rondelle-pour-la-fixation-de-la-charniere-de-la-porte-fiat-500-f-du-n-de-pieces-detachees-1032976-l-r\/#primaryimage"},"thumbnailUrl":"https:\/\/staging.passione500.it\/wp-content\/uploads\/2022\/11\/16043221.jpg","datePublished":"2022-11-29T17:06:07+00:00","dateModified":"2024-09-20T14:32:45+00:00","description":"Retrouvez sur notre site Vis et rondelle pour la fixation de la charni\u00e8re de la porte pour Fiat 500. Plus de 3000 pi\u00e8ces d\u00e9tach\u00e9es disponibles en stock. PROFITEZ DE NOS OFFRES!","breadcrumb":{"@id":"https:\/\/staging.passione500.it\/fr\/fiat-500-fr\/fiat-500-r-fr\/carrosserie-r-fr\/partie-avant-carrosserie-r-fr\/vis-et-rondelle-pour-la-fixation-de-la-charniere-de-la-porte-fiat-500-f-du-n-de-pieces-detachees-1032976-l-r\/#breadcrumb"},"inLanguage":"fr-FR","potentialAction":[{"@type":"ReadAction","target":["https:\/\/staging.passione500.it\/fr\/fiat-500-fr\/fiat-500-r-fr\/carrosserie-r-fr\/partie-avant-carrosserie-r-fr\/vis-et-rondelle-pour-la-fixation-de-la-charniere-de-la-porte-fiat-500-f-du-n-de-pieces-detachees-1032976-l-r\/"]}]},{"@type":"ImageObject","inLanguage":"fr-FR","@id":"https:\/\/staging.passione500.it\/fr\/fiat-500-fr\/fiat-500-r-fr\/carrosserie-r-fr\/partie-avant-carrosserie-r-fr\/vis-et-rondelle-pour-la-fixation-de-la-charniere-de-la-porte-fiat-500-f-du-n-de-pieces-detachees-1032976-l-r\/#primaryimage","url":"https:\/\/staging.passione500.it\/wp-content\/uploads\/2022\/11\/16043221.jpg","contentUrl":"https:\/\/staging.passione500.it\/wp-content\/uploads\/2022\/11\/16043221.jpg","width":2048,"height":1536,"caption":"vite rondella fissaggio porta fiat 500"},{"@type":"BreadcrumbList","@id":"https:\/\/staging.passione500.it\/fr\/fiat-500-fr\/fiat-500-r-fr\/carrosserie-r-fr\/partie-avant-carrosserie-r-fr\/vis-et-rondelle-pour-la-fixation-de-la-charniere-de-la-porte-fiat-500-f-du-n-de-pieces-detachees-1032976-l-r\/#breadcrumb","itemListElement":[{"@type":"ListItem","position":1,"name":"Home","item":"https:\/\/passione500.it\/fr\/"},{"@type":"ListItem","position":2,"name":"Fiat 500","item":"https:\/\/staging.passione500.it\/fr\/fiat-500-fr\/"},{"@type":"ListItem","position":3,"name":"Fiat 500 R","item":"https:\/\/staging.passione500.it\/fr\/fiat-500-fr\/fiat-500-r-fr\/"},{"@type":"ListItem","position":4,"name":"Carrosserie","item":"https:\/\/staging.passione500.it\/fr\/fiat-500-fr\/fiat-500-r-fr\/carrosserie-r-fr\/"},{"@type":"ListItem","position":5,"name":"Partie avant","item":"https:\/\/staging.passione500.it\/fr\/fiat-500-fr\/fiat-500-r-fr\/carrosserie-r-fr\/partie-avant-carrosserie-r-fr\/"},{"@type":"ListItem","position":6,"name":"Vis et Rondelle pour la Fixation de la Charni\u00e8re de la Porte Fiat 500 F (du n.\u00b0 de pi\u00e8ces d\u00e9tach\u00e9es 1032976) &#8211; L &#8211; R"}]},{"@type":"WebSite","@id":"https:\/\/staging.passione500.it\/fr\/#website","url":"https:\/\/staging.passione500.it\/fr\/","name":"Passione 500","description":"Ricambi Fiat 500 d&#039;Epoca","publisher":{"@id":"https:\/\/staging.passione500.it\/fr\/#organization"},"potentialAction":[{"@type":"SearchAction","target":{"@type":"EntryPoint","urlTemplate":"https:\/\/staging.passione500.it\/fr\/?s={search_term_string}"},"query-input":{"@type":"PropertyValueSpecification","valueRequired":true,"valueName":"search_term_string"}}],"inLanguage":"fr-FR"},{"@type":"Organization","@id":"https:\/\/staging.passione500.it\/fr\/#organization","name":"Passione 500","url":"https:\/\/staging.passione500.it\/fr\/","logo":{"@type":"ImageObject","inLanguage":"fr-FR","@id":"https:\/\/staging.passione500.it\/fr\/#\/schema\/logo\/image\/","url":"https:\/\/staging.passione500.it\/wp-content\/uploads\/2025\/12\/PASSIONE-LOGO-APPROVATO.png","contentUrl":"https:\/\/staging.passione500.it\/wp-content\/uploads\/2025\/12\/PASSIONE-LOGO-APPROVATO.png","width":348,"height":125,"caption":"Passione 500"},"image":{"@id":"https:\/\/staging.passione500.it\/fr\/#\/schema\/logo\/image\/"}}]}},"_links":{"self":[{"href":"https:\/\/staging.passione500.it\/fr\/wp-json\/wp\/v2\/product\/3944","targetHints":{"allow":["GET"]}}],"collection":[{"href":"https:\/\/staging.passione500.it\/fr\/wp-json\/wp\/v2\/product"}],"about":[{"href":"https:\/\/staging.passione500.it\/fr\/wp-json\/wp\/v2\/types\/product"}],"wp:featuredmedia":[{"embeddable":true,"href":"https:\/\/staging.passione500.it\/fr\/wp-json\/wp\/v2\/media\/3947"}],"wp:attachment":[{"href":"https:\/\/staging.passione500.it\/fr\/wp-json\/wp\/v2\/media?parent=3944"}],"wp:term":[{"taxonomy":"product_brand","embeddable":true,"href":"https:\/\/staging.passione500.it\/fr\/wp-json\/wp\/v2\/product_brand?post=3944"},{"taxonomy":"product_cat","embeddable":true,"href":"https:\/\/staging.passione500.it\/fr\/wp-json\/wp\/v2\/product_cat?post=3944"},{"taxonomy":"product_tag","embeddable":true,"href":"https:\/\/staging.passione500.it\/fr\/wp-json\/wp\/v2\/product_tag?post=3944"}],"curies":[{"name":"wp","href":"https:\/\/api.w.org\/{rel}","templated":true}]}}