{"id":3911,"date":"2022-11-28T18:25:14","date_gmt":"2022-11-28T17:25:14","guid":{"rendered":"https:\/\/staging.passione500.it\/?post_type=product&#038;p=3911"},"modified":"2025-12-03T08:25:05","modified_gmt":"2025-12-03T07:25:05","slug":"to%cc%82le-de-reparation-fixation-des-demi-bras-avant-fiat-500-n-d-f-l-r-jusquen-janvier-73-giardiniera-jusqua-n-de-pieces-detachees-294725","status":"publish","type":"product","link":"https:\/\/staging.passione500.it\/fr\/fiat-500-fr\/fiat-500-n-fr\/carrosserie-n-fr\/tole-de-reparation-et-particulier-n-fr\/to%cc%82le-de-reparation-fixation-des-demi-bras-avant-fiat-500-n-d-f-l-r-jusquen-janvier-73-giardiniera-jusqua-n-de-pieces-detachees-294725\/","title":{"rendered":"To\u0302le de Re\u0301paration Fixation des Demi-Bras Avant Fiat 500 N &#8211; D &#8211; F &#8211; L &#8211; R (jusqu&rsquo;\u00e0 n.\u00b0 de pi\u00e8ces d\u00e9tach\u00e9es 5172925) &#8211; Giardiniera (jusqu&rsquo;\u00e0 n.\u00b0 de pi\u00e8ces d\u00e9tach\u00e9es 294725)"},"content":{"rendered":"<h4>Pour une voiture compl\u00e8te il est n\u00e9cessaire d&rsquo;acheter 2 pi\u00e8ces<\/h4>\n<h4>L&rsquo;inter-distance entre le centre des deux tiges filet\u00e9es est de 89,00 mm.<\/h4>\n<h4>V\u00e9rifiez le \u00ab\u00a0n.\u00b0 de pi\u00e8ces d\u00e9tach\u00e9es\u00a0\u00bb sur la plaque d\u2019identification du chassis en aluminium de votre voiture<\/h4>\n<p><img decoding=\"async\" class=\"alignnone wp-image-5690\" src=\"https:\/\/staging.passione500.it\/wp-content\/uploads\/2022\/10\/nr_per-_ricambi-1-300x225.jpg\" alt=\"\" width=\"349\" height=\"262\"><\/p>\n","protected":false},"excerpt":{"rendered":"<p>Prodotto in offerta fino a maggio.<\/p>\n","protected":false},"featured_media":3915,"template":"","meta":{"_et_pb_use_builder":"","_et_pb_old_content":"","_et_gb_content_width":""},"product_brand":[],"product_cat":[638,830,834,836,839,842,2402,2558,818,1938,1939,1940,1941,1942,929,932,649,935,923,926,2411],"product_tag":[],"class_list":{"0":"post-3911","1":"product","2":"type-product","3":"status-publish","4":"has-post-thumbnail","6":"product_cat-partie-avant-carrosserie-n-fr","7":"product_cat-partie-avant-carrosserie-d-fr","8":"product_cat-partie-avant-carrosserie-f-fr","9":"product_cat-partie-avant-carrosserie-l-fr","10":"product_cat-partie-avant-carrosserie-r-fr","11":"product_cat-partie-avant-carrosserie-giardiniera-fr","12":"product_cat-partie-avant-tt-fr","13":"product_cat-suspension-avant-tt-fr","14":"product_cat-suspension-avant-n-fr","15":"product_cat-suspension-avant-d-fr","16":"product_cat-suspension-avant-f-fr","17":"product_cat-suspension-avant-l-fr","18":"product_cat-suspension-avant-r-fr","19":"product_cat-suspension-avant-giard-fr","20":"product_cat-tole-de-reparation-et-particulier-carrosserie-l-fr","21":"product_cat-tole-de-reparation-et-particulier-carrosserie-r-fr","22":"product_cat-tole-de-reparation-et-particulier-n-fr","23":"product_cat-tole-de-reparation-et-particulier-carrosserie-giardiniera-fr","24":"product_cat-tole-de-reparation-et-particulier-carrosserie-d-fr","25":"product_cat-tole-de-reparation-et-particulier-carrosserie-f-fr","26":"product_cat-tole-de-reparation-et-particulier-tt-fr","27":"product_shipping_class-shipping-1-fr","29":"first","30":"instock","31":"taxable","32":"shipping-taxable","33":"purchasable","34":"product-type-simple"},"yoast_head":"<!-- This site is optimized with the Yoast SEO plugin v27.3 - https:\/\/yoast.com\/product\/yoast-seo-wordpress\/ -->\n<title>To\u0302le de re\u0301paration fixation des demi-bras avant Fiat 500 | Passione 500<\/title>\n<meta name=\"description\" content=\"Retrouvez sur notre site To\u0302le de re\u0301paration fixation des demi-bras avant pour Fiat 500. Plus de 3000 pi\u00e8ces d\u00e9tach\u00e9es disponibles en stock. PROFITEZ DE NOS OFFRES!\" \/>\n<meta name=\"robots\" content=\"noindex, follow, max-snippet:-1, max-image-preview:large, max-video-preview:-1\" \/>\n<meta property=\"og:locale\" content=\"fr_FR\" \/>\n<meta property=\"og:type\" content=\"article\" \/>\n<meta property=\"og:title\" content=\"To\u0302le de re\u0301paration fixation des demi-bras avant Fiat 500 | Passione 500\" \/>\n<meta property=\"og:description\" content=\"Retrouvez sur notre site To\u0302le de re\u0301paration fixation des demi-bras avant pour Fiat 500. Plus de 3000 pi\u00e8ces d\u00e9tach\u00e9es disponibles en stock. PROFITEZ DE NOS OFFRES!\" \/>\n<meta property=\"og:url\" content=\"https:\/\/staging.passione500.it\/fr\/fiat-500-fr\/fiat-500-n-fr\/carrosserie-n-fr\/tole-de-reparation-et-particulier-n-fr\/to%cc%82le-de-reparation-fixation-des-demi-bras-avant-fiat-500-n-d-f-l-r-jusquen-janvier-73-giardiniera-jusqua-n-de-pieces-detachees-294725\/\" \/>\n<meta property=\"og:site_name\" content=\"Passione 500\" \/>\n<meta property=\"article:modified_time\" content=\"2025-12-03T07:25:05+00:00\" \/>\n<meta property=\"og:image\" content=\"https:\/\/passione500.it\/wp-content\/uploads\/2022\/11\/IMG_7542_1.jpg\" \/>\n\t<meta property=\"og:image:width\" content=\"2048\" \/>\n\t<meta property=\"og:image:height\" content=\"1536\" \/>\n\t<meta property=\"og:image:type\" content=\"image\/jpeg\" \/>\n<meta name=\"twitter:card\" content=\"summary_large_image\" \/>\n<meta name=\"twitter:label1\" content=\"Dur\u00e9e de lecture estim\u00e9e\" \/>\n\t<meta name=\"twitter:data1\" content=\"1 minute\" \/>\n<script type=\"application\/ld+json\" class=\"yoast-schema-graph\">{\"@context\":\"https:\\\/\\\/schema.org\",\"@graph\":[{\"@type\":\"WebPage\",\"@id\":\"https:\\\/\\\/staging.passione500.it\\\/fr\\\/fiat-500-fr\\\/fiat-500-n-fr\\\/carrosserie-n-fr\\\/tole-de-reparation-et-particulier-n-fr\\\/to%cc%82le-de-reparation-fixation-des-demi-bras-avant-fiat-500-n-d-f-l-r-jusquen-janvier-73-giardiniera-jusqua-n-de-pieces-detachees-294725\\\/\",\"url\":\"https:\\\/\\\/staging.passione500.it\\\/fr\\\/fiat-500-fr\\\/fiat-500-n-fr\\\/carrosserie-n-fr\\\/tole-de-reparation-et-particulier-n-fr\\\/to%cc%82le-de-reparation-fixation-des-demi-bras-avant-fiat-500-n-d-f-l-r-jusquen-janvier-73-giardiniera-jusqua-n-de-pieces-detachees-294725\\\/\",\"name\":\"To\u0302le de re\u0301paration fixation des demi-bras avant Fiat 500 | Passione 500\",\"isPartOf\":{\"@id\":\"https:\\\/\\\/staging.passione500.it\\\/fr\\\/#website\"},\"primaryImageOfPage\":{\"@id\":\"https:\\\/\\\/staging.passione500.it\\\/fr\\\/fiat-500-fr\\\/fiat-500-n-fr\\\/carrosserie-n-fr\\\/tole-de-reparation-et-particulier-n-fr\\\/to%cc%82le-de-reparation-fixation-des-demi-bras-avant-fiat-500-n-d-f-l-r-jusquen-janvier-73-giardiniera-jusqua-n-de-pieces-detachees-294725\\\/#primaryimage\"},\"image\":{\"@id\":\"https:\\\/\\\/staging.passione500.it\\\/fr\\\/fiat-500-fr\\\/fiat-500-n-fr\\\/carrosserie-n-fr\\\/tole-de-reparation-et-particulier-n-fr\\\/to%cc%82le-de-reparation-fixation-des-demi-bras-avant-fiat-500-n-d-f-l-r-jusquen-janvier-73-giardiniera-jusqua-n-de-pieces-detachees-294725\\\/#primaryimage\"},\"thumbnailUrl\":\"https:\\\/\\\/staging.passione500.it\\\/wp-content\\\/uploads\\\/2022\\\/11\\\/IMG_7542_1.jpg\",\"datePublished\":\"2022-11-28T17:25:14+00:00\",\"dateModified\":\"2025-12-03T07:25:05+00:00\",\"description\":\"Retrouvez sur notre site To\u0302le de re\u0301paration fixation des demi-bras avant pour Fiat 500. Plus de 3000 pi\u00e8ces d\u00e9tach\u00e9es disponibles en stock. PROFITEZ DE NOS OFFRES!\",\"breadcrumb\":{\"@id\":\"https:\\\/\\\/staging.passione500.it\\\/fr\\\/fiat-500-fr\\\/fiat-500-n-fr\\\/carrosserie-n-fr\\\/tole-de-reparation-et-particulier-n-fr\\\/to%cc%82le-de-reparation-fixation-des-demi-bras-avant-fiat-500-n-d-f-l-r-jusquen-janvier-73-giardiniera-jusqua-n-de-pieces-detachees-294725\\\/#breadcrumb\"},\"inLanguage\":\"fr-FR\",\"potentialAction\":[{\"@type\":\"ReadAction\",\"target\":[\"https:\\\/\\\/staging.passione500.it\\\/fr\\\/fiat-500-fr\\\/fiat-500-n-fr\\\/carrosserie-n-fr\\\/tole-de-reparation-et-particulier-n-fr\\\/to%cc%82le-de-reparation-fixation-des-demi-bras-avant-fiat-500-n-d-f-l-r-jusquen-janvier-73-giardiniera-jusqua-n-de-pieces-detachees-294725\\\/\"]}]},{\"@type\":\"ImageObject\",\"inLanguage\":\"fr-FR\",\"@id\":\"https:\\\/\\\/staging.passione500.it\\\/fr\\\/fiat-500-fr\\\/fiat-500-n-fr\\\/carrosserie-n-fr\\\/tole-de-reparation-et-particulier-n-fr\\\/to%cc%82le-de-reparation-fixation-des-demi-bras-avant-fiat-500-n-d-f-l-r-jusquen-janvier-73-giardiniera-jusqua-n-de-pieces-detachees-294725\\\/#primaryimage\",\"url\":\"https:\\\/\\\/staging.passione500.it\\\/wp-content\\\/uploads\\\/2022\\\/11\\\/IMG_7542_1.jpg\",\"contentUrl\":\"https:\\\/\\\/staging.passione500.it\\\/wp-content\\\/uploads\\\/2022\\\/11\\\/IMG_7542_1.jpg\",\"width\":2048,\"height\":1536},{\"@type\":\"BreadcrumbList\",\"@id\":\"https:\\\/\\\/staging.passione500.it\\\/fr\\\/fiat-500-fr\\\/fiat-500-n-fr\\\/carrosserie-n-fr\\\/tole-de-reparation-et-particulier-n-fr\\\/to%cc%82le-de-reparation-fixation-des-demi-bras-avant-fiat-500-n-d-f-l-r-jusquen-janvier-73-giardiniera-jusqua-n-de-pieces-detachees-294725\\\/#breadcrumb\",\"itemListElement\":[{\"@type\":\"ListItem\",\"position\":1,\"name\":\"Home\",\"item\":\"https:\\\/\\\/passione500.it\\\/fr\\\/\"},{\"@type\":\"ListItem\",\"position\":2,\"name\":\"Fiat 500\",\"item\":\"https:\\\/\\\/staging.passione500.it\\\/fr\\\/fiat-500-fr\\\/\"},{\"@type\":\"ListItem\",\"position\":3,\"name\":\"Fiat 500 N\",\"item\":\"https:\\\/\\\/staging.passione500.it\\\/fr\\\/fiat-500-fr\\\/fiat-500-n-fr\\\/\"},{\"@type\":\"ListItem\",\"position\":4,\"name\":\"Carrosserie\",\"item\":\"https:\\\/\\\/staging.passione500.it\\\/fr\\\/fiat-500-fr\\\/fiat-500-n-fr\\\/carrosserie-n-fr\\\/\"},{\"@type\":\"ListItem\",\"position\":5,\"name\":\"T\u00f4le de R\u00e9paration et Particulier\",\"item\":\"https:\\\/\\\/staging.passione500.it\\\/fr\\\/fiat-500-fr\\\/fiat-500-n-fr\\\/carrosserie-n-fr\\\/tole-de-reparation-et-particulier-n-fr\\\/\"},{\"@type\":\"ListItem\",\"position\":6,\"name\":\"To\u0302le de Re\u0301paration Fixation des Demi-Bras Avant Fiat 500 N &#8211; D &#8211; F &#8211; L &#8211; R (jusqu&rsquo;\u00e0 n.\u00b0 de pi\u00e8ces d\u00e9tach\u00e9es 5172925) &#8211; Giardiniera (jusqu&rsquo;\u00e0 n.\u00b0 de pi\u00e8ces d\u00e9tach\u00e9es 294725)\"}]},{\"@type\":\"WebSite\",\"@id\":\"https:\\\/\\\/staging.passione500.it\\\/fr\\\/#website\",\"url\":\"https:\\\/\\\/staging.passione500.it\\\/fr\\\/\",\"name\":\"Passione 500\",\"description\":\"Ricambi Fiat 500 d&#039;Epoca\",\"publisher\":{\"@id\":\"https:\\\/\\\/staging.passione500.it\\\/fr\\\/#organization\"},\"potentialAction\":[{\"@type\":\"SearchAction\",\"target\":{\"@type\":\"EntryPoint\",\"urlTemplate\":\"https:\\\/\\\/staging.passione500.it\\\/fr\\\/?s={search_term_string}\"},\"query-input\":{\"@type\":\"PropertyValueSpecification\",\"valueRequired\":true,\"valueName\":\"search_term_string\"}}],\"inLanguage\":\"fr-FR\"},{\"@type\":\"Organization\",\"@id\":\"https:\\\/\\\/staging.passione500.it\\\/fr\\\/#organization\",\"name\":\"Passione 500\",\"url\":\"https:\\\/\\\/staging.passione500.it\\\/fr\\\/\",\"logo\":{\"@type\":\"ImageObject\",\"inLanguage\":\"fr-FR\",\"@id\":\"https:\\\/\\\/staging.passione500.it\\\/fr\\\/#\\\/schema\\\/logo\\\/image\\\/\",\"url\":\"https:\\\/\\\/staging.passione500.it\\\/wp-content\\\/uploads\\\/2025\\\/12\\\/PASSIONE-LOGO-APPROVATO.png\",\"contentUrl\":\"https:\\\/\\\/staging.passione500.it\\\/wp-content\\\/uploads\\\/2025\\\/12\\\/PASSIONE-LOGO-APPROVATO.png\",\"width\":348,\"height\":125,\"caption\":\"Passione 500\"},\"image\":{\"@id\":\"https:\\\/\\\/staging.passione500.it\\\/fr\\\/#\\\/schema\\\/logo\\\/image\\\/\"}}]}<\/script>\n<!-- \/ Yoast SEO plugin. -->","yoast_head_json":{"title":"To\u0302le de re\u0301paration fixation des demi-bras avant Fiat 500 | Passione 500","description":"Retrouvez sur notre site To\u0302le de re\u0301paration fixation des demi-bras avant pour Fiat 500. Plus de 3000 pi\u00e8ces d\u00e9tach\u00e9es disponibles en stock. PROFITEZ DE NOS OFFRES!","robots":{"index":"noindex","follow":"follow","max-snippet":"max-snippet:-1","max-image-preview":"max-image-preview:large","max-video-preview":"max-video-preview:-1"},"og_locale":"fr_FR","og_type":"article","og_title":"To\u0302le de re\u0301paration fixation des demi-bras avant Fiat 500 | Passione 500","og_description":"Retrouvez sur notre site To\u0302le de re\u0301paration fixation des demi-bras avant pour Fiat 500. Plus de 3000 pi\u00e8ces d\u00e9tach\u00e9es disponibles en stock. PROFITEZ DE NOS OFFRES!","og_url":"https:\/\/staging.passione500.it\/fr\/fiat-500-fr\/fiat-500-n-fr\/carrosserie-n-fr\/tole-de-reparation-et-particulier-n-fr\/to%cc%82le-de-reparation-fixation-des-demi-bras-avant-fiat-500-n-d-f-l-r-jusquen-janvier-73-giardiniera-jusqua-n-de-pieces-detachees-294725\/","og_site_name":"Passione 500","article_modified_time":"2025-12-03T07:25:05+00:00","og_image":[{"width":2048,"height":1536,"url":"https:\/\/passione500.it\/wp-content\/uploads\/2022\/11\/IMG_7542_1.jpg","type":"image\/jpeg"}],"twitter_card":"summary_large_image","twitter_misc":{"Dur\u00e9e de lecture estim\u00e9e":"1 minute"},"schema":{"@context":"https:\/\/schema.org","@graph":[{"@type":"WebPage","@id":"https:\/\/staging.passione500.it\/fr\/fiat-500-fr\/fiat-500-n-fr\/carrosserie-n-fr\/tole-de-reparation-et-particulier-n-fr\/to%cc%82le-de-reparation-fixation-des-demi-bras-avant-fiat-500-n-d-f-l-r-jusquen-janvier-73-giardiniera-jusqua-n-de-pieces-detachees-294725\/","url":"https:\/\/staging.passione500.it\/fr\/fiat-500-fr\/fiat-500-n-fr\/carrosserie-n-fr\/tole-de-reparation-et-particulier-n-fr\/to%cc%82le-de-reparation-fixation-des-demi-bras-avant-fiat-500-n-d-f-l-r-jusquen-janvier-73-giardiniera-jusqua-n-de-pieces-detachees-294725\/","name":"To\u0302le de re\u0301paration fixation des demi-bras avant Fiat 500 | Passione 500","isPartOf":{"@id":"https:\/\/staging.passione500.it\/fr\/#website"},"primaryImageOfPage":{"@id":"https:\/\/staging.passione500.it\/fr\/fiat-500-fr\/fiat-500-n-fr\/carrosserie-n-fr\/tole-de-reparation-et-particulier-n-fr\/to%cc%82le-de-reparation-fixation-des-demi-bras-avant-fiat-500-n-d-f-l-r-jusquen-janvier-73-giardiniera-jusqua-n-de-pieces-detachees-294725\/#primaryimage"},"image":{"@id":"https:\/\/staging.passione500.it\/fr\/fiat-500-fr\/fiat-500-n-fr\/carrosserie-n-fr\/tole-de-reparation-et-particulier-n-fr\/to%cc%82le-de-reparation-fixation-des-demi-bras-avant-fiat-500-n-d-f-l-r-jusquen-janvier-73-giardiniera-jusqua-n-de-pieces-detachees-294725\/#primaryimage"},"thumbnailUrl":"https:\/\/staging.passione500.it\/wp-content\/uploads\/2022\/11\/IMG_7542_1.jpg","datePublished":"2022-11-28T17:25:14+00:00","dateModified":"2025-12-03T07:25:05+00:00","description":"Retrouvez sur notre site To\u0302le de re\u0301paration fixation des demi-bras avant pour Fiat 500. Plus de 3000 pi\u00e8ces d\u00e9tach\u00e9es disponibles en stock. PROFITEZ DE NOS OFFRES!","breadcrumb":{"@id":"https:\/\/staging.passione500.it\/fr\/fiat-500-fr\/fiat-500-n-fr\/carrosserie-n-fr\/tole-de-reparation-et-particulier-n-fr\/to%cc%82le-de-reparation-fixation-des-demi-bras-avant-fiat-500-n-d-f-l-r-jusquen-janvier-73-giardiniera-jusqua-n-de-pieces-detachees-294725\/#breadcrumb"},"inLanguage":"fr-FR","potentialAction":[{"@type":"ReadAction","target":["https:\/\/staging.passione500.it\/fr\/fiat-500-fr\/fiat-500-n-fr\/carrosserie-n-fr\/tole-de-reparation-et-particulier-n-fr\/to%cc%82le-de-reparation-fixation-des-demi-bras-avant-fiat-500-n-d-f-l-r-jusquen-janvier-73-giardiniera-jusqua-n-de-pieces-detachees-294725\/"]}]},{"@type":"ImageObject","inLanguage":"fr-FR","@id":"https:\/\/staging.passione500.it\/fr\/fiat-500-fr\/fiat-500-n-fr\/carrosserie-n-fr\/tole-de-reparation-et-particulier-n-fr\/to%cc%82le-de-reparation-fixation-des-demi-bras-avant-fiat-500-n-d-f-l-r-jusquen-janvier-73-giardiniera-jusqua-n-de-pieces-detachees-294725\/#primaryimage","url":"https:\/\/staging.passione500.it\/wp-content\/uploads\/2022\/11\/IMG_7542_1.jpg","contentUrl":"https:\/\/staging.passione500.it\/wp-content\/uploads\/2022\/11\/IMG_7542_1.jpg","width":2048,"height":1536},{"@type":"BreadcrumbList","@id":"https:\/\/staging.passione500.it\/fr\/fiat-500-fr\/fiat-500-n-fr\/carrosserie-n-fr\/tole-de-reparation-et-particulier-n-fr\/to%cc%82le-de-reparation-fixation-des-demi-bras-avant-fiat-500-n-d-f-l-r-jusquen-janvier-73-giardiniera-jusqua-n-de-pieces-detachees-294725\/#breadcrumb","itemListElement":[{"@type":"ListItem","position":1,"name":"Home","item":"https:\/\/passione500.it\/fr\/"},{"@type":"ListItem","position":2,"name":"Fiat 500","item":"https:\/\/staging.passione500.it\/fr\/fiat-500-fr\/"},{"@type":"ListItem","position":3,"name":"Fiat 500 N","item":"https:\/\/staging.passione500.it\/fr\/fiat-500-fr\/fiat-500-n-fr\/"},{"@type":"ListItem","position":4,"name":"Carrosserie","item":"https:\/\/staging.passione500.it\/fr\/fiat-500-fr\/fiat-500-n-fr\/carrosserie-n-fr\/"},{"@type":"ListItem","position":5,"name":"T\u00f4le de R\u00e9paration et Particulier","item":"https:\/\/staging.passione500.it\/fr\/fiat-500-fr\/fiat-500-n-fr\/carrosserie-n-fr\/tole-de-reparation-et-particulier-n-fr\/"},{"@type":"ListItem","position":6,"name":"To\u0302le de Re\u0301paration Fixation des Demi-Bras Avant Fiat 500 N &#8211; D &#8211; F &#8211; L &#8211; R (jusqu&rsquo;\u00e0 n.\u00b0 de pi\u00e8ces d\u00e9tach\u00e9es 5172925) &#8211; Giardiniera (jusqu&rsquo;\u00e0 n.\u00b0 de pi\u00e8ces d\u00e9tach\u00e9es 294725)"}]},{"@type":"WebSite","@id":"https:\/\/staging.passione500.it\/fr\/#website","url":"https:\/\/staging.passione500.it\/fr\/","name":"Passione 500","description":"Ricambi Fiat 500 d&#039;Epoca","publisher":{"@id":"https:\/\/staging.passione500.it\/fr\/#organization"},"potentialAction":[{"@type":"SearchAction","target":{"@type":"EntryPoint","urlTemplate":"https:\/\/staging.passione500.it\/fr\/?s={search_term_string}"},"query-input":{"@type":"PropertyValueSpecification","valueRequired":true,"valueName":"search_term_string"}}],"inLanguage":"fr-FR"},{"@type":"Organization","@id":"https:\/\/staging.passione500.it\/fr\/#organization","name":"Passione 500","url":"https:\/\/staging.passione500.it\/fr\/","logo":{"@type":"ImageObject","inLanguage":"fr-FR","@id":"https:\/\/staging.passione500.it\/fr\/#\/schema\/logo\/image\/","url":"https:\/\/staging.passione500.it\/wp-content\/uploads\/2025\/12\/PASSIONE-LOGO-APPROVATO.png","contentUrl":"https:\/\/staging.passione500.it\/wp-content\/uploads\/2025\/12\/PASSIONE-LOGO-APPROVATO.png","width":348,"height":125,"caption":"Passione 500"},"image":{"@id":"https:\/\/staging.passione500.it\/fr\/#\/schema\/logo\/image\/"}}]}},"_links":{"self":[{"href":"https:\/\/staging.passione500.it\/fr\/wp-json\/wp\/v2\/product\/3911","targetHints":{"allow":["GET"]}}],"collection":[{"href":"https:\/\/staging.passione500.it\/fr\/wp-json\/wp\/v2\/product"}],"about":[{"href":"https:\/\/staging.passione500.it\/fr\/wp-json\/wp\/v2\/types\/product"}],"wp:featuredmedia":[{"embeddable":true,"href":"https:\/\/staging.passione500.it\/fr\/wp-json\/wp\/v2\/media\/3915"}],"wp:attachment":[{"href":"https:\/\/staging.passione500.it\/fr\/wp-json\/wp\/v2\/media?parent=3911"}],"wp:term":[{"taxonomy":"product_brand","embeddable":true,"href":"https:\/\/staging.passione500.it\/fr\/wp-json\/wp\/v2\/product_brand?post=3911"},{"taxonomy":"product_cat","embeddable":true,"href":"https:\/\/staging.passione500.it\/fr\/wp-json\/wp\/v2\/product_cat?post=3911"},{"taxonomy":"product_tag","embeddable":true,"href":"https:\/\/staging.passione500.it\/fr\/wp-json\/wp\/v2\/product_tag?post=3911"}],"curies":[{"name":"wp","href":"https:\/\/api.w.org\/{rel}","templated":true}]}}