{"id":3890,"date":"2022-11-28T17:52:42","date_gmt":"2022-11-28T16:52:43","guid":{"rendered":"https:\/\/staging.passione500.it\/?post_type=product&#038;p=3890"},"modified":"2025-03-27T09:21:54","modified_gmt":"2025-03-27T08:21:54","slug":"tole-de-reparation-droit-fixation-du-ressort-a-lames-fiat-500","status":"publish","type":"product","link":"https:\/\/staging.passione500.it\/fr\/fiat-500-fr\/fiat-500-n-fr\/carrosserie-n-fr\/tole-de-reparation-et-particulier-n-fr\/tole-de-reparation-droit-fixation-du-ressort-a-lames-fiat-500\/","title":{"rendered":"T\u00f4le de R\u00e9paration Droit Fixation du Ressort \u00e0 Lames Fiat 500"},"content":{"rendered":"<h4>Pour une voiture compl\u00e8te il est n\u00e9cessaire d&rsquo;acheter 1 pi\u00e8ce<\/h4>\n","protected":false},"excerpt":{"rendered":"<p>Prodotto in offerta fino a maggio.<\/p>\n","protected":false},"featured_media":3897,"template":"","meta":{"_et_pb_use_builder":"","_et_pb_old_content":"","_et_gb_content_width":""},"product_brand":[],"product_cat":[834,836,839,842,2402,638,830,1938,1939,1940,1941,1942,2558,818,923,926,2411,929,932,649,935],"product_tag":[],"class_list":{"0":"post-3890","1":"product","2":"type-product","3":"status-publish","4":"has-post-thumbnail","6":"product_cat-partie-avant-carrosserie-f-fr","7":"product_cat-partie-avant-carrosserie-l-fr","8":"product_cat-partie-avant-carrosserie-r-fr","9":"product_cat-partie-avant-carrosserie-giardiniera-fr","10":"product_cat-partie-avant-tt-fr","11":"product_cat-partie-avant-carrosserie-n-fr","12":"product_cat-partie-avant-carrosserie-d-fr","13":"product_cat-suspension-avant-d-fr","14":"product_cat-suspension-avant-f-fr","15":"product_cat-suspension-avant-l-fr","16":"product_cat-suspension-avant-r-fr","17":"product_cat-suspension-avant-giard-fr","18":"product_cat-suspension-avant-tt-fr","19":"product_cat-suspension-avant-n-fr","20":"product_cat-tole-de-reparation-et-particulier-carrosserie-d-fr","21":"product_cat-tole-de-reparation-et-particulier-carrosserie-f-fr","22":"product_cat-tole-de-reparation-et-particulier-tt-fr","23":"product_cat-tole-de-reparation-et-particulier-carrosserie-l-fr","24":"product_cat-tole-de-reparation-et-particulier-carrosserie-r-fr","25":"product_cat-tole-de-reparation-et-particulier-n-fr","26":"product_cat-tole-de-reparation-et-particulier-carrosserie-giardiniera-fr","27":"product_shipping_class-shipping-1-fr","29":"first","30":"instock","31":"taxable","32":"shipping-taxable","33":"purchasable","34":"product-type-simple"},"yoast_head":"<!-- This site is optimized with the Yoast SEO plugin v27.3 - https:\/\/yoast.com\/product\/yoast-seo-wordpress\/ -->\n<title>T\u00f4le de r\u00e9paration droit fixation du ressort \u00e0 lames Fiat 500 | Passione 500<\/title>\n<meta name=\"description\" content=\"Retrouvez sur notre site T\u00f4le de r\u00e9paration droit fixation du ressort \u00e0 lames pour Fiat 500. Plus de 3000 pi\u00e8ces d\u00e9tach\u00e9es disponibles en stock. Plus de 3000 pi\u00e8ces d\u00e9tach\u00e9es disponibles en stock. PROFITEZ DE NOS OFFRES!\" \/>\n<meta name=\"robots\" content=\"noindex, follow, max-snippet:-1, max-image-preview:large, max-video-preview:-1\" \/>\n<meta property=\"og:locale\" content=\"fr_FR\" \/>\n<meta property=\"og:type\" content=\"article\" \/>\n<meta property=\"og:title\" content=\"T\u00f4le de r\u00e9paration droit fixation du ressort \u00e0 lames Fiat 500 | Passione 500\" \/>\n<meta property=\"og:description\" content=\"Retrouvez sur notre site T\u00f4le de r\u00e9paration droit fixation du ressort \u00e0 lames pour Fiat 500. Plus de 3000 pi\u00e8ces d\u00e9tach\u00e9es disponibles en stock. Plus de 3000 pi\u00e8ces d\u00e9tach\u00e9es disponibles en stock. PROFITEZ DE NOS OFFRES!\" \/>\n<meta property=\"og:url\" content=\"https:\/\/staging.passione500.it\/fr\/fiat-500-fr\/fiat-500-n-fr\/carrosserie-n-fr\/tole-de-reparation-et-particulier-n-fr\/tole-de-reparation-droit-fixation-du-ressort-a-lames-fiat-500\/\" \/>\n<meta property=\"og:site_name\" content=\"Passione 500\" \/>\n<meta property=\"article:modified_time\" content=\"2025-03-27T08:21:54+00:00\" \/>\n<meta property=\"og:image\" content=\"https:\/\/passione500.it\/wp-content\/uploads\/2022\/11\/IMG_7543.jpg\" \/>\n\t<meta property=\"og:image:width\" content=\"2048\" \/>\n\t<meta property=\"og:image:height\" content=\"1536\" \/>\n\t<meta property=\"og:image:type\" content=\"image\/jpeg\" \/>\n<meta name=\"twitter:card\" content=\"summary_large_image\" \/>\n<meta name=\"twitter:label1\" content=\"Dur\u00e9e de lecture estim\u00e9e\" \/>\n\t<meta name=\"twitter:data1\" content=\"1 minute\" \/>\n<script type=\"application\/ld+json\" class=\"yoast-schema-graph\">{\"@context\":\"https:\\\/\\\/schema.org\",\"@graph\":[{\"@type\":\"WebPage\",\"@id\":\"https:\\\/\\\/staging.passione500.it\\\/fr\\\/fiat-500-fr\\\/fiat-500-n-fr\\\/carrosserie-n-fr\\\/tole-de-reparation-et-particulier-n-fr\\\/tole-de-reparation-droit-fixation-du-ressort-a-lames-fiat-500\\\/\",\"url\":\"https:\\\/\\\/staging.passione500.it\\\/fr\\\/fiat-500-fr\\\/fiat-500-n-fr\\\/carrosserie-n-fr\\\/tole-de-reparation-et-particulier-n-fr\\\/tole-de-reparation-droit-fixation-du-ressort-a-lames-fiat-500\\\/\",\"name\":\"T\u00f4le de r\u00e9paration droit fixation du ressort \u00e0 lames Fiat 500 | Passione 500\",\"isPartOf\":{\"@id\":\"https:\\\/\\\/staging.passione500.it\\\/fr\\\/#website\"},\"primaryImageOfPage\":{\"@id\":\"https:\\\/\\\/staging.passione500.it\\\/fr\\\/fiat-500-fr\\\/fiat-500-n-fr\\\/carrosserie-n-fr\\\/tole-de-reparation-et-particulier-n-fr\\\/tole-de-reparation-droit-fixation-du-ressort-a-lames-fiat-500\\\/#primaryimage\"},\"image\":{\"@id\":\"https:\\\/\\\/staging.passione500.it\\\/fr\\\/fiat-500-fr\\\/fiat-500-n-fr\\\/carrosserie-n-fr\\\/tole-de-reparation-et-particulier-n-fr\\\/tole-de-reparation-droit-fixation-du-ressort-a-lames-fiat-500\\\/#primaryimage\"},\"thumbnailUrl\":\"https:\\\/\\\/staging.passione500.it\\\/wp-content\\\/uploads\\\/2022\\\/11\\\/IMG_7543.jpg\",\"datePublished\":\"2022-11-28T16:52:43+00:00\",\"dateModified\":\"2025-03-27T08:21:54+00:00\",\"description\":\"Retrouvez sur notre site T\u00f4le de r\u00e9paration droit fixation du ressort \u00e0 lames pour Fiat 500. Plus de 3000 pi\u00e8ces d\u00e9tach\u00e9es disponibles en stock. Plus de 3000 pi\u00e8ces d\u00e9tach\u00e9es disponibles en stock. PROFITEZ DE NOS OFFRES!\",\"breadcrumb\":{\"@id\":\"https:\\\/\\\/staging.passione500.it\\\/fr\\\/fiat-500-fr\\\/fiat-500-n-fr\\\/carrosserie-n-fr\\\/tole-de-reparation-et-particulier-n-fr\\\/tole-de-reparation-droit-fixation-du-ressort-a-lames-fiat-500\\\/#breadcrumb\"},\"inLanguage\":\"fr-FR\",\"potentialAction\":[{\"@type\":\"ReadAction\",\"target\":[\"https:\\\/\\\/staging.passione500.it\\\/fr\\\/fiat-500-fr\\\/fiat-500-n-fr\\\/carrosserie-n-fr\\\/tole-de-reparation-et-particulier-n-fr\\\/tole-de-reparation-droit-fixation-du-ressort-a-lames-fiat-500\\\/\"]}]},{\"@type\":\"ImageObject\",\"inLanguage\":\"fr-FR\",\"@id\":\"https:\\\/\\\/staging.passione500.it\\\/fr\\\/fiat-500-fr\\\/fiat-500-n-fr\\\/carrosserie-n-fr\\\/tole-de-reparation-et-particulier-n-fr\\\/tole-de-reparation-droit-fixation-du-ressort-a-lames-fiat-500\\\/#primaryimage\",\"url\":\"https:\\\/\\\/staging.passione500.it\\\/wp-content\\\/uploads\\\/2022\\\/11\\\/IMG_7543.jpg\",\"contentUrl\":\"https:\\\/\\\/staging.passione500.it\\\/wp-content\\\/uploads\\\/2022\\\/11\\\/IMG_7543.jpg\",\"width\":2048,\"height\":1536,\"caption\":\"supporto dx fissaggio balestra fiat 500\"},{\"@type\":\"BreadcrumbList\",\"@id\":\"https:\\\/\\\/staging.passione500.it\\\/fr\\\/fiat-500-fr\\\/fiat-500-n-fr\\\/carrosserie-n-fr\\\/tole-de-reparation-et-particulier-n-fr\\\/tole-de-reparation-droit-fixation-du-ressort-a-lames-fiat-500\\\/#breadcrumb\",\"itemListElement\":[{\"@type\":\"ListItem\",\"position\":1,\"name\":\"Home\",\"item\":\"https:\\\/\\\/passione500.it\\\/fr\\\/\"},{\"@type\":\"ListItem\",\"position\":2,\"name\":\"Fiat 500\",\"item\":\"https:\\\/\\\/staging.passione500.it\\\/fr\\\/fiat-500-fr\\\/\"},{\"@type\":\"ListItem\",\"position\":3,\"name\":\"Fiat 500 N\",\"item\":\"https:\\\/\\\/staging.passione500.it\\\/fr\\\/fiat-500-fr\\\/fiat-500-n-fr\\\/\"},{\"@type\":\"ListItem\",\"position\":4,\"name\":\"Carrosserie\",\"item\":\"https:\\\/\\\/staging.passione500.it\\\/fr\\\/fiat-500-fr\\\/fiat-500-n-fr\\\/carrosserie-n-fr\\\/\"},{\"@type\":\"ListItem\",\"position\":5,\"name\":\"T\u00f4le de R\u00e9paration et Particulier\",\"item\":\"https:\\\/\\\/staging.passione500.it\\\/fr\\\/fiat-500-fr\\\/fiat-500-n-fr\\\/carrosserie-n-fr\\\/tole-de-reparation-et-particulier-n-fr\\\/\"},{\"@type\":\"ListItem\",\"position\":6,\"name\":\"T\u00f4le de R\u00e9paration Droit Fixation du Ressort \u00e0 Lames Fiat 500\"}]},{\"@type\":\"WebSite\",\"@id\":\"https:\\\/\\\/staging.passione500.it\\\/fr\\\/#website\",\"url\":\"https:\\\/\\\/staging.passione500.it\\\/fr\\\/\",\"name\":\"Passione 500\",\"description\":\"Ricambi Fiat 500 d&#039;Epoca\",\"publisher\":{\"@id\":\"https:\\\/\\\/staging.passione500.it\\\/fr\\\/#organization\"},\"potentialAction\":[{\"@type\":\"SearchAction\",\"target\":{\"@type\":\"EntryPoint\",\"urlTemplate\":\"https:\\\/\\\/staging.passione500.it\\\/fr\\\/?s={search_term_string}\"},\"query-input\":{\"@type\":\"PropertyValueSpecification\",\"valueRequired\":true,\"valueName\":\"search_term_string\"}}],\"inLanguage\":\"fr-FR\"},{\"@type\":\"Organization\",\"@id\":\"https:\\\/\\\/staging.passione500.it\\\/fr\\\/#organization\",\"name\":\"Passione 500\",\"url\":\"https:\\\/\\\/staging.passione500.it\\\/fr\\\/\",\"logo\":{\"@type\":\"ImageObject\",\"inLanguage\":\"fr-FR\",\"@id\":\"https:\\\/\\\/staging.passione500.it\\\/fr\\\/#\\\/schema\\\/logo\\\/image\\\/\",\"url\":\"https:\\\/\\\/staging.passione500.it\\\/wp-content\\\/uploads\\\/2025\\\/12\\\/PASSIONE-LOGO-APPROVATO.png\",\"contentUrl\":\"https:\\\/\\\/staging.passione500.it\\\/wp-content\\\/uploads\\\/2025\\\/12\\\/PASSIONE-LOGO-APPROVATO.png\",\"width\":348,\"height\":125,\"caption\":\"Passione 500\"},\"image\":{\"@id\":\"https:\\\/\\\/staging.passione500.it\\\/fr\\\/#\\\/schema\\\/logo\\\/image\\\/\"}}]}<\/script>\n<!-- \/ Yoast SEO plugin. -->","yoast_head_json":{"title":"T\u00f4le de r\u00e9paration droit fixation du ressort \u00e0 lames Fiat 500 | Passione 500","description":"Retrouvez sur notre site T\u00f4le de r\u00e9paration droit fixation du ressort \u00e0 lames pour Fiat 500. Plus de 3000 pi\u00e8ces d\u00e9tach\u00e9es disponibles en stock. Plus de 3000 pi\u00e8ces d\u00e9tach\u00e9es disponibles en stock. PROFITEZ DE NOS OFFRES!","robots":{"index":"noindex","follow":"follow","max-snippet":"max-snippet:-1","max-image-preview":"max-image-preview:large","max-video-preview":"max-video-preview:-1"},"og_locale":"fr_FR","og_type":"article","og_title":"T\u00f4le de r\u00e9paration droit fixation du ressort \u00e0 lames Fiat 500 | Passione 500","og_description":"Retrouvez sur notre site T\u00f4le de r\u00e9paration droit fixation du ressort \u00e0 lames pour Fiat 500. Plus de 3000 pi\u00e8ces d\u00e9tach\u00e9es disponibles en stock. Plus de 3000 pi\u00e8ces d\u00e9tach\u00e9es disponibles en stock. PROFITEZ DE NOS OFFRES!","og_url":"https:\/\/staging.passione500.it\/fr\/fiat-500-fr\/fiat-500-n-fr\/carrosserie-n-fr\/tole-de-reparation-et-particulier-n-fr\/tole-de-reparation-droit-fixation-du-ressort-a-lames-fiat-500\/","og_site_name":"Passione 500","article_modified_time":"2025-03-27T08:21:54+00:00","og_image":[{"width":2048,"height":1536,"url":"https:\/\/passione500.it\/wp-content\/uploads\/2022\/11\/IMG_7543.jpg","type":"image\/jpeg"}],"twitter_card":"summary_large_image","twitter_misc":{"Dur\u00e9e de lecture estim\u00e9e":"1 minute"},"schema":{"@context":"https:\/\/schema.org","@graph":[{"@type":"WebPage","@id":"https:\/\/staging.passione500.it\/fr\/fiat-500-fr\/fiat-500-n-fr\/carrosserie-n-fr\/tole-de-reparation-et-particulier-n-fr\/tole-de-reparation-droit-fixation-du-ressort-a-lames-fiat-500\/","url":"https:\/\/staging.passione500.it\/fr\/fiat-500-fr\/fiat-500-n-fr\/carrosserie-n-fr\/tole-de-reparation-et-particulier-n-fr\/tole-de-reparation-droit-fixation-du-ressort-a-lames-fiat-500\/","name":"T\u00f4le de r\u00e9paration droit fixation du ressort \u00e0 lames Fiat 500 | Passione 500","isPartOf":{"@id":"https:\/\/staging.passione500.it\/fr\/#website"},"primaryImageOfPage":{"@id":"https:\/\/staging.passione500.it\/fr\/fiat-500-fr\/fiat-500-n-fr\/carrosserie-n-fr\/tole-de-reparation-et-particulier-n-fr\/tole-de-reparation-droit-fixation-du-ressort-a-lames-fiat-500\/#primaryimage"},"image":{"@id":"https:\/\/staging.passione500.it\/fr\/fiat-500-fr\/fiat-500-n-fr\/carrosserie-n-fr\/tole-de-reparation-et-particulier-n-fr\/tole-de-reparation-droit-fixation-du-ressort-a-lames-fiat-500\/#primaryimage"},"thumbnailUrl":"https:\/\/staging.passione500.it\/wp-content\/uploads\/2022\/11\/IMG_7543.jpg","datePublished":"2022-11-28T16:52:43+00:00","dateModified":"2025-03-27T08:21:54+00:00","description":"Retrouvez sur notre site T\u00f4le de r\u00e9paration droit fixation du ressort \u00e0 lames pour Fiat 500. Plus de 3000 pi\u00e8ces d\u00e9tach\u00e9es disponibles en stock. Plus de 3000 pi\u00e8ces d\u00e9tach\u00e9es disponibles en stock. PROFITEZ DE NOS OFFRES!","breadcrumb":{"@id":"https:\/\/staging.passione500.it\/fr\/fiat-500-fr\/fiat-500-n-fr\/carrosserie-n-fr\/tole-de-reparation-et-particulier-n-fr\/tole-de-reparation-droit-fixation-du-ressort-a-lames-fiat-500\/#breadcrumb"},"inLanguage":"fr-FR","potentialAction":[{"@type":"ReadAction","target":["https:\/\/staging.passione500.it\/fr\/fiat-500-fr\/fiat-500-n-fr\/carrosserie-n-fr\/tole-de-reparation-et-particulier-n-fr\/tole-de-reparation-droit-fixation-du-ressort-a-lames-fiat-500\/"]}]},{"@type":"ImageObject","inLanguage":"fr-FR","@id":"https:\/\/staging.passione500.it\/fr\/fiat-500-fr\/fiat-500-n-fr\/carrosserie-n-fr\/tole-de-reparation-et-particulier-n-fr\/tole-de-reparation-droit-fixation-du-ressort-a-lames-fiat-500\/#primaryimage","url":"https:\/\/staging.passione500.it\/wp-content\/uploads\/2022\/11\/IMG_7543.jpg","contentUrl":"https:\/\/staging.passione500.it\/wp-content\/uploads\/2022\/11\/IMG_7543.jpg","width":2048,"height":1536,"caption":"supporto dx fissaggio balestra fiat 500"},{"@type":"BreadcrumbList","@id":"https:\/\/staging.passione500.it\/fr\/fiat-500-fr\/fiat-500-n-fr\/carrosserie-n-fr\/tole-de-reparation-et-particulier-n-fr\/tole-de-reparation-droit-fixation-du-ressort-a-lames-fiat-500\/#breadcrumb","itemListElement":[{"@type":"ListItem","position":1,"name":"Home","item":"https:\/\/passione500.it\/fr\/"},{"@type":"ListItem","position":2,"name":"Fiat 500","item":"https:\/\/staging.passione500.it\/fr\/fiat-500-fr\/"},{"@type":"ListItem","position":3,"name":"Fiat 500 N","item":"https:\/\/staging.passione500.it\/fr\/fiat-500-fr\/fiat-500-n-fr\/"},{"@type":"ListItem","position":4,"name":"Carrosserie","item":"https:\/\/staging.passione500.it\/fr\/fiat-500-fr\/fiat-500-n-fr\/carrosserie-n-fr\/"},{"@type":"ListItem","position":5,"name":"T\u00f4le de R\u00e9paration et Particulier","item":"https:\/\/staging.passione500.it\/fr\/fiat-500-fr\/fiat-500-n-fr\/carrosserie-n-fr\/tole-de-reparation-et-particulier-n-fr\/"},{"@type":"ListItem","position":6,"name":"T\u00f4le de R\u00e9paration Droit Fixation du Ressort \u00e0 Lames Fiat 500"}]},{"@type":"WebSite","@id":"https:\/\/staging.passione500.it\/fr\/#website","url":"https:\/\/staging.passione500.it\/fr\/","name":"Passione 500","description":"Ricambi Fiat 500 d&#039;Epoca","publisher":{"@id":"https:\/\/staging.passione500.it\/fr\/#organization"},"potentialAction":[{"@type":"SearchAction","target":{"@type":"EntryPoint","urlTemplate":"https:\/\/staging.passione500.it\/fr\/?s={search_term_string}"},"query-input":{"@type":"PropertyValueSpecification","valueRequired":true,"valueName":"search_term_string"}}],"inLanguage":"fr-FR"},{"@type":"Organization","@id":"https:\/\/staging.passione500.it\/fr\/#organization","name":"Passione 500","url":"https:\/\/staging.passione500.it\/fr\/","logo":{"@type":"ImageObject","inLanguage":"fr-FR","@id":"https:\/\/staging.passione500.it\/fr\/#\/schema\/logo\/image\/","url":"https:\/\/staging.passione500.it\/wp-content\/uploads\/2025\/12\/PASSIONE-LOGO-APPROVATO.png","contentUrl":"https:\/\/staging.passione500.it\/wp-content\/uploads\/2025\/12\/PASSIONE-LOGO-APPROVATO.png","width":348,"height":125,"caption":"Passione 500"},"image":{"@id":"https:\/\/staging.passione500.it\/fr\/#\/schema\/logo\/image\/"}}]}},"_links":{"self":[{"href":"https:\/\/staging.passione500.it\/fr\/wp-json\/wp\/v2\/product\/3890","targetHints":{"allow":["GET"]}}],"collection":[{"href":"https:\/\/staging.passione500.it\/fr\/wp-json\/wp\/v2\/product"}],"about":[{"href":"https:\/\/staging.passione500.it\/fr\/wp-json\/wp\/v2\/types\/product"}],"wp:featuredmedia":[{"embeddable":true,"href":"https:\/\/staging.passione500.it\/fr\/wp-json\/wp\/v2\/media\/3897"}],"wp:attachment":[{"href":"https:\/\/staging.passione500.it\/fr\/wp-json\/wp\/v2\/media?parent=3890"}],"wp:term":[{"taxonomy":"product_brand","embeddable":true,"href":"https:\/\/staging.passione500.it\/fr\/wp-json\/wp\/v2\/product_brand?post=3890"},{"taxonomy":"product_cat","embeddable":true,"href":"https:\/\/staging.passione500.it\/fr\/wp-json\/wp\/v2\/product_cat?post=3890"},{"taxonomy":"product_tag","embeddable":true,"href":"https:\/\/staging.passione500.it\/fr\/wp-json\/wp\/v2\/product_tag?post=3890"}],"curies":[{"name":"wp","href":"https:\/\/api.w.org\/{rel}","templated":true}]}}