{"id":36725,"date":"2025-04-09T17:01:02","date_gmt":"2025-04-09T15:01:07","guid":{"rendered":"https:\/\/staging.passione500.it\/?post_type=product&#038;p=36725"},"modified":"2025-04-09T17:15:45","modified_gmt":"2025-04-09T15:15:45","slug":"pre-resistance-pour-bobine-dallumage-double-entree-fiat-500","status":"publish","type":"product","link":"https:\/\/staging.passione500.it\/fr\/fiat-500-fr\/fiat-500-f-fr\/systeme-electrique-f-fr\/allumeur-et-particulier-f-fr\/pre-resistance-pour-bobine-dallumage-double-entree-fiat-500\/","title":{"rendered":"Pr\u00e9-r\u00e9sistance pour Bobine d\u2019Allumage Double Entr\u00e9e Fiat 500"},"content":{"rendered":"<h4>Pour une voiture compl\u00e8te il est n\u00e9cessaire d&rsquo;acheter 1 pi\u00e8ce<\/h4>\n<h4>&#8211; Pi\u00e8ce d\u00e9tach\u00e9e compatible mais non utilis\u00e9e dans la configuration d&rsquo;origine de la voiture (accessoire)<\/h4>\n","protected":false},"excerpt":{"rendered":"<p>Prodotto in offerta fino a maggio.<\/p>\n","protected":false},"featured_media":36728,"template":"","meta":{"_et_pb_use_builder":"","_et_pb_old_content":"","_et_gb_content_width":""},"product_brand":[],"product_cat":[1853,1854,1855,1856,1857,2510,717,720,1861,1862,1858,2513,1859,1860,911,1973,1974,1975,1976,1977,2579],"product_tag":[],"class_list":{"0":"post-36725","1":"product","2":"type-product","3":"status-publish","4":"has-post-thumbnail","6":"product_cat-allumeur-et-particulier-d-fr","7":"product_cat-allumeur-et-particulier-f-fr","8":"product_cat-allumeur-et-particulier-l-fr","9":"product_cat-allumeur-et-particulier-r-fr","10":"product_cat-allumeur-et-particulier-giard-fr","11":"product_cat-allumeur-et-particulier-tt-fr","12":"product_cat-allumeur-et-particulier-n-fr","13":"product_cat-systeme-electrique-diverses-n-fr","14":"product_cat-systeme-electrique-diverses-r-fr","15":"product_cat-systeme-electrique-diverses-giard-fr","16":"product_cat-systeme-electrique-diverses-d-fr","17":"product_cat-systemes-electrique-diverses-tt-fr","18":"product_cat-systeme-electrique-diverses-f-fr","19":"product_cat-systeme-electrique-diverses-l-fr","20":"product_cat-sport-pieces-n-fr","21":"product_cat-sport-pieces-d-fr","22":"product_cat-sport-pieces-f-fr","23":"product_cat-sport-pieces-l-fr","24":"product_cat-sport-pieces-r-fr","25":"product_cat-sport-pieces-giard-fr","26":"product_cat-sport-pieces-tt-fr","27":"product_shipping_class-shipping-1-fr","29":"first","30":"instock","31":"taxable","32":"shipping-taxable","33":"purchasable","34":"product-type-simple"},"yoast_head":"<!-- This site is optimized with the Yoast SEO plugin v27.3 - https:\/\/yoast.com\/product\/yoast-seo-wordpress\/ -->\n<title>Bobine Allumage Fiat 500 | Passione 500<\/title>\n<meta name=\"description\" content=\"Retrouvez sur notre site Bobine Allumage pour Fiat 500. Plus de 3000 pi\u00e8ces d\u00e9tach\u00e9es disponibles en stock.PROFITEZ DE NOS OFFRES ! %\" \/>\n<meta name=\"robots\" content=\"noindex, follow, max-snippet:-1, max-image-preview:large, max-video-preview:-1\" \/>\n<meta property=\"og:locale\" content=\"fr_FR\" \/>\n<meta property=\"og:type\" content=\"article\" \/>\n<meta property=\"og:title\" content=\"Bobine Allumage Fiat 500 | Passione 500\" \/>\n<meta property=\"og:description\" content=\"Retrouvez sur notre site Bobine Allumage pour Fiat 500. Plus de 3000 pi\u00e8ces d\u00e9tach\u00e9es disponibles en stock.PROFITEZ DE NOS OFFRES ! %\" \/>\n<meta property=\"og:url\" content=\"https:\/\/staging.passione500.it\/fr\/fiat-500-fr\/fiat-500-f-fr\/systeme-electrique-f-fr\/allumeur-et-particulier-f-fr\/pre-resistance-pour-bobine-dallumage-double-entree-fiat-500\/\" \/>\n<meta property=\"og:site_name\" content=\"Passione 500\" \/>\n<meta property=\"article:modified_time\" content=\"2025-04-09T15:15:45+00:00\" \/>\n<meta property=\"og:image\" content=\"https:\/\/passione500.it\/wp-content\/uploads\/2025\/04\/IMG_1974.jpg\" \/>\n\t<meta property=\"og:image:width\" content=\"2048\" \/>\n\t<meta property=\"og:image:height\" content=\"1536\" \/>\n\t<meta property=\"og:image:type\" content=\"image\/jpeg\" \/>\n<meta name=\"twitter:card\" content=\"summary_large_image\" \/>\n<meta name=\"twitter:label1\" content=\"Dur\u00e9e de lecture estim\u00e9e\" \/>\n\t<meta name=\"twitter:data1\" content=\"1 minute\" \/>\n<script type=\"application\/ld+json\" class=\"yoast-schema-graph\">{\"@context\":\"https:\\\/\\\/schema.org\",\"@graph\":[{\"@type\":\"WebPage\",\"@id\":\"https:\\\/\\\/staging.passione500.it\\\/fr\\\/fiat-500-fr\\\/fiat-500-f-fr\\\/systeme-electrique-f-fr\\\/allumeur-et-particulier-f-fr\\\/pre-resistance-pour-bobine-dallumage-double-entree-fiat-500\\\/\",\"url\":\"https:\\\/\\\/staging.passione500.it\\\/fr\\\/fiat-500-fr\\\/fiat-500-f-fr\\\/systeme-electrique-f-fr\\\/allumeur-et-particulier-f-fr\\\/pre-resistance-pour-bobine-dallumage-double-entree-fiat-500\\\/\",\"name\":\"Bobine Allumage Fiat 500 | Passione 500\",\"isPartOf\":{\"@id\":\"https:\\\/\\\/staging.passione500.it\\\/fr\\\/#website\"},\"primaryImageOfPage\":{\"@id\":\"https:\\\/\\\/staging.passione500.it\\\/fr\\\/fiat-500-fr\\\/fiat-500-f-fr\\\/systeme-electrique-f-fr\\\/allumeur-et-particulier-f-fr\\\/pre-resistance-pour-bobine-dallumage-double-entree-fiat-500\\\/#primaryimage\"},\"image\":{\"@id\":\"https:\\\/\\\/staging.passione500.it\\\/fr\\\/fiat-500-fr\\\/fiat-500-f-fr\\\/systeme-electrique-f-fr\\\/allumeur-et-particulier-f-fr\\\/pre-resistance-pour-bobine-dallumage-double-entree-fiat-500\\\/#primaryimage\"},\"thumbnailUrl\":\"https:\\\/\\\/staging.passione500.it\\\/wp-content\\\/uploads\\\/2025\\\/04\\\/IMG_1974.jpg\",\"datePublished\":\"2025-04-09T15:01:07+00:00\",\"dateModified\":\"2025-04-09T15:15:45+00:00\",\"description\":\"Retrouvez sur notre site Bobine Allumage pour Fiat 500. Plus de 3000 pi\u00e8ces d\u00e9tach\u00e9es disponibles en stock.PROFITEZ DE NOS OFFRES ! %\",\"breadcrumb\":{\"@id\":\"https:\\\/\\\/staging.passione500.it\\\/fr\\\/fiat-500-fr\\\/fiat-500-f-fr\\\/systeme-electrique-f-fr\\\/allumeur-et-particulier-f-fr\\\/pre-resistance-pour-bobine-dallumage-double-entree-fiat-500\\\/#breadcrumb\"},\"inLanguage\":\"fr-FR\",\"potentialAction\":[{\"@type\":\"ReadAction\",\"target\":[\"https:\\\/\\\/staging.passione500.it\\\/fr\\\/fiat-500-fr\\\/fiat-500-f-fr\\\/systeme-electrique-f-fr\\\/allumeur-et-particulier-f-fr\\\/pre-resistance-pour-bobine-dallumage-double-entree-fiat-500\\\/\"]}]},{\"@type\":\"ImageObject\",\"inLanguage\":\"fr-FR\",\"@id\":\"https:\\\/\\\/staging.passione500.it\\\/fr\\\/fiat-500-fr\\\/fiat-500-f-fr\\\/systeme-electrique-f-fr\\\/allumeur-et-particulier-f-fr\\\/pre-resistance-pour-bobine-dallumage-double-entree-fiat-500\\\/#primaryimage\",\"url\":\"https:\\\/\\\/staging.passione500.it\\\/wp-content\\\/uploads\\\/2025\\\/04\\\/IMG_1974.jpg\",\"contentUrl\":\"https:\\\/\\\/staging.passione500.it\\\/wp-content\\\/uploads\\\/2025\\\/04\\\/IMG_1974.jpg\",\"width\":2048,\"height\":1536,\"caption\":\"resistenza ballast bobina Fiat 500\"},{\"@type\":\"BreadcrumbList\",\"@id\":\"https:\\\/\\\/staging.passione500.it\\\/fr\\\/fiat-500-fr\\\/fiat-500-f-fr\\\/systeme-electrique-f-fr\\\/allumeur-et-particulier-f-fr\\\/pre-resistance-pour-bobine-dallumage-double-entree-fiat-500\\\/#breadcrumb\",\"itemListElement\":[{\"@type\":\"ListItem\",\"position\":1,\"name\":\"Home\",\"item\":\"https:\\\/\\\/passione500.it\\\/fr\\\/\"},{\"@type\":\"ListItem\",\"position\":2,\"name\":\"Fiat 500\",\"item\":\"https:\\\/\\\/staging.passione500.it\\\/fr\\\/fiat-500-fr\\\/\"},{\"@type\":\"ListItem\",\"position\":3,\"name\":\"Fiat 500 F\",\"item\":\"https:\\\/\\\/staging.passione500.it\\\/fr\\\/fiat-500-fr\\\/fiat-500-f-fr\\\/\"},{\"@type\":\"ListItem\",\"position\":4,\"name\":\"Syst\u00e8me Electrique\",\"item\":\"https:\\\/\\\/staging.passione500.it\\\/fr\\\/fiat-500-fr\\\/fiat-500-f-fr\\\/systeme-electrique-f-fr\\\/\"},{\"@type\":\"ListItem\",\"position\":5,\"name\":\"Allumeur et Particulier\",\"item\":\"https:\\\/\\\/staging.passione500.it\\\/fr\\\/fiat-500-fr\\\/fiat-500-f-fr\\\/systeme-electrique-f-fr\\\/allumeur-et-particulier-f-fr\\\/\"},{\"@type\":\"ListItem\",\"position\":6,\"name\":\"Pr\u00e9-r\u00e9sistance pour Bobine d\u2019Allumage Double Entr\u00e9e Fiat 500\"}]},{\"@type\":\"WebSite\",\"@id\":\"https:\\\/\\\/staging.passione500.it\\\/fr\\\/#website\",\"url\":\"https:\\\/\\\/staging.passione500.it\\\/fr\\\/\",\"name\":\"Passione 500\",\"description\":\"Ricambi Fiat 500 d&#039;Epoca\",\"publisher\":{\"@id\":\"https:\\\/\\\/staging.passione500.it\\\/fr\\\/#organization\"},\"potentialAction\":[{\"@type\":\"SearchAction\",\"target\":{\"@type\":\"EntryPoint\",\"urlTemplate\":\"https:\\\/\\\/staging.passione500.it\\\/fr\\\/?s={search_term_string}\"},\"query-input\":{\"@type\":\"PropertyValueSpecification\",\"valueRequired\":true,\"valueName\":\"search_term_string\"}}],\"inLanguage\":\"fr-FR\"},{\"@type\":\"Organization\",\"@id\":\"https:\\\/\\\/staging.passione500.it\\\/fr\\\/#organization\",\"name\":\"Passione 500\",\"url\":\"https:\\\/\\\/staging.passione500.it\\\/fr\\\/\",\"logo\":{\"@type\":\"ImageObject\",\"inLanguage\":\"fr-FR\",\"@id\":\"https:\\\/\\\/staging.passione500.it\\\/fr\\\/#\\\/schema\\\/logo\\\/image\\\/\",\"url\":\"https:\\\/\\\/staging.passione500.it\\\/wp-content\\\/uploads\\\/2025\\\/12\\\/PASSIONE-LOGO-APPROVATO.png\",\"contentUrl\":\"https:\\\/\\\/staging.passione500.it\\\/wp-content\\\/uploads\\\/2025\\\/12\\\/PASSIONE-LOGO-APPROVATO.png\",\"width\":348,\"height\":125,\"caption\":\"Passione 500\"},\"image\":{\"@id\":\"https:\\\/\\\/staging.passione500.it\\\/fr\\\/#\\\/schema\\\/logo\\\/image\\\/\"}}]}<\/script>\n<!-- \/ Yoast SEO plugin. -->","yoast_head_json":{"title":"Bobine Allumage Fiat 500 | Passione 500","description":"Retrouvez sur notre site Bobine Allumage pour Fiat 500. Plus de 3000 pi\u00e8ces d\u00e9tach\u00e9es disponibles en stock.PROFITEZ DE NOS OFFRES ! %","robots":{"index":"noindex","follow":"follow","max-snippet":"max-snippet:-1","max-image-preview":"max-image-preview:large","max-video-preview":"max-video-preview:-1"},"og_locale":"fr_FR","og_type":"article","og_title":"Bobine Allumage Fiat 500 | Passione 500","og_description":"Retrouvez sur notre site Bobine Allumage pour Fiat 500. Plus de 3000 pi\u00e8ces d\u00e9tach\u00e9es disponibles en stock.PROFITEZ DE NOS OFFRES ! %","og_url":"https:\/\/staging.passione500.it\/fr\/fiat-500-fr\/fiat-500-f-fr\/systeme-electrique-f-fr\/allumeur-et-particulier-f-fr\/pre-resistance-pour-bobine-dallumage-double-entree-fiat-500\/","og_site_name":"Passione 500","article_modified_time":"2025-04-09T15:15:45+00:00","og_image":[{"width":2048,"height":1536,"url":"https:\/\/passione500.it\/wp-content\/uploads\/2025\/04\/IMG_1974.jpg","type":"image\/jpeg"}],"twitter_card":"summary_large_image","twitter_misc":{"Dur\u00e9e de lecture estim\u00e9e":"1 minute"},"schema":{"@context":"https:\/\/schema.org","@graph":[{"@type":"WebPage","@id":"https:\/\/staging.passione500.it\/fr\/fiat-500-fr\/fiat-500-f-fr\/systeme-electrique-f-fr\/allumeur-et-particulier-f-fr\/pre-resistance-pour-bobine-dallumage-double-entree-fiat-500\/","url":"https:\/\/staging.passione500.it\/fr\/fiat-500-fr\/fiat-500-f-fr\/systeme-electrique-f-fr\/allumeur-et-particulier-f-fr\/pre-resistance-pour-bobine-dallumage-double-entree-fiat-500\/","name":"Bobine Allumage Fiat 500 | Passione 500","isPartOf":{"@id":"https:\/\/staging.passione500.it\/fr\/#website"},"primaryImageOfPage":{"@id":"https:\/\/staging.passione500.it\/fr\/fiat-500-fr\/fiat-500-f-fr\/systeme-electrique-f-fr\/allumeur-et-particulier-f-fr\/pre-resistance-pour-bobine-dallumage-double-entree-fiat-500\/#primaryimage"},"image":{"@id":"https:\/\/staging.passione500.it\/fr\/fiat-500-fr\/fiat-500-f-fr\/systeme-electrique-f-fr\/allumeur-et-particulier-f-fr\/pre-resistance-pour-bobine-dallumage-double-entree-fiat-500\/#primaryimage"},"thumbnailUrl":"https:\/\/staging.passione500.it\/wp-content\/uploads\/2025\/04\/IMG_1974.jpg","datePublished":"2025-04-09T15:01:07+00:00","dateModified":"2025-04-09T15:15:45+00:00","description":"Retrouvez sur notre site Bobine Allumage pour Fiat 500. Plus de 3000 pi\u00e8ces d\u00e9tach\u00e9es disponibles en stock.PROFITEZ DE NOS OFFRES ! %","breadcrumb":{"@id":"https:\/\/staging.passione500.it\/fr\/fiat-500-fr\/fiat-500-f-fr\/systeme-electrique-f-fr\/allumeur-et-particulier-f-fr\/pre-resistance-pour-bobine-dallumage-double-entree-fiat-500\/#breadcrumb"},"inLanguage":"fr-FR","potentialAction":[{"@type":"ReadAction","target":["https:\/\/staging.passione500.it\/fr\/fiat-500-fr\/fiat-500-f-fr\/systeme-electrique-f-fr\/allumeur-et-particulier-f-fr\/pre-resistance-pour-bobine-dallumage-double-entree-fiat-500\/"]}]},{"@type":"ImageObject","inLanguage":"fr-FR","@id":"https:\/\/staging.passione500.it\/fr\/fiat-500-fr\/fiat-500-f-fr\/systeme-electrique-f-fr\/allumeur-et-particulier-f-fr\/pre-resistance-pour-bobine-dallumage-double-entree-fiat-500\/#primaryimage","url":"https:\/\/staging.passione500.it\/wp-content\/uploads\/2025\/04\/IMG_1974.jpg","contentUrl":"https:\/\/staging.passione500.it\/wp-content\/uploads\/2025\/04\/IMG_1974.jpg","width":2048,"height":1536,"caption":"resistenza ballast bobina Fiat 500"},{"@type":"BreadcrumbList","@id":"https:\/\/staging.passione500.it\/fr\/fiat-500-fr\/fiat-500-f-fr\/systeme-electrique-f-fr\/allumeur-et-particulier-f-fr\/pre-resistance-pour-bobine-dallumage-double-entree-fiat-500\/#breadcrumb","itemListElement":[{"@type":"ListItem","position":1,"name":"Home","item":"https:\/\/passione500.it\/fr\/"},{"@type":"ListItem","position":2,"name":"Fiat 500","item":"https:\/\/staging.passione500.it\/fr\/fiat-500-fr\/"},{"@type":"ListItem","position":3,"name":"Fiat 500 F","item":"https:\/\/staging.passione500.it\/fr\/fiat-500-fr\/fiat-500-f-fr\/"},{"@type":"ListItem","position":4,"name":"Syst\u00e8me Electrique","item":"https:\/\/staging.passione500.it\/fr\/fiat-500-fr\/fiat-500-f-fr\/systeme-electrique-f-fr\/"},{"@type":"ListItem","position":5,"name":"Allumeur et Particulier","item":"https:\/\/staging.passione500.it\/fr\/fiat-500-fr\/fiat-500-f-fr\/systeme-electrique-f-fr\/allumeur-et-particulier-f-fr\/"},{"@type":"ListItem","position":6,"name":"Pr\u00e9-r\u00e9sistance pour Bobine d\u2019Allumage Double Entr\u00e9e Fiat 500"}]},{"@type":"WebSite","@id":"https:\/\/staging.passione500.it\/fr\/#website","url":"https:\/\/staging.passione500.it\/fr\/","name":"Passione 500","description":"Ricambi Fiat 500 d&#039;Epoca","publisher":{"@id":"https:\/\/staging.passione500.it\/fr\/#organization"},"potentialAction":[{"@type":"SearchAction","target":{"@type":"EntryPoint","urlTemplate":"https:\/\/staging.passione500.it\/fr\/?s={search_term_string}"},"query-input":{"@type":"PropertyValueSpecification","valueRequired":true,"valueName":"search_term_string"}}],"inLanguage":"fr-FR"},{"@type":"Organization","@id":"https:\/\/staging.passione500.it\/fr\/#organization","name":"Passione 500","url":"https:\/\/staging.passione500.it\/fr\/","logo":{"@type":"ImageObject","inLanguage":"fr-FR","@id":"https:\/\/staging.passione500.it\/fr\/#\/schema\/logo\/image\/","url":"https:\/\/staging.passione500.it\/wp-content\/uploads\/2025\/12\/PASSIONE-LOGO-APPROVATO.png","contentUrl":"https:\/\/staging.passione500.it\/wp-content\/uploads\/2025\/12\/PASSIONE-LOGO-APPROVATO.png","width":348,"height":125,"caption":"Passione 500"},"image":{"@id":"https:\/\/staging.passione500.it\/fr\/#\/schema\/logo\/image\/"}}]}},"_links":{"self":[{"href":"https:\/\/staging.passione500.it\/fr\/wp-json\/wp\/v2\/product\/36725","targetHints":{"allow":["GET"]}}],"collection":[{"href":"https:\/\/staging.passione500.it\/fr\/wp-json\/wp\/v2\/product"}],"about":[{"href":"https:\/\/staging.passione500.it\/fr\/wp-json\/wp\/v2\/types\/product"}],"wp:featuredmedia":[{"embeddable":true,"href":"https:\/\/staging.passione500.it\/fr\/wp-json\/wp\/v2\/media\/36728"}],"wp:attachment":[{"href":"https:\/\/staging.passione500.it\/fr\/wp-json\/wp\/v2\/media?parent=36725"}],"wp:term":[{"taxonomy":"product_brand","embeddable":true,"href":"https:\/\/staging.passione500.it\/fr\/wp-json\/wp\/v2\/product_brand?post=36725"},{"taxonomy":"product_cat","embeddable":true,"href":"https:\/\/staging.passione500.it\/fr\/wp-json\/wp\/v2\/product_cat?post=36725"},{"taxonomy":"product_tag","embeddable":true,"href":"https:\/\/staging.passione500.it\/fr\/wp-json\/wp\/v2\/product_tag?post=36725"}],"curies":[{"name":"wp","href":"https:\/\/api.w.org\/{rel}","templated":true}]}}