{"id":31298,"date":"2025-02-04T17:53:42","date_gmt":"2025-02-04T16:53:42","guid":{"rendered":"https:\/\/staging.passione500.it\/?post_type=product&#038;p=31298"},"modified":"2025-03-04T18:03:46","modified_gmt":"2025-03-04T17:03:46","slug":"ecrou-de-fusees-filetage-a-gauche-fiat-500-d-du-n-de-pieces-detachees-444048-f-l-r-giardiniera-du-n-de-pieces-detachees-085338","status":"publish","type":"product","link":"https:\/\/staging.passione500.it\/fr\/fiat-500-fr\/fiat-500-tt-fr\/suspension-et-direction-tt-fr\/suspension-avant-tt-fr\/ecrou-de-fusees-filetage-a-gauche-fiat-500-d-du-n-de-pieces-detachees-444048-f-l-r-giardiniera-du-n-de-pieces-detachees-085338\/","title":{"rendered":"Ecrou de Fus\u00e9es Filetage \u00e0 Gauche \/ Fiat 500 D (du n.\u00b0 de pi\u00e8ces d\u00e9tach\u00e9es 444048) &#8211; F &#8211; L &#8211; R &#8211; Giardiniera (du n.\u00b0 de pi\u00e8ces d\u00e9tach\u00e9es 085338)"},"content":{"rendered":"<h4>Pour une voiture compl\u00e8te il est n\u00e9cessaire d&rsquo;acheter 1 pi\u00e8ce<\/h4>\n<h4>V\u00e9rifiez le \u00ab\u00a0n.\u00b0 de pi\u00e8ces d\u00e9tach\u00e9es\u00a0\u00bb sur la plaque d\u2019identification du chassis en aluminium de votre voiture<\/h4>\n<p><img decoding=\"async\" class=\"alignnone wp-image-5690\" src=\"https:\/\/staging.passione500.it\/wp-content\/uploads\/2022\/10\/nr_per-_ricambi-1-300x225.jpg\" alt=\"\" width=\"349\" height=\"262\"><\/p>\n","protected":false},"excerpt":{"rendered":"<p>Prodotto in offerta fino a maggio.<\/p>\n","protected":false},"featured_media":31293,"template":"","meta":{"_et_pb_use_builder":"","_et_pb_old_content":"","_et_gb_content_width":""},"product_brand":[],"product_cat":[1934,1935,2555,1936,1937,1933,2558,1938,1939,1940,1941,1942,1993,1991,2591,1504,1505,1992],"product_tag":[],"class_list":{"0":"post-31298","1":"product","2":"type-product","3":"status-publish","4":"has-post-thumbnail","6":"product_cat-direction-f-fr","7":"product_cat-direction-l-fr","8":"product_cat-direction-tt-fr","9":"product_cat-direction-r-fr","10":"product_cat-direction-giard-fr","11":"product_cat-direction-d-fr","12":"product_cat-suspension-avant-tt-fr","13":"product_cat-suspension-avant-d-fr","14":"product_cat-suspension-avant-f-fr","15":"product_cat-suspension-avant-l-fr","16":"product_cat-suspension-avant-r-fr","17":"product_cat-suspension-avant-giard-fr","18":"product_cat-vis-et-pieces-de-fixation-giard-fr","19":"product_cat-vis-et-pieces-de-fixation-d-fr","20":"product_cat-vis-et-pieces-de-fixation-tt-fr","21":"product_cat-vis-et-pieces-de-fixation-f-fr","22":"product_cat-vis-et-pieces-de-fixation-l-fr","23":"product_cat-vis-et-pieces-de-fixation-r-fr","24":"product_shipping_class-shipping-1-fr","26":"first","27":"instock","28":"taxable","29":"shipping-taxable","30":"purchasable","31":"product-type-simple"},"yoast_head":"<!-- This site is optimized with the Yoast SEO plugin v27.3 - https:\/\/yoast.com\/product\/yoast-seo-wordpress\/ -->\n<title>Ecrou Fus\u00e9es Fiat 500 | Passione 500<\/title>\n<meta name=\"description\" content=\"Retrouvez sur notre site Ecrou Fus\u00e9es pour Fiat 500. Plus de 3000 pi\u00e8ces d\u00e9tach\u00e9es disponibles en stock. PROFITEZ DE NOS OFFRES!\" \/>\n<meta name=\"robots\" content=\"noindex, follow, max-snippet:-1, max-image-preview:large, max-video-preview:-1\" \/>\n<meta property=\"og:locale\" content=\"fr_FR\" \/>\n<meta property=\"og:type\" content=\"article\" \/>\n<meta property=\"og:title\" content=\"Ecrou Fus\u00e9es Fiat 500 | Passione 500\" \/>\n<meta property=\"og:description\" content=\"Retrouvez sur notre site Ecrou Fus\u00e9es pour Fiat 500. Plus de 3000 pi\u00e8ces d\u00e9tach\u00e9es disponibles en stock. PROFITEZ DE NOS OFFRES!\" \/>\n<meta property=\"og:url\" content=\"https:\/\/staging.passione500.it\/fr\/fiat-500-fr\/fiat-500-tt-fr\/suspension-et-direction-tt-fr\/suspension-avant-tt-fr\/ecrou-de-fusees-filetage-a-gauche-fiat-500-d-du-n-de-pieces-detachees-444048-f-l-r-giardiniera-du-n-de-pieces-detachees-085338\/\" \/>\n<meta property=\"og:site_name\" content=\"Passione 500\" \/>\n<meta property=\"article:modified_time\" content=\"2025-03-04T17:03:46+00:00\" \/>\n<meta property=\"og:image\" content=\"https:\/\/passione500.it\/wp-content\/uploads\/2025\/02\/dado-mozzo-sx.jpg\" \/>\n\t<meta property=\"og:image:width\" content=\"2048\" \/>\n\t<meta property=\"og:image:height\" content=\"1536\" \/>\n\t<meta property=\"og:image:type\" content=\"image\/jpeg\" \/>\n<meta name=\"twitter:card\" content=\"summary_large_image\" \/>\n<meta name=\"twitter:label1\" content=\"Dur\u00e9e de lecture estim\u00e9e\" \/>\n\t<meta name=\"twitter:data1\" content=\"1 minute\" \/>\n<script type=\"application\/ld+json\" class=\"yoast-schema-graph\">{\"@context\":\"https:\\\/\\\/schema.org\",\"@graph\":[{\"@type\":\"WebPage\",\"@id\":\"https:\\\/\\\/staging.passione500.it\\\/fr\\\/fiat-500-fr\\\/fiat-500-tt-fr\\\/suspension-et-direction-tt-fr\\\/suspension-avant-tt-fr\\\/ecrou-de-fusees-filetage-a-gauche-fiat-500-d-du-n-de-pieces-detachees-444048-f-l-r-giardiniera-du-n-de-pieces-detachees-085338\\\/\",\"url\":\"https:\\\/\\\/staging.passione500.it\\\/fr\\\/fiat-500-fr\\\/fiat-500-tt-fr\\\/suspension-et-direction-tt-fr\\\/suspension-avant-tt-fr\\\/ecrou-de-fusees-filetage-a-gauche-fiat-500-d-du-n-de-pieces-detachees-444048-f-l-r-giardiniera-du-n-de-pieces-detachees-085338\\\/\",\"name\":\"Ecrou Fus\u00e9es Fiat 500 | Passione 500\",\"isPartOf\":{\"@id\":\"https:\\\/\\\/staging.passione500.it\\\/fr\\\/#website\"},\"primaryImageOfPage\":{\"@id\":\"https:\\\/\\\/staging.passione500.it\\\/fr\\\/fiat-500-fr\\\/fiat-500-tt-fr\\\/suspension-et-direction-tt-fr\\\/suspension-avant-tt-fr\\\/ecrou-de-fusees-filetage-a-gauche-fiat-500-d-du-n-de-pieces-detachees-444048-f-l-r-giardiniera-du-n-de-pieces-detachees-085338\\\/#primaryimage\"},\"image\":{\"@id\":\"https:\\\/\\\/staging.passione500.it\\\/fr\\\/fiat-500-fr\\\/fiat-500-tt-fr\\\/suspension-et-direction-tt-fr\\\/suspension-avant-tt-fr\\\/ecrou-de-fusees-filetage-a-gauche-fiat-500-d-du-n-de-pieces-detachees-444048-f-l-r-giardiniera-du-n-de-pieces-detachees-085338\\\/#primaryimage\"},\"thumbnailUrl\":\"https:\\\/\\\/staging.passione500.it\\\/wp-content\\\/uploads\\\/2025\\\/02\\\/dado-mozzo-sx.jpg\",\"datePublished\":\"2025-02-04T16:53:42+00:00\",\"dateModified\":\"2025-03-04T17:03:46+00:00\",\"description\":\"Retrouvez sur notre site Ecrou Fus\u00e9es pour Fiat 500. Plus de 3000 pi\u00e8ces d\u00e9tach\u00e9es disponibles en stock. PROFITEZ DE NOS OFFRES!\",\"breadcrumb\":{\"@id\":\"https:\\\/\\\/staging.passione500.it\\\/fr\\\/fiat-500-fr\\\/fiat-500-tt-fr\\\/suspension-et-direction-tt-fr\\\/suspension-avant-tt-fr\\\/ecrou-de-fusees-filetage-a-gauche-fiat-500-d-du-n-de-pieces-detachees-444048-f-l-r-giardiniera-du-n-de-pieces-detachees-085338\\\/#breadcrumb\"},\"inLanguage\":\"fr-FR\",\"potentialAction\":[{\"@type\":\"ReadAction\",\"target\":[\"https:\\\/\\\/staging.passione500.it\\\/fr\\\/fiat-500-fr\\\/fiat-500-tt-fr\\\/suspension-et-direction-tt-fr\\\/suspension-avant-tt-fr\\\/ecrou-de-fusees-filetage-a-gauche-fiat-500-d-du-n-de-pieces-detachees-444048-f-l-r-giardiniera-du-n-de-pieces-detachees-085338\\\/\"]}]},{\"@type\":\"ImageObject\",\"inLanguage\":\"fr-FR\",\"@id\":\"https:\\\/\\\/staging.passione500.it\\\/fr\\\/fiat-500-fr\\\/fiat-500-tt-fr\\\/suspension-et-direction-tt-fr\\\/suspension-avant-tt-fr\\\/ecrou-de-fusees-filetage-a-gauche-fiat-500-d-du-n-de-pieces-detachees-444048-f-l-r-giardiniera-du-n-de-pieces-detachees-085338\\\/#primaryimage\",\"url\":\"https:\\\/\\\/staging.passione500.it\\\/wp-content\\\/uploads\\\/2025\\\/02\\\/dado-mozzo-sx.jpg\",\"contentUrl\":\"https:\\\/\\\/staging.passione500.it\\\/wp-content\\\/uploads\\\/2025\\\/02\\\/dado-mozzo-sx.jpg\",\"width\":2048,\"height\":1536,\"caption\":\"dado sinistro perno fuso Fiat 500 F L R\"},{\"@type\":\"BreadcrumbList\",\"@id\":\"https:\\\/\\\/staging.passione500.it\\\/fr\\\/fiat-500-fr\\\/fiat-500-tt-fr\\\/suspension-et-direction-tt-fr\\\/suspension-avant-tt-fr\\\/ecrou-de-fusees-filetage-a-gauche-fiat-500-d-du-n-de-pieces-detachees-444048-f-l-r-giardiniera-du-n-de-pieces-detachees-085338\\\/#breadcrumb\",\"itemListElement\":[{\"@type\":\"ListItem\",\"position\":1,\"name\":\"Home\",\"item\":\"https:\\\/\\\/passione500.it\\\/fr\\\/\"},{\"@type\":\"ListItem\",\"position\":2,\"name\":\"Fiat 500\",\"item\":\"https:\\\/\\\/staging.passione500.it\\\/fr\\\/fiat-500-fr\\\/\"},{\"@type\":\"ListItem\",\"position\":3,\"name\":\"Fiat 500 Tous les Mod\u00e8les\",\"item\":\"https:\\\/\\\/staging.passione500.it\\\/fr\\\/fiat-500-fr\\\/fiat-500-tt-fr\\\/\"},{\"@type\":\"ListItem\",\"position\":4,\"name\":\"Suspension et Direction\",\"item\":\"https:\\\/\\\/staging.passione500.it\\\/fr\\\/fiat-500-fr\\\/fiat-500-tt-fr\\\/suspension-et-direction-tt-fr\\\/\"},{\"@type\":\"ListItem\",\"position\":5,\"name\":\"Suspension Avant\",\"item\":\"https:\\\/\\\/staging.passione500.it\\\/fr\\\/fiat-500-fr\\\/fiat-500-tt-fr\\\/suspension-et-direction-tt-fr\\\/suspension-avant-tt-fr\\\/\"},{\"@type\":\"ListItem\",\"position\":6,\"name\":\"Ecrou de Fus\u00e9es Filetage \u00e0 Gauche \\\/ Fiat 500 D (du n.\u00b0 de pi\u00e8ces d\u00e9tach\u00e9es 444048) &#8211; F &#8211; L &#8211; R &#8211; Giardiniera (du n.\u00b0 de pi\u00e8ces d\u00e9tach\u00e9es 085338)\"}]},{\"@type\":\"WebSite\",\"@id\":\"https:\\\/\\\/staging.passione500.it\\\/fr\\\/#website\",\"url\":\"https:\\\/\\\/staging.passione500.it\\\/fr\\\/\",\"name\":\"Passione 500\",\"description\":\"Ricambi Fiat 500 d&#039;Epoca\",\"publisher\":{\"@id\":\"https:\\\/\\\/staging.passione500.it\\\/fr\\\/#organization\"},\"potentialAction\":[{\"@type\":\"SearchAction\",\"target\":{\"@type\":\"EntryPoint\",\"urlTemplate\":\"https:\\\/\\\/staging.passione500.it\\\/fr\\\/?s={search_term_string}\"},\"query-input\":{\"@type\":\"PropertyValueSpecification\",\"valueRequired\":true,\"valueName\":\"search_term_string\"}}],\"inLanguage\":\"fr-FR\"},{\"@type\":\"Organization\",\"@id\":\"https:\\\/\\\/staging.passione500.it\\\/fr\\\/#organization\",\"name\":\"Passione 500\",\"url\":\"https:\\\/\\\/staging.passione500.it\\\/fr\\\/\",\"logo\":{\"@type\":\"ImageObject\",\"inLanguage\":\"fr-FR\",\"@id\":\"https:\\\/\\\/staging.passione500.it\\\/fr\\\/#\\\/schema\\\/logo\\\/image\\\/\",\"url\":\"https:\\\/\\\/staging.passione500.it\\\/wp-content\\\/uploads\\\/2025\\\/12\\\/PASSIONE-LOGO-APPROVATO.png\",\"contentUrl\":\"https:\\\/\\\/staging.passione500.it\\\/wp-content\\\/uploads\\\/2025\\\/12\\\/PASSIONE-LOGO-APPROVATO.png\",\"width\":348,\"height\":125,\"caption\":\"Passione 500\"},\"image\":{\"@id\":\"https:\\\/\\\/staging.passione500.it\\\/fr\\\/#\\\/schema\\\/logo\\\/image\\\/\"}}]}<\/script>\n<!-- \/ Yoast SEO plugin. -->","yoast_head_json":{"title":"Ecrou Fus\u00e9es Fiat 500 | Passione 500","description":"Retrouvez sur notre site Ecrou Fus\u00e9es pour Fiat 500. Plus de 3000 pi\u00e8ces d\u00e9tach\u00e9es disponibles en stock. PROFITEZ DE NOS OFFRES!","robots":{"index":"noindex","follow":"follow","max-snippet":"max-snippet:-1","max-image-preview":"max-image-preview:large","max-video-preview":"max-video-preview:-1"},"og_locale":"fr_FR","og_type":"article","og_title":"Ecrou Fus\u00e9es Fiat 500 | Passione 500","og_description":"Retrouvez sur notre site Ecrou Fus\u00e9es pour Fiat 500. Plus de 3000 pi\u00e8ces d\u00e9tach\u00e9es disponibles en stock. PROFITEZ DE NOS OFFRES!","og_url":"https:\/\/staging.passione500.it\/fr\/fiat-500-fr\/fiat-500-tt-fr\/suspension-et-direction-tt-fr\/suspension-avant-tt-fr\/ecrou-de-fusees-filetage-a-gauche-fiat-500-d-du-n-de-pieces-detachees-444048-f-l-r-giardiniera-du-n-de-pieces-detachees-085338\/","og_site_name":"Passione 500","article_modified_time":"2025-03-04T17:03:46+00:00","og_image":[{"width":2048,"height":1536,"url":"https:\/\/passione500.it\/wp-content\/uploads\/2025\/02\/dado-mozzo-sx.jpg","type":"image\/jpeg"}],"twitter_card":"summary_large_image","twitter_misc":{"Dur\u00e9e de lecture estim\u00e9e":"1 minute"},"schema":{"@context":"https:\/\/schema.org","@graph":[{"@type":"WebPage","@id":"https:\/\/staging.passione500.it\/fr\/fiat-500-fr\/fiat-500-tt-fr\/suspension-et-direction-tt-fr\/suspension-avant-tt-fr\/ecrou-de-fusees-filetage-a-gauche-fiat-500-d-du-n-de-pieces-detachees-444048-f-l-r-giardiniera-du-n-de-pieces-detachees-085338\/","url":"https:\/\/staging.passione500.it\/fr\/fiat-500-fr\/fiat-500-tt-fr\/suspension-et-direction-tt-fr\/suspension-avant-tt-fr\/ecrou-de-fusees-filetage-a-gauche-fiat-500-d-du-n-de-pieces-detachees-444048-f-l-r-giardiniera-du-n-de-pieces-detachees-085338\/","name":"Ecrou Fus\u00e9es Fiat 500 | Passione 500","isPartOf":{"@id":"https:\/\/staging.passione500.it\/fr\/#website"},"primaryImageOfPage":{"@id":"https:\/\/staging.passione500.it\/fr\/fiat-500-fr\/fiat-500-tt-fr\/suspension-et-direction-tt-fr\/suspension-avant-tt-fr\/ecrou-de-fusees-filetage-a-gauche-fiat-500-d-du-n-de-pieces-detachees-444048-f-l-r-giardiniera-du-n-de-pieces-detachees-085338\/#primaryimage"},"image":{"@id":"https:\/\/staging.passione500.it\/fr\/fiat-500-fr\/fiat-500-tt-fr\/suspension-et-direction-tt-fr\/suspension-avant-tt-fr\/ecrou-de-fusees-filetage-a-gauche-fiat-500-d-du-n-de-pieces-detachees-444048-f-l-r-giardiniera-du-n-de-pieces-detachees-085338\/#primaryimage"},"thumbnailUrl":"https:\/\/staging.passione500.it\/wp-content\/uploads\/2025\/02\/dado-mozzo-sx.jpg","datePublished":"2025-02-04T16:53:42+00:00","dateModified":"2025-03-04T17:03:46+00:00","description":"Retrouvez sur notre site Ecrou Fus\u00e9es pour Fiat 500. Plus de 3000 pi\u00e8ces d\u00e9tach\u00e9es disponibles en stock. PROFITEZ DE NOS OFFRES!","breadcrumb":{"@id":"https:\/\/staging.passione500.it\/fr\/fiat-500-fr\/fiat-500-tt-fr\/suspension-et-direction-tt-fr\/suspension-avant-tt-fr\/ecrou-de-fusees-filetage-a-gauche-fiat-500-d-du-n-de-pieces-detachees-444048-f-l-r-giardiniera-du-n-de-pieces-detachees-085338\/#breadcrumb"},"inLanguage":"fr-FR","potentialAction":[{"@type":"ReadAction","target":["https:\/\/staging.passione500.it\/fr\/fiat-500-fr\/fiat-500-tt-fr\/suspension-et-direction-tt-fr\/suspension-avant-tt-fr\/ecrou-de-fusees-filetage-a-gauche-fiat-500-d-du-n-de-pieces-detachees-444048-f-l-r-giardiniera-du-n-de-pieces-detachees-085338\/"]}]},{"@type":"ImageObject","inLanguage":"fr-FR","@id":"https:\/\/staging.passione500.it\/fr\/fiat-500-fr\/fiat-500-tt-fr\/suspension-et-direction-tt-fr\/suspension-avant-tt-fr\/ecrou-de-fusees-filetage-a-gauche-fiat-500-d-du-n-de-pieces-detachees-444048-f-l-r-giardiniera-du-n-de-pieces-detachees-085338\/#primaryimage","url":"https:\/\/staging.passione500.it\/wp-content\/uploads\/2025\/02\/dado-mozzo-sx.jpg","contentUrl":"https:\/\/staging.passione500.it\/wp-content\/uploads\/2025\/02\/dado-mozzo-sx.jpg","width":2048,"height":1536,"caption":"dado sinistro perno fuso Fiat 500 F L R"},{"@type":"BreadcrumbList","@id":"https:\/\/staging.passione500.it\/fr\/fiat-500-fr\/fiat-500-tt-fr\/suspension-et-direction-tt-fr\/suspension-avant-tt-fr\/ecrou-de-fusees-filetage-a-gauche-fiat-500-d-du-n-de-pieces-detachees-444048-f-l-r-giardiniera-du-n-de-pieces-detachees-085338\/#breadcrumb","itemListElement":[{"@type":"ListItem","position":1,"name":"Home","item":"https:\/\/passione500.it\/fr\/"},{"@type":"ListItem","position":2,"name":"Fiat 500","item":"https:\/\/staging.passione500.it\/fr\/fiat-500-fr\/"},{"@type":"ListItem","position":3,"name":"Fiat 500 Tous les Mod\u00e8les","item":"https:\/\/staging.passione500.it\/fr\/fiat-500-fr\/fiat-500-tt-fr\/"},{"@type":"ListItem","position":4,"name":"Suspension et Direction","item":"https:\/\/staging.passione500.it\/fr\/fiat-500-fr\/fiat-500-tt-fr\/suspension-et-direction-tt-fr\/"},{"@type":"ListItem","position":5,"name":"Suspension Avant","item":"https:\/\/staging.passione500.it\/fr\/fiat-500-fr\/fiat-500-tt-fr\/suspension-et-direction-tt-fr\/suspension-avant-tt-fr\/"},{"@type":"ListItem","position":6,"name":"Ecrou de Fus\u00e9es Filetage \u00e0 Gauche \/ Fiat 500 D (du n.\u00b0 de pi\u00e8ces d\u00e9tach\u00e9es 444048) &#8211; F &#8211; L &#8211; R &#8211; Giardiniera (du n.\u00b0 de pi\u00e8ces d\u00e9tach\u00e9es 085338)"}]},{"@type":"WebSite","@id":"https:\/\/staging.passione500.it\/fr\/#website","url":"https:\/\/staging.passione500.it\/fr\/","name":"Passione 500","description":"Ricambi Fiat 500 d&#039;Epoca","publisher":{"@id":"https:\/\/staging.passione500.it\/fr\/#organization"},"potentialAction":[{"@type":"SearchAction","target":{"@type":"EntryPoint","urlTemplate":"https:\/\/staging.passione500.it\/fr\/?s={search_term_string}"},"query-input":{"@type":"PropertyValueSpecification","valueRequired":true,"valueName":"search_term_string"}}],"inLanguage":"fr-FR"},{"@type":"Organization","@id":"https:\/\/staging.passione500.it\/fr\/#organization","name":"Passione 500","url":"https:\/\/staging.passione500.it\/fr\/","logo":{"@type":"ImageObject","inLanguage":"fr-FR","@id":"https:\/\/staging.passione500.it\/fr\/#\/schema\/logo\/image\/","url":"https:\/\/staging.passione500.it\/wp-content\/uploads\/2025\/12\/PASSIONE-LOGO-APPROVATO.png","contentUrl":"https:\/\/staging.passione500.it\/wp-content\/uploads\/2025\/12\/PASSIONE-LOGO-APPROVATO.png","width":348,"height":125,"caption":"Passione 500"},"image":{"@id":"https:\/\/staging.passione500.it\/fr\/#\/schema\/logo\/image\/"}}]}},"_links":{"self":[{"href":"https:\/\/staging.passione500.it\/fr\/wp-json\/wp\/v2\/product\/31298","targetHints":{"allow":["GET"]}}],"collection":[{"href":"https:\/\/staging.passione500.it\/fr\/wp-json\/wp\/v2\/product"}],"about":[{"href":"https:\/\/staging.passione500.it\/fr\/wp-json\/wp\/v2\/types\/product"}],"wp:featuredmedia":[{"embeddable":true,"href":"https:\/\/staging.passione500.it\/fr\/wp-json\/wp\/v2\/media\/31293"}],"wp:attachment":[{"href":"https:\/\/staging.passione500.it\/fr\/wp-json\/wp\/v2\/media?parent=31298"}],"wp:term":[{"taxonomy":"product_brand","embeddable":true,"href":"https:\/\/staging.passione500.it\/fr\/wp-json\/wp\/v2\/product_brand?post=31298"},{"taxonomy":"product_cat","embeddable":true,"href":"https:\/\/staging.passione500.it\/fr\/wp-json\/wp\/v2\/product_cat?post=31298"},{"taxonomy":"product_tag","embeddable":true,"href":"https:\/\/staging.passione500.it\/fr\/wp-json\/wp\/v2\/product_tag?post=31298"}],"curies":[{"name":"wp","href":"https:\/\/api.w.org\/{rel}","templated":true}]}}