{"id":29264,"date":"2025-01-16T15:18:01","date_gmt":"2025-01-16T14:18:01","guid":{"rendered":"https:\/\/staging.passione500.it\/?post_type=product&#038;p=29264"},"modified":"2025-01-16T15:34:05","modified_gmt":"2025-01-16T14:34:05","slug":"kit-de-roulement-de-roue-arriere-fiat-500-r-giardiniera-du-n-de-pieces-detachees-289970","status":"publish","type":"product","link":"https:\/\/staging.passione500.it\/fr\/fiat-500-fr\/fiat-500-tt-fr\/boite-de-vitesses-et-transmission-tt-fr\/transmission-et-differentiel-tt-fr\/kit-de-roulement-de-roue-arriere-fiat-500-r-giardiniera-du-n-de-pieces-detachees-289970\/","title":{"rendered":"Kit de Roulement de Roue Arri\u00e8re Fiat 500 R &#8211; Giardiniera (du n.\u00b0 de pi\u00e8ces d\u00e9tach\u00e9es 289970)"},"content":{"rendered":"<h4>Pour une voiture compl\u00e8te il est n\u00e9cessaire d&rsquo;acheter 2 kit<\/h4>\n<h4>Le kit se compose de:<\/h4>\n<h4>nr.2 Roulement de Roue Arri\u00e8re &#8211; code CAM71C<\/h4>\n<h4>nr.2 Joint Spi de Roulement Roue Arri\u00e8re &#8211; code CAM74<\/h4>\n<h4>nr.1 Entretoise Pliable de Roulements Roue Arri\u00e8re &#8211; code CAM72<\/h4>\n<h4>nr.1 Ecrou Demi Arbre Roue Arri\u00e8re &#8211; code CAM80<\/h4>\n<h4>V\u00e9rifiez le \u00ab\u00a0n.\u00b0 de pi\u00e8ces d\u00e9tach\u00e9es\u00a0\u00bb sur la plaque d\u2019identification du chassis en aluminium de votre voiture<\/h4>\n<p><img decoding=\"async\" class=\"alignnone wp-image-5690\" src=\"https:\/\/staging.passione500.it\/wp-content\/uploads\/2022\/10\/nr_per-_ricambi-1-300x225.jpg\" alt=\"\" width=\"349\" height=\"262\" \/><\/p>\n","protected":false},"excerpt":{"rendered":"<p>Prodotto in offerta fino a maggio.<\/p>\n","protected":false},"featured_media":29267,"template":"","meta":{"_et_pb_use_builder":"","_et_pb_old_content":"","_et_gb_content_width":""},"product_brand":[],"product_cat":[1926,1927,2549,1946,1947,2561],"product_tag":[],"class_list":{"0":"post-29264","1":"product","2":"type-product","3":"status-publish","4":"has-post-thumbnail","6":"product_cat-transmission-et-differentiel-r-fr","7":"product_cat-transmission-et-differentiel-giard-fr","8":"product_cat-transmission-et-differentiel-tt-fr","9":"product_cat-suspension-arriere-r-fr","10":"product_cat-suspension-arriere-giard-fr","11":"product_cat-suspension-arriere-tt-fr","12":"product_shipping_class-shipping-1-fr","14":"first","15":"instock","16":"taxable","17":"shipping-taxable","18":"purchasable","19":"product-type-simple"},"yoast_head":"<!-- This site is optimized with the Yoast SEO plugin v27.3 - https:\/\/yoast.com\/product\/yoast-seo-wordpress\/ -->\n<title>Kit Roulement Roue Fiat 500 | Passione 500<\/title>\n<meta name=\"description\" content=\"Retrouvez sur notre site Kit Roulement Roue pour Fiat 500. Plus de 3000 pi\u00e8ces d\u00e9tach\u00e9es disponibles en stock. PROFITEZ DE NOS OFFRES!\" \/>\n<meta name=\"robots\" content=\"noindex, follow, max-snippet:-1, max-image-preview:large, max-video-preview:-1\" \/>\n<meta property=\"og:locale\" content=\"fr_FR\" \/>\n<meta property=\"og:type\" content=\"article\" \/>\n<meta property=\"og:title\" content=\"Kit Roulement Roue Fiat 500 | Passione 500\" \/>\n<meta property=\"og:description\" content=\"Retrouvez sur notre site Kit Roulement Roue pour Fiat 500. Plus de 3000 pi\u00e8ces d\u00e9tach\u00e9es disponibles en stock. PROFITEZ DE NOS OFFRES!\" \/>\n<meta property=\"og:url\" content=\"https:\/\/staging.passione500.it\/fr\/fiat-500-fr\/fiat-500-tt-fr\/boite-de-vitesses-et-transmission-tt-fr\/transmission-et-differentiel-tt-fr\/kit-de-roulement-de-roue-arriere-fiat-500-r-giardiniera-du-n-de-pieces-detachees-289970\/\" \/>\n<meta property=\"og:site_name\" content=\"Passione 500\" \/>\n<meta property=\"article:modified_time\" content=\"2025-01-16T14:34:05+00:00\" \/>\n<meta property=\"og:image\" content=\"https:\/\/passione500.it\/wp-content\/uploads\/2025\/01\/kit-cuscinetti-ruota-post-R.jpg\" \/>\n\t<meta property=\"og:image:width\" content=\"2048\" \/>\n\t<meta property=\"og:image:height\" content=\"1536\" \/>\n\t<meta property=\"og:image:type\" content=\"image\/jpeg\" \/>\n<meta name=\"twitter:card\" content=\"summary_large_image\" \/>\n<meta name=\"twitter:label1\" content=\"Dur\u00e9e de lecture estim\u00e9e\" \/>\n\t<meta name=\"twitter:data1\" content=\"1 minute\" \/>\n<script type=\"application\/ld+json\" class=\"yoast-schema-graph\">{\"@context\":\"https:\\\/\\\/schema.org\",\"@graph\":[{\"@type\":\"WebPage\",\"@id\":\"https:\\\/\\\/staging.passione500.it\\\/fr\\\/fiat-500-fr\\\/fiat-500-tt-fr\\\/boite-de-vitesses-et-transmission-tt-fr\\\/transmission-et-differentiel-tt-fr\\\/kit-de-roulement-de-roue-arriere-fiat-500-r-giardiniera-du-n-de-pieces-detachees-289970\\\/\",\"url\":\"https:\\\/\\\/staging.passione500.it\\\/fr\\\/fiat-500-fr\\\/fiat-500-tt-fr\\\/boite-de-vitesses-et-transmission-tt-fr\\\/transmission-et-differentiel-tt-fr\\\/kit-de-roulement-de-roue-arriere-fiat-500-r-giardiniera-du-n-de-pieces-detachees-289970\\\/\",\"name\":\"Kit Roulement Roue Fiat 500 | Passione 500\",\"isPartOf\":{\"@id\":\"https:\\\/\\\/staging.passione500.it\\\/fr\\\/#website\"},\"primaryImageOfPage\":{\"@id\":\"https:\\\/\\\/staging.passione500.it\\\/fr\\\/fiat-500-fr\\\/fiat-500-tt-fr\\\/boite-de-vitesses-et-transmission-tt-fr\\\/transmission-et-differentiel-tt-fr\\\/kit-de-roulement-de-roue-arriere-fiat-500-r-giardiniera-du-n-de-pieces-detachees-289970\\\/#primaryimage\"},\"image\":{\"@id\":\"https:\\\/\\\/staging.passione500.it\\\/fr\\\/fiat-500-fr\\\/fiat-500-tt-fr\\\/boite-de-vitesses-et-transmission-tt-fr\\\/transmission-et-differentiel-tt-fr\\\/kit-de-roulement-de-roue-arriere-fiat-500-r-giardiniera-du-n-de-pieces-detachees-289970\\\/#primaryimage\"},\"thumbnailUrl\":\"https:\\\/\\\/staging.passione500.it\\\/wp-content\\\/uploads\\\/2025\\\/01\\\/kit-cuscinetti-ruota-post-R.jpg\",\"datePublished\":\"2025-01-16T14:18:01+00:00\",\"dateModified\":\"2025-01-16T14:34:05+00:00\",\"description\":\"Retrouvez sur notre site Kit Roulement Roue pour Fiat 500. Plus de 3000 pi\u00e8ces d\u00e9tach\u00e9es disponibles en stock. PROFITEZ DE NOS OFFRES!\",\"breadcrumb\":{\"@id\":\"https:\\\/\\\/staging.passione500.it\\\/fr\\\/fiat-500-fr\\\/fiat-500-tt-fr\\\/boite-de-vitesses-et-transmission-tt-fr\\\/transmission-et-differentiel-tt-fr\\\/kit-de-roulement-de-roue-arriere-fiat-500-r-giardiniera-du-n-de-pieces-detachees-289970\\\/#breadcrumb\"},\"inLanguage\":\"fr-FR\",\"potentialAction\":[{\"@type\":\"ReadAction\",\"target\":[\"https:\\\/\\\/staging.passione500.it\\\/fr\\\/fiat-500-fr\\\/fiat-500-tt-fr\\\/boite-de-vitesses-et-transmission-tt-fr\\\/transmission-et-differentiel-tt-fr\\\/kit-de-roulement-de-roue-arriere-fiat-500-r-giardiniera-du-n-de-pieces-detachees-289970\\\/\"]}]},{\"@type\":\"ImageObject\",\"inLanguage\":\"fr-FR\",\"@id\":\"https:\\\/\\\/staging.passione500.it\\\/fr\\\/fiat-500-fr\\\/fiat-500-tt-fr\\\/boite-de-vitesses-et-transmission-tt-fr\\\/transmission-et-differentiel-tt-fr\\\/kit-de-roulement-de-roue-arriere-fiat-500-r-giardiniera-du-n-de-pieces-detachees-289970\\\/#primaryimage\",\"url\":\"https:\\\/\\\/staging.passione500.it\\\/wp-content\\\/uploads\\\/2025\\\/01\\\/kit-cuscinetti-ruota-post-R.jpg\",\"contentUrl\":\"https:\\\/\\\/staging.passione500.it\\\/wp-content\\\/uploads\\\/2025\\\/01\\\/kit-cuscinetti-ruota-post-R.jpg\",\"width\":2048,\"height\":1536,\"caption\":\"kit cuscinetti ruota posteriore Fiat 500 R\"},{\"@type\":\"BreadcrumbList\",\"@id\":\"https:\\\/\\\/staging.passione500.it\\\/fr\\\/fiat-500-fr\\\/fiat-500-tt-fr\\\/boite-de-vitesses-et-transmission-tt-fr\\\/transmission-et-differentiel-tt-fr\\\/kit-de-roulement-de-roue-arriere-fiat-500-r-giardiniera-du-n-de-pieces-detachees-289970\\\/#breadcrumb\",\"itemListElement\":[{\"@type\":\"ListItem\",\"position\":1,\"name\":\"Home\",\"item\":\"https:\\\/\\\/passione500.it\\\/fr\\\/\"},{\"@type\":\"ListItem\",\"position\":2,\"name\":\"Fiat 500\",\"item\":\"https:\\\/\\\/staging.passione500.it\\\/fr\\\/fiat-500-fr\\\/\"},{\"@type\":\"ListItem\",\"position\":3,\"name\":\"Fiat 500 Tous les Mod\u00e8les\",\"item\":\"https:\\\/\\\/staging.passione500.it\\\/fr\\\/fiat-500-fr\\\/fiat-500-tt-fr\\\/\"},{\"@type\":\"ListItem\",\"position\":4,\"name\":\"Boite de Vitesses et Transmission\",\"item\":\"https:\\\/\\\/staging.passione500.it\\\/fr\\\/fiat-500-fr\\\/fiat-500-tt-fr\\\/boite-de-vitesses-et-transmission-tt-fr\\\/\"},{\"@type\":\"ListItem\",\"position\":5,\"name\":\"Transmission et Diff\u00e9rentiel\",\"item\":\"https:\\\/\\\/staging.passione500.it\\\/fr\\\/fiat-500-fr\\\/fiat-500-tt-fr\\\/boite-de-vitesses-et-transmission-tt-fr\\\/transmission-et-differentiel-tt-fr\\\/\"},{\"@type\":\"ListItem\",\"position\":6,\"name\":\"Kit de Roulement de Roue Arri\u00e8re Fiat 500 R &#8211; Giardiniera (du n.\u00b0 de pi\u00e8ces d\u00e9tach\u00e9es 289970)\"}]},{\"@type\":\"WebSite\",\"@id\":\"https:\\\/\\\/staging.passione500.it\\\/fr\\\/#website\",\"url\":\"https:\\\/\\\/staging.passione500.it\\\/fr\\\/\",\"name\":\"Passione 500\",\"description\":\"Ricambi Fiat 500 d&#039;Epoca\",\"publisher\":{\"@id\":\"https:\\\/\\\/staging.passione500.it\\\/fr\\\/#organization\"},\"potentialAction\":[{\"@type\":\"SearchAction\",\"target\":{\"@type\":\"EntryPoint\",\"urlTemplate\":\"https:\\\/\\\/staging.passione500.it\\\/fr\\\/?s={search_term_string}\"},\"query-input\":{\"@type\":\"PropertyValueSpecification\",\"valueRequired\":true,\"valueName\":\"search_term_string\"}}],\"inLanguage\":\"fr-FR\"},{\"@type\":\"Organization\",\"@id\":\"https:\\\/\\\/staging.passione500.it\\\/fr\\\/#organization\",\"name\":\"Passione 500\",\"url\":\"https:\\\/\\\/staging.passione500.it\\\/fr\\\/\",\"logo\":{\"@type\":\"ImageObject\",\"inLanguage\":\"fr-FR\",\"@id\":\"https:\\\/\\\/staging.passione500.it\\\/fr\\\/#\\\/schema\\\/logo\\\/image\\\/\",\"url\":\"https:\\\/\\\/staging.passione500.it\\\/wp-content\\\/uploads\\\/2025\\\/12\\\/PASSIONE-LOGO-APPROVATO.png\",\"contentUrl\":\"https:\\\/\\\/staging.passione500.it\\\/wp-content\\\/uploads\\\/2025\\\/12\\\/PASSIONE-LOGO-APPROVATO.png\",\"width\":348,\"height\":125,\"caption\":\"Passione 500\"},\"image\":{\"@id\":\"https:\\\/\\\/staging.passione500.it\\\/fr\\\/#\\\/schema\\\/logo\\\/image\\\/\"}}]}<\/script>\n<!-- \/ Yoast SEO plugin. -->","yoast_head_json":{"title":"Kit Roulement Roue Fiat 500 | Passione 500","description":"Retrouvez sur notre site Kit Roulement Roue pour Fiat 500. Plus de 3000 pi\u00e8ces d\u00e9tach\u00e9es disponibles en stock. PROFITEZ DE NOS OFFRES!","robots":{"index":"noindex","follow":"follow","max-snippet":"max-snippet:-1","max-image-preview":"max-image-preview:large","max-video-preview":"max-video-preview:-1"},"og_locale":"fr_FR","og_type":"article","og_title":"Kit Roulement Roue Fiat 500 | Passione 500","og_description":"Retrouvez sur notre site Kit Roulement Roue pour Fiat 500. Plus de 3000 pi\u00e8ces d\u00e9tach\u00e9es disponibles en stock. PROFITEZ DE NOS OFFRES!","og_url":"https:\/\/staging.passione500.it\/fr\/fiat-500-fr\/fiat-500-tt-fr\/boite-de-vitesses-et-transmission-tt-fr\/transmission-et-differentiel-tt-fr\/kit-de-roulement-de-roue-arriere-fiat-500-r-giardiniera-du-n-de-pieces-detachees-289970\/","og_site_name":"Passione 500","article_modified_time":"2025-01-16T14:34:05+00:00","og_image":[{"width":2048,"height":1536,"url":"https:\/\/passione500.it\/wp-content\/uploads\/2025\/01\/kit-cuscinetti-ruota-post-R.jpg","type":"image\/jpeg"}],"twitter_card":"summary_large_image","twitter_misc":{"Dur\u00e9e de lecture estim\u00e9e":"1 minute"},"schema":{"@context":"https:\/\/schema.org","@graph":[{"@type":"WebPage","@id":"https:\/\/staging.passione500.it\/fr\/fiat-500-fr\/fiat-500-tt-fr\/boite-de-vitesses-et-transmission-tt-fr\/transmission-et-differentiel-tt-fr\/kit-de-roulement-de-roue-arriere-fiat-500-r-giardiniera-du-n-de-pieces-detachees-289970\/","url":"https:\/\/staging.passione500.it\/fr\/fiat-500-fr\/fiat-500-tt-fr\/boite-de-vitesses-et-transmission-tt-fr\/transmission-et-differentiel-tt-fr\/kit-de-roulement-de-roue-arriere-fiat-500-r-giardiniera-du-n-de-pieces-detachees-289970\/","name":"Kit Roulement Roue Fiat 500 | Passione 500","isPartOf":{"@id":"https:\/\/staging.passione500.it\/fr\/#website"},"primaryImageOfPage":{"@id":"https:\/\/staging.passione500.it\/fr\/fiat-500-fr\/fiat-500-tt-fr\/boite-de-vitesses-et-transmission-tt-fr\/transmission-et-differentiel-tt-fr\/kit-de-roulement-de-roue-arriere-fiat-500-r-giardiniera-du-n-de-pieces-detachees-289970\/#primaryimage"},"image":{"@id":"https:\/\/staging.passione500.it\/fr\/fiat-500-fr\/fiat-500-tt-fr\/boite-de-vitesses-et-transmission-tt-fr\/transmission-et-differentiel-tt-fr\/kit-de-roulement-de-roue-arriere-fiat-500-r-giardiniera-du-n-de-pieces-detachees-289970\/#primaryimage"},"thumbnailUrl":"https:\/\/staging.passione500.it\/wp-content\/uploads\/2025\/01\/kit-cuscinetti-ruota-post-R.jpg","datePublished":"2025-01-16T14:18:01+00:00","dateModified":"2025-01-16T14:34:05+00:00","description":"Retrouvez sur notre site Kit Roulement Roue pour Fiat 500. Plus de 3000 pi\u00e8ces d\u00e9tach\u00e9es disponibles en stock. PROFITEZ DE NOS OFFRES!","breadcrumb":{"@id":"https:\/\/staging.passione500.it\/fr\/fiat-500-fr\/fiat-500-tt-fr\/boite-de-vitesses-et-transmission-tt-fr\/transmission-et-differentiel-tt-fr\/kit-de-roulement-de-roue-arriere-fiat-500-r-giardiniera-du-n-de-pieces-detachees-289970\/#breadcrumb"},"inLanguage":"fr-FR","potentialAction":[{"@type":"ReadAction","target":["https:\/\/staging.passione500.it\/fr\/fiat-500-fr\/fiat-500-tt-fr\/boite-de-vitesses-et-transmission-tt-fr\/transmission-et-differentiel-tt-fr\/kit-de-roulement-de-roue-arriere-fiat-500-r-giardiniera-du-n-de-pieces-detachees-289970\/"]}]},{"@type":"ImageObject","inLanguage":"fr-FR","@id":"https:\/\/staging.passione500.it\/fr\/fiat-500-fr\/fiat-500-tt-fr\/boite-de-vitesses-et-transmission-tt-fr\/transmission-et-differentiel-tt-fr\/kit-de-roulement-de-roue-arriere-fiat-500-r-giardiniera-du-n-de-pieces-detachees-289970\/#primaryimage","url":"https:\/\/staging.passione500.it\/wp-content\/uploads\/2025\/01\/kit-cuscinetti-ruota-post-R.jpg","contentUrl":"https:\/\/staging.passione500.it\/wp-content\/uploads\/2025\/01\/kit-cuscinetti-ruota-post-R.jpg","width":2048,"height":1536,"caption":"kit cuscinetti ruota posteriore Fiat 500 R"},{"@type":"BreadcrumbList","@id":"https:\/\/staging.passione500.it\/fr\/fiat-500-fr\/fiat-500-tt-fr\/boite-de-vitesses-et-transmission-tt-fr\/transmission-et-differentiel-tt-fr\/kit-de-roulement-de-roue-arriere-fiat-500-r-giardiniera-du-n-de-pieces-detachees-289970\/#breadcrumb","itemListElement":[{"@type":"ListItem","position":1,"name":"Home","item":"https:\/\/passione500.it\/fr\/"},{"@type":"ListItem","position":2,"name":"Fiat 500","item":"https:\/\/staging.passione500.it\/fr\/fiat-500-fr\/"},{"@type":"ListItem","position":3,"name":"Fiat 500 Tous les Mod\u00e8les","item":"https:\/\/staging.passione500.it\/fr\/fiat-500-fr\/fiat-500-tt-fr\/"},{"@type":"ListItem","position":4,"name":"Boite de Vitesses et Transmission","item":"https:\/\/staging.passione500.it\/fr\/fiat-500-fr\/fiat-500-tt-fr\/boite-de-vitesses-et-transmission-tt-fr\/"},{"@type":"ListItem","position":5,"name":"Transmission et Diff\u00e9rentiel","item":"https:\/\/staging.passione500.it\/fr\/fiat-500-fr\/fiat-500-tt-fr\/boite-de-vitesses-et-transmission-tt-fr\/transmission-et-differentiel-tt-fr\/"},{"@type":"ListItem","position":6,"name":"Kit de Roulement de Roue Arri\u00e8re Fiat 500 R &#8211; Giardiniera (du n.\u00b0 de pi\u00e8ces d\u00e9tach\u00e9es 289970)"}]},{"@type":"WebSite","@id":"https:\/\/staging.passione500.it\/fr\/#website","url":"https:\/\/staging.passione500.it\/fr\/","name":"Passione 500","description":"Ricambi Fiat 500 d&#039;Epoca","publisher":{"@id":"https:\/\/staging.passione500.it\/fr\/#organization"},"potentialAction":[{"@type":"SearchAction","target":{"@type":"EntryPoint","urlTemplate":"https:\/\/staging.passione500.it\/fr\/?s={search_term_string}"},"query-input":{"@type":"PropertyValueSpecification","valueRequired":true,"valueName":"search_term_string"}}],"inLanguage":"fr-FR"},{"@type":"Organization","@id":"https:\/\/staging.passione500.it\/fr\/#organization","name":"Passione 500","url":"https:\/\/staging.passione500.it\/fr\/","logo":{"@type":"ImageObject","inLanguage":"fr-FR","@id":"https:\/\/staging.passione500.it\/fr\/#\/schema\/logo\/image\/","url":"https:\/\/staging.passione500.it\/wp-content\/uploads\/2025\/12\/PASSIONE-LOGO-APPROVATO.png","contentUrl":"https:\/\/staging.passione500.it\/wp-content\/uploads\/2025\/12\/PASSIONE-LOGO-APPROVATO.png","width":348,"height":125,"caption":"Passione 500"},"image":{"@id":"https:\/\/staging.passione500.it\/fr\/#\/schema\/logo\/image\/"}}]}},"_links":{"self":[{"href":"https:\/\/staging.passione500.it\/fr\/wp-json\/wp\/v2\/product\/29264","targetHints":{"allow":["GET"]}}],"collection":[{"href":"https:\/\/staging.passione500.it\/fr\/wp-json\/wp\/v2\/product"}],"about":[{"href":"https:\/\/staging.passione500.it\/fr\/wp-json\/wp\/v2\/types\/product"}],"wp:featuredmedia":[{"embeddable":true,"href":"https:\/\/staging.passione500.it\/fr\/wp-json\/wp\/v2\/media\/29267"}],"wp:attachment":[{"href":"https:\/\/staging.passione500.it\/fr\/wp-json\/wp\/v2\/media?parent=29264"}],"wp:term":[{"taxonomy":"product_brand","embeddable":true,"href":"https:\/\/staging.passione500.it\/fr\/wp-json\/wp\/v2\/product_brand?post=29264"},{"taxonomy":"product_cat","embeddable":true,"href":"https:\/\/staging.passione500.it\/fr\/wp-json\/wp\/v2\/product_cat?post=29264"},{"taxonomy":"product_tag","embeddable":true,"href":"https:\/\/staging.passione500.it\/fr\/wp-json\/wp\/v2\/product_tag?post=29264"}],"curies":[{"name":"wp","href":"https:\/\/api.w.org\/{rel}","templated":true}]}}