{"id":27871,"date":"2024-12-16T10:28:04","date_gmt":"2024-12-16T09:28:04","guid":{"rendered":"https:\/\/staging.passione500.it\/?post_type=product&#038;p=27871"},"modified":"2024-12-16T16:25:13","modified_gmt":"2024-12-16T15:25:13","slug":"support-damortisseur-avant-droit-fiat-500-r-du-janvier-73-giardiniera-du-n-de-pieces-detachees-294726","status":"publish","type":"product","link":"https:\/\/staging.passione500.it\/fr\/fiat-500-fr\/fiat-500-tt-fr\/carrosserie-tt-fr\/partie-avant-tt-fr\/support-damortisseur-avant-droit-fiat-500-r-du-janvier-73-giardiniera-du-n-de-pieces-detachees-294726\/","title":{"rendered":"Support d\u2019Amortisseur Avant Droit Fiat 500 R (du n.\u00b0 de pi\u00e8ces d\u00e9tach\u00e9es 5172926) \u2013 Giardiniera (du n.\u00b0 de pi\u00e8ces d\u00e9tach\u00e9esi 294726)"},"content":{"rendered":"<h4>Pour une voiture compl\u00e8te il est n\u00e9cessaire d&rsquo;acheter 1 pi\u00e8ce<\/h4>\n<h4>DISTANCE ENTRE LE CENTRE DES DEUX TROUS DE FIXATION DES BRAS DE SUSPENSION AVANT = 105,00 mm<\/h4>\n<h4>V\u00e9rifiez le \u00ab\u00a0n.\u00b0 de pi\u00e8ces d\u00e9tach\u00e9es\u00a0\u00bb sur la plaque d\u2019identification du chassis en aluminium de votre voiture<\/h4>\n<p><img decoding=\"async\" class=\"alignnone wp-image-5690\" src=\"https:\/\/staging.passione500.it\/wp-content\/uploads\/2022\/10\/nr_per-_ricambi-1-300x225.jpg\" alt=\"\" width=\"349\" height=\"262\"><\/p>\n","protected":false},"excerpt":{"rendered":"<p>Prodotto in offerta fino a maggio.<\/p>\n","protected":false},"featured_media":27874,"template":"","meta":{"_et_pb_use_builder":"","_et_pb_old_content":"","_et_gb_content_width":""},"product_brand":[],"product_cat":[2402,839,842,1942,2558,1941,2411,932,935],"product_tag":[],"class_list":{"0":"post-27871","1":"product","2":"type-product","3":"status-publish","4":"has-post-thumbnail","6":"product_cat-partie-avant-tt-fr","7":"product_cat-partie-avant-carrosserie-r-fr","8":"product_cat-partie-avant-carrosserie-giardiniera-fr","9":"product_cat-suspension-avant-giard-fr","10":"product_cat-suspension-avant-tt-fr","11":"product_cat-suspension-avant-r-fr","12":"product_cat-tole-de-reparation-et-particulier-tt-fr","13":"product_cat-tole-de-reparation-et-particulier-carrosserie-r-fr","14":"product_cat-tole-de-reparation-et-particulier-carrosserie-giardiniera-fr","15":"product_shipping_class-shipping-1-fr","17":"first","18":"instock","19":"taxable","20":"shipping-taxable","21":"purchasable","22":"product-type-simple"},"yoast_head":"<!-- This site is optimized with the Yoast SEO plugin v27.3 - https:\/\/yoast.com\/product\/yoast-seo-wordpress\/ -->\n<title>Support d&#039;Amortisseur Avant Droit Fiat 500 | Passione 500<\/title>\n<meta name=\"description\" content=\"Retrouvez sur notre site Support d&#039;Amortisseur Avant Droit pour Fiat 500. Plus de 3000 pi\u00e8ces d\u00e9tach\u00e9es disponibles en stock. Plus de 3000 pi\u00e8ces d\u00e9tach\u00e9es disponibles en stock. PROFITEZ DE NOS OFFRES!\" \/>\n<meta name=\"robots\" content=\"noindex, follow, max-snippet:-1, max-image-preview:large, max-video-preview:-1\" \/>\n<meta property=\"og:locale\" content=\"fr_FR\" \/>\n<meta property=\"og:type\" content=\"article\" \/>\n<meta property=\"og:title\" content=\"Support d&#039;Amortisseur Avant Droit Fiat 500 | Passione 500\" \/>\n<meta property=\"og:description\" content=\"Retrouvez sur notre site Support d&#039;Amortisseur Avant Droit pour Fiat 500. Plus de 3000 pi\u00e8ces d\u00e9tach\u00e9es disponibles en stock. Plus de 3000 pi\u00e8ces d\u00e9tach\u00e9es disponibles en stock. PROFITEZ DE NOS OFFRES!\" \/>\n<meta property=\"og:url\" content=\"https:\/\/staging.passione500.it\/fr\/fiat-500-fr\/fiat-500-tt-fr\/carrosserie-tt-fr\/partie-avant-tt-fr\/support-damortisseur-avant-droit-fiat-500-r-du-janvier-73-giardiniera-du-n-de-pieces-detachees-294726\/\" \/>\n<meta property=\"og:site_name\" content=\"Passione 500\" \/>\n<meta property=\"article:modified_time\" content=\"2024-12-16T15:25:13+00:00\" \/>\n<meta property=\"og:image\" content=\"https:\/\/passione500.it\/wp-content\/uploads\/2024\/12\/4128502_2.jpg\" \/>\n\t<meta property=\"og:image:width\" content=\"2048\" \/>\n\t<meta property=\"og:image:height\" content=\"1536\" \/>\n\t<meta property=\"og:image:type\" content=\"image\/jpeg\" \/>\n<meta name=\"twitter:card\" content=\"summary_large_image\" \/>\n<meta name=\"twitter:label1\" content=\"Dur\u00e9e de lecture estim\u00e9e\" \/>\n\t<meta name=\"twitter:data1\" content=\"1 minute\" \/>\n<script type=\"application\/ld+json\" class=\"yoast-schema-graph\">{\"@context\":\"https:\\\/\\\/schema.org\",\"@graph\":[{\"@type\":\"WebPage\",\"@id\":\"https:\\\/\\\/staging.passione500.it\\\/fr\\\/fiat-500-fr\\\/fiat-500-tt-fr\\\/carrosserie-tt-fr\\\/partie-avant-tt-fr\\\/support-damortisseur-avant-droit-fiat-500-r-du-janvier-73-giardiniera-du-n-de-pieces-detachees-294726\\\/\",\"url\":\"https:\\\/\\\/staging.passione500.it\\\/fr\\\/fiat-500-fr\\\/fiat-500-tt-fr\\\/carrosserie-tt-fr\\\/partie-avant-tt-fr\\\/support-damortisseur-avant-droit-fiat-500-r-du-janvier-73-giardiniera-du-n-de-pieces-detachees-294726\\\/\",\"name\":\"Support d'Amortisseur Avant Droit Fiat 500 | Passione 500\",\"isPartOf\":{\"@id\":\"https:\\\/\\\/staging.passione500.it\\\/fr\\\/#website\"},\"primaryImageOfPage\":{\"@id\":\"https:\\\/\\\/staging.passione500.it\\\/fr\\\/fiat-500-fr\\\/fiat-500-tt-fr\\\/carrosserie-tt-fr\\\/partie-avant-tt-fr\\\/support-damortisseur-avant-droit-fiat-500-r-du-janvier-73-giardiniera-du-n-de-pieces-detachees-294726\\\/#primaryimage\"},\"image\":{\"@id\":\"https:\\\/\\\/staging.passione500.it\\\/fr\\\/fiat-500-fr\\\/fiat-500-tt-fr\\\/carrosserie-tt-fr\\\/partie-avant-tt-fr\\\/support-damortisseur-avant-droit-fiat-500-r-du-janvier-73-giardiniera-du-n-de-pieces-detachees-294726\\\/#primaryimage\"},\"thumbnailUrl\":\"https:\\\/\\\/staging.passione500.it\\\/wp-content\\\/uploads\\\/2024\\\/12\\\/4128502_2.jpg\",\"datePublished\":\"2024-12-16T09:28:04+00:00\",\"dateModified\":\"2024-12-16T15:25:13+00:00\",\"description\":\"Retrouvez sur notre site Support d'Amortisseur Avant Droit pour Fiat 500. Plus de 3000 pi\u00e8ces d\u00e9tach\u00e9es disponibles en stock. Plus de 3000 pi\u00e8ces d\u00e9tach\u00e9es disponibles en stock. PROFITEZ DE NOS OFFRES!\",\"breadcrumb\":{\"@id\":\"https:\\\/\\\/staging.passione500.it\\\/fr\\\/fiat-500-fr\\\/fiat-500-tt-fr\\\/carrosserie-tt-fr\\\/partie-avant-tt-fr\\\/support-damortisseur-avant-droit-fiat-500-r-du-janvier-73-giardiniera-du-n-de-pieces-detachees-294726\\\/#breadcrumb\"},\"inLanguage\":\"fr-FR\",\"potentialAction\":[{\"@type\":\"ReadAction\",\"target\":[\"https:\\\/\\\/staging.passione500.it\\\/fr\\\/fiat-500-fr\\\/fiat-500-tt-fr\\\/carrosserie-tt-fr\\\/partie-avant-tt-fr\\\/support-damortisseur-avant-droit-fiat-500-r-du-janvier-73-giardiniera-du-n-de-pieces-detachees-294726\\\/\"]}]},{\"@type\":\"ImageObject\",\"inLanguage\":\"fr-FR\",\"@id\":\"https:\\\/\\\/staging.passione500.it\\\/fr\\\/fiat-500-fr\\\/fiat-500-tt-fr\\\/carrosserie-tt-fr\\\/partie-avant-tt-fr\\\/support-damortisseur-avant-droit-fiat-500-r-du-janvier-73-giardiniera-du-n-de-pieces-detachees-294726\\\/#primaryimage\",\"url\":\"https:\\\/\\\/staging.passione500.it\\\/wp-content\\\/uploads\\\/2024\\\/12\\\/4128502_2.jpg\",\"contentUrl\":\"https:\\\/\\\/staging.passione500.it\\\/wp-content\\\/uploads\\\/2024\\\/12\\\/4128502_2.jpg\",\"width\":2048,\"height\":1536,\"caption\":\"staffa ammortizzatore sinistra Fiat 500 R\"},{\"@type\":\"BreadcrumbList\",\"@id\":\"https:\\\/\\\/staging.passione500.it\\\/fr\\\/fiat-500-fr\\\/fiat-500-tt-fr\\\/carrosserie-tt-fr\\\/partie-avant-tt-fr\\\/support-damortisseur-avant-droit-fiat-500-r-du-janvier-73-giardiniera-du-n-de-pieces-detachees-294726\\\/#breadcrumb\",\"itemListElement\":[{\"@type\":\"ListItem\",\"position\":1,\"name\":\"Home\",\"item\":\"https:\\\/\\\/passione500.it\\\/fr\\\/\"},{\"@type\":\"ListItem\",\"position\":2,\"name\":\"Fiat 500\",\"item\":\"https:\\\/\\\/staging.passione500.it\\\/fr\\\/fiat-500-fr\\\/\"},{\"@type\":\"ListItem\",\"position\":3,\"name\":\"Fiat 500 Tous les Mod\u00e8les\",\"item\":\"https:\\\/\\\/staging.passione500.it\\\/fr\\\/fiat-500-fr\\\/fiat-500-tt-fr\\\/\"},{\"@type\":\"ListItem\",\"position\":4,\"name\":\"Carrosserie\",\"item\":\"https:\\\/\\\/staging.passione500.it\\\/fr\\\/fiat-500-fr\\\/fiat-500-tt-fr\\\/carrosserie-tt-fr\\\/\"},{\"@type\":\"ListItem\",\"position\":5,\"name\":\"Partie avant\",\"item\":\"https:\\\/\\\/staging.passione500.it\\\/fr\\\/fiat-500-fr\\\/fiat-500-tt-fr\\\/carrosserie-tt-fr\\\/partie-avant-tt-fr\\\/\"},{\"@type\":\"ListItem\",\"position\":6,\"name\":\"Support d\u2019Amortisseur Avant Droit Fiat 500 R (du n.\u00b0 de pi\u00e8ces d\u00e9tach\u00e9es 5172926) \u2013 Giardiniera (du n.\u00b0 de pi\u00e8ces d\u00e9tach\u00e9esi 294726)\"}]},{\"@type\":\"WebSite\",\"@id\":\"https:\\\/\\\/staging.passione500.it\\\/fr\\\/#website\",\"url\":\"https:\\\/\\\/staging.passione500.it\\\/fr\\\/\",\"name\":\"Passione 500\",\"description\":\"Ricambi Fiat 500 d&#039;Epoca\",\"publisher\":{\"@id\":\"https:\\\/\\\/staging.passione500.it\\\/fr\\\/#organization\"},\"potentialAction\":[{\"@type\":\"SearchAction\",\"target\":{\"@type\":\"EntryPoint\",\"urlTemplate\":\"https:\\\/\\\/staging.passione500.it\\\/fr\\\/?s={search_term_string}\"},\"query-input\":{\"@type\":\"PropertyValueSpecification\",\"valueRequired\":true,\"valueName\":\"search_term_string\"}}],\"inLanguage\":\"fr-FR\"},{\"@type\":\"Organization\",\"@id\":\"https:\\\/\\\/staging.passione500.it\\\/fr\\\/#organization\",\"name\":\"Passione 500\",\"url\":\"https:\\\/\\\/staging.passione500.it\\\/fr\\\/\",\"logo\":{\"@type\":\"ImageObject\",\"inLanguage\":\"fr-FR\",\"@id\":\"https:\\\/\\\/staging.passione500.it\\\/fr\\\/#\\\/schema\\\/logo\\\/image\\\/\",\"url\":\"https:\\\/\\\/staging.passione500.it\\\/wp-content\\\/uploads\\\/2025\\\/12\\\/PASSIONE-LOGO-APPROVATO.png\",\"contentUrl\":\"https:\\\/\\\/staging.passione500.it\\\/wp-content\\\/uploads\\\/2025\\\/12\\\/PASSIONE-LOGO-APPROVATO.png\",\"width\":348,\"height\":125,\"caption\":\"Passione 500\"},\"image\":{\"@id\":\"https:\\\/\\\/staging.passione500.it\\\/fr\\\/#\\\/schema\\\/logo\\\/image\\\/\"}}]}<\/script>\n<!-- \/ Yoast SEO plugin. -->","yoast_head_json":{"title":"Support d'Amortisseur Avant Droit Fiat 500 | Passione 500","description":"Retrouvez sur notre site Support d'Amortisseur Avant Droit pour Fiat 500. Plus de 3000 pi\u00e8ces d\u00e9tach\u00e9es disponibles en stock. Plus de 3000 pi\u00e8ces d\u00e9tach\u00e9es disponibles en stock. PROFITEZ DE NOS OFFRES!","robots":{"index":"noindex","follow":"follow","max-snippet":"max-snippet:-1","max-image-preview":"max-image-preview:large","max-video-preview":"max-video-preview:-1"},"og_locale":"fr_FR","og_type":"article","og_title":"Support d'Amortisseur Avant Droit Fiat 500 | Passione 500","og_description":"Retrouvez sur notre site Support d'Amortisseur Avant Droit pour Fiat 500. Plus de 3000 pi\u00e8ces d\u00e9tach\u00e9es disponibles en stock. Plus de 3000 pi\u00e8ces d\u00e9tach\u00e9es disponibles en stock. PROFITEZ DE NOS OFFRES!","og_url":"https:\/\/staging.passione500.it\/fr\/fiat-500-fr\/fiat-500-tt-fr\/carrosserie-tt-fr\/partie-avant-tt-fr\/support-damortisseur-avant-droit-fiat-500-r-du-janvier-73-giardiniera-du-n-de-pieces-detachees-294726\/","og_site_name":"Passione 500","article_modified_time":"2024-12-16T15:25:13+00:00","og_image":[{"width":2048,"height":1536,"url":"https:\/\/passione500.it\/wp-content\/uploads\/2024\/12\/4128502_2.jpg","type":"image\/jpeg"}],"twitter_card":"summary_large_image","twitter_misc":{"Dur\u00e9e de lecture estim\u00e9e":"1 minute"},"schema":{"@context":"https:\/\/schema.org","@graph":[{"@type":"WebPage","@id":"https:\/\/staging.passione500.it\/fr\/fiat-500-fr\/fiat-500-tt-fr\/carrosserie-tt-fr\/partie-avant-tt-fr\/support-damortisseur-avant-droit-fiat-500-r-du-janvier-73-giardiniera-du-n-de-pieces-detachees-294726\/","url":"https:\/\/staging.passione500.it\/fr\/fiat-500-fr\/fiat-500-tt-fr\/carrosserie-tt-fr\/partie-avant-tt-fr\/support-damortisseur-avant-droit-fiat-500-r-du-janvier-73-giardiniera-du-n-de-pieces-detachees-294726\/","name":"Support d'Amortisseur Avant Droit Fiat 500 | Passione 500","isPartOf":{"@id":"https:\/\/staging.passione500.it\/fr\/#website"},"primaryImageOfPage":{"@id":"https:\/\/staging.passione500.it\/fr\/fiat-500-fr\/fiat-500-tt-fr\/carrosserie-tt-fr\/partie-avant-tt-fr\/support-damortisseur-avant-droit-fiat-500-r-du-janvier-73-giardiniera-du-n-de-pieces-detachees-294726\/#primaryimage"},"image":{"@id":"https:\/\/staging.passione500.it\/fr\/fiat-500-fr\/fiat-500-tt-fr\/carrosserie-tt-fr\/partie-avant-tt-fr\/support-damortisseur-avant-droit-fiat-500-r-du-janvier-73-giardiniera-du-n-de-pieces-detachees-294726\/#primaryimage"},"thumbnailUrl":"https:\/\/staging.passione500.it\/wp-content\/uploads\/2024\/12\/4128502_2.jpg","datePublished":"2024-12-16T09:28:04+00:00","dateModified":"2024-12-16T15:25:13+00:00","description":"Retrouvez sur notre site Support d'Amortisseur Avant Droit pour Fiat 500. Plus de 3000 pi\u00e8ces d\u00e9tach\u00e9es disponibles en stock. Plus de 3000 pi\u00e8ces d\u00e9tach\u00e9es disponibles en stock. PROFITEZ DE NOS OFFRES!","breadcrumb":{"@id":"https:\/\/staging.passione500.it\/fr\/fiat-500-fr\/fiat-500-tt-fr\/carrosserie-tt-fr\/partie-avant-tt-fr\/support-damortisseur-avant-droit-fiat-500-r-du-janvier-73-giardiniera-du-n-de-pieces-detachees-294726\/#breadcrumb"},"inLanguage":"fr-FR","potentialAction":[{"@type":"ReadAction","target":["https:\/\/staging.passione500.it\/fr\/fiat-500-fr\/fiat-500-tt-fr\/carrosserie-tt-fr\/partie-avant-tt-fr\/support-damortisseur-avant-droit-fiat-500-r-du-janvier-73-giardiniera-du-n-de-pieces-detachees-294726\/"]}]},{"@type":"ImageObject","inLanguage":"fr-FR","@id":"https:\/\/staging.passione500.it\/fr\/fiat-500-fr\/fiat-500-tt-fr\/carrosserie-tt-fr\/partie-avant-tt-fr\/support-damortisseur-avant-droit-fiat-500-r-du-janvier-73-giardiniera-du-n-de-pieces-detachees-294726\/#primaryimage","url":"https:\/\/staging.passione500.it\/wp-content\/uploads\/2024\/12\/4128502_2.jpg","contentUrl":"https:\/\/staging.passione500.it\/wp-content\/uploads\/2024\/12\/4128502_2.jpg","width":2048,"height":1536,"caption":"staffa ammortizzatore sinistra Fiat 500 R"},{"@type":"BreadcrumbList","@id":"https:\/\/staging.passione500.it\/fr\/fiat-500-fr\/fiat-500-tt-fr\/carrosserie-tt-fr\/partie-avant-tt-fr\/support-damortisseur-avant-droit-fiat-500-r-du-janvier-73-giardiniera-du-n-de-pieces-detachees-294726\/#breadcrumb","itemListElement":[{"@type":"ListItem","position":1,"name":"Home","item":"https:\/\/passione500.it\/fr\/"},{"@type":"ListItem","position":2,"name":"Fiat 500","item":"https:\/\/staging.passione500.it\/fr\/fiat-500-fr\/"},{"@type":"ListItem","position":3,"name":"Fiat 500 Tous les Mod\u00e8les","item":"https:\/\/staging.passione500.it\/fr\/fiat-500-fr\/fiat-500-tt-fr\/"},{"@type":"ListItem","position":4,"name":"Carrosserie","item":"https:\/\/staging.passione500.it\/fr\/fiat-500-fr\/fiat-500-tt-fr\/carrosserie-tt-fr\/"},{"@type":"ListItem","position":5,"name":"Partie avant","item":"https:\/\/staging.passione500.it\/fr\/fiat-500-fr\/fiat-500-tt-fr\/carrosserie-tt-fr\/partie-avant-tt-fr\/"},{"@type":"ListItem","position":6,"name":"Support d\u2019Amortisseur Avant Droit Fiat 500 R (du n.\u00b0 de pi\u00e8ces d\u00e9tach\u00e9es 5172926) \u2013 Giardiniera (du n.\u00b0 de pi\u00e8ces d\u00e9tach\u00e9esi 294726)"}]},{"@type":"WebSite","@id":"https:\/\/staging.passione500.it\/fr\/#website","url":"https:\/\/staging.passione500.it\/fr\/","name":"Passione 500","description":"Ricambi Fiat 500 d&#039;Epoca","publisher":{"@id":"https:\/\/staging.passione500.it\/fr\/#organization"},"potentialAction":[{"@type":"SearchAction","target":{"@type":"EntryPoint","urlTemplate":"https:\/\/staging.passione500.it\/fr\/?s={search_term_string}"},"query-input":{"@type":"PropertyValueSpecification","valueRequired":true,"valueName":"search_term_string"}}],"inLanguage":"fr-FR"},{"@type":"Organization","@id":"https:\/\/staging.passione500.it\/fr\/#organization","name":"Passione 500","url":"https:\/\/staging.passione500.it\/fr\/","logo":{"@type":"ImageObject","inLanguage":"fr-FR","@id":"https:\/\/staging.passione500.it\/fr\/#\/schema\/logo\/image\/","url":"https:\/\/staging.passione500.it\/wp-content\/uploads\/2025\/12\/PASSIONE-LOGO-APPROVATO.png","contentUrl":"https:\/\/staging.passione500.it\/wp-content\/uploads\/2025\/12\/PASSIONE-LOGO-APPROVATO.png","width":348,"height":125,"caption":"Passione 500"},"image":{"@id":"https:\/\/staging.passione500.it\/fr\/#\/schema\/logo\/image\/"}}]}},"_links":{"self":[{"href":"https:\/\/staging.passione500.it\/fr\/wp-json\/wp\/v2\/product\/27871","targetHints":{"allow":["GET"]}}],"collection":[{"href":"https:\/\/staging.passione500.it\/fr\/wp-json\/wp\/v2\/product"}],"about":[{"href":"https:\/\/staging.passione500.it\/fr\/wp-json\/wp\/v2\/types\/product"}],"wp:featuredmedia":[{"embeddable":true,"href":"https:\/\/staging.passione500.it\/fr\/wp-json\/wp\/v2\/media\/27874"}],"wp:attachment":[{"href":"https:\/\/staging.passione500.it\/fr\/wp-json\/wp\/v2\/media?parent=27871"}],"wp:term":[{"taxonomy":"product_brand","embeddable":true,"href":"https:\/\/staging.passione500.it\/fr\/wp-json\/wp\/v2\/product_brand?post=27871"},{"taxonomy":"product_cat","embeddable":true,"href":"https:\/\/staging.passione500.it\/fr\/wp-json\/wp\/v2\/product_cat?post=27871"},{"taxonomy":"product_tag","embeddable":true,"href":"https:\/\/staging.passione500.it\/fr\/wp-json\/wp\/v2\/product_tag?post=27871"}],"curies":[{"name":"wp","href":"https:\/\/api.w.org\/{rel}","templated":true}]}}