{"id":27555,"date":"2024-12-09T18:50:43","date_gmt":"2024-12-09T17:50:45","guid":{"rendered":"https:\/\/staging.passione500.it\/?post_type=product&#038;p=27555"},"modified":"2024-12-11T18:36:48","modified_gmt":"2024-12-11T17:36:48","slug":"boite-de-vitesses-reconditionnee-avec-retour-de-la-piece-detachee-usagee-fiat-500-d-du-n-moteur-374948","status":"publish","type":"product","link":"https:\/\/staging.passione500.it\/fr\/fiat-500-fr\/fiat-500-tt-fr\/boite-de-vitesses-et-transmission-tt-fr\/boite-de-vitesses-tt-fr\/boite-de-vitesses-reconditionnee-avec-retour-de-la-piece-detachee-usagee-fiat-500-d-du-n-moteur-374948\/","title":{"rendered":"Boite de Vitesses Reconditionn\u00e9e \u2013 avec retour de la pi\u00e8ce d\u00e9tach\u00e9e usag\u00e9e \u2013 Fiat 500 D (du n.\u00b0 moteur 374948)"},"content":{"rendered":"<h4>Pour une voiture compl\u00e8te il est n\u00e9cessaire d&rsquo;acheter 1 pi\u00e8ce<\/h4>\n<h4>Il est obligatoire de restituer la pi\u00e8ce d\u00e9tach\u00e9e reconditionn\u00e9e, \u00e0 l&rsquo;avance ou en m\u00eame temps que la livraison de la pi\u00e8ce d\u00e9tach\u00e9e r\u00e9vis\u00e9e.<\/h4>\n<h4>Les frais de port pour le retour de la pi\u00e8ce d\u00e9tach\u00e9e usag\u00e9e sont \u00e0 la charge de l&rsquo;acheteur.<\/h4>\n<h4>La r\u00e9vision comprend l&rsquo;ex\u00e9cution des travaux suivants :<\/h4>\n<h4>&#8211; D\u00e9montage complet de chaque composant<\/h4>\n<h4>&#8211; Lavage et nettoyage complets internes et externes<\/h4>\n<h4>&#8211; Remplacement de l&rsquo;arbre primaire, premi\u00e8re engranage et marche arri\u00e8re &#8211; code CAM15<\/h4>\n<h4>&#8211; Remplacement des 4 roulements de bo\u00eete de vitesses &#8211; code CAM19<\/h4>\n<h4>&#8211; Remplacement complet des arbres de roue, des manchons coulissants, de la bo\u00eete de vitesses et des soufflets lat\u00e9raux de roue &#8211; code CAM41 ou CAM42<\/h4>\n<h4>&#8211; Remplacement complet des joints et joints spi &#8211; code CAM14D<\/h4>\n<h4>&#8211; Diverses petites pi\u00e8ces n\u00e9cessaires<\/h4>\n<h4>&#8211; Remplacement de tout autre composant pouvant compromettre le fonctionnement r\u00e9gulier<\/h4>\n<h4>V\u00e9rifiez le \u201cn.\u00b0 de moteur\u201d sur le b\u00e2ti moteur de votre voiture<\/h4>\n<p><img decoding=\"async\" class=\"alignnone size-full wp-image-16586\" src=\"https:\/\/staging.passione500.it\/wp-content\/uploads\/2024\/02\/nr.motore-berlina.jpg\" alt=\"nr.motore-berlina\" width=\"300\" height=\"225\" srcset=\"https:\/\/staging.passione500.it\/wp-content\/uploads\/2024\/02\/nr.motore-berlina.jpg 300w, https:\/\/staging.passione500.it\/wp-content\/uploads\/2024\/02\/nr.motore-berlina-64x48.jpg 64w\" sizes=\"(max-width: 300px) 100vw, 300px\" \/><\/p>\n","protected":false},"excerpt":{"rendered":"<p>Prodotto in offerta fino a maggio.<\/p>\n","protected":false},"featured_media":27665,"template":"","meta":{"_et_pb_use_builder":"","_et_pb_old_content":"","_et_gb_content_width":""},"product_brand":[],"product_cat":[1918,2546,1923,2549],"product_tag":[],"class_list":{"0":"post-27555","1":"product","2":"type-product","3":"status-publish","4":"has-post-thumbnail","6":"product_cat-boite-de-vitesses-d-fr","7":"product_cat-boite-de-vitesses-tt-fr","8":"product_cat-transmission-et-differentiel-d-fr","9":"product_cat-transmission-et-differentiel-tt-fr","10":"product_shipping_class-shipping-1-fr","12":"first","13":"instock","14":"taxable","15":"shipping-taxable","16":"purchasable","17":"product-type-simple"},"yoast_head":"<!-- This site is optimized with the Yoast SEO plugin v27.3 - https:\/\/yoast.com\/product\/yoast-seo-wordpress\/ -->\n<title>Boite de Vitesses Reconditionn\u00e9e Fiat 500 - Passione 500<\/title>\n<meta name=\"description\" content=\"Retrouvez sur notre site Boite de Vitesses Reconditionn\u00e9e pour Fiat 500. Plus de 3000 pi\u00e8ces d\u00e9tach\u00e9es disponibles en stock. PROFITEZ DE NOS OFFRES!\" \/>\n<meta name=\"robots\" content=\"noindex, follow, max-snippet:-1, max-image-preview:large, max-video-preview:-1\" \/>\n<meta property=\"og:locale\" content=\"fr_FR\" \/>\n<meta property=\"og:type\" content=\"article\" \/>\n<meta property=\"og:title\" content=\"Boite de Vitesses Reconditionn\u00e9e Fiat 500 - Passione 500\" \/>\n<meta property=\"og:description\" content=\"Retrouvez sur notre site Boite de Vitesses Reconditionn\u00e9e pour Fiat 500. Plus de 3000 pi\u00e8ces d\u00e9tach\u00e9es disponibles en stock. PROFITEZ DE NOS OFFRES!\" \/>\n<meta property=\"og:url\" content=\"https:\/\/staging.passione500.it\/fr\/fiat-500-fr\/fiat-500-tt-fr\/boite-de-vitesses-et-transmission-tt-fr\/boite-de-vitesses-tt-fr\/boite-de-vitesses-reconditionnee-avec-retour-de-la-piece-detachee-usagee-fiat-500-d-du-n-moteur-374948\/\" \/>\n<meta property=\"og:site_name\" content=\"Passione 500\" \/>\n<meta property=\"article:modified_time\" content=\"2024-12-11T17:36:48+00:00\" \/>\n<meta property=\"og:image\" content=\"https:\/\/passione500.it\/wp-content\/uploads\/2024\/12\/D-revis.jpg\" \/>\n\t<meta property=\"og:image:width\" content=\"2048\" \/>\n\t<meta property=\"og:image:height\" content=\"1536\" \/>\n\t<meta property=\"og:image:type\" content=\"image\/jpeg\" \/>\n<meta name=\"twitter:card\" content=\"summary_large_image\" \/>\n<meta name=\"twitter:label1\" content=\"Dur\u00e9e de lecture estim\u00e9e\" \/>\n\t<meta name=\"twitter:data1\" content=\"2 minutes\" \/>\n<script type=\"application\/ld+json\" class=\"yoast-schema-graph\">{\"@context\":\"https:\\\/\\\/schema.org\",\"@graph\":[{\"@type\":\"WebPage\",\"@id\":\"https:\\\/\\\/staging.passione500.it\\\/fr\\\/fiat-500-fr\\\/fiat-500-tt-fr\\\/boite-de-vitesses-et-transmission-tt-fr\\\/boite-de-vitesses-tt-fr\\\/boite-de-vitesses-reconditionnee-avec-retour-de-la-piece-detachee-usagee-fiat-500-d-du-n-moteur-374948\\\/\",\"url\":\"https:\\\/\\\/staging.passione500.it\\\/fr\\\/fiat-500-fr\\\/fiat-500-tt-fr\\\/boite-de-vitesses-et-transmission-tt-fr\\\/boite-de-vitesses-tt-fr\\\/boite-de-vitesses-reconditionnee-avec-retour-de-la-piece-detachee-usagee-fiat-500-d-du-n-moteur-374948\\\/\",\"name\":\"Boite de Vitesses Reconditionn\u00e9e Fiat 500 - Passione 500\",\"isPartOf\":{\"@id\":\"https:\\\/\\\/staging.passione500.it\\\/fr\\\/#website\"},\"primaryImageOfPage\":{\"@id\":\"https:\\\/\\\/staging.passione500.it\\\/fr\\\/fiat-500-fr\\\/fiat-500-tt-fr\\\/boite-de-vitesses-et-transmission-tt-fr\\\/boite-de-vitesses-tt-fr\\\/boite-de-vitesses-reconditionnee-avec-retour-de-la-piece-detachee-usagee-fiat-500-d-du-n-moteur-374948\\\/#primaryimage\"},\"image\":{\"@id\":\"https:\\\/\\\/staging.passione500.it\\\/fr\\\/fiat-500-fr\\\/fiat-500-tt-fr\\\/boite-de-vitesses-et-transmission-tt-fr\\\/boite-de-vitesses-tt-fr\\\/boite-de-vitesses-reconditionnee-avec-retour-de-la-piece-detachee-usagee-fiat-500-d-du-n-moteur-374948\\\/#primaryimage\"},\"thumbnailUrl\":\"https:\\\/\\\/staging.passione500.it\\\/wp-content\\\/uploads\\\/2024\\\/12\\\/D-revis.jpg\",\"datePublished\":\"2024-12-09T17:50:45+00:00\",\"dateModified\":\"2024-12-11T17:36:48+00:00\",\"description\":\"Retrouvez sur notre site Boite de Vitesses Reconditionn\u00e9e pour Fiat 500. Plus de 3000 pi\u00e8ces d\u00e9tach\u00e9es disponibles en stock. PROFITEZ DE NOS OFFRES!\",\"breadcrumb\":{\"@id\":\"https:\\\/\\\/staging.passione500.it\\\/fr\\\/fiat-500-fr\\\/fiat-500-tt-fr\\\/boite-de-vitesses-et-transmission-tt-fr\\\/boite-de-vitesses-tt-fr\\\/boite-de-vitesses-reconditionnee-avec-retour-de-la-piece-detachee-usagee-fiat-500-d-du-n-moteur-374948\\\/#breadcrumb\"},\"inLanguage\":\"fr-FR\",\"potentialAction\":[{\"@type\":\"ReadAction\",\"target\":[\"https:\\\/\\\/staging.passione500.it\\\/fr\\\/fiat-500-fr\\\/fiat-500-tt-fr\\\/boite-de-vitesses-et-transmission-tt-fr\\\/boite-de-vitesses-tt-fr\\\/boite-de-vitesses-reconditionnee-avec-retour-de-la-piece-detachee-usagee-fiat-500-d-du-n-moteur-374948\\\/\"]}]},{\"@type\":\"ImageObject\",\"inLanguage\":\"fr-FR\",\"@id\":\"https:\\\/\\\/staging.passione500.it\\\/fr\\\/fiat-500-fr\\\/fiat-500-tt-fr\\\/boite-de-vitesses-et-transmission-tt-fr\\\/boite-de-vitesses-tt-fr\\\/boite-de-vitesses-reconditionnee-avec-retour-de-la-piece-detachee-usagee-fiat-500-d-du-n-moteur-374948\\\/#primaryimage\",\"url\":\"https:\\\/\\\/staging.passione500.it\\\/wp-content\\\/uploads\\\/2024\\\/12\\\/D-revis.jpg\",\"contentUrl\":\"https:\\\/\\\/staging.passione500.it\\\/wp-content\\\/uploads\\\/2024\\\/12\\\/D-revis.jpg\",\"width\":2048,\"height\":1536,\"caption\":\"cambio revisionato Fiat 500 D\"},{\"@type\":\"BreadcrumbList\",\"@id\":\"https:\\\/\\\/staging.passione500.it\\\/fr\\\/fiat-500-fr\\\/fiat-500-tt-fr\\\/boite-de-vitesses-et-transmission-tt-fr\\\/boite-de-vitesses-tt-fr\\\/boite-de-vitesses-reconditionnee-avec-retour-de-la-piece-detachee-usagee-fiat-500-d-du-n-moteur-374948\\\/#breadcrumb\",\"itemListElement\":[{\"@type\":\"ListItem\",\"position\":1,\"name\":\"Home\",\"item\":\"https:\\\/\\\/passione500.it\\\/fr\\\/\"},{\"@type\":\"ListItem\",\"position\":2,\"name\":\"Fiat 500\",\"item\":\"https:\\\/\\\/staging.passione500.it\\\/fr\\\/fiat-500-fr\\\/\"},{\"@type\":\"ListItem\",\"position\":3,\"name\":\"Fiat 500 Tous les Mod\u00e8les\",\"item\":\"https:\\\/\\\/staging.passione500.it\\\/fr\\\/fiat-500-fr\\\/fiat-500-tt-fr\\\/\"},{\"@type\":\"ListItem\",\"position\":4,\"name\":\"Boite de Vitesses et Transmission\",\"item\":\"https:\\\/\\\/staging.passione500.it\\\/fr\\\/fiat-500-fr\\\/fiat-500-tt-fr\\\/boite-de-vitesses-et-transmission-tt-fr\\\/\"},{\"@type\":\"ListItem\",\"position\":5,\"name\":\"Boite de Vitesses\",\"item\":\"https:\\\/\\\/staging.passione500.it\\\/fr\\\/fiat-500-fr\\\/fiat-500-tt-fr\\\/boite-de-vitesses-et-transmission-tt-fr\\\/boite-de-vitesses-tt-fr\\\/\"},{\"@type\":\"ListItem\",\"position\":6,\"name\":\"Boite de Vitesses Reconditionn\u00e9e \u2013 avec retour de la pi\u00e8ce d\u00e9tach\u00e9e usag\u00e9e \u2013 Fiat 500 D (du n.\u00b0 moteur 374948)\"}]},{\"@type\":\"WebSite\",\"@id\":\"https:\\\/\\\/staging.passione500.it\\\/fr\\\/#website\",\"url\":\"https:\\\/\\\/staging.passione500.it\\\/fr\\\/\",\"name\":\"Passione 500\",\"description\":\"Ricambi Fiat 500 d&#039;Epoca\",\"publisher\":{\"@id\":\"https:\\\/\\\/staging.passione500.it\\\/fr\\\/#organization\"},\"potentialAction\":[{\"@type\":\"SearchAction\",\"target\":{\"@type\":\"EntryPoint\",\"urlTemplate\":\"https:\\\/\\\/staging.passione500.it\\\/fr\\\/?s={search_term_string}\"},\"query-input\":{\"@type\":\"PropertyValueSpecification\",\"valueRequired\":true,\"valueName\":\"search_term_string\"}}],\"inLanguage\":\"fr-FR\"},{\"@type\":\"Organization\",\"@id\":\"https:\\\/\\\/staging.passione500.it\\\/fr\\\/#organization\",\"name\":\"Passione 500\",\"url\":\"https:\\\/\\\/staging.passione500.it\\\/fr\\\/\",\"logo\":{\"@type\":\"ImageObject\",\"inLanguage\":\"fr-FR\",\"@id\":\"https:\\\/\\\/staging.passione500.it\\\/fr\\\/#\\\/schema\\\/logo\\\/image\\\/\",\"url\":\"https:\\\/\\\/staging.passione500.it\\\/wp-content\\\/uploads\\\/2025\\\/12\\\/PASSIONE-LOGO-APPROVATO.png\",\"contentUrl\":\"https:\\\/\\\/staging.passione500.it\\\/wp-content\\\/uploads\\\/2025\\\/12\\\/PASSIONE-LOGO-APPROVATO.png\",\"width\":348,\"height\":125,\"caption\":\"Passione 500\"},\"image\":{\"@id\":\"https:\\\/\\\/staging.passione500.it\\\/fr\\\/#\\\/schema\\\/logo\\\/image\\\/\"}}]}<\/script>\n<!-- \/ Yoast SEO plugin. -->","yoast_head_json":{"title":"Boite de Vitesses Reconditionn\u00e9e Fiat 500 - Passione 500","description":"Retrouvez sur notre site Boite de Vitesses Reconditionn\u00e9e pour Fiat 500. Plus de 3000 pi\u00e8ces d\u00e9tach\u00e9es disponibles en stock. PROFITEZ DE NOS OFFRES!","robots":{"index":"noindex","follow":"follow","max-snippet":"max-snippet:-1","max-image-preview":"max-image-preview:large","max-video-preview":"max-video-preview:-1"},"og_locale":"fr_FR","og_type":"article","og_title":"Boite de Vitesses Reconditionn\u00e9e Fiat 500 - Passione 500","og_description":"Retrouvez sur notre site Boite de Vitesses Reconditionn\u00e9e pour Fiat 500. Plus de 3000 pi\u00e8ces d\u00e9tach\u00e9es disponibles en stock. PROFITEZ DE NOS OFFRES!","og_url":"https:\/\/staging.passione500.it\/fr\/fiat-500-fr\/fiat-500-tt-fr\/boite-de-vitesses-et-transmission-tt-fr\/boite-de-vitesses-tt-fr\/boite-de-vitesses-reconditionnee-avec-retour-de-la-piece-detachee-usagee-fiat-500-d-du-n-moteur-374948\/","og_site_name":"Passione 500","article_modified_time":"2024-12-11T17:36:48+00:00","og_image":[{"width":2048,"height":1536,"url":"https:\/\/passione500.it\/wp-content\/uploads\/2024\/12\/D-revis.jpg","type":"image\/jpeg"}],"twitter_card":"summary_large_image","twitter_misc":{"Dur\u00e9e de lecture estim\u00e9e":"2 minutes"},"schema":{"@context":"https:\/\/schema.org","@graph":[{"@type":"WebPage","@id":"https:\/\/staging.passione500.it\/fr\/fiat-500-fr\/fiat-500-tt-fr\/boite-de-vitesses-et-transmission-tt-fr\/boite-de-vitesses-tt-fr\/boite-de-vitesses-reconditionnee-avec-retour-de-la-piece-detachee-usagee-fiat-500-d-du-n-moteur-374948\/","url":"https:\/\/staging.passione500.it\/fr\/fiat-500-fr\/fiat-500-tt-fr\/boite-de-vitesses-et-transmission-tt-fr\/boite-de-vitesses-tt-fr\/boite-de-vitesses-reconditionnee-avec-retour-de-la-piece-detachee-usagee-fiat-500-d-du-n-moteur-374948\/","name":"Boite de Vitesses Reconditionn\u00e9e Fiat 500 - Passione 500","isPartOf":{"@id":"https:\/\/staging.passione500.it\/fr\/#website"},"primaryImageOfPage":{"@id":"https:\/\/staging.passione500.it\/fr\/fiat-500-fr\/fiat-500-tt-fr\/boite-de-vitesses-et-transmission-tt-fr\/boite-de-vitesses-tt-fr\/boite-de-vitesses-reconditionnee-avec-retour-de-la-piece-detachee-usagee-fiat-500-d-du-n-moteur-374948\/#primaryimage"},"image":{"@id":"https:\/\/staging.passione500.it\/fr\/fiat-500-fr\/fiat-500-tt-fr\/boite-de-vitesses-et-transmission-tt-fr\/boite-de-vitesses-tt-fr\/boite-de-vitesses-reconditionnee-avec-retour-de-la-piece-detachee-usagee-fiat-500-d-du-n-moteur-374948\/#primaryimage"},"thumbnailUrl":"https:\/\/staging.passione500.it\/wp-content\/uploads\/2024\/12\/D-revis.jpg","datePublished":"2024-12-09T17:50:45+00:00","dateModified":"2024-12-11T17:36:48+00:00","description":"Retrouvez sur notre site Boite de Vitesses Reconditionn\u00e9e pour Fiat 500. Plus de 3000 pi\u00e8ces d\u00e9tach\u00e9es disponibles en stock. PROFITEZ DE NOS OFFRES!","breadcrumb":{"@id":"https:\/\/staging.passione500.it\/fr\/fiat-500-fr\/fiat-500-tt-fr\/boite-de-vitesses-et-transmission-tt-fr\/boite-de-vitesses-tt-fr\/boite-de-vitesses-reconditionnee-avec-retour-de-la-piece-detachee-usagee-fiat-500-d-du-n-moteur-374948\/#breadcrumb"},"inLanguage":"fr-FR","potentialAction":[{"@type":"ReadAction","target":["https:\/\/staging.passione500.it\/fr\/fiat-500-fr\/fiat-500-tt-fr\/boite-de-vitesses-et-transmission-tt-fr\/boite-de-vitesses-tt-fr\/boite-de-vitesses-reconditionnee-avec-retour-de-la-piece-detachee-usagee-fiat-500-d-du-n-moteur-374948\/"]}]},{"@type":"ImageObject","inLanguage":"fr-FR","@id":"https:\/\/staging.passione500.it\/fr\/fiat-500-fr\/fiat-500-tt-fr\/boite-de-vitesses-et-transmission-tt-fr\/boite-de-vitesses-tt-fr\/boite-de-vitesses-reconditionnee-avec-retour-de-la-piece-detachee-usagee-fiat-500-d-du-n-moteur-374948\/#primaryimage","url":"https:\/\/staging.passione500.it\/wp-content\/uploads\/2024\/12\/D-revis.jpg","contentUrl":"https:\/\/staging.passione500.it\/wp-content\/uploads\/2024\/12\/D-revis.jpg","width":2048,"height":1536,"caption":"cambio revisionato Fiat 500 D"},{"@type":"BreadcrumbList","@id":"https:\/\/staging.passione500.it\/fr\/fiat-500-fr\/fiat-500-tt-fr\/boite-de-vitesses-et-transmission-tt-fr\/boite-de-vitesses-tt-fr\/boite-de-vitesses-reconditionnee-avec-retour-de-la-piece-detachee-usagee-fiat-500-d-du-n-moteur-374948\/#breadcrumb","itemListElement":[{"@type":"ListItem","position":1,"name":"Home","item":"https:\/\/passione500.it\/fr\/"},{"@type":"ListItem","position":2,"name":"Fiat 500","item":"https:\/\/staging.passione500.it\/fr\/fiat-500-fr\/"},{"@type":"ListItem","position":3,"name":"Fiat 500 Tous les Mod\u00e8les","item":"https:\/\/staging.passione500.it\/fr\/fiat-500-fr\/fiat-500-tt-fr\/"},{"@type":"ListItem","position":4,"name":"Boite de Vitesses et Transmission","item":"https:\/\/staging.passione500.it\/fr\/fiat-500-fr\/fiat-500-tt-fr\/boite-de-vitesses-et-transmission-tt-fr\/"},{"@type":"ListItem","position":5,"name":"Boite de Vitesses","item":"https:\/\/staging.passione500.it\/fr\/fiat-500-fr\/fiat-500-tt-fr\/boite-de-vitesses-et-transmission-tt-fr\/boite-de-vitesses-tt-fr\/"},{"@type":"ListItem","position":6,"name":"Boite de Vitesses Reconditionn\u00e9e \u2013 avec retour de la pi\u00e8ce d\u00e9tach\u00e9e usag\u00e9e \u2013 Fiat 500 D (du n.\u00b0 moteur 374948)"}]},{"@type":"WebSite","@id":"https:\/\/staging.passione500.it\/fr\/#website","url":"https:\/\/staging.passione500.it\/fr\/","name":"Passione 500","description":"Ricambi Fiat 500 d&#039;Epoca","publisher":{"@id":"https:\/\/staging.passione500.it\/fr\/#organization"},"potentialAction":[{"@type":"SearchAction","target":{"@type":"EntryPoint","urlTemplate":"https:\/\/staging.passione500.it\/fr\/?s={search_term_string}"},"query-input":{"@type":"PropertyValueSpecification","valueRequired":true,"valueName":"search_term_string"}}],"inLanguage":"fr-FR"},{"@type":"Organization","@id":"https:\/\/staging.passione500.it\/fr\/#organization","name":"Passione 500","url":"https:\/\/staging.passione500.it\/fr\/","logo":{"@type":"ImageObject","inLanguage":"fr-FR","@id":"https:\/\/staging.passione500.it\/fr\/#\/schema\/logo\/image\/","url":"https:\/\/staging.passione500.it\/wp-content\/uploads\/2025\/12\/PASSIONE-LOGO-APPROVATO.png","contentUrl":"https:\/\/staging.passione500.it\/wp-content\/uploads\/2025\/12\/PASSIONE-LOGO-APPROVATO.png","width":348,"height":125,"caption":"Passione 500"},"image":{"@id":"https:\/\/staging.passione500.it\/fr\/#\/schema\/logo\/image\/"}}]}},"_links":{"self":[{"href":"https:\/\/staging.passione500.it\/fr\/wp-json\/wp\/v2\/product\/27555","targetHints":{"allow":["GET"]}}],"collection":[{"href":"https:\/\/staging.passione500.it\/fr\/wp-json\/wp\/v2\/product"}],"about":[{"href":"https:\/\/staging.passione500.it\/fr\/wp-json\/wp\/v2\/types\/product"}],"wp:featuredmedia":[{"embeddable":true,"href":"https:\/\/staging.passione500.it\/fr\/wp-json\/wp\/v2\/media\/27665"}],"wp:attachment":[{"href":"https:\/\/staging.passione500.it\/fr\/wp-json\/wp\/v2\/media?parent=27555"}],"wp:term":[{"taxonomy":"product_brand","embeddable":true,"href":"https:\/\/staging.passione500.it\/fr\/wp-json\/wp\/v2\/product_brand?post=27555"},{"taxonomy":"product_cat","embeddable":true,"href":"https:\/\/staging.passione500.it\/fr\/wp-json\/wp\/v2\/product_cat?post=27555"},{"taxonomy":"product_tag","embeddable":true,"href":"https:\/\/staging.passione500.it\/fr\/wp-json\/wp\/v2\/product_tag?post=27555"}],"curies":[{"name":"wp","href":"https:\/\/api.w.org\/{rel}","templated":true}]}}