{"id":26734,"date":"2024-11-25T18:49:34","date_gmt":"2024-11-25T17:49:36","guid":{"rendered":"https:\/\/staging.passione500.it\/?post_type=product&#038;p=26734"},"modified":"2024-12-03T17:54:06","modified_gmt":"2024-12-03T16:54:06","slug":"support-de-boite-de-vitesses-fiat-500-n-d-f-l-giardiniera","status":"publish","type":"product","link":"https:\/\/staging.passione500.it\/fr\/fiat-500-fr\/fiat-500-tt-fr\/boite-de-vitesses-et-transmission-tt-fr\/boite-de-vitesses-tt-fr\/support-de-boite-de-vitesses-fiat-500-n-d-f-l-giardiniera\/","title":{"rendered":"Support de Bo\u00eete de Vitesses Fiat 500 N &#8211; D &#8211; F &#8211; L &#8211; Giardiniera"},"content":{"rendered":"<h4>Pour une voiture compl\u00e8te il est n\u00e9cessaire d&rsquo;acheter 1 pi\u00e8ce<\/h4>\n<p>&nbsp;<\/p>\n","protected":false},"excerpt":{"rendered":"<p>Prodotto in offerta fino a maggio.<\/p>\n","protected":false},"featured_media":26737,"template":"","meta":{"_et_pb_use_builder":"","_et_pb_old_content":"","_et_gb_content_width":""},"product_brand":[],"product_cat":[1919,1920,1922,785,2546,1918,770,2534,1893,1894,1895,1897],"product_tag":[],"class_list":{"0":"post-26734","1":"product","2":"type-product","3":"status-publish","4":"has-post-thumbnail","6":"product_cat-boite-de-vitesses-f-fr","7":"product_cat-boite-de-vitesses-l-fr","8":"product_cat-boite-de-vitesses-giard-fr","9":"product_cat-boite-de-vitesses-n-fr","10":"product_cat-boite-de-vitesses-tt-fr","11":"product_cat-boite-de-vitesses-d-fr","12":"product_cat-parties-principaux-et-suspension-moteur-n-fr","13":"product_cat-parties-principaux-et-suspension-moteur-tt-fr","14":"product_cat-parties-principaux-et-suspension-moteur-d-fr","15":"product_cat-parties-principaux-et-suspension-moteur-f-fr","16":"product_cat-parties-principaux-et-suspension-moteur-l-fr","17":"product_cat-parties-principaux-et-suspension-moteur-giard-fr","18":"product_shipping_class-shipping-1-fr","20":"first","21":"instock","22":"taxable","23":"shipping-taxable","24":"purchasable","25":"product-type-simple"},"yoast_head":"<!-- This site is optimized with the Yoast SEO plugin v27.3 - https:\/\/yoast.com\/product\/yoast-seo-wordpress\/ -->\n<title>Support Bo\u00eete Vitesses Fiat 500 - Passione 500<\/title>\n<meta name=\"description\" content=\"Retrouvez sur notre site Support Bo\u00eete Vitesses pour Fiat 500. Plus de 3000 pi\u00e8ces d\u00e9tach\u00e9es disponibles en stock. PROFITEZ DE NOS OFFRES!\" \/>\n<meta name=\"robots\" content=\"noindex, follow, max-snippet:-1, max-image-preview:large, max-video-preview:-1\" \/>\n<meta property=\"og:locale\" content=\"fr_FR\" \/>\n<meta property=\"og:type\" content=\"article\" \/>\n<meta property=\"og:title\" content=\"Support Bo\u00eete Vitesses Fiat 500 - Passione 500\" \/>\n<meta property=\"og:description\" content=\"Retrouvez sur notre site Support Bo\u00eete Vitesses pour Fiat 500. Plus de 3000 pi\u00e8ces d\u00e9tach\u00e9es disponibles en stock. PROFITEZ DE NOS OFFRES!\" \/>\n<meta property=\"og:url\" content=\"https:\/\/staging.passione500.it\/fr\/fiat-500-fr\/fiat-500-tt-fr\/boite-de-vitesses-et-transmission-tt-fr\/boite-de-vitesses-tt-fr\/support-de-boite-de-vitesses-fiat-500-n-d-f-l-giardiniera\/\" \/>\n<meta property=\"og:site_name\" content=\"Passione 500\" \/>\n<meta property=\"article:modified_time\" content=\"2024-12-03T16:54:06+00:00\" \/>\n<meta property=\"og:image\" content=\"https:\/\/passione500.it\/wp-content\/uploads\/2024\/11\/traversa-cambio.jpg\" \/>\n\t<meta property=\"og:image:width\" content=\"2048\" \/>\n\t<meta property=\"og:image:height\" content=\"1536\" \/>\n\t<meta property=\"og:image:type\" content=\"image\/jpeg\" \/>\n<meta name=\"twitter:card\" content=\"summary_large_image\" \/>\n<meta name=\"twitter:label1\" content=\"Dur\u00e9e de lecture estim\u00e9e\" \/>\n\t<meta name=\"twitter:data1\" content=\"1 minute\" \/>\n<script type=\"application\/ld+json\" class=\"yoast-schema-graph\">{\"@context\":\"https:\\\/\\\/schema.org\",\"@graph\":[{\"@type\":\"WebPage\",\"@id\":\"https:\\\/\\\/staging.passione500.it\\\/fr\\\/fiat-500-fr\\\/fiat-500-tt-fr\\\/boite-de-vitesses-et-transmission-tt-fr\\\/boite-de-vitesses-tt-fr\\\/support-de-boite-de-vitesses-fiat-500-n-d-f-l-giardiniera\\\/\",\"url\":\"https:\\\/\\\/staging.passione500.it\\\/fr\\\/fiat-500-fr\\\/fiat-500-tt-fr\\\/boite-de-vitesses-et-transmission-tt-fr\\\/boite-de-vitesses-tt-fr\\\/support-de-boite-de-vitesses-fiat-500-n-d-f-l-giardiniera\\\/\",\"name\":\"Support Bo\u00eete Vitesses Fiat 500 - Passione 500\",\"isPartOf\":{\"@id\":\"https:\\\/\\\/staging.passione500.it\\\/fr\\\/#website\"},\"primaryImageOfPage\":{\"@id\":\"https:\\\/\\\/staging.passione500.it\\\/fr\\\/fiat-500-fr\\\/fiat-500-tt-fr\\\/boite-de-vitesses-et-transmission-tt-fr\\\/boite-de-vitesses-tt-fr\\\/support-de-boite-de-vitesses-fiat-500-n-d-f-l-giardiniera\\\/#primaryimage\"},\"image\":{\"@id\":\"https:\\\/\\\/staging.passione500.it\\\/fr\\\/fiat-500-fr\\\/fiat-500-tt-fr\\\/boite-de-vitesses-et-transmission-tt-fr\\\/boite-de-vitesses-tt-fr\\\/support-de-boite-de-vitesses-fiat-500-n-d-f-l-giardiniera\\\/#primaryimage\"},\"thumbnailUrl\":\"https:\\\/\\\/staging.passione500.it\\\/wp-content\\\/uploads\\\/2024\\\/11\\\/traversa-cambio.jpg\",\"datePublished\":\"2024-11-25T17:49:36+00:00\",\"dateModified\":\"2024-12-03T16:54:06+00:00\",\"description\":\"Retrouvez sur notre site Support Bo\u00eete Vitesses pour Fiat 500. Plus de 3000 pi\u00e8ces d\u00e9tach\u00e9es disponibles en stock. PROFITEZ DE NOS OFFRES!\",\"breadcrumb\":{\"@id\":\"https:\\\/\\\/staging.passione500.it\\\/fr\\\/fiat-500-fr\\\/fiat-500-tt-fr\\\/boite-de-vitesses-et-transmission-tt-fr\\\/boite-de-vitesses-tt-fr\\\/support-de-boite-de-vitesses-fiat-500-n-d-f-l-giardiniera\\\/#breadcrumb\"},\"inLanguage\":\"fr-FR\",\"potentialAction\":[{\"@type\":\"ReadAction\",\"target\":[\"https:\\\/\\\/staging.passione500.it\\\/fr\\\/fiat-500-fr\\\/fiat-500-tt-fr\\\/boite-de-vitesses-et-transmission-tt-fr\\\/boite-de-vitesses-tt-fr\\\/support-de-boite-de-vitesses-fiat-500-n-d-f-l-giardiniera\\\/\"]}]},{\"@type\":\"ImageObject\",\"inLanguage\":\"fr-FR\",\"@id\":\"https:\\\/\\\/staging.passione500.it\\\/fr\\\/fiat-500-fr\\\/fiat-500-tt-fr\\\/boite-de-vitesses-et-transmission-tt-fr\\\/boite-de-vitesses-tt-fr\\\/support-de-boite-de-vitesses-fiat-500-n-d-f-l-giardiniera\\\/#primaryimage\",\"url\":\"https:\\\/\\\/staging.passione500.it\\\/wp-content\\\/uploads\\\/2024\\\/11\\\/traversa-cambio.jpg\",\"contentUrl\":\"https:\\\/\\\/staging.passione500.it\\\/wp-content\\\/uploads\\\/2024\\\/11\\\/traversa-cambio.jpg\",\"width\":2048,\"height\":1536,\"caption\":\"traversa cambio Fiat 500 D F L\"},{\"@type\":\"BreadcrumbList\",\"@id\":\"https:\\\/\\\/staging.passione500.it\\\/fr\\\/fiat-500-fr\\\/fiat-500-tt-fr\\\/boite-de-vitesses-et-transmission-tt-fr\\\/boite-de-vitesses-tt-fr\\\/support-de-boite-de-vitesses-fiat-500-n-d-f-l-giardiniera\\\/#breadcrumb\",\"itemListElement\":[{\"@type\":\"ListItem\",\"position\":1,\"name\":\"Home\",\"item\":\"https:\\\/\\\/passione500.it\\\/fr\\\/\"},{\"@type\":\"ListItem\",\"position\":2,\"name\":\"Fiat 500\",\"item\":\"https:\\\/\\\/staging.passione500.it\\\/fr\\\/fiat-500-fr\\\/\"},{\"@type\":\"ListItem\",\"position\":3,\"name\":\"Fiat 500 Tous les Mod\u00e8les\",\"item\":\"https:\\\/\\\/staging.passione500.it\\\/fr\\\/fiat-500-fr\\\/fiat-500-tt-fr\\\/\"},{\"@type\":\"ListItem\",\"position\":4,\"name\":\"Boite de Vitesses et Transmission\",\"item\":\"https:\\\/\\\/staging.passione500.it\\\/fr\\\/fiat-500-fr\\\/fiat-500-tt-fr\\\/boite-de-vitesses-et-transmission-tt-fr\\\/\"},{\"@type\":\"ListItem\",\"position\":5,\"name\":\"Boite de Vitesses\",\"item\":\"https:\\\/\\\/staging.passione500.it\\\/fr\\\/fiat-500-fr\\\/fiat-500-tt-fr\\\/boite-de-vitesses-et-transmission-tt-fr\\\/boite-de-vitesses-tt-fr\\\/\"},{\"@type\":\"ListItem\",\"position\":6,\"name\":\"Support de Bo\u00eete de Vitesses Fiat 500 N &#8211; D &#8211; F &#8211; L &#8211; Giardiniera\"}]},{\"@type\":\"WebSite\",\"@id\":\"https:\\\/\\\/staging.passione500.it\\\/fr\\\/#website\",\"url\":\"https:\\\/\\\/staging.passione500.it\\\/fr\\\/\",\"name\":\"Passione 500\",\"description\":\"Ricambi Fiat 500 d&#039;Epoca\",\"publisher\":{\"@id\":\"https:\\\/\\\/staging.passione500.it\\\/fr\\\/#organization\"},\"potentialAction\":[{\"@type\":\"SearchAction\",\"target\":{\"@type\":\"EntryPoint\",\"urlTemplate\":\"https:\\\/\\\/staging.passione500.it\\\/fr\\\/?s={search_term_string}\"},\"query-input\":{\"@type\":\"PropertyValueSpecification\",\"valueRequired\":true,\"valueName\":\"search_term_string\"}}],\"inLanguage\":\"fr-FR\"},{\"@type\":\"Organization\",\"@id\":\"https:\\\/\\\/staging.passione500.it\\\/fr\\\/#organization\",\"name\":\"Passione 500\",\"url\":\"https:\\\/\\\/staging.passione500.it\\\/fr\\\/\",\"logo\":{\"@type\":\"ImageObject\",\"inLanguage\":\"fr-FR\",\"@id\":\"https:\\\/\\\/staging.passione500.it\\\/fr\\\/#\\\/schema\\\/logo\\\/image\\\/\",\"url\":\"https:\\\/\\\/staging.passione500.it\\\/wp-content\\\/uploads\\\/2025\\\/12\\\/PASSIONE-LOGO-APPROVATO.png\",\"contentUrl\":\"https:\\\/\\\/staging.passione500.it\\\/wp-content\\\/uploads\\\/2025\\\/12\\\/PASSIONE-LOGO-APPROVATO.png\",\"width\":348,\"height\":125,\"caption\":\"Passione 500\"},\"image\":{\"@id\":\"https:\\\/\\\/staging.passione500.it\\\/fr\\\/#\\\/schema\\\/logo\\\/image\\\/\"}}]}<\/script>\n<!-- \/ Yoast SEO plugin. -->","yoast_head_json":{"title":"Support Bo\u00eete Vitesses Fiat 500 - Passione 500","description":"Retrouvez sur notre site Support Bo\u00eete Vitesses pour Fiat 500. Plus de 3000 pi\u00e8ces d\u00e9tach\u00e9es disponibles en stock. PROFITEZ DE NOS OFFRES!","robots":{"index":"noindex","follow":"follow","max-snippet":"max-snippet:-1","max-image-preview":"max-image-preview:large","max-video-preview":"max-video-preview:-1"},"og_locale":"fr_FR","og_type":"article","og_title":"Support Bo\u00eete Vitesses Fiat 500 - Passione 500","og_description":"Retrouvez sur notre site Support Bo\u00eete Vitesses pour Fiat 500. Plus de 3000 pi\u00e8ces d\u00e9tach\u00e9es disponibles en stock. PROFITEZ DE NOS OFFRES!","og_url":"https:\/\/staging.passione500.it\/fr\/fiat-500-fr\/fiat-500-tt-fr\/boite-de-vitesses-et-transmission-tt-fr\/boite-de-vitesses-tt-fr\/support-de-boite-de-vitesses-fiat-500-n-d-f-l-giardiniera\/","og_site_name":"Passione 500","article_modified_time":"2024-12-03T16:54:06+00:00","og_image":[{"width":2048,"height":1536,"url":"https:\/\/passione500.it\/wp-content\/uploads\/2024\/11\/traversa-cambio.jpg","type":"image\/jpeg"}],"twitter_card":"summary_large_image","twitter_misc":{"Dur\u00e9e de lecture estim\u00e9e":"1 minute"},"schema":{"@context":"https:\/\/schema.org","@graph":[{"@type":"WebPage","@id":"https:\/\/staging.passione500.it\/fr\/fiat-500-fr\/fiat-500-tt-fr\/boite-de-vitesses-et-transmission-tt-fr\/boite-de-vitesses-tt-fr\/support-de-boite-de-vitesses-fiat-500-n-d-f-l-giardiniera\/","url":"https:\/\/staging.passione500.it\/fr\/fiat-500-fr\/fiat-500-tt-fr\/boite-de-vitesses-et-transmission-tt-fr\/boite-de-vitesses-tt-fr\/support-de-boite-de-vitesses-fiat-500-n-d-f-l-giardiniera\/","name":"Support Bo\u00eete Vitesses Fiat 500 - Passione 500","isPartOf":{"@id":"https:\/\/staging.passione500.it\/fr\/#website"},"primaryImageOfPage":{"@id":"https:\/\/staging.passione500.it\/fr\/fiat-500-fr\/fiat-500-tt-fr\/boite-de-vitesses-et-transmission-tt-fr\/boite-de-vitesses-tt-fr\/support-de-boite-de-vitesses-fiat-500-n-d-f-l-giardiniera\/#primaryimage"},"image":{"@id":"https:\/\/staging.passione500.it\/fr\/fiat-500-fr\/fiat-500-tt-fr\/boite-de-vitesses-et-transmission-tt-fr\/boite-de-vitesses-tt-fr\/support-de-boite-de-vitesses-fiat-500-n-d-f-l-giardiniera\/#primaryimage"},"thumbnailUrl":"https:\/\/staging.passione500.it\/wp-content\/uploads\/2024\/11\/traversa-cambio.jpg","datePublished":"2024-11-25T17:49:36+00:00","dateModified":"2024-12-03T16:54:06+00:00","description":"Retrouvez sur notre site Support Bo\u00eete Vitesses pour Fiat 500. Plus de 3000 pi\u00e8ces d\u00e9tach\u00e9es disponibles en stock. PROFITEZ DE NOS OFFRES!","breadcrumb":{"@id":"https:\/\/staging.passione500.it\/fr\/fiat-500-fr\/fiat-500-tt-fr\/boite-de-vitesses-et-transmission-tt-fr\/boite-de-vitesses-tt-fr\/support-de-boite-de-vitesses-fiat-500-n-d-f-l-giardiniera\/#breadcrumb"},"inLanguage":"fr-FR","potentialAction":[{"@type":"ReadAction","target":["https:\/\/staging.passione500.it\/fr\/fiat-500-fr\/fiat-500-tt-fr\/boite-de-vitesses-et-transmission-tt-fr\/boite-de-vitesses-tt-fr\/support-de-boite-de-vitesses-fiat-500-n-d-f-l-giardiniera\/"]}]},{"@type":"ImageObject","inLanguage":"fr-FR","@id":"https:\/\/staging.passione500.it\/fr\/fiat-500-fr\/fiat-500-tt-fr\/boite-de-vitesses-et-transmission-tt-fr\/boite-de-vitesses-tt-fr\/support-de-boite-de-vitesses-fiat-500-n-d-f-l-giardiniera\/#primaryimage","url":"https:\/\/staging.passione500.it\/wp-content\/uploads\/2024\/11\/traversa-cambio.jpg","contentUrl":"https:\/\/staging.passione500.it\/wp-content\/uploads\/2024\/11\/traversa-cambio.jpg","width":2048,"height":1536,"caption":"traversa cambio Fiat 500 D F L"},{"@type":"BreadcrumbList","@id":"https:\/\/staging.passione500.it\/fr\/fiat-500-fr\/fiat-500-tt-fr\/boite-de-vitesses-et-transmission-tt-fr\/boite-de-vitesses-tt-fr\/support-de-boite-de-vitesses-fiat-500-n-d-f-l-giardiniera\/#breadcrumb","itemListElement":[{"@type":"ListItem","position":1,"name":"Home","item":"https:\/\/passione500.it\/fr\/"},{"@type":"ListItem","position":2,"name":"Fiat 500","item":"https:\/\/staging.passione500.it\/fr\/fiat-500-fr\/"},{"@type":"ListItem","position":3,"name":"Fiat 500 Tous les Mod\u00e8les","item":"https:\/\/staging.passione500.it\/fr\/fiat-500-fr\/fiat-500-tt-fr\/"},{"@type":"ListItem","position":4,"name":"Boite de Vitesses et Transmission","item":"https:\/\/staging.passione500.it\/fr\/fiat-500-fr\/fiat-500-tt-fr\/boite-de-vitesses-et-transmission-tt-fr\/"},{"@type":"ListItem","position":5,"name":"Boite de Vitesses","item":"https:\/\/staging.passione500.it\/fr\/fiat-500-fr\/fiat-500-tt-fr\/boite-de-vitesses-et-transmission-tt-fr\/boite-de-vitesses-tt-fr\/"},{"@type":"ListItem","position":6,"name":"Support de Bo\u00eete de Vitesses Fiat 500 N &#8211; D &#8211; F &#8211; L &#8211; Giardiniera"}]},{"@type":"WebSite","@id":"https:\/\/staging.passione500.it\/fr\/#website","url":"https:\/\/staging.passione500.it\/fr\/","name":"Passione 500","description":"Ricambi Fiat 500 d&#039;Epoca","publisher":{"@id":"https:\/\/staging.passione500.it\/fr\/#organization"},"potentialAction":[{"@type":"SearchAction","target":{"@type":"EntryPoint","urlTemplate":"https:\/\/staging.passione500.it\/fr\/?s={search_term_string}"},"query-input":{"@type":"PropertyValueSpecification","valueRequired":true,"valueName":"search_term_string"}}],"inLanguage":"fr-FR"},{"@type":"Organization","@id":"https:\/\/staging.passione500.it\/fr\/#organization","name":"Passione 500","url":"https:\/\/staging.passione500.it\/fr\/","logo":{"@type":"ImageObject","inLanguage":"fr-FR","@id":"https:\/\/staging.passione500.it\/fr\/#\/schema\/logo\/image\/","url":"https:\/\/staging.passione500.it\/wp-content\/uploads\/2025\/12\/PASSIONE-LOGO-APPROVATO.png","contentUrl":"https:\/\/staging.passione500.it\/wp-content\/uploads\/2025\/12\/PASSIONE-LOGO-APPROVATO.png","width":348,"height":125,"caption":"Passione 500"},"image":{"@id":"https:\/\/staging.passione500.it\/fr\/#\/schema\/logo\/image\/"}}]}},"_links":{"self":[{"href":"https:\/\/staging.passione500.it\/fr\/wp-json\/wp\/v2\/product\/26734","targetHints":{"allow":["GET"]}}],"collection":[{"href":"https:\/\/staging.passione500.it\/fr\/wp-json\/wp\/v2\/product"}],"about":[{"href":"https:\/\/staging.passione500.it\/fr\/wp-json\/wp\/v2\/types\/product"}],"wp:featuredmedia":[{"embeddable":true,"href":"https:\/\/staging.passione500.it\/fr\/wp-json\/wp\/v2\/media\/26737"}],"wp:attachment":[{"href":"https:\/\/staging.passione500.it\/fr\/wp-json\/wp\/v2\/media?parent=26734"}],"wp:term":[{"taxonomy":"product_brand","embeddable":true,"href":"https:\/\/staging.passione500.it\/fr\/wp-json\/wp\/v2\/product_brand?post=26734"},{"taxonomy":"product_cat","embeddable":true,"href":"https:\/\/staging.passione500.it\/fr\/wp-json\/wp\/v2\/product_cat?post=26734"},{"taxonomy":"product_tag","embeddable":true,"href":"https:\/\/staging.passione500.it\/fr\/wp-json\/wp\/v2\/product_tag?post=26734"}],"curies":[{"name":"wp","href":"https:\/\/api.w.org\/{rel}","templated":true}]}}