{"id":25464,"date":"2024-11-06T15:24:59","date_gmt":"2024-11-06T14:25:02","guid":{"rendered":"https:\/\/staging.passione500.it\/?post_type=product&#038;p=25464"},"modified":"2024-11-06T15:32:36","modified_gmt":"2024-11-06T14:32:36","slug":"echappement-fiat-500-f-du-n-moteur-1211124-l","status":"publish","type":"product","link":"https:\/\/staging.passione500.it\/fr\/fiat-500-fr\/fiat-500-tt-fr\/pieces-moteur-tt-fr\/systeme-echappement-tt-fr\/echappement-fiat-500-f-du-n-moteur-1211124-l\/","title":{"rendered":"\u00c9chappement Fiat 500 F (du n.\u00b0 moteur 1211124) &#8211; L"},"content":{"rendered":"<h4>Pour une voiture compl\u00e8te il est n\u00e9cessaire d&rsquo;acheter 1 pi\u00e8ce<\/h4>\n<h4>V\u00e9rifiez le \u201cn.\u00b0 de moteur\u201d sur le b\u00e2ti moteur de votre voiture<\/h4>\n<p><img decoding=\"async\" class=\"alignnone size-full wp-image-16586\" src=\"https:\/\/staging.passione500.it\/wp-content\/uploads\/2024\/02\/nr.motore-berlina.jpg\" alt=\"nr.motore-berlina\" width=\"300\" height=\"225\" srcset=\"https:\/\/staging.passione500.it\/wp-content\/uploads\/2024\/02\/nr.motore-berlina.jpg 300w, https:\/\/staging.passione500.it\/wp-content\/uploads\/2024\/02\/nr.motore-berlina-64x48.jpg 64w\" sizes=\"(max-width: 300px) 100vw, 300px\" \/><\/p>\n","protected":false},"excerpt":{"rendered":"<p>Prodotto in offerta fino a maggio.<\/p>\n","protected":false},"featured_media":25467,"template":"","meta":{"_et_pb_use_builder":"","_et_pb_old_content":"","_et_gb_content_width":""},"product_brand":[],"product_cat":[1909,1910,2540],"product_tag":[],"class_list":{"0":"post-25464","1":"product","2":"type-product","3":"status-publish","4":"has-post-thumbnail","6":"product_cat-systeme-echappement-f-fr","7":"product_cat-systeme-echappement-l-fr","8":"product_cat-systeme-echappement-tt-fr","9":"product_shipping_class-shipping-1-fr","11":"first","12":"instock","13":"taxable","14":"shipping-taxable","15":"purchasable","16":"product-type-simple"},"yoast_head":"<!-- This site is optimized with the Yoast SEO plugin v27.3 - https:\/\/yoast.com\/product\/yoast-seo-wordpress\/ -->\n<title>\u00c9chappement Fiat 500 | Passione 500<\/title>\n<meta name=\"description\" content=\"Retrouvez sur notre site \u00c9chappement pour Fiat 500. Plus de 3000 pi\u00e8ces d\u00e9tach\u00e9es disponibles en stock.PROFITEZ DE NOS OFFRES !\" \/>\n<meta name=\"robots\" content=\"noindex, follow, max-snippet:-1, max-image-preview:large, max-video-preview:-1\" \/>\n<meta property=\"og:locale\" content=\"fr_FR\" \/>\n<meta property=\"og:type\" content=\"article\" \/>\n<meta property=\"og:title\" content=\"\u00c9chappement Fiat 500 | Passione 500\" \/>\n<meta property=\"og:description\" content=\"Retrouvez sur notre site \u00c9chappement pour Fiat 500. Plus de 3000 pi\u00e8ces d\u00e9tach\u00e9es disponibles en stock.PROFITEZ DE NOS OFFRES !\" \/>\n<meta property=\"og:url\" content=\"https:\/\/staging.passione500.it\/fr\/fiat-500-fr\/fiat-500-tt-fr\/pieces-moteur-tt-fr\/systeme-echappement-tt-fr\/echappement-fiat-500-f-du-n-moteur-1211124-l\/\" \/>\n<meta property=\"og:site_name\" content=\"Passione 500\" \/>\n<meta property=\"article:modified_time\" content=\"2024-11-06T14:32:36+00:00\" \/>\n<meta property=\"og:image\" content=\"https:\/\/passione500.it\/wp-content\/uploads\/2024\/11\/4146056.jpg\" \/>\n\t<meta property=\"og:image:width\" content=\"2048\" \/>\n\t<meta property=\"og:image:height\" content=\"1536\" \/>\n\t<meta property=\"og:image:type\" content=\"image\/jpeg\" \/>\n<meta name=\"twitter:card\" content=\"summary_large_image\" \/>\n<meta name=\"twitter:label1\" content=\"Dur\u00e9e de lecture estim\u00e9e\" \/>\n\t<meta name=\"twitter:data1\" content=\"1 minute\" \/>\n<script type=\"application\/ld+json\" class=\"yoast-schema-graph\">{\"@context\":\"https:\\\/\\\/schema.org\",\"@graph\":[{\"@type\":\"WebPage\",\"@id\":\"https:\\\/\\\/staging.passione500.it\\\/fr\\\/fiat-500-fr\\\/fiat-500-tt-fr\\\/pieces-moteur-tt-fr\\\/systeme-echappement-tt-fr\\\/echappement-fiat-500-f-du-n-moteur-1211124-l\\\/\",\"url\":\"https:\\\/\\\/staging.passione500.it\\\/fr\\\/fiat-500-fr\\\/fiat-500-tt-fr\\\/pieces-moteur-tt-fr\\\/systeme-echappement-tt-fr\\\/echappement-fiat-500-f-du-n-moteur-1211124-l\\\/\",\"name\":\"\u00c9chappement Fiat 500 | Passione 500\",\"isPartOf\":{\"@id\":\"https:\\\/\\\/staging.passione500.it\\\/fr\\\/#website\"},\"primaryImageOfPage\":{\"@id\":\"https:\\\/\\\/staging.passione500.it\\\/fr\\\/fiat-500-fr\\\/fiat-500-tt-fr\\\/pieces-moteur-tt-fr\\\/systeme-echappement-tt-fr\\\/echappement-fiat-500-f-du-n-moteur-1211124-l\\\/#primaryimage\"},\"image\":{\"@id\":\"https:\\\/\\\/staging.passione500.it\\\/fr\\\/fiat-500-fr\\\/fiat-500-tt-fr\\\/pieces-moteur-tt-fr\\\/systeme-echappement-tt-fr\\\/echappement-fiat-500-f-du-n-moteur-1211124-l\\\/#primaryimage\"},\"thumbnailUrl\":\"https:\\\/\\\/staging.passione500.it\\\/wp-content\\\/uploads\\\/2024\\\/11\\\/4146056.jpg\",\"datePublished\":\"2024-11-06T14:25:02+00:00\",\"dateModified\":\"2024-11-06T14:32:36+00:00\",\"description\":\"Retrouvez sur notre site \u00c9chappement pour Fiat 500. Plus de 3000 pi\u00e8ces d\u00e9tach\u00e9es disponibles en stock.PROFITEZ DE NOS OFFRES !\",\"breadcrumb\":{\"@id\":\"https:\\\/\\\/staging.passione500.it\\\/fr\\\/fiat-500-fr\\\/fiat-500-tt-fr\\\/pieces-moteur-tt-fr\\\/systeme-echappement-tt-fr\\\/echappement-fiat-500-f-du-n-moteur-1211124-l\\\/#breadcrumb\"},\"inLanguage\":\"fr-FR\",\"potentialAction\":[{\"@type\":\"ReadAction\",\"target\":[\"https:\\\/\\\/staging.passione500.it\\\/fr\\\/fiat-500-fr\\\/fiat-500-tt-fr\\\/pieces-moteur-tt-fr\\\/systeme-echappement-tt-fr\\\/echappement-fiat-500-f-du-n-moteur-1211124-l\\\/\"]}]},{\"@type\":\"ImageObject\",\"inLanguage\":\"fr-FR\",\"@id\":\"https:\\\/\\\/staging.passione500.it\\\/fr\\\/fiat-500-fr\\\/fiat-500-tt-fr\\\/pieces-moteur-tt-fr\\\/systeme-echappement-tt-fr\\\/echappement-fiat-500-f-du-n-moteur-1211124-l\\\/#primaryimage\",\"url\":\"https:\\\/\\\/staging.passione500.it\\\/wp-content\\\/uploads\\\/2024\\\/11\\\/4146056.jpg\",\"contentUrl\":\"https:\\\/\\\/staging.passione500.it\\\/wp-content\\\/uploads\\\/2024\\\/11\\\/4146056.jpg\",\"width\":2048,\"height\":1536,\"caption\":\"marmitta Fiat 500 F L\"},{\"@type\":\"BreadcrumbList\",\"@id\":\"https:\\\/\\\/staging.passione500.it\\\/fr\\\/fiat-500-fr\\\/fiat-500-tt-fr\\\/pieces-moteur-tt-fr\\\/systeme-echappement-tt-fr\\\/echappement-fiat-500-f-du-n-moteur-1211124-l\\\/#breadcrumb\",\"itemListElement\":[{\"@type\":\"ListItem\",\"position\":1,\"name\":\"Home\",\"item\":\"https:\\\/\\\/passione500.it\\\/fr\\\/\"},{\"@type\":\"ListItem\",\"position\":2,\"name\":\"Fiat 500\",\"item\":\"https:\\\/\\\/staging.passione500.it\\\/fr\\\/fiat-500-fr\\\/\"},{\"@type\":\"ListItem\",\"position\":3,\"name\":\"Fiat 500 Tous les Mod\u00e8les\",\"item\":\"https:\\\/\\\/staging.passione500.it\\\/fr\\\/fiat-500-fr\\\/fiat-500-tt-fr\\\/\"},{\"@type\":\"ListItem\",\"position\":4,\"name\":\"Pi\u00e8ces Moteur\",\"item\":\"https:\\\/\\\/staging.passione500.it\\\/fr\\\/fiat-500-fr\\\/fiat-500-tt-fr\\\/pieces-moteur-tt-fr\\\/\"},{\"@type\":\"ListItem\",\"position\":5,\"name\":\"Syst\u00e8me \u00c9chappement\",\"item\":\"https:\\\/\\\/staging.passione500.it\\\/fr\\\/fiat-500-fr\\\/fiat-500-tt-fr\\\/pieces-moteur-tt-fr\\\/systeme-echappement-tt-fr\\\/\"},{\"@type\":\"ListItem\",\"position\":6,\"name\":\"\u00c9chappement Fiat 500 F (du n.\u00b0 moteur 1211124) &#8211; L\"}]},{\"@type\":\"WebSite\",\"@id\":\"https:\\\/\\\/staging.passione500.it\\\/fr\\\/#website\",\"url\":\"https:\\\/\\\/staging.passione500.it\\\/fr\\\/\",\"name\":\"Passione 500\",\"description\":\"Ricambi Fiat 500 d&#039;Epoca\",\"publisher\":{\"@id\":\"https:\\\/\\\/staging.passione500.it\\\/fr\\\/#organization\"},\"potentialAction\":[{\"@type\":\"SearchAction\",\"target\":{\"@type\":\"EntryPoint\",\"urlTemplate\":\"https:\\\/\\\/staging.passione500.it\\\/fr\\\/?s={search_term_string}\"},\"query-input\":{\"@type\":\"PropertyValueSpecification\",\"valueRequired\":true,\"valueName\":\"search_term_string\"}}],\"inLanguage\":\"fr-FR\"},{\"@type\":\"Organization\",\"@id\":\"https:\\\/\\\/staging.passione500.it\\\/fr\\\/#organization\",\"name\":\"Passione 500\",\"url\":\"https:\\\/\\\/staging.passione500.it\\\/fr\\\/\",\"logo\":{\"@type\":\"ImageObject\",\"inLanguage\":\"fr-FR\",\"@id\":\"https:\\\/\\\/staging.passione500.it\\\/fr\\\/#\\\/schema\\\/logo\\\/image\\\/\",\"url\":\"https:\\\/\\\/staging.passione500.it\\\/wp-content\\\/uploads\\\/2025\\\/12\\\/PASSIONE-LOGO-APPROVATO.png\",\"contentUrl\":\"https:\\\/\\\/staging.passione500.it\\\/wp-content\\\/uploads\\\/2025\\\/12\\\/PASSIONE-LOGO-APPROVATO.png\",\"width\":348,\"height\":125,\"caption\":\"Passione 500\"},\"image\":{\"@id\":\"https:\\\/\\\/staging.passione500.it\\\/fr\\\/#\\\/schema\\\/logo\\\/image\\\/\"}}]}<\/script>\n<!-- \/ Yoast SEO plugin. -->","yoast_head_json":{"title":"\u00c9chappement Fiat 500 | Passione 500","description":"Retrouvez sur notre site \u00c9chappement pour Fiat 500. Plus de 3000 pi\u00e8ces d\u00e9tach\u00e9es disponibles en stock.PROFITEZ DE NOS OFFRES !","robots":{"index":"noindex","follow":"follow","max-snippet":"max-snippet:-1","max-image-preview":"max-image-preview:large","max-video-preview":"max-video-preview:-1"},"og_locale":"fr_FR","og_type":"article","og_title":"\u00c9chappement Fiat 500 | Passione 500","og_description":"Retrouvez sur notre site \u00c9chappement pour Fiat 500. Plus de 3000 pi\u00e8ces d\u00e9tach\u00e9es disponibles en stock.PROFITEZ DE NOS OFFRES !","og_url":"https:\/\/staging.passione500.it\/fr\/fiat-500-fr\/fiat-500-tt-fr\/pieces-moteur-tt-fr\/systeme-echappement-tt-fr\/echappement-fiat-500-f-du-n-moteur-1211124-l\/","og_site_name":"Passione 500","article_modified_time":"2024-11-06T14:32:36+00:00","og_image":[{"width":2048,"height":1536,"url":"https:\/\/passione500.it\/wp-content\/uploads\/2024\/11\/4146056.jpg","type":"image\/jpeg"}],"twitter_card":"summary_large_image","twitter_misc":{"Dur\u00e9e de lecture estim\u00e9e":"1 minute"},"schema":{"@context":"https:\/\/schema.org","@graph":[{"@type":"WebPage","@id":"https:\/\/staging.passione500.it\/fr\/fiat-500-fr\/fiat-500-tt-fr\/pieces-moteur-tt-fr\/systeme-echappement-tt-fr\/echappement-fiat-500-f-du-n-moteur-1211124-l\/","url":"https:\/\/staging.passione500.it\/fr\/fiat-500-fr\/fiat-500-tt-fr\/pieces-moteur-tt-fr\/systeme-echappement-tt-fr\/echappement-fiat-500-f-du-n-moteur-1211124-l\/","name":"\u00c9chappement Fiat 500 | Passione 500","isPartOf":{"@id":"https:\/\/staging.passione500.it\/fr\/#website"},"primaryImageOfPage":{"@id":"https:\/\/staging.passione500.it\/fr\/fiat-500-fr\/fiat-500-tt-fr\/pieces-moteur-tt-fr\/systeme-echappement-tt-fr\/echappement-fiat-500-f-du-n-moteur-1211124-l\/#primaryimage"},"image":{"@id":"https:\/\/staging.passione500.it\/fr\/fiat-500-fr\/fiat-500-tt-fr\/pieces-moteur-tt-fr\/systeme-echappement-tt-fr\/echappement-fiat-500-f-du-n-moteur-1211124-l\/#primaryimage"},"thumbnailUrl":"https:\/\/staging.passione500.it\/wp-content\/uploads\/2024\/11\/4146056.jpg","datePublished":"2024-11-06T14:25:02+00:00","dateModified":"2024-11-06T14:32:36+00:00","description":"Retrouvez sur notre site \u00c9chappement pour Fiat 500. Plus de 3000 pi\u00e8ces d\u00e9tach\u00e9es disponibles en stock.PROFITEZ DE NOS OFFRES !","breadcrumb":{"@id":"https:\/\/staging.passione500.it\/fr\/fiat-500-fr\/fiat-500-tt-fr\/pieces-moteur-tt-fr\/systeme-echappement-tt-fr\/echappement-fiat-500-f-du-n-moteur-1211124-l\/#breadcrumb"},"inLanguage":"fr-FR","potentialAction":[{"@type":"ReadAction","target":["https:\/\/staging.passione500.it\/fr\/fiat-500-fr\/fiat-500-tt-fr\/pieces-moteur-tt-fr\/systeme-echappement-tt-fr\/echappement-fiat-500-f-du-n-moteur-1211124-l\/"]}]},{"@type":"ImageObject","inLanguage":"fr-FR","@id":"https:\/\/staging.passione500.it\/fr\/fiat-500-fr\/fiat-500-tt-fr\/pieces-moteur-tt-fr\/systeme-echappement-tt-fr\/echappement-fiat-500-f-du-n-moteur-1211124-l\/#primaryimage","url":"https:\/\/staging.passione500.it\/wp-content\/uploads\/2024\/11\/4146056.jpg","contentUrl":"https:\/\/staging.passione500.it\/wp-content\/uploads\/2024\/11\/4146056.jpg","width":2048,"height":1536,"caption":"marmitta Fiat 500 F L"},{"@type":"BreadcrumbList","@id":"https:\/\/staging.passione500.it\/fr\/fiat-500-fr\/fiat-500-tt-fr\/pieces-moteur-tt-fr\/systeme-echappement-tt-fr\/echappement-fiat-500-f-du-n-moteur-1211124-l\/#breadcrumb","itemListElement":[{"@type":"ListItem","position":1,"name":"Home","item":"https:\/\/passione500.it\/fr\/"},{"@type":"ListItem","position":2,"name":"Fiat 500","item":"https:\/\/staging.passione500.it\/fr\/fiat-500-fr\/"},{"@type":"ListItem","position":3,"name":"Fiat 500 Tous les Mod\u00e8les","item":"https:\/\/staging.passione500.it\/fr\/fiat-500-fr\/fiat-500-tt-fr\/"},{"@type":"ListItem","position":4,"name":"Pi\u00e8ces Moteur","item":"https:\/\/staging.passione500.it\/fr\/fiat-500-fr\/fiat-500-tt-fr\/pieces-moteur-tt-fr\/"},{"@type":"ListItem","position":5,"name":"Syst\u00e8me \u00c9chappement","item":"https:\/\/staging.passione500.it\/fr\/fiat-500-fr\/fiat-500-tt-fr\/pieces-moteur-tt-fr\/systeme-echappement-tt-fr\/"},{"@type":"ListItem","position":6,"name":"\u00c9chappement Fiat 500 F (du n.\u00b0 moteur 1211124) &#8211; L"}]},{"@type":"WebSite","@id":"https:\/\/staging.passione500.it\/fr\/#website","url":"https:\/\/staging.passione500.it\/fr\/","name":"Passione 500","description":"Ricambi Fiat 500 d&#039;Epoca","publisher":{"@id":"https:\/\/staging.passione500.it\/fr\/#organization"},"potentialAction":[{"@type":"SearchAction","target":{"@type":"EntryPoint","urlTemplate":"https:\/\/staging.passione500.it\/fr\/?s={search_term_string}"},"query-input":{"@type":"PropertyValueSpecification","valueRequired":true,"valueName":"search_term_string"}}],"inLanguage":"fr-FR"},{"@type":"Organization","@id":"https:\/\/staging.passione500.it\/fr\/#organization","name":"Passione 500","url":"https:\/\/staging.passione500.it\/fr\/","logo":{"@type":"ImageObject","inLanguage":"fr-FR","@id":"https:\/\/staging.passione500.it\/fr\/#\/schema\/logo\/image\/","url":"https:\/\/staging.passione500.it\/wp-content\/uploads\/2025\/12\/PASSIONE-LOGO-APPROVATO.png","contentUrl":"https:\/\/staging.passione500.it\/wp-content\/uploads\/2025\/12\/PASSIONE-LOGO-APPROVATO.png","width":348,"height":125,"caption":"Passione 500"},"image":{"@id":"https:\/\/staging.passione500.it\/fr\/#\/schema\/logo\/image\/"}}]}},"_links":{"self":[{"href":"https:\/\/staging.passione500.it\/fr\/wp-json\/wp\/v2\/product\/25464","targetHints":{"allow":["GET"]}}],"collection":[{"href":"https:\/\/staging.passione500.it\/fr\/wp-json\/wp\/v2\/product"}],"about":[{"href":"https:\/\/staging.passione500.it\/fr\/wp-json\/wp\/v2\/types\/product"}],"wp:featuredmedia":[{"embeddable":true,"href":"https:\/\/staging.passione500.it\/fr\/wp-json\/wp\/v2\/media\/25467"}],"wp:attachment":[{"href":"https:\/\/staging.passione500.it\/fr\/wp-json\/wp\/v2\/media?parent=25464"}],"wp:term":[{"taxonomy":"product_brand","embeddable":true,"href":"https:\/\/staging.passione500.it\/fr\/wp-json\/wp\/v2\/product_brand?post=25464"},{"taxonomy":"product_cat","embeddable":true,"href":"https:\/\/staging.passione500.it\/fr\/wp-json\/wp\/v2\/product_cat?post=25464"},{"taxonomy":"product_tag","embeddable":true,"href":"https:\/\/staging.passione500.it\/fr\/wp-json\/wp\/v2\/product_tag?post=25464"}],"curies":[{"name":"wp","href":"https:\/\/api.w.org\/{rel}","templated":true}]}}