{"id":23558,"date":"2024-10-03T17:10:34","date_gmt":"2024-10-03T15:10:37","guid":{"rendered":"https:\/\/staging.passione500.it\/?post_type=product&#038;p=23558"},"modified":"2024-10-03T17:34:41","modified_gmt":"2024-10-03T15:34:41","slug":"palier-avant-de-vilebrequin-en-acier-sans-mesure-fiat-500-n-du-n-moteur-146091-d-f-l-r-giardiniera","status":"publish","type":"product","link":"https:\/\/staging.passione500.it\/fr\/fiat-500-fr\/fiat-500-tt-fr\/pieces-moteur-tt-fr\/parties-principaux-et-suspension-moteur-tt-fr\/palier-avant-de-vilebrequin-en-acier-sans-mesure-fiat-500-n-du-n-moteur-146091-d-f-l-r-giardiniera\/","title":{"rendered":"Palier Avant de Vilebrequin en Acier &#8211; sans mesure &#8211; Fiat 500 N (du n.\u00b0 moteur 146091) &#8211; D &#8211; F &#8211; L &#8211; R &#8211; Giardiniera"},"content":{"rendered":"<h4>Pour une voiture compl\u00e8te il est n\u00e9cessaire d&rsquo;acheter 1 pi\u00e8ce<\/h4>\n<h4>Le diam\u00e8tre int\u00e9rieur de la douille n&rsquo;est pas d\u00e9fini, elle doit \u00eatre al\u00e9s\u00e9e \u00e0 la dimension du vilebrequin sur lequel elle doit \u00eatre mont\u00e9e<\/h4>\n<h4>V\u00e9rifiez le \u201cn.\u00b0 de moteur\u201d sur le b\u00e2ti moteur de votre voiture<\/h4>\n<p><img decoding=\"async\" class=\"alignnone size-full wp-image-16586\" src=\"https:\/\/staging.passione500.it\/wp-content\/uploads\/2024\/02\/nr.motore-berlina.jpg\" alt=\"nr.motore-berlina\" width=\"300\" height=\"225\" srcset=\"https:\/\/staging.passione500.it\/wp-content\/uploads\/2024\/02\/nr.motore-berlina.jpg 300w, https:\/\/staging.passione500.it\/wp-content\/uploads\/2024\/02\/nr.motore-berlina-64x48.jpg 64w\" sizes=\"(max-width: 300px) 100vw, 300px\" \/><\/p>\n","protected":false},"excerpt":{"rendered":"<p>Prodotto in offerta fino a maggio.<\/p>\n","protected":false},"featured_media":23553,"template":"","meta":{"_et_pb_use_builder":"","_et_pb_old_content":"","_et_gb_content_width":""},"product_brand":[],"product_cat":[770,2534,1893,1894,1895,1896,1897,1975,1976,911,2579,1973,1974,1993],"product_tag":[],"class_list":{"0":"post-23558","1":"product","2":"type-product","3":"status-publish","4":"has-post-thumbnail","6":"product_cat-parties-principaux-et-suspension-moteur-n-fr","7":"product_cat-parties-principaux-et-suspension-moteur-tt-fr","8":"product_cat-parties-principaux-et-suspension-moteur-d-fr","9":"product_cat-parties-principaux-et-suspension-moteur-f-fr","10":"product_cat-parties-principaux-et-suspension-moteur-l-fr","11":"product_cat-parties-principaux-et-suspension-moteur-r-fr","12":"product_cat-parties-principaux-et-suspension-moteur-giard-fr","13":"product_cat-sport-pieces-l-fr","14":"product_cat-sport-pieces-r-fr","15":"product_cat-sport-pieces-n-fr","16":"product_cat-sport-pieces-tt-fr","17":"product_cat-sport-pieces-d-fr","18":"product_cat-sport-pieces-f-fr","19":"product_cat-vis-et-pieces-de-fixation-giard-fr","20":"product_shipping_class-shipping-1-fr","22":"first","23":"instock","24":"taxable","25":"shipping-taxable","26":"purchasable","27":"product-type-simple"},"yoast_head":"<!-- This site is optimized with the Yoast SEO plugin v27.3 - https:\/\/yoast.com\/product\/yoast-seo-wordpress\/ -->\n<title>Palier Vilebrequin Fiat 500 | Passione 500<\/title>\n<meta name=\"description\" content=\"Retrouvez sur notre site Palier Vilebrequin pour Fiat 500. Plus de 3000 pi\u00e8ces d\u00e9tach\u00e9es disponibles en stock.PROFITEZ DE NOS OFFRES ! %\" \/>\n<meta name=\"robots\" content=\"noindex, follow, max-snippet:-1, max-image-preview:large, max-video-preview:-1\" \/>\n<meta property=\"og:locale\" content=\"fr_FR\" \/>\n<meta property=\"og:type\" content=\"article\" \/>\n<meta property=\"og:title\" content=\"Palier Vilebrequin Fiat 500 | Passione 500\" \/>\n<meta property=\"og:description\" content=\"Retrouvez sur notre site Palier Vilebrequin pour Fiat 500. Plus de 3000 pi\u00e8ces d\u00e9tach\u00e9es disponibles en stock.PROFITEZ DE NOS OFFRES ! %\" \/>\n<meta property=\"og:url\" content=\"https:\/\/staging.passione500.it\/fr\/fiat-500-fr\/fiat-500-tt-fr\/pieces-moteur-tt-fr\/parties-principaux-et-suspension-moteur-tt-fr\/palier-avant-de-vilebrequin-en-acier-sans-mesure-fiat-500-n-du-n-moteur-146091-d-f-l-r-giardiniera\/\" \/>\n<meta property=\"og:site_name\" content=\"Passione 500\" \/>\n<meta property=\"article:modified_time\" content=\"2024-10-03T15:34:41+00:00\" \/>\n<meta property=\"og:image\" content=\"https:\/\/passione500.it\/wp-content\/uploads\/2024\/10\/image5256.jpg\" \/>\n\t<meta property=\"og:image:width\" content=\"2048\" \/>\n\t<meta property=\"og:image:height\" content=\"1536\" \/>\n\t<meta property=\"og:image:type\" content=\"image\/jpeg\" \/>\n<meta name=\"twitter:card\" content=\"summary_large_image\" \/>\n<meta name=\"twitter:label1\" content=\"Dur\u00e9e de lecture estim\u00e9e\" \/>\n\t<meta name=\"twitter:data1\" content=\"1 minute\" \/>\n<script type=\"application\/ld+json\" class=\"yoast-schema-graph\">{\"@context\":\"https:\\\/\\\/schema.org\",\"@graph\":[{\"@type\":\"WebPage\",\"@id\":\"https:\\\/\\\/staging.passione500.it\\\/fr\\\/fiat-500-fr\\\/fiat-500-tt-fr\\\/pieces-moteur-tt-fr\\\/parties-principaux-et-suspension-moteur-tt-fr\\\/palier-avant-de-vilebrequin-en-acier-sans-mesure-fiat-500-n-du-n-moteur-146091-d-f-l-r-giardiniera\\\/\",\"url\":\"https:\\\/\\\/staging.passione500.it\\\/fr\\\/fiat-500-fr\\\/fiat-500-tt-fr\\\/pieces-moteur-tt-fr\\\/parties-principaux-et-suspension-moteur-tt-fr\\\/palier-avant-de-vilebrequin-en-acier-sans-mesure-fiat-500-n-du-n-moteur-146091-d-f-l-r-giardiniera\\\/\",\"name\":\"Palier Vilebrequin Fiat 500 | Passione 500\",\"isPartOf\":{\"@id\":\"https:\\\/\\\/staging.passione500.it\\\/fr\\\/#website\"},\"primaryImageOfPage\":{\"@id\":\"https:\\\/\\\/staging.passione500.it\\\/fr\\\/fiat-500-fr\\\/fiat-500-tt-fr\\\/pieces-moteur-tt-fr\\\/parties-principaux-et-suspension-moteur-tt-fr\\\/palier-avant-de-vilebrequin-en-acier-sans-mesure-fiat-500-n-du-n-moteur-146091-d-f-l-r-giardiniera\\\/#primaryimage\"},\"image\":{\"@id\":\"https:\\\/\\\/staging.passione500.it\\\/fr\\\/fiat-500-fr\\\/fiat-500-tt-fr\\\/pieces-moteur-tt-fr\\\/parties-principaux-et-suspension-moteur-tt-fr\\\/palier-avant-de-vilebrequin-en-acier-sans-mesure-fiat-500-n-du-n-moteur-146091-d-f-l-r-giardiniera\\\/#primaryimage\"},\"thumbnailUrl\":\"https:\\\/\\\/staging.passione500.it\\\/wp-content\\\/uploads\\\/2024\\\/10\\\/image5256.jpg\",\"datePublished\":\"2024-10-03T15:10:37+00:00\",\"dateModified\":\"2024-10-03T15:34:41+00:00\",\"description\":\"Retrouvez sur notre site Palier Vilebrequin pour Fiat 500. Plus de 3000 pi\u00e8ces d\u00e9tach\u00e9es disponibles en stock.PROFITEZ DE NOS OFFRES ! %\",\"breadcrumb\":{\"@id\":\"https:\\\/\\\/staging.passione500.it\\\/fr\\\/fiat-500-fr\\\/fiat-500-tt-fr\\\/pieces-moteur-tt-fr\\\/parties-principaux-et-suspension-moteur-tt-fr\\\/palier-avant-de-vilebrequin-en-acier-sans-mesure-fiat-500-n-du-n-moteur-146091-d-f-l-r-giardiniera\\\/#breadcrumb\"},\"inLanguage\":\"fr-FR\",\"potentialAction\":[{\"@type\":\"ReadAction\",\"target\":[\"https:\\\/\\\/staging.passione500.it\\\/fr\\\/fiat-500-fr\\\/fiat-500-tt-fr\\\/pieces-moteur-tt-fr\\\/parties-principaux-et-suspension-moteur-tt-fr\\\/palier-avant-de-vilebrequin-en-acier-sans-mesure-fiat-500-n-du-n-moteur-146091-d-f-l-r-giardiniera\\\/\"]}]},{\"@type\":\"ImageObject\",\"inLanguage\":\"fr-FR\",\"@id\":\"https:\\\/\\\/staging.passione500.it\\\/fr\\\/fiat-500-fr\\\/fiat-500-tt-fr\\\/pieces-moteur-tt-fr\\\/parties-principaux-et-suspension-moteur-tt-fr\\\/palier-avant-de-vilebrequin-en-acier-sans-mesure-fiat-500-n-du-n-moteur-146091-d-f-l-r-giardiniera\\\/#primaryimage\",\"url\":\"https:\\\/\\\/staging.passione500.it\\\/wp-content\\\/uploads\\\/2024\\\/10\\\/image5256.jpg\",\"contentUrl\":\"https:\\\/\\\/staging.passione500.it\\\/wp-content\\\/uploads\\\/2024\\\/10\\\/image5256.jpg\",\"width\":2048,\"height\":1536,\"caption\":\"bronzina anteriore acciaio albero motore fiat 500\"},{\"@type\":\"BreadcrumbList\",\"@id\":\"https:\\\/\\\/staging.passione500.it\\\/fr\\\/fiat-500-fr\\\/fiat-500-tt-fr\\\/pieces-moteur-tt-fr\\\/parties-principaux-et-suspension-moteur-tt-fr\\\/palier-avant-de-vilebrequin-en-acier-sans-mesure-fiat-500-n-du-n-moteur-146091-d-f-l-r-giardiniera\\\/#breadcrumb\",\"itemListElement\":[{\"@type\":\"ListItem\",\"position\":1,\"name\":\"Home\",\"item\":\"https:\\\/\\\/passione500.it\\\/fr\\\/\"},{\"@type\":\"ListItem\",\"position\":2,\"name\":\"Fiat 500\",\"item\":\"https:\\\/\\\/staging.passione500.it\\\/fr\\\/fiat-500-fr\\\/\"},{\"@type\":\"ListItem\",\"position\":3,\"name\":\"Fiat 500 Tous les Mod\u00e8les\",\"item\":\"https:\\\/\\\/staging.passione500.it\\\/fr\\\/fiat-500-fr\\\/fiat-500-tt-fr\\\/\"},{\"@type\":\"ListItem\",\"position\":4,\"name\":\"Pi\u00e8ces Moteur\",\"item\":\"https:\\\/\\\/staging.passione500.it\\\/fr\\\/fiat-500-fr\\\/fiat-500-tt-fr\\\/pieces-moteur-tt-fr\\\/\"},{\"@type\":\"ListItem\",\"position\":5,\"name\":\"Parties Principaux et Suspension Moteur\",\"item\":\"https:\\\/\\\/staging.passione500.it\\\/fr\\\/fiat-500-fr\\\/fiat-500-tt-fr\\\/pieces-moteur-tt-fr\\\/parties-principaux-et-suspension-moteur-tt-fr\\\/\"},{\"@type\":\"ListItem\",\"position\":6,\"name\":\"Palier Avant de Vilebrequin en Acier &#8211; sans mesure &#8211; Fiat 500 N (du n.\u00b0 moteur 146091) &#8211; D &#8211; F &#8211; L &#8211; R &#8211; Giardiniera\"}]},{\"@type\":\"WebSite\",\"@id\":\"https:\\\/\\\/staging.passione500.it\\\/fr\\\/#website\",\"url\":\"https:\\\/\\\/staging.passione500.it\\\/fr\\\/\",\"name\":\"Passione 500\",\"description\":\"Ricambi Fiat 500 d&#039;Epoca\",\"publisher\":{\"@id\":\"https:\\\/\\\/staging.passione500.it\\\/fr\\\/#organization\"},\"potentialAction\":[{\"@type\":\"SearchAction\",\"target\":{\"@type\":\"EntryPoint\",\"urlTemplate\":\"https:\\\/\\\/staging.passione500.it\\\/fr\\\/?s={search_term_string}\"},\"query-input\":{\"@type\":\"PropertyValueSpecification\",\"valueRequired\":true,\"valueName\":\"search_term_string\"}}],\"inLanguage\":\"fr-FR\"},{\"@type\":\"Organization\",\"@id\":\"https:\\\/\\\/staging.passione500.it\\\/fr\\\/#organization\",\"name\":\"Passione 500\",\"url\":\"https:\\\/\\\/staging.passione500.it\\\/fr\\\/\",\"logo\":{\"@type\":\"ImageObject\",\"inLanguage\":\"fr-FR\",\"@id\":\"https:\\\/\\\/staging.passione500.it\\\/fr\\\/#\\\/schema\\\/logo\\\/image\\\/\",\"url\":\"https:\\\/\\\/staging.passione500.it\\\/wp-content\\\/uploads\\\/2025\\\/12\\\/PASSIONE-LOGO-APPROVATO.png\",\"contentUrl\":\"https:\\\/\\\/staging.passione500.it\\\/wp-content\\\/uploads\\\/2025\\\/12\\\/PASSIONE-LOGO-APPROVATO.png\",\"width\":348,\"height\":125,\"caption\":\"Passione 500\"},\"image\":{\"@id\":\"https:\\\/\\\/staging.passione500.it\\\/fr\\\/#\\\/schema\\\/logo\\\/image\\\/\"}}]}<\/script>\n<!-- \/ Yoast SEO plugin. -->","yoast_head_json":{"title":"Palier Vilebrequin Fiat 500 | Passione 500","description":"Retrouvez sur notre site Palier Vilebrequin pour Fiat 500. Plus de 3000 pi\u00e8ces d\u00e9tach\u00e9es disponibles en stock.PROFITEZ DE NOS OFFRES ! %","robots":{"index":"noindex","follow":"follow","max-snippet":"max-snippet:-1","max-image-preview":"max-image-preview:large","max-video-preview":"max-video-preview:-1"},"og_locale":"fr_FR","og_type":"article","og_title":"Palier Vilebrequin Fiat 500 | Passione 500","og_description":"Retrouvez sur notre site Palier Vilebrequin pour Fiat 500. Plus de 3000 pi\u00e8ces d\u00e9tach\u00e9es disponibles en stock.PROFITEZ DE NOS OFFRES ! %","og_url":"https:\/\/staging.passione500.it\/fr\/fiat-500-fr\/fiat-500-tt-fr\/pieces-moteur-tt-fr\/parties-principaux-et-suspension-moteur-tt-fr\/palier-avant-de-vilebrequin-en-acier-sans-mesure-fiat-500-n-du-n-moteur-146091-d-f-l-r-giardiniera\/","og_site_name":"Passione 500","article_modified_time":"2024-10-03T15:34:41+00:00","og_image":[{"width":2048,"height":1536,"url":"https:\/\/passione500.it\/wp-content\/uploads\/2024\/10\/image5256.jpg","type":"image\/jpeg"}],"twitter_card":"summary_large_image","twitter_misc":{"Dur\u00e9e de lecture estim\u00e9e":"1 minute"},"schema":{"@context":"https:\/\/schema.org","@graph":[{"@type":"WebPage","@id":"https:\/\/staging.passione500.it\/fr\/fiat-500-fr\/fiat-500-tt-fr\/pieces-moteur-tt-fr\/parties-principaux-et-suspension-moteur-tt-fr\/palier-avant-de-vilebrequin-en-acier-sans-mesure-fiat-500-n-du-n-moteur-146091-d-f-l-r-giardiniera\/","url":"https:\/\/staging.passione500.it\/fr\/fiat-500-fr\/fiat-500-tt-fr\/pieces-moteur-tt-fr\/parties-principaux-et-suspension-moteur-tt-fr\/palier-avant-de-vilebrequin-en-acier-sans-mesure-fiat-500-n-du-n-moteur-146091-d-f-l-r-giardiniera\/","name":"Palier Vilebrequin Fiat 500 | Passione 500","isPartOf":{"@id":"https:\/\/staging.passione500.it\/fr\/#website"},"primaryImageOfPage":{"@id":"https:\/\/staging.passione500.it\/fr\/fiat-500-fr\/fiat-500-tt-fr\/pieces-moteur-tt-fr\/parties-principaux-et-suspension-moteur-tt-fr\/palier-avant-de-vilebrequin-en-acier-sans-mesure-fiat-500-n-du-n-moteur-146091-d-f-l-r-giardiniera\/#primaryimage"},"image":{"@id":"https:\/\/staging.passione500.it\/fr\/fiat-500-fr\/fiat-500-tt-fr\/pieces-moteur-tt-fr\/parties-principaux-et-suspension-moteur-tt-fr\/palier-avant-de-vilebrequin-en-acier-sans-mesure-fiat-500-n-du-n-moteur-146091-d-f-l-r-giardiniera\/#primaryimage"},"thumbnailUrl":"https:\/\/staging.passione500.it\/wp-content\/uploads\/2024\/10\/image5256.jpg","datePublished":"2024-10-03T15:10:37+00:00","dateModified":"2024-10-03T15:34:41+00:00","description":"Retrouvez sur notre site Palier Vilebrequin pour Fiat 500. Plus de 3000 pi\u00e8ces d\u00e9tach\u00e9es disponibles en stock.PROFITEZ DE NOS OFFRES ! %","breadcrumb":{"@id":"https:\/\/staging.passione500.it\/fr\/fiat-500-fr\/fiat-500-tt-fr\/pieces-moteur-tt-fr\/parties-principaux-et-suspension-moteur-tt-fr\/palier-avant-de-vilebrequin-en-acier-sans-mesure-fiat-500-n-du-n-moteur-146091-d-f-l-r-giardiniera\/#breadcrumb"},"inLanguage":"fr-FR","potentialAction":[{"@type":"ReadAction","target":["https:\/\/staging.passione500.it\/fr\/fiat-500-fr\/fiat-500-tt-fr\/pieces-moteur-tt-fr\/parties-principaux-et-suspension-moteur-tt-fr\/palier-avant-de-vilebrequin-en-acier-sans-mesure-fiat-500-n-du-n-moteur-146091-d-f-l-r-giardiniera\/"]}]},{"@type":"ImageObject","inLanguage":"fr-FR","@id":"https:\/\/staging.passione500.it\/fr\/fiat-500-fr\/fiat-500-tt-fr\/pieces-moteur-tt-fr\/parties-principaux-et-suspension-moteur-tt-fr\/palier-avant-de-vilebrequin-en-acier-sans-mesure-fiat-500-n-du-n-moteur-146091-d-f-l-r-giardiniera\/#primaryimage","url":"https:\/\/staging.passione500.it\/wp-content\/uploads\/2024\/10\/image5256.jpg","contentUrl":"https:\/\/staging.passione500.it\/wp-content\/uploads\/2024\/10\/image5256.jpg","width":2048,"height":1536,"caption":"bronzina anteriore acciaio albero motore fiat 500"},{"@type":"BreadcrumbList","@id":"https:\/\/staging.passione500.it\/fr\/fiat-500-fr\/fiat-500-tt-fr\/pieces-moteur-tt-fr\/parties-principaux-et-suspension-moteur-tt-fr\/palier-avant-de-vilebrequin-en-acier-sans-mesure-fiat-500-n-du-n-moteur-146091-d-f-l-r-giardiniera\/#breadcrumb","itemListElement":[{"@type":"ListItem","position":1,"name":"Home","item":"https:\/\/passione500.it\/fr\/"},{"@type":"ListItem","position":2,"name":"Fiat 500","item":"https:\/\/staging.passione500.it\/fr\/fiat-500-fr\/"},{"@type":"ListItem","position":3,"name":"Fiat 500 Tous les Mod\u00e8les","item":"https:\/\/staging.passione500.it\/fr\/fiat-500-fr\/fiat-500-tt-fr\/"},{"@type":"ListItem","position":4,"name":"Pi\u00e8ces Moteur","item":"https:\/\/staging.passione500.it\/fr\/fiat-500-fr\/fiat-500-tt-fr\/pieces-moteur-tt-fr\/"},{"@type":"ListItem","position":5,"name":"Parties Principaux et Suspension Moteur","item":"https:\/\/staging.passione500.it\/fr\/fiat-500-fr\/fiat-500-tt-fr\/pieces-moteur-tt-fr\/parties-principaux-et-suspension-moteur-tt-fr\/"},{"@type":"ListItem","position":6,"name":"Palier Avant de Vilebrequin en Acier &#8211; sans mesure &#8211; Fiat 500 N (du n.\u00b0 moteur 146091) &#8211; D &#8211; F &#8211; L &#8211; R &#8211; Giardiniera"}]},{"@type":"WebSite","@id":"https:\/\/staging.passione500.it\/fr\/#website","url":"https:\/\/staging.passione500.it\/fr\/","name":"Passione 500","description":"Ricambi Fiat 500 d&#039;Epoca","publisher":{"@id":"https:\/\/staging.passione500.it\/fr\/#organization"},"potentialAction":[{"@type":"SearchAction","target":{"@type":"EntryPoint","urlTemplate":"https:\/\/staging.passione500.it\/fr\/?s={search_term_string}"},"query-input":{"@type":"PropertyValueSpecification","valueRequired":true,"valueName":"search_term_string"}}],"inLanguage":"fr-FR"},{"@type":"Organization","@id":"https:\/\/staging.passione500.it\/fr\/#organization","name":"Passione 500","url":"https:\/\/staging.passione500.it\/fr\/","logo":{"@type":"ImageObject","inLanguage":"fr-FR","@id":"https:\/\/staging.passione500.it\/fr\/#\/schema\/logo\/image\/","url":"https:\/\/staging.passione500.it\/wp-content\/uploads\/2025\/12\/PASSIONE-LOGO-APPROVATO.png","contentUrl":"https:\/\/staging.passione500.it\/wp-content\/uploads\/2025\/12\/PASSIONE-LOGO-APPROVATO.png","width":348,"height":125,"caption":"Passione 500"},"image":{"@id":"https:\/\/staging.passione500.it\/fr\/#\/schema\/logo\/image\/"}}]}},"_links":{"self":[{"href":"https:\/\/staging.passione500.it\/fr\/wp-json\/wp\/v2\/product\/23558","targetHints":{"allow":["GET"]}}],"collection":[{"href":"https:\/\/staging.passione500.it\/fr\/wp-json\/wp\/v2\/product"}],"about":[{"href":"https:\/\/staging.passione500.it\/fr\/wp-json\/wp\/v2\/types\/product"}],"wp:featuredmedia":[{"embeddable":true,"href":"https:\/\/staging.passione500.it\/fr\/wp-json\/wp\/v2\/media\/23553"}],"wp:attachment":[{"href":"https:\/\/staging.passione500.it\/fr\/wp-json\/wp\/v2\/media?parent=23558"}],"wp:term":[{"taxonomy":"product_brand","embeddable":true,"href":"https:\/\/staging.passione500.it\/fr\/wp-json\/wp\/v2\/product_brand?post=23558"},{"taxonomy":"product_cat","embeddable":true,"href":"https:\/\/staging.passione500.it\/fr\/wp-json\/wp\/v2\/product_cat?post=23558"},{"taxonomy":"product_tag","embeddable":true,"href":"https:\/\/staging.passione500.it\/fr\/wp-json\/wp\/v2\/product_tag?post=23558"}],"curies":[{"name":"wp","href":"https:\/\/api.w.org\/{rel}","templated":true}]}}