{"id":19309,"date":"2024-06-26T17:16:58","date_gmt":"2024-06-26T15:17:01","guid":{"rendered":"https:\/\/staging.passione500.it\/?post_type=product&#038;p=19309"},"modified":"2024-06-27T16:39:27","modified_gmt":"2024-06-27T14:39:27","slug":"caoutchouc-de-cables-ou-tube-fixation-trou-o-14-16-mm-fiat-500","status":"publish","type":"product","link":"https:\/\/staging.passione500.it\/fr\/fiat-500-fr\/fiat-500-n-fr\/carrosserie-n-fr\/partie-avant-carrosserie-n-fr\/caoutchouc-de-cables-ou-tube-fixation-trou-o-14-16-mm-fiat-500\/","title":{"rendered":"Caoutchouc de C\u00e2bles ou Tube &#8211; Fixation Trou \u00d8 14\/16 mm &#8211; Fiat 500"},"content":{"rendered":"<h4>Pour une voiture compl\u00e8te il est n\u00e9cessaire d\u2019acheter 5\/10 pi\u00e8ces<\/h4>\n","protected":false},"excerpt":{"rendered":"<p>Prodotto in offerta fino a maggio.<\/p>\n","protected":false},"featured_media":19328,"template":"","meta":{"_et_pb_use_builder":"","_et_pb_old_content":"","_et_gb_content_width":""},"product_brand":[],"product_cat":[2567,887,830,834,2402,836,1953,638,839,1954,842,1955,1956,1957,867,1485,1960,2570,1488,1961,902,1491,1962,1494,2405,2492,1362,641,2507,1365,697,854,1368,714,858,1371,861,1374,1958,864,1482,1959,2573,905,1963,1964,1965,1966,1967,1858,1859,2513,1860,720,1861,1862,1899,773,1900,1901,1902,1898,2537,1863,1864,1865,1866,1867,2516,724,749,1868,1869,1870,1871,1872,2519,1970,1971,1972,2576,908,1968,1969],"product_tag":[],"class_list":{"0":"post-19309","1":"product","2":"type-product","3":"status-publish","4":"has-post-thumbnail","6":"product_cat-pieces-hydrauliques-de-freinage-tt-fr","7":"product_cat-pieces-hydrauliques-de-freinage-n-fr","8":"product_cat-partie-avant-carrosserie-d-fr","9":"product_cat-partie-avant-carrosserie-f-fr","10":"product_cat-partie-avant-tt-fr","11":"product_cat-partie-avant-carrosserie-l-fr","12":"product_cat-pieces-hydrauliques-de-freinage-d-fr","13":"product_cat-partie-avant-carrosserie-n-fr","14":"product_cat-partie-avant-carrosserie-r-fr","15":"product_cat-pieces-hydrauliques-de-freinage-f-fr","16":"product_cat-partie-avant-carrosserie-giardiniera-fr","17":"product_cat-pieces-hydrauliques-de-freinage-l-fr","18":"product_cat-pieces-hydrauliques-de-freinage-r-fr","19":"product_cat-pieces-hydrauliques-de-freinage-giard-fr","20":"product_cat-partie-arriere-carrosserie-giardiniera-fr","21":"product_cat-demarreur-et-particulier-systeme-electrique-f-fr","22":"product_cat-freinage-avant-l-fr","23":"product_cat-freinage-avant-tt-fr","24":"product_cat-demarreur-et-particulier-systeme-electrique-l-fr","25":"product_cat-freinage-avant-r-fr","26":"product_cat-freinage-avant-n-fr","27":"product_cat-demarreur-et-particulier-systeme-electrique-r-fr","28":"product_cat-freinage-avant-giard-fr","29":"product_cat-demarreur-et-particulier-systeme-electrique-giardiniera-fr","30":"product_cat-partie-arriere-tt-fr","31":"product_cat-arriere-lumieres-tt-fr","32":"product_cat-arriere-lumieres-lumieres-et-ampoules-d-fr","33":"product_cat-partie-arriere-carrosserie-n-fr","34":"product_cat-demarreur-et-particulier-tt-fr","35":"product_cat-arriere-lumieres-lumieres-et-ampoules-f-fr","36":"product_cat-arriere-lumieres-lumieres-et-ampoules-n-fr","37":"product_cat-partie-arriere-carrosserie-d-fr","38":"product_cat-arriere-lumieres-lumieres-et-ampoules-l-fr","39":"product_cat-demarreur-et-particulier-systeme-electrique-n-fr","40":"product_cat-partie-arriere-carrosserie-f-fr","41":"product_cat-arriere-lumieres-lumieres-et-ampoules-r-fr","42":"product_cat-partie-arriere-carrosserie-l-fr","43":"product_cat-arriere-lumieres-lumieres-et-ampoules-giardiniera-fr","44":"product_cat-freinage-avant-d-fr","45":"product_cat-partie-arriere-carrosserie-r-fr","46":"product_cat-demarreur-et-particulier-systeme-electrique-d-fr","47":"product_cat-freinage-avant-f-fr","48":"product_cat-freinage-arriere-tt-fr","49":"product_cat-freinage-arriere-n-fr","50":"product_cat-freinage-arriere-d-fr","51":"product_cat-freinage-arriere-f-fr","52":"product_cat-freinage-arriere-l-fr","53":"product_cat-freinage-arriere-r-fr","54":"product_cat-freinage-arriere-giard-fr","55":"product_cat-systeme-electrique-diverses-d-fr","56":"product_cat-systeme-electrique-diverses-f-fr","57":"product_cat-systemes-electrique-diverses-tt-fr","58":"product_cat-systeme-electrique-diverses-l-fr","59":"product_cat-systeme-electrique-diverses-n-fr","60":"product_cat-systeme-electrique-diverses-r-fr","61":"product_cat-systeme-electrique-diverses-giard-fr","62":"product_cat-systeme-essence-et-carburateur-f-fr","63":"product_cat-systeme-essence-et-carburateur-n-fr","64":"product_cat-systeme-essence-et-carburateur-l-fr","65":"product_cat-systeme-essence-et-carburateur-r-fr","66":"product_cat-systeme-essence-et-carburateur-giard-fr","67":"product_cat-systeme-essence-et-carburateur-d-fr","68":"product_cat-systeme-essence-et-carburateur-tt-fr","69":"product_cat-systeme-lave-glace-d-fr","70":"product_cat-systeme-lave-glace-f-fr","71":"product_cat-systeme-lave-glace-l-fr","72":"product_cat-systeme-lave-glace-r-fr","73":"product_cat-systeme-lave-glace-giard-fr","74":"product_cat-systeme-lave-glace-tt-fr","75":"product_cat-systeme-lave-glace-n-fr","76":"product_cat-particulier-en-caoutchouc-n-fr","77":"product_cat-particulier-en-caoutchouc-d-fr","78":"product_cat-particulier-en-caoutchouc-f-fr","79":"product_cat-particulier-en-caoutchouc-l-fr","80":"product_cat-particulier-en-caoutchouc-r-fr","81":"product_cat-particulier-en-caoutchouc-giard-fr","82":"product_cat-particulier-en-caoutchouc-tt-fr","83":"product_cat-cable-et-particulier-l-fr","84":"product_cat-cable-et-particulier-r-fr","85":"product_cat-cable-et-particulier-giard-fr","86":"product_cat-cable-et-particulier-tt-fr","87":"product_cat-cable-et-particulier-n-fr","88":"product_cat-cable-et-particulier-d-fr","89":"product_cat-cable-et-particulier-f-fr","90":"product_shipping_class-shipping-1-fr","92":"first","93":"instock","94":"taxable","95":"shipping-taxable","96":"purchasable","97":"product-type-simple"},"yoast_head":"<!-- This site is optimized with the Yoast SEO plugin v27.3 - https:\/\/yoast.com\/product\/yoast-seo-wordpress\/ -->\n<title>Caoutchouc C\u00e2bles Tube Fiat 500 | Passione 500<\/title>\n<meta name=\"description\" content=\"Retrouvez sur notre site Caoutchouc C\u00e2bles Tube pour Fiat 500. Plus de 3000 pi\u00e8ces d\u00e9tach\u00e9es disponibles en stock.PROFITEZ DE NOS OFFRES ! %\" \/>\n<meta name=\"robots\" content=\"noindex, follow, max-snippet:-1, max-image-preview:large, max-video-preview:-1\" \/>\n<meta property=\"og:locale\" content=\"fr_FR\" \/>\n<meta property=\"og:type\" content=\"article\" \/>\n<meta property=\"og:title\" content=\"Caoutchouc C\u00e2bles Tube Fiat 500 | Passione 500\" \/>\n<meta property=\"og:description\" content=\"Retrouvez sur notre site Caoutchouc C\u00e2bles Tube pour Fiat 500. Plus de 3000 pi\u00e8ces d\u00e9tach\u00e9es disponibles en stock.PROFITEZ DE NOS OFFRES ! %\" \/>\n<meta property=\"og:url\" content=\"https:\/\/staging.passione500.it\/fr\/fiat-500-fr\/fiat-500-n-fr\/carrosserie-n-fr\/partie-avant-carrosserie-n-fr\/caoutchouc-de-cables-ou-tube-fixation-trou-o-14-16-mm-fiat-500\/\" \/>\n<meta property=\"og:site_name\" content=\"Passione 500\" \/>\n<meta property=\"article:modified_time\" content=\"2024-06-27T14:39:27+00:00\" \/>\n<meta property=\"og:image\" content=\"https:\/\/passione500.it\/wp-content\/uploads\/2024\/06\/passacavo-tipo-1-1.jpg\" \/>\n\t<meta property=\"og:image:width\" content=\"2048\" \/>\n\t<meta property=\"og:image:height\" content=\"1536\" \/>\n\t<meta property=\"og:image:type\" content=\"image\/jpeg\" \/>\n<meta name=\"twitter:card\" content=\"summary_large_image\" \/>\n<meta name=\"twitter:label1\" content=\"Dur\u00e9e de lecture estim\u00e9e\" \/>\n\t<meta name=\"twitter:data1\" content=\"1 minute\" \/>\n<script type=\"application\/ld+json\" class=\"yoast-schema-graph\">{\"@context\":\"https:\\\/\\\/schema.org\",\"@graph\":[{\"@type\":\"WebPage\",\"@id\":\"https:\\\/\\\/staging.passione500.it\\\/fr\\\/fiat-500-fr\\\/fiat-500-n-fr\\\/carrosserie-n-fr\\\/partie-avant-carrosserie-n-fr\\\/caoutchouc-de-cables-ou-tube-fixation-trou-o-14-16-mm-fiat-500\\\/\",\"url\":\"https:\\\/\\\/staging.passione500.it\\\/fr\\\/fiat-500-fr\\\/fiat-500-n-fr\\\/carrosserie-n-fr\\\/partie-avant-carrosserie-n-fr\\\/caoutchouc-de-cables-ou-tube-fixation-trou-o-14-16-mm-fiat-500\\\/\",\"name\":\"Caoutchouc C\u00e2bles Tube Fiat 500 | Passione 500\",\"isPartOf\":{\"@id\":\"https:\\\/\\\/staging.passione500.it\\\/fr\\\/#website\"},\"primaryImageOfPage\":{\"@id\":\"https:\\\/\\\/staging.passione500.it\\\/fr\\\/fiat-500-fr\\\/fiat-500-n-fr\\\/carrosserie-n-fr\\\/partie-avant-carrosserie-n-fr\\\/caoutchouc-de-cables-ou-tube-fixation-trou-o-14-16-mm-fiat-500\\\/#primaryimage\"},\"image\":{\"@id\":\"https:\\\/\\\/staging.passione500.it\\\/fr\\\/fiat-500-fr\\\/fiat-500-n-fr\\\/carrosserie-n-fr\\\/partie-avant-carrosserie-n-fr\\\/caoutchouc-de-cables-ou-tube-fixation-trou-o-14-16-mm-fiat-500\\\/#primaryimage\"},\"thumbnailUrl\":\"https:\\\/\\\/staging.passione500.it\\\/wp-content\\\/uploads\\\/2024\\\/06\\\/passacavo-tipo-1-1.jpg\",\"datePublished\":\"2024-06-26T15:17:01+00:00\",\"dateModified\":\"2024-06-27T14:39:27+00:00\",\"description\":\"Retrouvez sur notre site Caoutchouc C\u00e2bles Tube pour Fiat 500. Plus de 3000 pi\u00e8ces d\u00e9tach\u00e9es disponibles en stock.PROFITEZ DE NOS OFFRES ! %\",\"breadcrumb\":{\"@id\":\"https:\\\/\\\/staging.passione500.it\\\/fr\\\/fiat-500-fr\\\/fiat-500-n-fr\\\/carrosserie-n-fr\\\/partie-avant-carrosserie-n-fr\\\/caoutchouc-de-cables-ou-tube-fixation-trou-o-14-16-mm-fiat-500\\\/#breadcrumb\"},\"inLanguage\":\"fr-FR\",\"potentialAction\":[{\"@type\":\"ReadAction\",\"target\":[\"https:\\\/\\\/staging.passione500.it\\\/fr\\\/fiat-500-fr\\\/fiat-500-n-fr\\\/carrosserie-n-fr\\\/partie-avant-carrosserie-n-fr\\\/caoutchouc-de-cables-ou-tube-fixation-trou-o-14-16-mm-fiat-500\\\/\"]}]},{\"@type\":\"ImageObject\",\"inLanguage\":\"fr-FR\",\"@id\":\"https:\\\/\\\/staging.passione500.it\\\/fr\\\/fiat-500-fr\\\/fiat-500-n-fr\\\/carrosserie-n-fr\\\/partie-avant-carrosserie-n-fr\\\/caoutchouc-de-cables-ou-tube-fixation-trou-o-14-16-mm-fiat-500\\\/#primaryimage\",\"url\":\"https:\\\/\\\/staging.passione500.it\\\/wp-content\\\/uploads\\\/2024\\\/06\\\/passacavo-tipo-1-1.jpg\",\"contentUrl\":\"https:\\\/\\\/staging.passione500.it\\\/wp-content\\\/uploads\\\/2024\\\/06\\\/passacavo-tipo-1-1.jpg\",\"width\":2048,\"height\":1536,\"caption\":\"gommino passacavo 15 mm Fiat 500\"},{\"@type\":\"BreadcrumbList\",\"@id\":\"https:\\\/\\\/staging.passione500.it\\\/fr\\\/fiat-500-fr\\\/fiat-500-n-fr\\\/carrosserie-n-fr\\\/partie-avant-carrosserie-n-fr\\\/caoutchouc-de-cables-ou-tube-fixation-trou-o-14-16-mm-fiat-500\\\/#breadcrumb\",\"itemListElement\":[{\"@type\":\"ListItem\",\"position\":1,\"name\":\"Home\",\"item\":\"https:\\\/\\\/passione500.it\\\/fr\\\/\"},{\"@type\":\"ListItem\",\"position\":2,\"name\":\"Fiat 500\",\"item\":\"https:\\\/\\\/staging.passione500.it\\\/fr\\\/fiat-500-fr\\\/\"},{\"@type\":\"ListItem\",\"position\":3,\"name\":\"Fiat 500 N\",\"item\":\"https:\\\/\\\/staging.passione500.it\\\/fr\\\/fiat-500-fr\\\/fiat-500-n-fr\\\/\"},{\"@type\":\"ListItem\",\"position\":4,\"name\":\"Carrosserie\",\"item\":\"https:\\\/\\\/staging.passione500.it\\\/fr\\\/fiat-500-fr\\\/fiat-500-n-fr\\\/carrosserie-n-fr\\\/\"},{\"@type\":\"ListItem\",\"position\":5,\"name\":\"Partie avant\",\"item\":\"https:\\\/\\\/staging.passione500.it\\\/fr\\\/fiat-500-fr\\\/fiat-500-n-fr\\\/carrosserie-n-fr\\\/partie-avant-carrosserie-n-fr\\\/\"},{\"@type\":\"ListItem\",\"position\":6,\"name\":\"Caoutchouc de C\u00e2bles ou Tube &#8211; Fixation Trou \u00d8 14\\\/16 mm &#8211; Fiat 500\"}]},{\"@type\":\"WebSite\",\"@id\":\"https:\\\/\\\/staging.passione500.it\\\/fr\\\/#website\",\"url\":\"https:\\\/\\\/staging.passione500.it\\\/fr\\\/\",\"name\":\"Passione 500\",\"description\":\"Ricambi Fiat 500 d&#039;Epoca\",\"publisher\":{\"@id\":\"https:\\\/\\\/staging.passione500.it\\\/fr\\\/#organization\"},\"potentialAction\":[{\"@type\":\"SearchAction\",\"target\":{\"@type\":\"EntryPoint\",\"urlTemplate\":\"https:\\\/\\\/staging.passione500.it\\\/fr\\\/?s={search_term_string}\"},\"query-input\":{\"@type\":\"PropertyValueSpecification\",\"valueRequired\":true,\"valueName\":\"search_term_string\"}}],\"inLanguage\":\"fr-FR\"},{\"@type\":\"Organization\",\"@id\":\"https:\\\/\\\/staging.passione500.it\\\/fr\\\/#organization\",\"name\":\"Passione 500\",\"url\":\"https:\\\/\\\/staging.passione500.it\\\/fr\\\/\",\"logo\":{\"@type\":\"ImageObject\",\"inLanguage\":\"fr-FR\",\"@id\":\"https:\\\/\\\/staging.passione500.it\\\/fr\\\/#\\\/schema\\\/logo\\\/image\\\/\",\"url\":\"https:\\\/\\\/staging.passione500.it\\\/wp-content\\\/uploads\\\/2025\\\/12\\\/PASSIONE-LOGO-APPROVATO.png\",\"contentUrl\":\"https:\\\/\\\/staging.passione500.it\\\/wp-content\\\/uploads\\\/2025\\\/12\\\/PASSIONE-LOGO-APPROVATO.png\",\"width\":348,\"height\":125,\"caption\":\"Passione 500\"},\"image\":{\"@id\":\"https:\\\/\\\/staging.passione500.it\\\/fr\\\/#\\\/schema\\\/logo\\\/image\\\/\"}}]}<\/script>\n<!-- \/ Yoast SEO plugin. -->","yoast_head_json":{"title":"Caoutchouc C\u00e2bles Tube Fiat 500 | Passione 500","description":"Retrouvez sur notre site Caoutchouc C\u00e2bles Tube pour Fiat 500. Plus de 3000 pi\u00e8ces d\u00e9tach\u00e9es disponibles en stock.PROFITEZ DE NOS OFFRES ! %","robots":{"index":"noindex","follow":"follow","max-snippet":"max-snippet:-1","max-image-preview":"max-image-preview:large","max-video-preview":"max-video-preview:-1"},"og_locale":"fr_FR","og_type":"article","og_title":"Caoutchouc C\u00e2bles Tube Fiat 500 | Passione 500","og_description":"Retrouvez sur notre site Caoutchouc C\u00e2bles Tube pour Fiat 500. Plus de 3000 pi\u00e8ces d\u00e9tach\u00e9es disponibles en stock.PROFITEZ DE NOS OFFRES ! %","og_url":"https:\/\/staging.passione500.it\/fr\/fiat-500-fr\/fiat-500-n-fr\/carrosserie-n-fr\/partie-avant-carrosserie-n-fr\/caoutchouc-de-cables-ou-tube-fixation-trou-o-14-16-mm-fiat-500\/","og_site_name":"Passione 500","article_modified_time":"2024-06-27T14:39:27+00:00","og_image":[{"width":2048,"height":1536,"url":"https:\/\/passione500.it\/wp-content\/uploads\/2024\/06\/passacavo-tipo-1-1.jpg","type":"image\/jpeg"}],"twitter_card":"summary_large_image","twitter_misc":{"Dur\u00e9e de lecture estim\u00e9e":"1 minute"},"schema":{"@context":"https:\/\/schema.org","@graph":[{"@type":"WebPage","@id":"https:\/\/staging.passione500.it\/fr\/fiat-500-fr\/fiat-500-n-fr\/carrosserie-n-fr\/partie-avant-carrosserie-n-fr\/caoutchouc-de-cables-ou-tube-fixation-trou-o-14-16-mm-fiat-500\/","url":"https:\/\/staging.passione500.it\/fr\/fiat-500-fr\/fiat-500-n-fr\/carrosserie-n-fr\/partie-avant-carrosserie-n-fr\/caoutchouc-de-cables-ou-tube-fixation-trou-o-14-16-mm-fiat-500\/","name":"Caoutchouc C\u00e2bles Tube Fiat 500 | Passione 500","isPartOf":{"@id":"https:\/\/staging.passione500.it\/fr\/#website"},"primaryImageOfPage":{"@id":"https:\/\/staging.passione500.it\/fr\/fiat-500-fr\/fiat-500-n-fr\/carrosserie-n-fr\/partie-avant-carrosserie-n-fr\/caoutchouc-de-cables-ou-tube-fixation-trou-o-14-16-mm-fiat-500\/#primaryimage"},"image":{"@id":"https:\/\/staging.passione500.it\/fr\/fiat-500-fr\/fiat-500-n-fr\/carrosserie-n-fr\/partie-avant-carrosserie-n-fr\/caoutchouc-de-cables-ou-tube-fixation-trou-o-14-16-mm-fiat-500\/#primaryimage"},"thumbnailUrl":"https:\/\/staging.passione500.it\/wp-content\/uploads\/2024\/06\/passacavo-tipo-1-1.jpg","datePublished":"2024-06-26T15:17:01+00:00","dateModified":"2024-06-27T14:39:27+00:00","description":"Retrouvez sur notre site Caoutchouc C\u00e2bles Tube pour Fiat 500. Plus de 3000 pi\u00e8ces d\u00e9tach\u00e9es disponibles en stock.PROFITEZ DE NOS OFFRES ! %","breadcrumb":{"@id":"https:\/\/staging.passione500.it\/fr\/fiat-500-fr\/fiat-500-n-fr\/carrosserie-n-fr\/partie-avant-carrosserie-n-fr\/caoutchouc-de-cables-ou-tube-fixation-trou-o-14-16-mm-fiat-500\/#breadcrumb"},"inLanguage":"fr-FR","potentialAction":[{"@type":"ReadAction","target":["https:\/\/staging.passione500.it\/fr\/fiat-500-fr\/fiat-500-n-fr\/carrosserie-n-fr\/partie-avant-carrosserie-n-fr\/caoutchouc-de-cables-ou-tube-fixation-trou-o-14-16-mm-fiat-500\/"]}]},{"@type":"ImageObject","inLanguage":"fr-FR","@id":"https:\/\/staging.passione500.it\/fr\/fiat-500-fr\/fiat-500-n-fr\/carrosserie-n-fr\/partie-avant-carrosserie-n-fr\/caoutchouc-de-cables-ou-tube-fixation-trou-o-14-16-mm-fiat-500\/#primaryimage","url":"https:\/\/staging.passione500.it\/wp-content\/uploads\/2024\/06\/passacavo-tipo-1-1.jpg","contentUrl":"https:\/\/staging.passione500.it\/wp-content\/uploads\/2024\/06\/passacavo-tipo-1-1.jpg","width":2048,"height":1536,"caption":"gommino passacavo 15 mm Fiat 500"},{"@type":"BreadcrumbList","@id":"https:\/\/staging.passione500.it\/fr\/fiat-500-fr\/fiat-500-n-fr\/carrosserie-n-fr\/partie-avant-carrosserie-n-fr\/caoutchouc-de-cables-ou-tube-fixation-trou-o-14-16-mm-fiat-500\/#breadcrumb","itemListElement":[{"@type":"ListItem","position":1,"name":"Home","item":"https:\/\/passione500.it\/fr\/"},{"@type":"ListItem","position":2,"name":"Fiat 500","item":"https:\/\/staging.passione500.it\/fr\/fiat-500-fr\/"},{"@type":"ListItem","position":3,"name":"Fiat 500 N","item":"https:\/\/staging.passione500.it\/fr\/fiat-500-fr\/fiat-500-n-fr\/"},{"@type":"ListItem","position":4,"name":"Carrosserie","item":"https:\/\/staging.passione500.it\/fr\/fiat-500-fr\/fiat-500-n-fr\/carrosserie-n-fr\/"},{"@type":"ListItem","position":5,"name":"Partie avant","item":"https:\/\/staging.passione500.it\/fr\/fiat-500-fr\/fiat-500-n-fr\/carrosserie-n-fr\/partie-avant-carrosserie-n-fr\/"},{"@type":"ListItem","position":6,"name":"Caoutchouc de C\u00e2bles ou Tube &#8211; Fixation Trou \u00d8 14\/16 mm &#8211; Fiat 500"}]},{"@type":"WebSite","@id":"https:\/\/staging.passione500.it\/fr\/#website","url":"https:\/\/staging.passione500.it\/fr\/","name":"Passione 500","description":"Ricambi Fiat 500 d&#039;Epoca","publisher":{"@id":"https:\/\/staging.passione500.it\/fr\/#organization"},"potentialAction":[{"@type":"SearchAction","target":{"@type":"EntryPoint","urlTemplate":"https:\/\/staging.passione500.it\/fr\/?s={search_term_string}"},"query-input":{"@type":"PropertyValueSpecification","valueRequired":true,"valueName":"search_term_string"}}],"inLanguage":"fr-FR"},{"@type":"Organization","@id":"https:\/\/staging.passione500.it\/fr\/#organization","name":"Passione 500","url":"https:\/\/staging.passione500.it\/fr\/","logo":{"@type":"ImageObject","inLanguage":"fr-FR","@id":"https:\/\/staging.passione500.it\/fr\/#\/schema\/logo\/image\/","url":"https:\/\/staging.passione500.it\/wp-content\/uploads\/2025\/12\/PASSIONE-LOGO-APPROVATO.png","contentUrl":"https:\/\/staging.passione500.it\/wp-content\/uploads\/2025\/12\/PASSIONE-LOGO-APPROVATO.png","width":348,"height":125,"caption":"Passione 500"},"image":{"@id":"https:\/\/staging.passione500.it\/fr\/#\/schema\/logo\/image\/"}}]}},"_links":{"self":[{"href":"https:\/\/staging.passione500.it\/fr\/wp-json\/wp\/v2\/product\/19309","targetHints":{"allow":["GET"]}}],"collection":[{"href":"https:\/\/staging.passione500.it\/fr\/wp-json\/wp\/v2\/product"}],"about":[{"href":"https:\/\/staging.passione500.it\/fr\/wp-json\/wp\/v2\/types\/product"}],"wp:featuredmedia":[{"embeddable":true,"href":"https:\/\/staging.passione500.it\/fr\/wp-json\/wp\/v2\/media\/19328"}],"wp:attachment":[{"href":"https:\/\/staging.passione500.it\/fr\/wp-json\/wp\/v2\/media?parent=19309"}],"wp:term":[{"taxonomy":"product_brand","embeddable":true,"href":"https:\/\/staging.passione500.it\/fr\/wp-json\/wp\/v2\/product_brand?post=19309"},{"taxonomy":"product_cat","embeddable":true,"href":"https:\/\/staging.passione500.it\/fr\/wp-json\/wp\/v2\/product_cat?post=19309"},{"taxonomy":"product_tag","embeddable":true,"href":"https:\/\/staging.passione500.it\/fr\/wp-json\/wp\/v2\/product_tag?post=19309"}],"curies":[{"name":"wp","href":"https:\/\/api.w.org\/{rel}","templated":true}]}}