{"id":18887,"date":"2024-06-18T17:24:15","date_gmt":"2024-06-18T15:24:18","guid":{"rendered":"https:\/\/staging.passione500.it\/?post_type=product&#038;p=18887"},"modified":"2024-06-18T17:39:41","modified_gmt":"2024-06-18T15:39:41","slug":"kit-complet-de-caoutchoucs-de-pedale-fiat-500","status":"publish","type":"product","link":"https:\/\/staging.passione500.it\/fr\/fiat-500-fr\/fiat-500-n-fr\/particulier-en-caoutchouc-n-fr\/kit-complet-de-caoutchoucs-de-pedale-fiat-500\/","title":{"rendered":"Kit Complet de Caoutchoucs de P\u00e9dale Fiat 500"},"content":{"rendered":"<h4>Pour une voiture compl\u00e8te il est n\u00e9cessaire d&rsquo;acheter 1 kit<\/h4>\n<h4>\u2013 Le kit se compose de :<\/h4>\n<h4>nr.2 Caoutchouc de P\u00e9dale de Frein et d\u2019Embrayage \u2013 code PGM4<\/h4>\n<h4>nr.1 Caoutchouc de P\u00e9dale d&rsquo;Acc\u00e9l\u00e9rateur \u2013 code PGM5<\/h4>\n","protected":false},"excerpt":{"rendered":"<p>Prodotto in offerta fino a maggio.<\/p>\n","protected":false},"featured_media":18890,"template":"","meta":{"_et_pb_use_builder":"","_et_pb_old_content":"","_et_gb_content_width":""},"product_brand":[],"product_cat":[1953,1954,1955,887,1956,1957,2567,764,1883,1884,1885,902,1886,1887,1958,2528,1959,1960,1961,2570,1962,2573,1963,1964,1965,1966,1967,905,1902,773,1898,2537,1899,1900,1901,1871,749,1872,2519,1868,1869,1870],"product_tag":[],"class_list":{"0":"post-18887","1":"product","2":"type-product","3":"status-publish","4":"has-post-thumbnail","6":"product_cat-pieces-hydrauliques-de-freinage-d-fr","7":"product_cat-pieces-hydrauliques-de-freinage-f-fr","8":"product_cat-pieces-hydrauliques-de-freinage-l-fr","9":"product_cat-pieces-hydrauliques-de-freinage-n-fr","10":"product_cat-pieces-hydrauliques-de-freinage-r-fr","11":"product_cat-pieces-hydrauliques-de-freinage-giard-fr","12":"product_cat-pieces-hydrauliques-de-freinage-tt-fr","13":"product_cat-embrayage-et-pedalier-n-fr","14":"product_cat-embrayage-et-pedalier-d-fr","15":"product_cat-embrayage-et-pedalier-f-fr","16":"product_cat-embrayage-et-pedalier-l-fr","17":"product_cat-freinage-avant-n-fr","18":"product_cat-embrayage-et-pedalier-r-fr","19":"product_cat-embrayage-et-pedalier-giard-fr","20":"product_cat-freinage-avant-d-fr","21":"product_cat-embrayage-et-pedalier-tt-fr","22":"product_cat-freinage-avant-f-fr","23":"product_cat-freinage-avant-l-fr","24":"product_cat-freinage-avant-r-fr","25":"product_cat-freinage-avant-tt-fr","26":"product_cat-freinage-avant-giard-fr","27":"product_cat-freinage-arriere-tt-fr","28":"product_cat-freinage-arriere-d-fr","29":"product_cat-freinage-arriere-f-fr","30":"product_cat-freinage-arriere-l-fr","31":"product_cat-freinage-arriere-r-fr","32":"product_cat-freinage-arriere-giard-fr","33":"product_cat-freinage-arriere-n-fr","34":"product_cat-systeme-essence-et-carburateur-giard-fr","35":"product_cat-systeme-essence-et-carburateur-n-fr","36":"product_cat-systeme-essence-et-carburateur-d-fr","37":"product_cat-systeme-essence-et-carburateur-tt-fr","38":"product_cat-systeme-essence-et-carburateur-f-fr","39":"product_cat-systeme-essence-et-carburateur-l-fr","40":"product_cat-systeme-essence-et-carburateur-r-fr","41":"product_cat-particulier-en-caoutchouc-r-fr","42":"product_cat-particulier-en-caoutchouc-n-fr","43":"product_cat-particulier-en-caoutchouc-giard-fr","44":"product_cat-particulier-en-caoutchouc-tt-fr","45":"product_cat-particulier-en-caoutchouc-d-fr","46":"product_cat-particulier-en-caoutchouc-f-fr","47":"product_cat-particulier-en-caoutchouc-l-fr","48":"product_shipping_class-shipping-1-fr","50":"first","51":"instock","52":"taxable","53":"shipping-taxable","54":"purchasable","55":"product-type-simple"},"yoast_head":"<!-- This site is optimized with the Yoast SEO plugin v27.3 - https:\/\/yoast.com\/product\/yoast-seo-wordpress\/ -->\n<title>Caoutchouc P\u00e9dale Fiat 500 | Passione 500<\/title>\n<meta name=\"description\" content=\"Retrouvez sur notre site Caoutchouc P\u00e9dale pour Fiat 500. Plus de 3000 pi\u00e8ces d\u00e9tach\u00e9es disponibles en stock.PROFITEZ DE NOS OFFRES ! %\" \/>\n<meta name=\"robots\" content=\"noindex, follow, max-snippet:-1, max-image-preview:large, max-video-preview:-1\" \/>\n<meta property=\"og:locale\" content=\"fr_FR\" \/>\n<meta property=\"og:type\" content=\"article\" \/>\n<meta property=\"og:title\" content=\"Caoutchouc P\u00e9dale Fiat 500 | Passione 500\" \/>\n<meta property=\"og:description\" content=\"Retrouvez sur notre site Caoutchouc P\u00e9dale pour Fiat 500. Plus de 3000 pi\u00e8ces d\u00e9tach\u00e9es disponibles en stock.PROFITEZ DE NOS OFFRES ! %\" \/>\n<meta property=\"og:url\" content=\"https:\/\/staging.passione500.it\/fr\/fiat-500-fr\/fiat-500-n-fr\/particulier-en-caoutchouc-n-fr\/kit-complet-de-caoutchoucs-de-pedale-fiat-500\/\" \/>\n<meta property=\"og:site_name\" content=\"Passione 500\" \/>\n<meta property=\"article:modified_time\" content=\"2024-06-18T15:39:41+00:00\" \/>\n<meta property=\"og:image\" content=\"https:\/\/passione500.it\/wp-content\/uploads\/2024\/06\/kit-copripedali.jpg\" \/>\n\t<meta property=\"og:image:width\" content=\"2048\" \/>\n\t<meta property=\"og:image:height\" content=\"1536\" \/>\n\t<meta property=\"og:image:type\" content=\"image\/jpeg\" \/>\n<meta name=\"twitter:card\" content=\"summary_large_image\" \/>\n<meta name=\"twitter:label1\" content=\"Dur\u00e9e de lecture estim\u00e9e\" \/>\n\t<meta name=\"twitter:data1\" content=\"1 minute\" \/>\n<script type=\"application\/ld+json\" class=\"yoast-schema-graph\">{\"@context\":\"https:\\\/\\\/schema.org\",\"@graph\":[{\"@type\":\"WebPage\",\"@id\":\"https:\\\/\\\/staging.passione500.it\\\/fr\\\/fiat-500-fr\\\/fiat-500-n-fr\\\/particulier-en-caoutchouc-n-fr\\\/kit-complet-de-caoutchoucs-de-pedale-fiat-500\\\/\",\"url\":\"https:\\\/\\\/staging.passione500.it\\\/fr\\\/fiat-500-fr\\\/fiat-500-n-fr\\\/particulier-en-caoutchouc-n-fr\\\/kit-complet-de-caoutchoucs-de-pedale-fiat-500\\\/\",\"name\":\"Caoutchouc P\u00e9dale Fiat 500 | Passione 500\",\"isPartOf\":{\"@id\":\"https:\\\/\\\/staging.passione500.it\\\/fr\\\/#website\"},\"primaryImageOfPage\":{\"@id\":\"https:\\\/\\\/staging.passione500.it\\\/fr\\\/fiat-500-fr\\\/fiat-500-n-fr\\\/particulier-en-caoutchouc-n-fr\\\/kit-complet-de-caoutchoucs-de-pedale-fiat-500\\\/#primaryimage\"},\"image\":{\"@id\":\"https:\\\/\\\/staging.passione500.it\\\/fr\\\/fiat-500-fr\\\/fiat-500-n-fr\\\/particulier-en-caoutchouc-n-fr\\\/kit-complet-de-caoutchoucs-de-pedale-fiat-500\\\/#primaryimage\"},\"thumbnailUrl\":\"https:\\\/\\\/staging.passione500.it\\\/wp-content\\\/uploads\\\/2024\\\/06\\\/kit-copripedali.jpg\",\"datePublished\":\"2024-06-18T15:24:18+00:00\",\"dateModified\":\"2024-06-18T15:39:41+00:00\",\"description\":\"Retrouvez sur notre site Caoutchouc P\u00e9dale pour Fiat 500. Plus de 3000 pi\u00e8ces d\u00e9tach\u00e9es disponibles en stock.PROFITEZ DE NOS OFFRES ! %\",\"breadcrumb\":{\"@id\":\"https:\\\/\\\/staging.passione500.it\\\/fr\\\/fiat-500-fr\\\/fiat-500-n-fr\\\/particulier-en-caoutchouc-n-fr\\\/kit-complet-de-caoutchoucs-de-pedale-fiat-500\\\/#breadcrumb\"},\"inLanguage\":\"fr-FR\",\"potentialAction\":[{\"@type\":\"ReadAction\",\"target\":[\"https:\\\/\\\/staging.passione500.it\\\/fr\\\/fiat-500-fr\\\/fiat-500-n-fr\\\/particulier-en-caoutchouc-n-fr\\\/kit-complet-de-caoutchoucs-de-pedale-fiat-500\\\/\"]}]},{\"@type\":\"ImageObject\",\"inLanguage\":\"fr-FR\",\"@id\":\"https:\\\/\\\/staging.passione500.it\\\/fr\\\/fiat-500-fr\\\/fiat-500-n-fr\\\/particulier-en-caoutchouc-n-fr\\\/kit-complet-de-caoutchoucs-de-pedale-fiat-500\\\/#primaryimage\",\"url\":\"https:\\\/\\\/staging.passione500.it\\\/wp-content\\\/uploads\\\/2024\\\/06\\\/kit-copripedali.jpg\",\"contentUrl\":\"https:\\\/\\\/staging.passione500.it\\\/wp-content\\\/uploads\\\/2024\\\/06\\\/kit-copripedali.jpg\",\"width\":2048,\"height\":1536,\"caption\":\"kit gommini copripedale Fiat 500\"},{\"@type\":\"BreadcrumbList\",\"@id\":\"https:\\\/\\\/staging.passione500.it\\\/fr\\\/fiat-500-fr\\\/fiat-500-n-fr\\\/particulier-en-caoutchouc-n-fr\\\/kit-complet-de-caoutchoucs-de-pedale-fiat-500\\\/#breadcrumb\",\"itemListElement\":[{\"@type\":\"ListItem\",\"position\":1,\"name\":\"Home\",\"item\":\"https:\\\/\\\/passione500.it\\\/fr\\\/\"},{\"@type\":\"ListItem\",\"position\":2,\"name\":\"Fiat 500\",\"item\":\"https:\\\/\\\/staging.passione500.it\\\/fr\\\/fiat-500-fr\\\/\"},{\"@type\":\"ListItem\",\"position\":3,\"name\":\"Fiat 500 N\",\"item\":\"https:\\\/\\\/staging.passione500.it\\\/fr\\\/fiat-500-fr\\\/fiat-500-n-fr\\\/\"},{\"@type\":\"ListItem\",\"position\":4,\"name\":\"Particulier en Caoutchouc\",\"item\":\"https:\\\/\\\/staging.passione500.it\\\/fr\\\/fiat-500-fr\\\/fiat-500-n-fr\\\/particulier-en-caoutchouc-n-fr\\\/\"},{\"@type\":\"ListItem\",\"position\":5,\"name\":\"Kit Complet de Caoutchoucs de P\u00e9dale Fiat 500\"}]},{\"@type\":\"WebSite\",\"@id\":\"https:\\\/\\\/staging.passione500.it\\\/fr\\\/#website\",\"url\":\"https:\\\/\\\/staging.passione500.it\\\/fr\\\/\",\"name\":\"Passione 500\",\"description\":\"Ricambi Fiat 500 d&#039;Epoca\",\"publisher\":{\"@id\":\"https:\\\/\\\/staging.passione500.it\\\/fr\\\/#organization\"},\"potentialAction\":[{\"@type\":\"SearchAction\",\"target\":{\"@type\":\"EntryPoint\",\"urlTemplate\":\"https:\\\/\\\/staging.passione500.it\\\/fr\\\/?s={search_term_string}\"},\"query-input\":{\"@type\":\"PropertyValueSpecification\",\"valueRequired\":true,\"valueName\":\"search_term_string\"}}],\"inLanguage\":\"fr-FR\"},{\"@type\":\"Organization\",\"@id\":\"https:\\\/\\\/staging.passione500.it\\\/fr\\\/#organization\",\"name\":\"Passione 500\",\"url\":\"https:\\\/\\\/staging.passione500.it\\\/fr\\\/\",\"logo\":{\"@type\":\"ImageObject\",\"inLanguage\":\"fr-FR\",\"@id\":\"https:\\\/\\\/staging.passione500.it\\\/fr\\\/#\\\/schema\\\/logo\\\/image\\\/\",\"url\":\"https:\\\/\\\/staging.passione500.it\\\/wp-content\\\/uploads\\\/2025\\\/12\\\/PASSIONE-LOGO-APPROVATO.png\",\"contentUrl\":\"https:\\\/\\\/staging.passione500.it\\\/wp-content\\\/uploads\\\/2025\\\/12\\\/PASSIONE-LOGO-APPROVATO.png\",\"width\":348,\"height\":125,\"caption\":\"Passione 500\"},\"image\":{\"@id\":\"https:\\\/\\\/staging.passione500.it\\\/fr\\\/#\\\/schema\\\/logo\\\/image\\\/\"}}]}<\/script>\n<!-- \/ Yoast SEO plugin. -->","yoast_head_json":{"title":"Caoutchouc P\u00e9dale Fiat 500 | Passione 500","description":"Retrouvez sur notre site Caoutchouc P\u00e9dale pour Fiat 500. Plus de 3000 pi\u00e8ces d\u00e9tach\u00e9es disponibles en stock.PROFITEZ DE NOS OFFRES ! %","robots":{"index":"noindex","follow":"follow","max-snippet":"max-snippet:-1","max-image-preview":"max-image-preview:large","max-video-preview":"max-video-preview:-1"},"og_locale":"fr_FR","og_type":"article","og_title":"Caoutchouc P\u00e9dale Fiat 500 | Passione 500","og_description":"Retrouvez sur notre site Caoutchouc P\u00e9dale pour Fiat 500. Plus de 3000 pi\u00e8ces d\u00e9tach\u00e9es disponibles en stock.PROFITEZ DE NOS OFFRES ! %","og_url":"https:\/\/staging.passione500.it\/fr\/fiat-500-fr\/fiat-500-n-fr\/particulier-en-caoutchouc-n-fr\/kit-complet-de-caoutchoucs-de-pedale-fiat-500\/","og_site_name":"Passione 500","article_modified_time":"2024-06-18T15:39:41+00:00","og_image":[{"width":2048,"height":1536,"url":"https:\/\/passione500.it\/wp-content\/uploads\/2024\/06\/kit-copripedali.jpg","type":"image\/jpeg"}],"twitter_card":"summary_large_image","twitter_misc":{"Dur\u00e9e de lecture estim\u00e9e":"1 minute"},"schema":{"@context":"https:\/\/schema.org","@graph":[{"@type":"WebPage","@id":"https:\/\/staging.passione500.it\/fr\/fiat-500-fr\/fiat-500-n-fr\/particulier-en-caoutchouc-n-fr\/kit-complet-de-caoutchoucs-de-pedale-fiat-500\/","url":"https:\/\/staging.passione500.it\/fr\/fiat-500-fr\/fiat-500-n-fr\/particulier-en-caoutchouc-n-fr\/kit-complet-de-caoutchoucs-de-pedale-fiat-500\/","name":"Caoutchouc P\u00e9dale Fiat 500 | Passione 500","isPartOf":{"@id":"https:\/\/staging.passione500.it\/fr\/#website"},"primaryImageOfPage":{"@id":"https:\/\/staging.passione500.it\/fr\/fiat-500-fr\/fiat-500-n-fr\/particulier-en-caoutchouc-n-fr\/kit-complet-de-caoutchoucs-de-pedale-fiat-500\/#primaryimage"},"image":{"@id":"https:\/\/staging.passione500.it\/fr\/fiat-500-fr\/fiat-500-n-fr\/particulier-en-caoutchouc-n-fr\/kit-complet-de-caoutchoucs-de-pedale-fiat-500\/#primaryimage"},"thumbnailUrl":"https:\/\/staging.passione500.it\/wp-content\/uploads\/2024\/06\/kit-copripedali.jpg","datePublished":"2024-06-18T15:24:18+00:00","dateModified":"2024-06-18T15:39:41+00:00","description":"Retrouvez sur notre site Caoutchouc P\u00e9dale pour Fiat 500. Plus de 3000 pi\u00e8ces d\u00e9tach\u00e9es disponibles en stock.PROFITEZ DE NOS OFFRES ! %","breadcrumb":{"@id":"https:\/\/staging.passione500.it\/fr\/fiat-500-fr\/fiat-500-n-fr\/particulier-en-caoutchouc-n-fr\/kit-complet-de-caoutchoucs-de-pedale-fiat-500\/#breadcrumb"},"inLanguage":"fr-FR","potentialAction":[{"@type":"ReadAction","target":["https:\/\/staging.passione500.it\/fr\/fiat-500-fr\/fiat-500-n-fr\/particulier-en-caoutchouc-n-fr\/kit-complet-de-caoutchoucs-de-pedale-fiat-500\/"]}]},{"@type":"ImageObject","inLanguage":"fr-FR","@id":"https:\/\/staging.passione500.it\/fr\/fiat-500-fr\/fiat-500-n-fr\/particulier-en-caoutchouc-n-fr\/kit-complet-de-caoutchoucs-de-pedale-fiat-500\/#primaryimage","url":"https:\/\/staging.passione500.it\/wp-content\/uploads\/2024\/06\/kit-copripedali.jpg","contentUrl":"https:\/\/staging.passione500.it\/wp-content\/uploads\/2024\/06\/kit-copripedali.jpg","width":2048,"height":1536,"caption":"kit gommini copripedale Fiat 500"},{"@type":"BreadcrumbList","@id":"https:\/\/staging.passione500.it\/fr\/fiat-500-fr\/fiat-500-n-fr\/particulier-en-caoutchouc-n-fr\/kit-complet-de-caoutchoucs-de-pedale-fiat-500\/#breadcrumb","itemListElement":[{"@type":"ListItem","position":1,"name":"Home","item":"https:\/\/passione500.it\/fr\/"},{"@type":"ListItem","position":2,"name":"Fiat 500","item":"https:\/\/staging.passione500.it\/fr\/fiat-500-fr\/"},{"@type":"ListItem","position":3,"name":"Fiat 500 N","item":"https:\/\/staging.passione500.it\/fr\/fiat-500-fr\/fiat-500-n-fr\/"},{"@type":"ListItem","position":4,"name":"Particulier en Caoutchouc","item":"https:\/\/staging.passione500.it\/fr\/fiat-500-fr\/fiat-500-n-fr\/particulier-en-caoutchouc-n-fr\/"},{"@type":"ListItem","position":5,"name":"Kit Complet de Caoutchoucs de P\u00e9dale Fiat 500"}]},{"@type":"WebSite","@id":"https:\/\/staging.passione500.it\/fr\/#website","url":"https:\/\/staging.passione500.it\/fr\/","name":"Passione 500","description":"Ricambi Fiat 500 d&#039;Epoca","publisher":{"@id":"https:\/\/staging.passione500.it\/fr\/#organization"},"potentialAction":[{"@type":"SearchAction","target":{"@type":"EntryPoint","urlTemplate":"https:\/\/staging.passione500.it\/fr\/?s={search_term_string}"},"query-input":{"@type":"PropertyValueSpecification","valueRequired":true,"valueName":"search_term_string"}}],"inLanguage":"fr-FR"},{"@type":"Organization","@id":"https:\/\/staging.passione500.it\/fr\/#organization","name":"Passione 500","url":"https:\/\/staging.passione500.it\/fr\/","logo":{"@type":"ImageObject","inLanguage":"fr-FR","@id":"https:\/\/staging.passione500.it\/fr\/#\/schema\/logo\/image\/","url":"https:\/\/staging.passione500.it\/wp-content\/uploads\/2025\/12\/PASSIONE-LOGO-APPROVATO.png","contentUrl":"https:\/\/staging.passione500.it\/wp-content\/uploads\/2025\/12\/PASSIONE-LOGO-APPROVATO.png","width":348,"height":125,"caption":"Passione 500"},"image":{"@id":"https:\/\/staging.passione500.it\/fr\/#\/schema\/logo\/image\/"}}]}},"_links":{"self":[{"href":"https:\/\/staging.passione500.it\/fr\/wp-json\/wp\/v2\/product\/18887","targetHints":{"allow":["GET"]}}],"collection":[{"href":"https:\/\/staging.passione500.it\/fr\/wp-json\/wp\/v2\/product"}],"about":[{"href":"https:\/\/staging.passione500.it\/fr\/wp-json\/wp\/v2\/types\/product"}],"wp:featuredmedia":[{"embeddable":true,"href":"https:\/\/staging.passione500.it\/fr\/wp-json\/wp\/v2\/media\/18890"}],"wp:attachment":[{"href":"https:\/\/staging.passione500.it\/fr\/wp-json\/wp\/v2\/media?parent=18887"}],"wp:term":[{"taxonomy":"product_brand","embeddable":true,"href":"https:\/\/staging.passione500.it\/fr\/wp-json\/wp\/v2\/product_brand?post=18887"},{"taxonomy":"product_cat","embeddable":true,"href":"https:\/\/staging.passione500.it\/fr\/wp-json\/wp\/v2\/product_cat?post=18887"},{"taxonomy":"product_tag","embeddable":true,"href":"https:\/\/staging.passione500.it\/fr\/wp-json\/wp\/v2\/product_tag?post=18887"}],"curies":[{"name":"wp","href":"https:\/\/api.w.org\/{rel}","templated":true}]}}