{"id":18059,"date":"2024-05-29T10:28:08","date_gmt":"2024-05-29T08:28:08","guid":{"rendered":"https:\/\/staging.passione500.it\/?post_type=product&#038;p=18059"},"modified":"2024-06-20T14:48:54","modified_gmt":"2024-06-20T12:48:54","slug":"toile-de-capote-gris-longue-complete-de-armature-avant-gris-pour-fiat-500-n-version-trasformabile-du-n-de-pieces-detachees-088619-d-adaptable","status":"publish","type":"product","link":"https:\/\/staging.passione500.it\/fr\/fiat-500-fr\/fiat-500-n-fr\/capote-et-particulier-n-fr\/toile-de-capote-gris-longue-complete-de-armature-avant-gris-pour-fiat-500-n-version-trasformabile-du-n-de-pieces-detachees-088619-d-adaptable\/","title":{"rendered":"Toile de Capote Gris Longue Comple\u0300te de Armature Avant Gris pour Fiat 500 N Version Trasformabile (du n.\u00b0 de pi\u00e8ces d\u00e9tach\u00e9es 088619) \u2013 D (Adaptable)"},"content":{"rendered":"<h4>Pour une voiture compl\u00e8te il est n\u00e9cessaire d&rsquo;acheter 1 pi\u00e8ce<\/h4>\n<h4>V\u00e9rifiez le \u00ab\u00a0n.\u00b0 de pi\u00e8ces d\u00e9tach\u00e9es\u00a0\u00bb sur la plaque d\u2019identification du chassis en aluminium de votre voiture<\/h4>\n<p><img decoding=\"async\" class=\"alignnone wp-image-5690\" src=\"https:\/\/staging.passione500.it\/wp-content\/uploads\/2022\/10\/nr_per-_ricambi-1-300x225.jpg\" alt=\"\" width=\"349\" height=\"262\" \/><\/p>\n<h4>Pour Fiat 500 N version Tetto Apribile et Fiat 500 D il est possible de les assembler \u00e0 la place de la capote courte et du toit rigide (hard-top) d&rsquo;origine<\/h4>\n<h4>La capote comple\u0300te comprend:<\/h4>\n<ul>\n<li>\n<h4>nr.1 Toile de Capote Gris Longue \u2013 code CAP4E<\/h4>\n<\/li>\n<li>\n<h4>nr.1 armature avant de capote gris \u2013 code CAP37B<\/h4>\n<\/li>\n<li>\n<h4>nr.1 barre avant gris pour fixation du toil de capote<\/h4>\n<\/li>\n<li>\n<h4>nr.3 barre centrale gris pour renforcement du toile de capote<\/h4>\n<\/li>\n<li>\n<h4>nr.6 rivet plaqu\u00e9 nickel pour fixation de la barre centrale et toile de capote<\/h4>\n<\/li>\n<li>\n<h4>nr.6 caoutchouc de protection pour barre centrale de capote<\/h4>\n<\/li>\n<\/ul>\n<p>&nbsp;<\/p>\n","protected":false},"excerpt":{"rendered":"<p>Prodotto in offerta fino a maggio.<\/p>\n","protected":false},"featured_media":18029,"template":"","meta":{"_et_pb_use_builder":"","_et_pb_old_content":"","_et_gb_content_width":""},"product_brand":[],"product_cat":[686,1290,2459],"product_tag":[],"class_list":{"0":"post-18059","1":"product","2":"type-product","3":"status-publish","4":"has-post-thumbnail","6":"product_cat-capote-et-particulier-n-fr","7":"product_cat-capote-et-particulier-d-fr","8":"product_cat-capote-et-particulier-tt-fr","9":"product_shipping_class-shipping-1-fr","11":"first","12":"instock","13":"taxable","14":"shipping-taxable","15":"purchasable","16":"product-type-simple"},"yoast_head":"<!-- This site is optimized with the Yoast SEO plugin v27.3 - https:\/\/yoast.com\/product\/yoast-seo-wordpress\/ -->\n<title>Toile de Capote Gris Longue Comple\u0300te Fiat 500 N D | Passione 500<\/title>\n<meta name=\"description\" content=\"Retrouvez sur notre site Toile de Capote Gris Longue Comple\u0300te pour Fiat 500. Plus de 3000 pi\u00e8ces d\u00e9tach\u00e9es disponibles en stock.PROFITEZ DE NOS OFFRES !\" \/>\n<meta name=\"robots\" content=\"noindex, follow, max-snippet:-1, max-image-preview:large, max-video-preview:-1\" \/>\n<meta property=\"og:locale\" content=\"fr_FR\" \/>\n<meta property=\"og:type\" content=\"article\" \/>\n<meta property=\"og:title\" content=\"Toile de Capote Gris Longue Comple\u0300te Fiat 500 N D | Passione 500\" \/>\n<meta property=\"og:description\" content=\"Retrouvez sur notre site Toile de Capote Gris Longue Comple\u0300te pour Fiat 500. Plus de 3000 pi\u00e8ces d\u00e9tach\u00e9es disponibles en stock.PROFITEZ DE NOS OFFRES !\" \/>\n<meta property=\"og:url\" content=\"https:\/\/staging.passione500.it\/fr\/fiat-500-fr\/fiat-500-n-fr\/capote-et-particulier-n-fr\/toile-de-capote-gris-longue-complete-de-armature-avant-gris-pour-fiat-500-n-version-trasformabile-du-n-de-pieces-detachees-088619-d-adaptable\/\" \/>\n<meta property=\"og:site_name\" content=\"Passione 500\" \/>\n<meta property=\"article:modified_time\" content=\"2024-06-20T12:48:54+00:00\" \/>\n<meta property=\"og:image\" content=\"https:\/\/passione500.it\/wp-content\/uploads\/2024\/05\/IMG_0216.jpg\" \/>\n\t<meta property=\"og:image:width\" content=\"2048\" \/>\n\t<meta property=\"og:image:height\" content=\"1536\" \/>\n\t<meta property=\"og:image:type\" content=\"image\/jpeg\" \/>\n<meta name=\"twitter:card\" content=\"summary_large_image\" \/>\n<meta name=\"twitter:label1\" content=\"Dur\u00e9e de lecture estim\u00e9e\" \/>\n\t<meta name=\"twitter:data1\" content=\"2 minutes\" \/>\n<script type=\"application\/ld+json\" class=\"yoast-schema-graph\">{\"@context\":\"https:\\\/\\\/schema.org\",\"@graph\":[{\"@type\":\"WebPage\",\"@id\":\"https:\\\/\\\/staging.passione500.it\\\/fr\\\/fiat-500-fr\\\/fiat-500-n-fr\\\/capote-et-particulier-n-fr\\\/toile-de-capote-gris-longue-complete-de-armature-avant-gris-pour-fiat-500-n-version-trasformabile-du-n-de-pieces-detachees-088619-d-adaptable\\\/\",\"url\":\"https:\\\/\\\/staging.passione500.it\\\/fr\\\/fiat-500-fr\\\/fiat-500-n-fr\\\/capote-et-particulier-n-fr\\\/toile-de-capote-gris-longue-complete-de-armature-avant-gris-pour-fiat-500-n-version-trasformabile-du-n-de-pieces-detachees-088619-d-adaptable\\\/\",\"name\":\"Toile de Capote Gris Longue Comple\u0300te Fiat 500 N D | Passione 500\",\"isPartOf\":{\"@id\":\"https:\\\/\\\/staging.passione500.it\\\/fr\\\/#website\"},\"primaryImageOfPage\":{\"@id\":\"https:\\\/\\\/staging.passione500.it\\\/fr\\\/fiat-500-fr\\\/fiat-500-n-fr\\\/capote-et-particulier-n-fr\\\/toile-de-capote-gris-longue-complete-de-armature-avant-gris-pour-fiat-500-n-version-trasformabile-du-n-de-pieces-detachees-088619-d-adaptable\\\/#primaryimage\"},\"image\":{\"@id\":\"https:\\\/\\\/staging.passione500.it\\\/fr\\\/fiat-500-fr\\\/fiat-500-n-fr\\\/capote-et-particulier-n-fr\\\/toile-de-capote-gris-longue-complete-de-armature-avant-gris-pour-fiat-500-n-version-trasformabile-du-n-de-pieces-detachees-088619-d-adaptable\\\/#primaryimage\"},\"thumbnailUrl\":\"https:\\\/\\\/staging.passione500.it\\\/wp-content\\\/uploads\\\/2024\\\/05\\\/IMG_0216.jpg\",\"datePublished\":\"2024-05-29T08:28:08+00:00\",\"dateModified\":\"2024-06-20T12:48:54+00:00\",\"description\":\"Retrouvez sur notre site Toile de Capote Gris Longue Comple\u0300te pour Fiat 500. Plus de 3000 pi\u00e8ces d\u00e9tach\u00e9es disponibles en stock.PROFITEZ DE NOS OFFRES !\",\"breadcrumb\":{\"@id\":\"https:\\\/\\\/staging.passione500.it\\\/fr\\\/fiat-500-fr\\\/fiat-500-n-fr\\\/capote-et-particulier-n-fr\\\/toile-de-capote-gris-longue-complete-de-armature-avant-gris-pour-fiat-500-n-version-trasformabile-du-n-de-pieces-detachees-088619-d-adaptable\\\/#breadcrumb\"},\"inLanguage\":\"fr-FR\",\"potentialAction\":[{\"@type\":\"ReadAction\",\"target\":[\"https:\\\/\\\/staging.passione500.it\\\/fr\\\/fiat-500-fr\\\/fiat-500-n-fr\\\/capote-et-particulier-n-fr\\\/toile-de-capote-gris-longue-complete-de-armature-avant-gris-pour-fiat-500-n-version-trasformabile-du-n-de-pieces-detachees-088619-d-adaptable\\\/\"]}]},{\"@type\":\"ImageObject\",\"inLanguage\":\"fr-FR\",\"@id\":\"https:\\\/\\\/staging.passione500.it\\\/fr\\\/fiat-500-fr\\\/fiat-500-n-fr\\\/capote-et-particulier-n-fr\\\/toile-de-capote-gris-longue-complete-de-armature-avant-gris-pour-fiat-500-n-version-trasformabile-du-n-de-pieces-detachees-088619-d-adaptable\\\/#primaryimage\",\"url\":\"https:\\\/\\\/staging.passione500.it\\\/wp-content\\\/uploads\\\/2024\\\/05\\\/IMG_0216.jpg\",\"contentUrl\":\"https:\\\/\\\/staging.passione500.it\\\/wp-content\\\/uploads\\\/2024\\\/05\\\/IMG_0216.jpg\",\"width\":2048,\"height\":1536,\"caption\":\"capote lunga completa grigio Fiat 500 N D\"},{\"@type\":\"BreadcrumbList\",\"@id\":\"https:\\\/\\\/staging.passione500.it\\\/fr\\\/fiat-500-fr\\\/fiat-500-n-fr\\\/capote-et-particulier-n-fr\\\/toile-de-capote-gris-longue-complete-de-armature-avant-gris-pour-fiat-500-n-version-trasformabile-du-n-de-pieces-detachees-088619-d-adaptable\\\/#breadcrumb\",\"itemListElement\":[{\"@type\":\"ListItem\",\"position\":1,\"name\":\"Home\",\"item\":\"https:\\\/\\\/passione500.it\\\/fr\\\/\"},{\"@type\":\"ListItem\",\"position\":2,\"name\":\"Fiat 500\",\"item\":\"https:\\\/\\\/staging.passione500.it\\\/fr\\\/fiat-500-fr\\\/\"},{\"@type\":\"ListItem\",\"position\":3,\"name\":\"Fiat 500 N\",\"item\":\"https:\\\/\\\/staging.passione500.it\\\/fr\\\/fiat-500-fr\\\/fiat-500-n-fr\\\/\"},{\"@type\":\"ListItem\",\"position\":4,\"name\":\"Capote et Particulier\",\"item\":\"https:\\\/\\\/staging.passione500.it\\\/fr\\\/fiat-500-fr\\\/fiat-500-n-fr\\\/capote-et-particulier-n-fr\\\/\"},{\"@type\":\"ListItem\",\"position\":5,\"name\":\"Toile de Capote Gris Longue Comple\u0300te de Armature Avant Gris pour Fiat 500 N Version Trasformabile (du n.\u00b0 de pi\u00e8ces d\u00e9tach\u00e9es 088619) \u2013 D (Adaptable)\"}]},{\"@type\":\"WebSite\",\"@id\":\"https:\\\/\\\/staging.passione500.it\\\/fr\\\/#website\",\"url\":\"https:\\\/\\\/staging.passione500.it\\\/fr\\\/\",\"name\":\"Passione 500\",\"description\":\"Ricambi Fiat 500 d&#039;Epoca\",\"publisher\":{\"@id\":\"https:\\\/\\\/staging.passione500.it\\\/fr\\\/#organization\"},\"potentialAction\":[{\"@type\":\"SearchAction\",\"target\":{\"@type\":\"EntryPoint\",\"urlTemplate\":\"https:\\\/\\\/staging.passione500.it\\\/fr\\\/?s={search_term_string}\"},\"query-input\":{\"@type\":\"PropertyValueSpecification\",\"valueRequired\":true,\"valueName\":\"search_term_string\"}}],\"inLanguage\":\"fr-FR\"},{\"@type\":\"Organization\",\"@id\":\"https:\\\/\\\/staging.passione500.it\\\/fr\\\/#organization\",\"name\":\"Passione 500\",\"url\":\"https:\\\/\\\/staging.passione500.it\\\/fr\\\/\",\"logo\":{\"@type\":\"ImageObject\",\"inLanguage\":\"fr-FR\",\"@id\":\"https:\\\/\\\/staging.passione500.it\\\/fr\\\/#\\\/schema\\\/logo\\\/image\\\/\",\"url\":\"https:\\\/\\\/staging.passione500.it\\\/wp-content\\\/uploads\\\/2025\\\/12\\\/PASSIONE-LOGO-APPROVATO.png\",\"contentUrl\":\"https:\\\/\\\/staging.passione500.it\\\/wp-content\\\/uploads\\\/2025\\\/12\\\/PASSIONE-LOGO-APPROVATO.png\",\"width\":348,\"height\":125,\"caption\":\"Passione 500\"},\"image\":{\"@id\":\"https:\\\/\\\/staging.passione500.it\\\/fr\\\/#\\\/schema\\\/logo\\\/image\\\/\"}}]}<\/script>\n<!-- \/ Yoast SEO plugin. -->","yoast_head_json":{"title":"Toile de Capote Gris Longue Comple\u0300te Fiat 500 N D | Passione 500","description":"Retrouvez sur notre site Toile de Capote Gris Longue Comple\u0300te pour Fiat 500. Plus de 3000 pi\u00e8ces d\u00e9tach\u00e9es disponibles en stock.PROFITEZ DE NOS OFFRES !","robots":{"index":"noindex","follow":"follow","max-snippet":"max-snippet:-1","max-image-preview":"max-image-preview:large","max-video-preview":"max-video-preview:-1"},"og_locale":"fr_FR","og_type":"article","og_title":"Toile de Capote Gris Longue Comple\u0300te Fiat 500 N D | Passione 500","og_description":"Retrouvez sur notre site Toile de Capote Gris Longue Comple\u0300te pour Fiat 500. Plus de 3000 pi\u00e8ces d\u00e9tach\u00e9es disponibles en stock.PROFITEZ DE NOS OFFRES !","og_url":"https:\/\/staging.passione500.it\/fr\/fiat-500-fr\/fiat-500-n-fr\/capote-et-particulier-n-fr\/toile-de-capote-gris-longue-complete-de-armature-avant-gris-pour-fiat-500-n-version-trasformabile-du-n-de-pieces-detachees-088619-d-adaptable\/","og_site_name":"Passione 500","article_modified_time":"2024-06-20T12:48:54+00:00","og_image":[{"width":2048,"height":1536,"url":"https:\/\/passione500.it\/wp-content\/uploads\/2024\/05\/IMG_0216.jpg","type":"image\/jpeg"}],"twitter_card":"summary_large_image","twitter_misc":{"Dur\u00e9e de lecture estim\u00e9e":"2 minutes"},"schema":{"@context":"https:\/\/schema.org","@graph":[{"@type":"WebPage","@id":"https:\/\/staging.passione500.it\/fr\/fiat-500-fr\/fiat-500-n-fr\/capote-et-particulier-n-fr\/toile-de-capote-gris-longue-complete-de-armature-avant-gris-pour-fiat-500-n-version-trasformabile-du-n-de-pieces-detachees-088619-d-adaptable\/","url":"https:\/\/staging.passione500.it\/fr\/fiat-500-fr\/fiat-500-n-fr\/capote-et-particulier-n-fr\/toile-de-capote-gris-longue-complete-de-armature-avant-gris-pour-fiat-500-n-version-trasformabile-du-n-de-pieces-detachees-088619-d-adaptable\/","name":"Toile de Capote Gris Longue Comple\u0300te Fiat 500 N D | Passione 500","isPartOf":{"@id":"https:\/\/staging.passione500.it\/fr\/#website"},"primaryImageOfPage":{"@id":"https:\/\/staging.passione500.it\/fr\/fiat-500-fr\/fiat-500-n-fr\/capote-et-particulier-n-fr\/toile-de-capote-gris-longue-complete-de-armature-avant-gris-pour-fiat-500-n-version-trasformabile-du-n-de-pieces-detachees-088619-d-adaptable\/#primaryimage"},"image":{"@id":"https:\/\/staging.passione500.it\/fr\/fiat-500-fr\/fiat-500-n-fr\/capote-et-particulier-n-fr\/toile-de-capote-gris-longue-complete-de-armature-avant-gris-pour-fiat-500-n-version-trasformabile-du-n-de-pieces-detachees-088619-d-adaptable\/#primaryimage"},"thumbnailUrl":"https:\/\/staging.passione500.it\/wp-content\/uploads\/2024\/05\/IMG_0216.jpg","datePublished":"2024-05-29T08:28:08+00:00","dateModified":"2024-06-20T12:48:54+00:00","description":"Retrouvez sur notre site Toile de Capote Gris Longue Comple\u0300te pour Fiat 500. Plus de 3000 pi\u00e8ces d\u00e9tach\u00e9es disponibles en stock.PROFITEZ DE NOS OFFRES !","breadcrumb":{"@id":"https:\/\/staging.passione500.it\/fr\/fiat-500-fr\/fiat-500-n-fr\/capote-et-particulier-n-fr\/toile-de-capote-gris-longue-complete-de-armature-avant-gris-pour-fiat-500-n-version-trasformabile-du-n-de-pieces-detachees-088619-d-adaptable\/#breadcrumb"},"inLanguage":"fr-FR","potentialAction":[{"@type":"ReadAction","target":["https:\/\/staging.passione500.it\/fr\/fiat-500-fr\/fiat-500-n-fr\/capote-et-particulier-n-fr\/toile-de-capote-gris-longue-complete-de-armature-avant-gris-pour-fiat-500-n-version-trasformabile-du-n-de-pieces-detachees-088619-d-adaptable\/"]}]},{"@type":"ImageObject","inLanguage":"fr-FR","@id":"https:\/\/staging.passione500.it\/fr\/fiat-500-fr\/fiat-500-n-fr\/capote-et-particulier-n-fr\/toile-de-capote-gris-longue-complete-de-armature-avant-gris-pour-fiat-500-n-version-trasformabile-du-n-de-pieces-detachees-088619-d-adaptable\/#primaryimage","url":"https:\/\/staging.passione500.it\/wp-content\/uploads\/2024\/05\/IMG_0216.jpg","contentUrl":"https:\/\/staging.passione500.it\/wp-content\/uploads\/2024\/05\/IMG_0216.jpg","width":2048,"height":1536,"caption":"capote lunga completa grigio Fiat 500 N D"},{"@type":"BreadcrumbList","@id":"https:\/\/staging.passione500.it\/fr\/fiat-500-fr\/fiat-500-n-fr\/capote-et-particulier-n-fr\/toile-de-capote-gris-longue-complete-de-armature-avant-gris-pour-fiat-500-n-version-trasformabile-du-n-de-pieces-detachees-088619-d-adaptable\/#breadcrumb","itemListElement":[{"@type":"ListItem","position":1,"name":"Home","item":"https:\/\/passione500.it\/fr\/"},{"@type":"ListItem","position":2,"name":"Fiat 500","item":"https:\/\/staging.passione500.it\/fr\/fiat-500-fr\/"},{"@type":"ListItem","position":3,"name":"Fiat 500 N","item":"https:\/\/staging.passione500.it\/fr\/fiat-500-fr\/fiat-500-n-fr\/"},{"@type":"ListItem","position":4,"name":"Capote et Particulier","item":"https:\/\/staging.passione500.it\/fr\/fiat-500-fr\/fiat-500-n-fr\/capote-et-particulier-n-fr\/"},{"@type":"ListItem","position":5,"name":"Toile de Capote Gris Longue Comple\u0300te de Armature Avant Gris pour Fiat 500 N Version Trasformabile (du n.\u00b0 de pi\u00e8ces d\u00e9tach\u00e9es 088619) \u2013 D (Adaptable)"}]},{"@type":"WebSite","@id":"https:\/\/staging.passione500.it\/fr\/#website","url":"https:\/\/staging.passione500.it\/fr\/","name":"Passione 500","description":"Ricambi Fiat 500 d&#039;Epoca","publisher":{"@id":"https:\/\/staging.passione500.it\/fr\/#organization"},"potentialAction":[{"@type":"SearchAction","target":{"@type":"EntryPoint","urlTemplate":"https:\/\/staging.passione500.it\/fr\/?s={search_term_string}"},"query-input":{"@type":"PropertyValueSpecification","valueRequired":true,"valueName":"search_term_string"}}],"inLanguage":"fr-FR"},{"@type":"Organization","@id":"https:\/\/staging.passione500.it\/fr\/#organization","name":"Passione 500","url":"https:\/\/staging.passione500.it\/fr\/","logo":{"@type":"ImageObject","inLanguage":"fr-FR","@id":"https:\/\/staging.passione500.it\/fr\/#\/schema\/logo\/image\/","url":"https:\/\/staging.passione500.it\/wp-content\/uploads\/2025\/12\/PASSIONE-LOGO-APPROVATO.png","contentUrl":"https:\/\/staging.passione500.it\/wp-content\/uploads\/2025\/12\/PASSIONE-LOGO-APPROVATO.png","width":348,"height":125,"caption":"Passione 500"},"image":{"@id":"https:\/\/staging.passione500.it\/fr\/#\/schema\/logo\/image\/"}}]}},"_links":{"self":[{"href":"https:\/\/staging.passione500.it\/fr\/wp-json\/wp\/v2\/product\/18059","targetHints":{"allow":["GET"]}}],"collection":[{"href":"https:\/\/staging.passione500.it\/fr\/wp-json\/wp\/v2\/product"}],"about":[{"href":"https:\/\/staging.passione500.it\/fr\/wp-json\/wp\/v2\/types\/product"}],"wp:featuredmedia":[{"embeddable":true,"href":"https:\/\/staging.passione500.it\/fr\/wp-json\/wp\/v2\/media\/18029"}],"wp:attachment":[{"href":"https:\/\/staging.passione500.it\/fr\/wp-json\/wp\/v2\/media?parent=18059"}],"wp:term":[{"taxonomy":"product_brand","embeddable":true,"href":"https:\/\/staging.passione500.it\/fr\/wp-json\/wp\/v2\/product_brand?post=18059"},{"taxonomy":"product_cat","embeddable":true,"href":"https:\/\/staging.passione500.it\/fr\/wp-json\/wp\/v2\/product_cat?post=18059"},{"taxonomy":"product_tag","embeddable":true,"href":"https:\/\/staging.passione500.it\/fr\/wp-json\/wp\/v2\/product_tag?post=18059"}],"curies":[{"name":"wp","href":"https:\/\/api.w.org\/{rel}","templated":true}]}}