{"id":17792,"date":"2024-05-23T17:45:18","date_gmt":"2024-05-23T15:45:21","guid":{"rendered":"https:\/\/staging.passione500.it\/?post_type=product&#038;p=17792"},"modified":"2024-05-24T15:20:22","modified_gmt":"2024-05-24T13:20:22","slug":"garniture-arriere-de-compteur-fiat-500-n-d-jusqua-n-de-pieces-detachees-648848-fiat-500-giardiniera-jusqua-mai-1964","status":"publish","type":"product","link":"https:\/\/staging.passione500.it\/fr\/fiat-500-fr\/fiat-autobianchi-500-giardiniera-fr\/details-interieur-giard-fr\/garniture-arriere-de-compteur-fiat-500-n-d-jusqua-n-de-pieces-detachees-648848-fiat-500-giardiniera-jusqua-mai-1964\/","title":{"rendered":"Garniture Arri\u00e8re de Compteur Fiat 500 N \u2013 D (jusqu&rsquo;\u00e0 n.\u00b0 de pi\u00e8ces d\u00e9tach\u00e9es 648848) \u2013 Fiat 500 Giardiniera (jusqu&rsquo;\u00e0 Mai 1964)"},"content":{"rendered":"<h4>Pour une voiture compl\u00e8te il est n\u00e9cessaire d&rsquo;acheter 1 pi\u00e8ce<\/h4>\n<h4>Adaptable avec compteur code ELE117H<\/h4>\n<h4>V\u00e9rifiez le \u00ab\u00a0n.\u00b0 de pi\u00e8ces d\u00e9tach\u00e9es\u00a0\u00bb sur la plaque d\u2019identification du chassis en aluminium de votre voiture<\/h4>\n<h4><img decoding=\"async\" class=\"alignnone wp-image-5690\" src=\"https:\/\/staging.passione500.it\/wp-content\/uploads\/2022\/10\/nr_per-_ricambi-1-300x225.jpg\" alt=\"\" width=\"349\" height=\"262\" \/><\/h4>\n","protected":false},"excerpt":{"rendered":"<p>Prodotto in offerta fino a maggio.<\/p>\n","protected":false},"featured_media":17795,"template":"","meta":{"_et_pb_use_builder":"","_et_pb_old_content":"","_et_gb_content_width":""},"product_brand":[],"product_cat":[720,2513,1858,1862,2483,1566,1848,1852,1868,1872,749,2519],"product_tag":[],"class_list":{"0":"post-17792","1":"product","2":"type-product","3":"status-publish","4":"has-post-thumbnail","6":"product_cat-systeme-electrique-diverses-n-fr","7":"product_cat-systemes-electrique-diverses-tt-fr","8":"product_cat-systeme-electrique-diverses-d-fr","9":"product_cat-systeme-electrique-diverses-giard-fr","10":"product_cat-details-interieur-tt-fr","11":"product_cat-details-interieur-n-fr","12":"product_cat-details-interieur-d-fr","13":"product_cat-details-interieur-giard-fr","14":"product_cat-particulier-en-caoutchouc-d-fr","15":"product_cat-particulier-en-caoutchouc-giard-fr","16":"product_cat-particulier-en-caoutchouc-n-fr","17":"product_cat-particulier-en-caoutchouc-tt-fr","18":"product_shipping_class-shipping-1-fr","20":"first","21":"instock","22":"taxable","23":"shipping-taxable","24":"purchasable","25":"product-type-simple"},"yoast_head":"<!-- This site is optimized with the Yoast SEO plugin v27.3 - https:\/\/yoast.com\/product\/yoast-seo-wordpress\/ -->\n<title>Garniture Compteur Fiat 500 | Passione 500<\/title>\n<meta name=\"description\" content=\"Retrouvez sur notre site Garniture Compteur pour Fiat 500. Plus de 3000 pi\u00e8ces d\u00e9tach\u00e9es disponibles en stock.PROFITEZ DE NOS OFFRES ! %\" \/>\n<meta name=\"robots\" content=\"noindex, follow, max-snippet:-1, max-image-preview:large, max-video-preview:-1\" \/>\n<meta property=\"og:locale\" content=\"fr_FR\" \/>\n<meta property=\"og:type\" content=\"article\" \/>\n<meta property=\"og:title\" content=\"Garniture Compteur Fiat 500 | Passione 500\" \/>\n<meta property=\"og:description\" content=\"Retrouvez sur notre site Garniture Compteur pour Fiat 500. Plus de 3000 pi\u00e8ces d\u00e9tach\u00e9es disponibles en stock.PROFITEZ DE NOS OFFRES ! %\" \/>\n<meta property=\"og:url\" content=\"https:\/\/staging.passione500.it\/fr\/fiat-500-fr\/fiat-autobianchi-500-giardiniera-fr\/details-interieur-giard-fr\/garniture-arriere-de-compteur-fiat-500-n-d-jusqua-n-de-pieces-detachees-648848-fiat-500-giardiniera-jusqua-mai-1964\/\" \/>\n<meta property=\"og:site_name\" content=\"Passione 500\" \/>\n<meta property=\"article:modified_time\" content=\"2024-05-24T13:20:22+00:00\" \/>\n<meta property=\"og:image\" content=\"https:\/\/passione500.it\/wp-content\/uploads\/2024\/05\/guarnizione-tachimetro-500-D.jpg\" \/>\n\t<meta property=\"og:image:width\" content=\"2048\" \/>\n\t<meta property=\"og:image:height\" content=\"1536\" \/>\n\t<meta property=\"og:image:type\" content=\"image\/jpeg\" \/>\n<meta name=\"twitter:card\" content=\"summary_large_image\" \/>\n<meta name=\"twitter:label1\" content=\"Dur\u00e9e de lecture estim\u00e9e\" \/>\n\t<meta name=\"twitter:data1\" content=\"1 minute\" \/>\n<script type=\"application\/ld+json\" class=\"yoast-schema-graph\">{\"@context\":\"https:\\\/\\\/schema.org\",\"@graph\":[{\"@type\":\"WebPage\",\"@id\":\"https:\\\/\\\/staging.passione500.it\\\/fr\\\/fiat-500-fr\\\/fiat-autobianchi-500-giardiniera-fr\\\/details-interieur-giard-fr\\\/garniture-arriere-de-compteur-fiat-500-n-d-jusqua-n-de-pieces-detachees-648848-fiat-500-giardiniera-jusqua-mai-1964\\\/\",\"url\":\"https:\\\/\\\/staging.passione500.it\\\/fr\\\/fiat-500-fr\\\/fiat-autobianchi-500-giardiniera-fr\\\/details-interieur-giard-fr\\\/garniture-arriere-de-compteur-fiat-500-n-d-jusqua-n-de-pieces-detachees-648848-fiat-500-giardiniera-jusqua-mai-1964\\\/\",\"name\":\"Garniture Compteur Fiat 500 | Passione 500\",\"isPartOf\":{\"@id\":\"https:\\\/\\\/staging.passione500.it\\\/fr\\\/#website\"},\"primaryImageOfPage\":{\"@id\":\"https:\\\/\\\/staging.passione500.it\\\/fr\\\/fiat-500-fr\\\/fiat-autobianchi-500-giardiniera-fr\\\/details-interieur-giard-fr\\\/garniture-arriere-de-compteur-fiat-500-n-d-jusqua-n-de-pieces-detachees-648848-fiat-500-giardiniera-jusqua-mai-1964\\\/#primaryimage\"},\"image\":{\"@id\":\"https:\\\/\\\/staging.passione500.it\\\/fr\\\/fiat-500-fr\\\/fiat-autobianchi-500-giardiniera-fr\\\/details-interieur-giard-fr\\\/garniture-arriere-de-compteur-fiat-500-n-d-jusqua-n-de-pieces-detachees-648848-fiat-500-giardiniera-jusqua-mai-1964\\\/#primaryimage\"},\"thumbnailUrl\":\"https:\\\/\\\/staging.passione500.it\\\/wp-content\\\/uploads\\\/2024\\\/05\\\/guarnizione-tachimetro-500-D.jpg\",\"datePublished\":\"2024-05-23T15:45:21+00:00\",\"dateModified\":\"2024-05-24T13:20:22+00:00\",\"description\":\"Retrouvez sur notre site Garniture Compteur pour Fiat 500. Plus de 3000 pi\u00e8ces d\u00e9tach\u00e9es disponibles en stock.PROFITEZ DE NOS OFFRES ! %\",\"breadcrumb\":{\"@id\":\"https:\\\/\\\/staging.passione500.it\\\/fr\\\/fiat-500-fr\\\/fiat-autobianchi-500-giardiniera-fr\\\/details-interieur-giard-fr\\\/garniture-arriere-de-compteur-fiat-500-n-d-jusqua-n-de-pieces-detachees-648848-fiat-500-giardiniera-jusqua-mai-1964\\\/#breadcrumb\"},\"inLanguage\":\"fr-FR\",\"potentialAction\":[{\"@type\":\"ReadAction\",\"target\":[\"https:\\\/\\\/staging.passione500.it\\\/fr\\\/fiat-500-fr\\\/fiat-autobianchi-500-giardiniera-fr\\\/details-interieur-giard-fr\\\/garniture-arriere-de-compteur-fiat-500-n-d-jusqua-n-de-pieces-detachees-648848-fiat-500-giardiniera-jusqua-mai-1964\\\/\"]}]},{\"@type\":\"ImageObject\",\"inLanguage\":\"fr-FR\",\"@id\":\"https:\\\/\\\/staging.passione500.it\\\/fr\\\/fiat-500-fr\\\/fiat-autobianchi-500-giardiniera-fr\\\/details-interieur-giard-fr\\\/garniture-arriere-de-compteur-fiat-500-n-d-jusqua-n-de-pieces-detachees-648848-fiat-500-giardiniera-jusqua-mai-1964\\\/#primaryimage\",\"url\":\"https:\\\/\\\/staging.passione500.it\\\/wp-content\\\/uploads\\\/2024\\\/05\\\/guarnizione-tachimetro-500-D.jpg\",\"contentUrl\":\"https:\\\/\\\/staging.passione500.it\\\/wp-content\\\/uploads\\\/2024\\\/05\\\/guarnizione-tachimetro-500-D.jpg\",\"width\":2048,\"height\":1536,\"caption\":\"guarnizione contachilometri Fiat 500 N D\"},{\"@type\":\"BreadcrumbList\",\"@id\":\"https:\\\/\\\/staging.passione500.it\\\/fr\\\/fiat-500-fr\\\/fiat-autobianchi-500-giardiniera-fr\\\/details-interieur-giard-fr\\\/garniture-arriere-de-compteur-fiat-500-n-d-jusqua-n-de-pieces-detachees-648848-fiat-500-giardiniera-jusqua-mai-1964\\\/#breadcrumb\",\"itemListElement\":[{\"@type\":\"ListItem\",\"position\":1,\"name\":\"Home\",\"item\":\"https:\\\/\\\/passione500.it\\\/fr\\\/\"},{\"@type\":\"ListItem\",\"position\":2,\"name\":\"Fiat 500\",\"item\":\"https:\\\/\\\/staging.passione500.it\\\/fr\\\/fiat-500-fr\\\/\"},{\"@type\":\"ListItem\",\"position\":3,\"name\":\"Fiat et Autobianchi 500 Giardiniera\",\"item\":\"https:\\\/\\\/staging.passione500.it\\\/fr\\\/fiat-500-fr\\\/fiat-autobianchi-500-giardiniera-fr\\\/\"},{\"@type\":\"ListItem\",\"position\":4,\"name\":\"D\u00e9tails Int\u00e9rieur\",\"item\":\"https:\\\/\\\/staging.passione500.it\\\/fr\\\/fiat-500-fr\\\/fiat-autobianchi-500-giardiniera-fr\\\/details-interieur-giard-fr\\\/\"},{\"@type\":\"ListItem\",\"position\":5,\"name\":\"Garniture Arri\u00e8re de Compteur Fiat 500 N \u2013 D (jusqu&rsquo;\u00e0 n.\u00b0 de pi\u00e8ces d\u00e9tach\u00e9es 648848) \u2013 Fiat 500 Giardiniera (jusqu&rsquo;\u00e0 Mai 1964)\"}]},{\"@type\":\"WebSite\",\"@id\":\"https:\\\/\\\/staging.passione500.it\\\/fr\\\/#website\",\"url\":\"https:\\\/\\\/staging.passione500.it\\\/fr\\\/\",\"name\":\"Passione 500\",\"description\":\"Ricambi Fiat 500 d&#039;Epoca\",\"publisher\":{\"@id\":\"https:\\\/\\\/staging.passione500.it\\\/fr\\\/#organization\"},\"potentialAction\":[{\"@type\":\"SearchAction\",\"target\":{\"@type\":\"EntryPoint\",\"urlTemplate\":\"https:\\\/\\\/staging.passione500.it\\\/fr\\\/?s={search_term_string}\"},\"query-input\":{\"@type\":\"PropertyValueSpecification\",\"valueRequired\":true,\"valueName\":\"search_term_string\"}}],\"inLanguage\":\"fr-FR\"},{\"@type\":\"Organization\",\"@id\":\"https:\\\/\\\/staging.passione500.it\\\/fr\\\/#organization\",\"name\":\"Passione 500\",\"url\":\"https:\\\/\\\/staging.passione500.it\\\/fr\\\/\",\"logo\":{\"@type\":\"ImageObject\",\"inLanguage\":\"fr-FR\",\"@id\":\"https:\\\/\\\/staging.passione500.it\\\/fr\\\/#\\\/schema\\\/logo\\\/image\\\/\",\"url\":\"https:\\\/\\\/staging.passione500.it\\\/wp-content\\\/uploads\\\/2025\\\/12\\\/PASSIONE-LOGO-APPROVATO.png\",\"contentUrl\":\"https:\\\/\\\/staging.passione500.it\\\/wp-content\\\/uploads\\\/2025\\\/12\\\/PASSIONE-LOGO-APPROVATO.png\",\"width\":348,\"height\":125,\"caption\":\"Passione 500\"},\"image\":{\"@id\":\"https:\\\/\\\/staging.passione500.it\\\/fr\\\/#\\\/schema\\\/logo\\\/image\\\/\"}}]}<\/script>\n<!-- \/ Yoast SEO plugin. -->","yoast_head_json":{"title":"Garniture Compteur Fiat 500 | Passione 500","description":"Retrouvez sur notre site Garniture Compteur pour Fiat 500. Plus de 3000 pi\u00e8ces d\u00e9tach\u00e9es disponibles en stock.PROFITEZ DE NOS OFFRES ! %","robots":{"index":"noindex","follow":"follow","max-snippet":"max-snippet:-1","max-image-preview":"max-image-preview:large","max-video-preview":"max-video-preview:-1"},"og_locale":"fr_FR","og_type":"article","og_title":"Garniture Compteur Fiat 500 | Passione 500","og_description":"Retrouvez sur notre site Garniture Compteur pour Fiat 500. Plus de 3000 pi\u00e8ces d\u00e9tach\u00e9es disponibles en stock.PROFITEZ DE NOS OFFRES ! %","og_url":"https:\/\/staging.passione500.it\/fr\/fiat-500-fr\/fiat-autobianchi-500-giardiniera-fr\/details-interieur-giard-fr\/garniture-arriere-de-compteur-fiat-500-n-d-jusqua-n-de-pieces-detachees-648848-fiat-500-giardiniera-jusqua-mai-1964\/","og_site_name":"Passione 500","article_modified_time":"2024-05-24T13:20:22+00:00","og_image":[{"width":2048,"height":1536,"url":"https:\/\/passione500.it\/wp-content\/uploads\/2024\/05\/guarnizione-tachimetro-500-D.jpg","type":"image\/jpeg"}],"twitter_card":"summary_large_image","twitter_misc":{"Dur\u00e9e de lecture estim\u00e9e":"1 minute"},"schema":{"@context":"https:\/\/schema.org","@graph":[{"@type":"WebPage","@id":"https:\/\/staging.passione500.it\/fr\/fiat-500-fr\/fiat-autobianchi-500-giardiniera-fr\/details-interieur-giard-fr\/garniture-arriere-de-compteur-fiat-500-n-d-jusqua-n-de-pieces-detachees-648848-fiat-500-giardiniera-jusqua-mai-1964\/","url":"https:\/\/staging.passione500.it\/fr\/fiat-500-fr\/fiat-autobianchi-500-giardiniera-fr\/details-interieur-giard-fr\/garniture-arriere-de-compteur-fiat-500-n-d-jusqua-n-de-pieces-detachees-648848-fiat-500-giardiniera-jusqua-mai-1964\/","name":"Garniture Compteur Fiat 500 | Passione 500","isPartOf":{"@id":"https:\/\/staging.passione500.it\/fr\/#website"},"primaryImageOfPage":{"@id":"https:\/\/staging.passione500.it\/fr\/fiat-500-fr\/fiat-autobianchi-500-giardiniera-fr\/details-interieur-giard-fr\/garniture-arriere-de-compteur-fiat-500-n-d-jusqua-n-de-pieces-detachees-648848-fiat-500-giardiniera-jusqua-mai-1964\/#primaryimage"},"image":{"@id":"https:\/\/staging.passione500.it\/fr\/fiat-500-fr\/fiat-autobianchi-500-giardiniera-fr\/details-interieur-giard-fr\/garniture-arriere-de-compteur-fiat-500-n-d-jusqua-n-de-pieces-detachees-648848-fiat-500-giardiniera-jusqua-mai-1964\/#primaryimage"},"thumbnailUrl":"https:\/\/staging.passione500.it\/wp-content\/uploads\/2024\/05\/guarnizione-tachimetro-500-D.jpg","datePublished":"2024-05-23T15:45:21+00:00","dateModified":"2024-05-24T13:20:22+00:00","description":"Retrouvez sur notre site Garniture Compteur pour Fiat 500. Plus de 3000 pi\u00e8ces d\u00e9tach\u00e9es disponibles en stock.PROFITEZ DE NOS OFFRES ! %","breadcrumb":{"@id":"https:\/\/staging.passione500.it\/fr\/fiat-500-fr\/fiat-autobianchi-500-giardiniera-fr\/details-interieur-giard-fr\/garniture-arriere-de-compteur-fiat-500-n-d-jusqua-n-de-pieces-detachees-648848-fiat-500-giardiniera-jusqua-mai-1964\/#breadcrumb"},"inLanguage":"fr-FR","potentialAction":[{"@type":"ReadAction","target":["https:\/\/staging.passione500.it\/fr\/fiat-500-fr\/fiat-autobianchi-500-giardiniera-fr\/details-interieur-giard-fr\/garniture-arriere-de-compteur-fiat-500-n-d-jusqua-n-de-pieces-detachees-648848-fiat-500-giardiniera-jusqua-mai-1964\/"]}]},{"@type":"ImageObject","inLanguage":"fr-FR","@id":"https:\/\/staging.passione500.it\/fr\/fiat-500-fr\/fiat-autobianchi-500-giardiniera-fr\/details-interieur-giard-fr\/garniture-arriere-de-compteur-fiat-500-n-d-jusqua-n-de-pieces-detachees-648848-fiat-500-giardiniera-jusqua-mai-1964\/#primaryimage","url":"https:\/\/staging.passione500.it\/wp-content\/uploads\/2024\/05\/guarnizione-tachimetro-500-D.jpg","contentUrl":"https:\/\/staging.passione500.it\/wp-content\/uploads\/2024\/05\/guarnizione-tachimetro-500-D.jpg","width":2048,"height":1536,"caption":"guarnizione contachilometri Fiat 500 N D"},{"@type":"BreadcrumbList","@id":"https:\/\/staging.passione500.it\/fr\/fiat-500-fr\/fiat-autobianchi-500-giardiniera-fr\/details-interieur-giard-fr\/garniture-arriere-de-compteur-fiat-500-n-d-jusqua-n-de-pieces-detachees-648848-fiat-500-giardiniera-jusqua-mai-1964\/#breadcrumb","itemListElement":[{"@type":"ListItem","position":1,"name":"Home","item":"https:\/\/passione500.it\/fr\/"},{"@type":"ListItem","position":2,"name":"Fiat 500","item":"https:\/\/staging.passione500.it\/fr\/fiat-500-fr\/"},{"@type":"ListItem","position":3,"name":"Fiat et Autobianchi 500 Giardiniera","item":"https:\/\/staging.passione500.it\/fr\/fiat-500-fr\/fiat-autobianchi-500-giardiniera-fr\/"},{"@type":"ListItem","position":4,"name":"D\u00e9tails Int\u00e9rieur","item":"https:\/\/staging.passione500.it\/fr\/fiat-500-fr\/fiat-autobianchi-500-giardiniera-fr\/details-interieur-giard-fr\/"},{"@type":"ListItem","position":5,"name":"Garniture Arri\u00e8re de Compteur Fiat 500 N \u2013 D (jusqu&rsquo;\u00e0 n.\u00b0 de pi\u00e8ces d\u00e9tach\u00e9es 648848) \u2013 Fiat 500 Giardiniera (jusqu&rsquo;\u00e0 Mai 1964)"}]},{"@type":"WebSite","@id":"https:\/\/staging.passione500.it\/fr\/#website","url":"https:\/\/staging.passione500.it\/fr\/","name":"Passione 500","description":"Ricambi Fiat 500 d&#039;Epoca","publisher":{"@id":"https:\/\/staging.passione500.it\/fr\/#organization"},"potentialAction":[{"@type":"SearchAction","target":{"@type":"EntryPoint","urlTemplate":"https:\/\/staging.passione500.it\/fr\/?s={search_term_string}"},"query-input":{"@type":"PropertyValueSpecification","valueRequired":true,"valueName":"search_term_string"}}],"inLanguage":"fr-FR"},{"@type":"Organization","@id":"https:\/\/staging.passione500.it\/fr\/#organization","name":"Passione 500","url":"https:\/\/staging.passione500.it\/fr\/","logo":{"@type":"ImageObject","inLanguage":"fr-FR","@id":"https:\/\/staging.passione500.it\/fr\/#\/schema\/logo\/image\/","url":"https:\/\/staging.passione500.it\/wp-content\/uploads\/2025\/12\/PASSIONE-LOGO-APPROVATO.png","contentUrl":"https:\/\/staging.passione500.it\/wp-content\/uploads\/2025\/12\/PASSIONE-LOGO-APPROVATO.png","width":348,"height":125,"caption":"Passione 500"},"image":{"@id":"https:\/\/staging.passione500.it\/fr\/#\/schema\/logo\/image\/"}}]}},"_links":{"self":[{"href":"https:\/\/staging.passione500.it\/fr\/wp-json\/wp\/v2\/product\/17792","targetHints":{"allow":["GET"]}}],"collection":[{"href":"https:\/\/staging.passione500.it\/fr\/wp-json\/wp\/v2\/product"}],"about":[{"href":"https:\/\/staging.passione500.it\/fr\/wp-json\/wp\/v2\/types\/product"}],"wp:featuredmedia":[{"embeddable":true,"href":"https:\/\/staging.passione500.it\/fr\/wp-json\/wp\/v2\/media\/17795"}],"wp:attachment":[{"href":"https:\/\/staging.passione500.it\/fr\/wp-json\/wp\/v2\/media?parent=17792"}],"wp:term":[{"taxonomy":"product_brand","embeddable":true,"href":"https:\/\/staging.passione500.it\/fr\/wp-json\/wp\/v2\/product_brand?post=17792"},{"taxonomy":"product_cat","embeddable":true,"href":"https:\/\/staging.passione500.it\/fr\/wp-json\/wp\/v2\/product_cat?post=17792"},{"taxonomy":"product_tag","embeddable":true,"href":"https:\/\/staging.passione500.it\/fr\/wp-json\/wp\/v2\/product_tag?post=17792"}],"curies":[{"name":"wp","href":"https:\/\/api.w.org\/{rel}","templated":true}]}}