{"id":10299,"date":"2023-12-13T18:25:45","date_gmt":"2023-12-13T17:25:47","guid":{"rendered":"https:\/\/staging.passione500.it\/?post_type=product&#038;p=10299"},"modified":"2023-12-13T18:31:56","modified_gmt":"2023-12-13T17:31:56","slug":"housse-de-protection-interieure-gris-avec-logo-rouge-fiat-et-autobianchi-500-giardiniera","status":"publish","type":"product","link":"https:\/\/staging.passione500.it\/fr\/fiat-500-fr\/fiat-autobianchi-500-giardiniera-fr\/details-exterieur-et-baguettes-giard-fr\/details-exterieur-giard-fr\/housse-de-protection-interieure-gris-avec-logo-rouge-fiat-et-autobianchi-500-giardiniera\/","title":{"rendered":"Housse de Protection Int\u00e9rieure Gris avec Logo Rouge Fiat et Autobianchi 500 Giardiniera"},"content":{"rendered":"<h4>Pour une voiture compl\u00e8te il est n\u00e9cessaire d&rsquo;acheter 1 pi\u00e8ce<\/h4>\n<h4>Offre une protection compl\u00e8te contre le soleil, la pluie, la neige, la glace, la poussi\u00e8re, le sable, la salet\u00e9 v\u00e9g\u00e9tale et les oiseaux. Etant soud\u00e9 \u00e9lectroniquement, il garantit une \u00e9tanch\u00e9it\u00e9 absolue. Gr\u00e2ce \u00e0 son \u00ab\u00a0non-tiss\u00e9\u00a0\u00bb int\u00e9rieur en polyester tr\u00e8s doux, il est extr\u00eamement agr\u00e9able au toucher et recouvre d\u00e9licatement la peinture de la voiture. La housse de voiture est cousue le long du bord inf\u00e9rieur avec un \u00e9lastique suppl\u00e9mentaire \u00e0 l&rsquo;avant et \u00e0 l&rsquo;arri\u00e8re. De plus, il est \u00e9quip\u00e9 de deux \u0153illets sur les c\u00f4t\u00e9s pour un montage efficace et facile.<\/h4>\n<p>&nbsp;<\/p>\n","protected":false},"excerpt":{"rendered":"<p>Prodotto in offerta fino a maggio.<\/p>\n","protected":false},"featured_media":10282,"template":"","meta":{"_et_pb_use_builder":"","_et_pb_old_content":"","_et_gb_content_width":""},"product_brand":[],"product_cat":[1842,2477],"product_tag":[],"class_list":{"0":"post-10299","1":"product","2":"type-product","3":"status-publish","4":"has-post-thumbnail","6":"product_cat-details-exterieur-giard-fr","7":"product_cat-details-exterieur-tt-fr","8":"product_shipping_class-shipping-1-fr","10":"first","11":"instock","12":"taxable","13":"shipping-taxable","14":"purchasable","15":"product-type-simple"},"yoast_head":"<!-- This site is optimized with the Yoast SEO plugin v27.3 - https:\/\/yoast.com\/product\/yoast-seo-wordpress\/ -->\n<title>Housse Protection Fiat 500 | Passione 500<\/title>\n<meta name=\"description\" content=\"Retrouvez sur notre site Housse Protection pour Fiat 500. Plus de 3000 pi\u00e8ces d\u00e9tach\u00e9es disponibles en stock.PROFITEZ DE NOS OFFRES ! %\" \/>\n<meta name=\"robots\" content=\"noindex, follow, max-snippet:-1, max-image-preview:large, max-video-preview:-1\" \/>\n<meta property=\"og:locale\" content=\"fr_FR\" \/>\n<meta property=\"og:type\" content=\"article\" \/>\n<meta property=\"og:title\" content=\"Housse Protection Fiat 500 | Passione 500\" \/>\n<meta property=\"og:description\" content=\"Retrouvez sur notre site Housse Protection pour Fiat 500. Plus de 3000 pi\u00e8ces d\u00e9tach\u00e9es disponibles en stock.PROFITEZ DE NOS OFFRES ! %\" \/>\n<meta property=\"og:url\" content=\"https:\/\/staging.passione500.it\/fr\/fiat-500-fr\/fiat-autobianchi-500-giardiniera-fr\/details-exterieur-et-baguettes-giard-fr\/details-exterieur-giard-fr\/housse-de-protection-interieure-gris-avec-logo-rouge-fiat-et-autobianchi-500-giardiniera\/\" \/>\n<meta property=\"og:site_name\" content=\"Passione 500\" \/>\n<meta property=\"article:modified_time\" content=\"2023-12-13T17:31:56+00:00\" \/>\n<meta property=\"og:image\" content=\"https:\/\/passione500.it\/wp-content\/uploads\/2023\/12\/telo-copriauto.jpg\" \/>\n\t<meta property=\"og:image:width\" content=\"2048\" \/>\n\t<meta property=\"og:image:height\" content=\"1536\" \/>\n\t<meta property=\"og:image:type\" content=\"image\/jpeg\" \/>\n<meta name=\"twitter:card\" content=\"summary_large_image\" \/>\n<meta name=\"twitter:label1\" content=\"Dur\u00e9e de lecture estim\u00e9e\" \/>\n\t<meta name=\"twitter:data1\" content=\"1 minute\" \/>\n<script type=\"application\/ld+json\" class=\"yoast-schema-graph\">{\"@context\":\"https:\\\/\\\/schema.org\",\"@graph\":[{\"@type\":\"WebPage\",\"@id\":\"https:\\\/\\\/staging.passione500.it\\\/fr\\\/fiat-500-fr\\\/fiat-autobianchi-500-giardiniera-fr\\\/details-exterieur-et-baguettes-giard-fr\\\/details-exterieur-giard-fr\\\/housse-de-protection-interieure-gris-avec-logo-rouge-fiat-et-autobianchi-500-giardiniera\\\/\",\"url\":\"https:\\\/\\\/staging.passione500.it\\\/fr\\\/fiat-500-fr\\\/fiat-autobianchi-500-giardiniera-fr\\\/details-exterieur-et-baguettes-giard-fr\\\/details-exterieur-giard-fr\\\/housse-de-protection-interieure-gris-avec-logo-rouge-fiat-et-autobianchi-500-giardiniera\\\/\",\"name\":\"Housse Protection Fiat 500 | Passione 500\",\"isPartOf\":{\"@id\":\"https:\\\/\\\/staging.passione500.it\\\/fr\\\/#website\"},\"primaryImageOfPage\":{\"@id\":\"https:\\\/\\\/staging.passione500.it\\\/fr\\\/fiat-500-fr\\\/fiat-autobianchi-500-giardiniera-fr\\\/details-exterieur-et-baguettes-giard-fr\\\/details-exterieur-giard-fr\\\/housse-de-protection-interieure-gris-avec-logo-rouge-fiat-et-autobianchi-500-giardiniera\\\/#primaryimage\"},\"image\":{\"@id\":\"https:\\\/\\\/staging.passione500.it\\\/fr\\\/fiat-500-fr\\\/fiat-autobianchi-500-giardiniera-fr\\\/details-exterieur-et-baguettes-giard-fr\\\/details-exterieur-giard-fr\\\/housse-de-protection-interieure-gris-avec-logo-rouge-fiat-et-autobianchi-500-giardiniera\\\/#primaryimage\"},\"thumbnailUrl\":\"https:\\\/\\\/staging.passione500.it\\\/wp-content\\\/uploads\\\/2023\\\/12\\\/telo-copriauto.jpg\",\"datePublished\":\"2023-12-13T17:25:47+00:00\",\"dateModified\":\"2023-12-13T17:31:56+00:00\",\"description\":\"Retrouvez sur notre site Housse Protection pour Fiat 500. Plus de 3000 pi\u00e8ces d\u00e9tach\u00e9es disponibles en stock.PROFITEZ DE NOS OFFRES ! %\",\"breadcrumb\":{\"@id\":\"https:\\\/\\\/staging.passione500.it\\\/fr\\\/fiat-500-fr\\\/fiat-autobianchi-500-giardiniera-fr\\\/details-exterieur-et-baguettes-giard-fr\\\/details-exterieur-giard-fr\\\/housse-de-protection-interieure-gris-avec-logo-rouge-fiat-et-autobianchi-500-giardiniera\\\/#breadcrumb\"},\"inLanguage\":\"fr-FR\",\"potentialAction\":[{\"@type\":\"ReadAction\",\"target\":[\"https:\\\/\\\/staging.passione500.it\\\/fr\\\/fiat-500-fr\\\/fiat-autobianchi-500-giardiniera-fr\\\/details-exterieur-et-baguettes-giard-fr\\\/details-exterieur-giard-fr\\\/housse-de-protection-interieure-gris-avec-logo-rouge-fiat-et-autobianchi-500-giardiniera\\\/\"]}]},{\"@type\":\"ImageObject\",\"inLanguage\":\"fr-FR\",\"@id\":\"https:\\\/\\\/staging.passione500.it\\\/fr\\\/fiat-500-fr\\\/fiat-autobianchi-500-giardiniera-fr\\\/details-exterieur-et-baguettes-giard-fr\\\/details-exterieur-giard-fr\\\/housse-de-protection-interieure-gris-avec-logo-rouge-fiat-et-autobianchi-500-giardiniera\\\/#primaryimage\",\"url\":\"https:\\\/\\\/staging.passione500.it\\\/wp-content\\\/uploads\\\/2023\\\/12\\\/telo-copriauto.jpg\",\"contentUrl\":\"https:\\\/\\\/staging.passione500.it\\\/wp-content\\\/uploads\\\/2023\\\/12\\\/telo-copriauto.jpg\",\"width\":2048,\"height\":1536,\"caption\":\"telo copriauto Fiat 500\"},{\"@type\":\"BreadcrumbList\",\"@id\":\"https:\\\/\\\/staging.passione500.it\\\/fr\\\/fiat-500-fr\\\/fiat-autobianchi-500-giardiniera-fr\\\/details-exterieur-et-baguettes-giard-fr\\\/details-exterieur-giard-fr\\\/housse-de-protection-interieure-gris-avec-logo-rouge-fiat-et-autobianchi-500-giardiniera\\\/#breadcrumb\",\"itemListElement\":[{\"@type\":\"ListItem\",\"position\":1,\"name\":\"Home\",\"item\":\"https:\\\/\\\/passione500.it\\\/fr\\\/\"},{\"@type\":\"ListItem\",\"position\":2,\"name\":\"Fiat 500\",\"item\":\"https:\\\/\\\/staging.passione500.it\\\/fr\\\/fiat-500-fr\\\/\"},{\"@type\":\"ListItem\",\"position\":3,\"name\":\"Fiat et Autobianchi 500 Giardiniera\",\"item\":\"https:\\\/\\\/staging.passione500.it\\\/fr\\\/fiat-500-fr\\\/fiat-autobianchi-500-giardiniera-fr\\\/\"},{\"@type\":\"ListItem\",\"position\":4,\"name\":\"D\u00e9tails Ext\u00e9rieur et Baguettes\",\"item\":\"https:\\\/\\\/staging.passione500.it\\\/fr\\\/fiat-500-fr\\\/fiat-autobianchi-500-giardiniera-fr\\\/details-exterieur-et-baguettes-giard-fr\\\/\"},{\"@type\":\"ListItem\",\"position\":5,\"name\":\"D\u00e9tails Ext\u00e9rieur\",\"item\":\"https:\\\/\\\/staging.passione500.it\\\/fr\\\/fiat-500-fr\\\/fiat-autobianchi-500-giardiniera-fr\\\/details-exterieur-et-baguettes-giard-fr\\\/details-exterieur-giard-fr\\\/\"},{\"@type\":\"ListItem\",\"position\":6,\"name\":\"Housse de Protection Int\u00e9rieure Gris avec Logo Rouge Fiat et Autobianchi 500 Giardiniera\"}]},{\"@type\":\"WebSite\",\"@id\":\"https:\\\/\\\/staging.passione500.it\\\/fr\\\/#website\",\"url\":\"https:\\\/\\\/staging.passione500.it\\\/fr\\\/\",\"name\":\"Passione 500\",\"description\":\"Ricambi Fiat 500 d&#039;Epoca\",\"publisher\":{\"@id\":\"https:\\\/\\\/staging.passione500.it\\\/fr\\\/#organization\"},\"potentialAction\":[{\"@type\":\"SearchAction\",\"target\":{\"@type\":\"EntryPoint\",\"urlTemplate\":\"https:\\\/\\\/staging.passione500.it\\\/fr\\\/?s={search_term_string}\"},\"query-input\":{\"@type\":\"PropertyValueSpecification\",\"valueRequired\":true,\"valueName\":\"search_term_string\"}}],\"inLanguage\":\"fr-FR\"},{\"@type\":\"Organization\",\"@id\":\"https:\\\/\\\/staging.passione500.it\\\/fr\\\/#organization\",\"name\":\"Passione 500\",\"url\":\"https:\\\/\\\/staging.passione500.it\\\/fr\\\/\",\"logo\":{\"@type\":\"ImageObject\",\"inLanguage\":\"fr-FR\",\"@id\":\"https:\\\/\\\/staging.passione500.it\\\/fr\\\/#\\\/schema\\\/logo\\\/image\\\/\",\"url\":\"https:\\\/\\\/staging.passione500.it\\\/wp-content\\\/uploads\\\/2025\\\/12\\\/PASSIONE-LOGO-APPROVATO.png\",\"contentUrl\":\"https:\\\/\\\/staging.passione500.it\\\/wp-content\\\/uploads\\\/2025\\\/12\\\/PASSIONE-LOGO-APPROVATO.png\",\"width\":348,\"height\":125,\"caption\":\"Passione 500\"},\"image\":{\"@id\":\"https:\\\/\\\/staging.passione500.it\\\/fr\\\/#\\\/schema\\\/logo\\\/image\\\/\"}}]}<\/script>\n<!-- \/ Yoast SEO plugin. -->","yoast_head_json":{"title":"Housse Protection Fiat 500 | Passione 500","description":"Retrouvez sur notre site Housse Protection pour Fiat 500. Plus de 3000 pi\u00e8ces d\u00e9tach\u00e9es disponibles en stock.PROFITEZ DE NOS OFFRES ! %","robots":{"index":"noindex","follow":"follow","max-snippet":"max-snippet:-1","max-image-preview":"max-image-preview:large","max-video-preview":"max-video-preview:-1"},"og_locale":"fr_FR","og_type":"article","og_title":"Housse Protection Fiat 500 | Passione 500","og_description":"Retrouvez sur notre site Housse Protection pour Fiat 500. Plus de 3000 pi\u00e8ces d\u00e9tach\u00e9es disponibles en stock.PROFITEZ DE NOS OFFRES ! %","og_url":"https:\/\/staging.passione500.it\/fr\/fiat-500-fr\/fiat-autobianchi-500-giardiniera-fr\/details-exterieur-et-baguettes-giard-fr\/details-exterieur-giard-fr\/housse-de-protection-interieure-gris-avec-logo-rouge-fiat-et-autobianchi-500-giardiniera\/","og_site_name":"Passione 500","article_modified_time":"2023-12-13T17:31:56+00:00","og_image":[{"width":2048,"height":1536,"url":"https:\/\/passione500.it\/wp-content\/uploads\/2023\/12\/telo-copriauto.jpg","type":"image\/jpeg"}],"twitter_card":"summary_large_image","twitter_misc":{"Dur\u00e9e de lecture estim\u00e9e":"1 minute"},"schema":{"@context":"https:\/\/schema.org","@graph":[{"@type":"WebPage","@id":"https:\/\/staging.passione500.it\/fr\/fiat-500-fr\/fiat-autobianchi-500-giardiniera-fr\/details-exterieur-et-baguettes-giard-fr\/details-exterieur-giard-fr\/housse-de-protection-interieure-gris-avec-logo-rouge-fiat-et-autobianchi-500-giardiniera\/","url":"https:\/\/staging.passione500.it\/fr\/fiat-500-fr\/fiat-autobianchi-500-giardiniera-fr\/details-exterieur-et-baguettes-giard-fr\/details-exterieur-giard-fr\/housse-de-protection-interieure-gris-avec-logo-rouge-fiat-et-autobianchi-500-giardiniera\/","name":"Housse Protection Fiat 500 | Passione 500","isPartOf":{"@id":"https:\/\/staging.passione500.it\/fr\/#website"},"primaryImageOfPage":{"@id":"https:\/\/staging.passione500.it\/fr\/fiat-500-fr\/fiat-autobianchi-500-giardiniera-fr\/details-exterieur-et-baguettes-giard-fr\/details-exterieur-giard-fr\/housse-de-protection-interieure-gris-avec-logo-rouge-fiat-et-autobianchi-500-giardiniera\/#primaryimage"},"image":{"@id":"https:\/\/staging.passione500.it\/fr\/fiat-500-fr\/fiat-autobianchi-500-giardiniera-fr\/details-exterieur-et-baguettes-giard-fr\/details-exterieur-giard-fr\/housse-de-protection-interieure-gris-avec-logo-rouge-fiat-et-autobianchi-500-giardiniera\/#primaryimage"},"thumbnailUrl":"https:\/\/staging.passione500.it\/wp-content\/uploads\/2023\/12\/telo-copriauto.jpg","datePublished":"2023-12-13T17:25:47+00:00","dateModified":"2023-12-13T17:31:56+00:00","description":"Retrouvez sur notre site Housse Protection pour Fiat 500. Plus de 3000 pi\u00e8ces d\u00e9tach\u00e9es disponibles en stock.PROFITEZ DE NOS OFFRES ! %","breadcrumb":{"@id":"https:\/\/staging.passione500.it\/fr\/fiat-500-fr\/fiat-autobianchi-500-giardiniera-fr\/details-exterieur-et-baguettes-giard-fr\/details-exterieur-giard-fr\/housse-de-protection-interieure-gris-avec-logo-rouge-fiat-et-autobianchi-500-giardiniera\/#breadcrumb"},"inLanguage":"fr-FR","potentialAction":[{"@type":"ReadAction","target":["https:\/\/staging.passione500.it\/fr\/fiat-500-fr\/fiat-autobianchi-500-giardiniera-fr\/details-exterieur-et-baguettes-giard-fr\/details-exterieur-giard-fr\/housse-de-protection-interieure-gris-avec-logo-rouge-fiat-et-autobianchi-500-giardiniera\/"]}]},{"@type":"ImageObject","inLanguage":"fr-FR","@id":"https:\/\/staging.passione500.it\/fr\/fiat-500-fr\/fiat-autobianchi-500-giardiniera-fr\/details-exterieur-et-baguettes-giard-fr\/details-exterieur-giard-fr\/housse-de-protection-interieure-gris-avec-logo-rouge-fiat-et-autobianchi-500-giardiniera\/#primaryimage","url":"https:\/\/staging.passione500.it\/wp-content\/uploads\/2023\/12\/telo-copriauto.jpg","contentUrl":"https:\/\/staging.passione500.it\/wp-content\/uploads\/2023\/12\/telo-copriauto.jpg","width":2048,"height":1536,"caption":"telo copriauto Fiat 500"},{"@type":"BreadcrumbList","@id":"https:\/\/staging.passione500.it\/fr\/fiat-500-fr\/fiat-autobianchi-500-giardiniera-fr\/details-exterieur-et-baguettes-giard-fr\/details-exterieur-giard-fr\/housse-de-protection-interieure-gris-avec-logo-rouge-fiat-et-autobianchi-500-giardiniera\/#breadcrumb","itemListElement":[{"@type":"ListItem","position":1,"name":"Home","item":"https:\/\/passione500.it\/fr\/"},{"@type":"ListItem","position":2,"name":"Fiat 500","item":"https:\/\/staging.passione500.it\/fr\/fiat-500-fr\/"},{"@type":"ListItem","position":3,"name":"Fiat et Autobianchi 500 Giardiniera","item":"https:\/\/staging.passione500.it\/fr\/fiat-500-fr\/fiat-autobianchi-500-giardiniera-fr\/"},{"@type":"ListItem","position":4,"name":"D\u00e9tails Ext\u00e9rieur et Baguettes","item":"https:\/\/staging.passione500.it\/fr\/fiat-500-fr\/fiat-autobianchi-500-giardiniera-fr\/details-exterieur-et-baguettes-giard-fr\/"},{"@type":"ListItem","position":5,"name":"D\u00e9tails Ext\u00e9rieur","item":"https:\/\/staging.passione500.it\/fr\/fiat-500-fr\/fiat-autobianchi-500-giardiniera-fr\/details-exterieur-et-baguettes-giard-fr\/details-exterieur-giard-fr\/"},{"@type":"ListItem","position":6,"name":"Housse de Protection Int\u00e9rieure Gris avec Logo Rouge Fiat et Autobianchi 500 Giardiniera"}]},{"@type":"WebSite","@id":"https:\/\/staging.passione500.it\/fr\/#website","url":"https:\/\/staging.passione500.it\/fr\/","name":"Passione 500","description":"Ricambi Fiat 500 d&#039;Epoca","publisher":{"@id":"https:\/\/staging.passione500.it\/fr\/#organization"},"potentialAction":[{"@type":"SearchAction","target":{"@type":"EntryPoint","urlTemplate":"https:\/\/staging.passione500.it\/fr\/?s={search_term_string}"},"query-input":{"@type":"PropertyValueSpecification","valueRequired":true,"valueName":"search_term_string"}}],"inLanguage":"fr-FR"},{"@type":"Organization","@id":"https:\/\/staging.passione500.it\/fr\/#organization","name":"Passione 500","url":"https:\/\/staging.passione500.it\/fr\/","logo":{"@type":"ImageObject","inLanguage":"fr-FR","@id":"https:\/\/staging.passione500.it\/fr\/#\/schema\/logo\/image\/","url":"https:\/\/staging.passione500.it\/wp-content\/uploads\/2025\/12\/PASSIONE-LOGO-APPROVATO.png","contentUrl":"https:\/\/staging.passione500.it\/wp-content\/uploads\/2025\/12\/PASSIONE-LOGO-APPROVATO.png","width":348,"height":125,"caption":"Passione 500"},"image":{"@id":"https:\/\/staging.passione500.it\/fr\/#\/schema\/logo\/image\/"}}]}},"_links":{"self":[{"href":"https:\/\/staging.passione500.it\/fr\/wp-json\/wp\/v2\/product\/10299","targetHints":{"allow":["GET"]}}],"collection":[{"href":"https:\/\/staging.passione500.it\/fr\/wp-json\/wp\/v2\/product"}],"about":[{"href":"https:\/\/staging.passione500.it\/fr\/wp-json\/wp\/v2\/types\/product"}],"wp:featuredmedia":[{"embeddable":true,"href":"https:\/\/staging.passione500.it\/fr\/wp-json\/wp\/v2\/media\/10282"}],"wp:attachment":[{"href":"https:\/\/staging.passione500.it\/fr\/wp-json\/wp\/v2\/media?parent=10299"}],"wp:term":[{"taxonomy":"product_brand","embeddable":true,"href":"https:\/\/staging.passione500.it\/fr\/wp-json\/wp\/v2\/product_brand?post=10299"},{"taxonomy":"product_cat","embeddable":true,"href":"https:\/\/staging.passione500.it\/fr\/wp-json\/wp\/v2\/product_cat?post=10299"},{"taxonomy":"product_tag","embeddable":true,"href":"https:\/\/staging.passione500.it\/fr\/wp-json\/wp\/v2\/product_tag?post=10299"}],"curies":[{"name":"wp","href":"https:\/\/api.w.org\/{rel}","templated":true}]}}