{"id":10295,"date":"2023-12-13T18:13:20","date_gmt":"2023-12-13T17:13:23","guid":{"rendered":"https:\/\/staging.passione500.it\/?post_type=product&#038;p=10295"},"modified":"2023-12-13T18:22:06","modified_gmt":"2023-12-13T17:22:06","slug":"housse-de-protection-interieure-gris-avec-logo-rouge-fiat-500-n-d-f-l-r","status":"publish","type":"product","link":"https:\/\/staging.passione500.it\/fr\/fiat-500-fr\/fiat-500-n-fr\/details-exterieur-et-baguettes-n-fr\/details-exterieur-n-fr\/housse-de-protection-interieure-gris-avec-logo-rouge-fiat-500-n-d-f-l-r\/","title":{"rendered":"Housse de Protection Int\u00e9rieure Gris avec Logo Rouge Fiat 500 N &#8211; D &#8211; F &#8211; L &#8211; R"},"content":{"rendered":"<h4>Pour une voiture compl\u00e8te il est n\u00e9cessaire d&rsquo;acheter 1 pi\u00e8ce<\/h4>\n<h4>Id\u00e9al pour garder votre voiture propre dans le garage. Il est r\u00e9sistant \u00e0 la poussi\u00e8re, l\u00e9ger, facile \u00e0 mettre en place et prend peu de place. Fabriqu\u00e9 en polypropyl\u00e8ne, il reste souple et ne raye pas la peinture du v\u00e9hicule.<\/h4>\n","protected":false},"excerpt":{"rendered":"<p>Prodotto in offerta fino a maggio.<\/p>\n","protected":false},"featured_media":10282,"template":"","meta":{"_et_pb_use_builder":"","_et_pb_old_content":"","_et_gb_content_width":""},"product_brand":[],"product_cat":[1564,1839,1840,1841,2477,1843],"product_tag":[],"class_list":{"0":"post-10295","1":"product","2":"type-product","3":"status-publish","4":"has-post-thumbnail","6":"product_cat-details-exterieur-n-fr","7":"product_cat-details-exterieur-d-fr","8":"product_cat-details-exterieur-f-fr","9":"product_cat-details-exterieur-l-fr","10":"product_cat-details-exterieur-tt-fr","11":"product_cat-details-exterieur-r-fr","12":"product_shipping_class-shipping-1-fr","14":"first","15":"instock","16":"taxable","17":"shipping-taxable","18":"purchasable","19":"product-type-simple"},"yoast_head":"<!-- This site is optimized with the Yoast SEO plugin v27.3 - https:\/\/yoast.com\/product\/yoast-seo-wordpress\/ -->\n<title>Housse Protection Fiat 500 | Passione 500<\/title>\n<meta name=\"description\" content=\"Retrouvez sur notre site Housse Protection pour Fiat 500. Plus de 3000 pi\u00e8ces d\u00e9tach\u00e9es disponibles en stock.PROFITEZ DE NOS OFFRES ! %\" \/>\n<meta name=\"robots\" content=\"noindex, follow, max-snippet:-1, max-image-preview:large, max-video-preview:-1\" \/>\n<meta property=\"og:locale\" content=\"fr_FR\" \/>\n<meta property=\"og:type\" content=\"article\" \/>\n<meta property=\"og:title\" content=\"Housse Protection Fiat 500 | Passione 500\" \/>\n<meta property=\"og:description\" content=\"Retrouvez sur notre site Housse Protection pour Fiat 500. Plus de 3000 pi\u00e8ces d\u00e9tach\u00e9es disponibles en stock.PROFITEZ DE NOS OFFRES ! %\" \/>\n<meta property=\"og:url\" content=\"https:\/\/staging.passione500.it\/fr\/fiat-500-fr\/fiat-500-n-fr\/details-exterieur-et-baguettes-n-fr\/details-exterieur-n-fr\/housse-de-protection-interieure-gris-avec-logo-rouge-fiat-500-n-d-f-l-r\/\" \/>\n<meta property=\"og:site_name\" content=\"Passione 500\" \/>\n<meta property=\"article:modified_time\" content=\"2023-12-13T17:22:06+00:00\" \/>\n<meta property=\"og:image\" content=\"https:\/\/passione500.it\/wp-content\/uploads\/2023\/12\/telo-copriauto.jpg\" \/>\n\t<meta property=\"og:image:width\" content=\"2048\" \/>\n\t<meta property=\"og:image:height\" content=\"1536\" \/>\n\t<meta property=\"og:image:type\" content=\"image\/jpeg\" \/>\n<meta name=\"twitter:card\" content=\"summary_large_image\" \/>\n<meta name=\"twitter:label1\" content=\"Dur\u00e9e de lecture estim\u00e9e\" \/>\n\t<meta name=\"twitter:data1\" content=\"1 minute\" \/>\n<script type=\"application\/ld+json\" class=\"yoast-schema-graph\">{\"@context\":\"https:\\\/\\\/schema.org\",\"@graph\":[{\"@type\":\"WebPage\",\"@id\":\"https:\\\/\\\/staging.passione500.it\\\/fr\\\/fiat-500-fr\\\/fiat-500-n-fr\\\/details-exterieur-et-baguettes-n-fr\\\/details-exterieur-n-fr\\\/housse-de-protection-interieure-gris-avec-logo-rouge-fiat-500-n-d-f-l-r\\\/\",\"url\":\"https:\\\/\\\/staging.passione500.it\\\/fr\\\/fiat-500-fr\\\/fiat-500-n-fr\\\/details-exterieur-et-baguettes-n-fr\\\/details-exterieur-n-fr\\\/housse-de-protection-interieure-gris-avec-logo-rouge-fiat-500-n-d-f-l-r\\\/\",\"name\":\"Housse Protection Fiat 500 | Passione 500\",\"isPartOf\":{\"@id\":\"https:\\\/\\\/staging.passione500.it\\\/fr\\\/#website\"},\"primaryImageOfPage\":{\"@id\":\"https:\\\/\\\/staging.passione500.it\\\/fr\\\/fiat-500-fr\\\/fiat-500-n-fr\\\/details-exterieur-et-baguettes-n-fr\\\/details-exterieur-n-fr\\\/housse-de-protection-interieure-gris-avec-logo-rouge-fiat-500-n-d-f-l-r\\\/#primaryimage\"},\"image\":{\"@id\":\"https:\\\/\\\/staging.passione500.it\\\/fr\\\/fiat-500-fr\\\/fiat-500-n-fr\\\/details-exterieur-et-baguettes-n-fr\\\/details-exterieur-n-fr\\\/housse-de-protection-interieure-gris-avec-logo-rouge-fiat-500-n-d-f-l-r\\\/#primaryimage\"},\"thumbnailUrl\":\"https:\\\/\\\/staging.passione500.it\\\/wp-content\\\/uploads\\\/2023\\\/12\\\/telo-copriauto.jpg\",\"datePublished\":\"2023-12-13T17:13:23+00:00\",\"dateModified\":\"2023-12-13T17:22:06+00:00\",\"description\":\"Retrouvez sur notre site Housse Protection pour Fiat 500. Plus de 3000 pi\u00e8ces d\u00e9tach\u00e9es disponibles en stock.PROFITEZ DE NOS OFFRES ! %\",\"breadcrumb\":{\"@id\":\"https:\\\/\\\/staging.passione500.it\\\/fr\\\/fiat-500-fr\\\/fiat-500-n-fr\\\/details-exterieur-et-baguettes-n-fr\\\/details-exterieur-n-fr\\\/housse-de-protection-interieure-gris-avec-logo-rouge-fiat-500-n-d-f-l-r\\\/#breadcrumb\"},\"inLanguage\":\"fr-FR\",\"potentialAction\":[{\"@type\":\"ReadAction\",\"target\":[\"https:\\\/\\\/staging.passione500.it\\\/fr\\\/fiat-500-fr\\\/fiat-500-n-fr\\\/details-exterieur-et-baguettes-n-fr\\\/details-exterieur-n-fr\\\/housse-de-protection-interieure-gris-avec-logo-rouge-fiat-500-n-d-f-l-r\\\/\"]}]},{\"@type\":\"ImageObject\",\"inLanguage\":\"fr-FR\",\"@id\":\"https:\\\/\\\/staging.passione500.it\\\/fr\\\/fiat-500-fr\\\/fiat-500-n-fr\\\/details-exterieur-et-baguettes-n-fr\\\/details-exterieur-n-fr\\\/housse-de-protection-interieure-gris-avec-logo-rouge-fiat-500-n-d-f-l-r\\\/#primaryimage\",\"url\":\"https:\\\/\\\/staging.passione500.it\\\/wp-content\\\/uploads\\\/2023\\\/12\\\/telo-copriauto.jpg\",\"contentUrl\":\"https:\\\/\\\/staging.passione500.it\\\/wp-content\\\/uploads\\\/2023\\\/12\\\/telo-copriauto.jpg\",\"width\":2048,\"height\":1536,\"caption\":\"telo copriauto Fiat 500\"},{\"@type\":\"BreadcrumbList\",\"@id\":\"https:\\\/\\\/staging.passione500.it\\\/fr\\\/fiat-500-fr\\\/fiat-500-n-fr\\\/details-exterieur-et-baguettes-n-fr\\\/details-exterieur-n-fr\\\/housse-de-protection-interieure-gris-avec-logo-rouge-fiat-500-n-d-f-l-r\\\/#breadcrumb\",\"itemListElement\":[{\"@type\":\"ListItem\",\"position\":1,\"name\":\"Home\",\"item\":\"https:\\\/\\\/passione500.it\\\/fr\\\/\"},{\"@type\":\"ListItem\",\"position\":2,\"name\":\"Fiat 500\",\"item\":\"https:\\\/\\\/staging.passione500.it\\\/fr\\\/fiat-500-fr\\\/\"},{\"@type\":\"ListItem\",\"position\":3,\"name\":\"Fiat 500 N\",\"item\":\"https:\\\/\\\/staging.passione500.it\\\/fr\\\/fiat-500-fr\\\/fiat-500-n-fr\\\/\"},{\"@type\":\"ListItem\",\"position\":4,\"name\":\"D\u00e9tails Ext\u00e9rieur et Baguettes\",\"item\":\"https:\\\/\\\/staging.passione500.it\\\/fr\\\/fiat-500-fr\\\/fiat-500-n-fr\\\/details-exterieur-et-baguettes-n-fr\\\/\"},{\"@type\":\"ListItem\",\"position\":5,\"name\":\"D\u00e9tails Ext\u00e9rieur\",\"item\":\"https:\\\/\\\/staging.passione500.it\\\/fr\\\/fiat-500-fr\\\/fiat-500-n-fr\\\/details-exterieur-et-baguettes-n-fr\\\/details-exterieur-n-fr\\\/\"},{\"@type\":\"ListItem\",\"position\":6,\"name\":\"Housse de Protection Int\u00e9rieure Gris avec Logo Rouge Fiat 500 N &#8211; D &#8211; F &#8211; L &#8211; R\"}]},{\"@type\":\"WebSite\",\"@id\":\"https:\\\/\\\/staging.passione500.it\\\/fr\\\/#website\",\"url\":\"https:\\\/\\\/staging.passione500.it\\\/fr\\\/\",\"name\":\"Passione 500\",\"description\":\"Ricambi Fiat 500 d&#039;Epoca\",\"publisher\":{\"@id\":\"https:\\\/\\\/staging.passione500.it\\\/fr\\\/#organization\"},\"potentialAction\":[{\"@type\":\"SearchAction\",\"target\":{\"@type\":\"EntryPoint\",\"urlTemplate\":\"https:\\\/\\\/staging.passione500.it\\\/fr\\\/?s={search_term_string}\"},\"query-input\":{\"@type\":\"PropertyValueSpecification\",\"valueRequired\":true,\"valueName\":\"search_term_string\"}}],\"inLanguage\":\"fr-FR\"},{\"@type\":\"Organization\",\"@id\":\"https:\\\/\\\/staging.passione500.it\\\/fr\\\/#organization\",\"name\":\"Passione 500\",\"url\":\"https:\\\/\\\/staging.passione500.it\\\/fr\\\/\",\"logo\":{\"@type\":\"ImageObject\",\"inLanguage\":\"fr-FR\",\"@id\":\"https:\\\/\\\/staging.passione500.it\\\/fr\\\/#\\\/schema\\\/logo\\\/image\\\/\",\"url\":\"https:\\\/\\\/staging.passione500.it\\\/wp-content\\\/uploads\\\/2025\\\/12\\\/PASSIONE-LOGO-APPROVATO.png\",\"contentUrl\":\"https:\\\/\\\/staging.passione500.it\\\/wp-content\\\/uploads\\\/2025\\\/12\\\/PASSIONE-LOGO-APPROVATO.png\",\"width\":348,\"height\":125,\"caption\":\"Passione 500\"},\"image\":{\"@id\":\"https:\\\/\\\/staging.passione500.it\\\/fr\\\/#\\\/schema\\\/logo\\\/image\\\/\"}}]}<\/script>\n<!-- \/ Yoast SEO plugin. -->","yoast_head_json":{"title":"Housse Protection Fiat 500 | Passione 500","description":"Retrouvez sur notre site Housse Protection pour Fiat 500. Plus de 3000 pi\u00e8ces d\u00e9tach\u00e9es disponibles en stock.PROFITEZ DE NOS OFFRES ! %","robots":{"index":"noindex","follow":"follow","max-snippet":"max-snippet:-1","max-image-preview":"max-image-preview:large","max-video-preview":"max-video-preview:-1"},"og_locale":"fr_FR","og_type":"article","og_title":"Housse Protection Fiat 500 | Passione 500","og_description":"Retrouvez sur notre site Housse Protection pour Fiat 500. Plus de 3000 pi\u00e8ces d\u00e9tach\u00e9es disponibles en stock.PROFITEZ DE NOS OFFRES ! %","og_url":"https:\/\/staging.passione500.it\/fr\/fiat-500-fr\/fiat-500-n-fr\/details-exterieur-et-baguettes-n-fr\/details-exterieur-n-fr\/housse-de-protection-interieure-gris-avec-logo-rouge-fiat-500-n-d-f-l-r\/","og_site_name":"Passione 500","article_modified_time":"2023-12-13T17:22:06+00:00","og_image":[{"width":2048,"height":1536,"url":"https:\/\/passione500.it\/wp-content\/uploads\/2023\/12\/telo-copriauto.jpg","type":"image\/jpeg"}],"twitter_card":"summary_large_image","twitter_misc":{"Dur\u00e9e de lecture estim\u00e9e":"1 minute"},"schema":{"@context":"https:\/\/schema.org","@graph":[{"@type":"WebPage","@id":"https:\/\/staging.passione500.it\/fr\/fiat-500-fr\/fiat-500-n-fr\/details-exterieur-et-baguettes-n-fr\/details-exterieur-n-fr\/housse-de-protection-interieure-gris-avec-logo-rouge-fiat-500-n-d-f-l-r\/","url":"https:\/\/staging.passione500.it\/fr\/fiat-500-fr\/fiat-500-n-fr\/details-exterieur-et-baguettes-n-fr\/details-exterieur-n-fr\/housse-de-protection-interieure-gris-avec-logo-rouge-fiat-500-n-d-f-l-r\/","name":"Housse Protection Fiat 500 | Passione 500","isPartOf":{"@id":"https:\/\/staging.passione500.it\/fr\/#website"},"primaryImageOfPage":{"@id":"https:\/\/staging.passione500.it\/fr\/fiat-500-fr\/fiat-500-n-fr\/details-exterieur-et-baguettes-n-fr\/details-exterieur-n-fr\/housse-de-protection-interieure-gris-avec-logo-rouge-fiat-500-n-d-f-l-r\/#primaryimage"},"image":{"@id":"https:\/\/staging.passione500.it\/fr\/fiat-500-fr\/fiat-500-n-fr\/details-exterieur-et-baguettes-n-fr\/details-exterieur-n-fr\/housse-de-protection-interieure-gris-avec-logo-rouge-fiat-500-n-d-f-l-r\/#primaryimage"},"thumbnailUrl":"https:\/\/staging.passione500.it\/wp-content\/uploads\/2023\/12\/telo-copriauto.jpg","datePublished":"2023-12-13T17:13:23+00:00","dateModified":"2023-12-13T17:22:06+00:00","description":"Retrouvez sur notre site Housse Protection pour Fiat 500. Plus de 3000 pi\u00e8ces d\u00e9tach\u00e9es disponibles en stock.PROFITEZ DE NOS OFFRES ! %","breadcrumb":{"@id":"https:\/\/staging.passione500.it\/fr\/fiat-500-fr\/fiat-500-n-fr\/details-exterieur-et-baguettes-n-fr\/details-exterieur-n-fr\/housse-de-protection-interieure-gris-avec-logo-rouge-fiat-500-n-d-f-l-r\/#breadcrumb"},"inLanguage":"fr-FR","potentialAction":[{"@type":"ReadAction","target":["https:\/\/staging.passione500.it\/fr\/fiat-500-fr\/fiat-500-n-fr\/details-exterieur-et-baguettes-n-fr\/details-exterieur-n-fr\/housse-de-protection-interieure-gris-avec-logo-rouge-fiat-500-n-d-f-l-r\/"]}]},{"@type":"ImageObject","inLanguage":"fr-FR","@id":"https:\/\/staging.passione500.it\/fr\/fiat-500-fr\/fiat-500-n-fr\/details-exterieur-et-baguettes-n-fr\/details-exterieur-n-fr\/housse-de-protection-interieure-gris-avec-logo-rouge-fiat-500-n-d-f-l-r\/#primaryimage","url":"https:\/\/staging.passione500.it\/wp-content\/uploads\/2023\/12\/telo-copriauto.jpg","contentUrl":"https:\/\/staging.passione500.it\/wp-content\/uploads\/2023\/12\/telo-copriauto.jpg","width":2048,"height":1536,"caption":"telo copriauto Fiat 500"},{"@type":"BreadcrumbList","@id":"https:\/\/staging.passione500.it\/fr\/fiat-500-fr\/fiat-500-n-fr\/details-exterieur-et-baguettes-n-fr\/details-exterieur-n-fr\/housse-de-protection-interieure-gris-avec-logo-rouge-fiat-500-n-d-f-l-r\/#breadcrumb","itemListElement":[{"@type":"ListItem","position":1,"name":"Home","item":"https:\/\/passione500.it\/fr\/"},{"@type":"ListItem","position":2,"name":"Fiat 500","item":"https:\/\/staging.passione500.it\/fr\/fiat-500-fr\/"},{"@type":"ListItem","position":3,"name":"Fiat 500 N","item":"https:\/\/staging.passione500.it\/fr\/fiat-500-fr\/fiat-500-n-fr\/"},{"@type":"ListItem","position":4,"name":"D\u00e9tails Ext\u00e9rieur et Baguettes","item":"https:\/\/staging.passione500.it\/fr\/fiat-500-fr\/fiat-500-n-fr\/details-exterieur-et-baguettes-n-fr\/"},{"@type":"ListItem","position":5,"name":"D\u00e9tails Ext\u00e9rieur","item":"https:\/\/staging.passione500.it\/fr\/fiat-500-fr\/fiat-500-n-fr\/details-exterieur-et-baguettes-n-fr\/details-exterieur-n-fr\/"},{"@type":"ListItem","position":6,"name":"Housse de Protection Int\u00e9rieure Gris avec Logo Rouge Fiat 500 N &#8211; D &#8211; F &#8211; L &#8211; R"}]},{"@type":"WebSite","@id":"https:\/\/staging.passione500.it\/fr\/#website","url":"https:\/\/staging.passione500.it\/fr\/","name":"Passione 500","description":"Ricambi Fiat 500 d&#039;Epoca","publisher":{"@id":"https:\/\/staging.passione500.it\/fr\/#organization"},"potentialAction":[{"@type":"SearchAction","target":{"@type":"EntryPoint","urlTemplate":"https:\/\/staging.passione500.it\/fr\/?s={search_term_string}"},"query-input":{"@type":"PropertyValueSpecification","valueRequired":true,"valueName":"search_term_string"}}],"inLanguage":"fr-FR"},{"@type":"Organization","@id":"https:\/\/staging.passione500.it\/fr\/#organization","name":"Passione 500","url":"https:\/\/staging.passione500.it\/fr\/","logo":{"@type":"ImageObject","inLanguage":"fr-FR","@id":"https:\/\/staging.passione500.it\/fr\/#\/schema\/logo\/image\/","url":"https:\/\/staging.passione500.it\/wp-content\/uploads\/2025\/12\/PASSIONE-LOGO-APPROVATO.png","contentUrl":"https:\/\/staging.passione500.it\/wp-content\/uploads\/2025\/12\/PASSIONE-LOGO-APPROVATO.png","width":348,"height":125,"caption":"Passione 500"},"image":{"@id":"https:\/\/staging.passione500.it\/fr\/#\/schema\/logo\/image\/"}}]}},"_links":{"self":[{"href":"https:\/\/staging.passione500.it\/fr\/wp-json\/wp\/v2\/product\/10295","targetHints":{"allow":["GET"]}}],"collection":[{"href":"https:\/\/staging.passione500.it\/fr\/wp-json\/wp\/v2\/product"}],"about":[{"href":"https:\/\/staging.passione500.it\/fr\/wp-json\/wp\/v2\/types\/product"}],"wp:featuredmedia":[{"embeddable":true,"href":"https:\/\/staging.passione500.it\/fr\/wp-json\/wp\/v2\/media\/10282"}],"wp:attachment":[{"href":"https:\/\/staging.passione500.it\/fr\/wp-json\/wp\/v2\/media?parent=10295"}],"wp:term":[{"taxonomy":"product_brand","embeddable":true,"href":"https:\/\/staging.passione500.it\/fr\/wp-json\/wp\/v2\/product_brand?post=10295"},{"taxonomy":"product_cat","embeddable":true,"href":"https:\/\/staging.passione500.it\/fr\/wp-json\/wp\/v2\/product_cat?post=10295"},{"taxonomy":"product_tag","embeddable":true,"href":"https:\/\/staging.passione500.it\/fr\/wp-json\/wp\/v2\/product_tag?post=10295"}],"curies":[{"name":"wp","href":"https:\/\/api.w.org\/{rel}","templated":true}]}}