{"id":45137,"date":"2025-10-13T09:48:55","date_gmt":"2025-10-13T07:48:55","guid":{"rendered":"https:\/\/staging.passione500.it\/conditions-generales-de-vente\/"},"modified":"2025-11-19T09:41:09","modified_gmt":"2025-11-19T08:41:09","slug":"conditions-generales-de-vente","status":"publish","type":"page","link":"https:\/\/staging.passione500.it\/fr\/conditions-generales-de-vente\/","title":{"rendered":"Conditions g\u00e9n\u00e9rales de vente"},"content":{"rendered":"<h2>Conditions g\u00e9n\u00e9rales de vente<\/h2>\n<p>Les pr\u00e9sentes conditions g\u00e9n\u00e9rales de vente r\u00e9gissent les achats effectu\u00e9s sur le site www.passione500.it, propri\u00e9t\u00e9 de :<\/p>\n<p><strong>RAL 3 S.r.l.<\/strong><br \/>\nS.da Comunale di Bertolla, 152 \u2013 10156 Torino (TO), Italia<br \/>\nP.IVA: 12004380015<br \/>\nTel: +39 (0) 114375661<br \/>\nE-mail: info@passione500.it<\/p>\n<hr>\n<h2>1. Champ d&rsquo;application<\/h2>\n<p>Les pr\u00e9sentes conditions g\u00e9n\u00e9rales de vente s&rsquo;appliquent \u00e0 toutes les ventes effectu\u00e9es via le site www.passione500.it.<\/p>\n<p>Les produits peuvent \u00eatre achet\u00e9s aussi bien par des consommateurs que par des professionnels (entreprises ou titulaires d&rsquo;un num\u00e9ro de TVA). Le droit de r\u00e9tractation s&rsquo;applique aux deux cat\u00e9gories, sauf exceptions pr\u00e9vues par la loi. <\/p>\n<p>Les images et les descriptions des produits pr\u00e9sents sur le site sont \u00e0 consid\u00e9rer comme indicatives. Les couleurs, les d\u00e9tails et les finitions peuvent varier en fonction des r\u00e9glages du moniteur ou des diff\u00e9rences de production. Les \u00e9ventuelles erreurs mat\u00e9rielles dans la description des produits ne constituent pas un motif de responsabilit\u00e9 pour le vendeur, sans pr\u00e9judice de la possibilit\u00e9 de r\u00e9tractation pr\u00e9vue par la loi.  <\/p>\n<p>RAL 3 S.r.l. se r\u00e9serve le droit de modifier \u00e0 tout moment les pr\u00e9sentes conditions, en appliquant la version en vigueur au moment de la commande.<\/p>\n<hr>\n<h2>2. Disponibilit\u00e9 des produits<\/h2>\n<p>Tous les produits pr\u00e9sents sur le site sont disponibles en stock et normalement pr\u00eats \u00e0 \u00eatre exp\u00e9di\u00e9s. Le site ne g\u00e8re pas les stocks dynamiques car RAL 3 S.r.l. dispose physiquement du mat\u00e9riel dans ses propres entrep\u00f4ts. <\/p>\n<p>Il n&rsquo;y a pas de cas o\u00f9 des produits peuvent \u00eatre command\u00e9s mais ne sont pas disponibles.<\/p>\n<hr>\n<h2>3. Commandes<\/h2>\n<p>Les commandes peuvent \u00eatre pass\u00e9es via le site web, par e-mail ou par messagerie instantan\u00e9e.<\/p>\n<p>RAL 3 S.r.l. se r\u00e9serve le droit de refuser les commandes qui pr\u00e9sentent:<\/p>\n<ul>\n<li>signes de fraude pr\u00e9sum\u00e9e ou de comportements anormaux ;<\/li>\n<li>adresses incompl\u00e8tes, fausses ou non v\u00e9rifiables;<\/li>\n<li>clients ayant d\u00e9j\u00e0 eu un comportement probl\u00e9matique;<\/li>\n<li>paiements non autoris\u00e9s ou non effectu\u00e9s.<\/li>\n<\/ul>\n<p>L&rsquo;envoi de la commande implique l&rsquo;acceptation int\u00e9grale des pr\u00e9sentes Conditions g\u00e9n\u00e9rales de vente.<\/p>\n<hr>\n<h2>4. Prix<\/h2>\n<p>Tous les prix sont exprim\u00e9s en euros et incluent la TVA au taux en vigueur dans le pays de destination de la commande.<\/p>\n<p>Les frais d&rsquo;exp\u00e9dition \u00e9ventuels sont calcul\u00e9s automatiquement lors du paiement en fonction du poids volum\u00e9trique.<\/p>\n<p><strong>Assurance sur la marchandise:<\/strong><br \/>\nFacultative et disponible au co\u00fbt de 1 % du montant total de la commande, avec un minimum de 5 \u20ac (TVA comprise). En l&rsquo;absence d&rsquo;assurance s\u00e9lectionn\u00e9e, tout dommage caus\u00e9 par le transport sera sous la responsabilit\u00e9 du client. <\/p>\n<p><strong>Paiement \u00e0 la livraison:<\/strong><br \/>\nFrais de <strong>1,5 % du montant de la commande<\/strong>, avec un minimum de <strong>5 \u20ac<\/strong>. Le paiement \u00e0 la livraison est disponible dans les limites pr\u00e9vues par le transporteur mandat\u00e9. <\/p>\n<hr>\n<h2>5. Modes de paiement<\/h2>\n<p>Le client peut payer par:<\/p>\n<ul>\n<li>Carte de cr\u00e9dit\/d\u00e9bit<\/li>\n<li>PayPal<\/li>\n<li>Google Pay<\/li>\n<li>Apple Pay<\/li>\n<li>Satispay<\/li>\n<li>Virement bancaire<\/li>\n<li>Virement bancaire instantan\u00e9<\/li>\n<li>Contrassegno (paiement en esp\u00e8ces \u00e0 la livraison ; frais appliqu\u00e9s comme indiqu\u00e9 au point pr\u00e9c\u00e9dent)<\/li>\n<\/ul>\n<hr>\n<h2>6. Exp\u00e9ditions et livraisons<\/h2>\n<p>RAL 3 S.r.l. effectue des exp\u00e9ditions par l&rsquo;interm\u00e9diaire de transporteurs nationaux et internationaux (par exemple SDA, GLS, BRT). L&rsquo;exp\u00e9dition est disponible en Italie, en Europe et dans les pays hors UE. <\/p>\n<p><strong>D\u00e9lais indicatifs:<\/strong><\/p>\n<ul>\n<li>Pr\u00e9paration de la commande : 24\/48 heures ouvrables<\/li>\n<li>Livraison en Italie : 24\/48 heures ouvrables<\/li>\n<li>Livraison \u00e0 l&rsquo;\u00e9tranger : 4\/5 jours ouvrables<\/li>\n<\/ul>\n<p>&nbsp;<\/p>\n<p><strong>Contr\u00f4le des marchandises \u00e0 la livraison<\/strong><\/p>\n<p>Au moment de la livraison, le client est tenu de v\u00e9rifier attentivement l&#8217;emballage avant de signer. Il est n\u00e9cessaire de toujours demander le document papier de livraison sur lequel apposer sa signature, son cachet et, le cas \u00e9ch\u00e9ant, une r\u00e9serve de contr\u00f4le <strong>motiv\u00e9e<\/strong>. Les r\u00e9serves g\u00e9n\u00e9riques n&rsquo;ont aucune valeur.  <\/p>\n<p>Si le transporteur dispose uniquement d&rsquo;un ordinateur de poche, le client doit photographier la r\u00e9serve ins\u00e9r\u00e9e par le chauffeur. Si cela n&rsquo;est pas possible, il est recommand\u00e9 de ne pas retirer le colis. <\/p>\n<p><strong>En cas d&#8217;emballage endommag\u00e9 ou anormal:<\/strong><\/p>\n<ul>\n<li>indiquer une r\u00e9serve sp\u00e9cifique et motiv\u00e9e, telle que \u00abcarton d\u00e9chir\u00e9\u00bb, \u00abemballage \u00e9cras\u00e9\u00bb, \u00abtrou dans l&#8217;emballage\u00bb ;<\/li>\n<li>n&rsquo;utilisez pas de r\u00e9serves g\u00e9n\u00e9riques (\u00abr\u00e9serve de contr\u00f4le\u00bb), car elles ne sont pas accept\u00e9es par les transporteurs;<\/li>\n<li>photographier imm\u00e9diatement les d\u00e9fauts de l&#8217;emballage.<\/li>\n<\/ul>\n<p><strong>Si l&#8217;emballage est intact mais que vous avez des doutes quant \u00e0 l&rsquo;int\u00e9grit\u00e9 du contenu:<\/strong><\/p>\n<ul>\n<li>signer avec r\u00e9serve en motivant les doutes (par exemple \u00abchoc possible \u2013 coin caboss\u00e9\u00bb).<\/li>\n<\/ul>\n<p><strong>Remarques importantes:<\/strong><\/p>\n<ul>\n<li>la r\u00e9serve de contr\u00f4le doit \u00eatre appos\u00e9e en pr\u00e9sence du transporteur;<\/li>\n<li>en l&rsquo;absence d&rsquo;une r\u00e9serve motiv\u00e9e et conforme aux proc\u00e9dures indiqu\u00e9es, il ne sera pas possible d&rsquo;ouvrir des dossiers de dommages et nous ne pourrons pas intervenir pour d&rsquo;\u00e9ventuelles demandes de remplacement ou de remboursement;<\/li>\n<\/ul>\n<p>Le risque de perte ou d&rsquo;endommagement du produit est transf\u00e9r\u00e9 au client d\u00e8s la r\u00e9ception physique du colis.<\/p>\n<hr>\n<h2>7. Compatibilit\u00e9 des pi\u00e8ces de rechange<\/h2>\n<p>La compatibilit\u00e9 indiqu\u00e9e dans le titre du produit ou dans la rubrique \u00abmod\u00e8les compatibles\u00bb est bas\u00e9e exclusivement sur les catalogues de pi\u00e8ces d\u00e9tach\u00e9es d&rsquo;origine Fiat.<\/p>\n<p>La responsabilit\u00e9 de v\u00e9rifier les \u00e9ventuelles modifications, personnalisations ou adaptations du v\u00e9hicule incombe au client. RAL 3 S.r.l. n&rsquo;est pas responsable de l&rsquo;inad\u00e9quation de la pi\u00e8ce de rechange si cette incompatibilit\u00e9 est due \u00e0 des modifications non d&rsquo;origine ou non signal\u00e9es. <\/p>\n<hr>\n<h2>8. Droit de r\u00e9tractation<\/h2>\n<p>Le client (consommateur ou professionnel) a le droit de se r\u00e9tracter dans les 14 jours suivant la r\u00e9ception des produits, comme indiqu\u00e9 dans la Politique de retour et de remboursement.<\/p>\n<p>Le droit de r\u00e9tractation ne s&rsquo;applique pas aux produits personnalis\u00e9s, scell\u00e9s et ouverts pour des raisons d&rsquo;hygi\u00e8ne, aux appareils \u00e9lectroniques install\u00e9s ou aux articles non retournables apr\u00e8s utilisation.<\/p>\n<hr>\n<h2>9. Produits d\u00e9fectueux ou non conformes<\/h2>\n<p>En cas de produits endommag\u00e9s, d\u00e9fectueux ou non conformes \u00e0 la commande, le client doit contacter rapidement RAL 3 S.r.l. par e-mail en joignant des photos et une description du probl\u00e8me.<\/p>\n<p>RAL 3 S.r.l. proposera:<\/p>\n<ul>\n<li>remplacement gratuit du produit, ou<\/li>\n<li>remboursement int\u00e9gral, y compris les frais de retour.<\/li>\n<\/ul>\n<hr>\n<h2>10. Responsabilit\u00e9<\/h2>\n<p>RAL 3 S.r.l. n&rsquo;est pas responsable:<\/p>\n<ul>\n<li>retards dus \u00e0 des cas de force majeure;<\/li>\n<li>dommages r\u00e9sultant d&rsquo;une utilisation incorrecte du produit;<\/li>\n<li>modifications non d&rsquo;origine apport\u00e9es au v\u00e9hicule rendant une pi\u00e8ce de rechange incompatible;<\/li>\n<li>diff\u00e9rences minimes entre les images et le produit r\u00e9el dues \u00e0 l&rsquo;\u00e9clairage, au moniteur ou aux mises \u00e0 jour du fabricant;<\/li>\n<li>dommages li\u00e9s au transport si l&rsquo;assurance facultative n&rsquo;a pas \u00e9t\u00e9 s\u00e9lectionn\u00e9e;<\/li>\n<li>contenus ou liens externes pr\u00e9sents sur le site.<\/li>\n<\/ul>\n<hr>\n<h2>11. Juridiction comp\u00e9tente et ADR\/ODR<\/h2>\n<p>Pour les consommateurs, le tribunal comp\u00e9tent est celui de leur lieu de r\u00e9sidence ou de domicile. Pour les entreprises et les professionnels, le tribunal comp\u00e9tent exclusif est celui de Turin. <\/p>\n<p>RAL 3 S.r.l. informe que la plateforme europ\u00e9enne ODR pour le r\u00e8glement des litiges est disponible:<br \/>\n<a href=\"https:\/\/ec.europa.eu\/consumers\/odr\" target=\"_blank\" rel=\"noopener\">https:\/\/ec.europa.eu\/consumers\/odr<\/a><\/p>\n<hr>\n<h2>12. Service client\u00e8le<\/h2>\n<p>Pour toute information, assistance ou r\u00e9clamation:<\/p>\n<p><strong>E-mail:<\/strong> info@passione500.it<br \/>\n<strong>T\u00e9l\u00e9phone:<\/strong> +39 (0) 114375661<\/p>\n<p>RAL 3 S.r.l. r\u00e9pond dans un d\u00e9lai de 24\/72 heures ouvrables.<\/p>\n<hr>\n<h2>13. Clauses finales<\/h2>\n<p>RAL 3 S.r.l. se r\u00e9serve le droit de modifier \u00e0 tout moment les Conditions g\u00e9n\u00e9rales. Les modifications s&rsquo;appliquent uniquement aux commandes pass\u00e9es apr\u00e8s leur publication. <\/p>\n","protected":false},"excerpt":{"rendered":"<p>Conditions g\u00e9n\u00e9rales de vente Les pr\u00e9sentes conditions g\u00e9n\u00e9rales de vente r\u00e9gissent les achats effectu\u00e9s sur le site www.passione500.it, propri\u00e9t\u00e9 de : RAL 3 S.r.l. S.da Comunale di Bertolla, 152 \u2013 10156 Torino (TO), Italia P.IVA: 12004380015 Tel: +39 (0) 114375661 E-mail: info@passione500.it 1. Champ d&rsquo;application Les pr\u00e9sentes conditions g\u00e9n\u00e9rales de vente s&rsquo;appliquent \u00e0 toutes les [&hellip;]<\/p>\n","protected":false},"author":1,"featured_media":0,"parent":0,"menu_order":0,"comment_status":"closed","ping_status":"closed","template":"","meta":{"_et_pb_use_builder":"","_et_pb_old_content":"","_et_gb_content_width":"","footnotes":""},"class_list":["post-45137","page","type-page","status-publish","hentry"],"yoast_head":"<!-- This site is optimized with the Yoast SEO plugin v27.3 - https:\/\/yoast.com\/product\/yoast-seo-wordpress\/ -->\n<title>Conditions G\u00e9n\u00e9rales - Vente de Pi\u00e8ces D\u00e9tach\u00e9es Fiat 500 d&#039;\u00e9poque | Passione 500<\/title>\n<meta name=\"description\" content=\"Lisez les conditions g\u00e9n\u00e9rales de Passione 500: exp\u00e9ditions rapides, paiements s\u00e9curis\u00e9s, retours sous 14 jours et compatibilit\u00e9 des pi\u00e8ces d\u00e9tach\u00e9es Fiat 500.\" \/>\n<meta name=\"robots\" content=\"noindex, follow, max-snippet:-1, max-image-preview:large, max-video-preview:-1\" \/>\n<meta property=\"og:locale\" content=\"fr_FR\" \/>\n<meta property=\"og:type\" content=\"article\" \/>\n<meta property=\"og:title\" content=\"Conditions G\u00e9n\u00e9rales - Vente de Pi\u00e8ces D\u00e9tach\u00e9es Fiat 500 d&#039;\u00e9poque | Passione 500\" \/>\n<meta property=\"og:description\" content=\"Lisez les conditions g\u00e9n\u00e9rales de Passione 500: exp\u00e9ditions rapides, paiements s\u00e9curis\u00e9s, retours sous 14 jours et compatibilit\u00e9 des pi\u00e8ces d\u00e9tach\u00e9es Fiat 500.\" \/>\n<meta property=\"og:url\" content=\"https:\/\/staging.passione500.it\/fr\/conditions-generales-de-vente\/\" \/>\n<meta property=\"og:site_name\" content=\"Passione 500\" \/>\n<meta property=\"article:modified_time\" content=\"2025-11-19T08:41:09+00:00\" \/>\n<meta property=\"og:image\" content=\"https:\/\/staging.passione500.it\/wp-content\/uploads\/2025\/11\/passione500-ricambi-fiat-epoca.jpg\" \/>\n\t<meta property=\"og:image:width\" content=\"2880\" \/>\n\t<meta property=\"og:image:height\" content=\"1620\" \/>\n\t<meta property=\"og:image:type\" content=\"image\/jpeg\" \/>\n<meta name=\"twitter:card\" content=\"summary_large_image\" \/>\n<meta name=\"twitter:label1\" content=\"Dur\u00e9e de lecture estim\u00e9e\" \/>\n\t<meta name=\"twitter:data1\" content=\"6 minutes\" \/>\n<script type=\"application\/ld+json\" class=\"yoast-schema-graph\">{\"@context\":\"https:\\\/\\\/schema.org\",\"@graph\":[{\"@type\":\"WebPage\",\"@id\":\"https:\\\/\\\/staging.passione500.it\\\/fr\\\/conditions-generales-de-vente\\\/\",\"url\":\"https:\\\/\\\/staging.passione500.it\\\/fr\\\/conditions-generales-de-vente\\\/\",\"name\":\"Conditions G\u00e9n\u00e9rales - Vente de Pi\u00e8ces D\u00e9tach\u00e9es Fiat 500 d'\u00e9poque | Passione 500\",\"isPartOf\":{\"@id\":\"https:\\\/\\\/staging.passione500.it\\\/fr\\\/#website\"},\"datePublished\":\"2025-10-13T07:48:55+00:00\",\"dateModified\":\"2025-11-19T08:41:09+00:00\",\"description\":\"Lisez les conditions g\u00e9n\u00e9rales de Passione 500: exp\u00e9ditions rapides, paiements s\u00e9curis\u00e9s, retours sous 14 jours et compatibilit\u00e9 des pi\u00e8ces d\u00e9tach\u00e9es Fiat 500.\",\"breadcrumb\":{\"@id\":\"https:\\\/\\\/staging.passione500.it\\\/fr\\\/conditions-generales-de-vente\\\/#breadcrumb\"},\"inLanguage\":\"fr-FR\",\"potentialAction\":[{\"@type\":\"ReadAction\",\"target\":[\"https:\\\/\\\/staging.passione500.it\\\/fr\\\/conditions-generales-de-vente\\\/\"]}]},{\"@type\":\"BreadcrumbList\",\"@id\":\"https:\\\/\\\/staging.passione500.it\\\/fr\\\/conditions-generales-de-vente\\\/#breadcrumb\",\"itemListElement\":[{\"@type\":\"ListItem\",\"position\":1,\"name\":\"Home\",\"item\":\"https:\\\/\\\/passione500.it\\\/fr\\\/\"},{\"@type\":\"ListItem\",\"position\":2,\"name\":\"Conditions g\u00e9n\u00e9rales de vente\"}]},{\"@type\":\"WebSite\",\"@id\":\"https:\\\/\\\/staging.passione500.it\\\/fr\\\/#website\",\"url\":\"https:\\\/\\\/staging.passione500.it\\\/fr\\\/\",\"name\":\"Passione 500\",\"description\":\"Ricambi Fiat 500 d&#039;Epoca\",\"publisher\":{\"@id\":\"https:\\\/\\\/staging.passione500.it\\\/fr\\\/#organization\"},\"potentialAction\":[{\"@type\":\"SearchAction\",\"target\":{\"@type\":\"EntryPoint\",\"urlTemplate\":\"https:\\\/\\\/staging.passione500.it\\\/fr\\\/?s={search_term_string}\"},\"query-input\":{\"@type\":\"PropertyValueSpecification\",\"valueRequired\":true,\"valueName\":\"search_term_string\"}}],\"inLanguage\":\"fr-FR\"},{\"@type\":\"Organization\",\"@id\":\"https:\\\/\\\/staging.passione500.it\\\/fr\\\/#organization\",\"name\":\"Passione 500\",\"url\":\"https:\\\/\\\/staging.passione500.it\\\/fr\\\/\",\"logo\":{\"@type\":\"ImageObject\",\"inLanguage\":\"fr-FR\",\"@id\":\"https:\\\/\\\/staging.passione500.it\\\/fr\\\/#\\\/schema\\\/logo\\\/image\\\/\",\"url\":\"https:\\\/\\\/staging.passione500.it\\\/wp-content\\\/uploads\\\/2025\\\/12\\\/PASSIONE-LOGO-APPROVATO.png\",\"contentUrl\":\"https:\\\/\\\/staging.passione500.it\\\/wp-content\\\/uploads\\\/2025\\\/12\\\/PASSIONE-LOGO-APPROVATO.png\",\"width\":348,\"height\":125,\"caption\":\"Passione 500\"},\"image\":{\"@id\":\"https:\\\/\\\/staging.passione500.it\\\/fr\\\/#\\\/schema\\\/logo\\\/image\\\/\"}}]}<\/script>\n<!-- \/ Yoast SEO plugin. -->","yoast_head_json":{"title":"Conditions G\u00e9n\u00e9rales - Vente de Pi\u00e8ces D\u00e9tach\u00e9es Fiat 500 d'\u00e9poque | Passione 500","description":"Lisez les conditions g\u00e9n\u00e9rales de Passione 500: exp\u00e9ditions rapides, paiements s\u00e9curis\u00e9s, retours sous 14 jours et compatibilit\u00e9 des pi\u00e8ces d\u00e9tach\u00e9es Fiat 500.","robots":{"index":"noindex","follow":"follow","max-snippet":"max-snippet:-1","max-image-preview":"max-image-preview:large","max-video-preview":"max-video-preview:-1"},"og_locale":"fr_FR","og_type":"article","og_title":"Conditions G\u00e9n\u00e9rales - Vente de Pi\u00e8ces D\u00e9tach\u00e9es Fiat 500 d'\u00e9poque | Passione 500","og_description":"Lisez les conditions g\u00e9n\u00e9rales de Passione 500: exp\u00e9ditions rapides, paiements s\u00e9curis\u00e9s, retours sous 14 jours et compatibilit\u00e9 des pi\u00e8ces d\u00e9tach\u00e9es Fiat 500.","og_url":"https:\/\/staging.passione500.it\/fr\/conditions-generales-de-vente\/","og_site_name":"Passione 500","article_modified_time":"2025-11-19T08:41:09+00:00","og_image":[{"width":2880,"height":1620,"url":"https:\/\/staging.passione500.it\/wp-content\/uploads\/2025\/11\/passione500-ricambi-fiat-epoca.jpg","type":"image\/jpeg"}],"twitter_card":"summary_large_image","twitter_misc":{"Dur\u00e9e de lecture estim\u00e9e":"6 minutes"},"schema":{"@context":"https:\/\/schema.org","@graph":[{"@type":"WebPage","@id":"https:\/\/staging.passione500.it\/fr\/conditions-generales-de-vente\/","url":"https:\/\/staging.passione500.it\/fr\/conditions-generales-de-vente\/","name":"Conditions G\u00e9n\u00e9rales - Vente de Pi\u00e8ces D\u00e9tach\u00e9es Fiat 500 d'\u00e9poque | Passione 500","isPartOf":{"@id":"https:\/\/staging.passione500.it\/fr\/#website"},"datePublished":"2025-10-13T07:48:55+00:00","dateModified":"2025-11-19T08:41:09+00:00","description":"Lisez les conditions g\u00e9n\u00e9rales de Passione 500: exp\u00e9ditions rapides, paiements s\u00e9curis\u00e9s, retours sous 14 jours et compatibilit\u00e9 des pi\u00e8ces d\u00e9tach\u00e9es Fiat 500.","breadcrumb":{"@id":"https:\/\/staging.passione500.it\/fr\/conditions-generales-de-vente\/#breadcrumb"},"inLanguage":"fr-FR","potentialAction":[{"@type":"ReadAction","target":["https:\/\/staging.passione500.it\/fr\/conditions-generales-de-vente\/"]}]},{"@type":"BreadcrumbList","@id":"https:\/\/staging.passione500.it\/fr\/conditions-generales-de-vente\/#breadcrumb","itemListElement":[{"@type":"ListItem","position":1,"name":"Home","item":"https:\/\/passione500.it\/fr\/"},{"@type":"ListItem","position":2,"name":"Conditions g\u00e9n\u00e9rales de vente"}]},{"@type":"WebSite","@id":"https:\/\/staging.passione500.it\/fr\/#website","url":"https:\/\/staging.passione500.it\/fr\/","name":"Passione 500","description":"Ricambi Fiat 500 d&#039;Epoca","publisher":{"@id":"https:\/\/staging.passione500.it\/fr\/#organization"},"potentialAction":[{"@type":"SearchAction","target":{"@type":"EntryPoint","urlTemplate":"https:\/\/staging.passione500.it\/fr\/?s={search_term_string}"},"query-input":{"@type":"PropertyValueSpecification","valueRequired":true,"valueName":"search_term_string"}}],"inLanguage":"fr-FR"},{"@type":"Organization","@id":"https:\/\/staging.passione500.it\/fr\/#organization","name":"Passione 500","url":"https:\/\/staging.passione500.it\/fr\/","logo":{"@type":"ImageObject","inLanguage":"fr-FR","@id":"https:\/\/staging.passione500.it\/fr\/#\/schema\/logo\/image\/","url":"https:\/\/staging.passione500.it\/wp-content\/uploads\/2025\/12\/PASSIONE-LOGO-APPROVATO.png","contentUrl":"https:\/\/staging.passione500.it\/wp-content\/uploads\/2025\/12\/PASSIONE-LOGO-APPROVATO.png","width":348,"height":125,"caption":"Passione 500"},"image":{"@id":"https:\/\/staging.passione500.it\/fr\/#\/schema\/logo\/image\/"}}]}},"_links":{"self":[{"href":"https:\/\/staging.passione500.it\/fr\/wp-json\/wp\/v2\/pages\/45137","targetHints":{"allow":["GET"]}}],"collection":[{"href":"https:\/\/staging.passione500.it\/fr\/wp-json\/wp\/v2\/pages"}],"about":[{"href":"https:\/\/staging.passione500.it\/fr\/wp-json\/wp\/v2\/types\/page"}],"author":[{"embeddable":true,"href":"https:\/\/staging.passione500.it\/fr\/wp-json\/wp\/v2\/users\/1"}],"replies":[{"embeddable":true,"href":"https:\/\/staging.passione500.it\/fr\/wp-json\/wp\/v2\/comments?post=45137"}],"version-history":[{"count":0,"href":"https:\/\/staging.passione500.it\/fr\/wp-json\/wp\/v2\/pages\/45137\/revisions"}],"wp:attachment":[{"href":"https:\/\/staging.passione500.it\/fr\/wp-json\/wp\/v2\/media?parent=45137"}],"curies":[{"name":"wp","href":"https:\/\/api.w.org\/{rel}","templated":true}]}}