{"id":9224,"date":"2023-10-18T17:49:10","date_gmt":"2023-10-18T15:49:11","guid":{"rendered":"https:\/\/staging.passione500.it\/?post_type=product&#038;p=9224"},"modified":"2025-07-25T11:32:49","modified_gmt":"2025-07-25T09:32:49","slug":"heckklappe-turgriff-aluminium-aussen-mit-schlussel-fiat-500-giardiniera-bis-zu-ord-n-fur-ersatzzwecke-141706","status":"publish","type":"product","link":"https:\/\/staging.passione500.it\/de\/fiat-500-de\/fiat-autobianchi-500-giardiniera-de\/tuergriffe-und-tuerschlosse-giard-de\/aeussere-tuergriffe-und-tuerschlosse-giard-de\/heckklappe-turgriff-aluminium-aussen-mit-schlussel-fiat-500-giardiniera-bis-zu-ord-n-fur-ersatzzwecke-141706\/","title":{"rendered":"Heckklappe T\u00fcrgriff Aluminium Aussen mit Schl\u00fcssel Fiat 500 Giardiniera (bis zu ord. n.\u00b0 f\u00fcr ersatzzwecke 141706)"},"content":{"rendered":"<h4>F\u00fcr ein komplettes Auto muss 1 St\u00fcck gekauft werden<\/h4>\n<h4>\u00dcberpr\u00fcfen Sie die &#8222;ord. n.\u00b0 f\u00fcr ersatzzwecke&#8220; auf dem Alu Fahrzeugrahmen Typenschild Ihres Autos<\/h4>\n<p><img decoding=\"async\" class=\"alignnone wp-image-5690\" src=\"https:\/\/staging.passione500.it\/wp-content\/uploads\/2022\/10\/nr_per-_ricambi-1-300x225.jpg\" alt=\"\" width=\"349\" height=\"262\"><\/p>\n","protected":false},"excerpt":{"rendered":"<p>Prodotto in offerta fino a maggio.<\/p>\n","protected":false},"featured_media":9230,"template":"","meta":{"_et_pb_use_builder":"","_et_pb_old_content":"","_et_gb_content_width":""},"product_brand":[],"product_cat":[2466,2019],"product_tag":[],"class_list":{"0":"post-9224","1":"product","2":"type-product","3":"status-publish","4":"has-post-thumbnail","6":"product_cat-aussere-tuergriffe-und-tuerschlosse-tt-de","7":"product_cat-aeussere-tuergriffe-und-tuerschlosse-giard-de","8":"product_shipping_class-versand-1","10":"first","11":"instock","12":"taxable","13":"shipping-taxable","14":"purchasable","15":"product-type-simple"},"yoast_head":"<!-- This site is optimized with the Yoast SEO plugin v27.3 - https:\/\/yoast.com\/product\/yoast-seo-wordpress\/ -->\n<title>Heckklappe T\u00fcrgriff Aussen Fiat 500 Giardiniera | Passione 500<\/title>\n<meta name=\"description\" content=\"Finden Sie die Heckklappe T\u00fcrgriff Aussen f\u00fcr Fiat 500 Giardiniera auf unserer Website. \u00dcber 3.000 Ersatzteile auf Lager. PROFITIEREN SIE VON UNSEREN ANGEBOTEN!\" \/>\n<meta name=\"robots\" content=\"noindex, follow, max-snippet:-1, max-image-preview:large, max-video-preview:-1\" \/>\n<meta property=\"og:locale\" content=\"de_DE\" \/>\n<meta property=\"og:type\" content=\"article\" \/>\n<meta property=\"og:title\" content=\"Heckklappe T\u00fcrgriff Aussen Fiat 500 Giardiniera | Passione 500\" \/>\n<meta property=\"og:description\" content=\"Finden Sie die Heckklappe T\u00fcrgriff Aussen f\u00fcr Fiat 500 Giardiniera auf unserer Website. \u00dcber 3.000 Ersatzteile auf Lager. PROFITIEREN SIE VON UNSEREN ANGEBOTEN!\" \/>\n<meta property=\"og:url\" content=\"https:\/\/staging.passione500.it\/de\/fiat-500-de\/fiat-autobianchi-500-giardiniera-de\/tuergriffe-und-tuerschlosse-giard-de\/aeussere-tuergriffe-und-tuerschlosse-giard-de\/heckklappe-turgriff-aluminium-aussen-mit-schlussel-fiat-500-giardiniera-bis-zu-ord-n-fur-ersatzzwecke-141706\/\" \/>\n<meta property=\"og:site_name\" content=\"Passione 500\" \/>\n<meta property=\"article:modified_time\" content=\"2025-07-25T09:32:49+00:00\" \/>\n<meta property=\"og:image\" content=\"https:\/\/passione500.it\/wp-content\/uploads\/2023\/10\/4075330.jpg\" \/>\n\t<meta property=\"og:image:width\" content=\"2048\" \/>\n\t<meta property=\"og:image:height\" content=\"1536\" \/>\n\t<meta property=\"og:image:type\" content=\"image\/jpeg\" \/>\n<meta name=\"twitter:card\" content=\"summary_large_image\" \/>\n<meta name=\"twitter:label1\" content=\"Gesch\u00e4tzte Lesezeit\" \/>\n\t<meta name=\"twitter:data1\" content=\"1\u00a0Minute\" \/>\n<script type=\"application\/ld+json\" class=\"yoast-schema-graph\">{\"@context\":\"https:\\\/\\\/schema.org\",\"@graph\":[{\"@type\":\"WebPage\",\"@id\":\"https:\\\/\\\/staging.passione500.it\\\/de\\\/fiat-500-de\\\/fiat-autobianchi-500-giardiniera-de\\\/tuergriffe-und-tuerschlosse-giard-de\\\/aeussere-tuergriffe-und-tuerschlosse-giard-de\\\/heckklappe-turgriff-aluminium-aussen-mit-schlussel-fiat-500-giardiniera-bis-zu-ord-n-fur-ersatzzwecke-141706\\\/\",\"url\":\"https:\\\/\\\/staging.passione500.it\\\/de\\\/fiat-500-de\\\/fiat-autobianchi-500-giardiniera-de\\\/tuergriffe-und-tuerschlosse-giard-de\\\/aeussere-tuergriffe-und-tuerschlosse-giard-de\\\/heckklappe-turgriff-aluminium-aussen-mit-schlussel-fiat-500-giardiniera-bis-zu-ord-n-fur-ersatzzwecke-141706\\\/\",\"name\":\"Heckklappe T\u00fcrgriff Aussen Fiat 500 Giardiniera | Passione 500\",\"isPartOf\":{\"@id\":\"https:\\\/\\\/staging.passione500.it\\\/de\\\/#website\"},\"primaryImageOfPage\":{\"@id\":\"https:\\\/\\\/staging.passione500.it\\\/de\\\/fiat-500-de\\\/fiat-autobianchi-500-giardiniera-de\\\/tuergriffe-und-tuerschlosse-giard-de\\\/aeussere-tuergriffe-und-tuerschlosse-giard-de\\\/heckklappe-turgriff-aluminium-aussen-mit-schlussel-fiat-500-giardiniera-bis-zu-ord-n-fur-ersatzzwecke-141706\\\/#primaryimage\"},\"image\":{\"@id\":\"https:\\\/\\\/staging.passione500.it\\\/de\\\/fiat-500-de\\\/fiat-autobianchi-500-giardiniera-de\\\/tuergriffe-und-tuerschlosse-giard-de\\\/aeussere-tuergriffe-und-tuerschlosse-giard-de\\\/heckklappe-turgriff-aluminium-aussen-mit-schlussel-fiat-500-giardiniera-bis-zu-ord-n-fur-ersatzzwecke-141706\\\/#primaryimage\"},\"thumbnailUrl\":\"https:\\\/\\\/staging.passione500.it\\\/wp-content\\\/uploads\\\/2023\\\/10\\\/4075330.jpg\",\"datePublished\":\"2023-10-18T15:49:11+00:00\",\"dateModified\":\"2025-07-25T09:32:49+00:00\",\"description\":\"Finden Sie die Heckklappe T\u00fcrgriff Aussen f\u00fcr Fiat 500 Giardiniera auf unserer Website. \u00dcber 3.000 Ersatzteile auf Lager. PROFITIEREN SIE VON UNSEREN ANGEBOTEN!\",\"breadcrumb\":{\"@id\":\"https:\\\/\\\/staging.passione500.it\\\/de\\\/fiat-500-de\\\/fiat-autobianchi-500-giardiniera-de\\\/tuergriffe-und-tuerschlosse-giard-de\\\/aeussere-tuergriffe-und-tuerschlosse-giard-de\\\/heckklappe-turgriff-aluminium-aussen-mit-schlussel-fiat-500-giardiniera-bis-zu-ord-n-fur-ersatzzwecke-141706\\\/#breadcrumb\"},\"inLanguage\":\"de\",\"potentialAction\":[{\"@type\":\"ReadAction\",\"target\":[\"https:\\\/\\\/staging.passione500.it\\\/de\\\/fiat-500-de\\\/fiat-autobianchi-500-giardiniera-de\\\/tuergriffe-und-tuerschlosse-giard-de\\\/aeussere-tuergriffe-und-tuerschlosse-giard-de\\\/heckklappe-turgriff-aluminium-aussen-mit-schlussel-fiat-500-giardiniera-bis-zu-ord-n-fur-ersatzzwecke-141706\\\/\"]}]},{\"@type\":\"ImageObject\",\"inLanguage\":\"de\",\"@id\":\"https:\\\/\\\/staging.passione500.it\\\/de\\\/fiat-500-de\\\/fiat-autobianchi-500-giardiniera-de\\\/tuergriffe-und-tuerschlosse-giard-de\\\/aeussere-tuergriffe-und-tuerschlosse-giard-de\\\/heckklappe-turgriff-aluminium-aussen-mit-schlussel-fiat-500-giardiniera-bis-zu-ord-n-fur-ersatzzwecke-141706\\\/#primaryimage\",\"url\":\"https:\\\/\\\/staging.passione500.it\\\/wp-content\\\/uploads\\\/2023\\\/10\\\/4075330.jpg\",\"contentUrl\":\"https:\\\/\\\/staging.passione500.it\\\/wp-content\\\/uploads\\\/2023\\\/10\\\/4075330.jpg\",\"width\":2048,\"height\":1536,\"caption\":\"maniglia portellone Fiat 500 Giardiniera\"},{\"@type\":\"BreadcrumbList\",\"@id\":\"https:\\\/\\\/staging.passione500.it\\\/de\\\/fiat-500-de\\\/fiat-autobianchi-500-giardiniera-de\\\/tuergriffe-und-tuerschlosse-giard-de\\\/aeussere-tuergriffe-und-tuerschlosse-giard-de\\\/heckklappe-turgriff-aluminium-aussen-mit-schlussel-fiat-500-giardiniera-bis-zu-ord-n-fur-ersatzzwecke-141706\\\/#breadcrumb\",\"itemListElement\":[{\"@type\":\"ListItem\",\"position\":1,\"name\":\"Home\",\"item\":\"https:\\\/\\\/passione500.it\\\/de\\\/\"},{\"@type\":\"ListItem\",\"position\":2,\"name\":\"Fiat 500\",\"item\":\"https:\\\/\\\/staging.passione500.it\\\/de\\\/fiat-500-de\\\/\"},{\"@type\":\"ListItem\",\"position\":3,\"name\":\"Fiat und Autobianchi 500 Giardiniera\",\"item\":\"https:\\\/\\\/staging.passione500.it\\\/de\\\/fiat-500-de\\\/fiat-autobianchi-500-giardiniera-de\\\/\"},{\"@type\":\"ListItem\",\"position\":4,\"name\":\"T\u00fcrgriffe und T\u00fcrschlosse\",\"item\":\"https:\\\/\\\/staging.passione500.it\\\/de\\\/fiat-500-de\\\/fiat-autobianchi-500-giardiniera-de\\\/tuergriffe-und-tuerschlosse-giard-de\\\/\"},{\"@type\":\"ListItem\",\"position\":5,\"name\":\"\u00c4u\u00dfere T\u00fcrgriffe und T\u00fcrschlosse\",\"item\":\"https:\\\/\\\/staging.passione500.it\\\/de\\\/fiat-500-de\\\/fiat-autobianchi-500-giardiniera-de\\\/tuergriffe-und-tuerschlosse-giard-de\\\/aeussere-tuergriffe-und-tuerschlosse-giard-de\\\/\"},{\"@type\":\"ListItem\",\"position\":6,\"name\":\"Heckklappe T\u00fcrgriff Aluminium Aussen mit Schl\u00fcssel Fiat 500 Giardiniera (bis zu ord. n.\u00b0 f\u00fcr ersatzzwecke 141706)\"}]},{\"@type\":\"WebSite\",\"@id\":\"https:\\\/\\\/staging.passione500.it\\\/de\\\/#website\",\"url\":\"https:\\\/\\\/staging.passione500.it\\\/de\\\/\",\"name\":\"Passione 500\",\"description\":\"Ricambi Fiat 500 d&#039;Epoca\",\"publisher\":{\"@id\":\"https:\\\/\\\/staging.passione500.it\\\/de\\\/#organization\"},\"potentialAction\":[{\"@type\":\"SearchAction\",\"target\":{\"@type\":\"EntryPoint\",\"urlTemplate\":\"https:\\\/\\\/staging.passione500.it\\\/de\\\/?s={search_term_string}\"},\"query-input\":{\"@type\":\"PropertyValueSpecification\",\"valueRequired\":true,\"valueName\":\"search_term_string\"}}],\"inLanguage\":\"de\"},{\"@type\":\"Organization\",\"@id\":\"https:\\\/\\\/staging.passione500.it\\\/de\\\/#organization\",\"name\":\"Passione 500\",\"url\":\"https:\\\/\\\/staging.passione500.it\\\/de\\\/\",\"logo\":{\"@type\":\"ImageObject\",\"inLanguage\":\"de\",\"@id\":\"https:\\\/\\\/staging.passione500.it\\\/de\\\/#\\\/schema\\\/logo\\\/image\\\/\",\"url\":\"https:\\\/\\\/staging.passione500.it\\\/wp-content\\\/uploads\\\/2025\\\/12\\\/PASSIONE-LOGO-APPROVATO.png\",\"contentUrl\":\"https:\\\/\\\/staging.passione500.it\\\/wp-content\\\/uploads\\\/2025\\\/12\\\/PASSIONE-LOGO-APPROVATO.png\",\"width\":348,\"height\":125,\"caption\":\"Passione 500\"},\"image\":{\"@id\":\"https:\\\/\\\/staging.passione500.it\\\/de\\\/#\\\/schema\\\/logo\\\/image\\\/\"}}]}<\/script>\n<!-- \/ Yoast SEO plugin. -->","yoast_head_json":{"title":"Heckklappe T\u00fcrgriff Aussen Fiat 500 Giardiniera | Passione 500","description":"Finden Sie die Heckklappe T\u00fcrgriff Aussen f\u00fcr Fiat 500 Giardiniera auf unserer Website. \u00dcber 3.000 Ersatzteile auf Lager. PROFITIEREN SIE VON UNSEREN ANGEBOTEN!","robots":{"index":"noindex","follow":"follow","max-snippet":"max-snippet:-1","max-image-preview":"max-image-preview:large","max-video-preview":"max-video-preview:-1"},"og_locale":"de_DE","og_type":"article","og_title":"Heckklappe T\u00fcrgriff Aussen Fiat 500 Giardiniera | Passione 500","og_description":"Finden Sie die Heckklappe T\u00fcrgriff Aussen f\u00fcr Fiat 500 Giardiniera auf unserer Website. \u00dcber 3.000 Ersatzteile auf Lager. PROFITIEREN SIE VON UNSEREN ANGEBOTEN!","og_url":"https:\/\/staging.passione500.it\/de\/fiat-500-de\/fiat-autobianchi-500-giardiniera-de\/tuergriffe-und-tuerschlosse-giard-de\/aeussere-tuergriffe-und-tuerschlosse-giard-de\/heckklappe-turgriff-aluminium-aussen-mit-schlussel-fiat-500-giardiniera-bis-zu-ord-n-fur-ersatzzwecke-141706\/","og_site_name":"Passione 500","article_modified_time":"2025-07-25T09:32:49+00:00","og_image":[{"width":2048,"height":1536,"url":"https:\/\/passione500.it\/wp-content\/uploads\/2023\/10\/4075330.jpg","type":"image\/jpeg"}],"twitter_card":"summary_large_image","twitter_misc":{"Gesch\u00e4tzte Lesezeit":"1\u00a0Minute"},"schema":{"@context":"https:\/\/schema.org","@graph":[{"@type":"WebPage","@id":"https:\/\/staging.passione500.it\/de\/fiat-500-de\/fiat-autobianchi-500-giardiniera-de\/tuergriffe-und-tuerschlosse-giard-de\/aeussere-tuergriffe-und-tuerschlosse-giard-de\/heckklappe-turgriff-aluminium-aussen-mit-schlussel-fiat-500-giardiniera-bis-zu-ord-n-fur-ersatzzwecke-141706\/","url":"https:\/\/staging.passione500.it\/de\/fiat-500-de\/fiat-autobianchi-500-giardiniera-de\/tuergriffe-und-tuerschlosse-giard-de\/aeussere-tuergriffe-und-tuerschlosse-giard-de\/heckklappe-turgriff-aluminium-aussen-mit-schlussel-fiat-500-giardiniera-bis-zu-ord-n-fur-ersatzzwecke-141706\/","name":"Heckklappe T\u00fcrgriff Aussen Fiat 500 Giardiniera | Passione 500","isPartOf":{"@id":"https:\/\/staging.passione500.it\/de\/#website"},"primaryImageOfPage":{"@id":"https:\/\/staging.passione500.it\/de\/fiat-500-de\/fiat-autobianchi-500-giardiniera-de\/tuergriffe-und-tuerschlosse-giard-de\/aeussere-tuergriffe-und-tuerschlosse-giard-de\/heckklappe-turgriff-aluminium-aussen-mit-schlussel-fiat-500-giardiniera-bis-zu-ord-n-fur-ersatzzwecke-141706\/#primaryimage"},"image":{"@id":"https:\/\/staging.passione500.it\/de\/fiat-500-de\/fiat-autobianchi-500-giardiniera-de\/tuergriffe-und-tuerschlosse-giard-de\/aeussere-tuergriffe-und-tuerschlosse-giard-de\/heckklappe-turgriff-aluminium-aussen-mit-schlussel-fiat-500-giardiniera-bis-zu-ord-n-fur-ersatzzwecke-141706\/#primaryimage"},"thumbnailUrl":"https:\/\/staging.passione500.it\/wp-content\/uploads\/2023\/10\/4075330.jpg","datePublished":"2023-10-18T15:49:11+00:00","dateModified":"2025-07-25T09:32:49+00:00","description":"Finden Sie die Heckklappe T\u00fcrgriff Aussen f\u00fcr Fiat 500 Giardiniera auf unserer Website. \u00dcber 3.000 Ersatzteile auf Lager. PROFITIEREN SIE VON UNSEREN ANGEBOTEN!","breadcrumb":{"@id":"https:\/\/staging.passione500.it\/de\/fiat-500-de\/fiat-autobianchi-500-giardiniera-de\/tuergriffe-und-tuerschlosse-giard-de\/aeussere-tuergriffe-und-tuerschlosse-giard-de\/heckklappe-turgriff-aluminium-aussen-mit-schlussel-fiat-500-giardiniera-bis-zu-ord-n-fur-ersatzzwecke-141706\/#breadcrumb"},"inLanguage":"de","potentialAction":[{"@type":"ReadAction","target":["https:\/\/staging.passione500.it\/de\/fiat-500-de\/fiat-autobianchi-500-giardiniera-de\/tuergriffe-und-tuerschlosse-giard-de\/aeussere-tuergriffe-und-tuerschlosse-giard-de\/heckklappe-turgriff-aluminium-aussen-mit-schlussel-fiat-500-giardiniera-bis-zu-ord-n-fur-ersatzzwecke-141706\/"]}]},{"@type":"ImageObject","inLanguage":"de","@id":"https:\/\/staging.passione500.it\/de\/fiat-500-de\/fiat-autobianchi-500-giardiniera-de\/tuergriffe-und-tuerschlosse-giard-de\/aeussere-tuergriffe-und-tuerschlosse-giard-de\/heckklappe-turgriff-aluminium-aussen-mit-schlussel-fiat-500-giardiniera-bis-zu-ord-n-fur-ersatzzwecke-141706\/#primaryimage","url":"https:\/\/staging.passione500.it\/wp-content\/uploads\/2023\/10\/4075330.jpg","contentUrl":"https:\/\/staging.passione500.it\/wp-content\/uploads\/2023\/10\/4075330.jpg","width":2048,"height":1536,"caption":"maniglia portellone Fiat 500 Giardiniera"},{"@type":"BreadcrumbList","@id":"https:\/\/staging.passione500.it\/de\/fiat-500-de\/fiat-autobianchi-500-giardiniera-de\/tuergriffe-und-tuerschlosse-giard-de\/aeussere-tuergriffe-und-tuerschlosse-giard-de\/heckklappe-turgriff-aluminium-aussen-mit-schlussel-fiat-500-giardiniera-bis-zu-ord-n-fur-ersatzzwecke-141706\/#breadcrumb","itemListElement":[{"@type":"ListItem","position":1,"name":"Home","item":"https:\/\/passione500.it\/de\/"},{"@type":"ListItem","position":2,"name":"Fiat 500","item":"https:\/\/staging.passione500.it\/de\/fiat-500-de\/"},{"@type":"ListItem","position":3,"name":"Fiat und Autobianchi 500 Giardiniera","item":"https:\/\/staging.passione500.it\/de\/fiat-500-de\/fiat-autobianchi-500-giardiniera-de\/"},{"@type":"ListItem","position":4,"name":"T\u00fcrgriffe und T\u00fcrschlosse","item":"https:\/\/staging.passione500.it\/de\/fiat-500-de\/fiat-autobianchi-500-giardiniera-de\/tuergriffe-und-tuerschlosse-giard-de\/"},{"@type":"ListItem","position":5,"name":"\u00c4u\u00dfere T\u00fcrgriffe und T\u00fcrschlosse","item":"https:\/\/staging.passione500.it\/de\/fiat-500-de\/fiat-autobianchi-500-giardiniera-de\/tuergriffe-und-tuerschlosse-giard-de\/aeussere-tuergriffe-und-tuerschlosse-giard-de\/"},{"@type":"ListItem","position":6,"name":"Heckklappe T\u00fcrgriff Aluminium Aussen mit Schl\u00fcssel Fiat 500 Giardiniera (bis zu ord. n.\u00b0 f\u00fcr ersatzzwecke 141706)"}]},{"@type":"WebSite","@id":"https:\/\/staging.passione500.it\/de\/#website","url":"https:\/\/staging.passione500.it\/de\/","name":"Passione 500","description":"Ricambi Fiat 500 d&#039;Epoca","publisher":{"@id":"https:\/\/staging.passione500.it\/de\/#organization"},"potentialAction":[{"@type":"SearchAction","target":{"@type":"EntryPoint","urlTemplate":"https:\/\/staging.passione500.it\/de\/?s={search_term_string}"},"query-input":{"@type":"PropertyValueSpecification","valueRequired":true,"valueName":"search_term_string"}}],"inLanguage":"de"},{"@type":"Organization","@id":"https:\/\/staging.passione500.it\/de\/#organization","name":"Passione 500","url":"https:\/\/staging.passione500.it\/de\/","logo":{"@type":"ImageObject","inLanguage":"de","@id":"https:\/\/staging.passione500.it\/de\/#\/schema\/logo\/image\/","url":"https:\/\/staging.passione500.it\/wp-content\/uploads\/2025\/12\/PASSIONE-LOGO-APPROVATO.png","contentUrl":"https:\/\/staging.passione500.it\/wp-content\/uploads\/2025\/12\/PASSIONE-LOGO-APPROVATO.png","width":348,"height":125,"caption":"Passione 500"},"image":{"@id":"https:\/\/staging.passione500.it\/de\/#\/schema\/logo\/image\/"}}]}},"_links":{"self":[{"href":"https:\/\/staging.passione500.it\/de\/wp-json\/wp\/v2\/product\/9224","targetHints":{"allow":["GET"]}}],"collection":[{"href":"https:\/\/staging.passione500.it\/de\/wp-json\/wp\/v2\/product"}],"about":[{"href":"https:\/\/staging.passione500.it\/de\/wp-json\/wp\/v2\/types\/product"}],"wp:featuredmedia":[{"embeddable":true,"href":"https:\/\/staging.passione500.it\/de\/wp-json\/wp\/v2\/media\/9230"}],"wp:attachment":[{"href":"https:\/\/staging.passione500.it\/de\/wp-json\/wp\/v2\/media?parent=9224"}],"wp:term":[{"taxonomy":"product_brand","embeddable":true,"href":"https:\/\/staging.passione500.it\/de\/wp-json\/wp\/v2\/product_brand?post=9224"},{"taxonomy":"product_cat","embeddable":true,"href":"https:\/\/staging.passione500.it\/de\/wp-json\/wp\/v2\/product_cat?post=9224"},{"taxonomy":"product_tag","embeddable":true,"href":"https:\/\/staging.passione500.it\/de\/wp-json\/wp\/v2\/product_tag?post=9224"}],"curies":[{"name":"wp","href":"https:\/\/api.w.org\/{rel}","templated":true}]}}