{"id":5504,"date":"2023-03-02T11:40:07","date_gmt":"2023-03-02T10:40:07","guid":{"rendered":"https:\/\/staging.passione500.it\/?post_type=product&#038;p=5504"},"modified":"2025-07-25T11:02:34","modified_gmt":"2025-07-25T09:02:34","slug":"kompletter-stosfangersatz-fiat-500-l","status":"publish","type":"product","link":"https:\/\/staging.passione500.it\/de\/fiat-500-de\/fiat-500-l-de\/stossstange-und-sonstiges-l-de\/kompletter-stosfangersatz-fiat-500-l\/","title":{"rendered":"Kompletter Sto\u00dff\u00e4ngersatz Fiat 500 L"},"content":{"rendered":"<h4>F\u00fcr ein komplettes Auto muss 1 St\u00fcck gekauft werden<\/h4>\n<h4>Das Kit besteht aus:<\/h4>\n<ul>\n<li>\n<h4>nr.1 Sto\u00dfstange vorne verchromt &#8211; artikelcode PAR1<\/h4>\n<\/li>\n<li>\n<h4>nr.1 Sto\u00dfstange hinten verchromt &#8211; artikelcode PAR12<\/h4>\n<\/li>\n<li>\n<h4>nr.1 chromb\u00fcgel vorne &#8211; artikelcode PAR4<\/h4>\n<\/li>\n<li>\n<h4>nr.1 chromb\u00fcgel hinten links &#8211; artikelcode PAR5<\/h4>\n<\/li>\n<li>\n<h4>nr.1 chromb\u00fcgel hinten rechts &#8211; artikelcode PAR56<\/h4>\n<\/li>\n<\/ul>\n<ul>\n<li>\n<h4>nr.4 Sto\u00dfstangen Distanzh\u00fclse Verchromt &#8211; artikel code PAR15<\/h4>\n<\/li>\n<li>\n<h4>nr.4 distanzst\u00fcck f\u00fcr chromb\u00fcgel verchromt &#8211; artikelcode PAR17<\/h4>\n<\/li>\n<li>\n<h4>nr.4 Gummiunterlage f\u00fcr Sto\u00dfstangen Distanzst\u00fcck &#8211; artikel code PAR16<\/h4>\n<\/li>\n<li>\n<h4>nr.4 befestigungsschraube f\u00fcr sto\u00dfstangen verchromt &#8211; artikelcode PAR19<\/h4>\n<\/li>\n<\/ul>\n","protected":false},"excerpt":{"rendered":"<p>Prodotto in offerta fino a maggio.<\/p>\n","protected":false},"featured_media":5510,"template":"","meta":{"_et_pb_use_builder":"","_et_pb_old_content":"","_et_gb_content_width":""},"product_brand":[],"product_cat":[1050,2430],"product_tag":[],"class_list":{"0":"post-5504","1":"product","2":"type-product","3":"status-publish","4":"has-post-thumbnail","6":"product_cat-stossstange-und-sonstiges-l-de","7":"product_cat-stossstange-und-sonstiges-tt-de","8":"product_shipping_class-versand-1","10":"first","11":"instock","12":"taxable","13":"shipping-taxable","14":"purchasable","15":"product-type-simple"},"yoast_head":"<!-- This site is optimized with the Yoast SEO plugin v27.3 - https:\/\/yoast.com\/product\/yoast-seo-wordpress\/ -->\n<title>Kompletter Sto\u00dff\u00e4ngersatz Fiat 500 L - Passione 500<\/title>\n<meta name=\"description\" content=\"Finden Sie die Kompletter Sto\u00dff\u00e4ngersatz f\u00fcr Fiat 500 L auf unserer Website . \u00dcber 3.000 Ersatzteile auf Lager. PROFITIEREN SIE VON UNSEREN ANGEBOTEN!\" \/>\n<meta name=\"robots\" content=\"noindex, follow, max-snippet:-1, max-image-preview:large, max-video-preview:-1\" \/>\n<meta property=\"og:locale\" content=\"de_DE\" \/>\n<meta property=\"og:type\" content=\"article\" \/>\n<meta property=\"og:title\" content=\"Kompletter Sto\u00dff\u00e4ngersatz Fiat 500 L - Passione 500\" \/>\n<meta property=\"og:description\" content=\"Finden Sie die Kompletter Sto\u00dff\u00e4ngersatz f\u00fcr Fiat 500 L auf unserer Website . \u00dcber 3.000 Ersatzteile auf Lager. PROFITIEREN SIE VON UNSEREN ANGEBOTEN!\" \/>\n<meta property=\"og:url\" content=\"https:\/\/staging.passione500.it\/de\/fiat-500-de\/fiat-500-l-de\/stossstange-und-sonstiges-l-de\/kompletter-stosfangersatz-fiat-500-l\/\" \/>\n<meta property=\"og:site_name\" content=\"Passione 500\" \/>\n<meta property=\"article:modified_time\" content=\"2025-07-25T09:02:34+00:00\" \/>\n<meta property=\"og:image\" content=\"https:\/\/passione500.it\/wp-content\/uploads\/2023\/03\/kit-paraurtu-L.jpg\" \/>\n\t<meta property=\"og:image:width\" content=\"2048\" \/>\n\t<meta property=\"og:image:height\" content=\"1536\" \/>\n\t<meta property=\"og:image:type\" content=\"image\/jpeg\" \/>\n<meta name=\"twitter:card\" content=\"summary_large_image\" \/>\n<meta name=\"twitter:label1\" content=\"Gesch\u00e4tzte Lesezeit\" \/>\n\t<meta name=\"twitter:data1\" content=\"1\u00a0Minute\" \/>\n<script type=\"application\/ld+json\" class=\"yoast-schema-graph\">{\"@context\":\"https:\\\/\\\/schema.org\",\"@graph\":[{\"@type\":\"WebPage\",\"@id\":\"https:\\\/\\\/staging.passione500.it\\\/de\\\/fiat-500-de\\\/fiat-500-l-de\\\/stossstange-und-sonstiges-l-de\\\/kompletter-stosfangersatz-fiat-500-l\\\/\",\"url\":\"https:\\\/\\\/staging.passione500.it\\\/de\\\/fiat-500-de\\\/fiat-500-l-de\\\/stossstange-und-sonstiges-l-de\\\/kompletter-stosfangersatz-fiat-500-l\\\/\",\"name\":\"Kompletter Sto\u00dff\u00e4ngersatz Fiat 500 L - Passione 500\",\"isPartOf\":{\"@id\":\"https:\\\/\\\/staging.passione500.it\\\/de\\\/#website\"},\"primaryImageOfPage\":{\"@id\":\"https:\\\/\\\/staging.passione500.it\\\/de\\\/fiat-500-de\\\/fiat-500-l-de\\\/stossstange-und-sonstiges-l-de\\\/kompletter-stosfangersatz-fiat-500-l\\\/#primaryimage\"},\"image\":{\"@id\":\"https:\\\/\\\/staging.passione500.it\\\/de\\\/fiat-500-de\\\/fiat-500-l-de\\\/stossstange-und-sonstiges-l-de\\\/kompletter-stosfangersatz-fiat-500-l\\\/#primaryimage\"},\"thumbnailUrl\":\"https:\\\/\\\/staging.passione500.it\\\/wp-content\\\/uploads\\\/2023\\\/03\\\/kit-paraurtu-L.jpg\",\"datePublished\":\"2023-03-02T10:40:07+00:00\",\"dateModified\":\"2025-07-25T09:02:34+00:00\",\"description\":\"Finden Sie die Kompletter Sto\u00dff\u00e4ngersatz f\u00fcr Fiat 500 L auf unserer Website . \u00dcber 3.000 Ersatzteile auf Lager. PROFITIEREN SIE VON UNSEREN ANGEBOTEN!\",\"breadcrumb\":{\"@id\":\"https:\\\/\\\/staging.passione500.it\\\/de\\\/fiat-500-de\\\/fiat-500-l-de\\\/stossstange-und-sonstiges-l-de\\\/kompletter-stosfangersatz-fiat-500-l\\\/#breadcrumb\"},\"inLanguage\":\"de\",\"potentialAction\":[{\"@type\":\"ReadAction\",\"target\":[\"https:\\\/\\\/staging.passione500.it\\\/de\\\/fiat-500-de\\\/fiat-500-l-de\\\/stossstange-und-sonstiges-l-de\\\/kompletter-stosfangersatz-fiat-500-l\\\/\"]}]},{\"@type\":\"ImageObject\",\"inLanguage\":\"de\",\"@id\":\"https:\\\/\\\/staging.passione500.it\\\/de\\\/fiat-500-de\\\/fiat-500-l-de\\\/stossstange-und-sonstiges-l-de\\\/kompletter-stosfangersatz-fiat-500-l\\\/#primaryimage\",\"url\":\"https:\\\/\\\/staging.passione500.it\\\/wp-content\\\/uploads\\\/2023\\\/03\\\/kit-paraurtu-L.jpg\",\"contentUrl\":\"https:\\\/\\\/staging.passione500.it\\\/wp-content\\\/uploads\\\/2023\\\/03\\\/kit-paraurtu-L.jpg\",\"width\":2048,\"height\":1536,\"caption\":\"kit paraurti fiat 500 L\"},{\"@type\":\"BreadcrumbList\",\"@id\":\"https:\\\/\\\/staging.passione500.it\\\/de\\\/fiat-500-de\\\/fiat-500-l-de\\\/stossstange-und-sonstiges-l-de\\\/kompletter-stosfangersatz-fiat-500-l\\\/#breadcrumb\",\"itemListElement\":[{\"@type\":\"ListItem\",\"position\":1,\"name\":\"Home\",\"item\":\"https:\\\/\\\/passione500.it\\\/de\\\/\"},{\"@type\":\"ListItem\",\"position\":2,\"name\":\"Fiat 500\",\"item\":\"https:\\\/\\\/staging.passione500.it\\\/de\\\/fiat-500-de\\\/\"},{\"@type\":\"ListItem\",\"position\":3,\"name\":\"Fiat 500 L\",\"item\":\"https:\\\/\\\/staging.passione500.it\\\/de\\\/fiat-500-de\\\/fiat-500-l-de\\\/\"},{\"@type\":\"ListItem\",\"position\":4,\"name\":\"Sto\u00dfstange und Sonstiges\",\"item\":\"https:\\\/\\\/staging.passione500.it\\\/de\\\/fiat-500-de\\\/fiat-500-l-de\\\/stossstange-und-sonstiges-l-de\\\/\"},{\"@type\":\"ListItem\",\"position\":5,\"name\":\"Kompletter Sto\u00dff\u00e4ngersatz Fiat 500 L\"}]},{\"@type\":\"WebSite\",\"@id\":\"https:\\\/\\\/staging.passione500.it\\\/de\\\/#website\",\"url\":\"https:\\\/\\\/staging.passione500.it\\\/de\\\/\",\"name\":\"Passione 500\",\"description\":\"Ricambi Fiat 500 d&#039;Epoca\",\"publisher\":{\"@id\":\"https:\\\/\\\/staging.passione500.it\\\/de\\\/#organization\"},\"potentialAction\":[{\"@type\":\"SearchAction\",\"target\":{\"@type\":\"EntryPoint\",\"urlTemplate\":\"https:\\\/\\\/staging.passione500.it\\\/de\\\/?s={search_term_string}\"},\"query-input\":{\"@type\":\"PropertyValueSpecification\",\"valueRequired\":true,\"valueName\":\"search_term_string\"}}],\"inLanguage\":\"de\"},{\"@type\":\"Organization\",\"@id\":\"https:\\\/\\\/staging.passione500.it\\\/de\\\/#organization\",\"name\":\"Passione 500\",\"url\":\"https:\\\/\\\/staging.passione500.it\\\/de\\\/\",\"logo\":{\"@type\":\"ImageObject\",\"inLanguage\":\"de\",\"@id\":\"https:\\\/\\\/staging.passione500.it\\\/de\\\/#\\\/schema\\\/logo\\\/image\\\/\",\"url\":\"https:\\\/\\\/staging.passione500.it\\\/wp-content\\\/uploads\\\/2025\\\/12\\\/PASSIONE-LOGO-APPROVATO.png\",\"contentUrl\":\"https:\\\/\\\/staging.passione500.it\\\/wp-content\\\/uploads\\\/2025\\\/12\\\/PASSIONE-LOGO-APPROVATO.png\",\"width\":348,\"height\":125,\"caption\":\"Passione 500\"},\"image\":{\"@id\":\"https:\\\/\\\/staging.passione500.it\\\/de\\\/#\\\/schema\\\/logo\\\/image\\\/\"}}]}<\/script>\n<!-- \/ Yoast SEO plugin. -->","yoast_head_json":{"title":"Kompletter Sto\u00dff\u00e4ngersatz Fiat 500 L - Passione 500","description":"Finden Sie die Kompletter Sto\u00dff\u00e4ngersatz f\u00fcr Fiat 500 L auf unserer Website . \u00dcber 3.000 Ersatzteile auf Lager. PROFITIEREN SIE VON UNSEREN ANGEBOTEN!","robots":{"index":"noindex","follow":"follow","max-snippet":"max-snippet:-1","max-image-preview":"max-image-preview:large","max-video-preview":"max-video-preview:-1"},"og_locale":"de_DE","og_type":"article","og_title":"Kompletter Sto\u00dff\u00e4ngersatz Fiat 500 L - Passione 500","og_description":"Finden Sie die Kompletter Sto\u00dff\u00e4ngersatz f\u00fcr Fiat 500 L auf unserer Website . \u00dcber 3.000 Ersatzteile auf Lager. PROFITIEREN SIE VON UNSEREN ANGEBOTEN!","og_url":"https:\/\/staging.passione500.it\/de\/fiat-500-de\/fiat-500-l-de\/stossstange-und-sonstiges-l-de\/kompletter-stosfangersatz-fiat-500-l\/","og_site_name":"Passione 500","article_modified_time":"2025-07-25T09:02:34+00:00","og_image":[{"width":2048,"height":1536,"url":"https:\/\/passione500.it\/wp-content\/uploads\/2023\/03\/kit-paraurtu-L.jpg","type":"image\/jpeg"}],"twitter_card":"summary_large_image","twitter_misc":{"Gesch\u00e4tzte Lesezeit":"1\u00a0Minute"},"schema":{"@context":"https:\/\/schema.org","@graph":[{"@type":"WebPage","@id":"https:\/\/staging.passione500.it\/de\/fiat-500-de\/fiat-500-l-de\/stossstange-und-sonstiges-l-de\/kompletter-stosfangersatz-fiat-500-l\/","url":"https:\/\/staging.passione500.it\/de\/fiat-500-de\/fiat-500-l-de\/stossstange-und-sonstiges-l-de\/kompletter-stosfangersatz-fiat-500-l\/","name":"Kompletter Sto\u00dff\u00e4ngersatz Fiat 500 L - Passione 500","isPartOf":{"@id":"https:\/\/staging.passione500.it\/de\/#website"},"primaryImageOfPage":{"@id":"https:\/\/staging.passione500.it\/de\/fiat-500-de\/fiat-500-l-de\/stossstange-und-sonstiges-l-de\/kompletter-stosfangersatz-fiat-500-l\/#primaryimage"},"image":{"@id":"https:\/\/staging.passione500.it\/de\/fiat-500-de\/fiat-500-l-de\/stossstange-und-sonstiges-l-de\/kompletter-stosfangersatz-fiat-500-l\/#primaryimage"},"thumbnailUrl":"https:\/\/staging.passione500.it\/wp-content\/uploads\/2023\/03\/kit-paraurtu-L.jpg","datePublished":"2023-03-02T10:40:07+00:00","dateModified":"2025-07-25T09:02:34+00:00","description":"Finden Sie die Kompletter Sto\u00dff\u00e4ngersatz f\u00fcr Fiat 500 L auf unserer Website . \u00dcber 3.000 Ersatzteile auf Lager. PROFITIEREN SIE VON UNSEREN ANGEBOTEN!","breadcrumb":{"@id":"https:\/\/staging.passione500.it\/de\/fiat-500-de\/fiat-500-l-de\/stossstange-und-sonstiges-l-de\/kompletter-stosfangersatz-fiat-500-l\/#breadcrumb"},"inLanguage":"de","potentialAction":[{"@type":"ReadAction","target":["https:\/\/staging.passione500.it\/de\/fiat-500-de\/fiat-500-l-de\/stossstange-und-sonstiges-l-de\/kompletter-stosfangersatz-fiat-500-l\/"]}]},{"@type":"ImageObject","inLanguage":"de","@id":"https:\/\/staging.passione500.it\/de\/fiat-500-de\/fiat-500-l-de\/stossstange-und-sonstiges-l-de\/kompletter-stosfangersatz-fiat-500-l\/#primaryimage","url":"https:\/\/staging.passione500.it\/wp-content\/uploads\/2023\/03\/kit-paraurtu-L.jpg","contentUrl":"https:\/\/staging.passione500.it\/wp-content\/uploads\/2023\/03\/kit-paraurtu-L.jpg","width":2048,"height":1536,"caption":"kit paraurti fiat 500 L"},{"@type":"BreadcrumbList","@id":"https:\/\/staging.passione500.it\/de\/fiat-500-de\/fiat-500-l-de\/stossstange-und-sonstiges-l-de\/kompletter-stosfangersatz-fiat-500-l\/#breadcrumb","itemListElement":[{"@type":"ListItem","position":1,"name":"Home","item":"https:\/\/passione500.it\/de\/"},{"@type":"ListItem","position":2,"name":"Fiat 500","item":"https:\/\/staging.passione500.it\/de\/fiat-500-de\/"},{"@type":"ListItem","position":3,"name":"Fiat 500 L","item":"https:\/\/staging.passione500.it\/de\/fiat-500-de\/fiat-500-l-de\/"},{"@type":"ListItem","position":4,"name":"Sto\u00dfstange und Sonstiges","item":"https:\/\/staging.passione500.it\/de\/fiat-500-de\/fiat-500-l-de\/stossstange-und-sonstiges-l-de\/"},{"@type":"ListItem","position":5,"name":"Kompletter Sto\u00dff\u00e4ngersatz Fiat 500 L"}]},{"@type":"WebSite","@id":"https:\/\/staging.passione500.it\/de\/#website","url":"https:\/\/staging.passione500.it\/de\/","name":"Passione 500","description":"Ricambi Fiat 500 d&#039;Epoca","publisher":{"@id":"https:\/\/staging.passione500.it\/de\/#organization"},"potentialAction":[{"@type":"SearchAction","target":{"@type":"EntryPoint","urlTemplate":"https:\/\/staging.passione500.it\/de\/?s={search_term_string}"},"query-input":{"@type":"PropertyValueSpecification","valueRequired":true,"valueName":"search_term_string"}}],"inLanguage":"de"},{"@type":"Organization","@id":"https:\/\/staging.passione500.it\/de\/#organization","name":"Passione 500","url":"https:\/\/staging.passione500.it\/de\/","logo":{"@type":"ImageObject","inLanguage":"de","@id":"https:\/\/staging.passione500.it\/de\/#\/schema\/logo\/image\/","url":"https:\/\/staging.passione500.it\/wp-content\/uploads\/2025\/12\/PASSIONE-LOGO-APPROVATO.png","contentUrl":"https:\/\/staging.passione500.it\/wp-content\/uploads\/2025\/12\/PASSIONE-LOGO-APPROVATO.png","width":348,"height":125,"caption":"Passione 500"},"image":{"@id":"https:\/\/staging.passione500.it\/de\/#\/schema\/logo\/image\/"}}]}},"_links":{"self":[{"href":"https:\/\/staging.passione500.it\/de\/wp-json\/wp\/v2\/product\/5504","targetHints":{"allow":["GET"]}}],"collection":[{"href":"https:\/\/staging.passione500.it\/de\/wp-json\/wp\/v2\/product"}],"about":[{"href":"https:\/\/staging.passione500.it\/de\/wp-json\/wp\/v2\/types\/product"}],"wp:featuredmedia":[{"embeddable":true,"href":"https:\/\/staging.passione500.it\/de\/wp-json\/wp\/v2\/media\/5510"}],"wp:attachment":[{"href":"https:\/\/staging.passione500.it\/de\/wp-json\/wp\/v2\/media?parent=5504"}],"wp:term":[{"taxonomy":"product_brand","embeddable":true,"href":"https:\/\/staging.passione500.it\/de\/wp-json\/wp\/v2\/product_brand?post=5504"},{"taxonomy":"product_cat","embeddable":true,"href":"https:\/\/staging.passione500.it\/de\/wp-json\/wp\/v2\/product_cat?post=5504"},{"taxonomy":"product_tag","embeddable":true,"href":"https:\/\/staging.passione500.it\/de\/wp-json\/wp\/v2\/product_tag?post=5504"}],"curies":[{"name":"wp","href":"https:\/\/api.w.org\/{rel}","templated":true}]}}