{"id":5487,"date":"2023-03-01T16:58:25","date_gmt":"2023-03-01T15:58:25","guid":{"rendered":"https:\/\/staging.passione500.it\/?post_type=product&#038;p=5487"},"modified":"2025-09-25T17:00:51","modified_gmt":"2025-09-25T15:00:51","slug":"kompletter-befestigungssatz-fur-stosstangen-fiat-und-autobianchi-500-giardiniera","status":"publish","type":"product","link":"https:\/\/staging.passione500.it\/de\/fiat-500-de\/fiat-autobianchi-500-giardiniera-de\/stossstange-und-sonstiges-giardiniera-de\/kompletter-befestigungssatz-fur-stosstangen-fiat-und-autobianchi-500-giardiniera\/","title":{"rendered":"Kompletter Befestigungssatz f\u00fcr Sto\u00dfstangen Premium Qualit\u00e4t \u2013 Zertifizierte 45 Mikron Verchromung \u2013 Fiat und Autobianchi 500 Giardiniera"},"content":{"rendered":"<h4>F\u00fcr ein komplettes Auto muss 1 St\u00fcck gekauft werden<\/h4>\n<h4>Das Kit besteht aus:<\/h4>\n<ul>\n<li>\n<h4>nr.2 sto\u00dfstangen distanzh\u00fclse verchromt &#8211; artikelcode PAR15<\/h4>\n<\/li>\n<li>\n<h4>nr.2 sto\u00dfstangen distanzh\u00fclse verchromt &#8211; artikelcode PAR20<\/h4>\n<\/li>\n<li>\n<h4>nr.2 befestigungsschraube f\u00fcr sto\u00dfstangen verchromt &#8211; artikelcode PAR18<\/h4>\n<\/li>\n<li>\n<h4>nr.2 befestigungsschraube f\u00fcr sto\u00dfstangen verchromt &#8211; artikelcode PAR21<\/h4>\n<\/li>\n<\/ul>\n<h4>Dieser Artikel wird nach dem urspr\u00fcnglichen Herstellungszyklus verchromt:<\/h4>\n<h4>\u2013 erste Stufe des Polierens<\/h4>\n<h4>\u2013 zweite Phase der Verkupferung (es wird eine Kupferschicht aufgetragen, um das nachfolgende Chromieren zu erleichtern)<\/h4>\n<h4>\u2013 dritte Phase der Verchromung mit einer Mindestdicke von 45 Micron<\/h4>\n","protected":false},"excerpt":{"rendered":"<p>Prodotto in offerta fino a maggio.<\/p>\n","protected":false},"featured_media":5493,"template":"","meta":{"_et_pb_use_builder":"","_et_pb_old_content":"","_et_gb_content_width":""},"product_brand":[],"product_cat":[1055,2430],"product_tag":[],"class_list":{"0":"post-5487","1":"product","2":"type-product","3":"status-publish","4":"has-post-thumbnail","6":"product_cat-stossstange-und-sonstiges-giardiniera-de","7":"product_cat-stossstange-und-sonstiges-tt-de","8":"product_shipping_class-versand-1","10":"first","11":"instock","12":"taxable","13":"shipping-taxable","14":"purchasable","15":"product-type-simple"},"yoast_head":"<!-- This site is optimized with the Yoast SEO plugin v27.3 - https:\/\/yoast.com\/product\/yoast-seo-wordpress\/ -->\n<title>Befestigungssatz f\u00fcr Sto\u00dfstangen Fiat 500 Giardiniera - Passione 500<\/title>\n<meta name=\"description\" content=\"Finden Sie die Befestigungssatz f\u00fcr Sto\u00dfstangen f\u00fcr Fiat 500 Giardiniera auf unserer Website. \u00dcber 3.000 Ersatzteile auf Lager. PROFITIEREN SIE VON UNSEREN ANGEBOTEN!\" \/>\n<meta name=\"robots\" content=\"noindex, follow, max-snippet:-1, max-image-preview:large, max-video-preview:-1\" \/>\n<meta property=\"og:locale\" content=\"de_DE\" \/>\n<meta property=\"og:type\" content=\"article\" \/>\n<meta property=\"og:title\" content=\"Befestigungssatz f\u00fcr Sto\u00dfstangen Fiat 500 Giardiniera - Passione 500\" \/>\n<meta property=\"og:description\" content=\"Finden Sie die Befestigungssatz f\u00fcr Sto\u00dfstangen f\u00fcr Fiat 500 Giardiniera auf unserer Website. \u00dcber 3.000 Ersatzteile auf Lager. PROFITIEREN SIE VON UNSEREN ANGEBOTEN!\" \/>\n<meta property=\"og:url\" content=\"https:\/\/staging.passione500.it\/de\/fiat-500-de\/fiat-autobianchi-500-giardiniera-de\/stossstange-und-sonstiges-giardiniera-de\/kompletter-befestigungssatz-fur-stosstangen-fiat-und-autobianchi-500-giardiniera\/\" \/>\n<meta property=\"og:site_name\" content=\"Passione 500\" \/>\n<meta property=\"article:modified_time\" content=\"2025-09-25T15:00:51+00:00\" \/>\n<meta property=\"og:image\" content=\"https:\/\/passione500.it\/wp-content\/uploads\/2023\/03\/kit-fix-paraurti-Giard.jpg\" \/>\n\t<meta property=\"og:image:width\" content=\"2048\" \/>\n\t<meta property=\"og:image:height\" content=\"1536\" \/>\n\t<meta property=\"og:image:type\" content=\"image\/jpeg\" \/>\n<meta name=\"twitter:card\" content=\"summary_large_image\" \/>\n<meta name=\"twitter:label1\" content=\"Gesch\u00e4tzte Lesezeit\" \/>\n\t<meta name=\"twitter:data1\" content=\"1\u00a0Minute\" \/>\n<script type=\"application\/ld+json\" class=\"yoast-schema-graph\">{\"@context\":\"https:\\\/\\\/schema.org\",\"@graph\":[{\"@type\":\"WebPage\",\"@id\":\"https:\\\/\\\/staging.passione500.it\\\/de\\\/fiat-500-de\\\/fiat-autobianchi-500-giardiniera-de\\\/stossstange-und-sonstiges-giardiniera-de\\\/kompletter-befestigungssatz-fur-stosstangen-fiat-und-autobianchi-500-giardiniera\\\/\",\"url\":\"https:\\\/\\\/staging.passione500.it\\\/de\\\/fiat-500-de\\\/fiat-autobianchi-500-giardiniera-de\\\/stossstange-und-sonstiges-giardiniera-de\\\/kompletter-befestigungssatz-fur-stosstangen-fiat-und-autobianchi-500-giardiniera\\\/\",\"name\":\"Befestigungssatz f\u00fcr Sto\u00dfstangen Fiat 500 Giardiniera - Passione 500\",\"isPartOf\":{\"@id\":\"https:\\\/\\\/staging.passione500.it\\\/de\\\/#website\"},\"primaryImageOfPage\":{\"@id\":\"https:\\\/\\\/staging.passione500.it\\\/de\\\/fiat-500-de\\\/fiat-autobianchi-500-giardiniera-de\\\/stossstange-und-sonstiges-giardiniera-de\\\/kompletter-befestigungssatz-fur-stosstangen-fiat-und-autobianchi-500-giardiniera\\\/#primaryimage\"},\"image\":{\"@id\":\"https:\\\/\\\/staging.passione500.it\\\/de\\\/fiat-500-de\\\/fiat-autobianchi-500-giardiniera-de\\\/stossstange-und-sonstiges-giardiniera-de\\\/kompletter-befestigungssatz-fur-stosstangen-fiat-und-autobianchi-500-giardiniera\\\/#primaryimage\"},\"thumbnailUrl\":\"https:\\\/\\\/staging.passione500.it\\\/wp-content\\\/uploads\\\/2023\\\/03\\\/kit-fix-paraurti-Giard.jpg\",\"datePublished\":\"2023-03-01T15:58:25+00:00\",\"dateModified\":\"2025-09-25T15:00:51+00:00\",\"description\":\"Finden Sie die Befestigungssatz f\u00fcr Sto\u00dfstangen f\u00fcr Fiat 500 Giardiniera auf unserer Website. \u00dcber 3.000 Ersatzteile auf Lager. PROFITIEREN SIE VON UNSEREN ANGEBOTEN!\",\"breadcrumb\":{\"@id\":\"https:\\\/\\\/staging.passione500.it\\\/de\\\/fiat-500-de\\\/fiat-autobianchi-500-giardiniera-de\\\/stossstange-und-sonstiges-giardiniera-de\\\/kompletter-befestigungssatz-fur-stosstangen-fiat-und-autobianchi-500-giardiniera\\\/#breadcrumb\"},\"inLanguage\":\"de\",\"potentialAction\":[{\"@type\":\"ReadAction\",\"target\":[\"https:\\\/\\\/staging.passione500.it\\\/de\\\/fiat-500-de\\\/fiat-autobianchi-500-giardiniera-de\\\/stossstange-und-sonstiges-giardiniera-de\\\/kompletter-befestigungssatz-fur-stosstangen-fiat-und-autobianchi-500-giardiniera\\\/\"]}]},{\"@type\":\"ImageObject\",\"inLanguage\":\"de\",\"@id\":\"https:\\\/\\\/staging.passione500.it\\\/de\\\/fiat-500-de\\\/fiat-autobianchi-500-giardiniera-de\\\/stossstange-und-sonstiges-giardiniera-de\\\/kompletter-befestigungssatz-fur-stosstangen-fiat-und-autobianchi-500-giardiniera\\\/#primaryimage\",\"url\":\"https:\\\/\\\/staging.passione500.it\\\/wp-content\\\/uploads\\\/2023\\\/03\\\/kit-fix-paraurti-Giard.jpg\",\"contentUrl\":\"https:\\\/\\\/staging.passione500.it\\\/wp-content\\\/uploads\\\/2023\\\/03\\\/kit-fix-paraurti-Giard.jpg\",\"width\":2048,\"height\":1536,\"caption\":\"kit fissaggio paraurti fiat 500 giardiniera\"},{\"@type\":\"BreadcrumbList\",\"@id\":\"https:\\\/\\\/staging.passione500.it\\\/de\\\/fiat-500-de\\\/fiat-autobianchi-500-giardiniera-de\\\/stossstange-und-sonstiges-giardiniera-de\\\/kompletter-befestigungssatz-fur-stosstangen-fiat-und-autobianchi-500-giardiniera\\\/#breadcrumb\",\"itemListElement\":[{\"@type\":\"ListItem\",\"position\":1,\"name\":\"Home\",\"item\":\"https:\\\/\\\/passione500.it\\\/de\\\/\"},{\"@type\":\"ListItem\",\"position\":2,\"name\":\"Fiat 500\",\"item\":\"https:\\\/\\\/staging.passione500.it\\\/de\\\/fiat-500-de\\\/\"},{\"@type\":\"ListItem\",\"position\":3,\"name\":\"Fiat und Autobianchi 500 Giardiniera\",\"item\":\"https:\\\/\\\/staging.passione500.it\\\/de\\\/fiat-500-de\\\/fiat-autobianchi-500-giardiniera-de\\\/\"},{\"@type\":\"ListItem\",\"position\":4,\"name\":\"Sto\u00dfstange und Sonstiges\",\"item\":\"https:\\\/\\\/staging.passione500.it\\\/de\\\/fiat-500-de\\\/fiat-autobianchi-500-giardiniera-de\\\/stossstange-und-sonstiges-giardiniera-de\\\/\"},{\"@type\":\"ListItem\",\"position\":5,\"name\":\"Kompletter Befestigungssatz f\u00fcr Sto\u00dfstangen Premium Qualit\u00e4t \u2013 Zertifizierte 45 Mikron Verchromung \u2013 Fiat und Autobianchi 500 Giardiniera\"}]},{\"@type\":\"WebSite\",\"@id\":\"https:\\\/\\\/staging.passione500.it\\\/de\\\/#website\",\"url\":\"https:\\\/\\\/staging.passione500.it\\\/de\\\/\",\"name\":\"Passione 500\",\"description\":\"Ricambi Fiat 500 d&#039;Epoca\",\"publisher\":{\"@id\":\"https:\\\/\\\/staging.passione500.it\\\/de\\\/#organization\"},\"potentialAction\":[{\"@type\":\"SearchAction\",\"target\":{\"@type\":\"EntryPoint\",\"urlTemplate\":\"https:\\\/\\\/staging.passione500.it\\\/de\\\/?s={search_term_string}\"},\"query-input\":{\"@type\":\"PropertyValueSpecification\",\"valueRequired\":true,\"valueName\":\"search_term_string\"}}],\"inLanguage\":\"de\"},{\"@type\":\"Organization\",\"@id\":\"https:\\\/\\\/staging.passione500.it\\\/de\\\/#organization\",\"name\":\"Passione 500\",\"url\":\"https:\\\/\\\/staging.passione500.it\\\/de\\\/\",\"logo\":{\"@type\":\"ImageObject\",\"inLanguage\":\"de\",\"@id\":\"https:\\\/\\\/staging.passione500.it\\\/de\\\/#\\\/schema\\\/logo\\\/image\\\/\",\"url\":\"https:\\\/\\\/staging.passione500.it\\\/wp-content\\\/uploads\\\/2025\\\/12\\\/PASSIONE-LOGO-APPROVATO.png\",\"contentUrl\":\"https:\\\/\\\/staging.passione500.it\\\/wp-content\\\/uploads\\\/2025\\\/12\\\/PASSIONE-LOGO-APPROVATO.png\",\"width\":348,\"height\":125,\"caption\":\"Passione 500\"},\"image\":{\"@id\":\"https:\\\/\\\/staging.passione500.it\\\/de\\\/#\\\/schema\\\/logo\\\/image\\\/\"}}]}<\/script>\n<!-- \/ Yoast SEO plugin. -->","yoast_head_json":{"title":"Befestigungssatz f\u00fcr Sto\u00dfstangen Fiat 500 Giardiniera - Passione 500","description":"Finden Sie die Befestigungssatz f\u00fcr Sto\u00dfstangen f\u00fcr Fiat 500 Giardiniera auf unserer Website. \u00dcber 3.000 Ersatzteile auf Lager. PROFITIEREN SIE VON UNSEREN ANGEBOTEN!","robots":{"index":"noindex","follow":"follow","max-snippet":"max-snippet:-1","max-image-preview":"max-image-preview:large","max-video-preview":"max-video-preview:-1"},"og_locale":"de_DE","og_type":"article","og_title":"Befestigungssatz f\u00fcr Sto\u00dfstangen Fiat 500 Giardiniera - Passione 500","og_description":"Finden Sie die Befestigungssatz f\u00fcr Sto\u00dfstangen f\u00fcr Fiat 500 Giardiniera auf unserer Website. \u00dcber 3.000 Ersatzteile auf Lager. PROFITIEREN SIE VON UNSEREN ANGEBOTEN!","og_url":"https:\/\/staging.passione500.it\/de\/fiat-500-de\/fiat-autobianchi-500-giardiniera-de\/stossstange-und-sonstiges-giardiniera-de\/kompletter-befestigungssatz-fur-stosstangen-fiat-und-autobianchi-500-giardiniera\/","og_site_name":"Passione 500","article_modified_time":"2025-09-25T15:00:51+00:00","og_image":[{"width":2048,"height":1536,"url":"https:\/\/passione500.it\/wp-content\/uploads\/2023\/03\/kit-fix-paraurti-Giard.jpg","type":"image\/jpeg"}],"twitter_card":"summary_large_image","twitter_misc":{"Gesch\u00e4tzte Lesezeit":"1\u00a0Minute"},"schema":{"@context":"https:\/\/schema.org","@graph":[{"@type":"WebPage","@id":"https:\/\/staging.passione500.it\/de\/fiat-500-de\/fiat-autobianchi-500-giardiniera-de\/stossstange-und-sonstiges-giardiniera-de\/kompletter-befestigungssatz-fur-stosstangen-fiat-und-autobianchi-500-giardiniera\/","url":"https:\/\/staging.passione500.it\/de\/fiat-500-de\/fiat-autobianchi-500-giardiniera-de\/stossstange-und-sonstiges-giardiniera-de\/kompletter-befestigungssatz-fur-stosstangen-fiat-und-autobianchi-500-giardiniera\/","name":"Befestigungssatz f\u00fcr Sto\u00dfstangen Fiat 500 Giardiniera - Passione 500","isPartOf":{"@id":"https:\/\/staging.passione500.it\/de\/#website"},"primaryImageOfPage":{"@id":"https:\/\/staging.passione500.it\/de\/fiat-500-de\/fiat-autobianchi-500-giardiniera-de\/stossstange-und-sonstiges-giardiniera-de\/kompletter-befestigungssatz-fur-stosstangen-fiat-und-autobianchi-500-giardiniera\/#primaryimage"},"image":{"@id":"https:\/\/staging.passione500.it\/de\/fiat-500-de\/fiat-autobianchi-500-giardiniera-de\/stossstange-und-sonstiges-giardiniera-de\/kompletter-befestigungssatz-fur-stosstangen-fiat-und-autobianchi-500-giardiniera\/#primaryimage"},"thumbnailUrl":"https:\/\/staging.passione500.it\/wp-content\/uploads\/2023\/03\/kit-fix-paraurti-Giard.jpg","datePublished":"2023-03-01T15:58:25+00:00","dateModified":"2025-09-25T15:00:51+00:00","description":"Finden Sie die Befestigungssatz f\u00fcr Sto\u00dfstangen f\u00fcr Fiat 500 Giardiniera auf unserer Website. \u00dcber 3.000 Ersatzteile auf Lager. PROFITIEREN SIE VON UNSEREN ANGEBOTEN!","breadcrumb":{"@id":"https:\/\/staging.passione500.it\/de\/fiat-500-de\/fiat-autobianchi-500-giardiniera-de\/stossstange-und-sonstiges-giardiniera-de\/kompletter-befestigungssatz-fur-stosstangen-fiat-und-autobianchi-500-giardiniera\/#breadcrumb"},"inLanguage":"de","potentialAction":[{"@type":"ReadAction","target":["https:\/\/staging.passione500.it\/de\/fiat-500-de\/fiat-autobianchi-500-giardiniera-de\/stossstange-und-sonstiges-giardiniera-de\/kompletter-befestigungssatz-fur-stosstangen-fiat-und-autobianchi-500-giardiniera\/"]}]},{"@type":"ImageObject","inLanguage":"de","@id":"https:\/\/staging.passione500.it\/de\/fiat-500-de\/fiat-autobianchi-500-giardiniera-de\/stossstange-und-sonstiges-giardiniera-de\/kompletter-befestigungssatz-fur-stosstangen-fiat-und-autobianchi-500-giardiniera\/#primaryimage","url":"https:\/\/staging.passione500.it\/wp-content\/uploads\/2023\/03\/kit-fix-paraurti-Giard.jpg","contentUrl":"https:\/\/staging.passione500.it\/wp-content\/uploads\/2023\/03\/kit-fix-paraurti-Giard.jpg","width":2048,"height":1536,"caption":"kit fissaggio paraurti fiat 500 giardiniera"},{"@type":"BreadcrumbList","@id":"https:\/\/staging.passione500.it\/de\/fiat-500-de\/fiat-autobianchi-500-giardiniera-de\/stossstange-und-sonstiges-giardiniera-de\/kompletter-befestigungssatz-fur-stosstangen-fiat-und-autobianchi-500-giardiniera\/#breadcrumb","itemListElement":[{"@type":"ListItem","position":1,"name":"Home","item":"https:\/\/passione500.it\/de\/"},{"@type":"ListItem","position":2,"name":"Fiat 500","item":"https:\/\/staging.passione500.it\/de\/fiat-500-de\/"},{"@type":"ListItem","position":3,"name":"Fiat und Autobianchi 500 Giardiniera","item":"https:\/\/staging.passione500.it\/de\/fiat-500-de\/fiat-autobianchi-500-giardiniera-de\/"},{"@type":"ListItem","position":4,"name":"Sto\u00dfstange und Sonstiges","item":"https:\/\/staging.passione500.it\/de\/fiat-500-de\/fiat-autobianchi-500-giardiniera-de\/stossstange-und-sonstiges-giardiniera-de\/"},{"@type":"ListItem","position":5,"name":"Kompletter Befestigungssatz f\u00fcr Sto\u00dfstangen Premium Qualit\u00e4t \u2013 Zertifizierte 45 Mikron Verchromung \u2013 Fiat und Autobianchi 500 Giardiniera"}]},{"@type":"WebSite","@id":"https:\/\/staging.passione500.it\/de\/#website","url":"https:\/\/staging.passione500.it\/de\/","name":"Passione 500","description":"Ricambi Fiat 500 d&#039;Epoca","publisher":{"@id":"https:\/\/staging.passione500.it\/de\/#organization"},"potentialAction":[{"@type":"SearchAction","target":{"@type":"EntryPoint","urlTemplate":"https:\/\/staging.passione500.it\/de\/?s={search_term_string}"},"query-input":{"@type":"PropertyValueSpecification","valueRequired":true,"valueName":"search_term_string"}}],"inLanguage":"de"},{"@type":"Organization","@id":"https:\/\/staging.passione500.it\/de\/#organization","name":"Passione 500","url":"https:\/\/staging.passione500.it\/de\/","logo":{"@type":"ImageObject","inLanguage":"de","@id":"https:\/\/staging.passione500.it\/de\/#\/schema\/logo\/image\/","url":"https:\/\/staging.passione500.it\/wp-content\/uploads\/2025\/12\/PASSIONE-LOGO-APPROVATO.png","contentUrl":"https:\/\/staging.passione500.it\/wp-content\/uploads\/2025\/12\/PASSIONE-LOGO-APPROVATO.png","width":348,"height":125,"caption":"Passione 500"},"image":{"@id":"https:\/\/staging.passione500.it\/de\/#\/schema\/logo\/image\/"}}]}},"_links":{"self":[{"href":"https:\/\/staging.passione500.it\/de\/wp-json\/wp\/v2\/product\/5487","targetHints":{"allow":["GET"]}}],"collection":[{"href":"https:\/\/staging.passione500.it\/de\/wp-json\/wp\/v2\/product"}],"about":[{"href":"https:\/\/staging.passione500.it\/de\/wp-json\/wp\/v2\/types\/product"}],"wp:featuredmedia":[{"embeddable":true,"href":"https:\/\/staging.passione500.it\/de\/wp-json\/wp\/v2\/media\/5493"}],"wp:attachment":[{"href":"https:\/\/staging.passione500.it\/de\/wp-json\/wp\/v2\/media?parent=5487"}],"wp:term":[{"taxonomy":"product_brand","embeddable":true,"href":"https:\/\/staging.passione500.it\/de\/wp-json\/wp\/v2\/product_brand?post=5487"},{"taxonomy":"product_cat","embeddable":true,"href":"https:\/\/staging.passione500.it\/de\/wp-json\/wp\/v2\/product_cat?post=5487"},{"taxonomy":"product_tag","embeddable":true,"href":"https:\/\/staging.passione500.it\/de\/wp-json\/wp\/v2\/product_tag?post=5487"}],"curies":[{"name":"wp","href":"https:\/\/api.w.org\/{rel}","templated":true}]}}