{"id":52686,"date":"2026-03-16T14:56:12","date_gmt":"2026-03-16T13:56:12","guid":{"rendered":"https:\/\/staging.passione500.it\/?post_type=product&#038;p=52686"},"modified":"2026-03-16T15:47:29","modified_gmt":"2026-03-16T14:47:29","slug":"elektronisches-zuendsteuergeraet-autobianchi-bianchina","status":"publish","type":"product","link":"https:\/\/staging.passione500.it\/de\/autobianchi-bianchina-de\/elektrische-system-bianchina-de\/verteiler-sonstiges-bianchina-de\/elektronisches-zuendsteuergeraet-autobianchi-bianchina\/","title":{"rendered":"Elektronisches Z\u00fcndsteuerger\u00e4t Autobianchi Bianchina"},"content":{"rendered":"<h4>F\u00fcr ein komplettes Auto muss 1 St\u00fcck gekauft werden<\/h4>\n<h4>Die Steuereinheit ist einfach zu installieren und eliminiert den Verschlei\u00df der Punkte, die durch den Kondensator verursachten Probleme und die schlechte Verbrennung des Kraftstoffs. Es verbessert die Z\u00fcndung und die Motorleistung bei hohen und niedrigen Drehzahlen und sorgt so f\u00fcr eine lineare Leistungsentfaltung bei gleichzeitiger Reduzierung von Verbrauch und Abgasen. Das Steuerger\u00e4t ist hitze- und wasserbest\u00e4ndig und l\u00e4sst sich leicht installieren und verbergen, um maximale Originalit\u00e4t des Fahrzeugs zu gew\u00e4hrleisten. Das Montagediagramm und die technischen Spezifikationen werden bereitgestellt.<\/h4>\n","protected":false},"excerpt":{"rendered":"<p>Prodotto in offerta fino a maggio.<\/p>\n","protected":false},"featured_media":17075,"template":"","meta":{"_et_pb_use_builder":"","_et_pb_old_content":"","_et_gb_content_width":""},"product_brand":[],"product_cat":[6091,6069,6157],"product_tag":[],"class_list":{"0":"post-52686","1":"product","2":"type-product","3":"status-publish","4":"has-post-thumbnail","6":"product_cat-verteiler-sonstiges-bianchina-de","7":"product_cat-elektrische-system-sonstiges-bianchina-de","8":"product_cat-sport-ersatzteile-bianchina-de","9":"product_shipping_class-versand-1","11":"first","12":"instock","13":"taxable","14":"shipping-taxable","15":"purchasable","16":"product-type-simple"},"yoast_head":"<!-- This site is optimized with the Yoast SEO plugin v27.3 - https:\/\/yoast.com\/product\/yoast-seo-wordpress\/ -->\n<title>Elektronisches Z\u00fcndsteuerger\u00e4t Autobianchi Bianchina | Passione 500<\/title>\n<meta name=\"description\" content=\"Finden Sie die Elektronisches Z\u00fcndsteuerger\u00e4t f\u00fcr Bianchina auf unserer Website.\u00dcber 3.000 Ersatzteile auf Lager.PROFITIEREN SIE VON UNSEREN ANGEBOTEN ! %\" \/>\n<meta name=\"robots\" content=\"noindex, follow, max-snippet:-1, max-image-preview:large, max-video-preview:-1\" \/>\n<meta property=\"og:locale\" content=\"de_DE\" \/>\n<meta property=\"og:type\" content=\"article\" \/>\n<meta property=\"og:title\" content=\"Elektronisches Z\u00fcndsteuerger\u00e4t Autobianchi Bianchina | Passione 500\" \/>\n<meta property=\"og:description\" content=\"Finden Sie die Elektronisches Z\u00fcndsteuerger\u00e4t f\u00fcr Bianchina auf unserer Website.\u00dcber 3.000 Ersatzteile auf Lager.PROFITIEREN SIE VON UNSEREN ANGEBOTEN ! %\" \/>\n<meta property=\"og:url\" content=\"https:\/\/staging.passione500.it\/de\/autobianchi-bianchina-de\/elektrische-system-bianchina-de\/verteiler-sonstiges-bianchina-de\/elektronisches-zuendsteuergeraet-autobianchi-bianchina\/\" \/>\n<meta property=\"og:site_name\" content=\"Passione 500\" \/>\n<meta property=\"article:modified_time\" content=\"2026-03-16T14:47:29+00:00\" \/>\n<meta property=\"og:image\" content=\"https:\/\/passione500.it\/wp-content\/uploads\/2024\/05\/centralina-foto-1.jpg\" \/>\n\t<meta property=\"og:image:width\" content=\"2048\" \/>\n\t<meta property=\"og:image:height\" content=\"1536\" \/>\n\t<meta property=\"og:image:type\" content=\"image\/jpeg\" \/>\n<meta name=\"twitter:card\" content=\"summary_large_image\" \/>\n<meta name=\"twitter:label1\" content=\"Gesch\u00e4tzte Lesezeit\" \/>\n\t<meta name=\"twitter:data1\" content=\"1\u00a0Minute\" \/>\n<script type=\"application\/ld+json\" class=\"yoast-schema-graph\">{\"@context\":\"https:\\\/\\\/schema.org\",\"@graph\":[{\"@type\":\"WebPage\",\"@id\":\"https:\\\/\\\/staging.passione500.it\\\/de\\\/autobianchi-bianchina-de\\\/elektrische-system-bianchina-de\\\/verteiler-sonstiges-bianchina-de\\\/elektronisches-zuendsteuergeraet-autobianchi-bianchina\\\/\",\"url\":\"https:\\\/\\\/staging.passione500.it\\\/de\\\/autobianchi-bianchina-de\\\/elektrische-system-bianchina-de\\\/verteiler-sonstiges-bianchina-de\\\/elektronisches-zuendsteuergeraet-autobianchi-bianchina\\\/\",\"name\":\"Elektronisches Z\u00fcndsteuerger\u00e4t Autobianchi Bianchina | Passione 500\",\"isPartOf\":{\"@id\":\"https:\\\/\\\/staging.passione500.it\\\/de\\\/#website\"},\"primaryImageOfPage\":{\"@id\":\"https:\\\/\\\/staging.passione500.it\\\/de\\\/autobianchi-bianchina-de\\\/elektrische-system-bianchina-de\\\/verteiler-sonstiges-bianchina-de\\\/elektronisches-zuendsteuergeraet-autobianchi-bianchina\\\/#primaryimage\"},\"image\":{\"@id\":\"https:\\\/\\\/staging.passione500.it\\\/de\\\/autobianchi-bianchina-de\\\/elektrische-system-bianchina-de\\\/verteiler-sonstiges-bianchina-de\\\/elektronisches-zuendsteuergeraet-autobianchi-bianchina\\\/#primaryimage\"},\"thumbnailUrl\":\"https:\\\/\\\/staging.passione500.it\\\/wp-content\\\/uploads\\\/2024\\\/05\\\/centralina-foto-1.jpg\",\"datePublished\":\"2026-03-16T13:56:12+00:00\",\"dateModified\":\"2026-03-16T14:47:29+00:00\",\"description\":\"Finden Sie die Elektronisches Z\u00fcndsteuerger\u00e4t f\u00fcr Bianchina auf unserer Website.\u00dcber 3.000 Ersatzteile auf Lager.PROFITIEREN SIE VON UNSEREN ANGEBOTEN ! %\",\"breadcrumb\":{\"@id\":\"https:\\\/\\\/staging.passione500.it\\\/de\\\/autobianchi-bianchina-de\\\/elektrische-system-bianchina-de\\\/verteiler-sonstiges-bianchina-de\\\/elektronisches-zuendsteuergeraet-autobianchi-bianchina\\\/#breadcrumb\"},\"inLanguage\":\"de\",\"potentialAction\":[{\"@type\":\"ReadAction\",\"target\":[\"https:\\\/\\\/staging.passione500.it\\\/de\\\/autobianchi-bianchina-de\\\/elektrische-system-bianchina-de\\\/verteiler-sonstiges-bianchina-de\\\/elektronisches-zuendsteuergeraet-autobianchi-bianchina\\\/\"]}]},{\"@type\":\"ImageObject\",\"inLanguage\":\"de\",\"@id\":\"https:\\\/\\\/staging.passione500.it\\\/de\\\/autobianchi-bianchina-de\\\/elektrische-system-bianchina-de\\\/verteiler-sonstiges-bianchina-de\\\/elektronisches-zuendsteuergeraet-autobianchi-bianchina\\\/#primaryimage\",\"url\":\"https:\\\/\\\/staging.passione500.it\\\/wp-content\\\/uploads\\\/2024\\\/05\\\/centralina-foto-1.jpg\",\"contentUrl\":\"https:\\\/\\\/staging.passione500.it\\\/wp-content\\\/uploads\\\/2024\\\/05\\\/centralina-foto-1.jpg\",\"width\":2048,\"height\":1536,\"caption\":\"centralina accensione elettronica Fiat 500\"},{\"@type\":\"BreadcrumbList\",\"@id\":\"https:\\\/\\\/staging.passione500.it\\\/de\\\/autobianchi-bianchina-de\\\/elektrische-system-bianchina-de\\\/verteiler-sonstiges-bianchina-de\\\/elektronisches-zuendsteuergeraet-autobianchi-bianchina\\\/#breadcrumb\",\"itemListElement\":[{\"@type\":\"ListItem\",\"position\":1,\"name\":\"Home\",\"item\":\"https:\\\/\\\/passione500.it\\\/de\\\/\"},{\"@type\":\"ListItem\",\"position\":2,\"name\":\"Autobianchi Bianchina\",\"item\":\"https:\\\/\\\/staging.passione500.it\\\/de\\\/autobianchi-bianchina-de\\\/\"},{\"@type\":\"ListItem\",\"position\":3,\"name\":\"Elektrische System\",\"item\":\"https:\\\/\\\/staging.passione500.it\\\/de\\\/autobianchi-bianchina-de\\\/elektrische-system-bianchina-de\\\/\"},{\"@type\":\"ListItem\",\"position\":4,\"name\":\"Verteiler und Sonstiges\",\"item\":\"https:\\\/\\\/staging.passione500.it\\\/de\\\/autobianchi-bianchina-de\\\/elektrische-system-bianchina-de\\\/verteiler-sonstiges-bianchina-de\\\/\"},{\"@type\":\"ListItem\",\"position\":5,\"name\":\"Elektronisches Z\u00fcndsteuerger\u00e4t Autobianchi Bianchina\"}]},{\"@type\":\"WebSite\",\"@id\":\"https:\\\/\\\/staging.passione500.it\\\/de\\\/#website\",\"url\":\"https:\\\/\\\/staging.passione500.it\\\/de\\\/\",\"name\":\"Passione 500\",\"description\":\"Ricambi Fiat 500 d&#039;Epoca\",\"publisher\":{\"@id\":\"https:\\\/\\\/staging.passione500.it\\\/de\\\/#organization\"},\"potentialAction\":[{\"@type\":\"SearchAction\",\"target\":{\"@type\":\"EntryPoint\",\"urlTemplate\":\"https:\\\/\\\/staging.passione500.it\\\/de\\\/?s={search_term_string}\"},\"query-input\":{\"@type\":\"PropertyValueSpecification\",\"valueRequired\":true,\"valueName\":\"search_term_string\"}}],\"inLanguage\":\"de\"},{\"@type\":\"Organization\",\"@id\":\"https:\\\/\\\/staging.passione500.it\\\/de\\\/#organization\",\"name\":\"Passione 500\",\"url\":\"https:\\\/\\\/staging.passione500.it\\\/de\\\/\",\"logo\":{\"@type\":\"ImageObject\",\"inLanguage\":\"de\",\"@id\":\"https:\\\/\\\/staging.passione500.it\\\/de\\\/#\\\/schema\\\/logo\\\/image\\\/\",\"url\":\"https:\\\/\\\/staging.passione500.it\\\/wp-content\\\/uploads\\\/2025\\\/12\\\/PASSIONE-LOGO-APPROVATO.png\",\"contentUrl\":\"https:\\\/\\\/staging.passione500.it\\\/wp-content\\\/uploads\\\/2025\\\/12\\\/PASSIONE-LOGO-APPROVATO.png\",\"width\":348,\"height\":125,\"caption\":\"Passione 500\"},\"image\":{\"@id\":\"https:\\\/\\\/staging.passione500.it\\\/de\\\/#\\\/schema\\\/logo\\\/image\\\/\"}}]}<\/script>\n<!-- \/ Yoast SEO plugin. -->","yoast_head_json":{"title":"Elektronisches Z\u00fcndsteuerger\u00e4t Autobianchi Bianchina | Passione 500","description":"Finden Sie die Elektronisches Z\u00fcndsteuerger\u00e4t f\u00fcr Bianchina auf unserer Website.\u00dcber 3.000 Ersatzteile auf Lager.PROFITIEREN SIE VON UNSEREN ANGEBOTEN ! %","robots":{"index":"noindex","follow":"follow","max-snippet":"max-snippet:-1","max-image-preview":"max-image-preview:large","max-video-preview":"max-video-preview:-1"},"og_locale":"de_DE","og_type":"article","og_title":"Elektronisches Z\u00fcndsteuerger\u00e4t Autobianchi Bianchina | Passione 500","og_description":"Finden Sie die Elektronisches Z\u00fcndsteuerger\u00e4t f\u00fcr Bianchina auf unserer Website.\u00dcber 3.000 Ersatzteile auf Lager.PROFITIEREN SIE VON UNSEREN ANGEBOTEN ! %","og_url":"https:\/\/staging.passione500.it\/de\/autobianchi-bianchina-de\/elektrische-system-bianchina-de\/verteiler-sonstiges-bianchina-de\/elektronisches-zuendsteuergeraet-autobianchi-bianchina\/","og_site_name":"Passione 500","article_modified_time":"2026-03-16T14:47:29+00:00","og_image":[{"width":2048,"height":1536,"url":"https:\/\/passione500.it\/wp-content\/uploads\/2024\/05\/centralina-foto-1.jpg","type":"image\/jpeg"}],"twitter_card":"summary_large_image","twitter_misc":{"Gesch\u00e4tzte Lesezeit":"1\u00a0Minute"},"schema":{"@context":"https:\/\/schema.org","@graph":[{"@type":"WebPage","@id":"https:\/\/staging.passione500.it\/de\/autobianchi-bianchina-de\/elektrische-system-bianchina-de\/verteiler-sonstiges-bianchina-de\/elektronisches-zuendsteuergeraet-autobianchi-bianchina\/","url":"https:\/\/staging.passione500.it\/de\/autobianchi-bianchina-de\/elektrische-system-bianchina-de\/verteiler-sonstiges-bianchina-de\/elektronisches-zuendsteuergeraet-autobianchi-bianchina\/","name":"Elektronisches Z\u00fcndsteuerger\u00e4t Autobianchi Bianchina | Passione 500","isPartOf":{"@id":"https:\/\/staging.passione500.it\/de\/#website"},"primaryImageOfPage":{"@id":"https:\/\/staging.passione500.it\/de\/autobianchi-bianchina-de\/elektrische-system-bianchina-de\/verteiler-sonstiges-bianchina-de\/elektronisches-zuendsteuergeraet-autobianchi-bianchina\/#primaryimage"},"image":{"@id":"https:\/\/staging.passione500.it\/de\/autobianchi-bianchina-de\/elektrische-system-bianchina-de\/verteiler-sonstiges-bianchina-de\/elektronisches-zuendsteuergeraet-autobianchi-bianchina\/#primaryimage"},"thumbnailUrl":"https:\/\/staging.passione500.it\/wp-content\/uploads\/2024\/05\/centralina-foto-1.jpg","datePublished":"2026-03-16T13:56:12+00:00","dateModified":"2026-03-16T14:47:29+00:00","description":"Finden Sie die Elektronisches Z\u00fcndsteuerger\u00e4t f\u00fcr Bianchina auf unserer Website.\u00dcber 3.000 Ersatzteile auf Lager.PROFITIEREN SIE VON UNSEREN ANGEBOTEN ! %","breadcrumb":{"@id":"https:\/\/staging.passione500.it\/de\/autobianchi-bianchina-de\/elektrische-system-bianchina-de\/verteiler-sonstiges-bianchina-de\/elektronisches-zuendsteuergeraet-autobianchi-bianchina\/#breadcrumb"},"inLanguage":"de","potentialAction":[{"@type":"ReadAction","target":["https:\/\/staging.passione500.it\/de\/autobianchi-bianchina-de\/elektrische-system-bianchina-de\/verteiler-sonstiges-bianchina-de\/elektronisches-zuendsteuergeraet-autobianchi-bianchina\/"]}]},{"@type":"ImageObject","inLanguage":"de","@id":"https:\/\/staging.passione500.it\/de\/autobianchi-bianchina-de\/elektrische-system-bianchina-de\/verteiler-sonstiges-bianchina-de\/elektronisches-zuendsteuergeraet-autobianchi-bianchina\/#primaryimage","url":"https:\/\/staging.passione500.it\/wp-content\/uploads\/2024\/05\/centralina-foto-1.jpg","contentUrl":"https:\/\/staging.passione500.it\/wp-content\/uploads\/2024\/05\/centralina-foto-1.jpg","width":2048,"height":1536,"caption":"centralina accensione elettronica Fiat 500"},{"@type":"BreadcrumbList","@id":"https:\/\/staging.passione500.it\/de\/autobianchi-bianchina-de\/elektrische-system-bianchina-de\/verteiler-sonstiges-bianchina-de\/elektronisches-zuendsteuergeraet-autobianchi-bianchina\/#breadcrumb","itemListElement":[{"@type":"ListItem","position":1,"name":"Home","item":"https:\/\/passione500.it\/de\/"},{"@type":"ListItem","position":2,"name":"Autobianchi Bianchina","item":"https:\/\/staging.passione500.it\/de\/autobianchi-bianchina-de\/"},{"@type":"ListItem","position":3,"name":"Elektrische System","item":"https:\/\/staging.passione500.it\/de\/autobianchi-bianchina-de\/elektrische-system-bianchina-de\/"},{"@type":"ListItem","position":4,"name":"Verteiler und Sonstiges","item":"https:\/\/staging.passione500.it\/de\/autobianchi-bianchina-de\/elektrische-system-bianchina-de\/verteiler-sonstiges-bianchina-de\/"},{"@type":"ListItem","position":5,"name":"Elektronisches Z\u00fcndsteuerger\u00e4t Autobianchi Bianchina"}]},{"@type":"WebSite","@id":"https:\/\/staging.passione500.it\/de\/#website","url":"https:\/\/staging.passione500.it\/de\/","name":"Passione 500","description":"Ricambi Fiat 500 d&#039;Epoca","publisher":{"@id":"https:\/\/staging.passione500.it\/de\/#organization"},"potentialAction":[{"@type":"SearchAction","target":{"@type":"EntryPoint","urlTemplate":"https:\/\/staging.passione500.it\/de\/?s={search_term_string}"},"query-input":{"@type":"PropertyValueSpecification","valueRequired":true,"valueName":"search_term_string"}}],"inLanguage":"de"},{"@type":"Organization","@id":"https:\/\/staging.passione500.it\/de\/#organization","name":"Passione 500","url":"https:\/\/staging.passione500.it\/de\/","logo":{"@type":"ImageObject","inLanguage":"de","@id":"https:\/\/staging.passione500.it\/de\/#\/schema\/logo\/image\/","url":"https:\/\/staging.passione500.it\/wp-content\/uploads\/2025\/12\/PASSIONE-LOGO-APPROVATO.png","contentUrl":"https:\/\/staging.passione500.it\/wp-content\/uploads\/2025\/12\/PASSIONE-LOGO-APPROVATO.png","width":348,"height":125,"caption":"Passione 500"},"image":{"@id":"https:\/\/staging.passione500.it\/de\/#\/schema\/logo\/image\/"}}]}},"_links":{"self":[{"href":"https:\/\/staging.passione500.it\/de\/wp-json\/wp\/v2\/product\/52686","targetHints":{"allow":["GET"]}}],"collection":[{"href":"https:\/\/staging.passione500.it\/de\/wp-json\/wp\/v2\/product"}],"about":[{"href":"https:\/\/staging.passione500.it\/de\/wp-json\/wp\/v2\/types\/product"}],"wp:featuredmedia":[{"embeddable":true,"href":"https:\/\/staging.passione500.it\/de\/wp-json\/wp\/v2\/media\/17075"}],"wp:attachment":[{"href":"https:\/\/staging.passione500.it\/de\/wp-json\/wp\/v2\/media?parent=52686"}],"wp:term":[{"taxonomy":"product_brand","embeddable":true,"href":"https:\/\/staging.passione500.it\/de\/wp-json\/wp\/v2\/product_brand?post=52686"},{"taxonomy":"product_cat","embeddable":true,"href":"https:\/\/staging.passione500.it\/de\/wp-json\/wp\/v2\/product_cat?post=52686"},{"taxonomy":"product_tag","embeddable":true,"href":"https:\/\/staging.passione500.it\/de\/wp-json\/wp\/v2\/product_tag?post=52686"}],"curies":[{"name":"wp","href":"https:\/\/api.w.org\/{rel}","templated":true}]}}