{"id":51627,"date":"2026-02-26T16:05:07","date_gmt":"2026-02-26T15:05:07","guid":{"rendered":"https:\/\/staging.passione500.it\/?post_type=product&#038;p=51627"},"modified":"2026-03-03T08:59:04","modified_gmt":"2026-03-03T07:59:04","slug":"2-gang-zahnrad-syncro-getriebe-fiat-500-f-l-r-giardiniera-base-f-siehe-hinweise-in-der-beschreibung","status":"publish","type":"product","link":"https:\/\/staging.passione500.it\/de\/fiat-500-de\/fiat-500-tt-de\/getriebe-und-antriebswellen-tt-de\/getriebe-tt-de\/2-gang-zahnrad-syncro-getriebe-fiat-500-f-l-r-giardiniera-base-f-siehe-hinweise-in-der-beschreibung\/","title":{"rendered":"2.Gang-Zahnrad Syncro Getriebe Fiat 500 F \u2013 L \u2013 R &#8211; Giardiniera base F (siehe Hinweise in der Beschreibung)"},"content":{"rendered":"<h4>F\u00fcr ein komplettes Auto muss 1 St\u00fcck gekauft werden<\/h4>\n<h4>WICHTIG: Das Kit dient nicht zur Synchronisierung eines NICHT urspr\u00fcnglich SYNCHRONISIERTEN Getriebes. Dazu sind auch andere Komponenten erforderlich, die nicht neu erh\u00e4ltlich sind. Dieses Kit ist daher nur f\u00fcr die \u00dcberholung eines urspr\u00fcnglich BEREITS SYNCHRONISIERTEN Getriebes geeignet.<\/h4>\n<p>&nbsp;<\/p>\n","protected":false},"excerpt":{"rendered":"<p>Prodotto in offerta fino a maggio.<\/p>\n","protected":false},"featured_media":51633,"template":"","meta":{"_et_pb_use_builder":"","_et_pb_old_content":"","_et_gb_content_width":""},"product_brand":[],"product_cat":[2109,2110,2111,2112,2547],"product_tag":[],"class_list":{"0":"post-51627","1":"product","2":"type-product","3":"status-publish","4":"has-post-thumbnail","6":"product_cat-getriebe-f-de","7":"product_cat-getriebe-l-de","8":"product_cat-getriebe-r-de","9":"product_cat-getriebe-giard-de","10":"product_cat-getriebe-tt-de","11":"product_shipping_class-versand-1","13":"first","14":"instock","15":"featured","16":"taxable","17":"shipping-taxable","18":"purchasable","19":"product-type-simple"},"yoast_head":"<!-- This site is optimized with the Yoast SEO plugin v27.3 - https:\/\/yoast.com\/product\/yoast-seo-wordpress\/ -->\n<title>Gang-Zahnrad Syncro Getriebe Fiat 500 - Passione 500<\/title>\n<meta name=\"description\" content=\"Finden Sie die Gang-Zahnrad Syncro Getriebe f\u00fcr Fiat 500 auf unserer Website \u00dcber 3.000 Ersatzteile auf Lager. PROFITIEREN SIE VON UNSEREN ANGEBOTEN!\" \/>\n<meta name=\"robots\" content=\"noindex, follow, max-snippet:-1, max-image-preview:large, max-video-preview:-1\" \/>\n<meta property=\"og:locale\" content=\"de_DE\" \/>\n<meta property=\"og:type\" content=\"article\" \/>\n<meta property=\"og:title\" content=\"Gang-Zahnrad Syncro Getriebe Fiat 500 - Passione 500\" \/>\n<meta property=\"og:description\" content=\"Finden Sie die Gang-Zahnrad Syncro Getriebe f\u00fcr Fiat 500 auf unserer Website \u00dcber 3.000 Ersatzteile auf Lager. PROFITIEREN SIE VON UNSEREN ANGEBOTEN!\" \/>\n<meta property=\"og:url\" content=\"https:\/\/staging.passione500.it\/de\/fiat-500-de\/fiat-500-tt-de\/getriebe-und-antriebswellen-tt-de\/getriebe-tt-de\/2-gang-zahnrad-syncro-getriebe-fiat-500-f-l-r-giardiniera-base-f-siehe-hinweise-in-der-beschreibung\/\" \/>\n<meta property=\"og:site_name\" content=\"Passione 500\" \/>\n<meta property=\"article:modified_time\" content=\"2026-03-03T07:59:04+00:00\" \/>\n<meta property=\"og:image\" content=\"https:\/\/passione500.it\/wp-content\/uploads\/2026\/02\/ingranaggio-2-marcia-sincro.jpg\" \/>\n\t<meta property=\"og:image:width\" content=\"2048\" \/>\n\t<meta property=\"og:image:height\" content=\"1536\" \/>\n\t<meta property=\"og:image:type\" content=\"image\/jpeg\" \/>\n<meta name=\"twitter:card\" content=\"summary_large_image\" \/>\n<meta name=\"twitter:label1\" content=\"Gesch\u00e4tzte Lesezeit\" \/>\n\t<meta name=\"twitter:data1\" content=\"1\u00a0Minute\" \/>\n<script type=\"application\/ld+json\" class=\"yoast-schema-graph\">{\"@context\":\"https:\\\/\\\/schema.org\",\"@graph\":[{\"@type\":\"WebPage\",\"@id\":\"https:\\\/\\\/staging.passione500.it\\\/de\\\/fiat-500-de\\\/fiat-500-tt-de\\\/getriebe-und-antriebswellen-tt-de\\\/getriebe-tt-de\\\/2-gang-zahnrad-syncro-getriebe-fiat-500-f-l-r-giardiniera-base-f-siehe-hinweise-in-der-beschreibung\\\/\",\"url\":\"https:\\\/\\\/staging.passione500.it\\\/de\\\/fiat-500-de\\\/fiat-500-tt-de\\\/getriebe-und-antriebswellen-tt-de\\\/getriebe-tt-de\\\/2-gang-zahnrad-syncro-getriebe-fiat-500-f-l-r-giardiniera-base-f-siehe-hinweise-in-der-beschreibung\\\/\",\"name\":\"Gang-Zahnrad Syncro Getriebe Fiat 500 - Passione 500\",\"isPartOf\":{\"@id\":\"https:\\\/\\\/staging.passione500.it\\\/de\\\/#website\"},\"primaryImageOfPage\":{\"@id\":\"https:\\\/\\\/staging.passione500.it\\\/de\\\/fiat-500-de\\\/fiat-500-tt-de\\\/getriebe-und-antriebswellen-tt-de\\\/getriebe-tt-de\\\/2-gang-zahnrad-syncro-getriebe-fiat-500-f-l-r-giardiniera-base-f-siehe-hinweise-in-der-beschreibung\\\/#primaryimage\"},\"image\":{\"@id\":\"https:\\\/\\\/staging.passione500.it\\\/de\\\/fiat-500-de\\\/fiat-500-tt-de\\\/getriebe-und-antriebswellen-tt-de\\\/getriebe-tt-de\\\/2-gang-zahnrad-syncro-getriebe-fiat-500-f-l-r-giardiniera-base-f-siehe-hinweise-in-der-beschreibung\\\/#primaryimage\"},\"thumbnailUrl\":\"https:\\\/\\\/staging.passione500.it\\\/wp-content\\\/uploads\\\/2026\\\/02\\\/ingranaggio-2-marcia-sincro.jpg\",\"datePublished\":\"2026-02-26T15:05:07+00:00\",\"dateModified\":\"2026-03-03T07:59:04+00:00\",\"description\":\"Finden Sie die Gang-Zahnrad Syncro Getriebe f\u00fcr Fiat 500 auf unserer Website \u00dcber 3.000 Ersatzteile auf Lager. PROFITIEREN SIE VON UNSEREN ANGEBOTEN!\",\"breadcrumb\":{\"@id\":\"https:\\\/\\\/staging.passione500.it\\\/de\\\/fiat-500-de\\\/fiat-500-tt-de\\\/getriebe-und-antriebswellen-tt-de\\\/getriebe-tt-de\\\/2-gang-zahnrad-syncro-getriebe-fiat-500-f-l-r-giardiniera-base-f-siehe-hinweise-in-der-beschreibung\\\/#breadcrumb\"},\"inLanguage\":\"de\",\"potentialAction\":[{\"@type\":\"ReadAction\",\"target\":[\"https:\\\/\\\/staging.passione500.it\\\/de\\\/fiat-500-de\\\/fiat-500-tt-de\\\/getriebe-und-antriebswellen-tt-de\\\/getriebe-tt-de\\\/2-gang-zahnrad-syncro-getriebe-fiat-500-f-l-r-giardiniera-base-f-siehe-hinweise-in-der-beschreibung\\\/\"]}]},{\"@type\":\"ImageObject\",\"inLanguage\":\"de\",\"@id\":\"https:\\\/\\\/staging.passione500.it\\\/de\\\/fiat-500-de\\\/fiat-500-tt-de\\\/getriebe-und-antriebswellen-tt-de\\\/getriebe-tt-de\\\/2-gang-zahnrad-syncro-getriebe-fiat-500-f-l-r-giardiniera-base-f-siehe-hinweise-in-der-beschreibung\\\/#primaryimage\",\"url\":\"https:\\\/\\\/staging.passione500.it\\\/wp-content\\\/uploads\\\/2026\\\/02\\\/ingranaggio-2-marcia-sincro.jpg\",\"contentUrl\":\"https:\\\/\\\/staging.passione500.it\\\/wp-content\\\/uploads\\\/2026\\\/02\\\/ingranaggio-2-marcia-sincro.jpg\",\"width\":2048,\"height\":1536,\"caption\":\"ingranaggio 2 marcia sincronizzato Fiat 500\"},{\"@type\":\"BreadcrumbList\",\"@id\":\"https:\\\/\\\/staging.passione500.it\\\/de\\\/fiat-500-de\\\/fiat-500-tt-de\\\/getriebe-und-antriebswellen-tt-de\\\/getriebe-tt-de\\\/2-gang-zahnrad-syncro-getriebe-fiat-500-f-l-r-giardiniera-base-f-siehe-hinweise-in-der-beschreibung\\\/#breadcrumb\",\"itemListElement\":[{\"@type\":\"ListItem\",\"position\":1,\"name\":\"Home\",\"item\":\"https:\\\/\\\/passione500.it\\\/de\\\/\"},{\"@type\":\"ListItem\",\"position\":2,\"name\":\"Fiat 500\",\"item\":\"https:\\\/\\\/staging.passione500.it\\\/de\\\/fiat-500-de\\\/\"},{\"@type\":\"ListItem\",\"position\":3,\"name\":\"Fiat 500 Alle Modelle\",\"item\":\"https:\\\/\\\/staging.passione500.it\\\/de\\\/fiat-500-de\\\/fiat-500-tt-de\\\/\"},{\"@type\":\"ListItem\",\"position\":4,\"name\":\"Getriebe und Antriebswellen\",\"item\":\"https:\\\/\\\/staging.passione500.it\\\/de\\\/fiat-500-de\\\/fiat-500-tt-de\\\/getriebe-und-antriebswellen-tt-de\\\/\"},{\"@type\":\"ListItem\",\"position\":5,\"name\":\"Getriebe\",\"item\":\"https:\\\/\\\/staging.passione500.it\\\/de\\\/fiat-500-de\\\/fiat-500-tt-de\\\/getriebe-und-antriebswellen-tt-de\\\/getriebe-tt-de\\\/\"},{\"@type\":\"ListItem\",\"position\":6,\"name\":\"2.Gang-Zahnrad Syncro Getriebe Fiat 500 F \u2013 L \u2013 R &#8211; Giardiniera base F (siehe Hinweise in der Beschreibung)\"}]},{\"@type\":\"WebSite\",\"@id\":\"https:\\\/\\\/staging.passione500.it\\\/de\\\/#website\",\"url\":\"https:\\\/\\\/staging.passione500.it\\\/de\\\/\",\"name\":\"Passione 500\",\"description\":\"Ricambi Fiat 500 d&#039;Epoca\",\"publisher\":{\"@id\":\"https:\\\/\\\/staging.passione500.it\\\/de\\\/#organization\"},\"potentialAction\":[{\"@type\":\"SearchAction\",\"target\":{\"@type\":\"EntryPoint\",\"urlTemplate\":\"https:\\\/\\\/staging.passione500.it\\\/de\\\/?s={search_term_string}\"},\"query-input\":{\"@type\":\"PropertyValueSpecification\",\"valueRequired\":true,\"valueName\":\"search_term_string\"}}],\"inLanguage\":\"de\"},{\"@type\":\"Organization\",\"@id\":\"https:\\\/\\\/staging.passione500.it\\\/de\\\/#organization\",\"name\":\"Passione 500\",\"url\":\"https:\\\/\\\/staging.passione500.it\\\/de\\\/\",\"logo\":{\"@type\":\"ImageObject\",\"inLanguage\":\"de\",\"@id\":\"https:\\\/\\\/staging.passione500.it\\\/de\\\/#\\\/schema\\\/logo\\\/image\\\/\",\"url\":\"https:\\\/\\\/staging.passione500.it\\\/wp-content\\\/uploads\\\/2025\\\/12\\\/PASSIONE-LOGO-APPROVATO.png\",\"contentUrl\":\"https:\\\/\\\/staging.passione500.it\\\/wp-content\\\/uploads\\\/2025\\\/12\\\/PASSIONE-LOGO-APPROVATO.png\",\"width\":348,\"height\":125,\"caption\":\"Passione 500\"},\"image\":{\"@id\":\"https:\\\/\\\/staging.passione500.it\\\/de\\\/#\\\/schema\\\/logo\\\/image\\\/\"}}]}<\/script>\n<!-- \/ Yoast SEO plugin. -->","yoast_head_json":{"title":"Gang-Zahnrad Syncro Getriebe Fiat 500 - Passione 500","description":"Finden Sie die Gang-Zahnrad Syncro Getriebe f\u00fcr Fiat 500 auf unserer Website \u00dcber 3.000 Ersatzteile auf Lager. PROFITIEREN SIE VON UNSEREN ANGEBOTEN!","robots":{"index":"noindex","follow":"follow","max-snippet":"max-snippet:-1","max-image-preview":"max-image-preview:large","max-video-preview":"max-video-preview:-1"},"og_locale":"de_DE","og_type":"article","og_title":"Gang-Zahnrad Syncro Getriebe Fiat 500 - Passione 500","og_description":"Finden Sie die Gang-Zahnrad Syncro Getriebe f\u00fcr Fiat 500 auf unserer Website \u00dcber 3.000 Ersatzteile auf Lager. PROFITIEREN SIE VON UNSEREN ANGEBOTEN!","og_url":"https:\/\/staging.passione500.it\/de\/fiat-500-de\/fiat-500-tt-de\/getriebe-und-antriebswellen-tt-de\/getriebe-tt-de\/2-gang-zahnrad-syncro-getriebe-fiat-500-f-l-r-giardiniera-base-f-siehe-hinweise-in-der-beschreibung\/","og_site_name":"Passione 500","article_modified_time":"2026-03-03T07:59:04+00:00","og_image":[{"width":2048,"height":1536,"url":"https:\/\/passione500.it\/wp-content\/uploads\/2026\/02\/ingranaggio-2-marcia-sincro.jpg","type":"image\/jpeg"}],"twitter_card":"summary_large_image","twitter_misc":{"Gesch\u00e4tzte Lesezeit":"1\u00a0Minute"},"schema":{"@context":"https:\/\/schema.org","@graph":[{"@type":"WebPage","@id":"https:\/\/staging.passione500.it\/de\/fiat-500-de\/fiat-500-tt-de\/getriebe-und-antriebswellen-tt-de\/getriebe-tt-de\/2-gang-zahnrad-syncro-getriebe-fiat-500-f-l-r-giardiniera-base-f-siehe-hinweise-in-der-beschreibung\/","url":"https:\/\/staging.passione500.it\/de\/fiat-500-de\/fiat-500-tt-de\/getriebe-und-antriebswellen-tt-de\/getriebe-tt-de\/2-gang-zahnrad-syncro-getriebe-fiat-500-f-l-r-giardiniera-base-f-siehe-hinweise-in-der-beschreibung\/","name":"Gang-Zahnrad Syncro Getriebe Fiat 500 - Passione 500","isPartOf":{"@id":"https:\/\/staging.passione500.it\/de\/#website"},"primaryImageOfPage":{"@id":"https:\/\/staging.passione500.it\/de\/fiat-500-de\/fiat-500-tt-de\/getriebe-und-antriebswellen-tt-de\/getriebe-tt-de\/2-gang-zahnrad-syncro-getriebe-fiat-500-f-l-r-giardiniera-base-f-siehe-hinweise-in-der-beschreibung\/#primaryimage"},"image":{"@id":"https:\/\/staging.passione500.it\/de\/fiat-500-de\/fiat-500-tt-de\/getriebe-und-antriebswellen-tt-de\/getriebe-tt-de\/2-gang-zahnrad-syncro-getriebe-fiat-500-f-l-r-giardiniera-base-f-siehe-hinweise-in-der-beschreibung\/#primaryimage"},"thumbnailUrl":"https:\/\/staging.passione500.it\/wp-content\/uploads\/2026\/02\/ingranaggio-2-marcia-sincro.jpg","datePublished":"2026-02-26T15:05:07+00:00","dateModified":"2026-03-03T07:59:04+00:00","description":"Finden Sie die Gang-Zahnrad Syncro Getriebe f\u00fcr Fiat 500 auf unserer Website \u00dcber 3.000 Ersatzteile auf Lager. PROFITIEREN SIE VON UNSEREN ANGEBOTEN!","breadcrumb":{"@id":"https:\/\/staging.passione500.it\/de\/fiat-500-de\/fiat-500-tt-de\/getriebe-und-antriebswellen-tt-de\/getriebe-tt-de\/2-gang-zahnrad-syncro-getriebe-fiat-500-f-l-r-giardiniera-base-f-siehe-hinweise-in-der-beschreibung\/#breadcrumb"},"inLanguage":"de","potentialAction":[{"@type":"ReadAction","target":["https:\/\/staging.passione500.it\/de\/fiat-500-de\/fiat-500-tt-de\/getriebe-und-antriebswellen-tt-de\/getriebe-tt-de\/2-gang-zahnrad-syncro-getriebe-fiat-500-f-l-r-giardiniera-base-f-siehe-hinweise-in-der-beschreibung\/"]}]},{"@type":"ImageObject","inLanguage":"de","@id":"https:\/\/staging.passione500.it\/de\/fiat-500-de\/fiat-500-tt-de\/getriebe-und-antriebswellen-tt-de\/getriebe-tt-de\/2-gang-zahnrad-syncro-getriebe-fiat-500-f-l-r-giardiniera-base-f-siehe-hinweise-in-der-beschreibung\/#primaryimage","url":"https:\/\/staging.passione500.it\/wp-content\/uploads\/2026\/02\/ingranaggio-2-marcia-sincro.jpg","contentUrl":"https:\/\/staging.passione500.it\/wp-content\/uploads\/2026\/02\/ingranaggio-2-marcia-sincro.jpg","width":2048,"height":1536,"caption":"ingranaggio 2 marcia sincronizzato Fiat 500"},{"@type":"BreadcrumbList","@id":"https:\/\/staging.passione500.it\/de\/fiat-500-de\/fiat-500-tt-de\/getriebe-und-antriebswellen-tt-de\/getriebe-tt-de\/2-gang-zahnrad-syncro-getriebe-fiat-500-f-l-r-giardiniera-base-f-siehe-hinweise-in-der-beschreibung\/#breadcrumb","itemListElement":[{"@type":"ListItem","position":1,"name":"Home","item":"https:\/\/passione500.it\/de\/"},{"@type":"ListItem","position":2,"name":"Fiat 500","item":"https:\/\/staging.passione500.it\/de\/fiat-500-de\/"},{"@type":"ListItem","position":3,"name":"Fiat 500 Alle Modelle","item":"https:\/\/staging.passione500.it\/de\/fiat-500-de\/fiat-500-tt-de\/"},{"@type":"ListItem","position":4,"name":"Getriebe und Antriebswellen","item":"https:\/\/staging.passione500.it\/de\/fiat-500-de\/fiat-500-tt-de\/getriebe-und-antriebswellen-tt-de\/"},{"@type":"ListItem","position":5,"name":"Getriebe","item":"https:\/\/staging.passione500.it\/de\/fiat-500-de\/fiat-500-tt-de\/getriebe-und-antriebswellen-tt-de\/getriebe-tt-de\/"},{"@type":"ListItem","position":6,"name":"2.Gang-Zahnrad Syncro Getriebe Fiat 500 F \u2013 L \u2013 R &#8211; Giardiniera base F (siehe Hinweise in der Beschreibung)"}]},{"@type":"WebSite","@id":"https:\/\/staging.passione500.it\/de\/#website","url":"https:\/\/staging.passione500.it\/de\/","name":"Passione 500","description":"Ricambi Fiat 500 d&#039;Epoca","publisher":{"@id":"https:\/\/staging.passione500.it\/de\/#organization"},"potentialAction":[{"@type":"SearchAction","target":{"@type":"EntryPoint","urlTemplate":"https:\/\/staging.passione500.it\/de\/?s={search_term_string}"},"query-input":{"@type":"PropertyValueSpecification","valueRequired":true,"valueName":"search_term_string"}}],"inLanguage":"de"},{"@type":"Organization","@id":"https:\/\/staging.passione500.it\/de\/#organization","name":"Passione 500","url":"https:\/\/staging.passione500.it\/de\/","logo":{"@type":"ImageObject","inLanguage":"de","@id":"https:\/\/staging.passione500.it\/de\/#\/schema\/logo\/image\/","url":"https:\/\/staging.passione500.it\/wp-content\/uploads\/2025\/12\/PASSIONE-LOGO-APPROVATO.png","contentUrl":"https:\/\/staging.passione500.it\/wp-content\/uploads\/2025\/12\/PASSIONE-LOGO-APPROVATO.png","width":348,"height":125,"caption":"Passione 500"},"image":{"@id":"https:\/\/staging.passione500.it\/de\/#\/schema\/logo\/image\/"}}]}},"_links":{"self":[{"href":"https:\/\/staging.passione500.it\/de\/wp-json\/wp\/v2\/product\/51627","targetHints":{"allow":["GET"]}}],"collection":[{"href":"https:\/\/staging.passione500.it\/de\/wp-json\/wp\/v2\/product"}],"about":[{"href":"https:\/\/staging.passione500.it\/de\/wp-json\/wp\/v2\/types\/product"}],"wp:featuredmedia":[{"embeddable":true,"href":"https:\/\/staging.passione500.it\/de\/wp-json\/wp\/v2\/media\/51633"}],"wp:attachment":[{"href":"https:\/\/staging.passione500.it\/de\/wp-json\/wp\/v2\/media?parent=51627"}],"wp:term":[{"taxonomy":"product_brand","embeddable":true,"href":"https:\/\/staging.passione500.it\/de\/wp-json\/wp\/v2\/product_brand?post=51627"},{"taxonomy":"product_cat","embeddable":true,"href":"https:\/\/staging.passione500.it\/de\/wp-json\/wp\/v2\/product_cat?post=51627"},{"taxonomy":"product_tag","embeddable":true,"href":"https:\/\/staging.passione500.it\/de\/wp-json\/wp\/v2\/product_tag?post=51627"}],"curies":[{"name":"wp","href":"https:\/\/api.w.org\/{rel}","templated":true}]}}