{"id":4886,"date":"2023-02-10T16:18:48","date_gmt":"2023-02-10T15:18:48","guid":{"rendered":"https:\/\/staging.passione500.it\/?post_type=product&#038;p=4886"},"modified":"2024-09-24T15:17:33","modified_gmt":"2024-09-24T13:17:33","slug":"plastikhuelse-fuer-ausstellfensterbefestigung-fiat-500-d-von-ord-n-fuer-ersatzzwecke-193-609-f-l-r-giardiniera-von-ord-n-fuer-ersatzzwecke-20","status":"publish","type":"product","link":"https:\/\/staging.passione500.it\/de\/fiat-500-de\/fiat-500-d-de\/scheiben-und-sonstiges-d-de\/scheiben-sonstiges-scheiben-und-sonstiges-d-de\/plastikhuelse-fuer-ausstellfensterbefestigung-fiat-500-d-von-ord-n-fuer-ersatzzwecke-193-609-f-l-r-giardiniera-von-ord-n-fuer-ersatzzwecke-20\/","title":{"rendered":"Plastikh\u00fclse f\u00fcr Ausstellfensterbefestigung Fiat 500 D (von ord. n.\u00b0 f\u00fcr ersatzzwecke 193.609) \u2013 F \u2013 L \u2013 R \u2013 Giardiniera (von ord. n.\u00b0 f\u00fcr ersatzzwecke 20.221)"},"content":{"rendered":"<h4>F\u00fcr ein komplettes Auto muss 4 St\u00fcck gekauft werden<\/h4>\n<h4>\u00dcberpr\u00fcfen Sie die &#8222;ord. n.\u00b0 f\u00fcr ersatzzwecke&#8220; auf dem Alu Fahrzeugrahmen Typenschild Ihres Autos<\/h4>\n<p><img decoding=\"async\" class=\"alignnone wp-image-5690\" src=\"https:\/\/staging.passione500.it\/wp-content\/uploads\/2022\/10\/nr_per-_ricambi-1-300x225.jpg\" alt=\"\" width=\"349\" height=\"262\"><\/p>\n","protected":false},"excerpt":{"rendered":"<p>Prodotto in offerta fino a maggio.<\/p>\n","protected":false},"featured_media":4892,"template":"","meta":{"_et_pb_use_builder":"","_et_pb_old_content":"","_et_gb_content_width":""},"product_brand":[],"product_cat":[1023,2603,1026,1029,1032,1020,2183,2187,2184,2185,2186,2592],"product_tag":[],"class_list":{"0":"post-4886","1":"product","2":"type-product","3":"status-publish","4":"has-post-thumbnail","6":"product_cat-scheiben-sonstiges-scheiben-und-sonstiges-f-de","7":"product_cat-scheiben-sonstiges-scheiben-und-sonstiges-tt-de","8":"product_cat-scheiben-sonstiges-scheiben-und-sonstiges-l-de","9":"product_cat-scheiben-sonstiges-scheiben-und-sonstiges-r-de","10":"product_cat-scheiben-sonstiges-scheiben-und-sonstiges-giardiniera-de","11":"product_cat-scheiben-sonstiges-scheiben-und-sonstiges-d-de","12":"product_cat-schrauben-und-befestigungsteile-d-de","13":"product_cat-schrauben-und-befestigungsteile-giard-de","14":"product_cat-schrauben-und-befestigungsteile-f-de","15":"product_cat-schrauben-und-befestigungsteile-l-de","16":"product_cat-schrauben-und-befestigungsteile-r-de","17":"product_cat-schrauben-und-befestigungsteile-tt-de","18":"product_shipping_class-versand-1","20":"first","21":"instock","22":"taxable","23":"shipping-taxable","24":"purchasable","25":"product-type-simple"},"yoast_head":"<!-- This site is optimized with the Yoast SEO plugin v27.3 - https:\/\/yoast.com\/product\/yoast-seo-wordpress\/ -->\n<title>Plastikh\u00fclse f\u00fcr Ausstellfensterbefestigung Fiat 500 - Passione 500<\/title>\n<meta name=\"description\" content=\"Finden Sie die Plastikh\u00fclse f\u00fcr Ausstellfensterbefestigung Fiat 500 auf unserer Website. \u00dcber 3.000 Ersatzteile auf Lager. PROFITIEREN SIE VON UNSEREN ANGEBOTEN!\" \/>\n<meta name=\"robots\" content=\"noindex, follow, max-snippet:-1, max-image-preview:large, max-video-preview:-1\" \/>\n<meta property=\"og:locale\" content=\"de_DE\" \/>\n<meta property=\"og:type\" content=\"article\" \/>\n<meta property=\"og:title\" content=\"Plastikh\u00fclse f\u00fcr Ausstellfensterbefestigung Fiat 500 - Passione 500\" \/>\n<meta property=\"og:description\" content=\"Finden Sie die Plastikh\u00fclse f\u00fcr Ausstellfensterbefestigung Fiat 500 auf unserer Website. \u00dcber 3.000 Ersatzteile auf Lager. PROFITIEREN SIE VON UNSEREN ANGEBOTEN!\" \/>\n<meta property=\"og:url\" content=\"https:\/\/staging.passione500.it\/de\/fiat-500-de\/fiat-500-d-de\/scheiben-und-sonstiges-d-de\/scheiben-sonstiges-scheiben-und-sonstiges-d-de\/plastikhuelse-fuer-ausstellfensterbefestigung-fiat-500-d-von-ord-n-fuer-ersatzzwecke-193-609-f-l-r-giardiniera-von-ord-n-fuer-ersatzzwecke-20\/\" \/>\n<meta property=\"og:site_name\" content=\"Passione 500\" \/>\n<meta property=\"article:modified_time\" content=\"2024-09-24T13:17:33+00:00\" \/>\n<meta property=\"og:image\" content=\"https:\/\/passione500.it\/wp-content\/uploads\/2023\/02\/IMG_7474.jpg\" \/>\n\t<meta property=\"og:image:width\" content=\"2048\" \/>\n\t<meta property=\"og:image:height\" content=\"1536\" \/>\n\t<meta property=\"og:image:type\" content=\"image\/jpeg\" \/>\n<meta name=\"twitter:card\" content=\"summary_large_image\" \/>\n<meta name=\"twitter:label1\" content=\"Gesch\u00e4tzte Lesezeit\" \/>\n\t<meta name=\"twitter:data1\" content=\"1\u00a0Minute\" \/>\n<script type=\"application\/ld+json\" class=\"yoast-schema-graph\">{\"@context\":\"https:\\\/\\\/schema.org\",\"@graph\":[{\"@type\":\"WebPage\",\"@id\":\"https:\\\/\\\/staging.passione500.it\\\/de\\\/fiat-500-de\\\/fiat-500-d-de\\\/scheiben-und-sonstiges-d-de\\\/scheiben-sonstiges-scheiben-und-sonstiges-d-de\\\/plastikhuelse-fuer-ausstellfensterbefestigung-fiat-500-d-von-ord-n-fuer-ersatzzwecke-193-609-f-l-r-giardiniera-von-ord-n-fuer-ersatzzwecke-20\\\/\",\"url\":\"https:\\\/\\\/staging.passione500.it\\\/de\\\/fiat-500-de\\\/fiat-500-d-de\\\/scheiben-und-sonstiges-d-de\\\/scheiben-sonstiges-scheiben-und-sonstiges-d-de\\\/plastikhuelse-fuer-ausstellfensterbefestigung-fiat-500-d-von-ord-n-fuer-ersatzzwecke-193-609-f-l-r-giardiniera-von-ord-n-fuer-ersatzzwecke-20\\\/\",\"name\":\"Plastikh\u00fclse f\u00fcr Ausstellfensterbefestigung Fiat 500 - Passione 500\",\"isPartOf\":{\"@id\":\"https:\\\/\\\/staging.passione500.it\\\/de\\\/#website\"},\"primaryImageOfPage\":{\"@id\":\"https:\\\/\\\/staging.passione500.it\\\/de\\\/fiat-500-de\\\/fiat-500-d-de\\\/scheiben-und-sonstiges-d-de\\\/scheiben-sonstiges-scheiben-und-sonstiges-d-de\\\/plastikhuelse-fuer-ausstellfensterbefestigung-fiat-500-d-von-ord-n-fuer-ersatzzwecke-193-609-f-l-r-giardiniera-von-ord-n-fuer-ersatzzwecke-20\\\/#primaryimage\"},\"image\":{\"@id\":\"https:\\\/\\\/staging.passione500.it\\\/de\\\/fiat-500-de\\\/fiat-500-d-de\\\/scheiben-und-sonstiges-d-de\\\/scheiben-sonstiges-scheiben-und-sonstiges-d-de\\\/plastikhuelse-fuer-ausstellfensterbefestigung-fiat-500-d-von-ord-n-fuer-ersatzzwecke-193-609-f-l-r-giardiniera-von-ord-n-fuer-ersatzzwecke-20\\\/#primaryimage\"},\"thumbnailUrl\":\"https:\\\/\\\/staging.passione500.it\\\/wp-content\\\/uploads\\\/2023\\\/02\\\/IMG_7474.jpg\",\"datePublished\":\"2023-02-10T15:18:48+00:00\",\"dateModified\":\"2024-09-24T13:17:33+00:00\",\"description\":\"Finden Sie die Plastikh\u00fclse f\u00fcr Ausstellfensterbefestigung Fiat 500 auf unserer Website. \u00dcber 3.000 Ersatzteile auf Lager. PROFITIEREN SIE VON UNSEREN ANGEBOTEN!\",\"breadcrumb\":{\"@id\":\"https:\\\/\\\/staging.passione500.it\\\/de\\\/fiat-500-de\\\/fiat-500-d-de\\\/scheiben-und-sonstiges-d-de\\\/scheiben-sonstiges-scheiben-und-sonstiges-d-de\\\/plastikhuelse-fuer-ausstellfensterbefestigung-fiat-500-d-von-ord-n-fuer-ersatzzwecke-193-609-f-l-r-giardiniera-von-ord-n-fuer-ersatzzwecke-20\\\/#breadcrumb\"},\"inLanguage\":\"de\",\"potentialAction\":[{\"@type\":\"ReadAction\",\"target\":[\"https:\\\/\\\/staging.passione500.it\\\/de\\\/fiat-500-de\\\/fiat-500-d-de\\\/scheiben-und-sonstiges-d-de\\\/scheiben-sonstiges-scheiben-und-sonstiges-d-de\\\/plastikhuelse-fuer-ausstellfensterbefestigung-fiat-500-d-von-ord-n-fuer-ersatzzwecke-193-609-f-l-r-giardiniera-von-ord-n-fuer-ersatzzwecke-20\\\/\"]}]},{\"@type\":\"ImageObject\",\"inLanguage\":\"de\",\"@id\":\"https:\\\/\\\/staging.passione500.it\\\/de\\\/fiat-500-de\\\/fiat-500-d-de\\\/scheiben-und-sonstiges-d-de\\\/scheiben-sonstiges-scheiben-und-sonstiges-d-de\\\/plastikhuelse-fuer-ausstellfensterbefestigung-fiat-500-d-von-ord-n-fuer-ersatzzwecke-193-609-f-l-r-giardiniera-von-ord-n-fuer-ersatzzwecke-20\\\/#primaryimage\",\"url\":\"https:\\\/\\\/staging.passione500.it\\\/wp-content\\\/uploads\\\/2023\\\/02\\\/IMG_7474.jpg\",\"contentUrl\":\"https:\\\/\\\/staging.passione500.it\\\/wp-content\\\/uploads\\\/2023\\\/02\\\/IMG_7474.jpg\",\"width\":2048,\"height\":1536,\"caption\":\"boccola vite deflettore fiat 500\"},{\"@type\":\"BreadcrumbList\",\"@id\":\"https:\\\/\\\/staging.passione500.it\\\/de\\\/fiat-500-de\\\/fiat-500-d-de\\\/scheiben-und-sonstiges-d-de\\\/scheiben-sonstiges-scheiben-und-sonstiges-d-de\\\/plastikhuelse-fuer-ausstellfensterbefestigung-fiat-500-d-von-ord-n-fuer-ersatzzwecke-193-609-f-l-r-giardiniera-von-ord-n-fuer-ersatzzwecke-20\\\/#breadcrumb\",\"itemListElement\":[{\"@type\":\"ListItem\",\"position\":1,\"name\":\"Home\",\"item\":\"https:\\\/\\\/passione500.it\\\/de\\\/\"},{\"@type\":\"ListItem\",\"position\":2,\"name\":\"Fiat 500\",\"item\":\"https:\\\/\\\/staging.passione500.it\\\/de\\\/fiat-500-de\\\/\"},{\"@type\":\"ListItem\",\"position\":3,\"name\":\"Fiat 500 D\",\"item\":\"https:\\\/\\\/staging.passione500.it\\\/de\\\/fiat-500-de\\\/fiat-500-d-de\\\/\"},{\"@type\":\"ListItem\",\"position\":4,\"name\":\"Scheiben und Sonstiges\",\"item\":\"https:\\\/\\\/staging.passione500.it\\\/de\\\/fiat-500-de\\\/fiat-500-d-de\\\/scheiben-und-sonstiges-d-de\\\/\"},{\"@type\":\"ListItem\",\"position\":5,\"name\":\"Scheiben Sonstiges\",\"item\":\"https:\\\/\\\/staging.passione500.it\\\/de\\\/fiat-500-de\\\/fiat-500-d-de\\\/scheiben-und-sonstiges-d-de\\\/scheiben-sonstiges-scheiben-und-sonstiges-d-de\\\/\"},{\"@type\":\"ListItem\",\"position\":6,\"name\":\"Plastikh\u00fclse f\u00fcr Ausstellfensterbefestigung Fiat 500 D (von ord. n.\u00b0 f\u00fcr ersatzzwecke 193.609) \u2013 F \u2013 L \u2013 R \u2013 Giardiniera (von ord. n.\u00b0 f\u00fcr ersatzzwecke 20.221)\"}]},{\"@type\":\"WebSite\",\"@id\":\"https:\\\/\\\/staging.passione500.it\\\/de\\\/#website\",\"url\":\"https:\\\/\\\/staging.passione500.it\\\/de\\\/\",\"name\":\"Passione 500\",\"description\":\"Ricambi Fiat 500 d&#039;Epoca\",\"publisher\":{\"@id\":\"https:\\\/\\\/staging.passione500.it\\\/de\\\/#organization\"},\"potentialAction\":[{\"@type\":\"SearchAction\",\"target\":{\"@type\":\"EntryPoint\",\"urlTemplate\":\"https:\\\/\\\/staging.passione500.it\\\/de\\\/?s={search_term_string}\"},\"query-input\":{\"@type\":\"PropertyValueSpecification\",\"valueRequired\":true,\"valueName\":\"search_term_string\"}}],\"inLanguage\":\"de\"},{\"@type\":\"Organization\",\"@id\":\"https:\\\/\\\/staging.passione500.it\\\/de\\\/#organization\",\"name\":\"Passione 500\",\"url\":\"https:\\\/\\\/staging.passione500.it\\\/de\\\/\",\"logo\":{\"@type\":\"ImageObject\",\"inLanguage\":\"de\",\"@id\":\"https:\\\/\\\/staging.passione500.it\\\/de\\\/#\\\/schema\\\/logo\\\/image\\\/\",\"url\":\"https:\\\/\\\/staging.passione500.it\\\/wp-content\\\/uploads\\\/2025\\\/12\\\/PASSIONE-LOGO-APPROVATO.png\",\"contentUrl\":\"https:\\\/\\\/staging.passione500.it\\\/wp-content\\\/uploads\\\/2025\\\/12\\\/PASSIONE-LOGO-APPROVATO.png\",\"width\":348,\"height\":125,\"caption\":\"Passione 500\"},\"image\":{\"@id\":\"https:\\\/\\\/staging.passione500.it\\\/de\\\/#\\\/schema\\\/logo\\\/image\\\/\"}}]}<\/script>\n<!-- \/ Yoast SEO plugin. -->","yoast_head_json":{"title":"Plastikh\u00fclse f\u00fcr Ausstellfensterbefestigung Fiat 500 - Passione 500","description":"Finden Sie die Plastikh\u00fclse f\u00fcr Ausstellfensterbefestigung Fiat 500 auf unserer Website. \u00dcber 3.000 Ersatzteile auf Lager. PROFITIEREN SIE VON UNSEREN ANGEBOTEN!","robots":{"index":"noindex","follow":"follow","max-snippet":"max-snippet:-1","max-image-preview":"max-image-preview:large","max-video-preview":"max-video-preview:-1"},"og_locale":"de_DE","og_type":"article","og_title":"Plastikh\u00fclse f\u00fcr Ausstellfensterbefestigung Fiat 500 - Passione 500","og_description":"Finden Sie die Plastikh\u00fclse f\u00fcr Ausstellfensterbefestigung Fiat 500 auf unserer Website. \u00dcber 3.000 Ersatzteile auf Lager. PROFITIEREN SIE VON UNSEREN ANGEBOTEN!","og_url":"https:\/\/staging.passione500.it\/de\/fiat-500-de\/fiat-500-d-de\/scheiben-und-sonstiges-d-de\/scheiben-sonstiges-scheiben-und-sonstiges-d-de\/plastikhuelse-fuer-ausstellfensterbefestigung-fiat-500-d-von-ord-n-fuer-ersatzzwecke-193-609-f-l-r-giardiniera-von-ord-n-fuer-ersatzzwecke-20\/","og_site_name":"Passione 500","article_modified_time":"2024-09-24T13:17:33+00:00","og_image":[{"width":2048,"height":1536,"url":"https:\/\/passione500.it\/wp-content\/uploads\/2023\/02\/IMG_7474.jpg","type":"image\/jpeg"}],"twitter_card":"summary_large_image","twitter_misc":{"Gesch\u00e4tzte Lesezeit":"1\u00a0Minute"},"schema":{"@context":"https:\/\/schema.org","@graph":[{"@type":"WebPage","@id":"https:\/\/staging.passione500.it\/de\/fiat-500-de\/fiat-500-d-de\/scheiben-und-sonstiges-d-de\/scheiben-sonstiges-scheiben-und-sonstiges-d-de\/plastikhuelse-fuer-ausstellfensterbefestigung-fiat-500-d-von-ord-n-fuer-ersatzzwecke-193-609-f-l-r-giardiniera-von-ord-n-fuer-ersatzzwecke-20\/","url":"https:\/\/staging.passione500.it\/de\/fiat-500-de\/fiat-500-d-de\/scheiben-und-sonstiges-d-de\/scheiben-sonstiges-scheiben-und-sonstiges-d-de\/plastikhuelse-fuer-ausstellfensterbefestigung-fiat-500-d-von-ord-n-fuer-ersatzzwecke-193-609-f-l-r-giardiniera-von-ord-n-fuer-ersatzzwecke-20\/","name":"Plastikh\u00fclse f\u00fcr Ausstellfensterbefestigung Fiat 500 - Passione 500","isPartOf":{"@id":"https:\/\/staging.passione500.it\/de\/#website"},"primaryImageOfPage":{"@id":"https:\/\/staging.passione500.it\/de\/fiat-500-de\/fiat-500-d-de\/scheiben-und-sonstiges-d-de\/scheiben-sonstiges-scheiben-und-sonstiges-d-de\/plastikhuelse-fuer-ausstellfensterbefestigung-fiat-500-d-von-ord-n-fuer-ersatzzwecke-193-609-f-l-r-giardiniera-von-ord-n-fuer-ersatzzwecke-20\/#primaryimage"},"image":{"@id":"https:\/\/staging.passione500.it\/de\/fiat-500-de\/fiat-500-d-de\/scheiben-und-sonstiges-d-de\/scheiben-sonstiges-scheiben-und-sonstiges-d-de\/plastikhuelse-fuer-ausstellfensterbefestigung-fiat-500-d-von-ord-n-fuer-ersatzzwecke-193-609-f-l-r-giardiniera-von-ord-n-fuer-ersatzzwecke-20\/#primaryimage"},"thumbnailUrl":"https:\/\/staging.passione500.it\/wp-content\/uploads\/2023\/02\/IMG_7474.jpg","datePublished":"2023-02-10T15:18:48+00:00","dateModified":"2024-09-24T13:17:33+00:00","description":"Finden Sie die Plastikh\u00fclse f\u00fcr Ausstellfensterbefestigung Fiat 500 auf unserer Website. \u00dcber 3.000 Ersatzteile auf Lager. PROFITIEREN SIE VON UNSEREN ANGEBOTEN!","breadcrumb":{"@id":"https:\/\/staging.passione500.it\/de\/fiat-500-de\/fiat-500-d-de\/scheiben-und-sonstiges-d-de\/scheiben-sonstiges-scheiben-und-sonstiges-d-de\/plastikhuelse-fuer-ausstellfensterbefestigung-fiat-500-d-von-ord-n-fuer-ersatzzwecke-193-609-f-l-r-giardiniera-von-ord-n-fuer-ersatzzwecke-20\/#breadcrumb"},"inLanguage":"de","potentialAction":[{"@type":"ReadAction","target":["https:\/\/staging.passione500.it\/de\/fiat-500-de\/fiat-500-d-de\/scheiben-und-sonstiges-d-de\/scheiben-sonstiges-scheiben-und-sonstiges-d-de\/plastikhuelse-fuer-ausstellfensterbefestigung-fiat-500-d-von-ord-n-fuer-ersatzzwecke-193-609-f-l-r-giardiniera-von-ord-n-fuer-ersatzzwecke-20\/"]}]},{"@type":"ImageObject","inLanguage":"de","@id":"https:\/\/staging.passione500.it\/de\/fiat-500-de\/fiat-500-d-de\/scheiben-und-sonstiges-d-de\/scheiben-sonstiges-scheiben-und-sonstiges-d-de\/plastikhuelse-fuer-ausstellfensterbefestigung-fiat-500-d-von-ord-n-fuer-ersatzzwecke-193-609-f-l-r-giardiniera-von-ord-n-fuer-ersatzzwecke-20\/#primaryimage","url":"https:\/\/staging.passione500.it\/wp-content\/uploads\/2023\/02\/IMG_7474.jpg","contentUrl":"https:\/\/staging.passione500.it\/wp-content\/uploads\/2023\/02\/IMG_7474.jpg","width":2048,"height":1536,"caption":"boccola vite deflettore fiat 500"},{"@type":"BreadcrumbList","@id":"https:\/\/staging.passione500.it\/de\/fiat-500-de\/fiat-500-d-de\/scheiben-und-sonstiges-d-de\/scheiben-sonstiges-scheiben-und-sonstiges-d-de\/plastikhuelse-fuer-ausstellfensterbefestigung-fiat-500-d-von-ord-n-fuer-ersatzzwecke-193-609-f-l-r-giardiniera-von-ord-n-fuer-ersatzzwecke-20\/#breadcrumb","itemListElement":[{"@type":"ListItem","position":1,"name":"Home","item":"https:\/\/passione500.it\/de\/"},{"@type":"ListItem","position":2,"name":"Fiat 500","item":"https:\/\/staging.passione500.it\/de\/fiat-500-de\/"},{"@type":"ListItem","position":3,"name":"Fiat 500 D","item":"https:\/\/staging.passione500.it\/de\/fiat-500-de\/fiat-500-d-de\/"},{"@type":"ListItem","position":4,"name":"Scheiben und Sonstiges","item":"https:\/\/staging.passione500.it\/de\/fiat-500-de\/fiat-500-d-de\/scheiben-und-sonstiges-d-de\/"},{"@type":"ListItem","position":5,"name":"Scheiben Sonstiges","item":"https:\/\/staging.passione500.it\/de\/fiat-500-de\/fiat-500-d-de\/scheiben-und-sonstiges-d-de\/scheiben-sonstiges-scheiben-und-sonstiges-d-de\/"},{"@type":"ListItem","position":6,"name":"Plastikh\u00fclse f\u00fcr Ausstellfensterbefestigung Fiat 500 D (von ord. n.\u00b0 f\u00fcr ersatzzwecke 193.609) \u2013 F \u2013 L \u2013 R \u2013 Giardiniera (von ord. n.\u00b0 f\u00fcr ersatzzwecke 20.221)"}]},{"@type":"WebSite","@id":"https:\/\/staging.passione500.it\/de\/#website","url":"https:\/\/staging.passione500.it\/de\/","name":"Passione 500","description":"Ricambi Fiat 500 d&#039;Epoca","publisher":{"@id":"https:\/\/staging.passione500.it\/de\/#organization"},"potentialAction":[{"@type":"SearchAction","target":{"@type":"EntryPoint","urlTemplate":"https:\/\/staging.passione500.it\/de\/?s={search_term_string}"},"query-input":{"@type":"PropertyValueSpecification","valueRequired":true,"valueName":"search_term_string"}}],"inLanguage":"de"},{"@type":"Organization","@id":"https:\/\/staging.passione500.it\/de\/#organization","name":"Passione 500","url":"https:\/\/staging.passione500.it\/de\/","logo":{"@type":"ImageObject","inLanguage":"de","@id":"https:\/\/staging.passione500.it\/de\/#\/schema\/logo\/image\/","url":"https:\/\/staging.passione500.it\/wp-content\/uploads\/2025\/12\/PASSIONE-LOGO-APPROVATO.png","contentUrl":"https:\/\/staging.passione500.it\/wp-content\/uploads\/2025\/12\/PASSIONE-LOGO-APPROVATO.png","width":348,"height":125,"caption":"Passione 500"},"image":{"@id":"https:\/\/staging.passione500.it\/de\/#\/schema\/logo\/image\/"}}]}},"_links":{"self":[{"href":"https:\/\/staging.passione500.it\/de\/wp-json\/wp\/v2\/product\/4886","targetHints":{"allow":["GET"]}}],"collection":[{"href":"https:\/\/staging.passione500.it\/de\/wp-json\/wp\/v2\/product"}],"about":[{"href":"https:\/\/staging.passione500.it\/de\/wp-json\/wp\/v2\/types\/product"}],"wp:featuredmedia":[{"embeddable":true,"href":"https:\/\/staging.passione500.it\/de\/wp-json\/wp\/v2\/media\/4892"}],"wp:attachment":[{"href":"https:\/\/staging.passione500.it\/de\/wp-json\/wp\/v2\/media?parent=4886"}],"wp:term":[{"taxonomy":"product_brand","embeddable":true,"href":"https:\/\/staging.passione500.it\/de\/wp-json\/wp\/v2\/product_brand?post=4886"},{"taxonomy":"product_cat","embeddable":true,"href":"https:\/\/staging.passione500.it\/de\/wp-json\/wp\/v2\/product_cat?post=4886"},{"taxonomy":"product_tag","embeddable":true,"href":"https:\/\/staging.passione500.it\/de\/wp-json\/wp\/v2\/product_tag?post=4886"}],"curies":[{"name":"wp","href":"https:\/\/api.w.org\/{rel}","templated":true}]}}