{"id":3980,"date":"2022-11-30T14:41:50","date_gmt":"2022-11-30T13:41:50","guid":{"rendered":"https:\/\/staging.passione500.it\/?post_type=product&#038;p=3980"},"modified":"2024-09-20T17:25:20","modified_gmt":"2024-09-20T15:25:20","slug":"gancio-cofano-anteriore-fiat-500","status":"publish","type":"product","link":"https:\/\/staging.passione500.it\/de\/fiat-500-de\/fiat-500-n-de\/blechteile-n-de\/vorderer-abschnitt-blechteile-n-de\/gancio-cofano-anteriore-fiat-500\/","title":{"rendered":"Verschlusshaken f\u00fcr Kofferraumhaube Fiat 500"},"content":{"rendered":"<h4>F\u00fcr ein komplettes Auto muss 1 St\u00fcck gekauft werden<\/h4>\n","protected":false},"excerpt":{"rendered":"<p>Prodotto in offerta fino a maggio.<\/p>\n","protected":false},"featured_media":3986,"template":"","meta":{"_et_pb_use_builder":"","_et_pb_old_content":"","_et_gb_content_width":""},"product_brand":[],"product_cat":[837,840,843,639,831,833,2403,1265,2183,2187,2592,2184,2185,2186],"product_tag":[],"class_list":{"0":"post-3980","1":"product","2":"type-product","3":"status-publish","4":"has-post-thumbnail","6":"product_cat-vorderer-abschnitt-blechteile-l-de","7":"product_cat-vorderer-abschnitt-blechteile-r-de","8":"product_cat-vorderer-abschnitt-blechteile-giardiniera-de","9":"product_cat-vorderer-abschnitt-blechteile-n-de","10":"product_cat-vorderer-abschnitt-blechteile-d-de","11":"product_cat-vorderer-abschnitt-blechteile-f-de","12":"product_cat-vorderer-abschnitt-tt-de","13":"product_cat-schrauben-und-befestigungsteile-n-de","14":"product_cat-schrauben-und-befestigungsteile-d-de","15":"product_cat-schrauben-und-befestigungsteile-giard-de","16":"product_cat-schrauben-und-befestigungsteile-tt-de","17":"product_cat-schrauben-und-befestigungsteile-f-de","18":"product_cat-schrauben-und-befestigungsteile-l-de","19":"product_cat-schrauben-und-befestigungsteile-r-de","20":"product_shipping_class-versand-1","22":"first","23":"instock","24":"taxable","25":"shipping-taxable","26":"purchasable","27":"product-type-simple"},"yoast_head":"<!-- This site is optimized with the Yoast SEO plugin v27.3 - https:\/\/yoast.com\/product\/yoast-seo-wordpress\/ -->\n<title>Verschlusshaken f\u00fcr Kofferraumhaube Fiat 500 | Passione 500<\/title>\n<meta name=\"description\" content=\"Finden Sie die Verschlusshaken f\u00fcr Kofferraumhaube f\u00fcr Fiat 500 auf unserer Website. \u00dcber 3.000 Ersatzteile auf Lager. PROFITIEREN SIE VON UNSEREN ANGEBOTEN!\" \/>\n<meta name=\"robots\" content=\"noindex, follow, max-snippet:-1, max-image-preview:large, max-video-preview:-1\" \/>\n<meta property=\"og:locale\" content=\"de_DE\" \/>\n<meta property=\"og:type\" content=\"article\" \/>\n<meta property=\"og:title\" content=\"Verschlusshaken f\u00fcr Kofferraumhaube Fiat 500 | Passione 500\" \/>\n<meta property=\"og:description\" content=\"Finden Sie die Verschlusshaken f\u00fcr Kofferraumhaube f\u00fcr Fiat 500 auf unserer Website. \u00dcber 3.000 Ersatzteile auf Lager. PROFITIEREN SIE VON UNSEREN ANGEBOTEN!\" \/>\n<meta property=\"og:url\" content=\"https:\/\/staging.passione500.it\/de\/fiat-500-de\/fiat-500-n-de\/blechteile-n-de\/vorderer-abschnitt-blechteile-n-de\/gancio-cofano-anteriore-fiat-500\/\" \/>\n<meta property=\"og:site_name\" content=\"Passione 500\" \/>\n<meta property=\"article:modified_time\" content=\"2024-09-20T15:25:20+00:00\" \/>\n<meta property=\"og:image\" content=\"https:\/\/passione500.it\/wp-content\/uploads\/2022\/11\/977403.jpg\" \/>\n\t<meta property=\"og:image:width\" content=\"1600\" \/>\n\t<meta property=\"og:image:height\" content=\"1200\" \/>\n\t<meta property=\"og:image:type\" content=\"image\/jpeg\" \/>\n<meta name=\"twitter:card\" content=\"summary_large_image\" \/>\n<meta name=\"twitter:label1\" content=\"Gesch\u00e4tzte Lesezeit\" \/>\n\t<meta name=\"twitter:data1\" content=\"1\u00a0Minute\" \/>\n<script type=\"application\/ld+json\" class=\"yoast-schema-graph\">{\"@context\":\"https:\\\/\\\/schema.org\",\"@graph\":[{\"@type\":\"WebPage\",\"@id\":\"https:\\\/\\\/staging.passione500.it\\\/de\\\/fiat-500-de\\\/fiat-500-n-de\\\/blechteile-n-de\\\/vorderer-abschnitt-blechteile-n-de\\\/gancio-cofano-anteriore-fiat-500\\\/\",\"url\":\"https:\\\/\\\/staging.passione500.it\\\/de\\\/fiat-500-de\\\/fiat-500-n-de\\\/blechteile-n-de\\\/vorderer-abschnitt-blechteile-n-de\\\/gancio-cofano-anteriore-fiat-500\\\/\",\"name\":\"Verschlusshaken f\u00fcr Kofferraumhaube Fiat 500 | Passione 500\",\"isPartOf\":{\"@id\":\"https:\\\/\\\/staging.passione500.it\\\/de\\\/#website\"},\"primaryImageOfPage\":{\"@id\":\"https:\\\/\\\/staging.passione500.it\\\/de\\\/fiat-500-de\\\/fiat-500-n-de\\\/blechteile-n-de\\\/vorderer-abschnitt-blechteile-n-de\\\/gancio-cofano-anteriore-fiat-500\\\/#primaryimage\"},\"image\":{\"@id\":\"https:\\\/\\\/staging.passione500.it\\\/de\\\/fiat-500-de\\\/fiat-500-n-de\\\/blechteile-n-de\\\/vorderer-abschnitt-blechteile-n-de\\\/gancio-cofano-anteriore-fiat-500\\\/#primaryimage\"},\"thumbnailUrl\":\"https:\\\/\\\/staging.passione500.it\\\/wp-content\\\/uploads\\\/2022\\\/11\\\/977403.jpg\",\"datePublished\":\"2022-11-30T13:41:50+00:00\",\"dateModified\":\"2024-09-20T15:25:20+00:00\",\"description\":\"Finden Sie die Verschlusshaken f\u00fcr Kofferraumhaube f\u00fcr Fiat 500 auf unserer Website. \u00dcber 3.000 Ersatzteile auf Lager. PROFITIEREN SIE VON UNSEREN ANGEBOTEN!\",\"breadcrumb\":{\"@id\":\"https:\\\/\\\/staging.passione500.it\\\/de\\\/fiat-500-de\\\/fiat-500-n-de\\\/blechteile-n-de\\\/vorderer-abschnitt-blechteile-n-de\\\/gancio-cofano-anteriore-fiat-500\\\/#breadcrumb\"},\"inLanguage\":\"de\",\"potentialAction\":[{\"@type\":\"ReadAction\",\"target\":[\"https:\\\/\\\/staging.passione500.it\\\/de\\\/fiat-500-de\\\/fiat-500-n-de\\\/blechteile-n-de\\\/vorderer-abschnitt-blechteile-n-de\\\/gancio-cofano-anteriore-fiat-500\\\/\"]}]},{\"@type\":\"ImageObject\",\"inLanguage\":\"de\",\"@id\":\"https:\\\/\\\/staging.passione500.it\\\/de\\\/fiat-500-de\\\/fiat-500-n-de\\\/blechteile-n-de\\\/vorderer-abschnitt-blechteile-n-de\\\/gancio-cofano-anteriore-fiat-500\\\/#primaryimage\",\"url\":\"https:\\\/\\\/staging.passione500.it\\\/wp-content\\\/uploads\\\/2022\\\/11\\\/977403.jpg\",\"contentUrl\":\"https:\\\/\\\/staging.passione500.it\\\/wp-content\\\/uploads\\\/2022\\\/11\\\/977403.jpg\",\"width\":1600,\"height\":1200,\"caption\":\"gancio cofano anteriore Fiat 500\"},{\"@type\":\"BreadcrumbList\",\"@id\":\"https:\\\/\\\/staging.passione500.it\\\/de\\\/fiat-500-de\\\/fiat-500-n-de\\\/blechteile-n-de\\\/vorderer-abschnitt-blechteile-n-de\\\/gancio-cofano-anteriore-fiat-500\\\/#breadcrumb\",\"itemListElement\":[{\"@type\":\"ListItem\",\"position\":1,\"name\":\"Home\",\"item\":\"https:\\\/\\\/passione500.it\\\/de\\\/\"},{\"@type\":\"ListItem\",\"position\":2,\"name\":\"Fiat 500\",\"item\":\"https:\\\/\\\/staging.passione500.it\\\/de\\\/fiat-500-de\\\/\"},{\"@type\":\"ListItem\",\"position\":3,\"name\":\"Fiat 500 N\",\"item\":\"https:\\\/\\\/staging.passione500.it\\\/de\\\/fiat-500-de\\\/fiat-500-n-de\\\/\"},{\"@type\":\"ListItem\",\"position\":4,\"name\":\"Blechteile\",\"item\":\"https:\\\/\\\/staging.passione500.it\\\/de\\\/fiat-500-de\\\/fiat-500-n-de\\\/blechteile-n-de\\\/\"},{\"@type\":\"ListItem\",\"position\":5,\"name\":\"Vorderer abschnitt\",\"item\":\"https:\\\/\\\/staging.passione500.it\\\/de\\\/fiat-500-de\\\/fiat-500-n-de\\\/blechteile-n-de\\\/vorderer-abschnitt-blechteile-n-de\\\/\"},{\"@type\":\"ListItem\",\"position\":6,\"name\":\"Verschlusshaken f\u00fcr Kofferraumhaube Fiat 500\"}]},{\"@type\":\"WebSite\",\"@id\":\"https:\\\/\\\/staging.passione500.it\\\/de\\\/#website\",\"url\":\"https:\\\/\\\/staging.passione500.it\\\/de\\\/\",\"name\":\"Passione 500\",\"description\":\"Ricambi Fiat 500 d&#039;Epoca\",\"publisher\":{\"@id\":\"https:\\\/\\\/staging.passione500.it\\\/de\\\/#organization\"},\"potentialAction\":[{\"@type\":\"SearchAction\",\"target\":{\"@type\":\"EntryPoint\",\"urlTemplate\":\"https:\\\/\\\/staging.passione500.it\\\/de\\\/?s={search_term_string}\"},\"query-input\":{\"@type\":\"PropertyValueSpecification\",\"valueRequired\":true,\"valueName\":\"search_term_string\"}}],\"inLanguage\":\"de\"},{\"@type\":\"Organization\",\"@id\":\"https:\\\/\\\/staging.passione500.it\\\/de\\\/#organization\",\"name\":\"Passione 500\",\"url\":\"https:\\\/\\\/staging.passione500.it\\\/de\\\/\",\"logo\":{\"@type\":\"ImageObject\",\"inLanguage\":\"de\",\"@id\":\"https:\\\/\\\/staging.passione500.it\\\/de\\\/#\\\/schema\\\/logo\\\/image\\\/\",\"url\":\"https:\\\/\\\/staging.passione500.it\\\/wp-content\\\/uploads\\\/2025\\\/12\\\/PASSIONE-LOGO-APPROVATO.png\",\"contentUrl\":\"https:\\\/\\\/staging.passione500.it\\\/wp-content\\\/uploads\\\/2025\\\/12\\\/PASSIONE-LOGO-APPROVATO.png\",\"width\":348,\"height\":125,\"caption\":\"Passione 500\"},\"image\":{\"@id\":\"https:\\\/\\\/staging.passione500.it\\\/de\\\/#\\\/schema\\\/logo\\\/image\\\/\"}}]}<\/script>\n<!-- \/ Yoast SEO plugin. -->","yoast_head_json":{"title":"Verschlusshaken f\u00fcr Kofferraumhaube Fiat 500 | Passione 500","description":"Finden Sie die Verschlusshaken f\u00fcr Kofferraumhaube f\u00fcr Fiat 500 auf unserer Website. \u00dcber 3.000 Ersatzteile auf Lager. PROFITIEREN SIE VON UNSEREN ANGEBOTEN!","robots":{"index":"noindex","follow":"follow","max-snippet":"max-snippet:-1","max-image-preview":"max-image-preview:large","max-video-preview":"max-video-preview:-1"},"og_locale":"de_DE","og_type":"article","og_title":"Verschlusshaken f\u00fcr Kofferraumhaube Fiat 500 | Passione 500","og_description":"Finden Sie die Verschlusshaken f\u00fcr Kofferraumhaube f\u00fcr Fiat 500 auf unserer Website. \u00dcber 3.000 Ersatzteile auf Lager. PROFITIEREN SIE VON UNSEREN ANGEBOTEN!","og_url":"https:\/\/staging.passione500.it\/de\/fiat-500-de\/fiat-500-n-de\/blechteile-n-de\/vorderer-abschnitt-blechteile-n-de\/gancio-cofano-anteriore-fiat-500\/","og_site_name":"Passione 500","article_modified_time":"2024-09-20T15:25:20+00:00","og_image":[{"width":1600,"height":1200,"url":"https:\/\/passione500.it\/wp-content\/uploads\/2022\/11\/977403.jpg","type":"image\/jpeg"}],"twitter_card":"summary_large_image","twitter_misc":{"Gesch\u00e4tzte Lesezeit":"1\u00a0Minute"},"schema":{"@context":"https:\/\/schema.org","@graph":[{"@type":"WebPage","@id":"https:\/\/staging.passione500.it\/de\/fiat-500-de\/fiat-500-n-de\/blechteile-n-de\/vorderer-abschnitt-blechteile-n-de\/gancio-cofano-anteriore-fiat-500\/","url":"https:\/\/staging.passione500.it\/de\/fiat-500-de\/fiat-500-n-de\/blechteile-n-de\/vorderer-abschnitt-blechteile-n-de\/gancio-cofano-anteriore-fiat-500\/","name":"Verschlusshaken f\u00fcr Kofferraumhaube Fiat 500 | Passione 500","isPartOf":{"@id":"https:\/\/staging.passione500.it\/de\/#website"},"primaryImageOfPage":{"@id":"https:\/\/staging.passione500.it\/de\/fiat-500-de\/fiat-500-n-de\/blechteile-n-de\/vorderer-abschnitt-blechteile-n-de\/gancio-cofano-anteriore-fiat-500\/#primaryimage"},"image":{"@id":"https:\/\/staging.passione500.it\/de\/fiat-500-de\/fiat-500-n-de\/blechteile-n-de\/vorderer-abschnitt-blechteile-n-de\/gancio-cofano-anteriore-fiat-500\/#primaryimage"},"thumbnailUrl":"https:\/\/staging.passione500.it\/wp-content\/uploads\/2022\/11\/977403.jpg","datePublished":"2022-11-30T13:41:50+00:00","dateModified":"2024-09-20T15:25:20+00:00","description":"Finden Sie die Verschlusshaken f\u00fcr Kofferraumhaube f\u00fcr Fiat 500 auf unserer Website. \u00dcber 3.000 Ersatzteile auf Lager. PROFITIEREN SIE VON UNSEREN ANGEBOTEN!","breadcrumb":{"@id":"https:\/\/staging.passione500.it\/de\/fiat-500-de\/fiat-500-n-de\/blechteile-n-de\/vorderer-abschnitt-blechteile-n-de\/gancio-cofano-anteriore-fiat-500\/#breadcrumb"},"inLanguage":"de","potentialAction":[{"@type":"ReadAction","target":["https:\/\/staging.passione500.it\/de\/fiat-500-de\/fiat-500-n-de\/blechteile-n-de\/vorderer-abschnitt-blechteile-n-de\/gancio-cofano-anteriore-fiat-500\/"]}]},{"@type":"ImageObject","inLanguage":"de","@id":"https:\/\/staging.passione500.it\/de\/fiat-500-de\/fiat-500-n-de\/blechteile-n-de\/vorderer-abschnitt-blechteile-n-de\/gancio-cofano-anteriore-fiat-500\/#primaryimage","url":"https:\/\/staging.passione500.it\/wp-content\/uploads\/2022\/11\/977403.jpg","contentUrl":"https:\/\/staging.passione500.it\/wp-content\/uploads\/2022\/11\/977403.jpg","width":1600,"height":1200,"caption":"gancio cofano anteriore Fiat 500"},{"@type":"BreadcrumbList","@id":"https:\/\/staging.passione500.it\/de\/fiat-500-de\/fiat-500-n-de\/blechteile-n-de\/vorderer-abschnitt-blechteile-n-de\/gancio-cofano-anteriore-fiat-500\/#breadcrumb","itemListElement":[{"@type":"ListItem","position":1,"name":"Home","item":"https:\/\/passione500.it\/de\/"},{"@type":"ListItem","position":2,"name":"Fiat 500","item":"https:\/\/staging.passione500.it\/de\/fiat-500-de\/"},{"@type":"ListItem","position":3,"name":"Fiat 500 N","item":"https:\/\/staging.passione500.it\/de\/fiat-500-de\/fiat-500-n-de\/"},{"@type":"ListItem","position":4,"name":"Blechteile","item":"https:\/\/staging.passione500.it\/de\/fiat-500-de\/fiat-500-n-de\/blechteile-n-de\/"},{"@type":"ListItem","position":5,"name":"Vorderer abschnitt","item":"https:\/\/staging.passione500.it\/de\/fiat-500-de\/fiat-500-n-de\/blechteile-n-de\/vorderer-abschnitt-blechteile-n-de\/"},{"@type":"ListItem","position":6,"name":"Verschlusshaken f\u00fcr Kofferraumhaube Fiat 500"}]},{"@type":"WebSite","@id":"https:\/\/staging.passione500.it\/de\/#website","url":"https:\/\/staging.passione500.it\/de\/","name":"Passione 500","description":"Ricambi Fiat 500 d&#039;Epoca","publisher":{"@id":"https:\/\/staging.passione500.it\/de\/#organization"},"potentialAction":[{"@type":"SearchAction","target":{"@type":"EntryPoint","urlTemplate":"https:\/\/staging.passione500.it\/de\/?s={search_term_string}"},"query-input":{"@type":"PropertyValueSpecification","valueRequired":true,"valueName":"search_term_string"}}],"inLanguage":"de"},{"@type":"Organization","@id":"https:\/\/staging.passione500.it\/de\/#organization","name":"Passione 500","url":"https:\/\/staging.passione500.it\/de\/","logo":{"@type":"ImageObject","inLanguage":"de","@id":"https:\/\/staging.passione500.it\/de\/#\/schema\/logo\/image\/","url":"https:\/\/staging.passione500.it\/wp-content\/uploads\/2025\/12\/PASSIONE-LOGO-APPROVATO.png","contentUrl":"https:\/\/staging.passione500.it\/wp-content\/uploads\/2025\/12\/PASSIONE-LOGO-APPROVATO.png","width":348,"height":125,"caption":"Passione 500"},"image":{"@id":"https:\/\/staging.passione500.it\/de\/#\/schema\/logo\/image\/"}}]}},"_links":{"self":[{"href":"https:\/\/staging.passione500.it\/de\/wp-json\/wp\/v2\/product\/3980","targetHints":{"allow":["GET"]}}],"collection":[{"href":"https:\/\/staging.passione500.it\/de\/wp-json\/wp\/v2\/product"}],"about":[{"href":"https:\/\/staging.passione500.it\/de\/wp-json\/wp\/v2\/types\/product"}],"wp:featuredmedia":[{"embeddable":true,"href":"https:\/\/staging.passione500.it\/de\/wp-json\/wp\/v2\/media\/3986"}],"wp:attachment":[{"href":"https:\/\/staging.passione500.it\/de\/wp-json\/wp\/v2\/media?parent=3980"}],"wp:term":[{"taxonomy":"product_brand","embeddable":true,"href":"https:\/\/staging.passione500.it\/de\/wp-json\/wp\/v2\/product_brand?post=3980"},{"taxonomy":"product_cat","embeddable":true,"href":"https:\/\/staging.passione500.it\/de\/wp-json\/wp\/v2\/product_cat?post=3980"},{"taxonomy":"product_tag","embeddable":true,"href":"https:\/\/staging.passione500.it\/de\/wp-json\/wp\/v2\/product_tag?post=3980"}],"curies":[{"name":"wp","href":"https:\/\/api.w.org\/{rel}","templated":true}]}}