{"id":3883,"date":"2022-11-28T17:34:58","date_gmt":"2022-11-28T16:34:58","guid":{"rendered":"https:\/\/staging.passione500.it\/?post_type=product&#038;p=3883"},"modified":"2025-03-27T09:19:18","modified_gmt":"2025-03-27T08:19:18","slug":"stuetzblech-stossdaemperaufnahme-vorne-links-fiat-500-n-d-f-l-r-bis-zu-ord-n-fuer-ersatzzwecke-5172925-giardiniera-bis-zu-ord-n-fue","status":"publish","type":"product","link":"https:\/\/staging.passione500.it\/de\/fiat-500-de\/fiat-500-n-de\/blechteile-n-de\/reparaturen-und-sonstiges-n-de\/stuetzblech-stossdaemperaufnahme-vorne-links-fiat-500-n-d-f-l-r-bis-zu-ord-n-fuer-ersatzzwecke-5172925-giardiniera-bis-zu-ord-n-fue\/","title":{"rendered":"St\u00fctzblech Sto\u00dfd\u00e4mperaufnahme Vorne Links Fiat 500 N \u2013 D \u2013 F \u2013 L \u2013 R (bis zu ord. n.\u00b0 f\u00fcr ersatzzwecke 5172925) \u2013 Giardiniera (bis zu ord. n.\u00b0 f\u00fcr ersatzzwecke 294725)"},"content":{"rendered":"<h4>F\u00fcr ein komplettes Auto muss 1 St\u00fcck gekauft werden<\/h4>\n<h4>ABSTAND ZWISCHEN DER MITTE DER BEIDEN BEFESTIGUNGSL\u00d6CHER DER VORDEREN AUFH\u00c4NGUNGSARME = 89,00 mm<\/h4>\n<h4>\u00dcberpr\u00fcfen Sie die &#8222;ord. n.\u00b0 f\u00fcr ersatzzwecke&#8220; auf dem Alu Fahrzeugrahmen Typenschild Ihres Autos<\/h4>\n<p><img decoding=\"async\" class=\"alignnone wp-image-5690\" src=\"https:\/\/staging.passione500.it\/wp-content\/uploads\/2022\/10\/nr_per-_ricambi-1-300x225.jpg\" alt=\"\" width=\"349\" height=\"262\"><\/p>\n","protected":false},"excerpt":{"rendered":"<p>Prodotto in offerta fino a maggio.<\/p>\n","protected":false},"featured_media":3881,"template":"","meta":{"_et_pb_use_builder":"","_et_pb_old_content":"","_et_gb_content_width":""},"product_brand":[],"product_cat":[639,831,833,837,840,843,2403,2559,819,2128,2129,2130,2131,2132,2412,930,933,650,936,924,927],"product_tag":[],"class_list":{"0":"post-3883","1":"product","2":"type-product","3":"status-publish","4":"has-post-thumbnail","6":"product_cat-vorderer-abschnitt-blechteile-n-de","7":"product_cat-vorderer-abschnitt-blechteile-d-de","8":"product_cat-vorderer-abschnitt-blechteile-f-de","9":"product_cat-vorderer-abschnitt-blechteile-l-de","10":"product_cat-vorderer-abschnitt-blechteile-r-de","11":"product_cat-vorderer-abschnitt-blechteile-giardiniera-de","12":"product_cat-vorderer-abschnitt-tt-de","13":"product_cat-vorderradaufhaengung-tt-de","14":"product_cat-vorderradaufhaengung-n-de","15":"product_cat-vorderradaufhaengung-d-de","16":"product_cat-vorderradaufhaengung-f-de","17":"product_cat-vorderradaufhaengung-l-de","18":"product_cat-vorderradaufhaengung-r-de","19":"product_cat-vorderradaufhaengung-giard-de","20":"product_cat-reparaturen-und-sonstiges-tt-de","21":"product_cat-reparaturen-und-sonstiges-blechteile-l-de","22":"product_cat-reparaturen-und-sonstiges-blechteile-r-de","23":"product_cat-reparaturen-und-sonstiges-n-de","24":"product_cat-reparaturen-und-sonstiges-blechteile-giardiniera-de","25":"product_cat-reparaturen-und-sonstiges-blechteile-d-de","26":"product_cat-reparaturen-und-sonstiges-blechteile-f-de","27":"product_shipping_class-versand-1","29":"first","30":"instock","31":"taxable","32":"shipping-taxable","33":"purchasable","34":"product-type-simple"},"yoast_head":"<!-- This site is optimized with the Yoast SEO plugin v27.3 - https:\/\/yoast.com\/product\/yoast-seo-wordpress\/ -->\n<title>St\u00fctzblech Sto\u00dfd\u00e4mperaufnahme Vorne Links Fiat 500 | Passione 500<\/title>\n<meta name=\"description\" content=\"Finden Sie die St\u00fctzblech Sto\u00dfd\u00e4mperaufnahme Vorne Links f\u00fcr Fiat 500 auf unserer Website. \u00dcber 3.000 Ersatzteile auf Lager. \u00dcber 3.000 Ersatzteile auf Lager. PROFITIEREN SIE VON UNSEREN ANGEBOTEN!\" \/>\n<meta name=\"robots\" content=\"noindex, follow, max-snippet:-1, max-image-preview:large, max-video-preview:-1\" \/>\n<meta property=\"og:locale\" content=\"de_DE\" \/>\n<meta property=\"og:type\" content=\"article\" \/>\n<meta property=\"og:title\" content=\"St\u00fctzblech Sto\u00dfd\u00e4mperaufnahme Vorne Links Fiat 500 | Passione 500\" \/>\n<meta property=\"og:description\" content=\"Finden Sie die St\u00fctzblech Sto\u00dfd\u00e4mperaufnahme Vorne Links f\u00fcr Fiat 500 auf unserer Website. \u00dcber 3.000 Ersatzteile auf Lager. \u00dcber 3.000 Ersatzteile auf Lager. PROFITIEREN SIE VON UNSEREN ANGEBOTEN!\" \/>\n<meta property=\"og:url\" content=\"https:\/\/staging.passione500.it\/de\/fiat-500-de\/fiat-500-n-de\/blechteile-n-de\/reparaturen-und-sonstiges-n-de\/stuetzblech-stossdaemperaufnahme-vorne-links-fiat-500-n-d-f-l-r-bis-zu-ord-n-fuer-ersatzzwecke-5172925-giardiniera-bis-zu-ord-n-fue\/\" \/>\n<meta property=\"og:site_name\" content=\"Passione 500\" \/>\n<meta property=\"article:modified_time\" content=\"2025-03-27T08:19:18+00:00\" \/>\n<meta property=\"og:image\" content=\"https:\/\/passione500.it\/wp-content\/uploads\/2022\/11\/989212.jpg\" \/>\n\t<meta property=\"og:image:width\" content=\"2048\" \/>\n\t<meta property=\"og:image:height\" content=\"1536\" \/>\n\t<meta property=\"og:image:type\" content=\"image\/jpeg\" \/>\n<meta name=\"twitter:card\" content=\"summary_large_image\" \/>\n<meta name=\"twitter:label1\" content=\"Gesch\u00e4tzte Lesezeit\" \/>\n\t<meta name=\"twitter:data1\" content=\"1\u00a0Minute\" \/>\n<script type=\"application\/ld+json\" class=\"yoast-schema-graph\">{\"@context\":\"https:\\\/\\\/schema.org\",\"@graph\":[{\"@type\":\"WebPage\",\"@id\":\"https:\\\/\\\/staging.passione500.it\\\/de\\\/fiat-500-de\\\/fiat-500-n-de\\\/blechteile-n-de\\\/reparaturen-und-sonstiges-n-de\\\/stuetzblech-stossdaemperaufnahme-vorne-links-fiat-500-n-d-f-l-r-bis-zu-ord-n-fuer-ersatzzwecke-5172925-giardiniera-bis-zu-ord-n-fue\\\/\",\"url\":\"https:\\\/\\\/staging.passione500.it\\\/de\\\/fiat-500-de\\\/fiat-500-n-de\\\/blechteile-n-de\\\/reparaturen-und-sonstiges-n-de\\\/stuetzblech-stossdaemperaufnahme-vorne-links-fiat-500-n-d-f-l-r-bis-zu-ord-n-fuer-ersatzzwecke-5172925-giardiniera-bis-zu-ord-n-fue\\\/\",\"name\":\"St\u00fctzblech Sto\u00dfd\u00e4mperaufnahme Vorne Links Fiat 500 | Passione 500\",\"isPartOf\":{\"@id\":\"https:\\\/\\\/staging.passione500.it\\\/de\\\/#website\"},\"primaryImageOfPage\":{\"@id\":\"https:\\\/\\\/staging.passione500.it\\\/de\\\/fiat-500-de\\\/fiat-500-n-de\\\/blechteile-n-de\\\/reparaturen-und-sonstiges-n-de\\\/stuetzblech-stossdaemperaufnahme-vorne-links-fiat-500-n-d-f-l-r-bis-zu-ord-n-fuer-ersatzzwecke-5172925-giardiniera-bis-zu-ord-n-fue\\\/#primaryimage\"},\"image\":{\"@id\":\"https:\\\/\\\/staging.passione500.it\\\/de\\\/fiat-500-de\\\/fiat-500-n-de\\\/blechteile-n-de\\\/reparaturen-und-sonstiges-n-de\\\/stuetzblech-stossdaemperaufnahme-vorne-links-fiat-500-n-d-f-l-r-bis-zu-ord-n-fuer-ersatzzwecke-5172925-giardiniera-bis-zu-ord-n-fue\\\/#primaryimage\"},\"thumbnailUrl\":\"https:\\\/\\\/staging.passione500.it\\\/wp-content\\\/uploads\\\/2022\\\/11\\\/989212.jpg\",\"datePublished\":\"2022-11-28T16:34:58+00:00\",\"dateModified\":\"2025-03-27T08:19:18+00:00\",\"description\":\"Finden Sie die St\u00fctzblech Sto\u00dfd\u00e4mperaufnahme Vorne Links f\u00fcr Fiat 500 auf unserer Website. \u00dcber 3.000 Ersatzteile auf Lager. \u00dcber 3.000 Ersatzteile auf Lager. PROFITIEREN SIE VON UNSEREN ANGEBOTEN!\",\"breadcrumb\":{\"@id\":\"https:\\\/\\\/staging.passione500.it\\\/de\\\/fiat-500-de\\\/fiat-500-n-de\\\/blechteile-n-de\\\/reparaturen-und-sonstiges-n-de\\\/stuetzblech-stossdaemperaufnahme-vorne-links-fiat-500-n-d-f-l-r-bis-zu-ord-n-fuer-ersatzzwecke-5172925-giardiniera-bis-zu-ord-n-fue\\\/#breadcrumb\"},\"inLanguage\":\"de\",\"potentialAction\":[{\"@type\":\"ReadAction\",\"target\":[\"https:\\\/\\\/staging.passione500.it\\\/de\\\/fiat-500-de\\\/fiat-500-n-de\\\/blechteile-n-de\\\/reparaturen-und-sonstiges-n-de\\\/stuetzblech-stossdaemperaufnahme-vorne-links-fiat-500-n-d-f-l-r-bis-zu-ord-n-fuer-ersatzzwecke-5172925-giardiniera-bis-zu-ord-n-fue\\\/\"]}]},{\"@type\":\"ImageObject\",\"inLanguage\":\"de\",\"@id\":\"https:\\\/\\\/staging.passione500.it\\\/de\\\/fiat-500-de\\\/fiat-500-n-de\\\/blechteile-n-de\\\/reparaturen-und-sonstiges-n-de\\\/stuetzblech-stossdaemperaufnahme-vorne-links-fiat-500-n-d-f-l-r-bis-zu-ord-n-fuer-ersatzzwecke-5172925-giardiniera-bis-zu-ord-n-fue\\\/#primaryimage\",\"url\":\"https:\\\/\\\/staging.passione500.it\\\/wp-content\\\/uploads\\\/2022\\\/11\\\/989212.jpg\",\"contentUrl\":\"https:\\\/\\\/staging.passione500.it\\\/wp-content\\\/uploads\\\/2022\\\/11\\\/989212.jpg\",\"width\":2048,\"height\":1536,\"caption\":\"supporto amm ant sx Fiat 500\"},{\"@type\":\"BreadcrumbList\",\"@id\":\"https:\\\/\\\/staging.passione500.it\\\/de\\\/fiat-500-de\\\/fiat-500-n-de\\\/blechteile-n-de\\\/reparaturen-und-sonstiges-n-de\\\/stuetzblech-stossdaemperaufnahme-vorne-links-fiat-500-n-d-f-l-r-bis-zu-ord-n-fuer-ersatzzwecke-5172925-giardiniera-bis-zu-ord-n-fue\\\/#breadcrumb\",\"itemListElement\":[{\"@type\":\"ListItem\",\"position\":1,\"name\":\"Home\",\"item\":\"https:\\\/\\\/passione500.it\\\/de\\\/\"},{\"@type\":\"ListItem\",\"position\":2,\"name\":\"Fiat 500\",\"item\":\"https:\\\/\\\/staging.passione500.it\\\/de\\\/fiat-500-de\\\/\"},{\"@type\":\"ListItem\",\"position\":3,\"name\":\"Fiat 500 N\",\"item\":\"https:\\\/\\\/staging.passione500.it\\\/de\\\/fiat-500-de\\\/fiat-500-n-de\\\/\"},{\"@type\":\"ListItem\",\"position\":4,\"name\":\"Blechteile\",\"item\":\"https:\\\/\\\/staging.passione500.it\\\/de\\\/fiat-500-de\\\/fiat-500-n-de\\\/blechteile-n-de\\\/\"},{\"@type\":\"ListItem\",\"position\":5,\"name\":\"Reparaturen und Sonstiges\",\"item\":\"https:\\\/\\\/staging.passione500.it\\\/de\\\/fiat-500-de\\\/fiat-500-n-de\\\/blechteile-n-de\\\/reparaturen-und-sonstiges-n-de\\\/\"},{\"@type\":\"ListItem\",\"position\":6,\"name\":\"St\u00fctzblech Sto\u00dfd\u00e4mperaufnahme Vorne Links Fiat 500 N \u2013 D \u2013 F \u2013 L \u2013 R (bis zu ord. n.\u00b0 f\u00fcr ersatzzwecke 5172925) \u2013 Giardiniera (bis zu ord. n.\u00b0 f\u00fcr ersatzzwecke 294725)\"}]},{\"@type\":\"WebSite\",\"@id\":\"https:\\\/\\\/staging.passione500.it\\\/de\\\/#website\",\"url\":\"https:\\\/\\\/staging.passione500.it\\\/de\\\/\",\"name\":\"Passione 500\",\"description\":\"Ricambi Fiat 500 d&#039;Epoca\",\"publisher\":{\"@id\":\"https:\\\/\\\/staging.passione500.it\\\/de\\\/#organization\"},\"potentialAction\":[{\"@type\":\"SearchAction\",\"target\":{\"@type\":\"EntryPoint\",\"urlTemplate\":\"https:\\\/\\\/staging.passione500.it\\\/de\\\/?s={search_term_string}\"},\"query-input\":{\"@type\":\"PropertyValueSpecification\",\"valueRequired\":true,\"valueName\":\"search_term_string\"}}],\"inLanguage\":\"de\"},{\"@type\":\"Organization\",\"@id\":\"https:\\\/\\\/staging.passione500.it\\\/de\\\/#organization\",\"name\":\"Passione 500\",\"url\":\"https:\\\/\\\/staging.passione500.it\\\/de\\\/\",\"logo\":{\"@type\":\"ImageObject\",\"inLanguage\":\"de\",\"@id\":\"https:\\\/\\\/staging.passione500.it\\\/de\\\/#\\\/schema\\\/logo\\\/image\\\/\",\"url\":\"https:\\\/\\\/staging.passione500.it\\\/wp-content\\\/uploads\\\/2025\\\/12\\\/PASSIONE-LOGO-APPROVATO.png\",\"contentUrl\":\"https:\\\/\\\/staging.passione500.it\\\/wp-content\\\/uploads\\\/2025\\\/12\\\/PASSIONE-LOGO-APPROVATO.png\",\"width\":348,\"height\":125,\"caption\":\"Passione 500\"},\"image\":{\"@id\":\"https:\\\/\\\/staging.passione500.it\\\/de\\\/#\\\/schema\\\/logo\\\/image\\\/\"}}]}<\/script>\n<!-- \/ Yoast SEO plugin. -->","yoast_head_json":{"title":"St\u00fctzblech Sto\u00dfd\u00e4mperaufnahme Vorne Links Fiat 500 | Passione 500","description":"Finden Sie die St\u00fctzblech Sto\u00dfd\u00e4mperaufnahme Vorne Links f\u00fcr Fiat 500 auf unserer Website. \u00dcber 3.000 Ersatzteile auf Lager. \u00dcber 3.000 Ersatzteile auf Lager. PROFITIEREN SIE VON UNSEREN ANGEBOTEN!","robots":{"index":"noindex","follow":"follow","max-snippet":"max-snippet:-1","max-image-preview":"max-image-preview:large","max-video-preview":"max-video-preview:-1"},"og_locale":"de_DE","og_type":"article","og_title":"St\u00fctzblech Sto\u00dfd\u00e4mperaufnahme Vorne Links Fiat 500 | Passione 500","og_description":"Finden Sie die St\u00fctzblech Sto\u00dfd\u00e4mperaufnahme Vorne Links f\u00fcr Fiat 500 auf unserer Website. \u00dcber 3.000 Ersatzteile auf Lager. \u00dcber 3.000 Ersatzteile auf Lager. PROFITIEREN SIE VON UNSEREN ANGEBOTEN!","og_url":"https:\/\/staging.passione500.it\/de\/fiat-500-de\/fiat-500-n-de\/blechteile-n-de\/reparaturen-und-sonstiges-n-de\/stuetzblech-stossdaemperaufnahme-vorne-links-fiat-500-n-d-f-l-r-bis-zu-ord-n-fuer-ersatzzwecke-5172925-giardiniera-bis-zu-ord-n-fue\/","og_site_name":"Passione 500","article_modified_time":"2025-03-27T08:19:18+00:00","og_image":[{"width":2048,"height":1536,"url":"https:\/\/passione500.it\/wp-content\/uploads\/2022\/11\/989212.jpg","type":"image\/jpeg"}],"twitter_card":"summary_large_image","twitter_misc":{"Gesch\u00e4tzte Lesezeit":"1\u00a0Minute"},"schema":{"@context":"https:\/\/schema.org","@graph":[{"@type":"WebPage","@id":"https:\/\/staging.passione500.it\/de\/fiat-500-de\/fiat-500-n-de\/blechteile-n-de\/reparaturen-und-sonstiges-n-de\/stuetzblech-stossdaemperaufnahme-vorne-links-fiat-500-n-d-f-l-r-bis-zu-ord-n-fuer-ersatzzwecke-5172925-giardiniera-bis-zu-ord-n-fue\/","url":"https:\/\/staging.passione500.it\/de\/fiat-500-de\/fiat-500-n-de\/blechteile-n-de\/reparaturen-und-sonstiges-n-de\/stuetzblech-stossdaemperaufnahme-vorne-links-fiat-500-n-d-f-l-r-bis-zu-ord-n-fuer-ersatzzwecke-5172925-giardiniera-bis-zu-ord-n-fue\/","name":"St\u00fctzblech Sto\u00dfd\u00e4mperaufnahme Vorne Links Fiat 500 | Passione 500","isPartOf":{"@id":"https:\/\/staging.passione500.it\/de\/#website"},"primaryImageOfPage":{"@id":"https:\/\/staging.passione500.it\/de\/fiat-500-de\/fiat-500-n-de\/blechteile-n-de\/reparaturen-und-sonstiges-n-de\/stuetzblech-stossdaemperaufnahme-vorne-links-fiat-500-n-d-f-l-r-bis-zu-ord-n-fuer-ersatzzwecke-5172925-giardiniera-bis-zu-ord-n-fue\/#primaryimage"},"image":{"@id":"https:\/\/staging.passione500.it\/de\/fiat-500-de\/fiat-500-n-de\/blechteile-n-de\/reparaturen-und-sonstiges-n-de\/stuetzblech-stossdaemperaufnahme-vorne-links-fiat-500-n-d-f-l-r-bis-zu-ord-n-fuer-ersatzzwecke-5172925-giardiniera-bis-zu-ord-n-fue\/#primaryimage"},"thumbnailUrl":"https:\/\/staging.passione500.it\/wp-content\/uploads\/2022\/11\/989212.jpg","datePublished":"2022-11-28T16:34:58+00:00","dateModified":"2025-03-27T08:19:18+00:00","description":"Finden Sie die St\u00fctzblech Sto\u00dfd\u00e4mperaufnahme Vorne Links f\u00fcr Fiat 500 auf unserer Website. \u00dcber 3.000 Ersatzteile auf Lager. \u00dcber 3.000 Ersatzteile auf Lager. PROFITIEREN SIE VON UNSEREN ANGEBOTEN!","breadcrumb":{"@id":"https:\/\/staging.passione500.it\/de\/fiat-500-de\/fiat-500-n-de\/blechteile-n-de\/reparaturen-und-sonstiges-n-de\/stuetzblech-stossdaemperaufnahme-vorne-links-fiat-500-n-d-f-l-r-bis-zu-ord-n-fuer-ersatzzwecke-5172925-giardiniera-bis-zu-ord-n-fue\/#breadcrumb"},"inLanguage":"de","potentialAction":[{"@type":"ReadAction","target":["https:\/\/staging.passione500.it\/de\/fiat-500-de\/fiat-500-n-de\/blechteile-n-de\/reparaturen-und-sonstiges-n-de\/stuetzblech-stossdaemperaufnahme-vorne-links-fiat-500-n-d-f-l-r-bis-zu-ord-n-fuer-ersatzzwecke-5172925-giardiniera-bis-zu-ord-n-fue\/"]}]},{"@type":"ImageObject","inLanguage":"de","@id":"https:\/\/staging.passione500.it\/de\/fiat-500-de\/fiat-500-n-de\/blechteile-n-de\/reparaturen-und-sonstiges-n-de\/stuetzblech-stossdaemperaufnahme-vorne-links-fiat-500-n-d-f-l-r-bis-zu-ord-n-fuer-ersatzzwecke-5172925-giardiniera-bis-zu-ord-n-fue\/#primaryimage","url":"https:\/\/staging.passione500.it\/wp-content\/uploads\/2022\/11\/989212.jpg","contentUrl":"https:\/\/staging.passione500.it\/wp-content\/uploads\/2022\/11\/989212.jpg","width":2048,"height":1536,"caption":"supporto amm ant sx Fiat 500"},{"@type":"BreadcrumbList","@id":"https:\/\/staging.passione500.it\/de\/fiat-500-de\/fiat-500-n-de\/blechteile-n-de\/reparaturen-und-sonstiges-n-de\/stuetzblech-stossdaemperaufnahme-vorne-links-fiat-500-n-d-f-l-r-bis-zu-ord-n-fuer-ersatzzwecke-5172925-giardiniera-bis-zu-ord-n-fue\/#breadcrumb","itemListElement":[{"@type":"ListItem","position":1,"name":"Home","item":"https:\/\/passione500.it\/de\/"},{"@type":"ListItem","position":2,"name":"Fiat 500","item":"https:\/\/staging.passione500.it\/de\/fiat-500-de\/"},{"@type":"ListItem","position":3,"name":"Fiat 500 N","item":"https:\/\/staging.passione500.it\/de\/fiat-500-de\/fiat-500-n-de\/"},{"@type":"ListItem","position":4,"name":"Blechteile","item":"https:\/\/staging.passione500.it\/de\/fiat-500-de\/fiat-500-n-de\/blechteile-n-de\/"},{"@type":"ListItem","position":5,"name":"Reparaturen und Sonstiges","item":"https:\/\/staging.passione500.it\/de\/fiat-500-de\/fiat-500-n-de\/blechteile-n-de\/reparaturen-und-sonstiges-n-de\/"},{"@type":"ListItem","position":6,"name":"St\u00fctzblech Sto\u00dfd\u00e4mperaufnahme Vorne Links Fiat 500 N \u2013 D \u2013 F \u2013 L \u2013 R (bis zu ord. n.\u00b0 f\u00fcr ersatzzwecke 5172925) \u2013 Giardiniera (bis zu ord. n.\u00b0 f\u00fcr ersatzzwecke 294725)"}]},{"@type":"WebSite","@id":"https:\/\/staging.passione500.it\/de\/#website","url":"https:\/\/staging.passione500.it\/de\/","name":"Passione 500","description":"Ricambi Fiat 500 d&#039;Epoca","publisher":{"@id":"https:\/\/staging.passione500.it\/de\/#organization"},"potentialAction":[{"@type":"SearchAction","target":{"@type":"EntryPoint","urlTemplate":"https:\/\/staging.passione500.it\/de\/?s={search_term_string}"},"query-input":{"@type":"PropertyValueSpecification","valueRequired":true,"valueName":"search_term_string"}}],"inLanguage":"de"},{"@type":"Organization","@id":"https:\/\/staging.passione500.it\/de\/#organization","name":"Passione 500","url":"https:\/\/staging.passione500.it\/de\/","logo":{"@type":"ImageObject","inLanguage":"de","@id":"https:\/\/staging.passione500.it\/de\/#\/schema\/logo\/image\/","url":"https:\/\/staging.passione500.it\/wp-content\/uploads\/2025\/12\/PASSIONE-LOGO-APPROVATO.png","contentUrl":"https:\/\/staging.passione500.it\/wp-content\/uploads\/2025\/12\/PASSIONE-LOGO-APPROVATO.png","width":348,"height":125,"caption":"Passione 500"},"image":{"@id":"https:\/\/staging.passione500.it\/de\/#\/schema\/logo\/image\/"}}]}},"_links":{"self":[{"href":"https:\/\/staging.passione500.it\/de\/wp-json\/wp\/v2\/product\/3883","targetHints":{"allow":["GET"]}}],"collection":[{"href":"https:\/\/staging.passione500.it\/de\/wp-json\/wp\/v2\/product"}],"about":[{"href":"https:\/\/staging.passione500.it\/de\/wp-json\/wp\/v2\/types\/product"}],"wp:featuredmedia":[{"embeddable":true,"href":"https:\/\/staging.passione500.it\/de\/wp-json\/wp\/v2\/media\/3881"}],"wp:attachment":[{"href":"https:\/\/staging.passione500.it\/de\/wp-json\/wp\/v2\/media?parent=3883"}],"wp:term":[{"taxonomy":"product_brand","embeddable":true,"href":"https:\/\/staging.passione500.it\/de\/wp-json\/wp\/v2\/product_brand?post=3883"},{"taxonomy":"product_cat","embeddable":true,"href":"https:\/\/staging.passione500.it\/de\/wp-json\/wp\/v2\/product_cat?post=3883"},{"taxonomy":"product_tag","embeddable":true,"href":"https:\/\/staging.passione500.it\/de\/wp-json\/wp\/v2\/product_tag?post=3883"}],"curies":[{"name":"wp","href":"https:\/\/api.w.org\/{rel}","templated":true}]}}