{"id":32936,"date":"2025-02-27T18:38:32","date_gmt":"2025-02-27T17:38:32","guid":{"rendered":"https:\/\/staging.passione500.it\/?post_type=product&#038;p=32936"},"modified":"2026-02-25T15:36:01","modified_gmt":"2026-02-25T14:36:01","slug":"bremsfluessigkeit-champion-dot3-4-1-liter-fiat-500","status":"publish","type":"product","link":"https:\/\/staging.passione500.it\/de\/fiat-500-de\/fiat-500-tt-de\/bremsanlage-tt-de\/hydraulische-bremsteile-tt-de\/bremsfluessigkeit-champion-dot3-4-1-liter-fiat-500\/","title":{"rendered":"Bremsfl\u00fcssigkeit Champion DOT3-4 \/ 1 Liter \/ Fiat 500"},"content":{"rendered":"<h4>F\u00fcr ein komplettes Auto muss 1 St\u00fcck gekauft werden<\/h4>\n<h4>Diese Bremsfl\u00fcssigkeit f\u00fcr hydraulische Bremsanlagen bietet eine hohe chemische Stabilit\u00e4t, hervorragende Widerstandsf\u00e4higkeit gegen die Bildung von R\u00fcckst\u00e4nden und eine sehr gute Oxidationsbest\u00e4ndigkeit. Sie ist mit allen im Bremskreis vorkommenden Materialien kompatibel.<\/h4>\n<p>&nbsp;<\/p>\n","protected":false},"excerpt":{"rendered":"<p>Prodotto in offerta fino a maggio.<\/p>\n","protected":false},"featured_media":32942,"template":"","meta":{"_et_pb_use_builder":"","_et_pb_old_content":"","_et_gb_content_width":""},"product_brand":[],"product_cat":[888,2143,2144,2145,2146,2147,2568],"product_tag":[],"class_list":{"0":"post-32936","1":"product","2":"type-product","3":"status-publish","4":"has-post-thumbnail","6":"product_cat-hydraulische-bremsteile-n-de","7":"product_cat-hydraulische-bremsteile-d-de","8":"product_cat-hydraulische-bremsteile-f-de","9":"product_cat-hydraulische-bremsteile-l-de","10":"product_cat-hydraulische-bremsteile-r-de","11":"product_cat-hydraulische-bremsteile-giard-de","12":"product_cat-hydraulische-bremsteile-tt-de","13":"product_shipping_class-versand-1","15":"first","16":"instock","17":"taxable","18":"shipping-taxable","19":"purchasable","20":"product-type-simple"},"yoast_head":"<!-- This site is optimized with the Yoast SEO plugin v27.3 - https:\/\/yoast.com\/product\/yoast-seo-wordpress\/ -->\n<title>Bremsfl\u00fcssigkeit Fiat 500 | Passione 500<\/title>\n<meta name=\"description\" content=\"Finden Sie die Bremsfl\u00fcssigkeit f\u00fcr Fiat 500 auf unserer Website. \u00dcber 3.000 Ersatzteile auf Lager. PROFITIEREN SIE VON UNSEREN ANGEBOTEN!\" \/>\n<meta name=\"robots\" content=\"noindex, follow, max-snippet:-1, max-image-preview:large, max-video-preview:-1\" \/>\n<meta property=\"og:locale\" content=\"de_DE\" \/>\n<meta property=\"og:type\" content=\"article\" \/>\n<meta property=\"og:title\" content=\"Bremsfl\u00fcssigkeit Fiat 500 | Passione 500\" \/>\n<meta property=\"og:description\" content=\"Finden Sie die Bremsfl\u00fcssigkeit f\u00fcr Fiat 500 auf unserer Website. \u00dcber 3.000 Ersatzteile auf Lager. PROFITIEREN SIE VON UNSEREN ANGEBOTEN!\" \/>\n<meta property=\"og:url\" content=\"https:\/\/staging.passione500.it\/de\/fiat-500-de\/fiat-500-tt-de\/bremsanlage-tt-de\/hydraulische-bremsteile-tt-de\/bremsfluessigkeit-champion-dot3-4-1-liter-fiat-500\/\" \/>\n<meta property=\"og:site_name\" content=\"Passione 500\" \/>\n<meta property=\"article:modified_time\" content=\"2026-02-25T14:36:01+00:00\" \/>\n<meta property=\"og:image\" content=\"https:\/\/passione500.it\/wp-content\/uploads\/2025\/02\/olio-dot4.jpg\" \/>\n\t<meta property=\"og:image:width\" content=\"2048\" \/>\n\t<meta property=\"og:image:height\" content=\"1536\" \/>\n\t<meta property=\"og:image:type\" content=\"image\/jpeg\" \/>\n<meta name=\"twitter:card\" content=\"summary_large_image\" \/>\n<meta name=\"twitter:label1\" content=\"Gesch\u00e4tzte Lesezeit\" \/>\n\t<meta name=\"twitter:data1\" content=\"1\u00a0Minute\" \/>\n<script type=\"application\/ld+json\" class=\"yoast-schema-graph\">{\"@context\":\"https:\\\/\\\/schema.org\",\"@graph\":[{\"@type\":\"WebPage\",\"@id\":\"https:\\\/\\\/staging.passione500.it\\\/de\\\/fiat-500-de\\\/fiat-500-tt-de\\\/bremsanlage-tt-de\\\/hydraulische-bremsteile-tt-de\\\/bremsfluessigkeit-champion-dot3-4-1-liter-fiat-500\\\/\",\"url\":\"https:\\\/\\\/staging.passione500.it\\\/de\\\/fiat-500-de\\\/fiat-500-tt-de\\\/bremsanlage-tt-de\\\/hydraulische-bremsteile-tt-de\\\/bremsfluessigkeit-champion-dot3-4-1-liter-fiat-500\\\/\",\"name\":\"Bremsfl\u00fcssigkeit Fiat 500 | Passione 500\",\"isPartOf\":{\"@id\":\"https:\\\/\\\/staging.passione500.it\\\/de\\\/#website\"},\"primaryImageOfPage\":{\"@id\":\"https:\\\/\\\/staging.passione500.it\\\/de\\\/fiat-500-de\\\/fiat-500-tt-de\\\/bremsanlage-tt-de\\\/hydraulische-bremsteile-tt-de\\\/bremsfluessigkeit-champion-dot3-4-1-liter-fiat-500\\\/#primaryimage\"},\"image\":{\"@id\":\"https:\\\/\\\/staging.passione500.it\\\/de\\\/fiat-500-de\\\/fiat-500-tt-de\\\/bremsanlage-tt-de\\\/hydraulische-bremsteile-tt-de\\\/bremsfluessigkeit-champion-dot3-4-1-liter-fiat-500\\\/#primaryimage\"},\"thumbnailUrl\":\"https:\\\/\\\/staging.passione500.it\\\/wp-content\\\/uploads\\\/2025\\\/02\\\/olio-dot4.jpg\",\"datePublished\":\"2025-02-27T17:38:32+00:00\",\"dateModified\":\"2026-02-25T14:36:01+00:00\",\"description\":\"Finden Sie die Bremsfl\u00fcssigkeit f\u00fcr Fiat 500 auf unserer Website. \u00dcber 3.000 Ersatzteile auf Lager. PROFITIEREN SIE VON UNSEREN ANGEBOTEN!\",\"breadcrumb\":{\"@id\":\"https:\\\/\\\/staging.passione500.it\\\/de\\\/fiat-500-de\\\/fiat-500-tt-de\\\/bremsanlage-tt-de\\\/hydraulische-bremsteile-tt-de\\\/bremsfluessigkeit-champion-dot3-4-1-liter-fiat-500\\\/#breadcrumb\"},\"inLanguage\":\"de\",\"potentialAction\":[{\"@type\":\"ReadAction\",\"target\":[\"https:\\\/\\\/staging.passione500.it\\\/de\\\/fiat-500-de\\\/fiat-500-tt-de\\\/bremsanlage-tt-de\\\/hydraulische-bremsteile-tt-de\\\/bremsfluessigkeit-champion-dot3-4-1-liter-fiat-500\\\/\"]}]},{\"@type\":\"ImageObject\",\"inLanguage\":\"de\",\"@id\":\"https:\\\/\\\/staging.passione500.it\\\/de\\\/fiat-500-de\\\/fiat-500-tt-de\\\/bremsanlage-tt-de\\\/hydraulische-bremsteile-tt-de\\\/bremsfluessigkeit-champion-dot3-4-1-liter-fiat-500\\\/#primaryimage\",\"url\":\"https:\\\/\\\/staging.passione500.it\\\/wp-content\\\/uploads\\\/2025\\\/02\\\/olio-dot4.jpg\",\"contentUrl\":\"https:\\\/\\\/staging.passione500.it\\\/wp-content\\\/uploads\\\/2025\\\/02\\\/olio-dot4.jpg\",\"width\":2048,\"height\":1536,\"caption\":\"olio freni Fiat 500\"},{\"@type\":\"BreadcrumbList\",\"@id\":\"https:\\\/\\\/staging.passione500.it\\\/de\\\/fiat-500-de\\\/fiat-500-tt-de\\\/bremsanlage-tt-de\\\/hydraulische-bremsteile-tt-de\\\/bremsfluessigkeit-champion-dot3-4-1-liter-fiat-500\\\/#breadcrumb\",\"itemListElement\":[{\"@type\":\"ListItem\",\"position\":1,\"name\":\"Home\",\"item\":\"https:\\\/\\\/passione500.it\\\/de\\\/\"},{\"@type\":\"ListItem\",\"position\":2,\"name\":\"Fiat 500\",\"item\":\"https:\\\/\\\/staging.passione500.it\\\/de\\\/fiat-500-de\\\/\"},{\"@type\":\"ListItem\",\"position\":3,\"name\":\"Fiat 500 Alle Modelle\",\"item\":\"https:\\\/\\\/staging.passione500.it\\\/de\\\/fiat-500-de\\\/fiat-500-tt-de\\\/\"},{\"@type\":\"ListItem\",\"position\":4,\"name\":\"Bremsanlage\",\"item\":\"https:\\\/\\\/staging.passione500.it\\\/de\\\/fiat-500-de\\\/fiat-500-tt-de\\\/bremsanlage-tt-de\\\/\"},{\"@type\":\"ListItem\",\"position\":5,\"name\":\"Hydraulische Bremsteile\",\"item\":\"https:\\\/\\\/staging.passione500.it\\\/de\\\/fiat-500-de\\\/fiat-500-tt-de\\\/bremsanlage-tt-de\\\/hydraulische-bremsteile-tt-de\\\/\"},{\"@type\":\"ListItem\",\"position\":6,\"name\":\"Bremsfl\u00fcssigkeit Champion DOT3-4 \\\/ 1 Liter \\\/ Fiat 500\"}]},{\"@type\":\"WebSite\",\"@id\":\"https:\\\/\\\/staging.passione500.it\\\/de\\\/#website\",\"url\":\"https:\\\/\\\/staging.passione500.it\\\/de\\\/\",\"name\":\"Passione 500\",\"description\":\"Ricambi Fiat 500 d&#039;Epoca\",\"publisher\":{\"@id\":\"https:\\\/\\\/staging.passione500.it\\\/de\\\/#organization\"},\"potentialAction\":[{\"@type\":\"SearchAction\",\"target\":{\"@type\":\"EntryPoint\",\"urlTemplate\":\"https:\\\/\\\/staging.passione500.it\\\/de\\\/?s={search_term_string}\"},\"query-input\":{\"@type\":\"PropertyValueSpecification\",\"valueRequired\":true,\"valueName\":\"search_term_string\"}}],\"inLanguage\":\"de\"},{\"@type\":\"Organization\",\"@id\":\"https:\\\/\\\/staging.passione500.it\\\/de\\\/#organization\",\"name\":\"Passione 500\",\"url\":\"https:\\\/\\\/staging.passione500.it\\\/de\\\/\",\"logo\":{\"@type\":\"ImageObject\",\"inLanguage\":\"de\",\"@id\":\"https:\\\/\\\/staging.passione500.it\\\/de\\\/#\\\/schema\\\/logo\\\/image\\\/\",\"url\":\"https:\\\/\\\/staging.passione500.it\\\/wp-content\\\/uploads\\\/2025\\\/12\\\/PASSIONE-LOGO-APPROVATO.png\",\"contentUrl\":\"https:\\\/\\\/staging.passione500.it\\\/wp-content\\\/uploads\\\/2025\\\/12\\\/PASSIONE-LOGO-APPROVATO.png\",\"width\":348,\"height\":125,\"caption\":\"Passione 500\"},\"image\":{\"@id\":\"https:\\\/\\\/staging.passione500.it\\\/de\\\/#\\\/schema\\\/logo\\\/image\\\/\"}}]}<\/script>\n<!-- \/ Yoast SEO plugin. -->","yoast_head_json":{"title":"Bremsfl\u00fcssigkeit Fiat 500 | Passione 500","description":"Finden Sie die Bremsfl\u00fcssigkeit f\u00fcr Fiat 500 auf unserer Website. \u00dcber 3.000 Ersatzteile auf Lager. PROFITIEREN SIE VON UNSEREN ANGEBOTEN!","robots":{"index":"noindex","follow":"follow","max-snippet":"max-snippet:-1","max-image-preview":"max-image-preview:large","max-video-preview":"max-video-preview:-1"},"og_locale":"de_DE","og_type":"article","og_title":"Bremsfl\u00fcssigkeit Fiat 500 | Passione 500","og_description":"Finden Sie die Bremsfl\u00fcssigkeit f\u00fcr Fiat 500 auf unserer Website. \u00dcber 3.000 Ersatzteile auf Lager. PROFITIEREN SIE VON UNSEREN ANGEBOTEN!","og_url":"https:\/\/staging.passione500.it\/de\/fiat-500-de\/fiat-500-tt-de\/bremsanlage-tt-de\/hydraulische-bremsteile-tt-de\/bremsfluessigkeit-champion-dot3-4-1-liter-fiat-500\/","og_site_name":"Passione 500","article_modified_time":"2026-02-25T14:36:01+00:00","og_image":[{"width":2048,"height":1536,"url":"https:\/\/passione500.it\/wp-content\/uploads\/2025\/02\/olio-dot4.jpg","type":"image\/jpeg"}],"twitter_card":"summary_large_image","twitter_misc":{"Gesch\u00e4tzte Lesezeit":"1\u00a0Minute"},"schema":{"@context":"https:\/\/schema.org","@graph":[{"@type":"WebPage","@id":"https:\/\/staging.passione500.it\/de\/fiat-500-de\/fiat-500-tt-de\/bremsanlage-tt-de\/hydraulische-bremsteile-tt-de\/bremsfluessigkeit-champion-dot3-4-1-liter-fiat-500\/","url":"https:\/\/staging.passione500.it\/de\/fiat-500-de\/fiat-500-tt-de\/bremsanlage-tt-de\/hydraulische-bremsteile-tt-de\/bremsfluessigkeit-champion-dot3-4-1-liter-fiat-500\/","name":"Bremsfl\u00fcssigkeit Fiat 500 | Passione 500","isPartOf":{"@id":"https:\/\/staging.passione500.it\/de\/#website"},"primaryImageOfPage":{"@id":"https:\/\/staging.passione500.it\/de\/fiat-500-de\/fiat-500-tt-de\/bremsanlage-tt-de\/hydraulische-bremsteile-tt-de\/bremsfluessigkeit-champion-dot3-4-1-liter-fiat-500\/#primaryimage"},"image":{"@id":"https:\/\/staging.passione500.it\/de\/fiat-500-de\/fiat-500-tt-de\/bremsanlage-tt-de\/hydraulische-bremsteile-tt-de\/bremsfluessigkeit-champion-dot3-4-1-liter-fiat-500\/#primaryimage"},"thumbnailUrl":"https:\/\/staging.passione500.it\/wp-content\/uploads\/2025\/02\/olio-dot4.jpg","datePublished":"2025-02-27T17:38:32+00:00","dateModified":"2026-02-25T14:36:01+00:00","description":"Finden Sie die Bremsfl\u00fcssigkeit f\u00fcr Fiat 500 auf unserer Website. \u00dcber 3.000 Ersatzteile auf Lager. PROFITIEREN SIE VON UNSEREN ANGEBOTEN!","breadcrumb":{"@id":"https:\/\/staging.passione500.it\/de\/fiat-500-de\/fiat-500-tt-de\/bremsanlage-tt-de\/hydraulische-bremsteile-tt-de\/bremsfluessigkeit-champion-dot3-4-1-liter-fiat-500\/#breadcrumb"},"inLanguage":"de","potentialAction":[{"@type":"ReadAction","target":["https:\/\/staging.passione500.it\/de\/fiat-500-de\/fiat-500-tt-de\/bremsanlage-tt-de\/hydraulische-bremsteile-tt-de\/bremsfluessigkeit-champion-dot3-4-1-liter-fiat-500\/"]}]},{"@type":"ImageObject","inLanguage":"de","@id":"https:\/\/staging.passione500.it\/de\/fiat-500-de\/fiat-500-tt-de\/bremsanlage-tt-de\/hydraulische-bremsteile-tt-de\/bremsfluessigkeit-champion-dot3-4-1-liter-fiat-500\/#primaryimage","url":"https:\/\/staging.passione500.it\/wp-content\/uploads\/2025\/02\/olio-dot4.jpg","contentUrl":"https:\/\/staging.passione500.it\/wp-content\/uploads\/2025\/02\/olio-dot4.jpg","width":2048,"height":1536,"caption":"olio freni Fiat 500"},{"@type":"BreadcrumbList","@id":"https:\/\/staging.passione500.it\/de\/fiat-500-de\/fiat-500-tt-de\/bremsanlage-tt-de\/hydraulische-bremsteile-tt-de\/bremsfluessigkeit-champion-dot3-4-1-liter-fiat-500\/#breadcrumb","itemListElement":[{"@type":"ListItem","position":1,"name":"Home","item":"https:\/\/passione500.it\/de\/"},{"@type":"ListItem","position":2,"name":"Fiat 500","item":"https:\/\/staging.passione500.it\/de\/fiat-500-de\/"},{"@type":"ListItem","position":3,"name":"Fiat 500 Alle Modelle","item":"https:\/\/staging.passione500.it\/de\/fiat-500-de\/fiat-500-tt-de\/"},{"@type":"ListItem","position":4,"name":"Bremsanlage","item":"https:\/\/staging.passione500.it\/de\/fiat-500-de\/fiat-500-tt-de\/bremsanlage-tt-de\/"},{"@type":"ListItem","position":5,"name":"Hydraulische Bremsteile","item":"https:\/\/staging.passione500.it\/de\/fiat-500-de\/fiat-500-tt-de\/bremsanlage-tt-de\/hydraulische-bremsteile-tt-de\/"},{"@type":"ListItem","position":6,"name":"Bremsfl\u00fcssigkeit Champion DOT3-4 \/ 1 Liter \/ Fiat 500"}]},{"@type":"WebSite","@id":"https:\/\/staging.passione500.it\/de\/#website","url":"https:\/\/staging.passione500.it\/de\/","name":"Passione 500","description":"Ricambi Fiat 500 d&#039;Epoca","publisher":{"@id":"https:\/\/staging.passione500.it\/de\/#organization"},"potentialAction":[{"@type":"SearchAction","target":{"@type":"EntryPoint","urlTemplate":"https:\/\/staging.passione500.it\/de\/?s={search_term_string}"},"query-input":{"@type":"PropertyValueSpecification","valueRequired":true,"valueName":"search_term_string"}}],"inLanguage":"de"},{"@type":"Organization","@id":"https:\/\/staging.passione500.it\/de\/#organization","name":"Passione 500","url":"https:\/\/staging.passione500.it\/de\/","logo":{"@type":"ImageObject","inLanguage":"de","@id":"https:\/\/staging.passione500.it\/de\/#\/schema\/logo\/image\/","url":"https:\/\/staging.passione500.it\/wp-content\/uploads\/2025\/12\/PASSIONE-LOGO-APPROVATO.png","contentUrl":"https:\/\/staging.passione500.it\/wp-content\/uploads\/2025\/12\/PASSIONE-LOGO-APPROVATO.png","width":348,"height":125,"caption":"Passione 500"},"image":{"@id":"https:\/\/staging.passione500.it\/de\/#\/schema\/logo\/image\/"}}]}},"_links":{"self":[{"href":"https:\/\/staging.passione500.it\/de\/wp-json\/wp\/v2\/product\/32936","targetHints":{"allow":["GET"]}}],"collection":[{"href":"https:\/\/staging.passione500.it\/de\/wp-json\/wp\/v2\/product"}],"about":[{"href":"https:\/\/staging.passione500.it\/de\/wp-json\/wp\/v2\/types\/product"}],"wp:featuredmedia":[{"embeddable":true,"href":"https:\/\/staging.passione500.it\/de\/wp-json\/wp\/v2\/media\/32942"}],"wp:attachment":[{"href":"https:\/\/staging.passione500.it\/de\/wp-json\/wp\/v2\/media?parent=32936"}],"wp:term":[{"taxonomy":"product_brand","embeddable":true,"href":"https:\/\/staging.passione500.it\/de\/wp-json\/wp\/v2\/product_brand?post=32936"},{"taxonomy":"product_cat","embeddable":true,"href":"https:\/\/staging.passione500.it\/de\/wp-json\/wp\/v2\/product_cat?post=32936"},{"taxonomy":"product_tag","embeddable":true,"href":"https:\/\/staging.passione500.it\/de\/wp-json\/wp\/v2\/product_tag?post=32936"}],"curies":[{"name":"wp","href":"https:\/\/api.w.org\/{rel}","templated":true}]}}