{"id":27703,"date":"2024-12-12T10:15:40","date_gmt":"2024-12-12T09:15:41","guid":{"rendered":"https:\/\/staging.passione500.it\/?post_type=product&#038;p=27703"},"modified":"2024-12-12T10:54:37","modified_gmt":"2024-12-12T09:54:37","slug":"ueberholter-syncro-getriebe-mit-rueckgabe-des-gebrauchten-ersatzteils-fiat-500-f-von-motor-n-1200478-l","status":"publish","type":"product","link":"https:\/\/staging.passione500.it\/de\/fiat-500-de\/fiat-500-tt-de\/getriebe-und-antriebswellen-tt-de\/getriebe-tt-de\/ueberholter-syncro-getriebe-mit-rueckgabe-des-gebrauchten-ersatzteils-fiat-500-f-von-motor-n-1200478-l\/","title":{"rendered":"\u00dcberholter SYNCRO Getriebe \u2013 mit R\u00fcckgabe des gebrauchten Ersatzteils \u2013 Fiat 500 F (von motor n.\u00b0 1200478) \u2013 L"},"content":{"rendered":"<h4>F\u00fcr ein komplettes Auto muss 1 St\u00fcck gekauft werden<\/h4>\n<h4>Es ist zwingend erforderlich, das gebrauchte Ersatzteil vorab oder gleichzeitig mit der Lieferung des \u00fcberholten Ersatzteils zur\u00fcckzusenden.<\/h4>\n<h4>Die Versandkosten f\u00fcr die R\u00fccksendung des gebrauchten Ersatzteils tr\u00e4gt der K\u00e4ufer.<\/h4>\n<h4>Die \u00dcberholung umfasst die Ausf\u00fchrung folgender Arbeiten:<\/h4>\n<h4>&#8211; Vollst\u00e4ndige Demontage aller einzelnen Komponenten<\/h4>\n<h4>&#8211; Komplette Innen- und Au\u00dfenw\u00e4sche und Reinigung<\/h4>\n<h4>&#8211; Austausch der Prim\u00e4rwelle, des ersten Gangs und des R\u00fcckw\u00e4rtsgangs \u2013 Code CAM16<\/h4>\n<h4>&#8211; Austausch der Getriebe Synchronring &#8211; Code CAM18<\/h4>\n<h4>&#8211; Austausch der 4 Getriebelager \u2013 Code CAM19<\/h4>\n<h4>&#8211; Kompletter Austausch von Achswellen, Schiebeh\u00fclsen, Getriebe und Radmanschetten \u2013 Code CAM44<\/h4>\n<h4>&#8211; Kompletter Austausch der Dichtungen und \u00d6ldichtungen \u2013 Code CAM14<\/h4>\n<h4>&#8211; Diverse Kleinteile n\u00f6tig<\/h4>\n<h4>&#8211; Austausch aller anderen Komponenten, die den ordnungsgem\u00e4\u00dfen Betrieb beeintr\u00e4chtigen k\u00f6nnten<\/h4>\n<h4>\u00dcberpr\u00fcfen Sie die \u201cmotor n.\u00b0\u201d auf dem kurbelgehause Ihres Autos<\/h4>\n<p><img decoding=\"async\" class=\"alignnone size-full wp-image-16586\" src=\"https:\/\/staging.passione500.it\/wp-content\/uploads\/2024\/02\/nr.motore-berlina.jpg\" alt=\"nr.motore-berlina\" width=\"300\" height=\"225\" srcset=\"https:\/\/staging.passione500.it\/wp-content\/uploads\/2024\/02\/nr.motore-berlina.jpg 300w, https:\/\/staging.passione500.it\/wp-content\/uploads\/2024\/02\/nr.motore-berlina-64x48.jpg 64w\" sizes=\"(max-width: 300px) 100vw, 300px\" \/><\/p>\n","protected":false},"excerpt":{"rendered":"<p>Prodotto in offerta fino a maggio.<\/p>\n","protected":false},"featured_media":27675,"template":"","meta":{"_et_pb_use_builder":"","_et_pb_old_content":"","_et_gb_content_width":""},"product_brand":[],"product_cat":[2547,2109,2110,2114,2115,2550],"product_tag":[],"class_list":{"0":"post-27703","1":"product","2":"type-product","3":"status-publish","4":"has-post-thumbnail","6":"product_cat-getriebe-tt-de","7":"product_cat-getriebe-f-de","8":"product_cat-getriebe-l-de","9":"product_cat-antriebswellen-und-differential-f-de","10":"product_cat-antriebswellen-und-differential-l-de","11":"product_cat-antriebswellen-und-differential-tt-de","12":"product_shipping_class-versand-1","14":"first","15":"instock","16":"taxable","17":"shipping-taxable","18":"purchasable","19":"product-type-simple"},"yoast_head":"<!-- This site is optimized with the Yoast SEO plugin v27.3 - https:\/\/yoast.com\/product\/yoast-seo-wordpress\/ -->\n<title>\u00dcberholter Syncro Getriebe Fiat 500 - Passione 500<\/title>\n<meta name=\"description\" content=\"Finden Sie die \u00dcberholter Syncro Getriebe f\u00fcr Fiat 500 auf unserer Website. \u00dcber 3.000 Ersatzteile auf Lager. PROFITIEREN SIE VON UNSEREN ANGEBOTEN!\" \/>\n<meta name=\"robots\" content=\"noindex, follow, max-snippet:-1, max-image-preview:large, max-video-preview:-1\" \/>\n<meta property=\"og:locale\" content=\"de_DE\" \/>\n<meta property=\"og:type\" content=\"article\" \/>\n<meta property=\"og:title\" content=\"\u00dcberholter Syncro Getriebe Fiat 500 - Passione 500\" \/>\n<meta property=\"og:description\" content=\"Finden Sie die \u00dcberholter Syncro Getriebe f\u00fcr Fiat 500 auf unserer Website. \u00dcber 3.000 Ersatzteile auf Lager. PROFITIEREN SIE VON UNSEREN ANGEBOTEN!\" \/>\n<meta property=\"og:url\" content=\"https:\/\/staging.passione500.it\/de\/fiat-500-de\/fiat-500-tt-de\/getriebe-und-antriebswellen-tt-de\/getriebe-tt-de\/ueberholter-syncro-getriebe-mit-rueckgabe-des-gebrauchten-ersatzteils-fiat-500-f-von-motor-n-1200478-l\/\" \/>\n<meta property=\"og:site_name\" content=\"Passione 500\" \/>\n<meta property=\"article:modified_time\" content=\"2024-12-12T09:54:37+00:00\" \/>\n<meta property=\"og:image\" content=\"https:\/\/passione500.it\/wp-content\/uploads\/2024\/12\/F-revis.jpg\" \/>\n\t<meta property=\"og:image:width\" content=\"2048\" \/>\n\t<meta property=\"og:image:height\" content=\"1536\" \/>\n\t<meta property=\"og:image:type\" content=\"image\/jpeg\" \/>\n<meta name=\"twitter:card\" content=\"summary_large_image\" \/>\n<meta name=\"twitter:label1\" content=\"Gesch\u00e4tzte Lesezeit\" \/>\n\t<meta name=\"twitter:data1\" content=\"2\u00a0Minuten\" \/>\n<script type=\"application\/ld+json\" class=\"yoast-schema-graph\">{\"@context\":\"https:\\\/\\\/schema.org\",\"@graph\":[{\"@type\":\"WebPage\",\"@id\":\"https:\\\/\\\/staging.passione500.it\\\/de\\\/fiat-500-de\\\/fiat-500-tt-de\\\/getriebe-und-antriebswellen-tt-de\\\/getriebe-tt-de\\\/ueberholter-syncro-getriebe-mit-rueckgabe-des-gebrauchten-ersatzteils-fiat-500-f-von-motor-n-1200478-l\\\/\",\"url\":\"https:\\\/\\\/staging.passione500.it\\\/de\\\/fiat-500-de\\\/fiat-500-tt-de\\\/getriebe-und-antriebswellen-tt-de\\\/getriebe-tt-de\\\/ueberholter-syncro-getriebe-mit-rueckgabe-des-gebrauchten-ersatzteils-fiat-500-f-von-motor-n-1200478-l\\\/\",\"name\":\"\u00dcberholter Syncro Getriebe Fiat 500 - Passione 500\",\"isPartOf\":{\"@id\":\"https:\\\/\\\/staging.passione500.it\\\/de\\\/#website\"},\"primaryImageOfPage\":{\"@id\":\"https:\\\/\\\/staging.passione500.it\\\/de\\\/fiat-500-de\\\/fiat-500-tt-de\\\/getriebe-und-antriebswellen-tt-de\\\/getriebe-tt-de\\\/ueberholter-syncro-getriebe-mit-rueckgabe-des-gebrauchten-ersatzteils-fiat-500-f-von-motor-n-1200478-l\\\/#primaryimage\"},\"image\":{\"@id\":\"https:\\\/\\\/staging.passione500.it\\\/de\\\/fiat-500-de\\\/fiat-500-tt-de\\\/getriebe-und-antriebswellen-tt-de\\\/getriebe-tt-de\\\/ueberholter-syncro-getriebe-mit-rueckgabe-des-gebrauchten-ersatzteils-fiat-500-f-von-motor-n-1200478-l\\\/#primaryimage\"},\"thumbnailUrl\":\"https:\\\/\\\/staging.passione500.it\\\/wp-content\\\/uploads\\\/2024\\\/12\\\/F-revis.jpg\",\"datePublished\":\"2024-12-12T09:15:41+00:00\",\"dateModified\":\"2024-12-12T09:54:37+00:00\",\"description\":\"Finden Sie die \u00dcberholter Syncro Getriebe f\u00fcr Fiat 500 auf unserer Website. \u00dcber 3.000 Ersatzteile auf Lager. PROFITIEREN SIE VON UNSEREN ANGEBOTEN!\",\"breadcrumb\":{\"@id\":\"https:\\\/\\\/staging.passione500.it\\\/de\\\/fiat-500-de\\\/fiat-500-tt-de\\\/getriebe-und-antriebswellen-tt-de\\\/getriebe-tt-de\\\/ueberholter-syncro-getriebe-mit-rueckgabe-des-gebrauchten-ersatzteils-fiat-500-f-von-motor-n-1200478-l\\\/#breadcrumb\"},\"inLanguage\":\"de\",\"potentialAction\":[{\"@type\":\"ReadAction\",\"target\":[\"https:\\\/\\\/staging.passione500.it\\\/de\\\/fiat-500-de\\\/fiat-500-tt-de\\\/getriebe-und-antriebswellen-tt-de\\\/getriebe-tt-de\\\/ueberholter-syncro-getriebe-mit-rueckgabe-des-gebrauchten-ersatzteils-fiat-500-f-von-motor-n-1200478-l\\\/\"]}]},{\"@type\":\"ImageObject\",\"inLanguage\":\"de\",\"@id\":\"https:\\\/\\\/staging.passione500.it\\\/de\\\/fiat-500-de\\\/fiat-500-tt-de\\\/getriebe-und-antriebswellen-tt-de\\\/getriebe-tt-de\\\/ueberholter-syncro-getriebe-mit-rueckgabe-des-gebrauchten-ersatzteils-fiat-500-f-von-motor-n-1200478-l\\\/#primaryimage\",\"url\":\"https:\\\/\\\/staging.passione500.it\\\/wp-content\\\/uploads\\\/2024\\\/12\\\/F-revis.jpg\",\"contentUrl\":\"https:\\\/\\\/staging.passione500.it\\\/wp-content\\\/uploads\\\/2024\\\/12\\\/F-revis.jpg\",\"width\":2048,\"height\":1536,\"caption\":\"cambio revisionato Fiat 500 F L\"},{\"@type\":\"BreadcrumbList\",\"@id\":\"https:\\\/\\\/staging.passione500.it\\\/de\\\/fiat-500-de\\\/fiat-500-tt-de\\\/getriebe-und-antriebswellen-tt-de\\\/getriebe-tt-de\\\/ueberholter-syncro-getriebe-mit-rueckgabe-des-gebrauchten-ersatzteils-fiat-500-f-von-motor-n-1200478-l\\\/#breadcrumb\",\"itemListElement\":[{\"@type\":\"ListItem\",\"position\":1,\"name\":\"Home\",\"item\":\"https:\\\/\\\/passione500.it\\\/de\\\/\"},{\"@type\":\"ListItem\",\"position\":2,\"name\":\"Fiat 500\",\"item\":\"https:\\\/\\\/staging.passione500.it\\\/de\\\/fiat-500-de\\\/\"},{\"@type\":\"ListItem\",\"position\":3,\"name\":\"Fiat 500 Alle Modelle\",\"item\":\"https:\\\/\\\/staging.passione500.it\\\/de\\\/fiat-500-de\\\/fiat-500-tt-de\\\/\"},{\"@type\":\"ListItem\",\"position\":4,\"name\":\"Getriebe und Antriebswellen\",\"item\":\"https:\\\/\\\/staging.passione500.it\\\/de\\\/fiat-500-de\\\/fiat-500-tt-de\\\/getriebe-und-antriebswellen-tt-de\\\/\"},{\"@type\":\"ListItem\",\"position\":5,\"name\":\"Getriebe\",\"item\":\"https:\\\/\\\/staging.passione500.it\\\/de\\\/fiat-500-de\\\/fiat-500-tt-de\\\/getriebe-und-antriebswellen-tt-de\\\/getriebe-tt-de\\\/\"},{\"@type\":\"ListItem\",\"position\":6,\"name\":\"\u00dcberholter SYNCRO Getriebe \u2013 mit R\u00fcckgabe des gebrauchten Ersatzteils \u2013 Fiat 500 F (von motor n.\u00b0 1200478) \u2013 L\"}]},{\"@type\":\"WebSite\",\"@id\":\"https:\\\/\\\/staging.passione500.it\\\/de\\\/#website\",\"url\":\"https:\\\/\\\/staging.passione500.it\\\/de\\\/\",\"name\":\"Passione 500\",\"description\":\"Ricambi Fiat 500 d&#039;Epoca\",\"publisher\":{\"@id\":\"https:\\\/\\\/staging.passione500.it\\\/de\\\/#organization\"},\"potentialAction\":[{\"@type\":\"SearchAction\",\"target\":{\"@type\":\"EntryPoint\",\"urlTemplate\":\"https:\\\/\\\/staging.passione500.it\\\/de\\\/?s={search_term_string}\"},\"query-input\":{\"@type\":\"PropertyValueSpecification\",\"valueRequired\":true,\"valueName\":\"search_term_string\"}}],\"inLanguage\":\"de\"},{\"@type\":\"Organization\",\"@id\":\"https:\\\/\\\/staging.passione500.it\\\/de\\\/#organization\",\"name\":\"Passione 500\",\"url\":\"https:\\\/\\\/staging.passione500.it\\\/de\\\/\",\"logo\":{\"@type\":\"ImageObject\",\"inLanguage\":\"de\",\"@id\":\"https:\\\/\\\/staging.passione500.it\\\/de\\\/#\\\/schema\\\/logo\\\/image\\\/\",\"url\":\"https:\\\/\\\/staging.passione500.it\\\/wp-content\\\/uploads\\\/2025\\\/12\\\/PASSIONE-LOGO-APPROVATO.png\",\"contentUrl\":\"https:\\\/\\\/staging.passione500.it\\\/wp-content\\\/uploads\\\/2025\\\/12\\\/PASSIONE-LOGO-APPROVATO.png\",\"width\":348,\"height\":125,\"caption\":\"Passione 500\"},\"image\":{\"@id\":\"https:\\\/\\\/staging.passione500.it\\\/de\\\/#\\\/schema\\\/logo\\\/image\\\/\"}}]}<\/script>\n<!-- \/ Yoast SEO plugin. -->","yoast_head_json":{"title":"\u00dcberholter Syncro Getriebe Fiat 500 - Passione 500","description":"Finden Sie die \u00dcberholter Syncro Getriebe f\u00fcr Fiat 500 auf unserer Website. \u00dcber 3.000 Ersatzteile auf Lager. PROFITIEREN SIE VON UNSEREN ANGEBOTEN!","robots":{"index":"noindex","follow":"follow","max-snippet":"max-snippet:-1","max-image-preview":"max-image-preview:large","max-video-preview":"max-video-preview:-1"},"og_locale":"de_DE","og_type":"article","og_title":"\u00dcberholter Syncro Getriebe Fiat 500 - Passione 500","og_description":"Finden Sie die \u00dcberholter Syncro Getriebe f\u00fcr Fiat 500 auf unserer Website. \u00dcber 3.000 Ersatzteile auf Lager. PROFITIEREN SIE VON UNSEREN ANGEBOTEN!","og_url":"https:\/\/staging.passione500.it\/de\/fiat-500-de\/fiat-500-tt-de\/getriebe-und-antriebswellen-tt-de\/getriebe-tt-de\/ueberholter-syncro-getriebe-mit-rueckgabe-des-gebrauchten-ersatzteils-fiat-500-f-von-motor-n-1200478-l\/","og_site_name":"Passione 500","article_modified_time":"2024-12-12T09:54:37+00:00","og_image":[{"width":2048,"height":1536,"url":"https:\/\/passione500.it\/wp-content\/uploads\/2024\/12\/F-revis.jpg","type":"image\/jpeg"}],"twitter_card":"summary_large_image","twitter_misc":{"Gesch\u00e4tzte Lesezeit":"2\u00a0Minuten"},"schema":{"@context":"https:\/\/schema.org","@graph":[{"@type":"WebPage","@id":"https:\/\/staging.passione500.it\/de\/fiat-500-de\/fiat-500-tt-de\/getriebe-und-antriebswellen-tt-de\/getriebe-tt-de\/ueberholter-syncro-getriebe-mit-rueckgabe-des-gebrauchten-ersatzteils-fiat-500-f-von-motor-n-1200478-l\/","url":"https:\/\/staging.passione500.it\/de\/fiat-500-de\/fiat-500-tt-de\/getriebe-und-antriebswellen-tt-de\/getriebe-tt-de\/ueberholter-syncro-getriebe-mit-rueckgabe-des-gebrauchten-ersatzteils-fiat-500-f-von-motor-n-1200478-l\/","name":"\u00dcberholter Syncro Getriebe Fiat 500 - Passione 500","isPartOf":{"@id":"https:\/\/staging.passione500.it\/de\/#website"},"primaryImageOfPage":{"@id":"https:\/\/staging.passione500.it\/de\/fiat-500-de\/fiat-500-tt-de\/getriebe-und-antriebswellen-tt-de\/getriebe-tt-de\/ueberholter-syncro-getriebe-mit-rueckgabe-des-gebrauchten-ersatzteils-fiat-500-f-von-motor-n-1200478-l\/#primaryimage"},"image":{"@id":"https:\/\/staging.passione500.it\/de\/fiat-500-de\/fiat-500-tt-de\/getriebe-und-antriebswellen-tt-de\/getriebe-tt-de\/ueberholter-syncro-getriebe-mit-rueckgabe-des-gebrauchten-ersatzteils-fiat-500-f-von-motor-n-1200478-l\/#primaryimage"},"thumbnailUrl":"https:\/\/staging.passione500.it\/wp-content\/uploads\/2024\/12\/F-revis.jpg","datePublished":"2024-12-12T09:15:41+00:00","dateModified":"2024-12-12T09:54:37+00:00","description":"Finden Sie die \u00dcberholter Syncro Getriebe f\u00fcr Fiat 500 auf unserer Website. \u00dcber 3.000 Ersatzteile auf Lager. PROFITIEREN SIE VON UNSEREN ANGEBOTEN!","breadcrumb":{"@id":"https:\/\/staging.passione500.it\/de\/fiat-500-de\/fiat-500-tt-de\/getriebe-und-antriebswellen-tt-de\/getriebe-tt-de\/ueberholter-syncro-getriebe-mit-rueckgabe-des-gebrauchten-ersatzteils-fiat-500-f-von-motor-n-1200478-l\/#breadcrumb"},"inLanguage":"de","potentialAction":[{"@type":"ReadAction","target":["https:\/\/staging.passione500.it\/de\/fiat-500-de\/fiat-500-tt-de\/getriebe-und-antriebswellen-tt-de\/getriebe-tt-de\/ueberholter-syncro-getriebe-mit-rueckgabe-des-gebrauchten-ersatzteils-fiat-500-f-von-motor-n-1200478-l\/"]}]},{"@type":"ImageObject","inLanguage":"de","@id":"https:\/\/staging.passione500.it\/de\/fiat-500-de\/fiat-500-tt-de\/getriebe-und-antriebswellen-tt-de\/getriebe-tt-de\/ueberholter-syncro-getriebe-mit-rueckgabe-des-gebrauchten-ersatzteils-fiat-500-f-von-motor-n-1200478-l\/#primaryimage","url":"https:\/\/staging.passione500.it\/wp-content\/uploads\/2024\/12\/F-revis.jpg","contentUrl":"https:\/\/staging.passione500.it\/wp-content\/uploads\/2024\/12\/F-revis.jpg","width":2048,"height":1536,"caption":"cambio revisionato Fiat 500 F L"},{"@type":"BreadcrumbList","@id":"https:\/\/staging.passione500.it\/de\/fiat-500-de\/fiat-500-tt-de\/getriebe-und-antriebswellen-tt-de\/getriebe-tt-de\/ueberholter-syncro-getriebe-mit-rueckgabe-des-gebrauchten-ersatzteils-fiat-500-f-von-motor-n-1200478-l\/#breadcrumb","itemListElement":[{"@type":"ListItem","position":1,"name":"Home","item":"https:\/\/passione500.it\/de\/"},{"@type":"ListItem","position":2,"name":"Fiat 500","item":"https:\/\/staging.passione500.it\/de\/fiat-500-de\/"},{"@type":"ListItem","position":3,"name":"Fiat 500 Alle Modelle","item":"https:\/\/staging.passione500.it\/de\/fiat-500-de\/fiat-500-tt-de\/"},{"@type":"ListItem","position":4,"name":"Getriebe und Antriebswellen","item":"https:\/\/staging.passione500.it\/de\/fiat-500-de\/fiat-500-tt-de\/getriebe-und-antriebswellen-tt-de\/"},{"@type":"ListItem","position":5,"name":"Getriebe","item":"https:\/\/staging.passione500.it\/de\/fiat-500-de\/fiat-500-tt-de\/getriebe-und-antriebswellen-tt-de\/getriebe-tt-de\/"},{"@type":"ListItem","position":6,"name":"\u00dcberholter SYNCRO Getriebe \u2013 mit R\u00fcckgabe des gebrauchten Ersatzteils \u2013 Fiat 500 F (von motor n.\u00b0 1200478) \u2013 L"}]},{"@type":"WebSite","@id":"https:\/\/staging.passione500.it\/de\/#website","url":"https:\/\/staging.passione500.it\/de\/","name":"Passione 500","description":"Ricambi Fiat 500 d&#039;Epoca","publisher":{"@id":"https:\/\/staging.passione500.it\/de\/#organization"},"potentialAction":[{"@type":"SearchAction","target":{"@type":"EntryPoint","urlTemplate":"https:\/\/staging.passione500.it\/de\/?s={search_term_string}"},"query-input":{"@type":"PropertyValueSpecification","valueRequired":true,"valueName":"search_term_string"}}],"inLanguage":"de"},{"@type":"Organization","@id":"https:\/\/staging.passione500.it\/de\/#organization","name":"Passione 500","url":"https:\/\/staging.passione500.it\/de\/","logo":{"@type":"ImageObject","inLanguage":"de","@id":"https:\/\/staging.passione500.it\/de\/#\/schema\/logo\/image\/","url":"https:\/\/staging.passione500.it\/wp-content\/uploads\/2025\/12\/PASSIONE-LOGO-APPROVATO.png","contentUrl":"https:\/\/staging.passione500.it\/wp-content\/uploads\/2025\/12\/PASSIONE-LOGO-APPROVATO.png","width":348,"height":125,"caption":"Passione 500"},"image":{"@id":"https:\/\/staging.passione500.it\/de\/#\/schema\/logo\/image\/"}}]}},"_links":{"self":[{"href":"https:\/\/staging.passione500.it\/de\/wp-json\/wp\/v2\/product\/27703","targetHints":{"allow":["GET"]}}],"collection":[{"href":"https:\/\/staging.passione500.it\/de\/wp-json\/wp\/v2\/product"}],"about":[{"href":"https:\/\/staging.passione500.it\/de\/wp-json\/wp\/v2\/types\/product"}],"wp:featuredmedia":[{"embeddable":true,"href":"https:\/\/staging.passione500.it\/de\/wp-json\/wp\/v2\/media\/27675"}],"wp:attachment":[{"href":"https:\/\/staging.passione500.it\/de\/wp-json\/wp\/v2\/media?parent=27703"}],"wp:term":[{"taxonomy":"product_brand","embeddable":true,"href":"https:\/\/staging.passione500.it\/de\/wp-json\/wp\/v2\/product_brand?post=27703"},{"taxonomy":"product_cat","embeddable":true,"href":"https:\/\/staging.passione500.it\/de\/wp-json\/wp\/v2\/product_cat?post=27703"},{"taxonomy":"product_tag","embeddable":true,"href":"https:\/\/staging.passione500.it\/de\/wp-json\/wp\/v2\/product_tag?post=27703"}],"curies":[{"name":"wp","href":"https:\/\/api.w.org\/{rel}","templated":true}]}}