{"id":27291,"date":"2024-12-04T15:34:49","date_gmt":"2024-12-04T14:34:50","guid":{"rendered":"https:\/\/staging.passione500.it\/?post_type=product&#038;p=27291"},"modified":"2024-12-04T17:45:53","modified_gmt":"2024-12-04T16:45:53","slug":"syncro-getriebe-reparatursatz-komplett-fiat-500-f-l-r-giardiniera-base-f-siehe-hinweise-in-der-beschreibung","status":"publish","type":"product","link":"https:\/\/staging.passione500.it\/de\/fiat-500-de\/fiat-500-tt-de\/getriebe-und-antriebswellen-tt-de\/getriebe-tt-de\/syncro-getriebe-reparatursatz-komplett-fiat-500-f-l-r-giardiniera-base-f-siehe-hinweise-in-der-beschreibung\/","title":{"rendered":"Syncro Getriebe Reparatursatz Komplett Fiat 500 F \u2013 L \u2013 R &#8211; Giardiniera base F \/ siehe Hinweise in der Beschreibung"},"content":{"rendered":"<h4>F\u00fcr ein komplettes Auto muss 1 Set gekauft werden<\/h4>\n<h4>WICHTIG: Das Kit dient nicht zur Synchronisierung eines NICHT urspr\u00fcnglich SYNCHRONISIERTEN Getriebes. Dazu sind auch andere Komponenten erforderlich, die nicht neu erh\u00e4ltlich sind. Dieses Kit ist daher nur f\u00fcr die \u00dcberholung eines urspr\u00fcnglich BEREITS SYNCHRONISIERTEN Getriebes geeignet.<\/h4>\n<h4>Das Kit besteht aus:<\/h4>\n<h4>nr.1 Hauptwelle &#8211; im Artikelcode CAM16<\/h4>\n<h4>nr.1 1.Gang-Zahnrad &#8211; im Artikelcode CAM16<\/h4>\n<h4>nr.1 R\u00fcckw\u00e4rtsgang-Zahnrad &#8211; im Artikelcode CAM16<\/h4>\n<h4>nr.3 Synchronring &#8211; Artikelcode CAM18<\/h4>\n<h4>nr.1 2.Gang-Zahnrad<\/h4>\n<h4>nr.1 3.Gang-Zahnrad<\/h4>\n<h4>nr.1 4.Gang-Zahnrad<\/h4>\n","protected":false},"excerpt":{"rendered":"<p>Prodotto in offerta fino a maggio.<\/p>\n","protected":false},"featured_media":27298,"template":"","meta":{"_et_pb_use_builder":"","_et_pb_old_content":"","_et_gb_content_width":""},"product_brand":[],"product_cat":[2109,2110,2111,2112,2547],"product_tag":[],"class_list":{"0":"post-27291","1":"product","2":"type-product","3":"status-publish","4":"has-post-thumbnail","6":"product_cat-getriebe-f-de","7":"product_cat-getriebe-l-de","8":"product_cat-getriebe-r-de","9":"product_cat-getriebe-giard-de","10":"product_cat-getriebe-tt-de","11":"product_shipping_class-versand-1","13":"first","14":"instock","15":"taxable","16":"shipping-taxable","17":"purchasable","18":"product-type-simple"},"yoast_head":"<!-- This site is optimized with the Yoast SEO plugin v27.3 - https:\/\/yoast.com\/product\/yoast-seo-wordpress\/ -->\n<title>Getriebe Reparatursatz Fiat 500 - Passione 500<\/title>\n<meta name=\"description\" content=\"Finden Sie die Getriebe Reparatursatz f\u00fcr Fiat 500 auf unserer Website. \u00dcber 3.000 Ersatzteile auf Lager. PROFITIEREN SIE VON UNSEREN ANGEBOTEN!\" \/>\n<meta name=\"robots\" content=\"noindex, follow, max-snippet:-1, max-image-preview:large, max-video-preview:-1\" \/>\n<meta property=\"og:locale\" content=\"de_DE\" \/>\n<meta property=\"og:type\" content=\"article\" \/>\n<meta property=\"og:title\" content=\"Getriebe Reparatursatz Fiat 500 - Passione 500\" \/>\n<meta property=\"og:description\" content=\"Finden Sie die Getriebe Reparatursatz f\u00fcr Fiat 500 auf unserer Website. \u00dcber 3.000 Ersatzteile auf Lager. PROFITIEREN SIE VON UNSEREN ANGEBOTEN!\" \/>\n<meta property=\"og:url\" content=\"https:\/\/staging.passione500.it\/de\/fiat-500-de\/fiat-500-tt-de\/getriebe-und-antriebswellen-tt-de\/getriebe-tt-de\/syncro-getriebe-reparatursatz-komplett-fiat-500-f-l-r-giardiniera-base-f-siehe-hinweise-in-der-beschreibung\/\" \/>\n<meta property=\"og:site_name\" content=\"Passione 500\" \/>\n<meta property=\"article:modified_time\" content=\"2024-12-04T16:45:53+00:00\" \/>\n<meta property=\"og:image\" content=\"https:\/\/passione500.it\/wp-content\/uploads\/2024\/12\/kit-ingran-sincro-126.jpg\" \/>\n\t<meta property=\"og:image:width\" content=\"2048\" \/>\n\t<meta property=\"og:image:height\" content=\"1536\" \/>\n\t<meta property=\"og:image:type\" content=\"image\/jpeg\" \/>\n<meta name=\"twitter:card\" content=\"summary_large_image\" \/>\n<meta name=\"twitter:label1\" content=\"Gesch\u00e4tzte Lesezeit\" \/>\n\t<meta name=\"twitter:data1\" content=\"1\u00a0Minute\" \/>\n<script type=\"application\/ld+json\" class=\"yoast-schema-graph\">{\"@context\":\"https:\\\/\\\/schema.org\",\"@graph\":[{\"@type\":\"WebPage\",\"@id\":\"https:\\\/\\\/staging.passione500.it\\\/de\\\/fiat-500-de\\\/fiat-500-tt-de\\\/getriebe-und-antriebswellen-tt-de\\\/getriebe-tt-de\\\/syncro-getriebe-reparatursatz-komplett-fiat-500-f-l-r-giardiniera-base-f-siehe-hinweise-in-der-beschreibung\\\/\",\"url\":\"https:\\\/\\\/staging.passione500.it\\\/de\\\/fiat-500-de\\\/fiat-500-tt-de\\\/getriebe-und-antriebswellen-tt-de\\\/getriebe-tt-de\\\/syncro-getriebe-reparatursatz-komplett-fiat-500-f-l-r-giardiniera-base-f-siehe-hinweise-in-der-beschreibung\\\/\",\"name\":\"Getriebe Reparatursatz Fiat 500 - Passione 500\",\"isPartOf\":{\"@id\":\"https:\\\/\\\/staging.passione500.it\\\/de\\\/#website\"},\"primaryImageOfPage\":{\"@id\":\"https:\\\/\\\/staging.passione500.it\\\/de\\\/fiat-500-de\\\/fiat-500-tt-de\\\/getriebe-und-antriebswellen-tt-de\\\/getriebe-tt-de\\\/syncro-getriebe-reparatursatz-komplett-fiat-500-f-l-r-giardiniera-base-f-siehe-hinweise-in-der-beschreibung\\\/#primaryimage\"},\"image\":{\"@id\":\"https:\\\/\\\/staging.passione500.it\\\/de\\\/fiat-500-de\\\/fiat-500-tt-de\\\/getriebe-und-antriebswellen-tt-de\\\/getriebe-tt-de\\\/syncro-getriebe-reparatursatz-komplett-fiat-500-f-l-r-giardiniera-base-f-siehe-hinweise-in-der-beschreibung\\\/#primaryimage\"},\"thumbnailUrl\":\"https:\\\/\\\/staging.passione500.it\\\/wp-content\\\/uploads\\\/2024\\\/12\\\/kit-ingran-sincro-126.jpg\",\"datePublished\":\"2024-12-04T14:34:50+00:00\",\"dateModified\":\"2024-12-04T16:45:53+00:00\",\"description\":\"Finden Sie die Getriebe Reparatursatz f\u00fcr Fiat 500 auf unserer Website. \u00dcber 3.000 Ersatzteile auf Lager. PROFITIEREN SIE VON UNSEREN ANGEBOTEN!\",\"breadcrumb\":{\"@id\":\"https:\\\/\\\/staging.passione500.it\\\/de\\\/fiat-500-de\\\/fiat-500-tt-de\\\/getriebe-und-antriebswellen-tt-de\\\/getriebe-tt-de\\\/syncro-getriebe-reparatursatz-komplett-fiat-500-f-l-r-giardiniera-base-f-siehe-hinweise-in-der-beschreibung\\\/#breadcrumb\"},\"inLanguage\":\"de\",\"potentialAction\":[{\"@type\":\"ReadAction\",\"target\":[\"https:\\\/\\\/staging.passione500.it\\\/de\\\/fiat-500-de\\\/fiat-500-tt-de\\\/getriebe-und-antriebswellen-tt-de\\\/getriebe-tt-de\\\/syncro-getriebe-reparatursatz-komplett-fiat-500-f-l-r-giardiniera-base-f-siehe-hinweise-in-der-beschreibung\\\/\"]}]},{\"@type\":\"ImageObject\",\"inLanguage\":\"de\",\"@id\":\"https:\\\/\\\/staging.passione500.it\\\/de\\\/fiat-500-de\\\/fiat-500-tt-de\\\/getriebe-und-antriebswellen-tt-de\\\/getriebe-tt-de\\\/syncro-getriebe-reparatursatz-komplett-fiat-500-f-l-r-giardiniera-base-f-siehe-hinweise-in-der-beschreibung\\\/#primaryimage\",\"url\":\"https:\\\/\\\/staging.passione500.it\\\/wp-content\\\/uploads\\\/2024\\\/12\\\/kit-ingran-sincro-126.jpg\",\"contentUrl\":\"https:\\\/\\\/staging.passione500.it\\\/wp-content\\\/uploads\\\/2024\\\/12\\\/kit-ingran-sincro-126.jpg\",\"width\":2048,\"height\":1536,\"caption\":\"kit completo ingranaggi cambio sincronizzato Fiat 500\"},{\"@type\":\"BreadcrumbList\",\"@id\":\"https:\\\/\\\/staging.passione500.it\\\/de\\\/fiat-500-de\\\/fiat-500-tt-de\\\/getriebe-und-antriebswellen-tt-de\\\/getriebe-tt-de\\\/syncro-getriebe-reparatursatz-komplett-fiat-500-f-l-r-giardiniera-base-f-siehe-hinweise-in-der-beschreibung\\\/#breadcrumb\",\"itemListElement\":[{\"@type\":\"ListItem\",\"position\":1,\"name\":\"Home\",\"item\":\"https:\\\/\\\/passione500.it\\\/de\\\/\"},{\"@type\":\"ListItem\",\"position\":2,\"name\":\"Fiat 500\",\"item\":\"https:\\\/\\\/staging.passione500.it\\\/de\\\/fiat-500-de\\\/\"},{\"@type\":\"ListItem\",\"position\":3,\"name\":\"Fiat 500 Alle Modelle\",\"item\":\"https:\\\/\\\/staging.passione500.it\\\/de\\\/fiat-500-de\\\/fiat-500-tt-de\\\/\"},{\"@type\":\"ListItem\",\"position\":4,\"name\":\"Getriebe und Antriebswellen\",\"item\":\"https:\\\/\\\/staging.passione500.it\\\/de\\\/fiat-500-de\\\/fiat-500-tt-de\\\/getriebe-und-antriebswellen-tt-de\\\/\"},{\"@type\":\"ListItem\",\"position\":5,\"name\":\"Getriebe\",\"item\":\"https:\\\/\\\/staging.passione500.it\\\/de\\\/fiat-500-de\\\/fiat-500-tt-de\\\/getriebe-und-antriebswellen-tt-de\\\/getriebe-tt-de\\\/\"},{\"@type\":\"ListItem\",\"position\":6,\"name\":\"Syncro Getriebe Reparatursatz Komplett Fiat 500 F \u2013 L \u2013 R &#8211; Giardiniera base F \\\/ siehe Hinweise in der Beschreibung\"}]},{\"@type\":\"WebSite\",\"@id\":\"https:\\\/\\\/staging.passione500.it\\\/de\\\/#website\",\"url\":\"https:\\\/\\\/staging.passione500.it\\\/de\\\/\",\"name\":\"Passione 500\",\"description\":\"Ricambi Fiat 500 d&#039;Epoca\",\"publisher\":{\"@id\":\"https:\\\/\\\/staging.passione500.it\\\/de\\\/#organization\"},\"potentialAction\":[{\"@type\":\"SearchAction\",\"target\":{\"@type\":\"EntryPoint\",\"urlTemplate\":\"https:\\\/\\\/staging.passione500.it\\\/de\\\/?s={search_term_string}\"},\"query-input\":{\"@type\":\"PropertyValueSpecification\",\"valueRequired\":true,\"valueName\":\"search_term_string\"}}],\"inLanguage\":\"de\"},{\"@type\":\"Organization\",\"@id\":\"https:\\\/\\\/staging.passione500.it\\\/de\\\/#organization\",\"name\":\"Passione 500\",\"url\":\"https:\\\/\\\/staging.passione500.it\\\/de\\\/\",\"logo\":{\"@type\":\"ImageObject\",\"inLanguage\":\"de\",\"@id\":\"https:\\\/\\\/staging.passione500.it\\\/de\\\/#\\\/schema\\\/logo\\\/image\\\/\",\"url\":\"https:\\\/\\\/staging.passione500.it\\\/wp-content\\\/uploads\\\/2025\\\/12\\\/PASSIONE-LOGO-APPROVATO.png\",\"contentUrl\":\"https:\\\/\\\/staging.passione500.it\\\/wp-content\\\/uploads\\\/2025\\\/12\\\/PASSIONE-LOGO-APPROVATO.png\",\"width\":348,\"height\":125,\"caption\":\"Passione 500\"},\"image\":{\"@id\":\"https:\\\/\\\/staging.passione500.it\\\/de\\\/#\\\/schema\\\/logo\\\/image\\\/\"}}]}<\/script>\n<!-- \/ Yoast SEO plugin. -->","yoast_head_json":{"title":"Getriebe Reparatursatz Fiat 500 - Passione 500","description":"Finden Sie die Getriebe Reparatursatz f\u00fcr Fiat 500 auf unserer Website. \u00dcber 3.000 Ersatzteile auf Lager. PROFITIEREN SIE VON UNSEREN ANGEBOTEN!","robots":{"index":"noindex","follow":"follow","max-snippet":"max-snippet:-1","max-image-preview":"max-image-preview:large","max-video-preview":"max-video-preview:-1"},"og_locale":"de_DE","og_type":"article","og_title":"Getriebe Reparatursatz Fiat 500 - Passione 500","og_description":"Finden Sie die Getriebe Reparatursatz f\u00fcr Fiat 500 auf unserer Website. \u00dcber 3.000 Ersatzteile auf Lager. PROFITIEREN SIE VON UNSEREN ANGEBOTEN!","og_url":"https:\/\/staging.passione500.it\/de\/fiat-500-de\/fiat-500-tt-de\/getriebe-und-antriebswellen-tt-de\/getriebe-tt-de\/syncro-getriebe-reparatursatz-komplett-fiat-500-f-l-r-giardiniera-base-f-siehe-hinweise-in-der-beschreibung\/","og_site_name":"Passione 500","article_modified_time":"2024-12-04T16:45:53+00:00","og_image":[{"width":2048,"height":1536,"url":"https:\/\/passione500.it\/wp-content\/uploads\/2024\/12\/kit-ingran-sincro-126.jpg","type":"image\/jpeg"}],"twitter_card":"summary_large_image","twitter_misc":{"Gesch\u00e4tzte Lesezeit":"1\u00a0Minute"},"schema":{"@context":"https:\/\/schema.org","@graph":[{"@type":"WebPage","@id":"https:\/\/staging.passione500.it\/de\/fiat-500-de\/fiat-500-tt-de\/getriebe-und-antriebswellen-tt-de\/getriebe-tt-de\/syncro-getriebe-reparatursatz-komplett-fiat-500-f-l-r-giardiniera-base-f-siehe-hinweise-in-der-beschreibung\/","url":"https:\/\/staging.passione500.it\/de\/fiat-500-de\/fiat-500-tt-de\/getriebe-und-antriebswellen-tt-de\/getriebe-tt-de\/syncro-getriebe-reparatursatz-komplett-fiat-500-f-l-r-giardiniera-base-f-siehe-hinweise-in-der-beschreibung\/","name":"Getriebe Reparatursatz Fiat 500 - Passione 500","isPartOf":{"@id":"https:\/\/staging.passione500.it\/de\/#website"},"primaryImageOfPage":{"@id":"https:\/\/staging.passione500.it\/de\/fiat-500-de\/fiat-500-tt-de\/getriebe-und-antriebswellen-tt-de\/getriebe-tt-de\/syncro-getriebe-reparatursatz-komplett-fiat-500-f-l-r-giardiniera-base-f-siehe-hinweise-in-der-beschreibung\/#primaryimage"},"image":{"@id":"https:\/\/staging.passione500.it\/de\/fiat-500-de\/fiat-500-tt-de\/getriebe-und-antriebswellen-tt-de\/getriebe-tt-de\/syncro-getriebe-reparatursatz-komplett-fiat-500-f-l-r-giardiniera-base-f-siehe-hinweise-in-der-beschreibung\/#primaryimage"},"thumbnailUrl":"https:\/\/staging.passione500.it\/wp-content\/uploads\/2024\/12\/kit-ingran-sincro-126.jpg","datePublished":"2024-12-04T14:34:50+00:00","dateModified":"2024-12-04T16:45:53+00:00","description":"Finden Sie die Getriebe Reparatursatz f\u00fcr Fiat 500 auf unserer Website. \u00dcber 3.000 Ersatzteile auf Lager. PROFITIEREN SIE VON UNSEREN ANGEBOTEN!","breadcrumb":{"@id":"https:\/\/staging.passione500.it\/de\/fiat-500-de\/fiat-500-tt-de\/getriebe-und-antriebswellen-tt-de\/getriebe-tt-de\/syncro-getriebe-reparatursatz-komplett-fiat-500-f-l-r-giardiniera-base-f-siehe-hinweise-in-der-beschreibung\/#breadcrumb"},"inLanguage":"de","potentialAction":[{"@type":"ReadAction","target":["https:\/\/staging.passione500.it\/de\/fiat-500-de\/fiat-500-tt-de\/getriebe-und-antriebswellen-tt-de\/getriebe-tt-de\/syncro-getriebe-reparatursatz-komplett-fiat-500-f-l-r-giardiniera-base-f-siehe-hinweise-in-der-beschreibung\/"]}]},{"@type":"ImageObject","inLanguage":"de","@id":"https:\/\/staging.passione500.it\/de\/fiat-500-de\/fiat-500-tt-de\/getriebe-und-antriebswellen-tt-de\/getriebe-tt-de\/syncro-getriebe-reparatursatz-komplett-fiat-500-f-l-r-giardiniera-base-f-siehe-hinweise-in-der-beschreibung\/#primaryimage","url":"https:\/\/staging.passione500.it\/wp-content\/uploads\/2024\/12\/kit-ingran-sincro-126.jpg","contentUrl":"https:\/\/staging.passione500.it\/wp-content\/uploads\/2024\/12\/kit-ingran-sincro-126.jpg","width":2048,"height":1536,"caption":"kit completo ingranaggi cambio sincronizzato Fiat 500"},{"@type":"BreadcrumbList","@id":"https:\/\/staging.passione500.it\/de\/fiat-500-de\/fiat-500-tt-de\/getriebe-und-antriebswellen-tt-de\/getriebe-tt-de\/syncro-getriebe-reparatursatz-komplett-fiat-500-f-l-r-giardiniera-base-f-siehe-hinweise-in-der-beschreibung\/#breadcrumb","itemListElement":[{"@type":"ListItem","position":1,"name":"Home","item":"https:\/\/passione500.it\/de\/"},{"@type":"ListItem","position":2,"name":"Fiat 500","item":"https:\/\/staging.passione500.it\/de\/fiat-500-de\/"},{"@type":"ListItem","position":3,"name":"Fiat 500 Alle Modelle","item":"https:\/\/staging.passione500.it\/de\/fiat-500-de\/fiat-500-tt-de\/"},{"@type":"ListItem","position":4,"name":"Getriebe und Antriebswellen","item":"https:\/\/staging.passione500.it\/de\/fiat-500-de\/fiat-500-tt-de\/getriebe-und-antriebswellen-tt-de\/"},{"@type":"ListItem","position":5,"name":"Getriebe","item":"https:\/\/staging.passione500.it\/de\/fiat-500-de\/fiat-500-tt-de\/getriebe-und-antriebswellen-tt-de\/getriebe-tt-de\/"},{"@type":"ListItem","position":6,"name":"Syncro Getriebe Reparatursatz Komplett Fiat 500 F \u2013 L \u2013 R &#8211; Giardiniera base F \/ siehe Hinweise in der Beschreibung"}]},{"@type":"WebSite","@id":"https:\/\/staging.passione500.it\/de\/#website","url":"https:\/\/staging.passione500.it\/de\/","name":"Passione 500","description":"Ricambi Fiat 500 d&#039;Epoca","publisher":{"@id":"https:\/\/staging.passione500.it\/de\/#organization"},"potentialAction":[{"@type":"SearchAction","target":{"@type":"EntryPoint","urlTemplate":"https:\/\/staging.passione500.it\/de\/?s={search_term_string}"},"query-input":{"@type":"PropertyValueSpecification","valueRequired":true,"valueName":"search_term_string"}}],"inLanguage":"de"},{"@type":"Organization","@id":"https:\/\/staging.passione500.it\/de\/#organization","name":"Passione 500","url":"https:\/\/staging.passione500.it\/de\/","logo":{"@type":"ImageObject","inLanguage":"de","@id":"https:\/\/staging.passione500.it\/de\/#\/schema\/logo\/image\/","url":"https:\/\/staging.passione500.it\/wp-content\/uploads\/2025\/12\/PASSIONE-LOGO-APPROVATO.png","contentUrl":"https:\/\/staging.passione500.it\/wp-content\/uploads\/2025\/12\/PASSIONE-LOGO-APPROVATO.png","width":348,"height":125,"caption":"Passione 500"},"image":{"@id":"https:\/\/staging.passione500.it\/de\/#\/schema\/logo\/image\/"}}]}},"_links":{"self":[{"href":"https:\/\/staging.passione500.it\/de\/wp-json\/wp\/v2\/product\/27291","targetHints":{"allow":["GET"]}}],"collection":[{"href":"https:\/\/staging.passione500.it\/de\/wp-json\/wp\/v2\/product"}],"about":[{"href":"https:\/\/staging.passione500.it\/de\/wp-json\/wp\/v2\/types\/product"}],"wp:featuredmedia":[{"embeddable":true,"href":"https:\/\/staging.passione500.it\/de\/wp-json\/wp\/v2\/media\/27298"}],"wp:attachment":[{"href":"https:\/\/staging.passione500.it\/de\/wp-json\/wp\/v2\/media?parent=27291"}],"wp:term":[{"taxonomy":"product_brand","embeddable":true,"href":"https:\/\/staging.passione500.it\/de\/wp-json\/wp\/v2\/product_brand?post=27291"},{"taxonomy":"product_cat","embeddable":true,"href":"https:\/\/staging.passione500.it\/de\/wp-json\/wp\/v2\/product_cat?post=27291"},{"taxonomy":"product_tag","embeddable":true,"href":"https:\/\/staging.passione500.it\/de\/wp-json\/wp\/v2\/product_tag?post=27291"}],"curies":[{"name":"wp","href":"https:\/\/api.w.org\/{rel}","templated":true}]}}