{"id":24393,"date":"2024-10-14T15:32:01","date_gmt":"2024-10-14T13:32:03","guid":{"rendered":"https:\/\/staging.passione500.it\/?post_type=product&#038;p=24393"},"modified":"2024-10-14T15:52:08","modified_gmt":"2024-10-14T13:52:08","slug":"luefterrad-blech-verstaerkt-und-ausgeglichen-fiat-500-n-d-f-l-r","status":"publish","type":"product","link":"https:\/\/staging.passione500.it\/de\/fiat-500-de\/fiat-500-tt-de\/motorteile-tt-de\/luftsystem-und-olversorgung-tt-de\/luefterrad-blech-verstaerkt-und-ausgeglichen-fiat-500-n-d-f-l-r\/","title":{"rendered":"L\u00fcfterrad Blech Verst\u00e4rkt und Ausgeglichen Fiat 500 N &#8211; D &#8211; F &#8211; L &#8211; R"},"content":{"rendered":"<h4>F\u00fcr ein komplettes Auto muss 1 St\u00fcck gekauft werden<\/h4>\n<h4>Der L\u00fcfterrad Blech ist durch Mikroschwei\u00dfen jedes einzelnen Befestigungspunkts zwischen den Fl\u00fcgeln und dem Innen- und Au\u00dfenk\u00f6rper des L\u00fcfterrad Blech verst\u00e4rkt, um einen Bruch des L\u00fcfterrad Blech auch bei h\u00f6heren Drehzahlen als der Norm zu vermeiden.<\/h4>\n<h4>Anschlie\u00dfend wird es ausgewuchtet, um etwaige zentrifugale Ungleichgewichte der Masse w\u00e4hrend der Rotation zu beseitigen.<\/h4>\n<h4>\u2013 Kompatibles Ersatzteil, das jedoch nicht in der Originalkonfiguration des Fahrzeugs verwendet wird (Zubeh\u00f6r)<\/h4>\n","protected":false},"excerpt":{"rendered":"<p>Prodotto in offerta fino a maggio.<\/p>\n","protected":false},"featured_media":24400,"template":"","meta":{"_et_pb_use_builder":"","_et_pb_old_content":"","_et_gb_content_width":""},"product_brand":[],"product_cat":[777,2472,2093,2094,2095,2096,912,2580,2163,2164,2165,2166],"product_tag":[],"class_list":{"0":"post-24393","1":"product","2":"type-product","3":"status-publish","4":"has-post-thumbnail","6":"product_cat-luftsystem-und-oelversorgung-n-de","7":"product_cat-luftsystem-und-olversorgung-tt-de","8":"product_cat-luftsystem-und-oelversorgung-d-de","9":"product_cat-luftsystem-und-oelversorgung-f-de","10":"product_cat-luftsystem-und-oelversorgung-l-de","11":"product_cat-luftsystem-und-oelversorgung-r-de","12":"product_cat-sport-ersatzteile-n-de","13":"product_cat-sport-ersatzteile-tt-de","14":"product_cat-sport-ersatzteile-d-de","15":"product_cat-sport-ersatzteile-f-de","16":"product_cat-sport-ersatzteile-l-de","17":"product_cat-sport-ersatzteile-r-de","18":"product_shipping_class-versand-1","20":"first","21":"instock","22":"taxable","23":"shipping-taxable","24":"purchasable","25":"product-type-simple"},"yoast_head":"<!-- This site is optimized with the Yoast SEO plugin v27.3 - https:\/\/yoast.com\/product\/yoast-seo-wordpress\/ -->\n<title>L\u00fcfterrad Blech Fiat 500 | Passione 500<\/title>\n<meta name=\"description\" content=\"Finden Sie die L\u00fcfterrad Blech f\u00fcr Fiat 500 auf unserer Website. \u00dcber 3.000 Ersatzteile auf Lager.PROFITIEREN SIE VON UNSEREN ANGEBOTEN ! %\" \/>\n<meta name=\"robots\" content=\"noindex, follow, max-snippet:-1, max-image-preview:large, max-video-preview:-1\" \/>\n<meta property=\"og:locale\" content=\"de_DE\" \/>\n<meta property=\"og:type\" content=\"article\" \/>\n<meta property=\"og:title\" content=\"L\u00fcfterrad Blech Fiat 500 | Passione 500\" \/>\n<meta property=\"og:description\" content=\"Finden Sie die L\u00fcfterrad Blech f\u00fcr Fiat 500 auf unserer Website. \u00dcber 3.000 Ersatzteile auf Lager.PROFITIEREN SIE VON UNSEREN ANGEBOTEN ! %\" \/>\n<meta property=\"og:url\" content=\"https:\/\/staging.passione500.it\/de\/fiat-500-de\/fiat-500-tt-de\/motorteile-tt-de\/luftsystem-und-olversorgung-tt-de\/luefterrad-blech-verstaerkt-und-ausgeglichen-fiat-500-n-d-f-l-r\/\" \/>\n<meta property=\"og:site_name\" content=\"Passione 500\" \/>\n<meta property=\"article:modified_time\" content=\"2024-10-14T13:52:08+00:00\" \/>\n<meta property=\"og:image\" content=\"https:\/\/passione500.it\/wp-content\/uploads\/2024\/10\/ventola-rinf.jpg\" \/>\n\t<meta property=\"og:image:width\" content=\"2048\" \/>\n\t<meta property=\"og:image:height\" content=\"1536\" \/>\n\t<meta property=\"og:image:type\" content=\"image\/jpeg\" \/>\n<meta name=\"twitter:card\" content=\"summary_large_image\" \/>\n<meta name=\"twitter:label1\" content=\"Gesch\u00e4tzte Lesezeit\" \/>\n\t<meta name=\"twitter:data1\" content=\"1\u00a0Minute\" \/>\n<script type=\"application\/ld+json\" class=\"yoast-schema-graph\">{\"@context\":\"https:\\\/\\\/schema.org\",\"@graph\":[{\"@type\":\"WebPage\",\"@id\":\"https:\\\/\\\/staging.passione500.it\\\/de\\\/fiat-500-de\\\/fiat-500-tt-de\\\/motorteile-tt-de\\\/luftsystem-und-olversorgung-tt-de\\\/luefterrad-blech-verstaerkt-und-ausgeglichen-fiat-500-n-d-f-l-r\\\/\",\"url\":\"https:\\\/\\\/staging.passione500.it\\\/de\\\/fiat-500-de\\\/fiat-500-tt-de\\\/motorteile-tt-de\\\/luftsystem-und-olversorgung-tt-de\\\/luefterrad-blech-verstaerkt-und-ausgeglichen-fiat-500-n-d-f-l-r\\\/\",\"name\":\"L\u00fcfterrad Blech Fiat 500 | Passione 500\",\"isPartOf\":{\"@id\":\"https:\\\/\\\/staging.passione500.it\\\/de\\\/#website\"},\"primaryImageOfPage\":{\"@id\":\"https:\\\/\\\/staging.passione500.it\\\/de\\\/fiat-500-de\\\/fiat-500-tt-de\\\/motorteile-tt-de\\\/luftsystem-und-olversorgung-tt-de\\\/luefterrad-blech-verstaerkt-und-ausgeglichen-fiat-500-n-d-f-l-r\\\/#primaryimage\"},\"image\":{\"@id\":\"https:\\\/\\\/staging.passione500.it\\\/de\\\/fiat-500-de\\\/fiat-500-tt-de\\\/motorteile-tt-de\\\/luftsystem-und-olversorgung-tt-de\\\/luefterrad-blech-verstaerkt-und-ausgeglichen-fiat-500-n-d-f-l-r\\\/#primaryimage\"},\"thumbnailUrl\":\"https:\\\/\\\/staging.passione500.it\\\/wp-content\\\/uploads\\\/2024\\\/10\\\/ventola-rinf.jpg\",\"datePublished\":\"2024-10-14T13:32:03+00:00\",\"dateModified\":\"2024-10-14T13:52:08+00:00\",\"description\":\"Finden Sie die L\u00fcfterrad Blech f\u00fcr Fiat 500 auf unserer Website. \u00dcber 3.000 Ersatzteile auf Lager.PROFITIEREN SIE VON UNSEREN ANGEBOTEN ! %\",\"breadcrumb\":{\"@id\":\"https:\\\/\\\/staging.passione500.it\\\/de\\\/fiat-500-de\\\/fiat-500-tt-de\\\/motorteile-tt-de\\\/luftsystem-und-olversorgung-tt-de\\\/luefterrad-blech-verstaerkt-und-ausgeglichen-fiat-500-n-d-f-l-r\\\/#breadcrumb\"},\"inLanguage\":\"de\",\"potentialAction\":[{\"@type\":\"ReadAction\",\"target\":[\"https:\\\/\\\/staging.passione500.it\\\/de\\\/fiat-500-de\\\/fiat-500-tt-de\\\/motorteile-tt-de\\\/luftsystem-und-olversorgung-tt-de\\\/luefterrad-blech-verstaerkt-und-ausgeglichen-fiat-500-n-d-f-l-r\\\/\"]}]},{\"@type\":\"ImageObject\",\"inLanguage\":\"de\",\"@id\":\"https:\\\/\\\/staging.passione500.it\\\/de\\\/fiat-500-de\\\/fiat-500-tt-de\\\/motorteile-tt-de\\\/luftsystem-und-olversorgung-tt-de\\\/luefterrad-blech-verstaerkt-und-ausgeglichen-fiat-500-n-d-f-l-r\\\/#primaryimage\",\"url\":\"https:\\\/\\\/staging.passione500.it\\\/wp-content\\\/uploads\\\/2024\\\/10\\\/ventola-rinf.jpg\",\"contentUrl\":\"https:\\\/\\\/staging.passione500.it\\\/wp-content\\\/uploads\\\/2024\\\/10\\\/ventola-rinf.jpg\",\"width\":2048,\"height\":1536,\"caption\":\"ventola aria rinforzata raffreddamento motore Fiat 500 F L R\"},{\"@type\":\"BreadcrumbList\",\"@id\":\"https:\\\/\\\/staging.passione500.it\\\/de\\\/fiat-500-de\\\/fiat-500-tt-de\\\/motorteile-tt-de\\\/luftsystem-und-olversorgung-tt-de\\\/luefterrad-blech-verstaerkt-und-ausgeglichen-fiat-500-n-d-f-l-r\\\/#breadcrumb\",\"itemListElement\":[{\"@type\":\"ListItem\",\"position\":1,\"name\":\"Home\",\"item\":\"https:\\\/\\\/passione500.it\\\/de\\\/\"},{\"@type\":\"ListItem\",\"position\":2,\"name\":\"Fiat 500\",\"item\":\"https:\\\/\\\/staging.passione500.it\\\/de\\\/fiat-500-de\\\/\"},{\"@type\":\"ListItem\",\"position\":3,\"name\":\"Fiat 500 Alle Modelle\",\"item\":\"https:\\\/\\\/staging.passione500.it\\\/de\\\/fiat-500-de\\\/fiat-500-tt-de\\\/\"},{\"@type\":\"ListItem\",\"position\":4,\"name\":\"Motorteile\",\"item\":\"https:\\\/\\\/staging.passione500.it\\\/de\\\/fiat-500-de\\\/fiat-500-tt-de\\\/motorteile-tt-de\\\/\"},{\"@type\":\"ListItem\",\"position\":5,\"name\":\"Luftsystem und \u00d6lversorgung\",\"item\":\"https:\\\/\\\/staging.passione500.it\\\/de\\\/fiat-500-de\\\/fiat-500-tt-de\\\/motorteile-tt-de\\\/luftsystem-und-olversorgung-tt-de\\\/\"},{\"@type\":\"ListItem\",\"position\":6,\"name\":\"L\u00fcfterrad Blech Verst\u00e4rkt und Ausgeglichen Fiat 500 N &#8211; D &#8211; F &#8211; L &#8211; R\"}]},{\"@type\":\"WebSite\",\"@id\":\"https:\\\/\\\/staging.passione500.it\\\/de\\\/#website\",\"url\":\"https:\\\/\\\/staging.passione500.it\\\/de\\\/\",\"name\":\"Passione 500\",\"description\":\"Ricambi Fiat 500 d&#039;Epoca\",\"publisher\":{\"@id\":\"https:\\\/\\\/staging.passione500.it\\\/de\\\/#organization\"},\"potentialAction\":[{\"@type\":\"SearchAction\",\"target\":{\"@type\":\"EntryPoint\",\"urlTemplate\":\"https:\\\/\\\/staging.passione500.it\\\/de\\\/?s={search_term_string}\"},\"query-input\":{\"@type\":\"PropertyValueSpecification\",\"valueRequired\":true,\"valueName\":\"search_term_string\"}}],\"inLanguage\":\"de\"},{\"@type\":\"Organization\",\"@id\":\"https:\\\/\\\/staging.passione500.it\\\/de\\\/#organization\",\"name\":\"Passione 500\",\"url\":\"https:\\\/\\\/staging.passione500.it\\\/de\\\/\",\"logo\":{\"@type\":\"ImageObject\",\"inLanguage\":\"de\",\"@id\":\"https:\\\/\\\/staging.passione500.it\\\/de\\\/#\\\/schema\\\/logo\\\/image\\\/\",\"url\":\"https:\\\/\\\/staging.passione500.it\\\/wp-content\\\/uploads\\\/2025\\\/12\\\/PASSIONE-LOGO-APPROVATO.png\",\"contentUrl\":\"https:\\\/\\\/staging.passione500.it\\\/wp-content\\\/uploads\\\/2025\\\/12\\\/PASSIONE-LOGO-APPROVATO.png\",\"width\":348,\"height\":125,\"caption\":\"Passione 500\"},\"image\":{\"@id\":\"https:\\\/\\\/staging.passione500.it\\\/de\\\/#\\\/schema\\\/logo\\\/image\\\/\"}}]}<\/script>\n<!-- \/ Yoast SEO plugin. -->","yoast_head_json":{"title":"L\u00fcfterrad Blech Fiat 500 | Passione 500","description":"Finden Sie die L\u00fcfterrad Blech f\u00fcr Fiat 500 auf unserer Website. \u00dcber 3.000 Ersatzteile auf Lager.PROFITIEREN SIE VON UNSEREN ANGEBOTEN ! %","robots":{"index":"noindex","follow":"follow","max-snippet":"max-snippet:-1","max-image-preview":"max-image-preview:large","max-video-preview":"max-video-preview:-1"},"og_locale":"de_DE","og_type":"article","og_title":"L\u00fcfterrad Blech Fiat 500 | Passione 500","og_description":"Finden Sie die L\u00fcfterrad Blech f\u00fcr Fiat 500 auf unserer Website. \u00dcber 3.000 Ersatzteile auf Lager.PROFITIEREN SIE VON UNSEREN ANGEBOTEN ! %","og_url":"https:\/\/staging.passione500.it\/de\/fiat-500-de\/fiat-500-tt-de\/motorteile-tt-de\/luftsystem-und-olversorgung-tt-de\/luefterrad-blech-verstaerkt-und-ausgeglichen-fiat-500-n-d-f-l-r\/","og_site_name":"Passione 500","article_modified_time":"2024-10-14T13:52:08+00:00","og_image":[{"width":2048,"height":1536,"url":"https:\/\/passione500.it\/wp-content\/uploads\/2024\/10\/ventola-rinf.jpg","type":"image\/jpeg"}],"twitter_card":"summary_large_image","twitter_misc":{"Gesch\u00e4tzte Lesezeit":"1\u00a0Minute"},"schema":{"@context":"https:\/\/schema.org","@graph":[{"@type":"WebPage","@id":"https:\/\/staging.passione500.it\/de\/fiat-500-de\/fiat-500-tt-de\/motorteile-tt-de\/luftsystem-und-olversorgung-tt-de\/luefterrad-blech-verstaerkt-und-ausgeglichen-fiat-500-n-d-f-l-r\/","url":"https:\/\/staging.passione500.it\/de\/fiat-500-de\/fiat-500-tt-de\/motorteile-tt-de\/luftsystem-und-olversorgung-tt-de\/luefterrad-blech-verstaerkt-und-ausgeglichen-fiat-500-n-d-f-l-r\/","name":"L\u00fcfterrad Blech Fiat 500 | Passione 500","isPartOf":{"@id":"https:\/\/staging.passione500.it\/de\/#website"},"primaryImageOfPage":{"@id":"https:\/\/staging.passione500.it\/de\/fiat-500-de\/fiat-500-tt-de\/motorteile-tt-de\/luftsystem-und-olversorgung-tt-de\/luefterrad-blech-verstaerkt-und-ausgeglichen-fiat-500-n-d-f-l-r\/#primaryimage"},"image":{"@id":"https:\/\/staging.passione500.it\/de\/fiat-500-de\/fiat-500-tt-de\/motorteile-tt-de\/luftsystem-und-olversorgung-tt-de\/luefterrad-blech-verstaerkt-und-ausgeglichen-fiat-500-n-d-f-l-r\/#primaryimage"},"thumbnailUrl":"https:\/\/staging.passione500.it\/wp-content\/uploads\/2024\/10\/ventola-rinf.jpg","datePublished":"2024-10-14T13:32:03+00:00","dateModified":"2024-10-14T13:52:08+00:00","description":"Finden Sie die L\u00fcfterrad Blech f\u00fcr Fiat 500 auf unserer Website. \u00dcber 3.000 Ersatzteile auf Lager.PROFITIEREN SIE VON UNSEREN ANGEBOTEN ! %","breadcrumb":{"@id":"https:\/\/staging.passione500.it\/de\/fiat-500-de\/fiat-500-tt-de\/motorteile-tt-de\/luftsystem-und-olversorgung-tt-de\/luefterrad-blech-verstaerkt-und-ausgeglichen-fiat-500-n-d-f-l-r\/#breadcrumb"},"inLanguage":"de","potentialAction":[{"@type":"ReadAction","target":["https:\/\/staging.passione500.it\/de\/fiat-500-de\/fiat-500-tt-de\/motorteile-tt-de\/luftsystem-und-olversorgung-tt-de\/luefterrad-blech-verstaerkt-und-ausgeglichen-fiat-500-n-d-f-l-r\/"]}]},{"@type":"ImageObject","inLanguage":"de","@id":"https:\/\/staging.passione500.it\/de\/fiat-500-de\/fiat-500-tt-de\/motorteile-tt-de\/luftsystem-und-olversorgung-tt-de\/luefterrad-blech-verstaerkt-und-ausgeglichen-fiat-500-n-d-f-l-r\/#primaryimage","url":"https:\/\/staging.passione500.it\/wp-content\/uploads\/2024\/10\/ventola-rinf.jpg","contentUrl":"https:\/\/staging.passione500.it\/wp-content\/uploads\/2024\/10\/ventola-rinf.jpg","width":2048,"height":1536,"caption":"ventola aria rinforzata raffreddamento motore Fiat 500 F L R"},{"@type":"BreadcrumbList","@id":"https:\/\/staging.passione500.it\/de\/fiat-500-de\/fiat-500-tt-de\/motorteile-tt-de\/luftsystem-und-olversorgung-tt-de\/luefterrad-blech-verstaerkt-und-ausgeglichen-fiat-500-n-d-f-l-r\/#breadcrumb","itemListElement":[{"@type":"ListItem","position":1,"name":"Home","item":"https:\/\/passione500.it\/de\/"},{"@type":"ListItem","position":2,"name":"Fiat 500","item":"https:\/\/staging.passione500.it\/de\/fiat-500-de\/"},{"@type":"ListItem","position":3,"name":"Fiat 500 Alle Modelle","item":"https:\/\/staging.passione500.it\/de\/fiat-500-de\/fiat-500-tt-de\/"},{"@type":"ListItem","position":4,"name":"Motorteile","item":"https:\/\/staging.passione500.it\/de\/fiat-500-de\/fiat-500-tt-de\/motorteile-tt-de\/"},{"@type":"ListItem","position":5,"name":"Luftsystem und \u00d6lversorgung","item":"https:\/\/staging.passione500.it\/de\/fiat-500-de\/fiat-500-tt-de\/motorteile-tt-de\/luftsystem-und-olversorgung-tt-de\/"},{"@type":"ListItem","position":6,"name":"L\u00fcfterrad Blech Verst\u00e4rkt und Ausgeglichen Fiat 500 N &#8211; D &#8211; F &#8211; L &#8211; R"}]},{"@type":"WebSite","@id":"https:\/\/staging.passione500.it\/de\/#website","url":"https:\/\/staging.passione500.it\/de\/","name":"Passione 500","description":"Ricambi Fiat 500 d&#039;Epoca","publisher":{"@id":"https:\/\/staging.passione500.it\/de\/#organization"},"potentialAction":[{"@type":"SearchAction","target":{"@type":"EntryPoint","urlTemplate":"https:\/\/staging.passione500.it\/de\/?s={search_term_string}"},"query-input":{"@type":"PropertyValueSpecification","valueRequired":true,"valueName":"search_term_string"}}],"inLanguage":"de"},{"@type":"Organization","@id":"https:\/\/staging.passione500.it\/de\/#organization","name":"Passione 500","url":"https:\/\/staging.passione500.it\/de\/","logo":{"@type":"ImageObject","inLanguage":"de","@id":"https:\/\/staging.passione500.it\/de\/#\/schema\/logo\/image\/","url":"https:\/\/staging.passione500.it\/wp-content\/uploads\/2025\/12\/PASSIONE-LOGO-APPROVATO.png","contentUrl":"https:\/\/staging.passione500.it\/wp-content\/uploads\/2025\/12\/PASSIONE-LOGO-APPROVATO.png","width":348,"height":125,"caption":"Passione 500"},"image":{"@id":"https:\/\/staging.passione500.it\/de\/#\/schema\/logo\/image\/"}}]}},"_links":{"self":[{"href":"https:\/\/staging.passione500.it\/de\/wp-json\/wp\/v2\/product\/24393","targetHints":{"allow":["GET"]}}],"collection":[{"href":"https:\/\/staging.passione500.it\/de\/wp-json\/wp\/v2\/product"}],"about":[{"href":"https:\/\/staging.passione500.it\/de\/wp-json\/wp\/v2\/types\/product"}],"wp:featuredmedia":[{"embeddable":true,"href":"https:\/\/staging.passione500.it\/de\/wp-json\/wp\/v2\/media\/24400"}],"wp:attachment":[{"href":"https:\/\/staging.passione500.it\/de\/wp-json\/wp\/v2\/media?parent=24393"}],"wp:term":[{"taxonomy":"product_brand","embeddable":true,"href":"https:\/\/staging.passione500.it\/de\/wp-json\/wp\/v2\/product_brand?post=24393"},{"taxonomy":"product_cat","embeddable":true,"href":"https:\/\/staging.passione500.it\/de\/wp-json\/wp\/v2\/product_cat?post=24393"},{"taxonomy":"product_tag","embeddable":true,"href":"https:\/\/staging.passione500.it\/de\/wp-json\/wp\/v2\/product_tag?post=24393"}],"curies":[{"name":"wp","href":"https:\/\/api.w.org\/{rel}","templated":true}]}}