{"id":21489,"date":"2024-08-09T11:00:03","date_gmt":"2024-08-09T09:00:03","guid":{"rendered":"https:\/\/staging.passione500.it\/?post_type=product&#038;p=21489"},"modified":"2026-02-02T16:37:46","modified_gmt":"2026-02-02T15:37:46","slug":"vergasersockel-distanzstueck-weber-26oc-fiat-und-autobianchi-500-giardiniera-bis-zu-motor-n-496605","status":"publish","type":"product","link":"https:\/\/staging.passione500.it\/de\/fiat-500-de\/fiat-autobianchi-500-giardiniera-de\/motorteile-giard-de\/benzinanlage-und-vergaser-giard-de\/vergasersockel-distanzstueck-weber-26oc-fiat-und-autobianchi-500-giardiniera-bis-zu-motor-n-496605\/","title":{"rendered":"Vergasersockel \/ Distanzst\u00fcck Weber 26OC Fiat und Autobianchi 500 Giardiniera (bis zu motor n.\u00b0 496605)"},"content":{"rendered":"<h4>F\u00fcr ein komplettes Auto muss 1 St\u00fcck gekauft werden<\/h4>\n<h4>\u00dcberpr\u00fcfen Sie die \u201cmotor n.\u00b0\u201d auf dem kurbelgehause Ihres Autos<\/h4>\n<p><img decoding=\"async\" class=\"alignnone size-full wp-image-15713\" src=\"https:\/\/staging.passione500.it\/wp-content\/uploads\/2024\/02\/nr_motore-2-300x225-1.jpg\" alt=\"\" width=\"300\" height=\"225\" srcset=\"https:\/\/staging.passione500.it\/wp-content\/uploads\/2024\/02\/nr_motore-2-300x225-1.jpg 300w, https:\/\/staging.passione500.it\/wp-content\/uploads\/2024\/02\/nr_motore-2-300x225-1-64x48.jpg 64w\" sizes=\"(max-width: 300px) 100vw, 300px\" \/><\/p>\n","protected":false},"excerpt":{"rendered":"<p>Prodotto in offerta fino a maggio.<\/p>\n","protected":false},"featured_media":21495,"template":"","meta":{"_et_pb_use_builder":"","_et_pb_old_content":"","_et_gb_content_width":""},"product_brand":[],"product_cat":[2092,2472],"product_tag":[],"class_list":{"0":"post-21489","1":"product","2":"type-product","3":"status-publish","4":"has-post-thumbnail","6":"product_cat-benzinanlage-und-vergaser-giard-de","7":"product_cat-luftsystem-und-olversorgung-tt-de","8":"product_shipping_class-versand-1","10":"first","11":"instock","12":"taxable","13":"shipping-taxable","14":"purchasable","15":"product-type-simple"},"yoast_head":"<!-- This site is optimized with the Yoast SEO plugin v27.3 - https:\/\/yoast.com\/product\/yoast-seo-wordpress\/ -->\n<title>Vergasersockel Distanzst\u00fcck Fiat 500 | Passione 500<\/title>\n<meta name=\"description\" content=\"Finden Sie die Vergasersockel Distanzst\u00fcck f\u00fcr Fiat 500 auf unserer Website. \u00dcber 3.000 Ersatzteile auf Lager.PROFITIEREN SIE VON UNSEREN ANGEBOTEN ! %\" \/>\n<meta name=\"robots\" content=\"noindex, follow, max-snippet:-1, max-image-preview:large, max-video-preview:-1\" \/>\n<meta property=\"og:locale\" content=\"de_DE\" \/>\n<meta property=\"og:type\" content=\"article\" \/>\n<meta property=\"og:title\" content=\"Vergasersockel Distanzst\u00fcck Fiat 500 | Passione 500\" \/>\n<meta property=\"og:description\" content=\"Finden Sie die Vergasersockel Distanzst\u00fcck f\u00fcr Fiat 500 auf unserer Website. \u00dcber 3.000 Ersatzteile auf Lager.PROFITIEREN SIE VON UNSEREN ANGEBOTEN ! %\" \/>\n<meta property=\"og:url\" content=\"https:\/\/staging.passione500.it\/de\/fiat-500-de\/fiat-autobianchi-500-giardiniera-de\/motorteile-giard-de\/benzinanlage-und-vergaser-giard-de\/vergasersockel-distanzstueck-weber-26oc-fiat-und-autobianchi-500-giardiniera-bis-zu-motor-n-496605\/\" \/>\n<meta property=\"og:site_name\" content=\"Passione 500\" \/>\n<meta property=\"article:modified_time\" content=\"2026-02-02T15:37:46+00:00\" \/>\n<meta property=\"og:image\" content=\"https:\/\/passione500.it\/wp-content\/uploads\/2024\/08\/distanziale-basetta-carburatore.jpg\" \/>\n\t<meta property=\"og:image:width\" content=\"2048\" \/>\n\t<meta property=\"og:image:height\" content=\"1536\" \/>\n\t<meta property=\"og:image:type\" content=\"image\/jpeg\" \/>\n<meta name=\"twitter:card\" content=\"summary_large_image\" \/>\n<meta name=\"twitter:label1\" content=\"Gesch\u00e4tzte Lesezeit\" \/>\n\t<meta name=\"twitter:data1\" content=\"1\u00a0Minute\" \/>\n<script type=\"application\/ld+json\" class=\"yoast-schema-graph\">{\"@context\":\"https:\\\/\\\/schema.org\",\"@graph\":[{\"@type\":\"WebPage\",\"@id\":\"https:\\\/\\\/staging.passione500.it\\\/de\\\/fiat-500-de\\\/fiat-autobianchi-500-giardiniera-de\\\/motorteile-giard-de\\\/benzinanlage-und-vergaser-giard-de\\\/vergasersockel-distanzstueck-weber-26oc-fiat-und-autobianchi-500-giardiniera-bis-zu-motor-n-496605\\\/\",\"url\":\"https:\\\/\\\/staging.passione500.it\\\/de\\\/fiat-500-de\\\/fiat-autobianchi-500-giardiniera-de\\\/motorteile-giard-de\\\/benzinanlage-und-vergaser-giard-de\\\/vergasersockel-distanzstueck-weber-26oc-fiat-und-autobianchi-500-giardiniera-bis-zu-motor-n-496605\\\/\",\"name\":\"Vergasersockel Distanzst\u00fcck Fiat 500 | Passione 500\",\"isPartOf\":{\"@id\":\"https:\\\/\\\/staging.passione500.it\\\/de\\\/#website\"},\"primaryImageOfPage\":{\"@id\":\"https:\\\/\\\/staging.passione500.it\\\/de\\\/fiat-500-de\\\/fiat-autobianchi-500-giardiniera-de\\\/motorteile-giard-de\\\/benzinanlage-und-vergaser-giard-de\\\/vergasersockel-distanzstueck-weber-26oc-fiat-und-autobianchi-500-giardiniera-bis-zu-motor-n-496605\\\/#primaryimage\"},\"image\":{\"@id\":\"https:\\\/\\\/staging.passione500.it\\\/de\\\/fiat-500-de\\\/fiat-autobianchi-500-giardiniera-de\\\/motorteile-giard-de\\\/benzinanlage-und-vergaser-giard-de\\\/vergasersockel-distanzstueck-weber-26oc-fiat-und-autobianchi-500-giardiniera-bis-zu-motor-n-496605\\\/#primaryimage\"},\"thumbnailUrl\":\"https:\\\/\\\/staging.passione500.it\\\/wp-content\\\/uploads\\\/2024\\\/08\\\/distanziale-basetta-carburatore.jpg\",\"datePublished\":\"2024-08-09T09:00:03+00:00\",\"dateModified\":\"2026-02-02T15:37:46+00:00\",\"description\":\"Finden Sie die Vergasersockel Distanzst\u00fcck f\u00fcr Fiat 500 auf unserer Website. \u00dcber 3.000 Ersatzteile auf Lager.PROFITIEREN SIE VON UNSEREN ANGEBOTEN ! %\",\"breadcrumb\":{\"@id\":\"https:\\\/\\\/staging.passione500.it\\\/de\\\/fiat-500-de\\\/fiat-autobianchi-500-giardiniera-de\\\/motorteile-giard-de\\\/benzinanlage-und-vergaser-giard-de\\\/vergasersockel-distanzstueck-weber-26oc-fiat-und-autobianchi-500-giardiniera-bis-zu-motor-n-496605\\\/#breadcrumb\"},\"inLanguage\":\"de\",\"potentialAction\":[{\"@type\":\"ReadAction\",\"target\":[\"https:\\\/\\\/staging.passione500.it\\\/de\\\/fiat-500-de\\\/fiat-autobianchi-500-giardiniera-de\\\/motorteile-giard-de\\\/benzinanlage-und-vergaser-giard-de\\\/vergasersockel-distanzstueck-weber-26oc-fiat-und-autobianchi-500-giardiniera-bis-zu-motor-n-496605\\\/\"]}]},{\"@type\":\"ImageObject\",\"inLanguage\":\"de\",\"@id\":\"https:\\\/\\\/staging.passione500.it\\\/de\\\/fiat-500-de\\\/fiat-autobianchi-500-giardiniera-de\\\/motorteile-giard-de\\\/benzinanlage-und-vergaser-giard-de\\\/vergasersockel-distanzstueck-weber-26oc-fiat-und-autobianchi-500-giardiniera-bis-zu-motor-n-496605\\\/#primaryimage\",\"url\":\"https:\\\/\\\/staging.passione500.it\\\/wp-content\\\/uploads\\\/2024\\\/08\\\/distanziale-basetta-carburatore.jpg\",\"contentUrl\":\"https:\\\/\\\/staging.passione500.it\\\/wp-content\\\/uploads\\\/2024\\\/08\\\/distanziale-basetta-carburatore.jpg\",\"width\":2048,\"height\":1536,\"caption\":\"distanziale carburatore Weber 26OC Fiat 500 Giardiniera\"},{\"@type\":\"BreadcrumbList\",\"@id\":\"https:\\\/\\\/staging.passione500.it\\\/de\\\/fiat-500-de\\\/fiat-autobianchi-500-giardiniera-de\\\/motorteile-giard-de\\\/benzinanlage-und-vergaser-giard-de\\\/vergasersockel-distanzstueck-weber-26oc-fiat-und-autobianchi-500-giardiniera-bis-zu-motor-n-496605\\\/#breadcrumb\",\"itemListElement\":[{\"@type\":\"ListItem\",\"position\":1,\"name\":\"Home\",\"item\":\"https:\\\/\\\/passione500.it\\\/de\\\/\"},{\"@type\":\"ListItem\",\"position\":2,\"name\":\"Fiat 500\",\"item\":\"https:\\\/\\\/staging.passione500.it\\\/de\\\/fiat-500-de\\\/\"},{\"@type\":\"ListItem\",\"position\":3,\"name\":\"Fiat und Autobianchi 500 Giardiniera\",\"item\":\"https:\\\/\\\/staging.passione500.it\\\/de\\\/fiat-500-de\\\/fiat-autobianchi-500-giardiniera-de\\\/\"},{\"@type\":\"ListItem\",\"position\":4,\"name\":\"Motorteile\",\"item\":\"https:\\\/\\\/staging.passione500.it\\\/de\\\/fiat-500-de\\\/fiat-autobianchi-500-giardiniera-de\\\/motorteile-giard-de\\\/\"},{\"@type\":\"ListItem\",\"position\":5,\"name\":\"Benzinanlage und Vergaser\",\"item\":\"https:\\\/\\\/staging.passione500.it\\\/de\\\/fiat-500-de\\\/fiat-autobianchi-500-giardiniera-de\\\/motorteile-giard-de\\\/benzinanlage-und-vergaser-giard-de\\\/\"},{\"@type\":\"ListItem\",\"position\":6,\"name\":\"Vergasersockel \\\/ Distanzst\u00fcck Weber 26OC Fiat und Autobianchi 500 Giardiniera (bis zu motor n.\u00b0 496605)\"}]},{\"@type\":\"WebSite\",\"@id\":\"https:\\\/\\\/staging.passione500.it\\\/de\\\/#website\",\"url\":\"https:\\\/\\\/staging.passione500.it\\\/de\\\/\",\"name\":\"Passione 500\",\"description\":\"Ricambi Fiat 500 d&#039;Epoca\",\"publisher\":{\"@id\":\"https:\\\/\\\/staging.passione500.it\\\/de\\\/#organization\"},\"potentialAction\":[{\"@type\":\"SearchAction\",\"target\":{\"@type\":\"EntryPoint\",\"urlTemplate\":\"https:\\\/\\\/staging.passione500.it\\\/de\\\/?s={search_term_string}\"},\"query-input\":{\"@type\":\"PropertyValueSpecification\",\"valueRequired\":true,\"valueName\":\"search_term_string\"}}],\"inLanguage\":\"de\"},{\"@type\":\"Organization\",\"@id\":\"https:\\\/\\\/staging.passione500.it\\\/de\\\/#organization\",\"name\":\"Passione 500\",\"url\":\"https:\\\/\\\/staging.passione500.it\\\/de\\\/\",\"logo\":{\"@type\":\"ImageObject\",\"inLanguage\":\"de\",\"@id\":\"https:\\\/\\\/staging.passione500.it\\\/de\\\/#\\\/schema\\\/logo\\\/image\\\/\",\"url\":\"https:\\\/\\\/staging.passione500.it\\\/wp-content\\\/uploads\\\/2025\\\/12\\\/PASSIONE-LOGO-APPROVATO.png\",\"contentUrl\":\"https:\\\/\\\/staging.passione500.it\\\/wp-content\\\/uploads\\\/2025\\\/12\\\/PASSIONE-LOGO-APPROVATO.png\",\"width\":348,\"height\":125,\"caption\":\"Passione 500\"},\"image\":{\"@id\":\"https:\\\/\\\/staging.passione500.it\\\/de\\\/#\\\/schema\\\/logo\\\/image\\\/\"}}]}<\/script>\n<!-- \/ Yoast SEO plugin. -->","yoast_head_json":{"title":"Vergasersockel Distanzst\u00fcck Fiat 500 | Passione 500","description":"Finden Sie die Vergasersockel Distanzst\u00fcck f\u00fcr Fiat 500 auf unserer Website. \u00dcber 3.000 Ersatzteile auf Lager.PROFITIEREN SIE VON UNSEREN ANGEBOTEN ! %","robots":{"index":"noindex","follow":"follow","max-snippet":"max-snippet:-1","max-image-preview":"max-image-preview:large","max-video-preview":"max-video-preview:-1"},"og_locale":"de_DE","og_type":"article","og_title":"Vergasersockel Distanzst\u00fcck Fiat 500 | Passione 500","og_description":"Finden Sie die Vergasersockel Distanzst\u00fcck f\u00fcr Fiat 500 auf unserer Website. \u00dcber 3.000 Ersatzteile auf Lager.PROFITIEREN SIE VON UNSEREN ANGEBOTEN ! %","og_url":"https:\/\/staging.passione500.it\/de\/fiat-500-de\/fiat-autobianchi-500-giardiniera-de\/motorteile-giard-de\/benzinanlage-und-vergaser-giard-de\/vergasersockel-distanzstueck-weber-26oc-fiat-und-autobianchi-500-giardiniera-bis-zu-motor-n-496605\/","og_site_name":"Passione 500","article_modified_time":"2026-02-02T15:37:46+00:00","og_image":[{"width":2048,"height":1536,"url":"https:\/\/passione500.it\/wp-content\/uploads\/2024\/08\/distanziale-basetta-carburatore.jpg","type":"image\/jpeg"}],"twitter_card":"summary_large_image","twitter_misc":{"Gesch\u00e4tzte Lesezeit":"1\u00a0Minute"},"schema":{"@context":"https:\/\/schema.org","@graph":[{"@type":"WebPage","@id":"https:\/\/staging.passione500.it\/de\/fiat-500-de\/fiat-autobianchi-500-giardiniera-de\/motorteile-giard-de\/benzinanlage-und-vergaser-giard-de\/vergasersockel-distanzstueck-weber-26oc-fiat-und-autobianchi-500-giardiniera-bis-zu-motor-n-496605\/","url":"https:\/\/staging.passione500.it\/de\/fiat-500-de\/fiat-autobianchi-500-giardiniera-de\/motorteile-giard-de\/benzinanlage-und-vergaser-giard-de\/vergasersockel-distanzstueck-weber-26oc-fiat-und-autobianchi-500-giardiniera-bis-zu-motor-n-496605\/","name":"Vergasersockel Distanzst\u00fcck Fiat 500 | Passione 500","isPartOf":{"@id":"https:\/\/staging.passione500.it\/de\/#website"},"primaryImageOfPage":{"@id":"https:\/\/staging.passione500.it\/de\/fiat-500-de\/fiat-autobianchi-500-giardiniera-de\/motorteile-giard-de\/benzinanlage-und-vergaser-giard-de\/vergasersockel-distanzstueck-weber-26oc-fiat-und-autobianchi-500-giardiniera-bis-zu-motor-n-496605\/#primaryimage"},"image":{"@id":"https:\/\/staging.passione500.it\/de\/fiat-500-de\/fiat-autobianchi-500-giardiniera-de\/motorteile-giard-de\/benzinanlage-und-vergaser-giard-de\/vergasersockel-distanzstueck-weber-26oc-fiat-und-autobianchi-500-giardiniera-bis-zu-motor-n-496605\/#primaryimage"},"thumbnailUrl":"https:\/\/staging.passione500.it\/wp-content\/uploads\/2024\/08\/distanziale-basetta-carburatore.jpg","datePublished":"2024-08-09T09:00:03+00:00","dateModified":"2026-02-02T15:37:46+00:00","description":"Finden Sie die Vergasersockel Distanzst\u00fcck f\u00fcr Fiat 500 auf unserer Website. \u00dcber 3.000 Ersatzteile auf Lager.PROFITIEREN SIE VON UNSEREN ANGEBOTEN ! %","breadcrumb":{"@id":"https:\/\/staging.passione500.it\/de\/fiat-500-de\/fiat-autobianchi-500-giardiniera-de\/motorteile-giard-de\/benzinanlage-und-vergaser-giard-de\/vergasersockel-distanzstueck-weber-26oc-fiat-und-autobianchi-500-giardiniera-bis-zu-motor-n-496605\/#breadcrumb"},"inLanguage":"de","potentialAction":[{"@type":"ReadAction","target":["https:\/\/staging.passione500.it\/de\/fiat-500-de\/fiat-autobianchi-500-giardiniera-de\/motorteile-giard-de\/benzinanlage-und-vergaser-giard-de\/vergasersockel-distanzstueck-weber-26oc-fiat-und-autobianchi-500-giardiniera-bis-zu-motor-n-496605\/"]}]},{"@type":"ImageObject","inLanguage":"de","@id":"https:\/\/staging.passione500.it\/de\/fiat-500-de\/fiat-autobianchi-500-giardiniera-de\/motorteile-giard-de\/benzinanlage-und-vergaser-giard-de\/vergasersockel-distanzstueck-weber-26oc-fiat-und-autobianchi-500-giardiniera-bis-zu-motor-n-496605\/#primaryimage","url":"https:\/\/staging.passione500.it\/wp-content\/uploads\/2024\/08\/distanziale-basetta-carburatore.jpg","contentUrl":"https:\/\/staging.passione500.it\/wp-content\/uploads\/2024\/08\/distanziale-basetta-carburatore.jpg","width":2048,"height":1536,"caption":"distanziale carburatore Weber 26OC Fiat 500 Giardiniera"},{"@type":"BreadcrumbList","@id":"https:\/\/staging.passione500.it\/de\/fiat-500-de\/fiat-autobianchi-500-giardiniera-de\/motorteile-giard-de\/benzinanlage-und-vergaser-giard-de\/vergasersockel-distanzstueck-weber-26oc-fiat-und-autobianchi-500-giardiniera-bis-zu-motor-n-496605\/#breadcrumb","itemListElement":[{"@type":"ListItem","position":1,"name":"Home","item":"https:\/\/passione500.it\/de\/"},{"@type":"ListItem","position":2,"name":"Fiat 500","item":"https:\/\/staging.passione500.it\/de\/fiat-500-de\/"},{"@type":"ListItem","position":3,"name":"Fiat und Autobianchi 500 Giardiniera","item":"https:\/\/staging.passione500.it\/de\/fiat-500-de\/fiat-autobianchi-500-giardiniera-de\/"},{"@type":"ListItem","position":4,"name":"Motorteile","item":"https:\/\/staging.passione500.it\/de\/fiat-500-de\/fiat-autobianchi-500-giardiniera-de\/motorteile-giard-de\/"},{"@type":"ListItem","position":5,"name":"Benzinanlage und Vergaser","item":"https:\/\/staging.passione500.it\/de\/fiat-500-de\/fiat-autobianchi-500-giardiniera-de\/motorteile-giard-de\/benzinanlage-und-vergaser-giard-de\/"},{"@type":"ListItem","position":6,"name":"Vergasersockel \/ Distanzst\u00fcck Weber 26OC Fiat und Autobianchi 500 Giardiniera (bis zu motor n.\u00b0 496605)"}]},{"@type":"WebSite","@id":"https:\/\/staging.passione500.it\/de\/#website","url":"https:\/\/staging.passione500.it\/de\/","name":"Passione 500","description":"Ricambi Fiat 500 d&#039;Epoca","publisher":{"@id":"https:\/\/staging.passione500.it\/de\/#organization"},"potentialAction":[{"@type":"SearchAction","target":{"@type":"EntryPoint","urlTemplate":"https:\/\/staging.passione500.it\/de\/?s={search_term_string}"},"query-input":{"@type":"PropertyValueSpecification","valueRequired":true,"valueName":"search_term_string"}}],"inLanguage":"de"},{"@type":"Organization","@id":"https:\/\/staging.passione500.it\/de\/#organization","name":"Passione 500","url":"https:\/\/staging.passione500.it\/de\/","logo":{"@type":"ImageObject","inLanguage":"de","@id":"https:\/\/staging.passione500.it\/de\/#\/schema\/logo\/image\/","url":"https:\/\/staging.passione500.it\/wp-content\/uploads\/2025\/12\/PASSIONE-LOGO-APPROVATO.png","contentUrl":"https:\/\/staging.passione500.it\/wp-content\/uploads\/2025\/12\/PASSIONE-LOGO-APPROVATO.png","width":348,"height":125,"caption":"Passione 500"},"image":{"@id":"https:\/\/staging.passione500.it\/de\/#\/schema\/logo\/image\/"}}]}},"_links":{"self":[{"href":"https:\/\/staging.passione500.it\/de\/wp-json\/wp\/v2\/product\/21489","targetHints":{"allow":["GET"]}}],"collection":[{"href":"https:\/\/staging.passione500.it\/de\/wp-json\/wp\/v2\/product"}],"about":[{"href":"https:\/\/staging.passione500.it\/de\/wp-json\/wp\/v2\/types\/product"}],"wp:featuredmedia":[{"embeddable":true,"href":"https:\/\/staging.passione500.it\/de\/wp-json\/wp\/v2\/media\/21495"}],"wp:attachment":[{"href":"https:\/\/staging.passione500.it\/de\/wp-json\/wp\/v2\/media?parent=21489"}],"wp:term":[{"taxonomy":"product_brand","embeddable":true,"href":"https:\/\/staging.passione500.it\/de\/wp-json\/wp\/v2\/product_brand?post=21489"},{"taxonomy":"product_cat","embeddable":true,"href":"https:\/\/staging.passione500.it\/de\/wp-json\/wp\/v2\/product_cat?post=21489"},{"taxonomy":"product_tag","embeddable":true,"href":"https:\/\/staging.passione500.it\/de\/wp-json\/wp\/v2\/product_tag?post=21489"}],"curies":[{"name":"wp","href":"https:\/\/api.w.org\/{rel}","templated":true}]}}