{"id":20649,"date":"2024-08-01T16:54:09","date_gmt":"2024-08-01T14:54:10","guid":{"rendered":"https:\/\/staging.passione500.it\/?post_type=product&#038;p=20649"},"modified":"2024-08-01T17:17:29","modified_gmt":"2024-08-01T15:17:29","slug":"ventilkeil-fuer-einlassventil-fiat-500","status":"publish","type":"product","link":"https:\/\/staging.passione500.it\/de\/fiat-500-de\/fiat-500-d-de\/motorteile-d-de\/steuerung-und-ventile-d-de\/ventilkeil-fuer-einlassventil-fiat-500\/","title":{"rendered":"Ventilkeil f\u00fcr Einlassventil Fiat 500"},"content":{"rendered":"<h4>F\u00fcr ein komplettes Auto muss 4 St\u00fcck gekauft werden<\/h4>\n<p>&nbsp;<\/p>\n","protected":false},"excerpt":{"rendered":"<p>Prodotto in offerta fino a maggio.<\/p>\n","protected":false},"featured_media":20655,"template":"","meta":{"_et_pb_use_builder":"","_et_pb_old_content":"","_et_gb_content_width":""},"product_brand":[],"product_cat":[756,2068,2069,2070,2071,2072,2526],"product_tag":[],"class_list":{"0":"post-20649","1":"product","2":"type-product","3":"status-publish","4":"has-post-thumbnail","6":"product_cat-steuerung-und-ventile-n-de","7":"product_cat-steuerung-und-ventile-d-de","8":"product_cat-steuerung-und-ventile-f-de","9":"product_cat-steuerung-und-ventile-l-de","10":"product_cat-steuerung-und-ventile-r-de","11":"product_cat-steuerung-und-ventile-giard-de","12":"product_cat-steuerung-und-ventile-tt-de","13":"product_shipping_class-versand-1","15":"first","16":"instock","17":"taxable","18":"shipping-taxable","19":"purchasable","20":"product-type-simple"},"yoast_head":"<!-- This site is optimized with the Yoast SEO plugin v27.3 - https:\/\/yoast.com\/product\/yoast-seo-wordpress\/ -->\n<title>Ventilkeil Fiat 500 | Passione 500<\/title>\n<meta name=\"description\" content=\"Finden Sie die Ventilkeil f\u00fcr Fiat 500 auf unserer Website. \u00dcber 3.000 Ersatzteile auf Lager.PROFITIEREN SIE VON UNSEREN ANGEBOTEN ! %\" \/>\n<meta name=\"robots\" content=\"noindex, follow, max-snippet:-1, max-image-preview:large, max-video-preview:-1\" \/>\n<meta property=\"og:locale\" content=\"de_DE\" \/>\n<meta property=\"og:type\" content=\"article\" \/>\n<meta property=\"og:title\" content=\"Ventilkeil Fiat 500 | Passione 500\" \/>\n<meta property=\"og:description\" content=\"Finden Sie die Ventilkeil f\u00fcr Fiat 500 auf unserer Website. \u00dcber 3.000 Ersatzteile auf Lager.PROFITIEREN SIE VON UNSEREN ANGEBOTEN ! %\" \/>\n<meta property=\"og:url\" content=\"https:\/\/staging.passione500.it\/de\/fiat-500-de\/fiat-500-d-de\/motorteile-d-de\/steuerung-und-ventile-d-de\/ventilkeil-fuer-einlassventil-fiat-500\/\" \/>\n<meta property=\"og:site_name\" content=\"Passione 500\" \/>\n<meta property=\"article:modified_time\" content=\"2024-08-01T15:17:29+00:00\" \/>\n<meta property=\"og:image\" content=\"https:\/\/passione500.it\/wp-content\/uploads\/2024\/08\/14197070.jpg\" \/>\n\t<meta property=\"og:image:width\" content=\"2048\" \/>\n\t<meta property=\"og:image:height\" content=\"1536\" \/>\n\t<meta property=\"og:image:type\" content=\"image\/jpeg\" \/>\n<meta name=\"twitter:card\" content=\"summary_large_image\" \/>\n<meta name=\"twitter:label1\" content=\"Gesch\u00e4tzte Lesezeit\" \/>\n\t<meta name=\"twitter:data1\" content=\"1\u00a0Minute\" \/>\n<script type=\"application\/ld+json\" class=\"yoast-schema-graph\">{\"@context\":\"https:\\\/\\\/schema.org\",\"@graph\":[{\"@type\":\"WebPage\",\"@id\":\"https:\\\/\\\/staging.passione500.it\\\/de\\\/fiat-500-de\\\/fiat-500-d-de\\\/motorteile-d-de\\\/steuerung-und-ventile-d-de\\\/ventilkeil-fuer-einlassventil-fiat-500\\\/\",\"url\":\"https:\\\/\\\/staging.passione500.it\\\/de\\\/fiat-500-de\\\/fiat-500-d-de\\\/motorteile-d-de\\\/steuerung-und-ventile-d-de\\\/ventilkeil-fuer-einlassventil-fiat-500\\\/\",\"name\":\"Ventilkeil Fiat 500 | Passione 500\",\"isPartOf\":{\"@id\":\"https:\\\/\\\/staging.passione500.it\\\/de\\\/#website\"},\"primaryImageOfPage\":{\"@id\":\"https:\\\/\\\/staging.passione500.it\\\/de\\\/fiat-500-de\\\/fiat-500-d-de\\\/motorteile-d-de\\\/steuerung-und-ventile-d-de\\\/ventilkeil-fuer-einlassventil-fiat-500\\\/#primaryimage\"},\"image\":{\"@id\":\"https:\\\/\\\/staging.passione500.it\\\/de\\\/fiat-500-de\\\/fiat-500-d-de\\\/motorteile-d-de\\\/steuerung-und-ventile-d-de\\\/ventilkeil-fuer-einlassventil-fiat-500\\\/#primaryimage\"},\"thumbnailUrl\":\"https:\\\/\\\/staging.passione500.it\\\/wp-content\\\/uploads\\\/2024\\\/08\\\/14197070.jpg\",\"datePublished\":\"2024-08-01T14:54:10+00:00\",\"dateModified\":\"2024-08-01T15:17:29+00:00\",\"description\":\"Finden Sie die Ventilkeil f\u00fcr Fiat 500 auf unserer Website. \u00dcber 3.000 Ersatzteile auf Lager.PROFITIEREN SIE VON UNSEREN ANGEBOTEN ! %\",\"breadcrumb\":{\"@id\":\"https:\\\/\\\/staging.passione500.it\\\/de\\\/fiat-500-de\\\/fiat-500-d-de\\\/motorteile-d-de\\\/steuerung-und-ventile-d-de\\\/ventilkeil-fuer-einlassventil-fiat-500\\\/#breadcrumb\"},\"inLanguage\":\"de\",\"potentialAction\":[{\"@type\":\"ReadAction\",\"target\":[\"https:\\\/\\\/staging.passione500.it\\\/de\\\/fiat-500-de\\\/fiat-500-d-de\\\/motorteile-d-de\\\/steuerung-und-ventile-d-de\\\/ventilkeil-fuer-einlassventil-fiat-500\\\/\"]}]},{\"@type\":\"ImageObject\",\"inLanguage\":\"de\",\"@id\":\"https:\\\/\\\/staging.passione500.it\\\/de\\\/fiat-500-de\\\/fiat-500-d-de\\\/motorteile-d-de\\\/steuerung-und-ventile-d-de\\\/ventilkeil-fuer-einlassventil-fiat-500\\\/#primaryimage\",\"url\":\"https:\\\/\\\/staging.passione500.it\\\/wp-content\\\/uploads\\\/2024\\\/08\\\/14197070.jpg\",\"contentUrl\":\"https:\\\/\\\/staging.passione500.it\\\/wp-content\\\/uploads\\\/2024\\\/08\\\/14197070.jpg\",\"width\":2048,\"height\":1536,\"caption\":\"semicono valvola Fiat 500 F L\"},{\"@type\":\"BreadcrumbList\",\"@id\":\"https:\\\/\\\/staging.passione500.it\\\/de\\\/fiat-500-de\\\/fiat-500-d-de\\\/motorteile-d-de\\\/steuerung-und-ventile-d-de\\\/ventilkeil-fuer-einlassventil-fiat-500\\\/#breadcrumb\",\"itemListElement\":[{\"@type\":\"ListItem\",\"position\":1,\"name\":\"Home\",\"item\":\"https:\\\/\\\/passione500.it\\\/de\\\/\"},{\"@type\":\"ListItem\",\"position\":2,\"name\":\"Fiat 500\",\"item\":\"https:\\\/\\\/staging.passione500.it\\\/de\\\/fiat-500-de\\\/\"},{\"@type\":\"ListItem\",\"position\":3,\"name\":\"Fiat 500 D\",\"item\":\"https:\\\/\\\/staging.passione500.it\\\/de\\\/fiat-500-de\\\/fiat-500-d-de\\\/\"},{\"@type\":\"ListItem\",\"position\":4,\"name\":\"Motorteile\",\"item\":\"https:\\\/\\\/staging.passione500.it\\\/de\\\/fiat-500-de\\\/fiat-500-d-de\\\/motorteile-d-de\\\/\"},{\"@type\":\"ListItem\",\"position\":5,\"name\":\"Steuerung und Ventile\",\"item\":\"https:\\\/\\\/staging.passione500.it\\\/de\\\/fiat-500-de\\\/fiat-500-d-de\\\/motorteile-d-de\\\/steuerung-und-ventile-d-de\\\/\"},{\"@type\":\"ListItem\",\"position\":6,\"name\":\"Ventilkeil f\u00fcr Einlassventil Fiat 500\"}]},{\"@type\":\"WebSite\",\"@id\":\"https:\\\/\\\/staging.passione500.it\\\/de\\\/#website\",\"url\":\"https:\\\/\\\/staging.passione500.it\\\/de\\\/\",\"name\":\"Passione 500\",\"description\":\"Ricambi Fiat 500 d&#039;Epoca\",\"publisher\":{\"@id\":\"https:\\\/\\\/staging.passione500.it\\\/de\\\/#organization\"},\"potentialAction\":[{\"@type\":\"SearchAction\",\"target\":{\"@type\":\"EntryPoint\",\"urlTemplate\":\"https:\\\/\\\/staging.passione500.it\\\/de\\\/?s={search_term_string}\"},\"query-input\":{\"@type\":\"PropertyValueSpecification\",\"valueRequired\":true,\"valueName\":\"search_term_string\"}}],\"inLanguage\":\"de\"},{\"@type\":\"Organization\",\"@id\":\"https:\\\/\\\/staging.passione500.it\\\/de\\\/#organization\",\"name\":\"Passione 500\",\"url\":\"https:\\\/\\\/staging.passione500.it\\\/de\\\/\",\"logo\":{\"@type\":\"ImageObject\",\"inLanguage\":\"de\",\"@id\":\"https:\\\/\\\/staging.passione500.it\\\/de\\\/#\\\/schema\\\/logo\\\/image\\\/\",\"url\":\"https:\\\/\\\/staging.passione500.it\\\/wp-content\\\/uploads\\\/2025\\\/12\\\/PASSIONE-LOGO-APPROVATO.png\",\"contentUrl\":\"https:\\\/\\\/staging.passione500.it\\\/wp-content\\\/uploads\\\/2025\\\/12\\\/PASSIONE-LOGO-APPROVATO.png\",\"width\":348,\"height\":125,\"caption\":\"Passione 500\"},\"image\":{\"@id\":\"https:\\\/\\\/staging.passione500.it\\\/de\\\/#\\\/schema\\\/logo\\\/image\\\/\"}}]}<\/script>\n<!-- \/ Yoast SEO plugin. -->","yoast_head_json":{"title":"Ventilkeil Fiat 500 | Passione 500","description":"Finden Sie die Ventilkeil f\u00fcr Fiat 500 auf unserer Website. \u00dcber 3.000 Ersatzteile auf Lager.PROFITIEREN SIE VON UNSEREN ANGEBOTEN ! %","robots":{"index":"noindex","follow":"follow","max-snippet":"max-snippet:-1","max-image-preview":"max-image-preview:large","max-video-preview":"max-video-preview:-1"},"og_locale":"de_DE","og_type":"article","og_title":"Ventilkeil Fiat 500 | Passione 500","og_description":"Finden Sie die Ventilkeil f\u00fcr Fiat 500 auf unserer Website. \u00dcber 3.000 Ersatzteile auf Lager.PROFITIEREN SIE VON UNSEREN ANGEBOTEN ! %","og_url":"https:\/\/staging.passione500.it\/de\/fiat-500-de\/fiat-500-d-de\/motorteile-d-de\/steuerung-und-ventile-d-de\/ventilkeil-fuer-einlassventil-fiat-500\/","og_site_name":"Passione 500","article_modified_time":"2024-08-01T15:17:29+00:00","og_image":[{"width":2048,"height":1536,"url":"https:\/\/passione500.it\/wp-content\/uploads\/2024\/08\/14197070.jpg","type":"image\/jpeg"}],"twitter_card":"summary_large_image","twitter_misc":{"Gesch\u00e4tzte Lesezeit":"1\u00a0Minute"},"schema":{"@context":"https:\/\/schema.org","@graph":[{"@type":"WebPage","@id":"https:\/\/staging.passione500.it\/de\/fiat-500-de\/fiat-500-d-de\/motorteile-d-de\/steuerung-und-ventile-d-de\/ventilkeil-fuer-einlassventil-fiat-500\/","url":"https:\/\/staging.passione500.it\/de\/fiat-500-de\/fiat-500-d-de\/motorteile-d-de\/steuerung-und-ventile-d-de\/ventilkeil-fuer-einlassventil-fiat-500\/","name":"Ventilkeil Fiat 500 | Passione 500","isPartOf":{"@id":"https:\/\/staging.passione500.it\/de\/#website"},"primaryImageOfPage":{"@id":"https:\/\/staging.passione500.it\/de\/fiat-500-de\/fiat-500-d-de\/motorteile-d-de\/steuerung-und-ventile-d-de\/ventilkeil-fuer-einlassventil-fiat-500\/#primaryimage"},"image":{"@id":"https:\/\/staging.passione500.it\/de\/fiat-500-de\/fiat-500-d-de\/motorteile-d-de\/steuerung-und-ventile-d-de\/ventilkeil-fuer-einlassventil-fiat-500\/#primaryimage"},"thumbnailUrl":"https:\/\/staging.passione500.it\/wp-content\/uploads\/2024\/08\/14197070.jpg","datePublished":"2024-08-01T14:54:10+00:00","dateModified":"2024-08-01T15:17:29+00:00","description":"Finden Sie die Ventilkeil f\u00fcr Fiat 500 auf unserer Website. \u00dcber 3.000 Ersatzteile auf Lager.PROFITIEREN SIE VON UNSEREN ANGEBOTEN ! %","breadcrumb":{"@id":"https:\/\/staging.passione500.it\/de\/fiat-500-de\/fiat-500-d-de\/motorteile-d-de\/steuerung-und-ventile-d-de\/ventilkeil-fuer-einlassventil-fiat-500\/#breadcrumb"},"inLanguage":"de","potentialAction":[{"@type":"ReadAction","target":["https:\/\/staging.passione500.it\/de\/fiat-500-de\/fiat-500-d-de\/motorteile-d-de\/steuerung-und-ventile-d-de\/ventilkeil-fuer-einlassventil-fiat-500\/"]}]},{"@type":"ImageObject","inLanguage":"de","@id":"https:\/\/staging.passione500.it\/de\/fiat-500-de\/fiat-500-d-de\/motorteile-d-de\/steuerung-und-ventile-d-de\/ventilkeil-fuer-einlassventil-fiat-500\/#primaryimage","url":"https:\/\/staging.passione500.it\/wp-content\/uploads\/2024\/08\/14197070.jpg","contentUrl":"https:\/\/staging.passione500.it\/wp-content\/uploads\/2024\/08\/14197070.jpg","width":2048,"height":1536,"caption":"semicono valvola Fiat 500 F L"},{"@type":"BreadcrumbList","@id":"https:\/\/staging.passione500.it\/de\/fiat-500-de\/fiat-500-d-de\/motorteile-d-de\/steuerung-und-ventile-d-de\/ventilkeil-fuer-einlassventil-fiat-500\/#breadcrumb","itemListElement":[{"@type":"ListItem","position":1,"name":"Home","item":"https:\/\/passione500.it\/de\/"},{"@type":"ListItem","position":2,"name":"Fiat 500","item":"https:\/\/staging.passione500.it\/de\/fiat-500-de\/"},{"@type":"ListItem","position":3,"name":"Fiat 500 D","item":"https:\/\/staging.passione500.it\/de\/fiat-500-de\/fiat-500-d-de\/"},{"@type":"ListItem","position":4,"name":"Motorteile","item":"https:\/\/staging.passione500.it\/de\/fiat-500-de\/fiat-500-d-de\/motorteile-d-de\/"},{"@type":"ListItem","position":5,"name":"Steuerung und Ventile","item":"https:\/\/staging.passione500.it\/de\/fiat-500-de\/fiat-500-d-de\/motorteile-d-de\/steuerung-und-ventile-d-de\/"},{"@type":"ListItem","position":6,"name":"Ventilkeil f\u00fcr Einlassventil Fiat 500"}]},{"@type":"WebSite","@id":"https:\/\/staging.passione500.it\/de\/#website","url":"https:\/\/staging.passione500.it\/de\/","name":"Passione 500","description":"Ricambi Fiat 500 d&#039;Epoca","publisher":{"@id":"https:\/\/staging.passione500.it\/de\/#organization"},"potentialAction":[{"@type":"SearchAction","target":{"@type":"EntryPoint","urlTemplate":"https:\/\/staging.passione500.it\/de\/?s={search_term_string}"},"query-input":{"@type":"PropertyValueSpecification","valueRequired":true,"valueName":"search_term_string"}}],"inLanguage":"de"},{"@type":"Organization","@id":"https:\/\/staging.passione500.it\/de\/#organization","name":"Passione 500","url":"https:\/\/staging.passione500.it\/de\/","logo":{"@type":"ImageObject","inLanguage":"de","@id":"https:\/\/staging.passione500.it\/de\/#\/schema\/logo\/image\/","url":"https:\/\/staging.passione500.it\/wp-content\/uploads\/2025\/12\/PASSIONE-LOGO-APPROVATO.png","contentUrl":"https:\/\/staging.passione500.it\/wp-content\/uploads\/2025\/12\/PASSIONE-LOGO-APPROVATO.png","width":348,"height":125,"caption":"Passione 500"},"image":{"@id":"https:\/\/staging.passione500.it\/de\/#\/schema\/logo\/image\/"}}]}},"_links":{"self":[{"href":"https:\/\/staging.passione500.it\/de\/wp-json\/wp\/v2\/product\/20649","targetHints":{"allow":["GET"]}}],"collection":[{"href":"https:\/\/staging.passione500.it\/de\/wp-json\/wp\/v2\/product"}],"about":[{"href":"https:\/\/staging.passione500.it\/de\/wp-json\/wp\/v2\/types\/product"}],"wp:featuredmedia":[{"embeddable":true,"href":"https:\/\/staging.passione500.it\/de\/wp-json\/wp\/v2\/media\/20655"}],"wp:attachment":[{"href":"https:\/\/staging.passione500.it\/de\/wp-json\/wp\/v2\/media?parent=20649"}],"wp:term":[{"taxonomy":"product_brand","embeddable":true,"href":"https:\/\/staging.passione500.it\/de\/wp-json\/wp\/v2\/product_brand?post=20649"},{"taxonomy":"product_cat","embeddable":true,"href":"https:\/\/staging.passione500.it\/de\/wp-json\/wp\/v2\/product_cat?post=20649"},{"taxonomy":"product_tag","embeddable":true,"href":"https:\/\/staging.passione500.it\/de\/wp-json\/wp\/v2\/product_tag?post=20649"}],"curies":[{"name":"wp","href":"https:\/\/api.w.org\/{rel}","templated":true}]}}