{"id":19017,"date":"2024-06-20T15:08:00","date_gmt":"2024-06-20T13:08:01","guid":{"rendered":"https:\/\/staging.passione500.it\/?post_type=product&#038;p=19017"},"modified":"2024-06-20T15:25:11","modified_gmt":"2024-06-20T13:25:11","slug":"halteriemen-fuer-verdeckbezug-fiat-500-f-bis-zu-1968-giardiniera-base-f-bis-zu-1968","status":"publish","type":"product","link":"https:\/\/staging.passione500.it\/de\/fiat-500-de\/fiat-500-f-de\/verdeck-und-sonstiges-f-de\/halteriemen-fuer-verdeckbezug-fiat-500-f-bis-zu-1968-giardiniera-base-f-bis-zu-1968\/","title":{"rendered":"Halteriemen f\u00fcr Verdeckbezug Fiat 500 F (bis zu 1968) &#8211; Giardiniera base F (bis zu 1968)"},"content":{"rendered":"<h4>F\u00fcr ein komplettes Auto muss 1 St\u00fcck gekauft werden<\/h4>\n<h4><\/h4>\n","protected":false},"excerpt":{"rendered":"<p>Prodotto in offerta fino a maggio.<\/p>\n","protected":false},"featured_media":19023,"template":"","meta":{"_et_pb_use_builder":"","_et_pb_old_content":"","_et_gb_content_width":""},"product_brand":[],"product_cat":[2478,2030,2033,1292,1304,2460,2520,2059,2062],"product_tag":[],"class_list":{"0":"post-19017","1":"product","2":"type-product","3":"status-publish","4":"has-post-thumbnail","6":"product_cat-aussenteile-tt-de","7":"product_cat-aussenteile-f-de","8":"product_cat-aussenteile-giard-de","9":"product_cat-verdeck-und-sonstiges-f-de","10":"product_cat-verdeck-und-sonstiges-giardiniera-de","11":"product_cat-verdeck-und-sonstiges-tt-de","12":"product_cat-gummiteile-tt-de","13":"product_cat-gummiteile-f-de","14":"product_cat-gummiteile-giard-de","15":"product_shipping_class-versand-1","17":"first","18":"instock","19":"taxable","20":"shipping-taxable","21":"purchasable","22":"product-type-simple"},"yoast_head":"<!-- This site is optimized with the Yoast SEO plugin v27.3 - https:\/\/yoast.com\/product\/yoast-seo-wordpress\/ -->\n<title>Halteriemen Verdeckbezug Fiat 500 | Passione 500<\/title>\n<meta name=\"description\" content=\"Finden Sie die Halteriemen Verdeckbezug f\u00fcr Fiat 500 auf unserer Website. \u00dcber 3.000 Ersatzteile auf Lager.PROFITIEREN SIE VON UNSEREN ANGEBOTEN ! %\" \/>\n<meta name=\"robots\" content=\"noindex, follow, max-snippet:-1, max-image-preview:large, max-video-preview:-1\" \/>\n<meta property=\"og:locale\" content=\"de_DE\" \/>\n<meta property=\"og:type\" content=\"article\" \/>\n<meta property=\"og:title\" content=\"Halteriemen Verdeckbezug Fiat 500 | Passione 500\" \/>\n<meta property=\"og:description\" content=\"Finden Sie die Halteriemen Verdeckbezug f\u00fcr Fiat 500 auf unserer Website. \u00dcber 3.000 Ersatzteile auf Lager.PROFITIEREN SIE VON UNSEREN ANGEBOTEN ! %\" \/>\n<meta property=\"og:url\" content=\"https:\/\/staging.passione500.it\/de\/fiat-500-de\/fiat-500-f-de\/verdeck-und-sonstiges-f-de\/halteriemen-fuer-verdeckbezug-fiat-500-f-bis-zu-1968-giardiniera-base-f-bis-zu-1968\/\" \/>\n<meta property=\"og:site_name\" content=\"Passione 500\" \/>\n<meta property=\"article:modified_time\" content=\"2024-06-20T13:25:11+00:00\" \/>\n<meta property=\"og:image\" content=\"https:\/\/passione500.it\/wp-content\/uploads\/2024\/06\/4044976.jpg\" \/>\n\t<meta property=\"og:image:width\" content=\"2048\" \/>\n\t<meta property=\"og:image:height\" content=\"1536\" \/>\n\t<meta property=\"og:image:type\" content=\"image\/jpeg\" \/>\n<meta name=\"twitter:card\" content=\"summary_large_image\" \/>\n<meta name=\"twitter:label1\" content=\"Gesch\u00e4tzte Lesezeit\" \/>\n\t<meta name=\"twitter:data1\" content=\"1\u00a0Minute\" \/>\n<script type=\"application\/ld+json\" class=\"yoast-schema-graph\">{\"@context\":\"https:\\\/\\\/schema.org\",\"@graph\":[{\"@type\":\"WebPage\",\"@id\":\"https:\\\/\\\/staging.passione500.it\\\/de\\\/fiat-500-de\\\/fiat-500-f-de\\\/verdeck-und-sonstiges-f-de\\\/halteriemen-fuer-verdeckbezug-fiat-500-f-bis-zu-1968-giardiniera-base-f-bis-zu-1968\\\/\",\"url\":\"https:\\\/\\\/staging.passione500.it\\\/de\\\/fiat-500-de\\\/fiat-500-f-de\\\/verdeck-und-sonstiges-f-de\\\/halteriemen-fuer-verdeckbezug-fiat-500-f-bis-zu-1968-giardiniera-base-f-bis-zu-1968\\\/\",\"name\":\"Halteriemen Verdeckbezug Fiat 500 | Passione 500\",\"isPartOf\":{\"@id\":\"https:\\\/\\\/staging.passione500.it\\\/de\\\/#website\"},\"primaryImageOfPage\":{\"@id\":\"https:\\\/\\\/staging.passione500.it\\\/de\\\/fiat-500-de\\\/fiat-500-f-de\\\/verdeck-und-sonstiges-f-de\\\/halteriemen-fuer-verdeckbezug-fiat-500-f-bis-zu-1968-giardiniera-base-f-bis-zu-1968\\\/#primaryimage\"},\"image\":{\"@id\":\"https:\\\/\\\/staging.passione500.it\\\/de\\\/fiat-500-de\\\/fiat-500-f-de\\\/verdeck-und-sonstiges-f-de\\\/halteriemen-fuer-verdeckbezug-fiat-500-f-bis-zu-1968-giardiniera-base-f-bis-zu-1968\\\/#primaryimage\"},\"thumbnailUrl\":\"https:\\\/\\\/staging.passione500.it\\\/wp-content\\\/uploads\\\/2024\\\/06\\\/4044976.jpg\",\"datePublished\":\"2024-06-20T13:08:01+00:00\",\"dateModified\":\"2024-06-20T13:25:11+00:00\",\"description\":\"Finden Sie die Halteriemen Verdeckbezug f\u00fcr Fiat 500 auf unserer Website. \u00dcber 3.000 Ersatzteile auf Lager.PROFITIEREN SIE VON UNSEREN ANGEBOTEN ! %\",\"breadcrumb\":{\"@id\":\"https:\\\/\\\/staging.passione500.it\\\/de\\\/fiat-500-de\\\/fiat-500-f-de\\\/verdeck-und-sonstiges-f-de\\\/halteriemen-fuer-verdeckbezug-fiat-500-f-bis-zu-1968-giardiniera-base-f-bis-zu-1968\\\/#breadcrumb\"},\"inLanguage\":\"de\",\"potentialAction\":[{\"@type\":\"ReadAction\",\"target\":[\"https:\\\/\\\/staging.passione500.it\\\/de\\\/fiat-500-de\\\/fiat-500-f-de\\\/verdeck-und-sonstiges-f-de\\\/halteriemen-fuer-verdeckbezug-fiat-500-f-bis-zu-1968-giardiniera-base-f-bis-zu-1968\\\/\"]}]},{\"@type\":\"ImageObject\",\"inLanguage\":\"de\",\"@id\":\"https:\\\/\\\/staging.passione500.it\\\/de\\\/fiat-500-de\\\/fiat-500-f-de\\\/verdeck-und-sonstiges-f-de\\\/halteriemen-fuer-verdeckbezug-fiat-500-f-bis-zu-1968-giardiniera-base-f-bis-zu-1968\\\/#primaryimage\",\"url\":\"https:\\\/\\\/staging.passione500.it\\\/wp-content\\\/uploads\\\/2024\\\/06\\\/4044976.jpg\",\"contentUrl\":\"https:\\\/\\\/staging.passione500.it\\\/wp-content\\\/uploads\\\/2024\\\/06\\\/4044976.jpg\",\"width\":2048,\"height\":1536,\"caption\":\"cinghietto capote Fiat 500 F\"},{\"@type\":\"BreadcrumbList\",\"@id\":\"https:\\\/\\\/staging.passione500.it\\\/de\\\/fiat-500-de\\\/fiat-500-f-de\\\/verdeck-und-sonstiges-f-de\\\/halteriemen-fuer-verdeckbezug-fiat-500-f-bis-zu-1968-giardiniera-base-f-bis-zu-1968\\\/#breadcrumb\",\"itemListElement\":[{\"@type\":\"ListItem\",\"position\":1,\"name\":\"Home\",\"item\":\"https:\\\/\\\/passione500.it\\\/de\\\/\"},{\"@type\":\"ListItem\",\"position\":2,\"name\":\"Fiat 500\",\"item\":\"https:\\\/\\\/staging.passione500.it\\\/de\\\/fiat-500-de\\\/\"},{\"@type\":\"ListItem\",\"position\":3,\"name\":\"Fiat 500 F\",\"item\":\"https:\\\/\\\/staging.passione500.it\\\/de\\\/fiat-500-de\\\/fiat-500-f-de\\\/\"},{\"@type\":\"ListItem\",\"position\":4,\"name\":\"Verdeck und Sonstiges\",\"item\":\"https:\\\/\\\/staging.passione500.it\\\/de\\\/fiat-500-de\\\/fiat-500-f-de\\\/verdeck-und-sonstiges-f-de\\\/\"},{\"@type\":\"ListItem\",\"position\":5,\"name\":\"Halteriemen f\u00fcr Verdeckbezug Fiat 500 F (bis zu 1968) &#8211; Giardiniera base F (bis zu 1968)\"}]},{\"@type\":\"WebSite\",\"@id\":\"https:\\\/\\\/staging.passione500.it\\\/de\\\/#website\",\"url\":\"https:\\\/\\\/staging.passione500.it\\\/de\\\/\",\"name\":\"Passione 500\",\"description\":\"Ricambi Fiat 500 d&#039;Epoca\",\"publisher\":{\"@id\":\"https:\\\/\\\/staging.passione500.it\\\/de\\\/#organization\"},\"potentialAction\":[{\"@type\":\"SearchAction\",\"target\":{\"@type\":\"EntryPoint\",\"urlTemplate\":\"https:\\\/\\\/staging.passione500.it\\\/de\\\/?s={search_term_string}\"},\"query-input\":{\"@type\":\"PropertyValueSpecification\",\"valueRequired\":true,\"valueName\":\"search_term_string\"}}],\"inLanguage\":\"de\"},{\"@type\":\"Organization\",\"@id\":\"https:\\\/\\\/staging.passione500.it\\\/de\\\/#organization\",\"name\":\"Passione 500\",\"url\":\"https:\\\/\\\/staging.passione500.it\\\/de\\\/\",\"logo\":{\"@type\":\"ImageObject\",\"inLanguage\":\"de\",\"@id\":\"https:\\\/\\\/staging.passione500.it\\\/de\\\/#\\\/schema\\\/logo\\\/image\\\/\",\"url\":\"https:\\\/\\\/staging.passione500.it\\\/wp-content\\\/uploads\\\/2025\\\/12\\\/PASSIONE-LOGO-APPROVATO.png\",\"contentUrl\":\"https:\\\/\\\/staging.passione500.it\\\/wp-content\\\/uploads\\\/2025\\\/12\\\/PASSIONE-LOGO-APPROVATO.png\",\"width\":348,\"height\":125,\"caption\":\"Passione 500\"},\"image\":{\"@id\":\"https:\\\/\\\/staging.passione500.it\\\/de\\\/#\\\/schema\\\/logo\\\/image\\\/\"}}]}<\/script>\n<!-- \/ Yoast SEO plugin. -->","yoast_head_json":{"title":"Halteriemen Verdeckbezug Fiat 500 | Passione 500","description":"Finden Sie die Halteriemen Verdeckbezug f\u00fcr Fiat 500 auf unserer Website. \u00dcber 3.000 Ersatzteile auf Lager.PROFITIEREN SIE VON UNSEREN ANGEBOTEN ! %","robots":{"index":"noindex","follow":"follow","max-snippet":"max-snippet:-1","max-image-preview":"max-image-preview:large","max-video-preview":"max-video-preview:-1"},"og_locale":"de_DE","og_type":"article","og_title":"Halteriemen Verdeckbezug Fiat 500 | Passione 500","og_description":"Finden Sie die Halteriemen Verdeckbezug f\u00fcr Fiat 500 auf unserer Website. \u00dcber 3.000 Ersatzteile auf Lager.PROFITIEREN SIE VON UNSEREN ANGEBOTEN ! %","og_url":"https:\/\/staging.passione500.it\/de\/fiat-500-de\/fiat-500-f-de\/verdeck-und-sonstiges-f-de\/halteriemen-fuer-verdeckbezug-fiat-500-f-bis-zu-1968-giardiniera-base-f-bis-zu-1968\/","og_site_name":"Passione 500","article_modified_time":"2024-06-20T13:25:11+00:00","og_image":[{"width":2048,"height":1536,"url":"https:\/\/passione500.it\/wp-content\/uploads\/2024\/06\/4044976.jpg","type":"image\/jpeg"}],"twitter_card":"summary_large_image","twitter_misc":{"Gesch\u00e4tzte Lesezeit":"1\u00a0Minute"},"schema":{"@context":"https:\/\/schema.org","@graph":[{"@type":"WebPage","@id":"https:\/\/staging.passione500.it\/de\/fiat-500-de\/fiat-500-f-de\/verdeck-und-sonstiges-f-de\/halteriemen-fuer-verdeckbezug-fiat-500-f-bis-zu-1968-giardiniera-base-f-bis-zu-1968\/","url":"https:\/\/staging.passione500.it\/de\/fiat-500-de\/fiat-500-f-de\/verdeck-und-sonstiges-f-de\/halteriemen-fuer-verdeckbezug-fiat-500-f-bis-zu-1968-giardiniera-base-f-bis-zu-1968\/","name":"Halteriemen Verdeckbezug Fiat 500 | Passione 500","isPartOf":{"@id":"https:\/\/staging.passione500.it\/de\/#website"},"primaryImageOfPage":{"@id":"https:\/\/staging.passione500.it\/de\/fiat-500-de\/fiat-500-f-de\/verdeck-und-sonstiges-f-de\/halteriemen-fuer-verdeckbezug-fiat-500-f-bis-zu-1968-giardiniera-base-f-bis-zu-1968\/#primaryimage"},"image":{"@id":"https:\/\/staging.passione500.it\/de\/fiat-500-de\/fiat-500-f-de\/verdeck-und-sonstiges-f-de\/halteriemen-fuer-verdeckbezug-fiat-500-f-bis-zu-1968-giardiniera-base-f-bis-zu-1968\/#primaryimage"},"thumbnailUrl":"https:\/\/staging.passione500.it\/wp-content\/uploads\/2024\/06\/4044976.jpg","datePublished":"2024-06-20T13:08:01+00:00","dateModified":"2024-06-20T13:25:11+00:00","description":"Finden Sie die Halteriemen Verdeckbezug f\u00fcr Fiat 500 auf unserer Website. \u00dcber 3.000 Ersatzteile auf Lager.PROFITIEREN SIE VON UNSEREN ANGEBOTEN ! %","breadcrumb":{"@id":"https:\/\/staging.passione500.it\/de\/fiat-500-de\/fiat-500-f-de\/verdeck-und-sonstiges-f-de\/halteriemen-fuer-verdeckbezug-fiat-500-f-bis-zu-1968-giardiniera-base-f-bis-zu-1968\/#breadcrumb"},"inLanguage":"de","potentialAction":[{"@type":"ReadAction","target":["https:\/\/staging.passione500.it\/de\/fiat-500-de\/fiat-500-f-de\/verdeck-und-sonstiges-f-de\/halteriemen-fuer-verdeckbezug-fiat-500-f-bis-zu-1968-giardiniera-base-f-bis-zu-1968\/"]}]},{"@type":"ImageObject","inLanguage":"de","@id":"https:\/\/staging.passione500.it\/de\/fiat-500-de\/fiat-500-f-de\/verdeck-und-sonstiges-f-de\/halteriemen-fuer-verdeckbezug-fiat-500-f-bis-zu-1968-giardiniera-base-f-bis-zu-1968\/#primaryimage","url":"https:\/\/staging.passione500.it\/wp-content\/uploads\/2024\/06\/4044976.jpg","contentUrl":"https:\/\/staging.passione500.it\/wp-content\/uploads\/2024\/06\/4044976.jpg","width":2048,"height":1536,"caption":"cinghietto capote Fiat 500 F"},{"@type":"BreadcrumbList","@id":"https:\/\/staging.passione500.it\/de\/fiat-500-de\/fiat-500-f-de\/verdeck-und-sonstiges-f-de\/halteriemen-fuer-verdeckbezug-fiat-500-f-bis-zu-1968-giardiniera-base-f-bis-zu-1968\/#breadcrumb","itemListElement":[{"@type":"ListItem","position":1,"name":"Home","item":"https:\/\/passione500.it\/de\/"},{"@type":"ListItem","position":2,"name":"Fiat 500","item":"https:\/\/staging.passione500.it\/de\/fiat-500-de\/"},{"@type":"ListItem","position":3,"name":"Fiat 500 F","item":"https:\/\/staging.passione500.it\/de\/fiat-500-de\/fiat-500-f-de\/"},{"@type":"ListItem","position":4,"name":"Verdeck und Sonstiges","item":"https:\/\/staging.passione500.it\/de\/fiat-500-de\/fiat-500-f-de\/verdeck-und-sonstiges-f-de\/"},{"@type":"ListItem","position":5,"name":"Halteriemen f\u00fcr Verdeckbezug Fiat 500 F (bis zu 1968) &#8211; Giardiniera base F (bis zu 1968)"}]},{"@type":"WebSite","@id":"https:\/\/staging.passione500.it\/de\/#website","url":"https:\/\/staging.passione500.it\/de\/","name":"Passione 500","description":"Ricambi Fiat 500 d&#039;Epoca","publisher":{"@id":"https:\/\/staging.passione500.it\/de\/#organization"},"potentialAction":[{"@type":"SearchAction","target":{"@type":"EntryPoint","urlTemplate":"https:\/\/staging.passione500.it\/de\/?s={search_term_string}"},"query-input":{"@type":"PropertyValueSpecification","valueRequired":true,"valueName":"search_term_string"}}],"inLanguage":"de"},{"@type":"Organization","@id":"https:\/\/staging.passione500.it\/de\/#organization","name":"Passione 500","url":"https:\/\/staging.passione500.it\/de\/","logo":{"@type":"ImageObject","inLanguage":"de","@id":"https:\/\/staging.passione500.it\/de\/#\/schema\/logo\/image\/","url":"https:\/\/staging.passione500.it\/wp-content\/uploads\/2025\/12\/PASSIONE-LOGO-APPROVATO.png","contentUrl":"https:\/\/staging.passione500.it\/wp-content\/uploads\/2025\/12\/PASSIONE-LOGO-APPROVATO.png","width":348,"height":125,"caption":"Passione 500"},"image":{"@id":"https:\/\/staging.passione500.it\/de\/#\/schema\/logo\/image\/"}}]}},"_links":{"self":[{"href":"https:\/\/staging.passione500.it\/de\/wp-json\/wp\/v2\/product\/19017","targetHints":{"allow":["GET"]}}],"collection":[{"href":"https:\/\/staging.passione500.it\/de\/wp-json\/wp\/v2\/product"}],"about":[{"href":"https:\/\/staging.passione500.it\/de\/wp-json\/wp\/v2\/types\/product"}],"wp:featuredmedia":[{"embeddable":true,"href":"https:\/\/staging.passione500.it\/de\/wp-json\/wp\/v2\/media\/19023"}],"wp:attachment":[{"href":"https:\/\/staging.passione500.it\/de\/wp-json\/wp\/v2\/media?parent=19017"}],"wp:term":[{"taxonomy":"product_brand","embeddable":true,"href":"https:\/\/staging.passione500.it\/de\/wp-json\/wp\/v2\/product_brand?post=19017"},{"taxonomy":"product_cat","embeddable":true,"href":"https:\/\/staging.passione500.it\/de\/wp-json\/wp\/v2\/product_cat?post=19017"},{"taxonomy":"product_tag","embeddable":true,"href":"https:\/\/staging.passione500.it\/de\/wp-json\/wp\/v2\/product_tag?post=19017"}],"curies":[{"name":"wp","href":"https:\/\/api.w.org\/{rel}","templated":true}]}}