{"id":18319,"date":"2024-06-04T17:12:55","date_gmt":"2024-06-04T15:12:56","guid":{"rendered":"https:\/\/staging.passione500.it\/?post_type=product&#038;p=18319"},"modified":"2024-06-04T18:14:30","modified_gmt":"2024-06-04T16:14:30","slug":"verlaengerung-aus-schwarz-kunststoff-fuer-kippschalter-hebel-fiat-500","status":"publish","type":"product","link":"https:\/\/staging.passione500.it\/de\/fiat-500-de\/fiat-autobianchi-500-giardiniera-de\/innere-teile-giard-de\/verlaengerung-aus-schwarz-kunststoff-fuer-kippschalter-hebel-fiat-500\/","title":{"rendered":"Verl\u00e4ngerung aus Schwarz Kunststoff f\u00fcr Kippschalter Hebel Fiat 500"},"content":{"rendered":"<h4>F\u00fcr ein komplettes Auto muss 2 oder 2 St\u00fcck gekauft werden<\/h4>\n<h4>\u2013 Kompatibles Ersatzteil, das jedoch nicht in der Originalkonfiguration des Fahrzeugs verwendet wird (Zubeh\u00f6r)<\/h4>\n","protected":false},"excerpt":{"rendered":"<p>Prodotto in offerta fino a maggio.<\/p>\n","protected":false},"featured_media":18325,"template":"","meta":{"_et_pb_use_builder":"","_et_pb_old_content":"","_et_gb_content_width":""},"product_brand":[],"product_cat":[1337,2490,1340,1343,1346,694,1349,1373,2493,698,1361,1364,1367,1370,1409,1412,1415,1418,1421,704,2048,2049,2499,2050,2514,2051,2052,721,2040,2041,2484,2042,1573,2038,2039,2056,2057,2517,2053,2054,726,2055,750,2058,2059,2060,2061,2062,2520,2167,912,2163,2164,2580,2165,2166],"product_tag":[],"class_list":{"0":"post-18319","1":"product","2":"type-product","3":"status-publish","4":"has-post-thumbnail","6":"product_cat-frontbeleuchtung-beleuchtung-und-leuchtmittel-d-de","7":"product_cat-frontbeleuchtung-de-tt","8":"product_cat-frontbeleuchtung-beleuchtung-und-leuchtmittel-f-de","9":"product_cat-frontbeleuchtung-beleuchtung-und-leuchtmittel-l-de","10":"product_cat-frontbeleuchtung-beleuchtung-und-leuchtmittel-r-de","11":"product_cat-frontbeleuchtung-beleuchtung-und-leuchtmittel-n-de","12":"product_cat-frontbeleuchtung-beleuchtung-und-leuchtmittel-giardiniera-de","13":"product_cat-ruckbeleuchtung-beleuchtung-und-leuchtmittel-giardiniera-de","14":"product_cat-rueckbeleuchtung-de-tt","15":"product_cat-ruckbeleuchtung-beleuchtung-und-leuchtmittel-n-de","16":"product_cat-ruckbeleuchtung-beleuchtung-und-leuchtmittel-d-de","17":"product_cat-ruckbeleuchtung-beleuchtung-und-leuchtmittel-f-de","18":"product_cat-ruckbeleuchtung-beleuchtung-und-leuchtmittel-l-de","19":"product_cat-ruckbeleuchtung-beleuchtung-und-leuchtmittel-r-de","20":"product_cat-leuchtmittel-beleuchtung-und-leuchtmittel-d-de","21":"product_cat-leuchtmittel-beleuchtung-und-leuchtmittel-f-de","22":"product_cat-leuchtmittel-beleuchtung-und-leuchtmittel-l-de","23":"product_cat-leuchtmittel-beleuchtung-und-leuchtmittel-r-de","24":"product_cat-leuchtmittel-beleuchtung-und-leuchtmittel-giardiniera-de","25":"product_cat-leuchtmittel-beleuchtung-und-leuchtmittel-n-de","26":"product_cat-elektrische-system-sonstiges-d-de","27":"product_cat-elektrische-system-sonstiges-f-de","28":"product_cat-leuchtmittel-tt-de","29":"product_cat-elektrische-system-sonstiges-l-de","30":"product_cat-elektrische-system-sonstiges-tt-de","31":"product_cat-elektrische-system-sonstiges-r-de","32":"product_cat-elektrische-system-sonstiges-giard-de","33":"product_cat-elektrische-system-sonstiges-n-de","34":"product_cat-innere-teile-l-de","35":"product_cat-innere-teile-r-de","36":"product_cat-innere-teile-tt-de","37":"product_cat-innere-teile-giard-de","38":"product_cat-innere-teile-n-de","39":"product_cat-innere-teile-d-de","40":"product_cat-innere-teile-f-de","41":"product_cat-scheibenwaschanlage-r-de","42":"product_cat-scheibenwaschanlage-giard-de","43":"product_cat-scheibenwaschanlage-tt-de","44":"product_cat-scheibenwaschanlage-d-de","45":"product_cat-scheibenwaschanlage-f-de","46":"product_cat-scheibenwaschanlage-n-de","47":"product_cat-scheibenwaschanlage-l-de","48":"product_cat-gummiteile-n-de","49":"product_cat-gummiteile-d-de","50":"product_cat-gummiteile-f-de","51":"product_cat-gummiteile-l-de","52":"product_cat-gummiteile-r-de","53":"product_cat-gummiteile-giard-de","54":"product_cat-gummiteile-tt-de","55":"product_cat-sport-ersatzteile-giard-de","56":"product_cat-sport-ersatzteile-n-de","57":"product_cat-sport-ersatzteile-d-de","58":"product_cat-sport-ersatzteile-f-de","59":"product_cat-sport-ersatzteile-tt-de","60":"product_cat-sport-ersatzteile-l-de","61":"product_cat-sport-ersatzteile-r-de","62":"product_shipping_class-versand-1","64":"first","65":"instock","66":"taxable","67":"shipping-taxable","68":"purchasable","69":"product-type-simple"},"yoast_head":"<!-- This site is optimized with the Yoast SEO plugin v27.3 - https:\/\/yoast.com\/product\/yoast-seo-wordpress\/ -->\n<title>Verl\u00e4ngerung Kippschalter Hebel Fiat 500 | Passione 500<\/title>\n<meta name=\"description\" content=\"Finden Sie die Verl\u00e4ngerung Kippschalter Hebel f\u00fcr Fiat 500 auf unserer Website. \u00dcber 3.000 Ersatzteile auf Lager.PROFITIEREN SIE VON UNSEREN ANGEBOTEN ! %\" \/>\n<meta name=\"robots\" content=\"noindex, follow, max-snippet:-1, max-image-preview:large, max-video-preview:-1\" \/>\n<meta property=\"og:locale\" content=\"de_DE\" \/>\n<meta property=\"og:type\" content=\"article\" \/>\n<meta property=\"og:title\" content=\"Verl\u00e4ngerung Kippschalter Hebel Fiat 500 | Passione 500\" \/>\n<meta property=\"og:description\" content=\"Finden Sie die Verl\u00e4ngerung Kippschalter Hebel f\u00fcr Fiat 500 auf unserer Website. \u00dcber 3.000 Ersatzteile auf Lager.PROFITIEREN SIE VON UNSEREN ANGEBOTEN ! %\" \/>\n<meta property=\"og:url\" content=\"https:\/\/staging.passione500.it\/de\/fiat-500-de\/fiat-autobianchi-500-giardiniera-de\/innere-teile-giard-de\/verlaengerung-aus-schwarz-kunststoff-fuer-kippschalter-hebel-fiat-500\/\" \/>\n<meta property=\"og:site_name\" content=\"Passione 500\" \/>\n<meta property=\"article:modified_time\" content=\"2024-06-04T16:14:30+00:00\" \/>\n<meta property=\"og:image\" content=\"https:\/\/passione500.it\/wp-content\/uploads\/2024\/06\/prolunga-interr.jpg\" \/>\n\t<meta property=\"og:image:width\" content=\"2048\" \/>\n\t<meta property=\"og:image:height\" content=\"1536\" \/>\n\t<meta property=\"og:image:type\" content=\"image\/jpeg\" \/>\n<meta name=\"twitter:card\" content=\"summary_large_image\" \/>\n<meta name=\"twitter:label1\" content=\"Gesch\u00e4tzte Lesezeit\" \/>\n\t<meta name=\"twitter:data1\" content=\"1\u00a0Minute\" \/>\n<script type=\"application\/ld+json\" class=\"yoast-schema-graph\">{\"@context\":\"https:\\\/\\\/schema.org\",\"@graph\":[{\"@type\":\"WebPage\",\"@id\":\"https:\\\/\\\/staging.passione500.it\\\/de\\\/fiat-500-de\\\/fiat-autobianchi-500-giardiniera-de\\\/innere-teile-giard-de\\\/verlaengerung-aus-schwarz-kunststoff-fuer-kippschalter-hebel-fiat-500\\\/\",\"url\":\"https:\\\/\\\/staging.passione500.it\\\/de\\\/fiat-500-de\\\/fiat-autobianchi-500-giardiniera-de\\\/innere-teile-giard-de\\\/verlaengerung-aus-schwarz-kunststoff-fuer-kippschalter-hebel-fiat-500\\\/\",\"name\":\"Verl\u00e4ngerung Kippschalter Hebel Fiat 500 | Passione 500\",\"isPartOf\":{\"@id\":\"https:\\\/\\\/staging.passione500.it\\\/de\\\/#website\"},\"primaryImageOfPage\":{\"@id\":\"https:\\\/\\\/staging.passione500.it\\\/de\\\/fiat-500-de\\\/fiat-autobianchi-500-giardiniera-de\\\/innere-teile-giard-de\\\/verlaengerung-aus-schwarz-kunststoff-fuer-kippschalter-hebel-fiat-500\\\/#primaryimage\"},\"image\":{\"@id\":\"https:\\\/\\\/staging.passione500.it\\\/de\\\/fiat-500-de\\\/fiat-autobianchi-500-giardiniera-de\\\/innere-teile-giard-de\\\/verlaengerung-aus-schwarz-kunststoff-fuer-kippschalter-hebel-fiat-500\\\/#primaryimage\"},\"thumbnailUrl\":\"https:\\\/\\\/staging.passione500.it\\\/wp-content\\\/uploads\\\/2024\\\/06\\\/prolunga-interr.jpg\",\"datePublished\":\"2024-06-04T15:12:56+00:00\",\"dateModified\":\"2024-06-04T16:14:30+00:00\",\"description\":\"Finden Sie die Verl\u00e4ngerung Kippschalter Hebel f\u00fcr Fiat 500 auf unserer Website. \u00dcber 3.000 Ersatzteile auf Lager.PROFITIEREN SIE VON UNSEREN ANGEBOTEN ! %\",\"breadcrumb\":{\"@id\":\"https:\\\/\\\/staging.passione500.it\\\/de\\\/fiat-500-de\\\/fiat-autobianchi-500-giardiniera-de\\\/innere-teile-giard-de\\\/verlaengerung-aus-schwarz-kunststoff-fuer-kippschalter-hebel-fiat-500\\\/#breadcrumb\"},\"inLanguage\":\"de\",\"potentialAction\":[{\"@type\":\"ReadAction\",\"target\":[\"https:\\\/\\\/staging.passione500.it\\\/de\\\/fiat-500-de\\\/fiat-autobianchi-500-giardiniera-de\\\/innere-teile-giard-de\\\/verlaengerung-aus-schwarz-kunststoff-fuer-kippschalter-hebel-fiat-500\\\/\"]}]},{\"@type\":\"ImageObject\",\"inLanguage\":\"de\",\"@id\":\"https:\\\/\\\/staging.passione500.it\\\/de\\\/fiat-500-de\\\/fiat-autobianchi-500-giardiniera-de\\\/innere-teile-giard-de\\\/verlaengerung-aus-schwarz-kunststoff-fuer-kippschalter-hebel-fiat-500\\\/#primaryimage\",\"url\":\"https:\\\/\\\/staging.passione500.it\\\/wp-content\\\/uploads\\\/2024\\\/06\\\/prolunga-interr.jpg\",\"contentUrl\":\"https:\\\/\\\/staging.passione500.it\\\/wp-content\\\/uploads\\\/2024\\\/06\\\/prolunga-interr.jpg\",\"width\":2048,\"height\":1536,\"caption\":\"prolunga interruttore Fiat 500\"},{\"@type\":\"BreadcrumbList\",\"@id\":\"https:\\\/\\\/staging.passione500.it\\\/de\\\/fiat-500-de\\\/fiat-autobianchi-500-giardiniera-de\\\/innere-teile-giard-de\\\/verlaengerung-aus-schwarz-kunststoff-fuer-kippschalter-hebel-fiat-500\\\/#breadcrumb\",\"itemListElement\":[{\"@type\":\"ListItem\",\"position\":1,\"name\":\"Home\",\"item\":\"https:\\\/\\\/passione500.it\\\/de\\\/\"},{\"@type\":\"ListItem\",\"position\":2,\"name\":\"Fiat 500\",\"item\":\"https:\\\/\\\/staging.passione500.it\\\/de\\\/fiat-500-de\\\/\"},{\"@type\":\"ListItem\",\"position\":3,\"name\":\"Fiat und Autobianchi 500 Giardiniera\",\"item\":\"https:\\\/\\\/staging.passione500.it\\\/de\\\/fiat-500-de\\\/fiat-autobianchi-500-giardiniera-de\\\/\"},{\"@type\":\"ListItem\",\"position\":4,\"name\":\"Innere Teile\",\"item\":\"https:\\\/\\\/staging.passione500.it\\\/de\\\/fiat-500-de\\\/fiat-autobianchi-500-giardiniera-de\\\/innere-teile-giard-de\\\/\"},{\"@type\":\"ListItem\",\"position\":5,\"name\":\"Verl\u00e4ngerung aus Schwarz Kunststoff f\u00fcr Kippschalter Hebel Fiat 500\"}]},{\"@type\":\"WebSite\",\"@id\":\"https:\\\/\\\/staging.passione500.it\\\/de\\\/#website\",\"url\":\"https:\\\/\\\/staging.passione500.it\\\/de\\\/\",\"name\":\"Passione 500\",\"description\":\"Ricambi Fiat 500 d&#039;Epoca\",\"publisher\":{\"@id\":\"https:\\\/\\\/staging.passione500.it\\\/de\\\/#organization\"},\"potentialAction\":[{\"@type\":\"SearchAction\",\"target\":{\"@type\":\"EntryPoint\",\"urlTemplate\":\"https:\\\/\\\/staging.passione500.it\\\/de\\\/?s={search_term_string}\"},\"query-input\":{\"@type\":\"PropertyValueSpecification\",\"valueRequired\":true,\"valueName\":\"search_term_string\"}}],\"inLanguage\":\"de\"},{\"@type\":\"Organization\",\"@id\":\"https:\\\/\\\/staging.passione500.it\\\/de\\\/#organization\",\"name\":\"Passione 500\",\"url\":\"https:\\\/\\\/staging.passione500.it\\\/de\\\/\",\"logo\":{\"@type\":\"ImageObject\",\"inLanguage\":\"de\",\"@id\":\"https:\\\/\\\/staging.passione500.it\\\/de\\\/#\\\/schema\\\/logo\\\/image\\\/\",\"url\":\"https:\\\/\\\/staging.passione500.it\\\/wp-content\\\/uploads\\\/2025\\\/12\\\/PASSIONE-LOGO-APPROVATO.png\",\"contentUrl\":\"https:\\\/\\\/staging.passione500.it\\\/wp-content\\\/uploads\\\/2025\\\/12\\\/PASSIONE-LOGO-APPROVATO.png\",\"width\":348,\"height\":125,\"caption\":\"Passione 500\"},\"image\":{\"@id\":\"https:\\\/\\\/staging.passione500.it\\\/de\\\/#\\\/schema\\\/logo\\\/image\\\/\"}}]}<\/script>\n<!-- \/ Yoast SEO plugin. -->","yoast_head_json":{"title":"Verl\u00e4ngerung Kippschalter Hebel Fiat 500 | Passione 500","description":"Finden Sie die Verl\u00e4ngerung Kippschalter Hebel f\u00fcr Fiat 500 auf unserer Website. \u00dcber 3.000 Ersatzteile auf Lager.PROFITIEREN SIE VON UNSEREN ANGEBOTEN ! %","robots":{"index":"noindex","follow":"follow","max-snippet":"max-snippet:-1","max-image-preview":"max-image-preview:large","max-video-preview":"max-video-preview:-1"},"og_locale":"de_DE","og_type":"article","og_title":"Verl\u00e4ngerung Kippschalter Hebel Fiat 500 | Passione 500","og_description":"Finden Sie die Verl\u00e4ngerung Kippschalter Hebel f\u00fcr Fiat 500 auf unserer Website. \u00dcber 3.000 Ersatzteile auf Lager.PROFITIEREN SIE VON UNSEREN ANGEBOTEN ! %","og_url":"https:\/\/staging.passione500.it\/de\/fiat-500-de\/fiat-autobianchi-500-giardiniera-de\/innere-teile-giard-de\/verlaengerung-aus-schwarz-kunststoff-fuer-kippschalter-hebel-fiat-500\/","og_site_name":"Passione 500","article_modified_time":"2024-06-04T16:14:30+00:00","og_image":[{"width":2048,"height":1536,"url":"https:\/\/passione500.it\/wp-content\/uploads\/2024\/06\/prolunga-interr.jpg","type":"image\/jpeg"}],"twitter_card":"summary_large_image","twitter_misc":{"Gesch\u00e4tzte Lesezeit":"1\u00a0Minute"},"schema":{"@context":"https:\/\/schema.org","@graph":[{"@type":"WebPage","@id":"https:\/\/staging.passione500.it\/de\/fiat-500-de\/fiat-autobianchi-500-giardiniera-de\/innere-teile-giard-de\/verlaengerung-aus-schwarz-kunststoff-fuer-kippschalter-hebel-fiat-500\/","url":"https:\/\/staging.passione500.it\/de\/fiat-500-de\/fiat-autobianchi-500-giardiniera-de\/innere-teile-giard-de\/verlaengerung-aus-schwarz-kunststoff-fuer-kippschalter-hebel-fiat-500\/","name":"Verl\u00e4ngerung Kippschalter Hebel Fiat 500 | Passione 500","isPartOf":{"@id":"https:\/\/staging.passione500.it\/de\/#website"},"primaryImageOfPage":{"@id":"https:\/\/staging.passione500.it\/de\/fiat-500-de\/fiat-autobianchi-500-giardiniera-de\/innere-teile-giard-de\/verlaengerung-aus-schwarz-kunststoff-fuer-kippschalter-hebel-fiat-500\/#primaryimage"},"image":{"@id":"https:\/\/staging.passione500.it\/de\/fiat-500-de\/fiat-autobianchi-500-giardiniera-de\/innere-teile-giard-de\/verlaengerung-aus-schwarz-kunststoff-fuer-kippschalter-hebel-fiat-500\/#primaryimage"},"thumbnailUrl":"https:\/\/staging.passione500.it\/wp-content\/uploads\/2024\/06\/prolunga-interr.jpg","datePublished":"2024-06-04T15:12:56+00:00","dateModified":"2024-06-04T16:14:30+00:00","description":"Finden Sie die Verl\u00e4ngerung Kippschalter Hebel f\u00fcr Fiat 500 auf unserer Website. \u00dcber 3.000 Ersatzteile auf Lager.PROFITIEREN SIE VON UNSEREN ANGEBOTEN ! %","breadcrumb":{"@id":"https:\/\/staging.passione500.it\/de\/fiat-500-de\/fiat-autobianchi-500-giardiniera-de\/innere-teile-giard-de\/verlaengerung-aus-schwarz-kunststoff-fuer-kippschalter-hebel-fiat-500\/#breadcrumb"},"inLanguage":"de","potentialAction":[{"@type":"ReadAction","target":["https:\/\/staging.passione500.it\/de\/fiat-500-de\/fiat-autobianchi-500-giardiniera-de\/innere-teile-giard-de\/verlaengerung-aus-schwarz-kunststoff-fuer-kippschalter-hebel-fiat-500\/"]}]},{"@type":"ImageObject","inLanguage":"de","@id":"https:\/\/staging.passione500.it\/de\/fiat-500-de\/fiat-autobianchi-500-giardiniera-de\/innere-teile-giard-de\/verlaengerung-aus-schwarz-kunststoff-fuer-kippschalter-hebel-fiat-500\/#primaryimage","url":"https:\/\/staging.passione500.it\/wp-content\/uploads\/2024\/06\/prolunga-interr.jpg","contentUrl":"https:\/\/staging.passione500.it\/wp-content\/uploads\/2024\/06\/prolunga-interr.jpg","width":2048,"height":1536,"caption":"prolunga interruttore Fiat 500"},{"@type":"BreadcrumbList","@id":"https:\/\/staging.passione500.it\/de\/fiat-500-de\/fiat-autobianchi-500-giardiniera-de\/innere-teile-giard-de\/verlaengerung-aus-schwarz-kunststoff-fuer-kippschalter-hebel-fiat-500\/#breadcrumb","itemListElement":[{"@type":"ListItem","position":1,"name":"Home","item":"https:\/\/passione500.it\/de\/"},{"@type":"ListItem","position":2,"name":"Fiat 500","item":"https:\/\/staging.passione500.it\/de\/fiat-500-de\/"},{"@type":"ListItem","position":3,"name":"Fiat und Autobianchi 500 Giardiniera","item":"https:\/\/staging.passione500.it\/de\/fiat-500-de\/fiat-autobianchi-500-giardiniera-de\/"},{"@type":"ListItem","position":4,"name":"Innere Teile","item":"https:\/\/staging.passione500.it\/de\/fiat-500-de\/fiat-autobianchi-500-giardiniera-de\/innere-teile-giard-de\/"},{"@type":"ListItem","position":5,"name":"Verl\u00e4ngerung aus Schwarz Kunststoff f\u00fcr Kippschalter Hebel Fiat 500"}]},{"@type":"WebSite","@id":"https:\/\/staging.passione500.it\/de\/#website","url":"https:\/\/staging.passione500.it\/de\/","name":"Passione 500","description":"Ricambi Fiat 500 d&#039;Epoca","publisher":{"@id":"https:\/\/staging.passione500.it\/de\/#organization"},"potentialAction":[{"@type":"SearchAction","target":{"@type":"EntryPoint","urlTemplate":"https:\/\/staging.passione500.it\/de\/?s={search_term_string}"},"query-input":{"@type":"PropertyValueSpecification","valueRequired":true,"valueName":"search_term_string"}}],"inLanguage":"de"},{"@type":"Organization","@id":"https:\/\/staging.passione500.it\/de\/#organization","name":"Passione 500","url":"https:\/\/staging.passione500.it\/de\/","logo":{"@type":"ImageObject","inLanguage":"de","@id":"https:\/\/staging.passione500.it\/de\/#\/schema\/logo\/image\/","url":"https:\/\/staging.passione500.it\/wp-content\/uploads\/2025\/12\/PASSIONE-LOGO-APPROVATO.png","contentUrl":"https:\/\/staging.passione500.it\/wp-content\/uploads\/2025\/12\/PASSIONE-LOGO-APPROVATO.png","width":348,"height":125,"caption":"Passione 500"},"image":{"@id":"https:\/\/staging.passione500.it\/de\/#\/schema\/logo\/image\/"}}]}},"_links":{"self":[{"href":"https:\/\/staging.passione500.it\/de\/wp-json\/wp\/v2\/product\/18319","targetHints":{"allow":["GET"]}}],"collection":[{"href":"https:\/\/staging.passione500.it\/de\/wp-json\/wp\/v2\/product"}],"about":[{"href":"https:\/\/staging.passione500.it\/de\/wp-json\/wp\/v2\/types\/product"}],"wp:featuredmedia":[{"embeddable":true,"href":"https:\/\/staging.passione500.it\/de\/wp-json\/wp\/v2\/media\/18325"}],"wp:attachment":[{"href":"https:\/\/staging.passione500.it\/de\/wp-json\/wp\/v2\/media?parent=18319"}],"wp:term":[{"taxonomy":"product_brand","embeddable":true,"href":"https:\/\/staging.passione500.it\/de\/wp-json\/wp\/v2\/product_brand?post=18319"},{"taxonomy":"product_cat","embeddable":true,"href":"https:\/\/staging.passione500.it\/de\/wp-json\/wp\/v2\/product_cat?post=18319"},{"taxonomy":"product_tag","embeddable":true,"href":"https:\/\/staging.passione500.it\/de\/wp-json\/wp\/v2\/product_tag?post=18319"}],"curies":[{"name":"wp","href":"https:\/\/api.w.org\/{rel}","templated":true}]}}