{"id":18053,"date":"2024-05-29T10:00:44","date_gmt":"2024-05-29T08:00:44","guid":{"rendered":"https:\/\/staging.passione500.it\/?post_type=product&#038;p=18053"},"modified":"2026-02-10T14:58:24","modified_gmt":"2026-02-10T13:58:24","slug":"verdeckbezug-blau-lang-komplett-mit-verdeckrahmen-grau-vorne-fiat-500-n-trasformabile-version-von-ord-n-fuer-ersatzzwecke-088619-d-anpassungsfaehig","status":"publish","type":"product","link":"https:\/\/staging.passione500.it\/de\/fiat-500-de\/fiat-500-n-de\/verdeck-und-sonstiges-n-de\/verdeckbezug-blau-lang-komplett-mit-verdeckrahmen-grau-vorne-fiat-500-n-trasformabile-version-von-ord-n-fuer-ersatzzwecke-088619-d-anpassungsfaehig\/","title":{"rendered":"Verdeckbezug Blau Lang Komplett mit Verdeckrahmen Grau Vorne Fiat 500 N Trasformabile version (von ord. n.\u00b0 f\u00fcr ersatzzwecke 088619) \u2013 D (Anpassungsf\u00e4hig)"},"content":{"rendered":"<h4>F\u00fcr ein komplettes Auto muss 1 St\u00fcck gekauft werden<\/h4>\n<h4>\u00dcberpr\u00fcfen Sie die &#8222;ord. n.\u00b0 f\u00fcr ersatzzwecke&#8220; auf dem Alu Fahrzeugrahmen Typenschild Ihres Autos<\/h4>\n<p><img decoding=\"async\" class=\"alignnone wp-image-5690\" src=\"https:\/\/staging.passione500.it\/wp-content\/uploads\/2022\/10\/nr_per-_ricambi-1-300x225.jpg\" alt=\"\" width=\"349\" height=\"262\"><\/p>\n<h4>Beim Fiat 500 N Tetto Apribile version und Fiat 500 D besteht die M\u00f6glichkeit, sie anstelle des originalen kurzen Verdecks und Hardtops zu montieren<\/h4>\n<h4>Verdeck schwarz komplett beinhalten:<\/h4>\n<ul>\n<li>\n<h4>nr.1 Verdeckbezug Blau Lang \u2013 Artikel code CAP4D<\/h4>\n<\/li>\n<li>\n<h4>nr.1 verdeckrahmen grau vorne \u2013 artikel code CAP37B<\/h4>\n<\/li>\n<li>\n<h4>nr.1 verdeckleiste grau vorne<\/h4>\n<\/li>\n<li>\n<h4>nr.3 verdeckleiste grau mitte<\/h4>\n<\/li>\n<li>\n<h4>nr.6 verdeckniete vernickelt \u2013 artikel code CAP32<\/h4>\n<\/li>\n<li>\n<h4>nr.6 gummikappe aussen f\u00fcr mittlere verdeckleiste \u2013 artikel code CAP37<\/h4>\n<\/li>\n<\/ul>\n<p>&nbsp;<\/p>\n","protected":false},"excerpt":{"rendered":"<p>Prodotto in offerta fino a maggio.<\/p>\n","protected":false},"featured_media":50851,"template":"","meta":{"_et_pb_use_builder":"","_et_pb_old_content":"","_et_gb_content_width":""},"product_brand":[],"product_cat":[2460,687,1289],"product_tag":[],"class_list":{"0":"post-18053","1":"product","2":"type-product","3":"status-publish","4":"has-post-thumbnail","6":"product_cat-verdeck-und-sonstiges-tt-de","7":"product_cat-verdeck-und-sonstiges-n-de","8":"product_cat-verdeck-und-sonstiges-d-de","9":"product_shipping_class-versand-1","11":"first","12":"instock","13":"taxable","14":"shipping-taxable","15":"purchasable","16":"product-type-simple"},"yoast_head":"<!-- This site is optimized with the Yoast SEO plugin v27.3 - https:\/\/yoast.com\/product\/yoast-seo-wordpress\/ -->\n<title>Verdeckbezug Blau Lang Komplett Fiat 500 N D | Passione 500<\/title>\n<meta name=\"description\" content=\"Finden Sie auf unserer Website Langes Verdeck mit blauem Stoff Fiat 500 N D. \u00dcber 3.000 Teile auf Lager. PROFITIEREN SIE VON UNSEREN ANGEBOTEN !\" \/>\n<meta name=\"robots\" content=\"noindex, follow, max-snippet:-1, max-image-preview:large, max-video-preview:-1\" \/>\n<meta property=\"og:locale\" content=\"de_DE\" \/>\n<meta property=\"og:type\" content=\"article\" \/>\n<meta property=\"og:title\" content=\"Verdeckbezug Blau Lang Komplett Fiat 500 N D | Passione 500\" \/>\n<meta property=\"og:description\" content=\"Finden Sie auf unserer Website Langes Verdeck mit blauem Stoff Fiat 500 N D. \u00dcber 3.000 Teile auf Lager. PROFITIEREN SIE VON UNSEREN ANGEBOTEN !\" \/>\n<meta property=\"og:url\" content=\"https:\/\/staging.passione500.it\/de\/fiat-500-de\/fiat-500-n-de\/verdeck-und-sonstiges-n-de\/verdeckbezug-blau-lang-komplett-mit-verdeckrahmen-grau-vorne-fiat-500-n-trasformabile-version-von-ord-n-fuer-ersatzzwecke-088619-d-anpassungsfaehig\/\" \/>\n<meta property=\"og:site_name\" content=\"Passione 500\" \/>\n<meta property=\"article:modified_time\" content=\"2026-02-10T13:58:24+00:00\" \/>\n<meta property=\"og:image\" content=\"https:\/\/passione500.it\/wp-content\/uploads\/2024\/05\/IMG_3751_1.jpg\" \/>\n\t<meta property=\"og:image:width\" content=\"1536\" \/>\n\t<meta property=\"og:image:height\" content=\"2048\" \/>\n\t<meta property=\"og:image:type\" content=\"image\/jpeg\" \/>\n<meta name=\"twitter:card\" content=\"summary_large_image\" \/>\n<meta name=\"twitter:label1\" content=\"Gesch\u00e4tzte Lesezeit\" \/>\n\t<meta name=\"twitter:data1\" content=\"1\u00a0Minute\" \/>\n<script type=\"application\/ld+json\" class=\"yoast-schema-graph\">{\"@context\":\"https:\\\/\\\/schema.org\",\"@graph\":[{\"@type\":\"WebPage\",\"@id\":\"https:\\\/\\\/staging.passione500.it\\\/de\\\/fiat-500-de\\\/fiat-500-n-de\\\/verdeck-und-sonstiges-n-de\\\/verdeckbezug-blau-lang-komplett-mit-verdeckrahmen-grau-vorne-fiat-500-n-trasformabile-version-von-ord-n-fuer-ersatzzwecke-088619-d-anpassungsfaehig\\\/\",\"url\":\"https:\\\/\\\/staging.passione500.it\\\/de\\\/fiat-500-de\\\/fiat-500-n-de\\\/verdeck-und-sonstiges-n-de\\\/verdeckbezug-blau-lang-komplett-mit-verdeckrahmen-grau-vorne-fiat-500-n-trasformabile-version-von-ord-n-fuer-ersatzzwecke-088619-d-anpassungsfaehig\\\/\",\"name\":\"Verdeckbezug Blau Lang Komplett Fiat 500 N D | Passione 500\",\"isPartOf\":{\"@id\":\"https:\\\/\\\/staging.passione500.it\\\/de\\\/#website\"},\"primaryImageOfPage\":{\"@id\":\"https:\\\/\\\/staging.passione500.it\\\/de\\\/fiat-500-de\\\/fiat-500-n-de\\\/verdeck-und-sonstiges-n-de\\\/verdeckbezug-blau-lang-komplett-mit-verdeckrahmen-grau-vorne-fiat-500-n-trasformabile-version-von-ord-n-fuer-ersatzzwecke-088619-d-anpassungsfaehig\\\/#primaryimage\"},\"image\":{\"@id\":\"https:\\\/\\\/staging.passione500.it\\\/de\\\/fiat-500-de\\\/fiat-500-n-de\\\/verdeck-und-sonstiges-n-de\\\/verdeckbezug-blau-lang-komplett-mit-verdeckrahmen-grau-vorne-fiat-500-n-trasformabile-version-von-ord-n-fuer-ersatzzwecke-088619-d-anpassungsfaehig\\\/#primaryimage\"},\"thumbnailUrl\":\"https:\\\/\\\/staging.passione500.it\\\/wp-content\\\/uploads\\\/2024\\\/05\\\/IMG_3751.jpg\",\"datePublished\":\"2024-05-29T08:00:44+00:00\",\"dateModified\":\"2026-02-10T13:58:24+00:00\",\"description\":\"Finden Sie auf unserer Website Langes Verdeck mit blauem Stoff Fiat 500 N D. \u00dcber 3.000 Teile auf Lager. PROFITIEREN SIE VON UNSEREN ANGEBOTEN !\",\"breadcrumb\":{\"@id\":\"https:\\\/\\\/staging.passione500.it\\\/de\\\/fiat-500-de\\\/fiat-500-n-de\\\/verdeck-und-sonstiges-n-de\\\/verdeckbezug-blau-lang-komplett-mit-verdeckrahmen-grau-vorne-fiat-500-n-trasformabile-version-von-ord-n-fuer-ersatzzwecke-088619-d-anpassungsfaehig\\\/#breadcrumb\"},\"inLanguage\":\"de\",\"potentialAction\":[{\"@type\":\"ReadAction\",\"target\":[\"https:\\\/\\\/staging.passione500.it\\\/de\\\/fiat-500-de\\\/fiat-500-n-de\\\/verdeck-und-sonstiges-n-de\\\/verdeckbezug-blau-lang-komplett-mit-verdeckrahmen-grau-vorne-fiat-500-n-trasformabile-version-von-ord-n-fuer-ersatzzwecke-088619-d-anpassungsfaehig\\\/\"]}]},{\"@type\":\"ImageObject\",\"inLanguage\":\"de\",\"@id\":\"https:\\\/\\\/staging.passione500.it\\\/de\\\/fiat-500-de\\\/fiat-500-n-de\\\/verdeck-und-sonstiges-n-de\\\/verdeckbezug-blau-lang-komplett-mit-verdeckrahmen-grau-vorne-fiat-500-n-trasformabile-version-von-ord-n-fuer-ersatzzwecke-088619-d-anpassungsfaehig\\\/#primaryimage\",\"url\":\"https:\\\/\\\/staging.passione500.it\\\/wp-content\\\/uploads\\\/2024\\\/05\\\/IMG_3751.jpg\",\"contentUrl\":\"https:\\\/\\\/staging.passione500.it\\\/wp-content\\\/uploads\\\/2024\\\/05\\\/IMG_3751.jpg\",\"width\":1536,\"height\":2048,\"caption\":\"capote completa blu Fiat 500 N\"},{\"@type\":\"BreadcrumbList\",\"@id\":\"https:\\\/\\\/staging.passione500.it\\\/de\\\/fiat-500-de\\\/fiat-500-n-de\\\/verdeck-und-sonstiges-n-de\\\/verdeckbezug-blau-lang-komplett-mit-verdeckrahmen-grau-vorne-fiat-500-n-trasformabile-version-von-ord-n-fuer-ersatzzwecke-088619-d-anpassungsfaehig\\\/#breadcrumb\",\"itemListElement\":[{\"@type\":\"ListItem\",\"position\":1,\"name\":\"Home\",\"item\":\"https:\\\/\\\/passione500.it\\\/de\\\/\"},{\"@type\":\"ListItem\",\"position\":2,\"name\":\"Fiat 500\",\"item\":\"https:\\\/\\\/staging.passione500.it\\\/de\\\/fiat-500-de\\\/\"},{\"@type\":\"ListItem\",\"position\":3,\"name\":\"Fiat 500 N\",\"item\":\"https:\\\/\\\/staging.passione500.it\\\/de\\\/fiat-500-de\\\/fiat-500-n-de\\\/\"},{\"@type\":\"ListItem\",\"position\":4,\"name\":\"Verdeck und Sonstiges\",\"item\":\"https:\\\/\\\/staging.passione500.it\\\/de\\\/fiat-500-de\\\/fiat-500-n-de\\\/verdeck-und-sonstiges-n-de\\\/\"},{\"@type\":\"ListItem\",\"position\":5,\"name\":\"Verdeckbezug Blau Lang Komplett mit Verdeckrahmen Grau Vorne Fiat 500 N Trasformabile version (von ord. n.\u00b0 f\u00fcr ersatzzwecke 088619) \u2013 D (Anpassungsf\u00e4hig)\"}]},{\"@type\":\"WebSite\",\"@id\":\"https:\\\/\\\/staging.passione500.it\\\/de\\\/#website\",\"url\":\"https:\\\/\\\/staging.passione500.it\\\/de\\\/\",\"name\":\"Passione 500\",\"description\":\"Ricambi Fiat 500 d&#039;Epoca\",\"publisher\":{\"@id\":\"https:\\\/\\\/staging.passione500.it\\\/de\\\/#organization\"},\"potentialAction\":[{\"@type\":\"SearchAction\",\"target\":{\"@type\":\"EntryPoint\",\"urlTemplate\":\"https:\\\/\\\/staging.passione500.it\\\/de\\\/?s={search_term_string}\"},\"query-input\":{\"@type\":\"PropertyValueSpecification\",\"valueRequired\":true,\"valueName\":\"search_term_string\"}}],\"inLanguage\":\"de\"},{\"@type\":\"Organization\",\"@id\":\"https:\\\/\\\/staging.passione500.it\\\/de\\\/#organization\",\"name\":\"Passione 500\",\"url\":\"https:\\\/\\\/staging.passione500.it\\\/de\\\/\",\"logo\":{\"@type\":\"ImageObject\",\"inLanguage\":\"de\",\"@id\":\"https:\\\/\\\/staging.passione500.it\\\/de\\\/#\\\/schema\\\/logo\\\/image\\\/\",\"url\":\"https:\\\/\\\/staging.passione500.it\\\/wp-content\\\/uploads\\\/2025\\\/12\\\/PASSIONE-LOGO-APPROVATO.png\",\"contentUrl\":\"https:\\\/\\\/staging.passione500.it\\\/wp-content\\\/uploads\\\/2025\\\/12\\\/PASSIONE-LOGO-APPROVATO.png\",\"width\":348,\"height\":125,\"caption\":\"Passione 500\"},\"image\":{\"@id\":\"https:\\\/\\\/staging.passione500.it\\\/de\\\/#\\\/schema\\\/logo\\\/image\\\/\"}}]}<\/script>\n<!-- \/ Yoast SEO plugin. -->","yoast_head_json":{"title":"Verdeckbezug Blau Lang Komplett Fiat 500 N D | Passione 500","description":"Finden Sie auf unserer Website Langes Verdeck mit blauem Stoff Fiat 500 N D. \u00dcber 3.000 Teile auf Lager. PROFITIEREN SIE VON UNSEREN ANGEBOTEN !","robots":{"index":"noindex","follow":"follow","max-snippet":"max-snippet:-1","max-image-preview":"max-image-preview:large","max-video-preview":"max-video-preview:-1"},"og_locale":"de_DE","og_type":"article","og_title":"Verdeckbezug Blau Lang Komplett Fiat 500 N D | Passione 500","og_description":"Finden Sie auf unserer Website Langes Verdeck mit blauem Stoff Fiat 500 N D. \u00dcber 3.000 Teile auf Lager. PROFITIEREN SIE VON UNSEREN ANGEBOTEN !","og_url":"https:\/\/staging.passione500.it\/de\/fiat-500-de\/fiat-500-n-de\/verdeck-und-sonstiges-n-de\/verdeckbezug-blau-lang-komplett-mit-verdeckrahmen-grau-vorne-fiat-500-n-trasformabile-version-von-ord-n-fuer-ersatzzwecke-088619-d-anpassungsfaehig\/","og_site_name":"Passione 500","article_modified_time":"2026-02-10T13:58:24+00:00","og_image":[{"width":1536,"height":2048,"url":"https:\/\/passione500.it\/wp-content\/uploads\/2024\/05\/IMG_3751_1.jpg","type":"image\/jpeg"}],"twitter_card":"summary_large_image","twitter_misc":{"Gesch\u00e4tzte Lesezeit":"1\u00a0Minute"},"schema":{"@context":"https:\/\/schema.org","@graph":[{"@type":"WebPage","@id":"https:\/\/staging.passione500.it\/de\/fiat-500-de\/fiat-500-n-de\/verdeck-und-sonstiges-n-de\/verdeckbezug-blau-lang-komplett-mit-verdeckrahmen-grau-vorne-fiat-500-n-trasformabile-version-von-ord-n-fuer-ersatzzwecke-088619-d-anpassungsfaehig\/","url":"https:\/\/staging.passione500.it\/de\/fiat-500-de\/fiat-500-n-de\/verdeck-und-sonstiges-n-de\/verdeckbezug-blau-lang-komplett-mit-verdeckrahmen-grau-vorne-fiat-500-n-trasformabile-version-von-ord-n-fuer-ersatzzwecke-088619-d-anpassungsfaehig\/","name":"Verdeckbezug Blau Lang Komplett Fiat 500 N D | Passione 500","isPartOf":{"@id":"https:\/\/staging.passione500.it\/de\/#website"},"primaryImageOfPage":{"@id":"https:\/\/staging.passione500.it\/de\/fiat-500-de\/fiat-500-n-de\/verdeck-und-sonstiges-n-de\/verdeckbezug-blau-lang-komplett-mit-verdeckrahmen-grau-vorne-fiat-500-n-trasformabile-version-von-ord-n-fuer-ersatzzwecke-088619-d-anpassungsfaehig\/#primaryimage"},"image":{"@id":"https:\/\/staging.passione500.it\/de\/fiat-500-de\/fiat-500-n-de\/verdeck-und-sonstiges-n-de\/verdeckbezug-blau-lang-komplett-mit-verdeckrahmen-grau-vorne-fiat-500-n-trasformabile-version-von-ord-n-fuer-ersatzzwecke-088619-d-anpassungsfaehig\/#primaryimage"},"thumbnailUrl":"https:\/\/staging.passione500.it\/wp-content\/uploads\/2024\/05\/IMG_3751.jpg","datePublished":"2024-05-29T08:00:44+00:00","dateModified":"2026-02-10T13:58:24+00:00","description":"Finden Sie auf unserer Website Langes Verdeck mit blauem Stoff Fiat 500 N D. \u00dcber 3.000 Teile auf Lager. PROFITIEREN SIE VON UNSEREN ANGEBOTEN !","breadcrumb":{"@id":"https:\/\/staging.passione500.it\/de\/fiat-500-de\/fiat-500-n-de\/verdeck-und-sonstiges-n-de\/verdeckbezug-blau-lang-komplett-mit-verdeckrahmen-grau-vorne-fiat-500-n-trasformabile-version-von-ord-n-fuer-ersatzzwecke-088619-d-anpassungsfaehig\/#breadcrumb"},"inLanguage":"de","potentialAction":[{"@type":"ReadAction","target":["https:\/\/staging.passione500.it\/de\/fiat-500-de\/fiat-500-n-de\/verdeck-und-sonstiges-n-de\/verdeckbezug-blau-lang-komplett-mit-verdeckrahmen-grau-vorne-fiat-500-n-trasformabile-version-von-ord-n-fuer-ersatzzwecke-088619-d-anpassungsfaehig\/"]}]},{"@type":"ImageObject","inLanguage":"de","@id":"https:\/\/staging.passione500.it\/de\/fiat-500-de\/fiat-500-n-de\/verdeck-und-sonstiges-n-de\/verdeckbezug-blau-lang-komplett-mit-verdeckrahmen-grau-vorne-fiat-500-n-trasformabile-version-von-ord-n-fuer-ersatzzwecke-088619-d-anpassungsfaehig\/#primaryimage","url":"https:\/\/staging.passione500.it\/wp-content\/uploads\/2024\/05\/IMG_3751.jpg","contentUrl":"https:\/\/staging.passione500.it\/wp-content\/uploads\/2024\/05\/IMG_3751.jpg","width":1536,"height":2048,"caption":"capote completa blu Fiat 500 N"},{"@type":"BreadcrumbList","@id":"https:\/\/staging.passione500.it\/de\/fiat-500-de\/fiat-500-n-de\/verdeck-und-sonstiges-n-de\/verdeckbezug-blau-lang-komplett-mit-verdeckrahmen-grau-vorne-fiat-500-n-trasformabile-version-von-ord-n-fuer-ersatzzwecke-088619-d-anpassungsfaehig\/#breadcrumb","itemListElement":[{"@type":"ListItem","position":1,"name":"Home","item":"https:\/\/passione500.it\/de\/"},{"@type":"ListItem","position":2,"name":"Fiat 500","item":"https:\/\/staging.passione500.it\/de\/fiat-500-de\/"},{"@type":"ListItem","position":3,"name":"Fiat 500 N","item":"https:\/\/staging.passione500.it\/de\/fiat-500-de\/fiat-500-n-de\/"},{"@type":"ListItem","position":4,"name":"Verdeck und Sonstiges","item":"https:\/\/staging.passione500.it\/de\/fiat-500-de\/fiat-500-n-de\/verdeck-und-sonstiges-n-de\/"},{"@type":"ListItem","position":5,"name":"Verdeckbezug Blau Lang Komplett mit Verdeckrahmen Grau Vorne Fiat 500 N Trasformabile version (von ord. n.\u00b0 f\u00fcr ersatzzwecke 088619) \u2013 D (Anpassungsf\u00e4hig)"}]},{"@type":"WebSite","@id":"https:\/\/staging.passione500.it\/de\/#website","url":"https:\/\/staging.passione500.it\/de\/","name":"Passione 500","description":"Ricambi Fiat 500 d&#039;Epoca","publisher":{"@id":"https:\/\/staging.passione500.it\/de\/#organization"},"potentialAction":[{"@type":"SearchAction","target":{"@type":"EntryPoint","urlTemplate":"https:\/\/staging.passione500.it\/de\/?s={search_term_string}"},"query-input":{"@type":"PropertyValueSpecification","valueRequired":true,"valueName":"search_term_string"}}],"inLanguage":"de"},{"@type":"Organization","@id":"https:\/\/staging.passione500.it\/de\/#organization","name":"Passione 500","url":"https:\/\/staging.passione500.it\/de\/","logo":{"@type":"ImageObject","inLanguage":"de","@id":"https:\/\/staging.passione500.it\/de\/#\/schema\/logo\/image\/","url":"https:\/\/staging.passione500.it\/wp-content\/uploads\/2025\/12\/PASSIONE-LOGO-APPROVATO.png","contentUrl":"https:\/\/staging.passione500.it\/wp-content\/uploads\/2025\/12\/PASSIONE-LOGO-APPROVATO.png","width":348,"height":125,"caption":"Passione 500"},"image":{"@id":"https:\/\/staging.passione500.it\/de\/#\/schema\/logo\/image\/"}}]}},"_links":{"self":[{"href":"https:\/\/staging.passione500.it\/de\/wp-json\/wp\/v2\/product\/18053","targetHints":{"allow":["GET"]}}],"collection":[{"href":"https:\/\/staging.passione500.it\/de\/wp-json\/wp\/v2\/product"}],"about":[{"href":"https:\/\/staging.passione500.it\/de\/wp-json\/wp\/v2\/types\/product"}],"wp:featuredmedia":[{"embeddable":true,"href":"https:\/\/staging.passione500.it\/de\/wp-json\/wp\/v2\/media\/50851"}],"wp:attachment":[{"href":"https:\/\/staging.passione500.it\/de\/wp-json\/wp\/v2\/media?parent=18053"}],"wp:term":[{"taxonomy":"product_brand","embeddable":true,"href":"https:\/\/staging.passione500.it\/de\/wp-json\/wp\/v2\/product_brand?post=18053"},{"taxonomy":"product_cat","embeddable":true,"href":"https:\/\/staging.passione500.it\/de\/wp-json\/wp\/v2\/product_cat?post=18053"},{"taxonomy":"product_tag","embeddable":true,"href":"https:\/\/staging.passione500.it\/de\/wp-json\/wp\/v2\/product_tag?post=18053"}],"curies":[{"name":"wp","href":"https:\/\/api.w.org\/{rel}","templated":true}]}}