{"id":16947,"date":"2024-04-30T16:21:19","date_gmt":"2024-04-30T14:21:19","guid":{"rendered":"https:\/\/staging.passione500.it\/?post_type=product&#038;p=16947"},"modified":"2026-03-13T16:02:29","modified_gmt":"2026-03-13T15:02:29","slug":"zuendkabelsatz-mit-kohlefaser-rot-farbe-kabelabschnitt-7-mm2-fiat-500-n-d-f-bis-zu-ord-n-fuer-ersatzzwecke-1732666","status":"publish","type":"product","link":"https:\/\/staging.passione500.it\/de\/fiat-500-de\/fiat-500-f-de\/elektrische-system-f-de\/verteiler-und-sonstiges-f-de\/zuendkabelsatz-mit-kohlefaser-rot-farbe-kabelabschnitt-7-mm2-fiat-500-n-d-f-bis-zu-ord-n-fuer-ersatzzwecke-1732666\/","title":{"rendered":"Z\u00fcndkabelsatz mit Kohlefaser &#8211; Rot Farbe Kabelabschnitt 7 mm2 &#8211; Fiat 500 N &#8211; D &#8211; F (bis zu ord. n.\u00b0 f\u00fcr ersatzzwecke 1732666)"},"content":{"rendered":"<h4>F\u00fcr ein komplettes Auto muss 1 Set gekauft werden<\/h4>\n<h4>f\u00fcr Z\u00fcndspule links &#8211; Fahrerseite<\/h4>\n<h4>&#8211; Kompatibles Ersatzteil, das jedoch nicht in der Originalkonfiguration des Fahrzeugs verwendet wird (Zubeh\u00f6r)<\/h4>\n<h4>\u00dcberpr\u00fcfen Sie die &#8222;ord. n.\u00b0 f\u00fcr ersatzzwecke&#8220; auf dem Alu Fahrzeugrahmen Typenschild Ihres Autos<\/h4>\n<p><img decoding=\"async\" class=\"alignnone wp-image-5690\" src=\"https:\/\/staging.passione500.it\/wp-content\/uploads\/2022\/10\/nr_per-_ricambi-1-300x225.jpg\" alt=\"\" width=\"349\" height=\"262\" \/><\/p>\n","protected":false},"excerpt":{"rendered":"<p>Prodotto in offerta fino a maggio.<\/p>\n","protected":false},"featured_media":16953,"template":"","meta":{"_et_pb_use_builder":"","_et_pb_old_content":"","_et_gb_content_width":""},"product_brand":[],"product_cat":[2043,2044,2511,718,2048,2049,2514,721,912,2163,2164],"product_tag":[],"class_list":{"0":"post-16947","1":"product","2":"type-product","3":"status-publish","4":"has-post-thumbnail","6":"product_cat-verteiler-und-sonstiges-d-de","7":"product_cat-verteiler-und-sonstiges-f-de","8":"product_cat-verteiler-und-sonstiges-tt-de","9":"product_cat-verteiler-und-sonstiges-n-de","10":"product_cat-elektrische-system-sonstiges-d-de","11":"product_cat-elektrische-system-sonstiges-f-de","12":"product_cat-elektrische-system-sonstiges-tt-de","13":"product_cat-elektrische-system-sonstiges-n-de","14":"product_cat-sport-ersatzteile-n-de","15":"product_cat-sport-ersatzteile-d-de","16":"product_cat-sport-ersatzteile-f-de","17":"product_shipping_class-versand-1","19":"first","20":"instock","21":"taxable","22":"shipping-taxable","23":"purchasable","24":"product-type-simple"},"yoast_head":"<!-- This site is optimized with the Yoast SEO plugin v27.3 - https:\/\/yoast.com\/product\/yoast-seo-wordpress\/ -->\n<title>Z\u00fcndkabelsatz Fiat 500 | Passione 500<\/title>\n<meta name=\"description\" content=\"Finden Sie die Z\u00fcndkabelsatz f\u00fcr Fiat 500 auf unserer Website. \u00dcber 3.000 Ersatzteile auf Lager.PROFITIEREN SIE VON UNSEREN ANGEBOTEN ! %\" \/>\n<meta name=\"robots\" content=\"noindex, follow, max-snippet:-1, max-image-preview:large, max-video-preview:-1\" \/>\n<meta property=\"og:locale\" content=\"de_DE\" \/>\n<meta property=\"og:type\" content=\"article\" \/>\n<meta property=\"og:title\" content=\"Z\u00fcndkabelsatz Fiat 500 | Passione 500\" \/>\n<meta property=\"og:description\" content=\"Finden Sie die Z\u00fcndkabelsatz f\u00fcr Fiat 500 auf unserer Website. \u00dcber 3.000 Ersatzteile auf Lager.PROFITIEREN SIE VON UNSEREN ANGEBOTEN ! %\" \/>\n<meta property=\"og:url\" content=\"https:\/\/staging.passione500.it\/de\/fiat-500-de\/fiat-500-f-de\/elektrische-system-f-de\/verteiler-und-sonstiges-f-de\/zuendkabelsatz-mit-kohlefaser-rot-farbe-kabelabschnitt-7-mm2-fiat-500-n-d-f-bis-zu-ord-n-fuer-ersatzzwecke-1732666\/\" \/>\n<meta property=\"og:site_name\" content=\"Passione 500\" \/>\n<meta property=\"article:modified_time\" content=\"2026-03-13T15:02:29+00:00\" \/>\n<meta property=\"og:image\" content=\"https:\/\/passione500.it\/wp-content\/uploads\/2024\/04\/cavi-candela-rossi-DF.jpg\" \/>\n\t<meta property=\"og:image:width\" content=\"2048\" \/>\n\t<meta property=\"og:image:height\" content=\"1536\" \/>\n\t<meta property=\"og:image:type\" content=\"image\/jpeg\" \/>\n<meta name=\"twitter:card\" content=\"summary_large_image\" \/>\n<meta name=\"twitter:label1\" content=\"Gesch\u00e4tzte Lesezeit\" \/>\n\t<meta name=\"twitter:data1\" content=\"1\u00a0Minute\" \/>\n<script type=\"application\/ld+json\" class=\"yoast-schema-graph\">{\"@context\":\"https:\\\/\\\/schema.org\",\"@graph\":[{\"@type\":\"WebPage\",\"@id\":\"https:\\\/\\\/staging.passione500.it\\\/de\\\/fiat-500-de\\\/fiat-500-f-de\\\/elektrische-system-f-de\\\/verteiler-und-sonstiges-f-de\\\/zuendkabelsatz-mit-kohlefaser-rot-farbe-kabelabschnitt-7-mm2-fiat-500-n-d-f-bis-zu-ord-n-fuer-ersatzzwecke-1732666\\\/\",\"url\":\"https:\\\/\\\/staging.passione500.it\\\/de\\\/fiat-500-de\\\/fiat-500-f-de\\\/elektrische-system-f-de\\\/verteiler-und-sonstiges-f-de\\\/zuendkabelsatz-mit-kohlefaser-rot-farbe-kabelabschnitt-7-mm2-fiat-500-n-d-f-bis-zu-ord-n-fuer-ersatzzwecke-1732666\\\/\",\"name\":\"Z\u00fcndkabelsatz Fiat 500 | Passione 500\",\"isPartOf\":{\"@id\":\"https:\\\/\\\/staging.passione500.it\\\/de\\\/#website\"},\"primaryImageOfPage\":{\"@id\":\"https:\\\/\\\/staging.passione500.it\\\/de\\\/fiat-500-de\\\/fiat-500-f-de\\\/elektrische-system-f-de\\\/verteiler-und-sonstiges-f-de\\\/zuendkabelsatz-mit-kohlefaser-rot-farbe-kabelabschnitt-7-mm2-fiat-500-n-d-f-bis-zu-ord-n-fuer-ersatzzwecke-1732666\\\/#primaryimage\"},\"image\":{\"@id\":\"https:\\\/\\\/staging.passione500.it\\\/de\\\/fiat-500-de\\\/fiat-500-f-de\\\/elektrische-system-f-de\\\/verteiler-und-sonstiges-f-de\\\/zuendkabelsatz-mit-kohlefaser-rot-farbe-kabelabschnitt-7-mm2-fiat-500-n-d-f-bis-zu-ord-n-fuer-ersatzzwecke-1732666\\\/#primaryimage\"},\"thumbnailUrl\":\"https:\\\/\\\/staging.passione500.it\\\/wp-content\\\/uploads\\\/2024\\\/04\\\/cavi-candela-rossi-DF.jpg\",\"datePublished\":\"2024-04-30T14:21:19+00:00\",\"dateModified\":\"2026-03-13T15:02:29+00:00\",\"description\":\"Finden Sie die Z\u00fcndkabelsatz f\u00fcr Fiat 500 auf unserer Website. \u00dcber 3.000 Ersatzteile auf Lager.PROFITIEREN SIE VON UNSEREN ANGEBOTEN ! %\",\"breadcrumb\":{\"@id\":\"https:\\\/\\\/staging.passione500.it\\\/de\\\/fiat-500-de\\\/fiat-500-f-de\\\/elektrische-system-f-de\\\/verteiler-und-sonstiges-f-de\\\/zuendkabelsatz-mit-kohlefaser-rot-farbe-kabelabschnitt-7-mm2-fiat-500-n-d-f-bis-zu-ord-n-fuer-ersatzzwecke-1732666\\\/#breadcrumb\"},\"inLanguage\":\"de\",\"potentialAction\":[{\"@type\":\"ReadAction\",\"target\":[\"https:\\\/\\\/staging.passione500.it\\\/de\\\/fiat-500-de\\\/fiat-500-f-de\\\/elektrische-system-f-de\\\/verteiler-und-sonstiges-f-de\\\/zuendkabelsatz-mit-kohlefaser-rot-farbe-kabelabschnitt-7-mm2-fiat-500-n-d-f-bis-zu-ord-n-fuer-ersatzzwecke-1732666\\\/\"]}]},{\"@type\":\"ImageObject\",\"inLanguage\":\"de\",\"@id\":\"https:\\\/\\\/staging.passione500.it\\\/de\\\/fiat-500-de\\\/fiat-500-f-de\\\/elektrische-system-f-de\\\/verteiler-und-sonstiges-f-de\\\/zuendkabelsatz-mit-kohlefaser-rot-farbe-kabelabschnitt-7-mm2-fiat-500-n-d-f-bis-zu-ord-n-fuer-ersatzzwecke-1732666\\\/#primaryimage\",\"url\":\"https:\\\/\\\/staging.passione500.it\\\/wp-content\\\/uploads\\\/2024\\\/04\\\/cavi-candela-rossi-DF.jpg\",\"contentUrl\":\"https:\\\/\\\/staging.passione500.it\\\/wp-content\\\/uploads\\\/2024\\\/04\\\/cavi-candela-rossi-DF.jpg\",\"width\":2048,\"height\":1536,\"caption\":\"kit cavi candele rossi Fiat 500 N D F\"},{\"@type\":\"BreadcrumbList\",\"@id\":\"https:\\\/\\\/staging.passione500.it\\\/de\\\/fiat-500-de\\\/fiat-500-f-de\\\/elektrische-system-f-de\\\/verteiler-und-sonstiges-f-de\\\/zuendkabelsatz-mit-kohlefaser-rot-farbe-kabelabschnitt-7-mm2-fiat-500-n-d-f-bis-zu-ord-n-fuer-ersatzzwecke-1732666\\\/#breadcrumb\",\"itemListElement\":[{\"@type\":\"ListItem\",\"position\":1,\"name\":\"Home\",\"item\":\"https:\\\/\\\/passione500.it\\\/de\\\/\"},{\"@type\":\"ListItem\",\"position\":2,\"name\":\"Fiat 500\",\"item\":\"https:\\\/\\\/staging.passione500.it\\\/de\\\/fiat-500-de\\\/\"},{\"@type\":\"ListItem\",\"position\":3,\"name\":\"Fiat 500 F\",\"item\":\"https:\\\/\\\/staging.passione500.it\\\/de\\\/fiat-500-de\\\/fiat-500-f-de\\\/\"},{\"@type\":\"ListItem\",\"position\":4,\"name\":\"Elektrische System\",\"item\":\"https:\\\/\\\/staging.passione500.it\\\/de\\\/fiat-500-de\\\/fiat-500-f-de\\\/elektrische-system-f-de\\\/\"},{\"@type\":\"ListItem\",\"position\":5,\"name\":\"Verteiler und Sonstiges\",\"item\":\"https:\\\/\\\/staging.passione500.it\\\/de\\\/fiat-500-de\\\/fiat-500-f-de\\\/elektrische-system-f-de\\\/verteiler-und-sonstiges-f-de\\\/\"},{\"@type\":\"ListItem\",\"position\":6,\"name\":\"Z\u00fcndkabelsatz mit Kohlefaser &#8211; Rot Farbe Kabelabschnitt 7 mm2 &#8211; Fiat 500 N &#8211; D &#8211; F (bis zu ord. n.\u00b0 f\u00fcr ersatzzwecke 1732666)\"}]},{\"@type\":\"WebSite\",\"@id\":\"https:\\\/\\\/staging.passione500.it\\\/de\\\/#website\",\"url\":\"https:\\\/\\\/staging.passione500.it\\\/de\\\/\",\"name\":\"Passione 500\",\"description\":\"Ricambi Fiat 500 d&#039;Epoca\",\"publisher\":{\"@id\":\"https:\\\/\\\/staging.passione500.it\\\/de\\\/#organization\"},\"potentialAction\":[{\"@type\":\"SearchAction\",\"target\":{\"@type\":\"EntryPoint\",\"urlTemplate\":\"https:\\\/\\\/staging.passione500.it\\\/de\\\/?s={search_term_string}\"},\"query-input\":{\"@type\":\"PropertyValueSpecification\",\"valueRequired\":true,\"valueName\":\"search_term_string\"}}],\"inLanguage\":\"de\"},{\"@type\":\"Organization\",\"@id\":\"https:\\\/\\\/staging.passione500.it\\\/de\\\/#organization\",\"name\":\"Passione 500\",\"url\":\"https:\\\/\\\/staging.passione500.it\\\/de\\\/\",\"logo\":{\"@type\":\"ImageObject\",\"inLanguage\":\"de\",\"@id\":\"https:\\\/\\\/staging.passione500.it\\\/de\\\/#\\\/schema\\\/logo\\\/image\\\/\",\"url\":\"https:\\\/\\\/staging.passione500.it\\\/wp-content\\\/uploads\\\/2025\\\/12\\\/PASSIONE-LOGO-APPROVATO.png\",\"contentUrl\":\"https:\\\/\\\/staging.passione500.it\\\/wp-content\\\/uploads\\\/2025\\\/12\\\/PASSIONE-LOGO-APPROVATO.png\",\"width\":348,\"height\":125,\"caption\":\"Passione 500\"},\"image\":{\"@id\":\"https:\\\/\\\/staging.passione500.it\\\/de\\\/#\\\/schema\\\/logo\\\/image\\\/\"}}]}<\/script>\n<!-- \/ Yoast SEO plugin. -->","yoast_head_json":{"title":"Z\u00fcndkabelsatz Fiat 500 | Passione 500","description":"Finden Sie die Z\u00fcndkabelsatz f\u00fcr Fiat 500 auf unserer Website. \u00dcber 3.000 Ersatzteile auf Lager.PROFITIEREN SIE VON UNSEREN ANGEBOTEN ! %","robots":{"index":"noindex","follow":"follow","max-snippet":"max-snippet:-1","max-image-preview":"max-image-preview:large","max-video-preview":"max-video-preview:-1"},"og_locale":"de_DE","og_type":"article","og_title":"Z\u00fcndkabelsatz Fiat 500 | Passione 500","og_description":"Finden Sie die Z\u00fcndkabelsatz f\u00fcr Fiat 500 auf unserer Website. \u00dcber 3.000 Ersatzteile auf Lager.PROFITIEREN SIE VON UNSEREN ANGEBOTEN ! %","og_url":"https:\/\/staging.passione500.it\/de\/fiat-500-de\/fiat-500-f-de\/elektrische-system-f-de\/verteiler-und-sonstiges-f-de\/zuendkabelsatz-mit-kohlefaser-rot-farbe-kabelabschnitt-7-mm2-fiat-500-n-d-f-bis-zu-ord-n-fuer-ersatzzwecke-1732666\/","og_site_name":"Passione 500","article_modified_time":"2026-03-13T15:02:29+00:00","og_image":[{"width":2048,"height":1536,"url":"https:\/\/passione500.it\/wp-content\/uploads\/2024\/04\/cavi-candela-rossi-DF.jpg","type":"image\/jpeg"}],"twitter_card":"summary_large_image","twitter_misc":{"Gesch\u00e4tzte Lesezeit":"1\u00a0Minute"},"schema":{"@context":"https:\/\/schema.org","@graph":[{"@type":"WebPage","@id":"https:\/\/staging.passione500.it\/de\/fiat-500-de\/fiat-500-f-de\/elektrische-system-f-de\/verteiler-und-sonstiges-f-de\/zuendkabelsatz-mit-kohlefaser-rot-farbe-kabelabschnitt-7-mm2-fiat-500-n-d-f-bis-zu-ord-n-fuer-ersatzzwecke-1732666\/","url":"https:\/\/staging.passione500.it\/de\/fiat-500-de\/fiat-500-f-de\/elektrische-system-f-de\/verteiler-und-sonstiges-f-de\/zuendkabelsatz-mit-kohlefaser-rot-farbe-kabelabschnitt-7-mm2-fiat-500-n-d-f-bis-zu-ord-n-fuer-ersatzzwecke-1732666\/","name":"Z\u00fcndkabelsatz Fiat 500 | Passione 500","isPartOf":{"@id":"https:\/\/staging.passione500.it\/de\/#website"},"primaryImageOfPage":{"@id":"https:\/\/staging.passione500.it\/de\/fiat-500-de\/fiat-500-f-de\/elektrische-system-f-de\/verteiler-und-sonstiges-f-de\/zuendkabelsatz-mit-kohlefaser-rot-farbe-kabelabschnitt-7-mm2-fiat-500-n-d-f-bis-zu-ord-n-fuer-ersatzzwecke-1732666\/#primaryimage"},"image":{"@id":"https:\/\/staging.passione500.it\/de\/fiat-500-de\/fiat-500-f-de\/elektrische-system-f-de\/verteiler-und-sonstiges-f-de\/zuendkabelsatz-mit-kohlefaser-rot-farbe-kabelabschnitt-7-mm2-fiat-500-n-d-f-bis-zu-ord-n-fuer-ersatzzwecke-1732666\/#primaryimage"},"thumbnailUrl":"https:\/\/staging.passione500.it\/wp-content\/uploads\/2024\/04\/cavi-candela-rossi-DF.jpg","datePublished":"2024-04-30T14:21:19+00:00","dateModified":"2026-03-13T15:02:29+00:00","description":"Finden Sie die Z\u00fcndkabelsatz f\u00fcr Fiat 500 auf unserer Website. \u00dcber 3.000 Ersatzteile auf Lager.PROFITIEREN SIE VON UNSEREN ANGEBOTEN ! %","breadcrumb":{"@id":"https:\/\/staging.passione500.it\/de\/fiat-500-de\/fiat-500-f-de\/elektrische-system-f-de\/verteiler-und-sonstiges-f-de\/zuendkabelsatz-mit-kohlefaser-rot-farbe-kabelabschnitt-7-mm2-fiat-500-n-d-f-bis-zu-ord-n-fuer-ersatzzwecke-1732666\/#breadcrumb"},"inLanguage":"de","potentialAction":[{"@type":"ReadAction","target":["https:\/\/staging.passione500.it\/de\/fiat-500-de\/fiat-500-f-de\/elektrische-system-f-de\/verteiler-und-sonstiges-f-de\/zuendkabelsatz-mit-kohlefaser-rot-farbe-kabelabschnitt-7-mm2-fiat-500-n-d-f-bis-zu-ord-n-fuer-ersatzzwecke-1732666\/"]}]},{"@type":"ImageObject","inLanguage":"de","@id":"https:\/\/staging.passione500.it\/de\/fiat-500-de\/fiat-500-f-de\/elektrische-system-f-de\/verteiler-und-sonstiges-f-de\/zuendkabelsatz-mit-kohlefaser-rot-farbe-kabelabschnitt-7-mm2-fiat-500-n-d-f-bis-zu-ord-n-fuer-ersatzzwecke-1732666\/#primaryimage","url":"https:\/\/staging.passione500.it\/wp-content\/uploads\/2024\/04\/cavi-candela-rossi-DF.jpg","contentUrl":"https:\/\/staging.passione500.it\/wp-content\/uploads\/2024\/04\/cavi-candela-rossi-DF.jpg","width":2048,"height":1536,"caption":"kit cavi candele rossi Fiat 500 N D F"},{"@type":"BreadcrumbList","@id":"https:\/\/staging.passione500.it\/de\/fiat-500-de\/fiat-500-f-de\/elektrische-system-f-de\/verteiler-und-sonstiges-f-de\/zuendkabelsatz-mit-kohlefaser-rot-farbe-kabelabschnitt-7-mm2-fiat-500-n-d-f-bis-zu-ord-n-fuer-ersatzzwecke-1732666\/#breadcrumb","itemListElement":[{"@type":"ListItem","position":1,"name":"Home","item":"https:\/\/passione500.it\/de\/"},{"@type":"ListItem","position":2,"name":"Fiat 500","item":"https:\/\/staging.passione500.it\/de\/fiat-500-de\/"},{"@type":"ListItem","position":3,"name":"Fiat 500 F","item":"https:\/\/staging.passione500.it\/de\/fiat-500-de\/fiat-500-f-de\/"},{"@type":"ListItem","position":4,"name":"Elektrische System","item":"https:\/\/staging.passione500.it\/de\/fiat-500-de\/fiat-500-f-de\/elektrische-system-f-de\/"},{"@type":"ListItem","position":5,"name":"Verteiler und Sonstiges","item":"https:\/\/staging.passione500.it\/de\/fiat-500-de\/fiat-500-f-de\/elektrische-system-f-de\/verteiler-und-sonstiges-f-de\/"},{"@type":"ListItem","position":6,"name":"Z\u00fcndkabelsatz mit Kohlefaser &#8211; Rot Farbe Kabelabschnitt 7 mm2 &#8211; Fiat 500 N &#8211; D &#8211; F (bis zu ord. n.\u00b0 f\u00fcr ersatzzwecke 1732666)"}]},{"@type":"WebSite","@id":"https:\/\/staging.passione500.it\/de\/#website","url":"https:\/\/staging.passione500.it\/de\/","name":"Passione 500","description":"Ricambi Fiat 500 d&#039;Epoca","publisher":{"@id":"https:\/\/staging.passione500.it\/de\/#organization"},"potentialAction":[{"@type":"SearchAction","target":{"@type":"EntryPoint","urlTemplate":"https:\/\/staging.passione500.it\/de\/?s={search_term_string}"},"query-input":{"@type":"PropertyValueSpecification","valueRequired":true,"valueName":"search_term_string"}}],"inLanguage":"de"},{"@type":"Organization","@id":"https:\/\/staging.passione500.it\/de\/#organization","name":"Passione 500","url":"https:\/\/staging.passione500.it\/de\/","logo":{"@type":"ImageObject","inLanguage":"de","@id":"https:\/\/staging.passione500.it\/de\/#\/schema\/logo\/image\/","url":"https:\/\/staging.passione500.it\/wp-content\/uploads\/2025\/12\/PASSIONE-LOGO-APPROVATO.png","contentUrl":"https:\/\/staging.passione500.it\/wp-content\/uploads\/2025\/12\/PASSIONE-LOGO-APPROVATO.png","width":348,"height":125,"caption":"Passione 500"},"image":{"@id":"https:\/\/staging.passione500.it\/de\/#\/schema\/logo\/image\/"}}]}},"_links":{"self":[{"href":"https:\/\/staging.passione500.it\/de\/wp-json\/wp\/v2\/product\/16947","targetHints":{"allow":["GET"]}}],"collection":[{"href":"https:\/\/staging.passione500.it\/de\/wp-json\/wp\/v2\/product"}],"about":[{"href":"https:\/\/staging.passione500.it\/de\/wp-json\/wp\/v2\/types\/product"}],"wp:featuredmedia":[{"embeddable":true,"href":"https:\/\/staging.passione500.it\/de\/wp-json\/wp\/v2\/media\/16953"}],"wp:attachment":[{"href":"https:\/\/staging.passione500.it\/de\/wp-json\/wp\/v2\/media?parent=16947"}],"wp:term":[{"taxonomy":"product_brand","embeddable":true,"href":"https:\/\/staging.passione500.it\/de\/wp-json\/wp\/v2\/product_brand?post=16947"},{"taxonomy":"product_cat","embeddable":true,"href":"https:\/\/staging.passione500.it\/de\/wp-json\/wp\/v2\/product_cat?post=16947"},{"taxonomy":"product_tag","embeddable":true,"href":"https:\/\/staging.passione500.it\/de\/wp-json\/wp\/v2\/product_tag?post=16947"}],"curies":[{"name":"wp","href":"https:\/\/api.w.org\/{rel}","templated":true}]}}