{"id":10293,"date":"2023-12-13T18:13:20","date_gmt":"2023-12-13T17:13:21","guid":{"rendered":"https:\/\/staging.passione500.it\/?post_type=product&#038;p=10293"},"modified":"2023-12-13T18:22:38","modified_gmt":"2023-12-13T17:22:38","slug":"autoschutzdecke-wasserdicht-fur-intern-grau-mit-rot-logo-fiat-500-n-d-f-l-r","status":"publish","type":"product","link":"https:\/\/staging.passione500.it\/de\/fiat-500-de\/fiat-500-n-de\/aussenteile-und-zierleisten-n-de\/aussenteile-n-de\/autoschutzdecke-wasserdicht-fur-intern-grau-mit-rot-logo-fiat-500-n-d-f-l-r\/","title":{"rendered":"Autoschutzdecke Wasserdicht f\u00fcr Intern Grau mit Rot Logo Fiat 500 N &#8211; D &#8211; F &#8211; L &#8211; R"},"content":{"rendered":"<h4>F\u00fcr ein komplettes Auto muss 1 St\u00fcck gekauft werden<\/h4>\n<h4>Ideal um Ihr Auto in der Garage sauber zu halten. Es ist staubdicht, leicht, einfach anzubringen und nimmt wenig Platz ein. Es besteht aus Polypropylen, bleibt weich und zerkratzt den Lack des Fahrzeugs nicht.<\/p>\n<\/h4>\n","protected":false},"excerpt":{"rendered":"<p>Prodotto in offerta fino a maggio.<\/p>\n","protected":false},"featured_media":10283,"template":"","meta":{"_et_pb_use_builder":"","_et_pb_old_content":"","_et_gb_content_width":""},"product_brand":[],"product_cat":[1571,2029,2030,2031,2478,2032],"product_tag":[],"class_list":{"0":"post-10293","1":"product","2":"type-product","3":"status-publish","4":"has-post-thumbnail","6":"product_cat-aussenteile-n-de","7":"product_cat-aussenteile-d-de","8":"product_cat-aussenteile-f-de","9":"product_cat-aussenteile-l-de","10":"product_cat-aussenteile-tt-de","11":"product_cat-aussenteile-r-de","12":"product_shipping_class-versand-1","14":"first","15":"instock","16":"taxable","17":"shipping-taxable","18":"purchasable","19":"product-type-simple"},"yoast_head":"<!-- This site is optimized with the Yoast SEO plugin v27.3 - https:\/\/yoast.com\/product\/yoast-seo-wordpress\/ -->\n<title>Autoschutzdecke Fiat 500 | Passione 500<\/title>\n<meta name=\"description\" content=\"Finden Sie die Autoschutzdecke f\u00fcr Fiat 500 auf unserer Website. \u00dcber 3.000 Ersatzteile auf Lager.PROFITIEREN SIE VON UNSEREN ANGEBOTEN ! %\" \/>\n<meta name=\"robots\" content=\"noindex, follow, max-snippet:-1, max-image-preview:large, max-video-preview:-1\" \/>\n<meta property=\"og:locale\" content=\"de_DE\" \/>\n<meta property=\"og:type\" content=\"article\" \/>\n<meta property=\"og:title\" content=\"Autoschutzdecke Fiat 500 | Passione 500\" \/>\n<meta property=\"og:description\" content=\"Finden Sie die Autoschutzdecke f\u00fcr Fiat 500 auf unserer Website. \u00dcber 3.000 Ersatzteile auf Lager.PROFITIEREN SIE VON UNSEREN ANGEBOTEN ! %\" \/>\n<meta property=\"og:url\" content=\"https:\/\/staging.passione500.it\/de\/fiat-500-de\/fiat-500-n-de\/aussenteile-und-zierleisten-n-de\/aussenteile-n-de\/autoschutzdecke-wasserdicht-fur-intern-grau-mit-rot-logo-fiat-500-n-d-f-l-r\/\" \/>\n<meta property=\"og:site_name\" content=\"Passione 500\" \/>\n<meta property=\"article:modified_time\" content=\"2023-12-13T17:22:38+00:00\" \/>\n<meta property=\"og:image\" content=\"https:\/\/passione500.it\/wp-content\/uploads\/2023\/12\/telo-copriauto.jpg\" \/>\n\t<meta property=\"og:image:width\" content=\"2048\" \/>\n\t<meta property=\"og:image:height\" content=\"1536\" \/>\n\t<meta property=\"og:image:type\" content=\"image\/jpeg\" \/>\n<meta name=\"twitter:card\" content=\"summary_large_image\" \/>\n<meta name=\"twitter:label1\" content=\"Gesch\u00e4tzte Lesezeit\" \/>\n\t<meta name=\"twitter:data1\" content=\"1\u00a0Minute\" \/>\n<script type=\"application\/ld+json\" class=\"yoast-schema-graph\">{\"@context\":\"https:\\\/\\\/schema.org\",\"@graph\":[{\"@type\":\"WebPage\",\"@id\":\"https:\\\/\\\/staging.passione500.it\\\/de\\\/fiat-500-de\\\/fiat-500-n-de\\\/aussenteile-und-zierleisten-n-de\\\/aussenteile-n-de\\\/autoschutzdecke-wasserdicht-fur-intern-grau-mit-rot-logo-fiat-500-n-d-f-l-r\\\/\",\"url\":\"https:\\\/\\\/staging.passione500.it\\\/de\\\/fiat-500-de\\\/fiat-500-n-de\\\/aussenteile-und-zierleisten-n-de\\\/aussenteile-n-de\\\/autoschutzdecke-wasserdicht-fur-intern-grau-mit-rot-logo-fiat-500-n-d-f-l-r\\\/\",\"name\":\"Autoschutzdecke Fiat 500 | Passione 500\",\"isPartOf\":{\"@id\":\"https:\\\/\\\/staging.passione500.it\\\/de\\\/#website\"},\"primaryImageOfPage\":{\"@id\":\"https:\\\/\\\/staging.passione500.it\\\/de\\\/fiat-500-de\\\/fiat-500-n-de\\\/aussenteile-und-zierleisten-n-de\\\/aussenteile-n-de\\\/autoschutzdecke-wasserdicht-fur-intern-grau-mit-rot-logo-fiat-500-n-d-f-l-r\\\/#primaryimage\"},\"image\":{\"@id\":\"https:\\\/\\\/staging.passione500.it\\\/de\\\/fiat-500-de\\\/fiat-500-n-de\\\/aussenteile-und-zierleisten-n-de\\\/aussenteile-n-de\\\/autoschutzdecke-wasserdicht-fur-intern-grau-mit-rot-logo-fiat-500-n-d-f-l-r\\\/#primaryimage\"},\"thumbnailUrl\":\"https:\\\/\\\/staging.passione500.it\\\/wp-content\\\/uploads\\\/2023\\\/12\\\/telo-copriauto.jpg\",\"datePublished\":\"2023-12-13T17:13:21+00:00\",\"dateModified\":\"2023-12-13T17:22:38+00:00\",\"description\":\"Finden Sie die Autoschutzdecke f\u00fcr Fiat 500 auf unserer Website. \u00dcber 3.000 Ersatzteile auf Lager.PROFITIEREN SIE VON UNSEREN ANGEBOTEN ! %\",\"breadcrumb\":{\"@id\":\"https:\\\/\\\/staging.passione500.it\\\/de\\\/fiat-500-de\\\/fiat-500-n-de\\\/aussenteile-und-zierleisten-n-de\\\/aussenteile-n-de\\\/autoschutzdecke-wasserdicht-fur-intern-grau-mit-rot-logo-fiat-500-n-d-f-l-r\\\/#breadcrumb\"},\"inLanguage\":\"de\",\"potentialAction\":[{\"@type\":\"ReadAction\",\"target\":[\"https:\\\/\\\/staging.passione500.it\\\/de\\\/fiat-500-de\\\/fiat-500-n-de\\\/aussenteile-und-zierleisten-n-de\\\/aussenteile-n-de\\\/autoschutzdecke-wasserdicht-fur-intern-grau-mit-rot-logo-fiat-500-n-d-f-l-r\\\/\"]}]},{\"@type\":\"ImageObject\",\"inLanguage\":\"de\",\"@id\":\"https:\\\/\\\/staging.passione500.it\\\/de\\\/fiat-500-de\\\/fiat-500-n-de\\\/aussenteile-und-zierleisten-n-de\\\/aussenteile-n-de\\\/autoschutzdecke-wasserdicht-fur-intern-grau-mit-rot-logo-fiat-500-n-d-f-l-r\\\/#primaryimage\",\"url\":\"https:\\\/\\\/staging.passione500.it\\\/wp-content\\\/uploads\\\/2023\\\/12\\\/telo-copriauto.jpg\",\"contentUrl\":\"https:\\\/\\\/staging.passione500.it\\\/wp-content\\\/uploads\\\/2023\\\/12\\\/telo-copriauto.jpg\",\"width\":2048,\"height\":1536,\"caption\":\"telo copriauto Fiat 500\"},{\"@type\":\"BreadcrumbList\",\"@id\":\"https:\\\/\\\/staging.passione500.it\\\/de\\\/fiat-500-de\\\/fiat-500-n-de\\\/aussenteile-und-zierleisten-n-de\\\/aussenteile-n-de\\\/autoschutzdecke-wasserdicht-fur-intern-grau-mit-rot-logo-fiat-500-n-d-f-l-r\\\/#breadcrumb\",\"itemListElement\":[{\"@type\":\"ListItem\",\"position\":1,\"name\":\"Home\",\"item\":\"https:\\\/\\\/passione500.it\\\/de\\\/\"},{\"@type\":\"ListItem\",\"position\":2,\"name\":\"Fiat 500\",\"item\":\"https:\\\/\\\/staging.passione500.it\\\/de\\\/fiat-500-de\\\/\"},{\"@type\":\"ListItem\",\"position\":3,\"name\":\"Fiat 500 N\",\"item\":\"https:\\\/\\\/staging.passione500.it\\\/de\\\/fiat-500-de\\\/fiat-500-n-de\\\/\"},{\"@type\":\"ListItem\",\"position\":4,\"name\":\"Au\u00dfenteile und Zierleisten\",\"item\":\"https:\\\/\\\/staging.passione500.it\\\/de\\\/fiat-500-de\\\/fiat-500-n-de\\\/aussenteile-und-zierleisten-n-de\\\/\"},{\"@type\":\"ListItem\",\"position\":5,\"name\":\"Au\u00dfenteile\",\"item\":\"https:\\\/\\\/staging.passione500.it\\\/de\\\/fiat-500-de\\\/fiat-500-n-de\\\/aussenteile-und-zierleisten-n-de\\\/aussenteile-n-de\\\/\"},{\"@type\":\"ListItem\",\"position\":6,\"name\":\"Autoschutzdecke Wasserdicht f\u00fcr Intern Grau mit Rot Logo Fiat 500 N &#8211; D &#8211; F &#8211; L &#8211; R\"}]},{\"@type\":\"WebSite\",\"@id\":\"https:\\\/\\\/staging.passione500.it\\\/de\\\/#website\",\"url\":\"https:\\\/\\\/staging.passione500.it\\\/de\\\/\",\"name\":\"Passione 500\",\"description\":\"Ricambi Fiat 500 d&#039;Epoca\",\"publisher\":{\"@id\":\"https:\\\/\\\/staging.passione500.it\\\/de\\\/#organization\"},\"potentialAction\":[{\"@type\":\"SearchAction\",\"target\":{\"@type\":\"EntryPoint\",\"urlTemplate\":\"https:\\\/\\\/staging.passione500.it\\\/de\\\/?s={search_term_string}\"},\"query-input\":{\"@type\":\"PropertyValueSpecification\",\"valueRequired\":true,\"valueName\":\"search_term_string\"}}],\"inLanguage\":\"de\"},{\"@type\":\"Organization\",\"@id\":\"https:\\\/\\\/staging.passione500.it\\\/de\\\/#organization\",\"name\":\"Passione 500\",\"url\":\"https:\\\/\\\/staging.passione500.it\\\/de\\\/\",\"logo\":{\"@type\":\"ImageObject\",\"inLanguage\":\"de\",\"@id\":\"https:\\\/\\\/staging.passione500.it\\\/de\\\/#\\\/schema\\\/logo\\\/image\\\/\",\"url\":\"https:\\\/\\\/staging.passione500.it\\\/wp-content\\\/uploads\\\/2025\\\/12\\\/PASSIONE-LOGO-APPROVATO.png\",\"contentUrl\":\"https:\\\/\\\/staging.passione500.it\\\/wp-content\\\/uploads\\\/2025\\\/12\\\/PASSIONE-LOGO-APPROVATO.png\",\"width\":348,\"height\":125,\"caption\":\"Passione 500\"},\"image\":{\"@id\":\"https:\\\/\\\/staging.passione500.it\\\/de\\\/#\\\/schema\\\/logo\\\/image\\\/\"}}]}<\/script>\n<!-- \/ Yoast SEO plugin. -->","yoast_head_json":{"title":"Autoschutzdecke Fiat 500 | Passione 500","description":"Finden Sie die Autoschutzdecke f\u00fcr Fiat 500 auf unserer Website. \u00dcber 3.000 Ersatzteile auf Lager.PROFITIEREN SIE VON UNSEREN ANGEBOTEN ! %","robots":{"index":"noindex","follow":"follow","max-snippet":"max-snippet:-1","max-image-preview":"max-image-preview:large","max-video-preview":"max-video-preview:-1"},"og_locale":"de_DE","og_type":"article","og_title":"Autoschutzdecke Fiat 500 | Passione 500","og_description":"Finden Sie die Autoschutzdecke f\u00fcr Fiat 500 auf unserer Website. \u00dcber 3.000 Ersatzteile auf Lager.PROFITIEREN SIE VON UNSEREN ANGEBOTEN ! %","og_url":"https:\/\/staging.passione500.it\/de\/fiat-500-de\/fiat-500-n-de\/aussenteile-und-zierleisten-n-de\/aussenteile-n-de\/autoschutzdecke-wasserdicht-fur-intern-grau-mit-rot-logo-fiat-500-n-d-f-l-r\/","og_site_name":"Passione 500","article_modified_time":"2023-12-13T17:22:38+00:00","og_image":[{"width":2048,"height":1536,"url":"https:\/\/passione500.it\/wp-content\/uploads\/2023\/12\/telo-copriauto.jpg","type":"image\/jpeg"}],"twitter_card":"summary_large_image","twitter_misc":{"Gesch\u00e4tzte Lesezeit":"1\u00a0Minute"},"schema":{"@context":"https:\/\/schema.org","@graph":[{"@type":"WebPage","@id":"https:\/\/staging.passione500.it\/de\/fiat-500-de\/fiat-500-n-de\/aussenteile-und-zierleisten-n-de\/aussenteile-n-de\/autoschutzdecke-wasserdicht-fur-intern-grau-mit-rot-logo-fiat-500-n-d-f-l-r\/","url":"https:\/\/staging.passione500.it\/de\/fiat-500-de\/fiat-500-n-de\/aussenteile-und-zierleisten-n-de\/aussenteile-n-de\/autoschutzdecke-wasserdicht-fur-intern-grau-mit-rot-logo-fiat-500-n-d-f-l-r\/","name":"Autoschutzdecke Fiat 500 | Passione 500","isPartOf":{"@id":"https:\/\/staging.passione500.it\/de\/#website"},"primaryImageOfPage":{"@id":"https:\/\/staging.passione500.it\/de\/fiat-500-de\/fiat-500-n-de\/aussenteile-und-zierleisten-n-de\/aussenteile-n-de\/autoschutzdecke-wasserdicht-fur-intern-grau-mit-rot-logo-fiat-500-n-d-f-l-r\/#primaryimage"},"image":{"@id":"https:\/\/staging.passione500.it\/de\/fiat-500-de\/fiat-500-n-de\/aussenteile-und-zierleisten-n-de\/aussenteile-n-de\/autoschutzdecke-wasserdicht-fur-intern-grau-mit-rot-logo-fiat-500-n-d-f-l-r\/#primaryimage"},"thumbnailUrl":"https:\/\/staging.passione500.it\/wp-content\/uploads\/2023\/12\/telo-copriauto.jpg","datePublished":"2023-12-13T17:13:21+00:00","dateModified":"2023-12-13T17:22:38+00:00","description":"Finden Sie die Autoschutzdecke f\u00fcr Fiat 500 auf unserer Website. \u00dcber 3.000 Ersatzteile auf Lager.PROFITIEREN SIE VON UNSEREN ANGEBOTEN ! %","breadcrumb":{"@id":"https:\/\/staging.passione500.it\/de\/fiat-500-de\/fiat-500-n-de\/aussenteile-und-zierleisten-n-de\/aussenteile-n-de\/autoschutzdecke-wasserdicht-fur-intern-grau-mit-rot-logo-fiat-500-n-d-f-l-r\/#breadcrumb"},"inLanguage":"de","potentialAction":[{"@type":"ReadAction","target":["https:\/\/staging.passione500.it\/de\/fiat-500-de\/fiat-500-n-de\/aussenteile-und-zierleisten-n-de\/aussenteile-n-de\/autoschutzdecke-wasserdicht-fur-intern-grau-mit-rot-logo-fiat-500-n-d-f-l-r\/"]}]},{"@type":"ImageObject","inLanguage":"de","@id":"https:\/\/staging.passione500.it\/de\/fiat-500-de\/fiat-500-n-de\/aussenteile-und-zierleisten-n-de\/aussenteile-n-de\/autoschutzdecke-wasserdicht-fur-intern-grau-mit-rot-logo-fiat-500-n-d-f-l-r\/#primaryimage","url":"https:\/\/staging.passione500.it\/wp-content\/uploads\/2023\/12\/telo-copriauto.jpg","contentUrl":"https:\/\/staging.passione500.it\/wp-content\/uploads\/2023\/12\/telo-copriauto.jpg","width":2048,"height":1536,"caption":"telo copriauto Fiat 500"},{"@type":"BreadcrumbList","@id":"https:\/\/staging.passione500.it\/de\/fiat-500-de\/fiat-500-n-de\/aussenteile-und-zierleisten-n-de\/aussenteile-n-de\/autoschutzdecke-wasserdicht-fur-intern-grau-mit-rot-logo-fiat-500-n-d-f-l-r\/#breadcrumb","itemListElement":[{"@type":"ListItem","position":1,"name":"Home","item":"https:\/\/passione500.it\/de\/"},{"@type":"ListItem","position":2,"name":"Fiat 500","item":"https:\/\/staging.passione500.it\/de\/fiat-500-de\/"},{"@type":"ListItem","position":3,"name":"Fiat 500 N","item":"https:\/\/staging.passione500.it\/de\/fiat-500-de\/fiat-500-n-de\/"},{"@type":"ListItem","position":4,"name":"Au\u00dfenteile und Zierleisten","item":"https:\/\/staging.passione500.it\/de\/fiat-500-de\/fiat-500-n-de\/aussenteile-und-zierleisten-n-de\/"},{"@type":"ListItem","position":5,"name":"Au\u00dfenteile","item":"https:\/\/staging.passione500.it\/de\/fiat-500-de\/fiat-500-n-de\/aussenteile-und-zierleisten-n-de\/aussenteile-n-de\/"},{"@type":"ListItem","position":6,"name":"Autoschutzdecke Wasserdicht f\u00fcr Intern Grau mit Rot Logo Fiat 500 N &#8211; D &#8211; F &#8211; L &#8211; R"}]},{"@type":"WebSite","@id":"https:\/\/staging.passione500.it\/de\/#website","url":"https:\/\/staging.passione500.it\/de\/","name":"Passione 500","description":"Ricambi Fiat 500 d&#039;Epoca","publisher":{"@id":"https:\/\/staging.passione500.it\/de\/#organization"},"potentialAction":[{"@type":"SearchAction","target":{"@type":"EntryPoint","urlTemplate":"https:\/\/staging.passione500.it\/de\/?s={search_term_string}"},"query-input":{"@type":"PropertyValueSpecification","valueRequired":true,"valueName":"search_term_string"}}],"inLanguage":"de"},{"@type":"Organization","@id":"https:\/\/staging.passione500.it\/de\/#organization","name":"Passione 500","url":"https:\/\/staging.passione500.it\/de\/","logo":{"@type":"ImageObject","inLanguage":"de","@id":"https:\/\/staging.passione500.it\/de\/#\/schema\/logo\/image\/","url":"https:\/\/staging.passione500.it\/wp-content\/uploads\/2025\/12\/PASSIONE-LOGO-APPROVATO.png","contentUrl":"https:\/\/staging.passione500.it\/wp-content\/uploads\/2025\/12\/PASSIONE-LOGO-APPROVATO.png","width":348,"height":125,"caption":"Passione 500"},"image":{"@id":"https:\/\/staging.passione500.it\/de\/#\/schema\/logo\/image\/"}}]}},"_links":{"self":[{"href":"https:\/\/staging.passione500.it\/de\/wp-json\/wp\/v2\/product\/10293","targetHints":{"allow":["GET"]}}],"collection":[{"href":"https:\/\/staging.passione500.it\/de\/wp-json\/wp\/v2\/product"}],"about":[{"href":"https:\/\/staging.passione500.it\/de\/wp-json\/wp\/v2\/types\/product"}],"wp:featuredmedia":[{"embeddable":true,"href":"https:\/\/staging.passione500.it\/de\/wp-json\/wp\/v2\/media\/10283"}],"wp:attachment":[{"href":"https:\/\/staging.passione500.it\/de\/wp-json\/wp\/v2\/media?parent=10293"}],"wp:term":[{"taxonomy":"product_brand","embeddable":true,"href":"https:\/\/staging.passione500.it\/de\/wp-json\/wp\/v2\/product_brand?post=10293"},{"taxonomy":"product_cat","embeddable":true,"href":"https:\/\/staging.passione500.it\/de\/wp-json\/wp\/v2\/product_cat?post=10293"},{"taxonomy":"product_tag","embeddable":true,"href":"https:\/\/staging.passione500.it\/de\/wp-json\/wp\/v2\/product_tag?post=10293"}],"curies":[{"name":"wp","href":"https:\/\/api.w.org\/{rel}","templated":true}]}}