{"id":10022,"date":"2023-11-23T14:27:56","date_gmt":"2023-11-23T13:27:59","guid":{"rendered":"https:\/\/staging.passione500.it\/?post_type=product&#038;p=10022"},"modified":"2023-11-23T17:12:38","modified_gmt":"2023-11-23T16:12:38","slug":"wagenheber-grun-fiat-500-d-f-bis-zu-1966-giardiniera-bis-zu-1966","status":"publish","type":"product","link":"https:\/\/staging.passione500.it\/de\/fiat-500-de\/fiat-500-d-de\/blechteile-d-de\/bodenblech-und-innenschweller-blechteile-d-de\/wagenheber-grun-fiat-500-d-f-bis-zu-1966-giardiniera-bis-zu-1966\/","title":{"rendered":"Wagenheber Gr\u00fcn Fiat 500 D &#8211; F (bis zu 1966) &#8211; Giardiniera (bis zu 1966)"},"content":{"rendered":"<h4>F\u00fcr ein komplettes Auto muss 1 St\u00fcck gekauft werden<\/h4>\n","protected":false},"excerpt":{"rendered":"<p>Prodotto in offerta fino a maggio.<\/p>\n","protected":false},"featured_media":10028,"template":"","meta":{"_et_pb_use_builder":"","_et_pb_old_content":"","_et_gb_content_width":""},"product_brand":[],"product_cat":[843,2029,2030,2033,2403,2478,831,833,855,857,866,2406,882,886,2409,897,2433,1068,1071,1080],"product_tag":[],"class_list":{"0":"post-10022","1":"product","2":"type-product","3":"status-publish","4":"has-post-thumbnail","6":"product_cat-vorderer-abschnitt-blechteile-giardiniera-de","7":"product_cat-aussenteile-d-de","8":"product_cat-aussenteile-f-de","9":"product_cat-aussenteile-giard-de","10":"product_cat-vorderer-abschnitt-tt-de","11":"product_cat-aussenteile-tt-de","12":"product_cat-vorderer-abschnitt-blechteile-d-de","13":"product_cat-vorderer-abschnitt-blechteile-f-de","14":"product_cat-rueckseite-abschnitt-blechteile-d-de","15":"product_cat-rueckseite-abschnitt-blechteile-f-de","16":"product_cat-rueckseite-abschnitt-blechteile-giardiniera-de","17":"product_cat-rueckseite-abschnitt-tt-de","18":"product_cat-bodenblech-und-innenschweller-blechteile-d-de","19":"product_cat-bodenblech-und-innenschweller-blechteile-f-de","20":"product_cat-bodenblech-und-innenschweller-tt-de","21":"product_cat-bodenblech-und-innenschweller-blechteile-giardiniera-de","22":"product_cat-reifen-radkappen-und-felgen-tt-de","23":"product_cat-reifen-radkappen-und-felgen-d-de","24":"product_cat-reifen-radkappen-und-felgen-f-de","25":"product_cat-reifen-radkappen-und-felgen-giardiniera-de","26":"product_shipping_class-versand-1","28":"first","29":"instock","30":"taxable","31":"shipping-taxable","32":"purchasable","33":"product-type-simple"},"yoast_head":"<!-- This site is optimized with the Yoast SEO plugin v27.3 - https:\/\/yoast.com\/product\/yoast-seo-wordpress\/ -->\n<title>Wagenheber Fiat 500 | Passione 500<\/title>\n<meta name=\"description\" content=\"Finden Sie die Wagenheber f\u00fcr Fiat 500 auf unserer Website. \u00dcber 3.000 Ersatzteile auf Lager.PROFITIEREN SIE VON UNSEREN ANGEBOTEN ! %\" \/>\n<meta name=\"robots\" content=\"noindex, follow, max-snippet:-1, max-image-preview:large, max-video-preview:-1\" \/>\n<meta property=\"og:locale\" content=\"de_DE\" \/>\n<meta property=\"og:type\" content=\"article\" \/>\n<meta property=\"og:title\" content=\"Wagenheber Fiat 500 | Passione 500\" \/>\n<meta property=\"og:description\" content=\"Finden Sie die Wagenheber f\u00fcr Fiat 500 auf unserer Website. \u00dcber 3.000 Ersatzteile auf Lager.PROFITIEREN SIE VON UNSEREN ANGEBOTEN ! %\" \/>\n<meta property=\"og:url\" content=\"https:\/\/staging.passione500.it\/de\/fiat-500-de\/fiat-500-d-de\/blechteile-d-de\/bodenblech-und-innenschweller-blechteile-d-de\/wagenheber-grun-fiat-500-d-f-bis-zu-1966-giardiniera-bis-zu-1966\/\" \/>\n<meta property=\"og:site_name\" content=\"Passione 500\" \/>\n<meta property=\"article:modified_time\" content=\"2023-11-23T16:12:38+00:00\" \/>\n<meta property=\"og:image\" content=\"https:\/\/passione500.it\/wp-content\/uploads\/2023\/11\/IMG_8951.jpg\" \/>\n\t<meta property=\"og:image:width\" content=\"2048\" \/>\n\t<meta property=\"og:image:height\" content=\"1536\" \/>\n\t<meta property=\"og:image:type\" content=\"image\/jpeg\" \/>\n<meta name=\"twitter:card\" content=\"summary_large_image\" \/>\n<meta name=\"twitter:label1\" content=\"Gesch\u00e4tzte Lesezeit\" \/>\n\t<meta name=\"twitter:data1\" content=\"1\u00a0Minute\" \/>\n<script type=\"application\/ld+json\" class=\"yoast-schema-graph\">{\"@context\":\"https:\\\/\\\/schema.org\",\"@graph\":[{\"@type\":\"WebPage\",\"@id\":\"https:\\\/\\\/staging.passione500.it\\\/de\\\/fiat-500-de\\\/fiat-500-d-de\\\/blechteile-d-de\\\/bodenblech-und-innenschweller-blechteile-d-de\\\/wagenheber-grun-fiat-500-d-f-bis-zu-1966-giardiniera-bis-zu-1966\\\/\",\"url\":\"https:\\\/\\\/staging.passione500.it\\\/de\\\/fiat-500-de\\\/fiat-500-d-de\\\/blechteile-d-de\\\/bodenblech-und-innenschweller-blechteile-d-de\\\/wagenheber-grun-fiat-500-d-f-bis-zu-1966-giardiniera-bis-zu-1966\\\/\",\"name\":\"Wagenheber Fiat 500 | Passione 500\",\"isPartOf\":{\"@id\":\"https:\\\/\\\/staging.passione500.it\\\/de\\\/#website\"},\"primaryImageOfPage\":{\"@id\":\"https:\\\/\\\/staging.passione500.it\\\/de\\\/fiat-500-de\\\/fiat-500-d-de\\\/blechteile-d-de\\\/bodenblech-und-innenschweller-blechteile-d-de\\\/wagenheber-grun-fiat-500-d-f-bis-zu-1966-giardiniera-bis-zu-1966\\\/#primaryimage\"},\"image\":{\"@id\":\"https:\\\/\\\/staging.passione500.it\\\/de\\\/fiat-500-de\\\/fiat-500-d-de\\\/blechteile-d-de\\\/bodenblech-und-innenschweller-blechteile-d-de\\\/wagenheber-grun-fiat-500-d-f-bis-zu-1966-giardiniera-bis-zu-1966\\\/#primaryimage\"},\"thumbnailUrl\":\"https:\\\/\\\/staging.passione500.it\\\/wp-content\\\/uploads\\\/2023\\\/11\\\/IMG_8951.jpg\",\"datePublished\":\"2023-11-23T13:27:59+00:00\",\"dateModified\":\"2023-11-23T16:12:38+00:00\",\"description\":\"Finden Sie die Wagenheber f\u00fcr Fiat 500 auf unserer Website. \u00dcber 3.000 Ersatzteile auf Lager.PROFITIEREN SIE VON UNSEREN ANGEBOTEN ! %\",\"breadcrumb\":{\"@id\":\"https:\\\/\\\/staging.passione500.it\\\/de\\\/fiat-500-de\\\/fiat-500-d-de\\\/blechteile-d-de\\\/bodenblech-und-innenschweller-blechteile-d-de\\\/wagenheber-grun-fiat-500-d-f-bis-zu-1966-giardiniera-bis-zu-1966\\\/#breadcrumb\"},\"inLanguage\":\"de\",\"potentialAction\":[{\"@type\":\"ReadAction\",\"target\":[\"https:\\\/\\\/staging.passione500.it\\\/de\\\/fiat-500-de\\\/fiat-500-d-de\\\/blechteile-d-de\\\/bodenblech-und-innenschweller-blechteile-d-de\\\/wagenheber-grun-fiat-500-d-f-bis-zu-1966-giardiniera-bis-zu-1966\\\/\"]}]},{\"@type\":\"ImageObject\",\"inLanguage\":\"de\",\"@id\":\"https:\\\/\\\/staging.passione500.it\\\/de\\\/fiat-500-de\\\/fiat-500-d-de\\\/blechteile-d-de\\\/bodenblech-und-innenschweller-blechteile-d-de\\\/wagenheber-grun-fiat-500-d-f-bis-zu-1966-giardiniera-bis-zu-1966\\\/#primaryimage\",\"url\":\"https:\\\/\\\/staging.passione500.it\\\/wp-content\\\/uploads\\\/2023\\\/11\\\/IMG_8951.jpg\",\"contentUrl\":\"https:\\\/\\\/staging.passione500.it\\\/wp-content\\\/uploads\\\/2023\\\/11\\\/IMG_8951.jpg\",\"width\":2048,\"height\":1536,\"caption\":\"crick sollevatore verde Fiat 500\"},{\"@type\":\"BreadcrumbList\",\"@id\":\"https:\\\/\\\/staging.passione500.it\\\/de\\\/fiat-500-de\\\/fiat-500-d-de\\\/blechteile-d-de\\\/bodenblech-und-innenschweller-blechteile-d-de\\\/wagenheber-grun-fiat-500-d-f-bis-zu-1966-giardiniera-bis-zu-1966\\\/#breadcrumb\",\"itemListElement\":[{\"@type\":\"ListItem\",\"position\":1,\"name\":\"Home\",\"item\":\"https:\\\/\\\/passione500.it\\\/de\\\/\"},{\"@type\":\"ListItem\",\"position\":2,\"name\":\"Fiat 500\",\"item\":\"https:\\\/\\\/staging.passione500.it\\\/de\\\/fiat-500-de\\\/\"},{\"@type\":\"ListItem\",\"position\":3,\"name\":\"Fiat 500 D\",\"item\":\"https:\\\/\\\/staging.passione500.it\\\/de\\\/fiat-500-de\\\/fiat-500-d-de\\\/\"},{\"@type\":\"ListItem\",\"position\":4,\"name\":\"Blechteile\",\"item\":\"https:\\\/\\\/staging.passione500.it\\\/de\\\/fiat-500-de\\\/fiat-500-d-de\\\/blechteile-d-de\\\/\"},{\"@type\":\"ListItem\",\"position\":5,\"name\":\"Bodenblech und Innenschweller\",\"item\":\"https:\\\/\\\/staging.passione500.it\\\/de\\\/fiat-500-de\\\/fiat-500-d-de\\\/blechteile-d-de\\\/bodenblech-und-innenschweller-blechteile-d-de\\\/\"},{\"@type\":\"ListItem\",\"position\":6,\"name\":\"Wagenheber Gr\u00fcn Fiat 500 D &#8211; F (bis zu 1966) &#8211; Giardiniera (bis zu 1966)\"}]},{\"@type\":\"WebSite\",\"@id\":\"https:\\\/\\\/staging.passione500.it\\\/de\\\/#website\",\"url\":\"https:\\\/\\\/staging.passione500.it\\\/de\\\/\",\"name\":\"Passione 500\",\"description\":\"Ricambi Fiat 500 d&#039;Epoca\",\"publisher\":{\"@id\":\"https:\\\/\\\/staging.passione500.it\\\/de\\\/#organization\"},\"potentialAction\":[{\"@type\":\"SearchAction\",\"target\":{\"@type\":\"EntryPoint\",\"urlTemplate\":\"https:\\\/\\\/staging.passione500.it\\\/de\\\/?s={search_term_string}\"},\"query-input\":{\"@type\":\"PropertyValueSpecification\",\"valueRequired\":true,\"valueName\":\"search_term_string\"}}],\"inLanguage\":\"de\"},{\"@type\":\"Organization\",\"@id\":\"https:\\\/\\\/staging.passione500.it\\\/de\\\/#organization\",\"name\":\"Passione 500\",\"url\":\"https:\\\/\\\/staging.passione500.it\\\/de\\\/\",\"logo\":{\"@type\":\"ImageObject\",\"inLanguage\":\"de\",\"@id\":\"https:\\\/\\\/staging.passione500.it\\\/de\\\/#\\\/schema\\\/logo\\\/image\\\/\",\"url\":\"https:\\\/\\\/staging.passione500.it\\\/wp-content\\\/uploads\\\/2025\\\/12\\\/PASSIONE-LOGO-APPROVATO.png\",\"contentUrl\":\"https:\\\/\\\/staging.passione500.it\\\/wp-content\\\/uploads\\\/2025\\\/12\\\/PASSIONE-LOGO-APPROVATO.png\",\"width\":348,\"height\":125,\"caption\":\"Passione 500\"},\"image\":{\"@id\":\"https:\\\/\\\/staging.passione500.it\\\/de\\\/#\\\/schema\\\/logo\\\/image\\\/\"}}]}<\/script>\n<!-- \/ Yoast SEO plugin. -->","yoast_head_json":{"title":"Wagenheber Fiat 500 | Passione 500","description":"Finden Sie die Wagenheber f\u00fcr Fiat 500 auf unserer Website. \u00dcber 3.000 Ersatzteile auf Lager.PROFITIEREN SIE VON UNSEREN ANGEBOTEN ! %","robots":{"index":"noindex","follow":"follow","max-snippet":"max-snippet:-1","max-image-preview":"max-image-preview:large","max-video-preview":"max-video-preview:-1"},"og_locale":"de_DE","og_type":"article","og_title":"Wagenheber Fiat 500 | Passione 500","og_description":"Finden Sie die Wagenheber f\u00fcr Fiat 500 auf unserer Website. \u00dcber 3.000 Ersatzteile auf Lager.PROFITIEREN SIE VON UNSEREN ANGEBOTEN ! %","og_url":"https:\/\/staging.passione500.it\/de\/fiat-500-de\/fiat-500-d-de\/blechteile-d-de\/bodenblech-und-innenschweller-blechteile-d-de\/wagenheber-grun-fiat-500-d-f-bis-zu-1966-giardiniera-bis-zu-1966\/","og_site_name":"Passione 500","article_modified_time":"2023-11-23T16:12:38+00:00","og_image":[{"width":2048,"height":1536,"url":"https:\/\/passione500.it\/wp-content\/uploads\/2023\/11\/IMG_8951.jpg","type":"image\/jpeg"}],"twitter_card":"summary_large_image","twitter_misc":{"Gesch\u00e4tzte Lesezeit":"1\u00a0Minute"},"schema":{"@context":"https:\/\/schema.org","@graph":[{"@type":"WebPage","@id":"https:\/\/staging.passione500.it\/de\/fiat-500-de\/fiat-500-d-de\/blechteile-d-de\/bodenblech-und-innenschweller-blechteile-d-de\/wagenheber-grun-fiat-500-d-f-bis-zu-1966-giardiniera-bis-zu-1966\/","url":"https:\/\/staging.passione500.it\/de\/fiat-500-de\/fiat-500-d-de\/blechteile-d-de\/bodenblech-und-innenschweller-blechteile-d-de\/wagenheber-grun-fiat-500-d-f-bis-zu-1966-giardiniera-bis-zu-1966\/","name":"Wagenheber Fiat 500 | Passione 500","isPartOf":{"@id":"https:\/\/staging.passione500.it\/de\/#website"},"primaryImageOfPage":{"@id":"https:\/\/staging.passione500.it\/de\/fiat-500-de\/fiat-500-d-de\/blechteile-d-de\/bodenblech-und-innenschweller-blechteile-d-de\/wagenheber-grun-fiat-500-d-f-bis-zu-1966-giardiniera-bis-zu-1966\/#primaryimage"},"image":{"@id":"https:\/\/staging.passione500.it\/de\/fiat-500-de\/fiat-500-d-de\/blechteile-d-de\/bodenblech-und-innenschweller-blechteile-d-de\/wagenheber-grun-fiat-500-d-f-bis-zu-1966-giardiniera-bis-zu-1966\/#primaryimage"},"thumbnailUrl":"https:\/\/staging.passione500.it\/wp-content\/uploads\/2023\/11\/IMG_8951.jpg","datePublished":"2023-11-23T13:27:59+00:00","dateModified":"2023-11-23T16:12:38+00:00","description":"Finden Sie die Wagenheber f\u00fcr Fiat 500 auf unserer Website. \u00dcber 3.000 Ersatzteile auf Lager.PROFITIEREN SIE VON UNSEREN ANGEBOTEN ! %","breadcrumb":{"@id":"https:\/\/staging.passione500.it\/de\/fiat-500-de\/fiat-500-d-de\/blechteile-d-de\/bodenblech-und-innenschweller-blechteile-d-de\/wagenheber-grun-fiat-500-d-f-bis-zu-1966-giardiniera-bis-zu-1966\/#breadcrumb"},"inLanguage":"de","potentialAction":[{"@type":"ReadAction","target":["https:\/\/staging.passione500.it\/de\/fiat-500-de\/fiat-500-d-de\/blechteile-d-de\/bodenblech-und-innenschweller-blechteile-d-de\/wagenheber-grun-fiat-500-d-f-bis-zu-1966-giardiniera-bis-zu-1966\/"]}]},{"@type":"ImageObject","inLanguage":"de","@id":"https:\/\/staging.passione500.it\/de\/fiat-500-de\/fiat-500-d-de\/blechteile-d-de\/bodenblech-und-innenschweller-blechteile-d-de\/wagenheber-grun-fiat-500-d-f-bis-zu-1966-giardiniera-bis-zu-1966\/#primaryimage","url":"https:\/\/staging.passione500.it\/wp-content\/uploads\/2023\/11\/IMG_8951.jpg","contentUrl":"https:\/\/staging.passione500.it\/wp-content\/uploads\/2023\/11\/IMG_8951.jpg","width":2048,"height":1536,"caption":"crick sollevatore verde Fiat 500"},{"@type":"BreadcrumbList","@id":"https:\/\/staging.passione500.it\/de\/fiat-500-de\/fiat-500-d-de\/blechteile-d-de\/bodenblech-und-innenschweller-blechteile-d-de\/wagenheber-grun-fiat-500-d-f-bis-zu-1966-giardiniera-bis-zu-1966\/#breadcrumb","itemListElement":[{"@type":"ListItem","position":1,"name":"Home","item":"https:\/\/passione500.it\/de\/"},{"@type":"ListItem","position":2,"name":"Fiat 500","item":"https:\/\/staging.passione500.it\/de\/fiat-500-de\/"},{"@type":"ListItem","position":3,"name":"Fiat 500 D","item":"https:\/\/staging.passione500.it\/de\/fiat-500-de\/fiat-500-d-de\/"},{"@type":"ListItem","position":4,"name":"Blechteile","item":"https:\/\/staging.passione500.it\/de\/fiat-500-de\/fiat-500-d-de\/blechteile-d-de\/"},{"@type":"ListItem","position":5,"name":"Bodenblech und Innenschweller","item":"https:\/\/staging.passione500.it\/de\/fiat-500-de\/fiat-500-d-de\/blechteile-d-de\/bodenblech-und-innenschweller-blechteile-d-de\/"},{"@type":"ListItem","position":6,"name":"Wagenheber Gr\u00fcn Fiat 500 D &#8211; F (bis zu 1966) &#8211; Giardiniera (bis zu 1966)"}]},{"@type":"WebSite","@id":"https:\/\/staging.passione500.it\/de\/#website","url":"https:\/\/staging.passione500.it\/de\/","name":"Passione 500","description":"Ricambi Fiat 500 d&#039;Epoca","publisher":{"@id":"https:\/\/staging.passione500.it\/de\/#organization"},"potentialAction":[{"@type":"SearchAction","target":{"@type":"EntryPoint","urlTemplate":"https:\/\/staging.passione500.it\/de\/?s={search_term_string}"},"query-input":{"@type":"PropertyValueSpecification","valueRequired":true,"valueName":"search_term_string"}}],"inLanguage":"de"},{"@type":"Organization","@id":"https:\/\/staging.passione500.it\/de\/#organization","name":"Passione 500","url":"https:\/\/staging.passione500.it\/de\/","logo":{"@type":"ImageObject","inLanguage":"de","@id":"https:\/\/staging.passione500.it\/de\/#\/schema\/logo\/image\/","url":"https:\/\/staging.passione500.it\/wp-content\/uploads\/2025\/12\/PASSIONE-LOGO-APPROVATO.png","contentUrl":"https:\/\/staging.passione500.it\/wp-content\/uploads\/2025\/12\/PASSIONE-LOGO-APPROVATO.png","width":348,"height":125,"caption":"Passione 500"},"image":{"@id":"https:\/\/staging.passione500.it\/de\/#\/schema\/logo\/image\/"}}]}},"_links":{"self":[{"href":"https:\/\/staging.passione500.it\/de\/wp-json\/wp\/v2\/product\/10022","targetHints":{"allow":["GET"]}}],"collection":[{"href":"https:\/\/staging.passione500.it\/de\/wp-json\/wp\/v2\/product"}],"about":[{"href":"https:\/\/staging.passione500.it\/de\/wp-json\/wp\/v2\/types\/product"}],"wp:featuredmedia":[{"embeddable":true,"href":"https:\/\/staging.passione500.it\/de\/wp-json\/wp\/v2\/media\/10028"}],"wp:attachment":[{"href":"https:\/\/staging.passione500.it\/de\/wp-json\/wp\/v2\/media?parent=10022"}],"wp:term":[{"taxonomy":"product_brand","embeddable":true,"href":"https:\/\/staging.passione500.it\/de\/wp-json\/wp\/v2\/product_brand?post=10022"},{"taxonomy":"product_cat","embeddable":true,"href":"https:\/\/staging.passione500.it\/de\/wp-json\/wp\/v2\/product_cat?post=10022"},{"taxonomy":"product_tag","embeddable":true,"href":"https:\/\/staging.passione500.it\/de\/wp-json\/wp\/v2\/product_tag?post=10022"}],"curies":[{"name":"wp","href":"https:\/\/api.w.org\/{rel}","templated":true}]}}