{"id":45135,"date":"2025-10-13T09:06:34","date_gmt":"2025-10-13T07:06:34","guid":{"rendered":"https:\/\/staging.passione500.it\/rueckgaben-und-rueckerstattungen\/"},"modified":"2025-11-20T11:03:08","modified_gmt":"2025-11-20T10:03:08","slug":"rueckgaben-und-rueckerstattungen","status":"publish","type":"page","link":"https:\/\/staging.passione500.it\/de\/rueckgaben-und-rueckerstattungen\/","title":{"rendered":"R\u00fcckgaben und R\u00fcckerstattungen"},"content":{"rendered":"<h2>1. Widerrufsrecht<\/h2>\n<p>Gem\u00e4\u00df dem Verbraucherschutzgesetz (Gesetzesdekret 206\/2005) hat der Kunde \u2013 sowohl Verbraucher als auch Gewerbetreibender \u2013 das Recht, innerhalb von <strong>14 Tagen<\/strong> nach Erhalt der Produkte ohne Angabe von Gr\u00fcnden vom Vertrag zur\u00fcckzutreten.<\/p>\n<p>Die Produktpreise sind in Euro angegeben und enthalten die im Bestimmungsland der Bestellung geltende Mehrwertsteuer.<\/p>\n<p>Um sein Widerrufsrecht auszu\u00fcben, muss der Kunde eine schriftliche Mitteilung an <strong>RAL 3 S.r.l.<\/strong> an die E-Mail-Adresse <a href=\"mailto:info@passione500.it\">info@passione500.it<\/a> oder \u00fcber die Seite seines Kontos senden.<\/p>\n<p>Nach der Mitteilung und der eventuellen Genehmigung erh\u00e4lt der Kunde eine R\u00fccksendegenehmigung (<strong>RMA \u2013 Return Merchandise Authorization<\/strong>) mit genauen Anweisungen f\u00fcr die R\u00fccksendung.<\/p>\n<p><strong>Achtung:<\/strong><\/p>\n<ul>\n<li>Pakete, die ohne vorherige RMA-Genehmigung versandt werden, werden nicht angenommen.<\/li>\n<li>Im Falle einer nicht autorisierten Sendung beh\u00e4lt sich RAL 3 S.r.l. das Recht vor, das Paket abzulehnen.<\/li>\n<\/ul>\n<hr>\n<h2>2. Bedingungen f\u00fcr R\u00fccksendungen<\/h2>\n<p>Damit die R\u00fccksendung als g\u00fcltig angesehen wird, muss Folgendes gegeben sein:<\/p>\n<ul>\n<li>die Produkte unbesch\u00e4digt, unbenutzt und in der Originalverpackung zur\u00fcckgegeben werden;<\/li>\n<li>der Versand der Waren innerhalb von <strong>14 Tagen nach Mitteilung des Widerrufs erfolgt;<\/strong><\/li>\n<li>das Paket ordnungsgem\u00e4\u00df verpackt ist, um Transportsch\u00e4den zu vermeiden;<\/li>\n<li>Die Sendung ist ausschlie\u00dflich an die von RAL 3 S.r.l. w\u00e4hrend des RMA-Verfahrens mitgeteilte Adresse zu richten.<\/li>\n<\/ul>\n<p><strong>Kontrolle der Ware bei Lieferung<\/strong><br \/>\nBei Lieferung ist der Kunde verpflichtet, die Verpackung zu \u00fcberpr\u00fcfen und den Lieferschein in Papierform zu verlangen, auf dem er seine Unterschrift, seinen Stempel und gegebenenfalls einen begr\u00fcndeten (nicht allgemeinen) Vorbehalt anzubringen hat.<\/p>\n<p>Wenn der Kurier nur \u00fcber ein Handheld-Ger\u00e4t verf\u00fcgt, muss der Kunde die vom Fahrer eingegebene Reservierung fotografieren; ist dies nicht m\u00f6glich, wird empfohlen, das Paket nicht anzunehmen.<\/p>\n<p><strong>Wenn die Verpackung Anomalien aufweist:<\/strong><\/p>\n<ul>\n<li>eine spezifische und begr\u00fcndete Vorbehaltsanzeige wie \u201eKarton besch\u00e4digt\u201c, \u201eVerpackung besch\u00e4digt\u201c oder \u00e4hnliches auf dem Lieferschein (nicht auf dem Handheld) vermerken;<\/li>\n<li>die M\u00e4ngel der Verpackung fotografieren.<\/li>\n<\/ul>\n<p><strong>Wenn die Verpackung unbesch\u00e4digt ist, aber Zweifel an der Unversehrtheit des Inhalts bestehen:<\/strong><\/p>\n<ul>\n<li>mit Vorbehalt unterzeichnen und die Zweifel begr\u00fcnden.<\/li>\n<\/ul>\n<p>Der Vorbehalt muss in Anwesenheit des Kuriers angebracht werden. Ohne begr\u00fcndeten Vorbehalt k\u00f6nnen wir im Falle einer Besch\u00e4digung der Artikel nicht eingreifen. <\/p>\n<p>RAL 3 S.r.l. haftet nicht f\u00fcr Sch\u00e4den, die durch ungeeignete Verpackungen verursacht werden, und beh\u00e4lt sich das Recht vor, R\u00fccksendungen, die nicht diesen Bedingungen entsprechen, abzulehnen.<\/p>\n<hr>\n<h2>3. Ausschl\u00fcsse vom Widerrufsrecht<\/h2>\n<p>Das Widerrufsrecht gilt nicht in folgenden F\u00e4llen: <\/p>\n<ul>\n<li>personalisierte oder ma\u00dfgeschneiderte Produkte;<\/li>\n<li>versiegelte Waren, die aus hygienischen oder gesundheitlichen Gr\u00fcnden nicht zur\u00fcckgegeben werden k\u00f6nnen, wenn sie nach der Lieferung ge\u00f6ffnet wurden;<\/li>\n<li>bereits installierte oder angeschlossene elektrische oder elektronische Ersatzteile;<\/li>\n<li>Zubeh\u00f6rteile, die nach Gebrauch nicht wiederverwendet werden k\u00f6nnen;<\/li>\n<li>verderbliche Waren.<\/li>\n<\/ul>\n<p>F\u00fcr Produkte, die im Rahmen einer Sonderaktion oder im Schlussverkauf erworben wurden, gelten dieselben R\u00fcckgabebedingungen.<\/p>\n<hr>\n<h2>4. Versandkosten f\u00fcr die R\u00fccksendung<\/h2>\n<ul>\n<li>Die Versandkosten f\u00fcr die R\u00fccksendung gehen zu Lasten des Kunden.<\/li>\n<li>Der Kunde ist f\u00fcr den Versand bis zur Lieferung an die in der RMA angegebene Adresse verantwortlich.<\/li>\n<li>Pakete, die per Nachnahme oder ohne Vorauszahlung versandt werden, werden nicht angenommen.<\/li>\n<\/ul>\n<p><strong>Waren- und Transportschadenversicherung:<\/strong><br \/>\nWenn der Kunde beim Kauf keine optionale Warenversicherung abgeschlossen hat, stellen eventuelle Transportsch\u00e4den keinen g\u00fcltigen Grund f\u00fcr eine R\u00fccksendung, Reklamation oder kostenlosen Ersatz dar, sofern der beauftragte Kurierdienst nichts anderes entscheidet.<\/p>\n<hr>\n<h2>5. \u00dcberpr\u00fcfung der zur\u00fcckgesandten Produkte<\/h2>\n<p>Die zur\u00fcckgesandten Produkte werden von RAL 3 S.r.l. innerhalb von <strong>3-5 Werktagen nach Erhalt gepr\u00fcft<\/strong>.<\/p>\n<p>Sollte das Produkt gebraucht oder manipuliert sein oder einen Wertverlust aufgrund unn\u00f6tiger Manipulationen aufweisen, die nicht zur \u00dcberpr\u00fcfung der Beschaffenheit oder Funktionsweise erforderlich waren, kann RAL 3 S.r.l. einen proportionalen Teil des zu erstattenden Betrags einbehalten.<\/p>\n<hr>\n<h2>6. R\u00fcckerstattungen<\/h2>\n<p>Nach \u00dcberpr\u00fcfung der R\u00fccksendung wird RAL 3 S.r.l. die R\u00fcckerstattung innerhalb von maximal <strong>14 Tagen nach Mitteilung des Widerrufs vornehmen.<\/strong><\/p>\n<p>Die R\u00fcckerstattung umfasst:<\/p>\n<ul>\n<li>der f\u00fcr die Produkte gezahlte Preis;<\/li>\n<li>die urspr\u00fcnglichen Versandkosten;<\/li>\n<\/ul>\n<p><strong>Nicht erstattungsf\u00e4hig sind:<\/strong><\/p>\n<ul>\n<li>vom Kunden zus\u00e4tzlich erworbene Leistungen (z. B. Transportversicherung);<\/li>\n<li>zus\u00e4tzliche Kosten, die durch andere Versandmethoden als die g\u00fcnstigste Standardversandart entstehen.<\/li>\n<\/ul>\n<p>Die R\u00fcckerstattung erfolgt \u00fcber dieselbe Zahlungsmethode, die der Kunde verwendet hat, sofern nichts anderes vereinbart wurde.<\/p>\n<hr>\n<h2>7. R\u00fccksendungen wegen fehlerhafter oder nicht konformer Produkte<\/h2>\n<p>Bei besch\u00e4digten, fehlerhaften oder nicht der Bestellung entsprechenden Produkten muss der Kunde unverz\u00fcglich eine Mitteilung an <a href=\"mailto:info@passione500.it\">info@passione500.it<\/a> senden und Fotos sowie eine detaillierte Beschreibung des Mangels beif\u00fcgen.<\/p>\n<p>Der Kunde kann Folgendes beantragen:<\/p>\n<ul>\n<li>den kostenlosen Austausch des Produkts; oder<\/li>\n<li>die vollst\u00e4ndige R\u00fcckerstattung, einschlie\u00dflich der Versandkosten f\u00fcr die R\u00fccksendung.<\/li>\n<\/ul>\n<hr>\n<h2>8. Kompatibilit\u00e4t von Ersatzteilen und R\u00fccksendungen<\/h2>\n<p>Die im Produkttitel oder im Abschnitt \u201eKompatible Modelle\u201c angegebene Kompatibilit\u00e4t basiert ausschlie\u00dflich auf den Original-Ersatzteilkatalogen von Fiat.<\/p>\n<p>Der Verk\u00e4ufer haftet nicht f\u00fcr R\u00fccksendungen aufgrund von Inkompatibilit\u00e4ten, die durch nicht originale \u00c4nderungen am Fahrzeug, Anpassungen, Individualisierungen oder Zust\u00e4nde verursacht wurden, die nicht den vom Hersteller angegebenen Standardmodellen entsprechen.<\/p>\n<p>Diese Anfragen werden wie normale R\u00fccksendungen aufgrund von Widerruf behandelt.<\/p>\n<hr>\n<h2>9. ADR\/ODR \u2013 Streitbeilegung<\/h2>\n<p>Zur Beilegung von Streitigkeiten kann der Kunde die europ\u00e4ische ODR-Plattform (Online Dispute Resolution) nutzen, die unter folgender Adresse verf\u00fcgbar ist:<\/p>\n<p><a href=\"https:\/\/ec.europa.eu\/consumers\/odr\" target=\"_blank\" rel=\"noopener\">https:\/\/ec.europa.eu\/consumers\/odr<\/a><\/p>\n","protected":false},"excerpt":{"rendered":"<p>1. Widerrufsrecht Gem\u00e4\u00df dem Verbraucherschutzgesetz (Gesetzesdekret 206\/2005) hat der Kunde \u2013 sowohl Verbraucher als auch Gewerbetreibender \u2013 das Recht, innerhalb von 14 Tagen nach Erhalt der Produkte ohne Angabe von Gr\u00fcnden vom Vertrag zur\u00fcckzutreten. Die Produktpreise sind in Euro angegeben und enthalten die im Bestimmungsland der Bestellung geltende Mehrwertsteuer. Um sein Widerrufsrecht auszu\u00fcben, muss der [&hellip;]<\/p>\n","protected":false},"author":1,"featured_media":0,"parent":0,"menu_order":0,"comment_status":"closed","ping_status":"closed","template":"","meta":{"_et_pb_use_builder":"","_et_pb_old_content":"","_et_gb_content_width":"","footnotes":""},"class_list":["post-45135","page","type-page","status-publish","hentry"],"yoast_head":"<!-- This site is optimized with the Yoast SEO plugin v27.3 - https:\/\/yoast.com\/product\/yoast-seo-wordpress\/ -->\n<title>R\u00fcckgaben und R\u00fcckerstattungen \u2013 R\u00fcckgaberecht f\u00fcr Ersatzteile Fiat 500 | Passione 500<\/title>\n<meta name=\"description\" content=\"R\u00fcckgabe- und R\u00fcckerstattungsrichtlinien Passione 500: R\u00fcckgabe innerhalb von 14 Tagen, \u00dcberpr\u00fcfung des Pakets bei Lieferung und Regeln f\u00fcr kompatible Ersatzteile f\u00fcr Fiat 500 Oldtimer.\" \/>\n<meta name=\"robots\" content=\"noindex, follow, max-snippet:-1, max-image-preview:large, max-video-preview:-1\" \/>\n<meta property=\"og:locale\" content=\"de_DE\" \/>\n<meta property=\"og:type\" content=\"article\" \/>\n<meta property=\"og:title\" content=\"R\u00fcckgaben und R\u00fcckerstattungen \u2013 R\u00fcckgaberecht f\u00fcr Ersatzteile Fiat 500 | Passione 500\" \/>\n<meta property=\"og:description\" content=\"R\u00fcckgabe- und R\u00fcckerstattungsrichtlinien Passione 500: R\u00fcckgabe innerhalb von 14 Tagen, \u00dcberpr\u00fcfung des Pakets bei Lieferung und Regeln f\u00fcr kompatible Ersatzteile f\u00fcr Fiat 500 Oldtimer.\" \/>\n<meta property=\"og:url\" content=\"https:\/\/staging.passione500.it\/de\/rueckgaben-und-rueckerstattungen\/\" \/>\n<meta property=\"og:site_name\" content=\"Passione 500\" \/>\n<meta property=\"article:modified_time\" content=\"2025-11-20T10:03:08+00:00\" \/>\n<meta property=\"og:image\" content=\"https:\/\/staging.passione500.it\/wp-content\/uploads\/2025\/11\/passione500-ricambi-fiat-epoca.jpg\" \/>\n\t<meta property=\"og:image:width\" content=\"2880\" \/>\n\t<meta property=\"og:image:height\" content=\"1620\" \/>\n\t<meta property=\"og:image:type\" content=\"image\/jpeg\" \/>\n<meta name=\"twitter:card\" content=\"summary_large_image\" \/>\n<meta name=\"twitter:label1\" content=\"Gesch\u00e4tzte Lesezeit\" \/>\n\t<meta name=\"twitter:data1\" content=\"4\u00a0Minuten\" \/>\n<script type=\"application\/ld+json\" class=\"yoast-schema-graph\">{\"@context\":\"https:\\\/\\\/schema.org\",\"@graph\":[{\"@type\":\"WebPage\",\"@id\":\"https:\\\/\\\/staging.passione500.it\\\/de\\\/rueckgaben-und-rueckerstattungen\\\/\",\"url\":\"https:\\\/\\\/staging.passione500.it\\\/de\\\/rueckgaben-und-rueckerstattungen\\\/\",\"name\":\"R\u00fcckgaben und R\u00fcckerstattungen \u2013 R\u00fcckgaberecht f\u00fcr Ersatzteile Fiat 500 | Passione 500\",\"isPartOf\":{\"@id\":\"https:\\\/\\\/staging.passione500.it\\\/de\\\/#website\"},\"datePublished\":\"2025-10-13T07:06:34+00:00\",\"dateModified\":\"2025-11-20T10:03:08+00:00\",\"description\":\"R\u00fcckgabe- und R\u00fcckerstattungsrichtlinien Passione 500: R\u00fcckgabe innerhalb von 14 Tagen, \u00dcberpr\u00fcfung des Pakets bei Lieferung und Regeln f\u00fcr kompatible Ersatzteile f\u00fcr Fiat 500 Oldtimer.\",\"breadcrumb\":{\"@id\":\"https:\\\/\\\/staging.passione500.it\\\/de\\\/rueckgaben-und-rueckerstattungen\\\/#breadcrumb\"},\"inLanguage\":\"de\",\"potentialAction\":[{\"@type\":\"ReadAction\",\"target\":[\"https:\\\/\\\/staging.passione500.it\\\/de\\\/rueckgaben-und-rueckerstattungen\\\/\"]}]},{\"@type\":\"BreadcrumbList\",\"@id\":\"https:\\\/\\\/staging.passione500.it\\\/de\\\/rueckgaben-und-rueckerstattungen\\\/#breadcrumb\",\"itemListElement\":[{\"@type\":\"ListItem\",\"position\":1,\"name\":\"Home\",\"item\":\"https:\\\/\\\/passione500.it\\\/de\\\/\"},{\"@type\":\"ListItem\",\"position\":2,\"name\":\"R\u00fcckgaben und R\u00fcckerstattungen\"}]},{\"@type\":\"WebSite\",\"@id\":\"https:\\\/\\\/staging.passione500.it\\\/de\\\/#website\",\"url\":\"https:\\\/\\\/staging.passione500.it\\\/de\\\/\",\"name\":\"Passione 500\",\"description\":\"Ricambi Fiat 500 d&#039;Epoca\",\"publisher\":{\"@id\":\"https:\\\/\\\/staging.passione500.it\\\/de\\\/#organization\"},\"potentialAction\":[{\"@type\":\"SearchAction\",\"target\":{\"@type\":\"EntryPoint\",\"urlTemplate\":\"https:\\\/\\\/staging.passione500.it\\\/de\\\/?s={search_term_string}\"},\"query-input\":{\"@type\":\"PropertyValueSpecification\",\"valueRequired\":true,\"valueName\":\"search_term_string\"}}],\"inLanguage\":\"de\"},{\"@type\":\"Organization\",\"@id\":\"https:\\\/\\\/staging.passione500.it\\\/de\\\/#organization\",\"name\":\"Passione 500\",\"url\":\"https:\\\/\\\/staging.passione500.it\\\/de\\\/\",\"logo\":{\"@type\":\"ImageObject\",\"inLanguage\":\"de\",\"@id\":\"https:\\\/\\\/staging.passione500.it\\\/de\\\/#\\\/schema\\\/logo\\\/image\\\/\",\"url\":\"https:\\\/\\\/staging.passione500.it\\\/wp-content\\\/uploads\\\/2025\\\/12\\\/PASSIONE-LOGO-APPROVATO.png\",\"contentUrl\":\"https:\\\/\\\/staging.passione500.it\\\/wp-content\\\/uploads\\\/2025\\\/12\\\/PASSIONE-LOGO-APPROVATO.png\",\"width\":348,\"height\":125,\"caption\":\"Passione 500\"},\"image\":{\"@id\":\"https:\\\/\\\/staging.passione500.it\\\/de\\\/#\\\/schema\\\/logo\\\/image\\\/\"}}]}<\/script>\n<!-- \/ Yoast SEO plugin. -->","yoast_head_json":{"title":"R\u00fcckgaben und R\u00fcckerstattungen \u2013 R\u00fcckgaberecht f\u00fcr Ersatzteile Fiat 500 | Passione 500","description":"R\u00fcckgabe- und R\u00fcckerstattungsrichtlinien Passione 500: R\u00fcckgabe innerhalb von 14 Tagen, \u00dcberpr\u00fcfung des Pakets bei Lieferung und Regeln f\u00fcr kompatible Ersatzteile f\u00fcr Fiat 500 Oldtimer.","robots":{"index":"noindex","follow":"follow","max-snippet":"max-snippet:-1","max-image-preview":"max-image-preview:large","max-video-preview":"max-video-preview:-1"},"og_locale":"de_DE","og_type":"article","og_title":"R\u00fcckgaben und R\u00fcckerstattungen \u2013 R\u00fcckgaberecht f\u00fcr Ersatzteile Fiat 500 | Passione 500","og_description":"R\u00fcckgabe- und R\u00fcckerstattungsrichtlinien Passione 500: R\u00fcckgabe innerhalb von 14 Tagen, \u00dcberpr\u00fcfung des Pakets bei Lieferung und Regeln f\u00fcr kompatible Ersatzteile f\u00fcr Fiat 500 Oldtimer.","og_url":"https:\/\/staging.passione500.it\/de\/rueckgaben-und-rueckerstattungen\/","og_site_name":"Passione 500","article_modified_time":"2025-11-20T10:03:08+00:00","og_image":[{"width":2880,"height":1620,"url":"https:\/\/staging.passione500.it\/wp-content\/uploads\/2025\/11\/passione500-ricambi-fiat-epoca.jpg","type":"image\/jpeg"}],"twitter_card":"summary_large_image","twitter_misc":{"Gesch\u00e4tzte Lesezeit":"4\u00a0Minuten"},"schema":{"@context":"https:\/\/schema.org","@graph":[{"@type":"WebPage","@id":"https:\/\/staging.passione500.it\/de\/rueckgaben-und-rueckerstattungen\/","url":"https:\/\/staging.passione500.it\/de\/rueckgaben-und-rueckerstattungen\/","name":"R\u00fcckgaben und R\u00fcckerstattungen \u2013 R\u00fcckgaberecht f\u00fcr Ersatzteile Fiat 500 | Passione 500","isPartOf":{"@id":"https:\/\/staging.passione500.it\/de\/#website"},"datePublished":"2025-10-13T07:06:34+00:00","dateModified":"2025-11-20T10:03:08+00:00","description":"R\u00fcckgabe- und R\u00fcckerstattungsrichtlinien Passione 500: R\u00fcckgabe innerhalb von 14 Tagen, \u00dcberpr\u00fcfung des Pakets bei Lieferung und Regeln f\u00fcr kompatible Ersatzteile f\u00fcr Fiat 500 Oldtimer.","breadcrumb":{"@id":"https:\/\/staging.passione500.it\/de\/rueckgaben-und-rueckerstattungen\/#breadcrumb"},"inLanguage":"de","potentialAction":[{"@type":"ReadAction","target":["https:\/\/staging.passione500.it\/de\/rueckgaben-und-rueckerstattungen\/"]}]},{"@type":"BreadcrumbList","@id":"https:\/\/staging.passione500.it\/de\/rueckgaben-und-rueckerstattungen\/#breadcrumb","itemListElement":[{"@type":"ListItem","position":1,"name":"Home","item":"https:\/\/passione500.it\/de\/"},{"@type":"ListItem","position":2,"name":"R\u00fcckgaben und R\u00fcckerstattungen"}]},{"@type":"WebSite","@id":"https:\/\/staging.passione500.it\/de\/#website","url":"https:\/\/staging.passione500.it\/de\/","name":"Passione 500","description":"Ricambi Fiat 500 d&#039;Epoca","publisher":{"@id":"https:\/\/staging.passione500.it\/de\/#organization"},"potentialAction":[{"@type":"SearchAction","target":{"@type":"EntryPoint","urlTemplate":"https:\/\/staging.passione500.it\/de\/?s={search_term_string}"},"query-input":{"@type":"PropertyValueSpecification","valueRequired":true,"valueName":"search_term_string"}}],"inLanguage":"de"},{"@type":"Organization","@id":"https:\/\/staging.passione500.it\/de\/#organization","name":"Passione 500","url":"https:\/\/staging.passione500.it\/de\/","logo":{"@type":"ImageObject","inLanguage":"de","@id":"https:\/\/staging.passione500.it\/de\/#\/schema\/logo\/image\/","url":"https:\/\/staging.passione500.it\/wp-content\/uploads\/2025\/12\/PASSIONE-LOGO-APPROVATO.png","contentUrl":"https:\/\/staging.passione500.it\/wp-content\/uploads\/2025\/12\/PASSIONE-LOGO-APPROVATO.png","width":348,"height":125,"caption":"Passione 500"},"image":{"@id":"https:\/\/staging.passione500.it\/de\/#\/schema\/logo\/image\/"}}]}},"_links":{"self":[{"href":"https:\/\/staging.passione500.it\/de\/wp-json\/wp\/v2\/pages\/45135","targetHints":{"allow":["GET"]}}],"collection":[{"href":"https:\/\/staging.passione500.it\/de\/wp-json\/wp\/v2\/pages"}],"about":[{"href":"https:\/\/staging.passione500.it\/de\/wp-json\/wp\/v2\/types\/page"}],"author":[{"embeddable":true,"href":"https:\/\/staging.passione500.it\/de\/wp-json\/wp\/v2\/users\/1"}],"replies":[{"embeddable":true,"href":"https:\/\/staging.passione500.it\/de\/wp-json\/wp\/v2\/comments?post=45135"}],"version-history":[{"count":0,"href":"https:\/\/staging.passione500.it\/de\/wp-json\/wp\/v2\/pages\/45135\/revisions"}],"wp:attachment":[{"href":"https:\/\/staging.passione500.it\/de\/wp-json\/wp\/v2\/media?parent=45135"}],"curies":[{"name":"wp","href":"https:\/\/api.w.org\/{rel}","templated":true}]}}